{"id":25944,"date":"2024-09-10T09:58:16","date_gmt":"2024-09-10T07:58:16","guid":{"rendered":"https:\/\/pohjanmaantehtaanmyymala.fi\/?post_type=product&#038;p=25944"},"modified":"2024-09-10T12:04:35","modified_gmt":"2024-09-10T10:04:35","slug":"fondi-sohvapoyta","status":"publish","type":"product","link":"https:\/\/pohjanmaantehtaanmyymala.fi\/en\/tuote\/fondi-sohvapoyta\/","title":{"rendered":"Fondi sohvap\u00f6yt\u00e4 100&#215;60 cm"},"content":{"rendered":"<p>Fondi-sohvap\u00f6yt\u00e4 tarjoaa pelkistetyn muotoilun ilman ylim\u00e4\u00e4r\u00e4isi\u00e4 yksityiskohtia. Tyylilt\u00e4\u00e4n sohvap\u00f6yt\u00e4 on suoraviivainen ja ajaton. Fondi-tuoteperheest\u00e4 l\u00f6ytyy monipuolisesti muita huonekaluja, joten voit luoda n\u00e4ytt\u00e4v\u00e4n kokonaisuuden eri tiloihin kotona. Fondi-sohvap\u00f6yd\u00e4non saatavana kokonaan valkoisena tai valkoisella rungolla ja eriv\u00e4risell\u00e4 kannella. Fondi-sohvap\u00f6yt\u00e4 on kotimainen sek\u00e4 laadukas lis\u00e4 olohuoneeseesi. Valitse vain haluamasi v\u00e4ri!<\/p>\n<p><strong>Tuotetiedot:<\/strong><\/p>\n<p>Rungon v\u00e4ri: valkoinen.<br \/>\nKannen voi valita useilla v\u00e4rivaihtoehdoilla. Vaihtoehdot kuvissa.<br \/>\nKansi: kalustelevy\u00e4.<br \/>\nToimitetaan kasaamattomana.<br \/>\nKotimainen vaihtoehto.<br \/>\nMitat: Pituus 100cm, leveys 60cm, korkeus 45cm.<\/p>\n","protected":false},"excerpt":{"rendered":"<p>Suoraviivainen ja n\u00e4ytt\u00e4v\u00e4 sohvap\u00f6yt\u00e4. Valitse mieluinen v\u00e4ri!<\/p>\n","protected":false},"featured_media":25955,"comment_status":"closed","ping_status":"closed","template":"","meta":{"_acf_changed":false,"jetpack_post_was_ever_published":false,"jetpack_publicize_message":"","jetpack_publicize_feature_enabled":true,"jetpack_social_post_already_shared":true,"jetpack_social_options":{"image_generator_settings":{"template":"highway","default_image_id":0,"font":"","enabled":false},"version":2}},"product_brand":[183],"product_cat":[199],"product_tag":[],"class_list":{"0":"post-25944","1":"product","2":"type-product","3":"status-publish","4":"has-post-thumbnail","6":"product_brand-ojala","7":"product_cat-sohva-ja-sivupoydat","8":"pa_vari-betoni","9":"pa_vari-musta","10":"pa_vari-saarni","11":"pa_vari-tammi","12":"pa_vari-tummanharmaa","13":"pa_vari-valkoinen","15":"first","16":"instock","17":"sale","18":"shipping-taxable","19":"purchasable","20":"product-type-variable","21":"has-default-attributes"},"acf":[],"jetpack_publicize_connections":[],"jetpack_sharing_enabled":true,"jetpack-related-posts":[{"id":25983,"url":"https:\/\/pohjanmaantehtaanmyymala.fi\/en\/tuote\/line-sohvapoyta-nro-19-valkoinen-kansi\/","url_meta":{"origin":25944,"position":0},"title":"Line-sohvap\u00f6yt\u00e4 Nro 19 Valkoinen kansi","author":"Miro Nevala","date":"November 18, 2024","format":false,"excerpt":"Suomessa valmistettu, monipuolisilla v\u00e4rivaihtoehdoilla saatava sohvap\u00f6yt\u00e4!","rel":"","context":"Similar post","block_context":{"text":"Similar post","link":""},"img":{"alt_text":"Line sohvap\u00f6yt\u00e4 valkoinen kansi valkoinen jalka","src":"https:\/\/i0.wp.com\/pohjanmaantehtaanmyymala.fi\/wp-content\/uploads\/2024\/02\/Line_sohvapoyta_valk_valk_189.jpg?fit=960%2C960&ssl=1&resize=350%2C200","width":350,"height":200,"srcset":"https:\/\/i0.wp.com\/pohjanmaantehtaanmyymala.fi\/wp-content\/uploads\/2024\/02\/Line_sohvapoyta_valk_valk_189.jpg?fit=960%2C960&ssl=1&resize=350%2C200 1x, https:\/\/i0.wp.com\/pohjanmaantehtaanmyymala.fi\/wp-content\/uploads\/2024\/02\/Line_sohvapoyta_valk_valk_189.jpg?fit=960%2C960&ssl=1&resize=525%2C300 1.5x, https:\/\/i0.wp.com\/pohjanmaantehtaanmyymala.fi\/wp-content\/uploads\/2024\/02\/Line_sohvapoyta_valk_valk_189.jpg?fit=960%2C960&ssl=1&resize=700%2C400 2x"},"classes":[]},{"id":26028,"url":"https:\/\/pohjanmaantehtaanmyymala.fi\/en\/tuote\/line-sohvapoyta-nro-19-musta-kansi\/","url_meta":{"origin":25944,"position":1},"title":"Line-sohvap\u00f6yt\u00e4 Nro 19 Musta kansi","author":"Miro Nevala","date":"February 22, 2024","format":false,"excerpt":"Suomessa valmistettu, monipuolisilla v\u00e4rivaihtoehdoilla saatava sohvap\u00f6yt\u00e4!","rel":"","context":"Similar post","block_context":{"text":"Similar post","link":""},"img":{"alt_text":"Line sohvap\u00f6yt\u00e4 musta kansi valkoiset jalat","src":"https:\/\/i0.wp.com\/pohjanmaantehtaanmyymala.fi\/wp-content\/uploads\/2024\/02\/Line_sohvapoyta_musta_valk_170.jpg?fit=960%2C960&ssl=1&resize=350%2C200","width":350,"height":200,"srcset":"https:\/\/i0.wp.com\/pohjanmaantehtaanmyymala.fi\/wp-content\/uploads\/2024\/02\/Line_sohvapoyta_musta_valk_170.jpg?fit=960%2C960&ssl=1&resize=350%2C200 1x, https:\/\/i0.wp.com\/pohjanmaantehtaanmyymala.fi\/wp-content\/uploads\/2024\/02\/Line_sohvapoyta_musta_valk_170.jpg?fit=960%2C960&ssl=1&resize=525%2C300 1.5x, https:\/\/i0.wp.com\/pohjanmaantehtaanmyymala.fi\/wp-content\/uploads\/2024\/02\/Line_sohvapoyta_musta_valk_170.jpg?fit=960%2C960&ssl=1&resize=700%2C400 2x"},"classes":[]},{"id":26037,"url":"https:\/\/pohjanmaantehtaanmyymala.fi\/en\/tuote\/line-sohvapoyta-nro-19-tammi-kansi\/","url_meta":{"origin":25944,"position":2},"title":"Line-sohvap\u00f6yt\u00e4 Nro 19 Tammi kansi","author":"Miro Nevala","date":"February 22, 2024","format":false,"excerpt":"Suomessa valmistettu, monipuolisilla v\u00e4rivaihtoehdoilla saatava sohvap\u00f6yt\u00e4!","rel":"","context":"Similar post","block_context":{"text":"Similar post","link":""},"img":{"alt_text":"Line sohvap\u00f6yt\u00e4 kansi tammi jalat valkoiset","src":"https:\/\/i0.wp.com\/pohjanmaantehtaanmyymala.fi\/wp-content\/uploads\/2024\/02\/Line_sohvapoyta_tammi_valk_173.jpg?fit=960%2C960&ssl=1&resize=350%2C200","width":350,"height":200,"srcset":"https:\/\/i0.wp.com\/pohjanmaantehtaanmyymala.fi\/wp-content\/uploads\/2024\/02\/Line_sohvapoyta_tammi_valk_173.jpg?fit=960%2C960&ssl=1&resize=350%2C200 1x, https:\/\/i0.wp.com\/pohjanmaantehtaanmyymala.fi\/wp-content\/uploads\/2024\/02\/Line_sohvapoyta_tammi_valk_173.jpg?fit=960%2C960&ssl=1&resize=525%2C300 1.5x, https:\/\/i0.wp.com\/pohjanmaantehtaanmyymala.fi\/wp-content\/uploads\/2024\/02\/Line_sohvapoyta_tammi_valk_173.jpg?fit=960%2C960&ssl=1&resize=700%2C400 2x"},"classes":[]},{"id":26040,"url":"https:\/\/pohjanmaantehtaanmyymala.fi\/en\/tuote\/line-sohvapoyta-nro-19-antrasiitti-kansi\/","url_meta":{"origin":25944,"position":3},"title":"Line-sohvap\u00f6yt\u00e4 Nro 19 Antrasiitti kansi","author":"Miro Nevala","date":"February 22, 2024","format":false,"excerpt":"Suomessa valmistettu, monipuolisilla v\u00e4rivaihtoehdoilla saatava sohvap\u00f6yt\u00e4!","rel":"","context":"Similar post","block_context":{"text":"Similar post","link":""},"img":{"alt_text":"Line sohvap\u00f6yt\u00e4 kansi antrasiitti jalat valkoiset","src":"https:\/\/i0.wp.com\/pohjanmaantehtaanmyymala.fi\/wp-content\/uploads\/2024\/02\/Line_sohvapoyta_antrazit_valk.jpg?fit=960%2C960&ssl=1&resize=350%2C200","width":350,"height":200,"srcset":"https:\/\/i0.wp.com\/pohjanmaantehtaanmyymala.fi\/wp-content\/uploads\/2024\/02\/Line_sohvapoyta_antrazit_valk.jpg?fit=960%2C960&ssl=1&resize=350%2C200 1x, https:\/\/i0.wp.com\/pohjanmaantehtaanmyymala.fi\/wp-content\/uploads\/2024\/02\/Line_sohvapoyta_antrazit_valk.jpg?fit=960%2C960&ssl=1&resize=525%2C300 1.5x, https:\/\/i0.wp.com\/pohjanmaantehtaanmyymala.fi\/wp-content\/uploads\/2024\/02\/Line_sohvapoyta_antrazit_valk.jpg?fit=960%2C960&ssl=1&resize=700%2C400 2x"},"classes":[]},{"id":26034,"url":"https:\/\/pohjanmaantehtaanmyymala.fi\/en\/tuote\/line-sohvapoyta-nro-19-betoni-kansi\/","url_meta":{"origin":25944,"position":4},"title":"Line-sohvap\u00f6yt\u00e4 Nro 19 Betoni kansi","author":"Miro Nevala","date":"February 22, 2024","format":false,"excerpt":"Suomessa valmistettu, monipuolisilla v\u00e4rivaihtoehdoilla saatava sohvap\u00f6yt\u00e4!","rel":"","context":"Similar post","block_context":{"text":"Similar post","link":""},"img":{"alt_text":"Line sohvap\u00f6yt\u00e4 kansi betoni jalat valkoinen","src":"https:\/\/i0.wp.com\/pohjanmaantehtaanmyymala.fi\/wp-content\/uploads\/2024\/02\/Line_sohvapoyta_betoni_valk_174.jpg?fit=960%2C960&ssl=1&resize=350%2C200","width":350,"height":200,"srcset":"https:\/\/i0.wp.com\/pohjanmaantehtaanmyymala.fi\/wp-content\/uploads\/2024\/02\/Line_sohvapoyta_betoni_valk_174.jpg?fit=960%2C960&ssl=1&resize=350%2C200 1x, https:\/\/i0.wp.com\/pohjanmaantehtaanmyymala.fi\/wp-content\/uploads\/2024\/02\/Line_sohvapoyta_betoni_valk_174.jpg?fit=960%2C960&ssl=1&resize=525%2C300 1.5x, https:\/\/i0.wp.com\/pohjanmaantehtaanmyymala.fi\/wp-content\/uploads\/2024\/02\/Line_sohvapoyta_betoni_valk_174.jpg?fit=960%2C960&ssl=1&resize=700%2C400 2x"},"classes":[]},{"id":26031,"url":"https:\/\/pohjanmaantehtaanmyymala.fi\/en\/tuote\/line-sohvapoyta-nro-19-saarni-kansi\/","url_meta":{"origin":25944,"position":5},"title":"Line-sohvap\u00f6yt\u00e4 Nro 19 Saarni kansi","author":"Miro Nevala","date":"February 22, 2024","format":false,"excerpt":"Suomessa valmistettu, monipuolisilla v\u00e4rivaihtoehdoilla saatava sohvap\u00f6yt\u00e4!","rel":"","context":"Similar post","block_context":{"text":"Similar post","link":""},"img":{"alt_text":"Line sohvap\u00f6yt\u00e4 kansa saarni jalat valkoinen","src":"https:\/\/i0.wp.com\/pohjanmaantehtaanmyymala.fi\/wp-content\/uploads\/2024\/02\/Line_sohvapoyta_saarni_valk.jpg?fit=960%2C960&ssl=1&resize=350%2C200","width":350,"height":200,"srcset":"https:\/\/i0.wp.com\/pohjanmaantehtaanmyymala.fi\/wp-content\/uploads\/2024\/02\/Line_sohvapoyta_saarni_valk.jpg?fit=960%2C960&ssl=1&resize=350%2C200 1x, https:\/\/i0.wp.com\/pohjanmaantehtaanmyymala.fi\/wp-content\/uploads\/2024\/02\/Line_sohvapoyta_saarni_valk.jpg?fit=960%2C960&ssl=1&resize=525%2C300 1.5x, https:\/\/i0.wp.com\/pohjanmaantehtaanmyymala.fi\/wp-content\/uploads\/2024\/02\/Line_sohvapoyta_saarni_valk.jpg?fit=960%2C960&ssl=1&resize=700%2C400 2x"},"classes":[]}],"_links":{"self":[{"href":"https:\/\/pohjanmaantehtaanmyymala.fi\/en\/wp-json\/wp\/v2\/product\/25944","targetHints":{"allow":["GET"]}}],"collection":[{"href":"https:\/\/pohjanmaantehtaanmyymala.fi\/en\/wp-json\/wp\/v2\/product"}],"about":[{"href":"https:\/\/pohjanmaantehtaanmyymala.fi\/en\/wp-json\/wp\/v2\/types\/product"}],"replies":[{"embeddable":true,"href":"https:\/\/pohjanmaantehtaanmyymala.fi\/en\/wp-json\/wp\/v2\/comments?post=25944"}],"wp:featuredmedia":[{"embeddable":true,"href":"https:\/\/pohjanmaantehtaanmyymala.fi\/en\/wp-json\/wp\/v2\/media\/25955"}],"wp:attachment":[{"href":"https:\/\/pohjanmaantehtaanmyymala.fi\/en\/wp-json\/wp\/v2\/media?parent=25944"}],"wp:term":[{"taxonomy":"product_brand","embeddable":true,"href":"https:\/\/pohjanmaantehtaanmyymala.fi\/en\/wp-json\/wp\/v2\/product_brand?post=25944"},{"taxonomy":"product_cat","embeddable":true,"href":"https:\/\/pohjanmaantehtaanmyymala.fi\/en\/wp-json\/wp\/v2\/product_cat?post=25944"},{"taxonomy":"product_tag","embeddable":true,"href":"https:\/\/pohjanmaantehtaanmyymala.fi\/en\/wp-json\/wp\/v2\/product_tag?post=25944"}],"curies":[{"name":"wp","href":"https:\/\/api.w.org\/{rel}","templated":true}]}}