{"id":25816,"date":"2024-03-03T16:34:29","date_gmt":"2024-03-03T14:34:29","guid":{"rendered":"https:\/\/pohjanmaantehtaanmyymala.fi\/?post_type=product&#038;p=25816"},"modified":"2025-10-20T15:16:56","modified_gmt":"2025-10-20T13:16:56","slug":"top-stand-mat-plus-tyopistematto","status":"publish","type":"product","link":"https:\/\/pohjanmaantehtaanmyymala.fi\/en\/tuote\/top-stand-mat-plus-tyopistematto\/","title":{"rendered":"Top Stand Mat Plus ty\u00f6pistematto"},"content":{"rendered":"<p>Kun ty\u00f6skentelet seisomaty\u00f6pisteell\u00e4, mukavuus ja turvallisuus ovat ensiarvoisen t\u00e4rkeit\u00e4. Esittelemme sinulle Top Stand Mat Plus -seisontamaton, joka tarjoaa huippuluokan mukavuutta ja k\u00e4yt\u00e4nn\u00f6llisyytt\u00e4 ty\u00f6p\u00e4iv\u00e4\u00e4si.<\/p>\n<p>Top Stand Mat Plus on suunniteltu erityisesti s\u00e4hk\u00f6s\u00e4\u00e4t\u00f6isten p\u00f6ytien k\u00e4ytt\u00e4jille. Maton pehme\u00e4 ja joustava pinta v\u00e4hent\u00e4\u00e4 merkitt\u00e4v\u00e4sti jalkoihin ja selk\u00e4\u00e4n kohdistuvaa painetta, mik\u00e4 tekee seisomaty\u00f6skentelyst\u00e4 entist\u00e4 miellytt\u00e4v\u00e4mp\u00e4\u00e4 ja ergonomisempaa. Maton viistotut reunat pienent\u00e4v\u00e4t kompastumisvaaraa, ja sen liukumaton pohja takaa turvallisen k\u00e4ytt\u00f6kokemuksen. Voit luottaa siihen, ett\u00e4 Top Stand Mat Plus kest\u00e4\u00e4 kovaa k\u00e4ytt\u00f6\u00e4 ja pysyy paikallaan ty\u00f6skentelysi aikana.<\/p>\n<p>Arvostamme my\u00f6s ymp\u00e4rist\u00f6yst\u00e4v\u00e4llisyytt\u00e4, ja siksi Top Stand Mat Plus -matto on valmistettu ilman PVC-muovia.<\/p>\n<p><strong>Tuotetiedot:<\/strong><\/p>\n<p>Mitat: leveys 82cm, syvyys 52cm, korkeus 5cm<br \/>\nSuunniteltu erityisesti s\u00e4hk\u00f6s\u00e4\u00e4t\u00f6isten p\u00f6ytien k\u00e4ytt\u00e4jille<br \/>\nViistotut reunat pienent\u00e4v\u00e4t kompastumisvaaraa<br \/>\nLiukumaton pohja takaa turvallisen k\u00e4ytt\u00f6kokemuksen.<br \/>\nKest\u00e4v\u00e4 ja sopii kovaankin k\u00e4ytt\u00f6\u00f6n.<br \/>\nPehme\u00e4 ja joustava pinta v\u00e4hent\u00e4\u00e4 painetta jaloissa ja sel\u00e4ss\u00e4.<\/p>\n<p>&nbsp;<\/p>\n","protected":false},"excerpt":{"rendered":"<p>Seisontamatto tarjoaa huippuluokan mukavuutta ja k\u00e4yt\u00e4nn\u00f6llisyytt\u00e4 ty\u00f6p\u00e4iv\u00e4\u00e4si!<\/p>\n","protected":false},"featured_media":25817,"comment_status":"closed","ping_status":"closed","template":"","meta":{"_acf_changed":false,"jetpack_post_was_ever_published":false,"jetpack_publicize_message":"","jetpack_publicize_feature_enabled":true,"jetpack_social_post_already_shared":true,"jetpack_social_options":{"image_generator_settings":{"template":"highway","default_image_id":0,"font":"","enabled":false},"version":2}},"product_brand":[185],"product_cat":[197,124],"product_tag":[],"class_list":{"0":"post-25816","1":"product","2":"type-product","3":"status-publish","4":"has-post-thumbnail","6":"product_brand-toplux","7":"product_cat-toimistokalusteet","8":"product_cat-muut-kalusteet","10":"first","11":"instock","12":"shipping-taxable","13":"purchasable","14":"product-type-simple"},"acf":[],"jetpack_publicize_connections":[],"jetpack_sharing_enabled":true,"jetpack-related-posts":[{"id":24050,"url":"https:\/\/pohjanmaantehtaanmyymala.fi\/en\/tuote\/toppe-40-satulatuoli-nahka\/","url_meta":{"origin":25816,"position":0},"title":"Toppe 40 satulatuoli nahka","author":"Sami Viitala","date":"November 15, 2023","format":false,"excerpt":"Ergonominen tuolivaihtoehto tavalliselle ty\u00f6tuolille.","rel":"","context":"Similar post","block_context":{"text":"Similar post","link":""},"img":{"alt_text":"Toppe 40 satulatuoli musta nahkaistuin","src":"https:\/\/i0.wp.com\/pohjanmaantehtaanmyymala.fi\/wp-content\/uploads\/2023\/11\/Toppe-40-satulatuoli-musta-nahka.jpg?fit=960%2C960&ssl=1&resize=350%2C200","width":350,"height":200,"srcset":"https:\/\/i0.wp.com\/pohjanmaantehtaanmyymala.fi\/wp-content\/uploads\/2023\/11\/Toppe-40-satulatuoli-musta-nahka.jpg?fit=960%2C960&ssl=1&resize=350%2C200 1x, https:\/\/i0.wp.com\/pohjanmaantehtaanmyymala.fi\/wp-content\/uploads\/2023\/11\/Toppe-40-satulatuoli-musta-nahka.jpg?fit=960%2C960&ssl=1&resize=525%2C300 1.5x, https:\/\/i0.wp.com\/pohjanmaantehtaanmyymala.fi\/wp-content\/uploads\/2023\/11\/Toppe-40-satulatuoli-musta-nahka.jpg?fit=960%2C960&ssl=1&resize=700%2C400 2x"},"classes":[]},{"id":10523,"url":"https:\/\/pohjanmaantehtaanmyymala.fi\/en\/tuote\/uniikki-plus-runkopatja-petauspatjalla\/","url_meta":{"origin":25816,"position":1},"title":"UNIIKKI PLUS paris\u00e4nkysetti","author":"petri","date":"September 14, 2019","format":false,"excerpt":"Korkeampi s\u00e4ngyn runko n\u00e4ytt\u00e4\u00e4 muhkeammalta. Valitse koko alta!","rel":"","context":"Similar post","block_context":{"text":"Similar post","link":""},"img":{"alt_text":"Uniikki plus s\u00e4nkysetti 160 cm leve\u00e4n\u00e4","src":"https:\/\/i0.wp.com\/pohjanmaantehtaanmyymala.fi\/wp-content\/uploads\/2019\/09\/Uniikki_plus_runkopatjasetti_160.jpg?fit=960%2C960&ssl=1&resize=350%2C200","width":350,"height":200,"srcset":"https:\/\/i0.wp.com\/pohjanmaantehtaanmyymala.fi\/wp-content\/uploads\/2019\/09\/Uniikki_plus_runkopatjasetti_160.jpg?fit=960%2C960&ssl=1&resize=350%2C200 1x, https:\/\/i0.wp.com\/pohjanmaantehtaanmyymala.fi\/wp-content\/uploads\/2019\/09\/Uniikki_plus_runkopatjasetti_160.jpg?fit=960%2C960&ssl=1&resize=525%2C300 1.5x, https:\/\/i0.wp.com\/pohjanmaantehtaanmyymala.fi\/wp-content\/uploads\/2019\/09\/Uniikki_plus_runkopatjasetti_160.jpg?fit=960%2C960&ssl=1&resize=700%2C400 2x"},"classes":[]},{"id":24968,"url":"https:\/\/pohjanmaantehtaanmyymala.fi\/en\/tuote\/uniikki-plus-runkopatja-120x200-cm\/","url_meta":{"origin":25816,"position":2},"title":"UNIIKKI Plus runkopatja 120&#215;200 cm","author":"Miro Nevala","date":"February 6, 2024","format":false,"excerpt":"Muhkean n\u00e4k\u00f6inen s\u00e4nky pehme\u00e4ll\u00e4 petauspatjalla.","rel":"","context":"Similar post","block_context":{"text":"Similar post","link":""},"img":{"alt_text":"Uniikki plus runkos\u00e4nky 120x220 cm","src":"https:\/\/i0.wp.com\/pohjanmaantehtaanmyymala.fi\/wp-content\/uploads\/2024\/02\/Uniikki_plus_Runkopatja_120.jpg?fit=960%2C960&ssl=1&resize=350%2C200","width":350,"height":200,"srcset":"https:\/\/i0.wp.com\/pohjanmaantehtaanmyymala.fi\/wp-content\/uploads\/2024\/02\/Uniikki_plus_Runkopatja_120.jpg?fit=960%2C960&ssl=1&resize=350%2C200 1x, https:\/\/i0.wp.com\/pohjanmaantehtaanmyymala.fi\/wp-content\/uploads\/2024\/02\/Uniikki_plus_Runkopatja_120.jpg?fit=960%2C960&ssl=1&resize=525%2C300 1.5x, https:\/\/i0.wp.com\/pohjanmaantehtaanmyymala.fi\/wp-content\/uploads\/2024\/02\/Uniikki_plus_Runkopatja_120.jpg?fit=960%2C960&ssl=1&resize=700%2C400 2x"},"classes":[]},{"id":24974,"url":"https:\/\/pohjanmaantehtaanmyymala.fi\/en\/tuote\/uniikki-plus-runkopatja-90x200-cm\/","url_meta":{"origin":25816,"position":3},"title":"UNIIKKI Plus runkopatja 90&#215;200 cm","author":"Miro Nevala","date":"February 7, 2024","format":false,"excerpt":"Muhkea edullinen s\u00e4nky petauspatjalla nyt 90cm leve\u00e4n\u00e4!","rel":"","context":"Similar post","block_context":{"text":"Similar post","link":""},"img":{"alt_text":"Uniikki plus runkopatja petarille 90 cm","src":"https:\/\/i0.wp.com\/pohjanmaantehtaanmyymala.fi\/wp-content\/uploads\/2019\/09\/Uniikki-plus-90-1500jpg.jpg?fit=1200%2C1082&ssl=1&resize=350%2C200","width":350,"height":200,"srcset":"https:\/\/i0.wp.com\/pohjanmaantehtaanmyymala.fi\/wp-content\/uploads\/2019\/09\/Uniikki-plus-90-1500jpg.jpg?fit=1200%2C1082&ssl=1&resize=350%2C200 1x, https:\/\/i0.wp.com\/pohjanmaantehtaanmyymala.fi\/wp-content\/uploads\/2019\/09\/Uniikki-plus-90-1500jpg.jpg?fit=1200%2C1082&ssl=1&resize=525%2C300 1.5x, https:\/\/i0.wp.com\/pohjanmaantehtaanmyymala.fi\/wp-content\/uploads\/2019\/09\/Uniikki-plus-90-1500jpg.jpg?fit=1200%2C1082&ssl=1&resize=700%2C400 2x, https:\/\/i0.wp.com\/pohjanmaantehtaanmyymala.fi\/wp-content\/uploads\/2019\/09\/Uniikki-plus-90-1500jpg.jpg?fit=1200%2C1082&ssl=1&resize=1050%2C600 3x"},"classes":[]},{"id":24973,"url":"https:\/\/pohjanmaantehtaanmyymala.fi\/en\/tuote\/uniikki-plus-runkopatjasanky-120x210-cm\/","url_meta":{"origin":25816,"position":4},"title":"UNIIKKI Plus runkopatjas\u00e4nky 120&#215;210 cm","author":"Miro Nevala","date":"February 7, 2024","format":false,"excerpt":"Muhkea s\u00e4nky pitkille ihmisille!","rel":"","context":"Similar post","block_context":{"text":"Similar post","link":""},"img":{"alt_text":"Uniikki plus runkos\u00e4nky 120x200 cm","src":"https:\/\/i0.wp.com\/pohjanmaantehtaanmyymala.fi\/wp-content\/uploads\/2024\/02\/Uniikkiplus-rp120.jpg?fit=960%2C960&ssl=1&resize=350%2C200","width":350,"height":200,"srcset":"https:\/\/i0.wp.com\/pohjanmaantehtaanmyymala.fi\/wp-content\/uploads\/2024\/02\/Uniikkiplus-rp120.jpg?fit=960%2C960&ssl=1&resize=350%2C200 1x, https:\/\/i0.wp.com\/pohjanmaantehtaanmyymala.fi\/wp-content\/uploads\/2024\/02\/Uniikkiplus-rp120.jpg?fit=960%2C960&ssl=1&resize=525%2C300 1.5x, https:\/\/i0.wp.com\/pohjanmaantehtaanmyymala.fi\/wp-content\/uploads\/2024\/02\/Uniikkiplus-rp120.jpg?fit=960%2C960&ssl=1&resize=700%2C400 2x"},"classes":[]},{"id":24969,"url":"https:\/\/pohjanmaantehtaanmyymala.fi\/en\/tuote\/uniikki-plus-runkopatja-140x200-cm\/","url_meta":{"origin":25816,"position":5},"title":"UNIIKKI Plus runkopatja 140&#215;200 cm","author":"Miro Nevala","date":"February 6, 2024","format":false,"excerpt":"Muhkea s\u00e4nky pehmoisella petauspatjalla","rel":"","context":"Similar post","block_context":{"text":"Similar post","link":""},"img":{"alt_text":"","src":"https:\/\/i0.wp.com\/pohjanmaantehtaanmyymala.fi\/wp-content\/uploads\/2019\/09\/Uniikki-plus-runkosanky1.jpg?fit=960%2C960&ssl=1&resize=350%2C200","width":350,"height":200,"srcset":"https:\/\/i0.wp.com\/pohjanmaantehtaanmyymala.fi\/wp-content\/uploads\/2019\/09\/Uniikki-plus-runkosanky1.jpg?fit=960%2C960&ssl=1&resize=350%2C200 1x, https:\/\/i0.wp.com\/pohjanmaantehtaanmyymala.fi\/wp-content\/uploads\/2019\/09\/Uniikki-plus-runkosanky1.jpg?fit=960%2C960&ssl=1&resize=525%2C300 1.5x, https:\/\/i0.wp.com\/pohjanmaantehtaanmyymala.fi\/wp-content\/uploads\/2019\/09\/Uniikki-plus-runkosanky1.jpg?fit=960%2C960&ssl=1&resize=700%2C400 2x"},"classes":[]}],"_links":{"self":[{"href":"https:\/\/pohjanmaantehtaanmyymala.fi\/en\/wp-json\/wp\/v2\/product\/25816","targetHints":{"allow":["GET"]}}],"collection":[{"href":"https:\/\/pohjanmaantehtaanmyymala.fi\/en\/wp-json\/wp\/v2\/product"}],"about":[{"href":"https:\/\/pohjanmaantehtaanmyymala.fi\/en\/wp-json\/wp\/v2\/types\/product"}],"replies":[{"embeddable":true,"href":"https:\/\/pohjanmaantehtaanmyymala.fi\/en\/wp-json\/wp\/v2\/comments?post=25816"}],"wp:featuredmedia":[{"embeddable":true,"href":"https:\/\/pohjanmaantehtaanmyymala.fi\/en\/wp-json\/wp\/v2\/media\/25817"}],"wp:attachment":[{"href":"https:\/\/pohjanmaantehtaanmyymala.fi\/en\/wp-json\/wp\/v2\/media?parent=25816"}],"wp:term":[{"taxonomy":"product_brand","embeddable":true,"href":"https:\/\/pohjanmaantehtaanmyymala.fi\/en\/wp-json\/wp\/v2\/product_brand?post=25816"},{"taxonomy":"product_cat","embeddable":true,"href":"https:\/\/pohjanmaantehtaanmyymala.fi\/en\/wp-json\/wp\/v2\/product_cat?post=25816"},{"taxonomy":"product_tag","embeddable":true,"href":"https:\/\/pohjanmaantehtaanmyymala.fi\/en\/wp-json\/wp\/v2\/product_tag?post=25816"}],"curies":[{"name":"wp","href":"https:\/\/api.w.org\/{rel}","templated":true}]}}