{"id":25794,"date":"2024-02-20T14:56:05","date_gmt":"2024-02-20T12:56:05","guid":{"rendered":"https:\/\/pohjanmaantehtaanmyymala.fi\/?post_type=product&#038;p=25794"},"modified":"2024-12-10T14:32:21","modified_gmt":"2024-12-10T12:32:21","slug":"comfo-two-tyotuoli","status":"publish","type":"product","link":"https:\/\/pohjanmaantehtaanmyymala.fi\/en\/tuote\/comfo-two-tyotuoli\/","title":{"rendered":"Comfo Two ty\u00f6tuoli k\u00e4sinojilla"},"content":{"rendered":"<p>Tuolin istuinmukavuus yhdess\u00e4 monipuolisten s\u00e4\u00e4t\u00f6mahdollisuuksien kanssa takaa ergonomisen ty\u00f6asennon niin lyhyemmille kuin pidemmillekin istujille. Tuolin istuin on huolellisesti muotoiltu tukemaan jalkojen verenkiertoa pitkittyneess\u00e4 istumisessa.<\/p>\n<p>Comfo Two-ty\u00f6tuoli tarjoaa tasapainoisen yhdistelm\u00e4n keveytt\u00e4 ja modernia muotoilua sek\u00e4 tarvittavaa tukea ja s\u00e4\u00e4t\u00f6mahdollisuuksia, jotka edist\u00e4v\u00e4t ty\u00f6hyvinvointia ja mukavuutta p\u00e4ivitt\u00e4isess\u00e4 toimistok\u00e4yt\u00f6ss\u00e4.<\/p>\n<p><strong>Ominaisuudet:<\/strong><br \/>\nS\u00e4\u00e4dett\u00e4v\u00e4 istuinsyvyys.<br \/>\nSelk\u00e4nojan ja istuimen korkeuden s\u00e4\u00e4t\u00f6. Ilmat\u00e4ytteinen ristisel\u00e4ntuen s\u00e4\u00e4t\u00f6<br \/>\nIstujan painon mukaan s\u00e4\u00e4dett\u00e4v\u00e4 Synkron keinumekanismi.<br \/>\nS\u00e4\u00e4dett\u00e4v\u00e4 niskatuki (korkeus-, syvyys- ja kulmas\u00e4\u00e4t\u00f6)<\/p>\n<p><strong>Mitat:<\/strong><br \/>\nIstuimen korkeus: 43-54 cm.<br \/>\nIstuimen leveys: 47 cm.<br \/>\nIstuimen syvyys: 47-52 cm.<br \/>\nSelk\u00e4nojan korkeus: 60 cm.<br \/>\nJalkaristikon halkaisija: 70 cm.<br \/>\nPaino: 23kg.<\/p>\n<p>V\u00e4ri: Musta.<\/p>\n<p>Takuu 5 vuotta.<\/p>\n<p>EN 1335 1-2 hyv\u00e4ksytty.<\/p>\n","protected":false},"excerpt":{"rendered":"<p>Ergonominen ja monipuolisilla s\u00e4\u00e4t\u00f6mahdollisuuksilla varustettu ty\u00f6tuoli!<\/p>\n","protected":false},"featured_media":25801,"comment_status":"closed","ping_status":"closed","template":"","meta":{"_acf_changed":false,"jetpack_post_was_ever_published":false,"jetpack_publicize_message":"","jetpack_publicize_feature_enabled":true,"jetpack_social_post_already_shared":true,"jetpack_social_options":{"image_generator_settings":{"template":"highway","default_image_id":0,"font":"","enabled":false},"version":2}},"product_brand":[185],"product_cat":[197,381],"product_tag":[],"class_list":{"0":"post-25794","1":"product","2":"type-product","3":"status-publish","4":"has-post-thumbnail","6":"product_brand-toplux","7":"product_cat-toimistokalusteet","8":"product_cat-tyotuolit","10":"first","11":"instock","12":"sale","13":"shipping-taxable","14":"purchasable","15":"product-type-simple"},"acf":[],"jetpack_publicize_connections":[],"jetpack_sharing_enabled":true,"jetpack-related-posts":[{"id":25786,"url":"https:\/\/pohjanmaantehtaanmyymala.fi\/en\/tuote\/comfo-one-tyotuoli-kasinojilla\/","url_meta":{"origin":25794,"position":0},"title":"Comfo One ty\u00f6tuoli k\u00e4sinojilla","author":"Miro Nevala","date":"March 3, 2024","format":false,"excerpt":"Ergonominen ja monipuolisilla s\u00e4\u00e4t\u00f6mahdollisuuksilla varustettu ty\u00f6tuoli!","rel":"","context":"Similar post","block_context":{"text":"Similar post","link":""},"img":{"alt_text":"Comfo One ty\u00f6tuoli musta","src":"https:\/\/i0.wp.com\/pohjanmaantehtaanmyymala.fi\/wp-content\/uploads\/2024\/02\/TopLux-Comfo-one-960dpi.jpg?fit=960%2C960&ssl=1&resize=350%2C200","width":350,"height":200,"srcset":"https:\/\/i0.wp.com\/pohjanmaantehtaanmyymala.fi\/wp-content\/uploads\/2024\/02\/TopLux-Comfo-one-960dpi.jpg?fit=960%2C960&ssl=1&resize=350%2C200 1x, https:\/\/i0.wp.com\/pohjanmaantehtaanmyymala.fi\/wp-content\/uploads\/2024\/02\/TopLux-Comfo-one-960dpi.jpg?fit=960%2C960&ssl=1&resize=525%2C300 1.5x, https:\/\/i0.wp.com\/pohjanmaantehtaanmyymala.fi\/wp-content\/uploads\/2024\/02\/TopLux-Comfo-one-960dpi.jpg?fit=960%2C960&ssl=1&resize=700%2C400 2x"},"classes":[]},{"id":12658,"url":"https:\/\/pohjanmaantehtaanmyymala.fi\/en\/tuote\/team-pro-20-tyotuoli\/","url_meta":{"origin":25794,"position":1},"title":"TEAM PRO 20 \u2013 ty\u00f6tuoli","author":"Sami Viitala","date":"September 10, 2020","format":false,"excerpt":"Pro 20 -ty\u00f6tuolimalli on suunniteltu toimistoty\u00f6h\u00f6n, jossa tarvitaan istuinmukavuutta koko pitk\u00e4n ty\u00f6p\u00e4iv\u00e4n ajan. Pro 20 -ty\u00f6tuoli on kompaktin kokoinen, jossa on kaikki ty\u00f6tuolille vaadittavat s\u00e4\u00e4t\u00f6mahdollisuudet. Ty\u00f6tuolia on saatavilla Harmaana, Mustana ja Vihre\u00e4n\u00e4. Takuu 5 vuotta. Ominaisuudet: Istuinkaltevuuden s\u00e4\u00e4t\u00f6 Selk\u00e4nojankaltevuuden s\u00e4\u00e4t\u00f6 Istujan painon mukaan s\u00e4\u00e4dett\u00e4v\u00e4 keinumekanismi Istuinsyyvyyden s\u00e4\u00e4t\u00f6 Korkeus- ja leveyssuunnassa\u2026","rel":"","context":"Similar post","block_context":{"text":"Similar post","link":""},"img":{"alt_text":"Team Pro 40 ty\u00f6tuoli musta","src":"https:\/\/i0.wp.com\/pohjanmaantehtaanmyymala.fi\/wp-content\/uploads\/2019\/09\/Pro20-tyotuoli-musta.jpg?fit=1200%2C1200&ssl=1&resize=350%2C200","width":350,"height":200,"srcset":"https:\/\/i0.wp.com\/pohjanmaantehtaanmyymala.fi\/wp-content\/uploads\/2019\/09\/Pro20-tyotuoli-musta.jpg?fit=1200%2C1200&ssl=1&resize=350%2C200 1x, https:\/\/i0.wp.com\/pohjanmaantehtaanmyymala.fi\/wp-content\/uploads\/2019\/09\/Pro20-tyotuoli-musta.jpg?fit=1200%2C1200&ssl=1&resize=525%2C300 1.5x, https:\/\/i0.wp.com\/pohjanmaantehtaanmyymala.fi\/wp-content\/uploads\/2019\/09\/Pro20-tyotuoli-musta.jpg?fit=1200%2C1200&ssl=1&resize=700%2C400 2x, https:\/\/i0.wp.com\/pohjanmaantehtaanmyymala.fi\/wp-content\/uploads\/2019\/09\/Pro20-tyotuoli-musta.jpg?fit=1200%2C1200&ssl=1&resize=1050%2C600 3x"},"classes":[]},{"id":9386,"url":"https:\/\/pohjanmaantehtaanmyymala.fi\/en\/tuote\/team-pro-40-tyotuoli-musta\/","url_meta":{"origin":25794,"position":2},"title":"TEAM PRO 40 \u2013 ty\u00f6tuoli","author":"petri","date":"September 14, 2019","format":false,"excerpt":"Pro 40 -ty\u00f6tuolimalli on suunniteltu toimistoty\u00f6h\u00f6n, jossa tarvitaan istuinmukavuutta koko pitk\u00e4n ty\u00f6p\u00e4iv\u00e4n ajan. Pro 20 -ty\u00f6tuolissa on korkea selk\u00e4noja, jossa on s\u00e4\u00e4dett\u00e4v\u00e4 niskatuki sek\u00e4 kaikki ty\u00f6tuolille vaadittavat s\u00e4\u00e4t\u00f6mahdollisuudet. Ty\u00f6tuolia on saatavilla Harmaana, Mustana ja Vihre\u00e4n\u00e4. Tuote toimitetaan osina pahvilaatikkossa. Tuotetiedot: Kangas: Dove -kangas, 100 % polyester. V\u00e4rit; Harmaa, Musta ja\u2026","rel":"","context":"Similar post","block_context":{"text":"Similar post","link":""},"img":{"alt_text":"Team Pro 40 ty\u00f6tuoli musta","src":"https:\/\/i0.wp.com\/pohjanmaantehtaanmyymala.fi\/wp-content\/uploads\/2019\/09\/Pro-40-musta-JPG.jpg?fit=960%2C960&ssl=1&resize=350%2C200","width":350,"height":200,"srcset":"https:\/\/i0.wp.com\/pohjanmaantehtaanmyymala.fi\/wp-content\/uploads\/2019\/09\/Pro-40-musta-JPG.jpg?fit=960%2C960&ssl=1&resize=350%2C200 1x, https:\/\/i0.wp.com\/pohjanmaantehtaanmyymala.fi\/wp-content\/uploads\/2019\/09\/Pro-40-musta-JPG.jpg?fit=960%2C960&ssl=1&resize=525%2C300 1.5x, https:\/\/i0.wp.com\/pohjanmaantehtaanmyymala.fi\/wp-content\/uploads\/2019\/09\/Pro-40-musta-JPG.jpg?fit=960%2C960&ssl=1&resize=700%2C400 2x"},"classes":[]},{"id":24072,"url":"https:\/\/pohjanmaantehtaanmyymala.fi\/en\/tuote\/miro-tyotuoli-musta\/","url_meta":{"origin":25794,"position":3},"title":"Miro ty\u00f6tuoli musta","author":"Sami Viitala","date":"November 15, 2023","format":false,"excerpt":"\u200bMukanvan miellytt\u00e4v\u00e4 ja hillitty ty\u00f6tuoli.","rel":"","context":"Similar post","block_context":{"text":"Similar post","link":""},"img":{"alt_text":"Miro ty\u00f6tuoli verkkoselk\u00e4 musta k\u00e4sinojilla","src":"https:\/\/i0.wp.com\/pohjanmaantehtaanmyymala.fi\/wp-content\/uploads\/2023\/11\/Miro-tyotuoli-musta-5.jpg?fit=960%2C960&ssl=1&resize=350%2C200","width":350,"height":200,"srcset":"https:\/\/i0.wp.com\/pohjanmaantehtaanmyymala.fi\/wp-content\/uploads\/2023\/11\/Miro-tyotuoli-musta-5.jpg?fit=960%2C960&ssl=1&resize=350%2C200 1x, https:\/\/i0.wp.com\/pohjanmaantehtaanmyymala.fi\/wp-content\/uploads\/2023\/11\/Miro-tyotuoli-musta-5.jpg?fit=960%2C960&ssl=1&resize=525%2C300 1.5x, https:\/\/i0.wp.com\/pohjanmaantehtaanmyymala.fi\/wp-content\/uploads\/2023\/11\/Miro-tyotuoli-musta-5.jpg?fit=960%2C960&ssl=1&resize=700%2C400 2x"},"classes":[]},{"id":22504,"url":"https:\/\/pohjanmaantehtaanmyymala.fi\/en\/tuote\/team-9-plus-tyotuoli\/","url_meta":{"origin":25794,"position":4},"title":"TEAM 9 plus ty\u00f6tuoli","author":"Sami Viitala","date":"February 21, 2023","format":false,"excerpt":"Topluxin Team 9 plus ty\u00f6tuoli on suosittu malli, joka suunniteltu toimistoty\u00f6h\u00f6n, jossa tarvitaan istuinmukavuutta koko pitk\u00e4n ty\u00f6p\u00e4iv\u00e4n ajan. T\u00e4st\u00e4 ty\u00f6tuolista l\u00f6ytyy korkeus- sek\u00e4 istuimen- ja se\u00e4lk\u00e4nojan kallistuss\u00e4\u00e4t\u00f6mahdollisuudet. Ty\u00f6tuolia on saatavilla Mustana. Tuotetiedot: Kaasujousella toteutettu korkeuden s\u00e4\u00e4t\u00f6 Selk\u00e4nojan ja istuinkaltevuuden s\u00e4\u00e4t\u00f6 Muotoon puristettu istuin- ja selk\u00e4nojarakenne Selk\u00e4nojan korkeuss\u00e4\u00e4t\u00f6 Pehme\u00e4t PU-py\u00f6r\u00e4t koville\u2026","rel":"","context":"Similar post","block_context":{"text":"Similar post","link":""},"img":{"alt_text":"Toplux Team 9 plus ty\u00f6tuoli musta","src":"https:\/\/i0.wp.com\/pohjanmaantehtaanmyymala.fi\/wp-content\/uploads\/2023\/02\/Team-9plus-musta.jpg?fit=960%2C960&ssl=1&resize=350%2C200","width":350,"height":200,"srcset":"https:\/\/i0.wp.com\/pohjanmaantehtaanmyymala.fi\/wp-content\/uploads\/2023\/02\/Team-9plus-musta.jpg?fit=960%2C960&ssl=1&resize=350%2C200 1x, https:\/\/i0.wp.com\/pohjanmaantehtaanmyymala.fi\/wp-content\/uploads\/2023\/02\/Team-9plus-musta.jpg?fit=960%2C960&ssl=1&resize=525%2C300 1.5x, https:\/\/i0.wp.com\/pohjanmaantehtaanmyymala.fi\/wp-content\/uploads\/2023\/02\/Team-9plus-musta.jpg?fit=960%2C960&ssl=1&resize=700%2C400 2x"},"classes":[]},{"id":22540,"url":"https:\/\/pohjanmaantehtaanmyymala.fi\/en\/tuote\/team-9-plus-tyotuoli-kasinojilla\/","url_meta":{"origin":25794,"position":5},"title":"TEAM 9 plus ty\u00f6tuoli k\u00e4sinojilla","author":"Sami Viitala","date":"February 21, 2023","format":false,"excerpt":"Topluxin Team 9 plus ty\u00f6tuoli on kest\u00e4v\u00e4 malli, joka suunniteltu toimistoty\u00f6h\u00f6n, jossa tarvitaan istuinmukavuutta koko pitk\u00e4n ty\u00f6p\u00e4iv\u00e4n ajan. T\u00e4st\u00e4 ty\u00f6tuolista l\u00f6ytyy korkeus- sek\u00e4 istuimen- ja se\u00e4lk\u00e4nojan kallistuss\u00e4\u00e4t\u00f6mahdollisuudet. Ty\u00f6tuolissa on korkeuss\u00e4\u00e4dett\u00e4v\u00e4t k\u00e4sinojat. Ty\u00f6tuolia on saatavilla Mustana. Tuotetiedot: Kaasujousella toteutettu korkeuden s\u00e4\u00e4t\u00f6 Selk\u00e4nojan ja istuinkaltevuuden s\u00e4\u00e4t\u00f6 Muotoon puristettu istuin- ja selk\u00e4nojarakenne Selk\u00e4nojan\u2026","rel":"","context":"Similar post","block_context":{"text":"Similar post","link":""},"img":{"alt_text":"Toplux Team 9 plus ty\u00f6tuoli k\u00e4sinojilla musta","src":"https:\/\/i0.wp.com\/pohjanmaantehtaanmyymala.fi\/wp-content\/uploads\/2023\/02\/Toplux_Team9_kn_musta.jpg?fit=960%2C960&ssl=1&resize=350%2C200","width":350,"height":200,"srcset":"https:\/\/i0.wp.com\/pohjanmaantehtaanmyymala.fi\/wp-content\/uploads\/2023\/02\/Toplux_Team9_kn_musta.jpg?fit=960%2C960&ssl=1&resize=350%2C200 1x, https:\/\/i0.wp.com\/pohjanmaantehtaanmyymala.fi\/wp-content\/uploads\/2023\/02\/Toplux_Team9_kn_musta.jpg?fit=960%2C960&ssl=1&resize=525%2C300 1.5x, https:\/\/i0.wp.com\/pohjanmaantehtaanmyymala.fi\/wp-content\/uploads\/2023\/02\/Toplux_Team9_kn_musta.jpg?fit=960%2C960&ssl=1&resize=700%2C400 2x"},"classes":[]}],"_links":{"self":[{"href":"https:\/\/pohjanmaantehtaanmyymala.fi\/en\/wp-json\/wp\/v2\/product\/25794","targetHints":{"allow":["GET"]}}],"collection":[{"href":"https:\/\/pohjanmaantehtaanmyymala.fi\/en\/wp-json\/wp\/v2\/product"}],"about":[{"href":"https:\/\/pohjanmaantehtaanmyymala.fi\/en\/wp-json\/wp\/v2\/types\/product"}],"replies":[{"embeddable":true,"href":"https:\/\/pohjanmaantehtaanmyymala.fi\/en\/wp-json\/wp\/v2\/comments?post=25794"}],"wp:featuredmedia":[{"embeddable":true,"href":"https:\/\/pohjanmaantehtaanmyymala.fi\/en\/wp-json\/wp\/v2\/media\/25801"}],"wp:attachment":[{"href":"https:\/\/pohjanmaantehtaanmyymala.fi\/en\/wp-json\/wp\/v2\/media?parent=25794"}],"wp:term":[{"taxonomy":"product_brand","embeddable":true,"href":"https:\/\/pohjanmaantehtaanmyymala.fi\/en\/wp-json\/wp\/v2\/product_brand?post=25794"},{"taxonomy":"product_cat","embeddable":true,"href":"https:\/\/pohjanmaantehtaanmyymala.fi\/en\/wp-json\/wp\/v2\/product_cat?post=25794"},{"taxonomy":"product_tag","embeddable":true,"href":"https:\/\/pohjanmaantehtaanmyymala.fi\/en\/wp-json\/wp\/v2\/product_tag?post=25794"}],"curies":[{"name":"wp","href":"https:\/\/api.w.org\/{rel}","templated":true}]}}