{"id":25761,"date":"2024-02-20T11:22:06","date_gmt":"2024-02-20T09:22:06","guid":{"rendered":"https:\/\/pohjanmaantehtaanmyymala.fi\/?post_type=product&#038;p=25761"},"modified":"2025-11-26T22:01:33","modified_gmt":"2025-11-26T20:01:33","slug":"classic-baarijakkara-musta-laminaatti","status":"publish","type":"product","link":"https:\/\/pohjanmaantehtaanmyymala.fi\/en\/tuote\/classic-baarijakkara-musta-laminaatti\/","title":{"rendered":"Classic Baarijakkara musta\/laminaatti"},"content":{"rendered":"<p>Classic Baarijakkara mustilla metallijaloilla ja mustalla laminaatti-istuimella on perinteisen tyylik\u00e4s vaihtoehto. Baarijakkaran jalat ovat tukevat ja vankat varmistaen vakaan istumisen ilman heilumista. Tuotteen kest\u00e4vyys takaa turvallisen istumisen pitk\u00e4ll\u00e4 aikav\u00e4lill\u00e4.<\/p>\n<p>Baarijakkara on pinottava, mik\u00e4 mahdollistaa helpon pinon s\u00e4ilytyksen silloin, kun jakkaroita ei tarvita. T\u00e4ll\u00e4 tavoin s\u00e4ilytystila pysyy j\u00e4rjestyksess\u00e4 ja tehokkaana.<\/p>\n<p><strong>Tuotetiedot:<\/strong><\/p>\n<p>Korkeus: 63 cm.<br \/>\nIstuimen halkaisija: 31 cm.<br \/>\nKotimainen.<br \/>\nJalat: Mustaa metallia. Istuin: Musta laminaatti.<\/p>\n<p>Valmiiksi kasattu.<\/p>\n","protected":false},"excerpt":{"rendered":"<p>Tyylik\u00e4s, vankka ja pinottava baarijakkara!<\/p>\n","protected":false},"featured_media":25767,"comment_status":"closed","ping_status":"closed","template":"","meta":{"_acf_changed":false,"jetpack_post_was_ever_published":false,"jetpack_publicize_message":"","jetpack_publicize_feature_enabled":true,"jetpack_social_post_already_shared":true,"jetpack_social_options":{"image_generator_settings":{"template":"highway","default_image_id":0,"font":"","enabled":false},"version":2}},"product_brand":[],"product_cat":[124,194],"product_tag":[],"class_list":{"0":"post-25761","1":"product","2":"type-product","3":"status-publish","4":"has-post-thumbnail","6":"product_cat-muut-kalusteet","7":"product_cat-ruokapoydat-ja-tuolit","9":"first","10":"instock","11":"sale","12":"shipping-taxable","13":"purchasable","14":"product-type-simple"},"acf":[],"jetpack_publicize_connections":[],"jetpack_sharing_enabled":true,"jetpack-related-posts":[{"id":21149,"url":"https:\/\/pohjanmaantehtaanmyymala.fi\/en\/tuote\/austin-baarituoli\/","url_meta":{"origin":25761,"position":0},"title":"Austin baarituoli","author":"Sami Viitala","date":"September 4, 2022","format":false,"excerpt":"Simppeli baarijakkara saatavana kolmella eri v\u00e4rill\u00e4.","rel":"","context":"Similar post","block_context":{"text":"Similar post","link":""},"img":{"alt_text":"Rowico Austin baaarijakkarat ryhm\u00e4kuvassa, musta, tammi ja valkopesty","src":"https:\/\/i0.wp.com\/pohjanmaantehtaanmyymala.fi\/wp-content\/uploads\/2022\/09\/Austin-baarijakkara-kokoelma.jpg?fit=960%2C960&ssl=1&resize=350%2C200","width":350,"height":200,"srcset":"https:\/\/i0.wp.com\/pohjanmaantehtaanmyymala.fi\/wp-content\/uploads\/2022\/09\/Austin-baarijakkara-kokoelma.jpg?fit=960%2C960&ssl=1&resize=350%2C200 1x, https:\/\/i0.wp.com\/pohjanmaantehtaanmyymala.fi\/wp-content\/uploads\/2022\/09\/Austin-baarijakkara-kokoelma.jpg?fit=960%2C960&ssl=1&resize=525%2C300 1.5x, https:\/\/i0.wp.com\/pohjanmaantehtaanmyymala.fi\/wp-content\/uploads\/2022\/09\/Austin-baarijakkara-kokoelma.jpg?fit=960%2C960&ssl=1&resize=700%2C400 2x"},"classes":[]},{"id":18597,"url":"https:\/\/pohjanmaantehtaanmyymala.fi\/en\/tuote\/pohjanmaan-koko-tuoli-musta-tammi\/","url_meta":{"origin":25761,"position":1},"title":"Pohjanmaan KOKO tuoli musta tammi","author":"Sami Viitala","date":"October 29, 2021","format":false,"excerpt":"Tyylik\u00e4s tuoli, joka vangitsee katsojan muotoilullaan.","rel":"","context":"Similar post","block_context":{"text":"Similar post","link":""},"img":{"alt_text":"Pohjanmaan Koko-tuoli musta tammi","src":"https:\/\/i0.wp.com\/pohjanmaantehtaanmyymala.fi\/wp-content\/uploads\/2021\/10\/Pohjanmaan_KoKo_tuoli_tammi-musta.jpg?fit=960%2C960&ssl=1&resize=350%2C200","width":350,"height":200,"srcset":"https:\/\/i0.wp.com\/pohjanmaantehtaanmyymala.fi\/wp-content\/uploads\/2021\/10\/Pohjanmaan_KoKo_tuoli_tammi-musta.jpg?fit=960%2C960&ssl=1&resize=350%2C200 1x, https:\/\/i0.wp.com\/pohjanmaantehtaanmyymala.fi\/wp-content\/uploads\/2021\/10\/Pohjanmaan_KoKo_tuoli_tammi-musta.jpg?fit=960%2C960&ssl=1&resize=525%2C300 1.5x, https:\/\/i0.wp.com\/pohjanmaantehtaanmyymala.fi\/wp-content\/uploads\/2021\/10\/Pohjanmaan_KoKo_tuoli_tammi-musta.jpg?fit=960%2C960&ssl=1&resize=700%2C400 2x"},"classes":[]},{"id":22190,"url":"https:\/\/pohjanmaantehtaanmyymala.fi\/en\/tuote\/oslo-tuoli-musta\/","url_meta":{"origin":25761,"position":2},"title":"Oslo &#8211; tuoli musta","author":"Sami Viitala","date":"January 2, 2023","format":false,"excerpt":"PU-keinonahalla verhoiltu ja mustilla pulverimaalatuilla metallijaloilla varustettu Stockholm -tuoli House Nordic:lta.","rel":"","context":"Similar post","block_context":{"text":"Similar post","link":""},"img":{"alt_text":"House Nordic Oslo tuoli musta","src":"https:\/\/i0.wp.com\/pohjanmaantehtaanmyymala.fi\/wp-content\/uploads\/2023\/01\/Oslo-tuoli-1001001.jpg?fit=1000%2C1000&ssl=1&resize=350%2C200","width":350,"height":200,"srcset":"https:\/\/i0.wp.com\/pohjanmaantehtaanmyymala.fi\/wp-content\/uploads\/2023\/01\/Oslo-tuoli-1001001.jpg?fit=1000%2C1000&ssl=1&resize=350%2C200 1x, https:\/\/i0.wp.com\/pohjanmaantehtaanmyymala.fi\/wp-content\/uploads\/2023\/01\/Oslo-tuoli-1001001.jpg?fit=1000%2C1000&ssl=1&resize=525%2C300 1.5x, https:\/\/i0.wp.com\/pohjanmaantehtaanmyymala.fi\/wp-content\/uploads\/2023\/01\/Oslo-tuoli-1001001.jpg?fit=1000%2C1000&ssl=1&resize=700%2C400 2x"},"classes":[]},{"id":22881,"url":"https:\/\/pohjanmaantehtaanmyymala.fi\/en\/tuote\/gracy-tuoli-verhoiltu\/","url_meta":{"origin":25761,"position":3},"title":"GRACY &#8211; tuoli verhoiltu","author":"Sami Viitala","date":"May 5, 2023","format":false,"excerpt":"Tyylik\u00e4s Gracy-tuoli ruokap\u00f6yd\u00e4n ymp\u00e4rille. Tuolin istuinosa on on verhoitu. V\u00e4ri vaihtoehdot ovat vaalean- ja tummanharmaa. Tuolin jalat valmistettu tammesta. Jalkojen v\u00e4rit ovat Musta, valkopesty tai tammi. Saatavana my\u00f6s laminaatti-istuimella. Tuolin istuinkorkeus: 46 cm. Tuoli toimitetaan osina.","rel":"","context":"Similar post","block_context":{"text":"Similar post","link":""},"img":{"alt_text":"Gracy tuoli vaalean harmaa mustalla jalalla","src":"https:\/\/i0.wp.com\/pohjanmaantehtaanmyymala.fi\/wp-content\/uploads\/2023\/05\/113635-a-Grace-stol-ljusgra-svart-R.jpg?fit=960%2C960&ssl=1&resize=350%2C200","width":350,"height":200,"srcset":"https:\/\/i0.wp.com\/pohjanmaantehtaanmyymala.fi\/wp-content\/uploads\/2023\/05\/113635-a-Grace-stol-ljusgra-svart-R.jpg?fit=960%2C960&ssl=1&resize=350%2C200 1x, https:\/\/i0.wp.com\/pohjanmaantehtaanmyymala.fi\/wp-content\/uploads\/2023\/05\/113635-a-Grace-stol-ljusgra-svart-R.jpg?fit=960%2C960&ssl=1&resize=525%2C300 1.5x, https:\/\/i0.wp.com\/pohjanmaantehtaanmyymala.fi\/wp-content\/uploads\/2023\/05\/113635-a-Grace-stol-ljusgra-svart-R.jpg?fit=960%2C960&ssl=1&resize=700%2C400 2x"},"classes":[]},{"id":13597,"url":"https:\/\/pohjanmaantehtaanmyymala.fi\/en\/tuote\/auburn-baarituoli\/","url_meta":{"origin":25761,"position":4},"title":"Auburn &#8211; Baarituoli","author":"Sami Viitala","date":"September 28, 2020","format":false,"excerpt":"Auburn- baarituoli on tyylik\u00e4s valinta kotisi saarekkeen istuinpaikaksi. Tuolin jalat ovat metallia ja istuimessa helppohoitoinen tekstiilinahka. Alpha- baarituolissa on mukava istua pidempi\u00e4kin aikoja. Auburn -baarituolia on saatavana mustana ja ruskeana. Tuolissa on aina musta metallijalka. Tuotetiedot: leveys: 45 cm Syvyys: 50 cm Korkes: 80 cm Istuinkorkeus 65 cm Istuinsyvyys 40\u2026","rel":"","context":"Similar post","block_context":{"text":"Similar post","link":""},"img":{"alt_text":"Auburn Alpha baarituolit Rowico","src":"https:\/\/i0.wp.com\/pohjanmaantehtaanmyymala.fi\/wp-content\/uploads\/2020\/09\/Alpha-baarituoli-117677-117679.jpg?fit=1200%2C1200&ssl=1&resize=350%2C200","width":350,"height":200,"srcset":"https:\/\/i0.wp.com\/pohjanmaantehtaanmyymala.fi\/wp-content\/uploads\/2020\/09\/Alpha-baarituoli-117677-117679.jpg?fit=1200%2C1200&ssl=1&resize=350%2C200 1x, https:\/\/i0.wp.com\/pohjanmaantehtaanmyymala.fi\/wp-content\/uploads\/2020\/09\/Alpha-baarituoli-117677-117679.jpg?fit=1200%2C1200&ssl=1&resize=525%2C300 1.5x, https:\/\/i0.wp.com\/pohjanmaantehtaanmyymala.fi\/wp-content\/uploads\/2020\/09\/Alpha-baarituoli-117677-117679.jpg?fit=1200%2C1200&ssl=1&resize=700%2C400 2x, https:\/\/i0.wp.com\/pohjanmaantehtaanmyymala.fi\/wp-content\/uploads\/2020\/09\/Alpha-baarituoli-117677-117679.jpg?fit=1200%2C1200&ssl=1&resize=1050%2C600 3x"},"classes":[]},{"id":18931,"url":"https:\/\/pohjanmaantehtaanmyymala.fi\/en\/tuote\/harbo-tuoli-pu-nahka-musta\/","url_meta":{"origin":25761,"position":5},"title":"Harbo -tuoli, pu-nahka musta","author":"Sami Viitala","date":"November 10, 2021","format":false,"excerpt":"Tyylik\u00e4s keinonahkainen k\u00e4sinojatuoli House Nordicilta.","rel":"","context":"Similar post","block_context":{"text":"Similar post","link":""},"img":{"alt_text":"Harbo k\u00e4sinoja tuoli musta pu-nahka","src":"https:\/\/i0.wp.com\/pohjanmaantehtaanmyymala.fi\/wp-content\/uploads\/2021\/11\/Harbo-tuoli-msuta-1001153.jpg?fit=1000%2C1000&ssl=1&resize=350%2C200","width":350,"height":200,"srcset":"https:\/\/i0.wp.com\/pohjanmaantehtaanmyymala.fi\/wp-content\/uploads\/2021\/11\/Harbo-tuoli-msuta-1001153.jpg?fit=1000%2C1000&ssl=1&resize=350%2C200 1x, https:\/\/i0.wp.com\/pohjanmaantehtaanmyymala.fi\/wp-content\/uploads\/2021\/11\/Harbo-tuoli-msuta-1001153.jpg?fit=1000%2C1000&ssl=1&resize=525%2C300 1.5x, https:\/\/i0.wp.com\/pohjanmaantehtaanmyymala.fi\/wp-content\/uploads\/2021\/11\/Harbo-tuoli-msuta-1001153.jpg?fit=1000%2C1000&ssl=1&resize=700%2C400 2x"},"classes":[]}],"_links":{"self":[{"href":"https:\/\/pohjanmaantehtaanmyymala.fi\/en\/wp-json\/wp\/v2\/product\/25761","targetHints":{"allow":["GET"]}}],"collection":[{"href":"https:\/\/pohjanmaantehtaanmyymala.fi\/en\/wp-json\/wp\/v2\/product"}],"about":[{"href":"https:\/\/pohjanmaantehtaanmyymala.fi\/en\/wp-json\/wp\/v2\/types\/product"}],"replies":[{"embeddable":true,"href":"https:\/\/pohjanmaantehtaanmyymala.fi\/en\/wp-json\/wp\/v2\/comments?post=25761"}],"wp:featuredmedia":[{"embeddable":true,"href":"https:\/\/pohjanmaantehtaanmyymala.fi\/en\/wp-json\/wp\/v2\/media\/25767"}],"wp:attachment":[{"href":"https:\/\/pohjanmaantehtaanmyymala.fi\/en\/wp-json\/wp\/v2\/media?parent=25761"}],"wp:term":[{"taxonomy":"product_brand","embeddable":true,"href":"https:\/\/pohjanmaantehtaanmyymala.fi\/en\/wp-json\/wp\/v2\/product_brand?post=25761"},{"taxonomy":"product_cat","embeddable":true,"href":"https:\/\/pohjanmaantehtaanmyymala.fi\/en\/wp-json\/wp\/v2\/product_cat?post=25761"},{"taxonomy":"product_tag","embeddable":true,"href":"https:\/\/pohjanmaantehtaanmyymala.fi\/en\/wp-json\/wp\/v2\/product_tag?post=25761"}],"curies":[{"name":"wp","href":"https:\/\/api.w.org\/{rel}","templated":true}]}}