{"id":25728,"date":"2024-02-19T14:02:31","date_gmt":"2024-02-19T12:02:31","guid":{"rendered":"https:\/\/pohjanmaantehtaanmyymala.fi\/?post_type=product&#038;p=25728"},"modified":"2025-12-19T10:12:45","modified_gmt":"2025-12-19T08:12:45","slug":"classic-63-porrasjakkara-poistotuote","status":"publish","type":"product","link":"https:\/\/pohjanmaantehtaanmyymala.fi\/en\/tuote\/classic-63-porrasjakkara-poistotuote\/","title":{"rendered":"Classic 63-porrasjakkara"},"content":{"rendered":"<p>Nouse uusiin korkeuksiin kotimaisella Classic 63-porrasjakkaran avulla. Classic 63-porrasjakkara yhdist\u00e4\u00e4 ajattomuuden ja perinteisen tyylin. Elegantti ja vahva design, istuin ja askelmat massiivipuuta, ja runko 19 mm huonekaluputkea takaavat kest\u00e4vyyden ja tyylikk\u00e4\u00e4n ulkon\u00e4\u00f6n. T\u00e4m\u00e4 tuote on helppo koota ja toimitetaan osissa, tarjoten sek\u00e4 k\u00e4yt\u00e4nn\u00f6llisyytt\u00e4 ett\u00e4 visuaalista iloa. Saatavilla eri v\u00e4reill\u00e4.<\/p>\n<p><strong>Tuotetiedot:<\/strong><\/p>\n<p>Korkeus: 63 cm.<br \/>\nLeveys: 40 cm.<br \/>\nSyvyys: 50 cm.<\/p>\n<p>Runko: ter\u00e4st\u00e4<br \/>\nIstuin ja askelmat: Petsattua massiivipuuta.<\/p>\n<p>Valmiiksi kasattu.<\/p>\n","protected":false},"excerpt":{"rendered":"<p>Elegantti ja ajaton porrasjakkara nyt POISTOHINTAAN!<\/p>\n","protected":false},"featured_media":25731,"comment_status":"closed","ping_status":"closed","template":"","meta":{"_acf_changed":false,"jetpack_post_was_ever_published":false,"jetpack_publicize_message":"","jetpack_publicize_feature_enabled":true,"jetpack_social_post_already_shared":true,"jetpack_social_options":{"image_generator_settings":{"template":"highway","default_image_id":0,"font":"","enabled":false},"version":2}},"product_brand":[],"product_cat":[213,194,124],"product_tag":[],"class_list":{"0":"post-25728","1":"product","2":"type-product","3":"status-publish","4":"has-post-thumbnail","6":"product_cat-outlet","7":"product_cat-ruokapoydat-ja-tuolit","8":"product_cat-muut-kalusteet","9":"pa_vari-musta-koivu","10":"pa_vari-valkoinen","12":"first","13":"instock","14":"sale","15":"shipping-taxable","16":"purchasable","17":"product-type-variable","18":"has-default-attributes"},"acf":[],"jetpack_publicize_connections":[],"jetpack_sharing_enabled":true,"jetpack-related-posts":[{"id":25719,"url":"https:\/\/pohjanmaantehtaanmyymala.fi\/en\/tuote\/aarne-porrasjakkara-poistotuote\/","url_meta":{"origin":25728,"position":0},"title":"Aarne-porrasjakkara POISTOTUOTE!","author":"Miro Nevala","date":"February 19, 2024","format":false,"excerpt":"Elegantti ja tyylik\u00e4s porrasjakkara nyt POISTOHINTAAN!","rel":"","context":"Similar post","block_context":{"text":"Similar post","link":""},"img":{"alt_text":"Aarne porrasjakkara valkoinen","src":"https:\/\/i0.wp.com\/pohjanmaantehtaanmyymala.fi\/wp-content\/uploads\/2024\/02\/aarne_porrasjakkara_valkoinen.jpg?fit=960%2C960&ssl=1&resize=350%2C200","width":350,"height":200,"srcset":"https:\/\/i0.wp.com\/pohjanmaantehtaanmyymala.fi\/wp-content\/uploads\/2024\/02\/aarne_porrasjakkara_valkoinen.jpg?fit=960%2C960&ssl=1&resize=350%2C200 1x, https:\/\/i0.wp.com\/pohjanmaantehtaanmyymala.fi\/wp-content\/uploads\/2024\/02\/aarne_porrasjakkara_valkoinen.jpg?fit=960%2C960&ssl=1&resize=525%2C300 1.5x, https:\/\/i0.wp.com\/pohjanmaantehtaanmyymala.fi\/wp-content\/uploads\/2024\/02\/aarne_porrasjakkara_valkoinen.jpg?fit=960%2C960&ssl=1&resize=700%2C400 2x"},"classes":[]},{"id":25704,"url":"https:\/\/pohjanmaantehtaanmyymala.fi\/en\/tuote\/heikki-porrasjakkara-poistotuote\/","url_meta":{"origin":25728,"position":1},"title":"Heikki-porrasjakkara POISTOTUOTE!","author":"Miro Nevala","date":"February 19, 2024","format":false,"excerpt":"Elegantti ja k\u00e4tev\u00e4 porrasjakkara nyt POISTOHINTAAN!","rel":"","context":"Similar post","block_context":{"text":"Similar post","link":""},"img":{"alt_text":"Heikki porrasjakkara valkoinen","src":"https:\/\/i0.wp.com\/pohjanmaantehtaanmyymala.fi\/wp-content\/uploads\/2024\/02\/Heikki-porrasjakkara-valkoinen-1-960dpi.jpg?fit=960%2C960&ssl=1&resize=350%2C200","width":350,"height":200,"srcset":"https:\/\/i0.wp.com\/pohjanmaantehtaanmyymala.fi\/wp-content\/uploads\/2024\/02\/Heikki-porrasjakkara-valkoinen-1-960dpi.jpg?fit=960%2C960&ssl=1&resize=350%2C200 1x, https:\/\/i0.wp.com\/pohjanmaantehtaanmyymala.fi\/wp-content\/uploads\/2024\/02\/Heikki-porrasjakkara-valkoinen-1-960dpi.jpg?fit=960%2C960&ssl=1&resize=525%2C300 1.5x, https:\/\/i0.wp.com\/pohjanmaantehtaanmyymala.fi\/wp-content\/uploads\/2024\/02\/Heikki-porrasjakkara-valkoinen-1-960dpi.jpg?fit=960%2C960&ssl=1&resize=700%2C400 2x"},"classes":[]},{"id":25761,"url":"https:\/\/pohjanmaantehtaanmyymala.fi\/en\/tuote\/classic-baarijakkara-musta-laminaatti\/","url_meta":{"origin":25728,"position":2},"title":"Classic Baarijakkara musta\/laminaatti","author":"Miro Nevala","date":"February 20, 2024","format":false,"excerpt":"Tyylik\u00e4s, vankka ja pinottava baarijakkara!","rel":"","context":"Similar post","block_context":{"text":"Similar post","link":""},"img":{"alt_text":"Classic Baarijakkara musta","src":"https:\/\/i0.wp.com\/pohjanmaantehtaanmyymala.fi\/wp-content\/uploads\/2024\/02\/Classic-Baarijakkara-musta.jpg?fit=960%2C960&ssl=1&resize=350%2C200","width":350,"height":200,"srcset":"https:\/\/i0.wp.com\/pohjanmaantehtaanmyymala.fi\/wp-content\/uploads\/2024\/02\/Classic-Baarijakkara-musta.jpg?fit=960%2C960&ssl=1&resize=350%2C200 1x, https:\/\/i0.wp.com\/pohjanmaantehtaanmyymala.fi\/wp-content\/uploads\/2024\/02\/Classic-Baarijakkara-musta.jpg?fit=960%2C960&ssl=1&resize=525%2C300 1.5x, https:\/\/i0.wp.com\/pohjanmaantehtaanmyymala.fi\/wp-content\/uploads\/2024\/02\/Classic-Baarijakkara-musta.jpg?fit=960%2C960&ssl=1&resize=700%2C400 2x"},"classes":[]},{"id":24652,"url":"https:\/\/pohjanmaantehtaanmyymala.fi\/en\/tuote\/jelppi-porrasjakkara-useita-vareja\/","url_meta":{"origin":25728,"position":3},"title":"Jelppi porrasjakkara, useita v\u00e4rej\u00e4","author":"Miro Nevala","date":"January 29, 2024","format":false,"excerpt":"Tukeva porrasjakkara, valmistettu massiivikoivusta. V\u00e4rit musta, valkea ja py\u00f6kki. Toimitetaan pahvipakkausessa kasaamattomana. Korkeus 62 cm, leveys 33 cm, syvyys 53 cm","rel":"","context":"Similar post","block_context":{"text":"Similar post","link":""},"img":{"alt_text":"Jelppi porrasjakkara musta","src":"https:\/\/i0.wp.com\/pohjanmaantehtaanmyymala.fi\/wp-content\/uploads\/2024\/01\/Jelppi-porrasjakkara-musta-960dpi.jpg?fit=960%2C960&ssl=1&resize=350%2C200","width":350,"height":200,"srcset":"https:\/\/i0.wp.com\/pohjanmaantehtaanmyymala.fi\/wp-content\/uploads\/2024\/01\/Jelppi-porrasjakkara-musta-960dpi.jpg?fit=960%2C960&ssl=1&resize=350%2C200 1x, https:\/\/i0.wp.com\/pohjanmaantehtaanmyymala.fi\/wp-content\/uploads\/2024\/01\/Jelppi-porrasjakkara-musta-960dpi.jpg?fit=960%2C960&ssl=1&resize=525%2C300 1.5x, https:\/\/i0.wp.com\/pohjanmaantehtaanmyymala.fi\/wp-content\/uploads\/2024\/01\/Jelppi-porrasjakkara-musta-960dpi.jpg?fit=960%2C960&ssl=1&resize=700%2C400 2x"},"classes":[]},{"id":8644,"url":"https:\/\/pohjanmaantehtaanmyymala.fi\/en\/tuote\/classic-ruokaryhna\/","url_meta":{"origin":25728,"position":4},"title":"CLASSIC &#8211; ruokaryhm\u00e4 6:lla tuolilla","author":"petri","date":"September 14, 2019","format":false,"excerpt":"Tukeva Pohjanmaan Kalusteen valmistama massiivikoivuinen ruokaryhm\u00e4, joka kest\u00e4\u00e4 kovaakin k\u00e4ytt\u00f6\u00e4. Sis\u00e4lt\u00e4\u00e4 p\u00f6yd\u00e4n ja 6 kpl tuoleja. Ruokap\u00f6yd\u00e4n koko 175x90cm Tuolit puuistuimella. Saatavana my\u00f6s istuinverhoilulla, kysy lis\u00e4\u00e4 myynnist\u00e4mme. Toimitetaan tuolit valmiiksi koottuna p\u00f6yt\u00e4 jalat irrallaan.","rel":"","context":"Similar post","block_context":{"text":"Similar post","link":""},"img":{"alt_text":"Classic 90x175 cm p\u00e4hkin\u00e4 ruokailup\u00f6yt\u00e4 ja tuolit","src":"https:\/\/i0.wp.com\/pohjanmaantehtaanmyymala.fi\/wp-content\/uploads\/2019\/06\/Classic-90x175-DarkWalnut-6Classic-DarkWalnutEcoPU1.jpg?fit=960%2C960&ssl=1&resize=350%2C200","width":350,"height":200,"srcset":"https:\/\/i0.wp.com\/pohjanmaantehtaanmyymala.fi\/wp-content\/uploads\/2019\/06\/Classic-90x175-DarkWalnut-6Classic-DarkWalnutEcoPU1.jpg?fit=960%2C960&ssl=1&resize=350%2C200 1x, https:\/\/i0.wp.com\/pohjanmaantehtaanmyymala.fi\/wp-content\/uploads\/2019\/06\/Classic-90x175-DarkWalnut-6Classic-DarkWalnutEcoPU1.jpg?fit=960%2C960&ssl=1&resize=525%2C300 1.5x, https:\/\/i0.wp.com\/pohjanmaantehtaanmyymala.fi\/wp-content\/uploads\/2019\/06\/Classic-90x175-DarkWalnut-6Classic-DarkWalnutEcoPU1.jpg?fit=960%2C960&ssl=1&resize=700%2C400 2x"},"classes":[]},{"id":9391,"url":"https:\/\/pohjanmaantehtaanmyymala.fi\/en\/tuote\/economy-sahkopoyta-140x80-cm\/","url_meta":{"origin":25728,"position":5},"title":"Classic single \u2013 s\u00e4hk\u00f6p\u00f6yt\u00e4 120&#215;80 cm","author":"petri","date":"September 14, 2019","format":false,"excerpt":"Ergonomian ammattilaiset suosittelevat korkeuss\u00e4\u00e4dett\u00e4v\u00e4\u00e4 ty\u00f6p\u00f6yt\u00e4\u00e4 toimistoty\u00f6h\u00f6n.","rel":"","context":"Similar post","block_context":{"text":"Similar post","link":""},"img":{"alt_text":"Toplux Classic Single s\u00e4\u00e4t\u00f6p\u00f6yt\u00e4 ja Trillo ty\u00f6tuoli milj\u00f6\u00f6kuvassa","src":"https:\/\/i0.wp.com\/pohjanmaantehtaanmyymala.fi\/wp-content\/uploads\/2019\/09\/Single-saatopoyta.jpg?fit=1000%2C1000&ssl=1&resize=350%2C200","width":350,"height":200,"srcset":"https:\/\/i0.wp.com\/pohjanmaantehtaanmyymala.fi\/wp-content\/uploads\/2019\/09\/Single-saatopoyta.jpg?fit=1000%2C1000&ssl=1&resize=350%2C200 1x, https:\/\/i0.wp.com\/pohjanmaantehtaanmyymala.fi\/wp-content\/uploads\/2019\/09\/Single-saatopoyta.jpg?fit=1000%2C1000&ssl=1&resize=525%2C300 1.5x, https:\/\/i0.wp.com\/pohjanmaantehtaanmyymala.fi\/wp-content\/uploads\/2019\/09\/Single-saatopoyta.jpg?fit=1000%2C1000&ssl=1&resize=700%2C400 2x"},"classes":[]}],"_links":{"self":[{"href":"https:\/\/pohjanmaantehtaanmyymala.fi\/en\/wp-json\/wp\/v2\/product\/25728","targetHints":{"allow":["GET"]}}],"collection":[{"href":"https:\/\/pohjanmaantehtaanmyymala.fi\/en\/wp-json\/wp\/v2\/product"}],"about":[{"href":"https:\/\/pohjanmaantehtaanmyymala.fi\/en\/wp-json\/wp\/v2\/types\/product"}],"replies":[{"embeddable":true,"href":"https:\/\/pohjanmaantehtaanmyymala.fi\/en\/wp-json\/wp\/v2\/comments?post=25728"}],"wp:featuredmedia":[{"embeddable":true,"href":"https:\/\/pohjanmaantehtaanmyymala.fi\/en\/wp-json\/wp\/v2\/media\/25731"}],"wp:attachment":[{"href":"https:\/\/pohjanmaantehtaanmyymala.fi\/en\/wp-json\/wp\/v2\/media?parent=25728"}],"wp:term":[{"taxonomy":"product_brand","embeddable":true,"href":"https:\/\/pohjanmaantehtaanmyymala.fi\/en\/wp-json\/wp\/v2\/product_brand?post=25728"},{"taxonomy":"product_cat","embeddable":true,"href":"https:\/\/pohjanmaantehtaanmyymala.fi\/en\/wp-json\/wp\/v2\/product_cat?post=25728"},{"taxonomy":"product_tag","embeddable":true,"href":"https:\/\/pohjanmaantehtaanmyymala.fi\/en\/wp-json\/wp\/v2\/product_tag?post=25728"}],"curies":[{"name":"wp","href":"https:\/\/api.w.org\/{rel}","templated":true}]}}