{"id":25719,"date":"2024-02-19T12:24:15","date_gmt":"2024-02-19T10:24:15","guid":{"rendered":"https:\/\/pohjanmaantehtaanmyymala.fi\/?post_type=product&#038;p=25719"},"modified":"2024-12-30T11:33:41","modified_gmt":"2024-12-30T09:33:41","slug":"aarne-porrasjakkara-poistotuote","status":"publish","type":"product","link":"https:\/\/pohjanmaantehtaanmyymala.fi\/en\/tuote\/aarne-porrasjakkara-poistotuote\/","title":{"rendered":"Aarne-porrasjakkara POISTOTUOTE!"},"content":{"rendered":"<p>Nouse uusiin korkeuksiin kotimaisella Aarne-porrasjakkaran avulla. Aarne porrasjakkara yhdist\u00e4\u00e4 modernin ja perinteisen tyylin saumattomasti. Elegantti ja vahva design, istuin ja askelmat massiivipuuta, ja runko 40&#215;20 mm huonekaluputkea takaavat kest\u00e4vyyden ja tyylikk\u00e4\u00e4n ulkon\u00e4\u00f6n. T\u00e4m\u00e4 tuote on helppo koota ja toimitetaan osissa, tarjoten sek\u00e4 k\u00e4yt\u00e4nn\u00f6llisyytt\u00e4 ett\u00e4 visuaalista iloa. Saatavilla valkoisena!<\/p>\n<p><strong>Tuotetiedot:<\/strong><\/p>\n<p>Korkeus: 64 cm.<br \/>\nLeveys: 35 cm.<br \/>\nSyvyys: 49 cm.<br \/>\nIstuin ja askelmat: Petsattu musta massiivipuu.<br \/>\nToimitetaan osissa. Helppo koottava.<\/p>\n","protected":false},"excerpt":{"rendered":"<p>Elegantti ja tyylik\u00e4s porrasjakkara nyt POISTOHINTAAN!<\/p>\n","protected":false},"featured_media":25746,"comment_status":"closed","ping_status":"closed","template":"","meta":{"_acf_changed":false,"jetpack_post_was_ever_published":false,"jetpack_publicize_message":"","jetpack_publicize_feature_enabled":true,"jetpack_social_post_already_shared":true,"jetpack_social_options":{"image_generator_settings":{"template":"highway","default_image_id":0,"font":"","enabled":false},"version":2}},"product_brand":[],"product_cat":[213,124],"product_tag":[],"class_list":{"0":"post-25719","1":"product","2":"type-product","3":"status-publish","4":"has-post-thumbnail","6":"product_cat-outlet","7":"product_cat-muut-kalusteet","8":"pa_vari-musta","9":"pa_vari-valkoinen","11":"first","12":"instock","13":"sale","14":"shipping-taxable","15":"purchasable","16":"product-type-simple"},"acf":[],"jetpack_publicize_connections":[],"jetpack_sharing_enabled":true,"jetpack-related-posts":[{"id":25704,"url":"https:\/\/pohjanmaantehtaanmyymala.fi\/en\/tuote\/heikki-porrasjakkara-poistotuote\/","url_meta":{"origin":25719,"position":0},"title":"Heikki-porrasjakkara POISTOTUOTE!","author":"Miro Nevala","date":"February 19, 2024","format":false,"excerpt":"Elegantti ja k\u00e4tev\u00e4 porrasjakkara nyt POISTOHINTAAN!","rel":"","context":"Similar post","block_context":{"text":"Similar post","link":""},"img":{"alt_text":"Heikki porrasjakkara valkoinen","src":"https:\/\/i0.wp.com\/pohjanmaantehtaanmyymala.fi\/wp-content\/uploads\/2024\/02\/Heikki-porrasjakkara-valkoinen-1-960dpi.jpg?fit=960%2C960&ssl=1&resize=350%2C200","width":350,"height":200,"srcset":"https:\/\/i0.wp.com\/pohjanmaantehtaanmyymala.fi\/wp-content\/uploads\/2024\/02\/Heikki-porrasjakkara-valkoinen-1-960dpi.jpg?fit=960%2C960&ssl=1&resize=350%2C200 1x, https:\/\/i0.wp.com\/pohjanmaantehtaanmyymala.fi\/wp-content\/uploads\/2024\/02\/Heikki-porrasjakkara-valkoinen-1-960dpi.jpg?fit=960%2C960&ssl=1&resize=525%2C300 1.5x, https:\/\/i0.wp.com\/pohjanmaantehtaanmyymala.fi\/wp-content\/uploads\/2024\/02\/Heikki-porrasjakkara-valkoinen-1-960dpi.jpg?fit=960%2C960&ssl=1&resize=700%2C400 2x"},"classes":[]},{"id":25728,"url":"https:\/\/pohjanmaantehtaanmyymala.fi\/en\/tuote\/classic-63-porrasjakkara-poistotuote\/","url_meta":{"origin":25719,"position":1},"title":"Classic 63-porrasjakkara","author":"Miro Nevala","date":"February 19, 2024","format":false,"excerpt":"Elegantti ja ajaton porrasjakkara nyt POISTOHINTAAN!","rel":"","context":"Similar post","block_context":{"text":"Similar post","link":""},"img":{"alt_text":"Classic 63 porrasjakkara musta","src":"https:\/\/i0.wp.com\/pohjanmaantehtaanmyymala.fi\/wp-content\/uploads\/2024\/02\/Classic-63-porrasjakkara-musta-1-960dpi.jpg?fit=960%2C960&ssl=1&resize=350%2C200","width":350,"height":200,"srcset":"https:\/\/i0.wp.com\/pohjanmaantehtaanmyymala.fi\/wp-content\/uploads\/2024\/02\/Classic-63-porrasjakkara-musta-1-960dpi.jpg?fit=960%2C960&ssl=1&resize=350%2C200 1x, https:\/\/i0.wp.com\/pohjanmaantehtaanmyymala.fi\/wp-content\/uploads\/2024\/02\/Classic-63-porrasjakkara-musta-1-960dpi.jpg?fit=960%2C960&ssl=1&resize=525%2C300 1.5x, https:\/\/i0.wp.com\/pohjanmaantehtaanmyymala.fi\/wp-content\/uploads\/2024\/02\/Classic-63-porrasjakkara-musta-1-960dpi.jpg?fit=960%2C960&ssl=1&resize=700%2C400 2x"},"classes":[]},{"id":24652,"url":"https:\/\/pohjanmaantehtaanmyymala.fi\/en\/tuote\/jelppi-porrasjakkara-useita-vareja\/","url_meta":{"origin":25719,"position":2},"title":"Jelppi porrasjakkara, useita v\u00e4rej\u00e4","author":"Miro Nevala","date":"January 29, 2024","format":false,"excerpt":"Tukeva porrasjakkara, valmistettu massiivikoivusta. V\u00e4rit musta, valkea ja py\u00f6kki. Toimitetaan pahvipakkausessa kasaamattomana. Korkeus 62 cm, leveys 33 cm, syvyys 53 cm","rel":"","context":"Similar post","block_context":{"text":"Similar post","link":""},"img":{"alt_text":"Jelppi porrasjakkara musta","src":"https:\/\/i0.wp.com\/pohjanmaantehtaanmyymala.fi\/wp-content\/uploads\/2024\/01\/Jelppi-porrasjakkara-musta-960dpi.jpg?fit=960%2C960&ssl=1&resize=350%2C200","width":350,"height":200,"srcset":"https:\/\/i0.wp.com\/pohjanmaantehtaanmyymala.fi\/wp-content\/uploads\/2024\/01\/Jelppi-porrasjakkara-musta-960dpi.jpg?fit=960%2C960&ssl=1&resize=350%2C200 1x, https:\/\/i0.wp.com\/pohjanmaantehtaanmyymala.fi\/wp-content\/uploads\/2024\/01\/Jelppi-porrasjakkara-musta-960dpi.jpg?fit=960%2C960&ssl=1&resize=525%2C300 1.5x, https:\/\/i0.wp.com\/pohjanmaantehtaanmyymala.fi\/wp-content\/uploads\/2024\/01\/Jelppi-porrasjakkara-musta-960dpi.jpg?fit=960%2C960&ssl=1&resize=700%2C400 2x"},"classes":[]},{"id":26185,"url":"https:\/\/pohjanmaantehtaanmyymala.fi\/en\/tuote\/marcus-tuoli-musta\/","url_meta":{"origin":25719,"position":3},"title":"Marcus tuoli musta","author":"Miro Nevala","date":"October 2, 2024","format":false,"excerpt":"N\u00e4ytt\u00e4v\u00e4 ja elegantti ruokatuoli!","rel":"","context":"Similar post","block_context":{"text":"Similar post","link":""},"img":{"alt_text":"Marcus tuoli musta kulmakuva","src":"https:\/\/i0.wp.com\/pohjanmaantehtaanmyymala.fi\/wp-content\/uploads\/2024\/03\/Marcus-musta-kulmakuva.jpg?fit=960%2C960&ssl=1&resize=350%2C200","width":350,"height":200,"srcset":"https:\/\/i0.wp.com\/pohjanmaantehtaanmyymala.fi\/wp-content\/uploads\/2024\/03\/Marcus-musta-kulmakuva.jpg?fit=960%2C960&ssl=1&resize=350%2C200 1x, https:\/\/i0.wp.com\/pohjanmaantehtaanmyymala.fi\/wp-content\/uploads\/2024\/03\/Marcus-musta-kulmakuva.jpg?fit=960%2C960&ssl=1&resize=525%2C300 1.5x, https:\/\/i0.wp.com\/pohjanmaantehtaanmyymala.fi\/wp-content\/uploads\/2024\/03\/Marcus-musta-kulmakuva.jpg?fit=960%2C960&ssl=1&resize=700%2C400 2x"},"classes":[]},{"id":21271,"url":"https:\/\/pohjanmaantehtaanmyymala.fi\/en\/tuote\/pohjanmaan-grail-kulmasohva\/","url_meta":{"origin":25719,"position":4},"title":"Pohjanmaan Grail kulmasohva","author":"Sami Viitala","date":"September 8, 2022","format":false,"excerpt":"Pohjanmaan Kalusteen muhkea Grail kulmasohva kutsuu luokseen lempe\u00e4\u00e4n pehme\u00e4\u00e4n syleilyyn. T\u00e4m\u00e4 mahtava kulmasohva on my\u00f6s miellytt\u00e4v\u00e4n mukava istua. Grail sohvassa on normaalia syvempi ja tilava istuinosa, jossa pitkien ihmisten helpompi istua. Sohva on niin iso, ett\u00e4 siin\u00e4 pystyy vaikka nukkumaan. Grail-sohvan leve\u00e4t pehme\u00e4t k\u00e4sinojat korostavat sohvan muhkeaa olemusta. Kuvan sohva\u2026","rel":"","context":"Similar post","block_context":{"text":"Similar post","link":""},"img":{"alt_text":"Pohjanmaan Grail kulmasohva Megan-kankaalla keltainen","src":"https:\/\/i0.wp.com\/pohjanmaantehtaanmyymala.fi\/wp-content\/uploads\/2022\/09\/Grail_K26-R110-A110-L135-A110-K26_Megan90.jpg?fit=1200%2C1200&ssl=1&resize=350%2C200","width":350,"height":200,"srcset":"https:\/\/i0.wp.com\/pohjanmaantehtaanmyymala.fi\/wp-content\/uploads\/2022\/09\/Grail_K26-R110-A110-L135-A110-K26_Megan90.jpg?fit=1200%2C1200&ssl=1&resize=350%2C200 1x, https:\/\/i0.wp.com\/pohjanmaantehtaanmyymala.fi\/wp-content\/uploads\/2022\/09\/Grail_K26-R110-A110-L135-A110-K26_Megan90.jpg?fit=1200%2C1200&ssl=1&resize=525%2C300 1.5x, https:\/\/i0.wp.com\/pohjanmaantehtaanmyymala.fi\/wp-content\/uploads\/2022\/09\/Grail_K26-R110-A110-L135-A110-K26_Megan90.jpg?fit=1200%2C1200&ssl=1&resize=700%2C400 2x, https:\/\/i0.wp.com\/pohjanmaantehtaanmyymala.fi\/wp-content\/uploads\/2022\/09\/Grail_K26-R110-A110-L135-A110-K26_Megan90.jpg?fit=1200%2C1200&ssl=1&resize=1050%2C600 3x"},"classes":[]},{"id":23353,"url":"https:\/\/pohjanmaantehtaanmyymala.fi\/en\/tuote\/monaco-pyoriva-baarituoli-musta-nahka\/","url_meta":{"origin":25719,"position":5},"title":"Monaco py\u00f6riv\u00e4 baarituoli musta nahka","author":"Sami Viitala","date":"September 12, 2023","format":false,"excerpt":"Pu-nahkalla verhoiltu ja mustilla pulverimaalatuilla metallijaloilla varustettu py\u00f6riv\u00e4 keitti\u00f6saarekkeen tuoli.","rel":"","context":"Similar post","block_context":{"text":"Similar post","link":""},"img":{"alt_text":"Monaco baarituoli musta pu-nahka ja musta metallijalka","src":"https:\/\/i0.wp.com\/pohjanmaantehtaanmyymala.fi\/wp-content\/uploads\/2023\/09\/Monaco-baarituoli-1001322-1.jpg?fit=960%2C960&ssl=1&resize=350%2C200","width":350,"height":200,"srcset":"https:\/\/i0.wp.com\/pohjanmaantehtaanmyymala.fi\/wp-content\/uploads\/2023\/09\/Monaco-baarituoli-1001322-1.jpg?fit=960%2C960&ssl=1&resize=350%2C200 1x, https:\/\/i0.wp.com\/pohjanmaantehtaanmyymala.fi\/wp-content\/uploads\/2023\/09\/Monaco-baarituoli-1001322-1.jpg?fit=960%2C960&ssl=1&resize=525%2C300 1.5x, https:\/\/i0.wp.com\/pohjanmaantehtaanmyymala.fi\/wp-content\/uploads\/2023\/09\/Monaco-baarituoli-1001322-1.jpg?fit=960%2C960&ssl=1&resize=700%2C400 2x"},"classes":[]}],"_links":{"self":[{"href":"https:\/\/pohjanmaantehtaanmyymala.fi\/en\/wp-json\/wp\/v2\/product\/25719","targetHints":{"allow":["GET"]}}],"collection":[{"href":"https:\/\/pohjanmaantehtaanmyymala.fi\/en\/wp-json\/wp\/v2\/product"}],"about":[{"href":"https:\/\/pohjanmaantehtaanmyymala.fi\/en\/wp-json\/wp\/v2\/types\/product"}],"replies":[{"embeddable":true,"href":"https:\/\/pohjanmaantehtaanmyymala.fi\/en\/wp-json\/wp\/v2\/comments?post=25719"}],"wp:featuredmedia":[{"embeddable":true,"href":"https:\/\/pohjanmaantehtaanmyymala.fi\/en\/wp-json\/wp\/v2\/media\/25746"}],"wp:attachment":[{"href":"https:\/\/pohjanmaantehtaanmyymala.fi\/en\/wp-json\/wp\/v2\/media?parent=25719"}],"wp:term":[{"taxonomy":"product_brand","embeddable":true,"href":"https:\/\/pohjanmaantehtaanmyymala.fi\/en\/wp-json\/wp\/v2\/product_brand?post=25719"},{"taxonomy":"product_cat","embeddable":true,"href":"https:\/\/pohjanmaantehtaanmyymala.fi\/en\/wp-json\/wp\/v2\/product_cat?post=25719"},{"taxonomy":"product_tag","embeddable":true,"href":"https:\/\/pohjanmaantehtaanmyymala.fi\/en\/wp-json\/wp\/v2\/product_tag?post=25719"}],"curies":[{"name":"wp","href":"https:\/\/api.w.org\/{rel}","templated":true}]}}