{"id":25599,"date":"2024-02-16T11:50:42","date_gmt":"2024-02-16T09:50:42","guid":{"rendered":"https:\/\/pohjanmaantehtaanmyymala.fi\/?post_type=product&#038;p=25599"},"modified":"2026-03-02T15:56:13","modified_gmt":"2026-03-02T13:56:13","slug":"mirjan-kulmasohva-2k2-mine-kangas","status":"publish","type":"product","link":"https:\/\/pohjanmaantehtaanmyymala.fi\/en\/tuote\/mirjan-kulmasohva-2k2-mine-kangas\/","title":{"rendered":"Mirjan kulmasohva 2K2 Mine-kangas"},"content":{"rendered":"<p>Mirjam kulmasohva 2K2 kutsuu luokseen tyylikkyydell\u00e4\u00e4n ja pehmeydell\u00e4\u00e4n. Sen irralliset istuin- ja selk\u00e4tyynyt tekev\u00e4t puhtaanapidosta vaivatonta, antaen samalla mahdollisuuden luoda juuri haluamasi asetelman.\u00a0 Mirjam kulmasohva on suunniteltu tarjoamaan rennon pehme\u00e4 ja kimmoisa istuintuntuma, joka kutsuu rentoutumaan pitkien p\u00e4ivien j\u00e4lkeen. Sohvan koon ansiosta koko perhe mahtuu istumaan siin\u00e4!<\/p>\n<p>Mirjam kulmasohvan korkea jalka tekee sohvasta kevyen n\u00e4k\u00f6isen ja helpottaa sohvan alustan siivoamisessa. My\u00f6s robotti-imuri mahtuu sohvan alle.<\/p>\n<p>Kuvan sohva on verhoiltu Mine-kankaalla, josta on valittavana useita eri v\u00e4rej\u00e4.<\/p>\n<p>Mirjam sohvaa on saatavilla useilla eri kokoonpanoyhdistelmill\u00e4. Voit r\u00e4\u00e4t\u00e4l\u00f6id\u00e4 sohvasta juuri itsellesi sopivan mallin. Saatavilla useille eri kankailla verhoiltuna.<\/p>\n<p><a href=\"https:\/\/pohjanmaantehtaanmyymala.fi\/yhteys\/\">Kysy myyynnist\u00e4mme list\u00e4tietoa!<\/a><\/p>\n<h3><strong>Tuotetiedot:<\/strong><\/h3>\n<p>Mittatiedot:<br \/>\nKoko: Leveys: 220&#215;220 cm.<br \/>\nIstuinkorkeus: 50 cm.<br \/>\nIstuinsyvyys: 56 cm.<br \/>\nKorkeus: 90 cm.<br \/>\nSyvyys: 88 cm.<br \/>\nVerhoilu: Mine kangas. 96 % polyeseri, 4 % nylon.<br \/>\nIstuinpehmuste: Vaahtomuovi.<br \/>\nSelk\u00e4tyynyt: Polyesterivanut\u00e4yte.<br \/>\nRunko: Massiivipuu, vaneri ja kovalevy.<br \/>\nJalat: Koivua.<\/p>\n<p>&nbsp;<\/p>\n","protected":false},"excerpt":{"rendered":"<p>Tyylik\u00e4s ja helppohoitoinen Mirjam kulmasohva kutsuu sinua istuinmukavuudellaan!<\/p>\n","protected":false},"featured_media":25617,"comment_status":"closed","ping_status":"closed","template":"","meta":{"_acf_changed":false,"jetpack_post_was_ever_published":false,"jetpack_publicize_message":"","jetpack_publicize_feature_enabled":true,"jetpack_social_post_already_shared":true,"jetpack_social_options":{"image_generator_settings":{"template":"highway","default_image_id":0,"font":"","enabled":false},"version":2}},"product_brand":[208],"product_cat":[201],"product_tag":[],"class_list":{"0":"post-25599","1":"product","2":"type-product","3":"status-publish","4":"has-post-thumbnail","6":"product_brand-ermatiko","7":"product_cat-sohvat","8":"pa_vari-mine-05-beige","9":"pa_vari-mine-10-liver","10":"pa_vari-mine-129-mandarin","11":"pa_vari-mine-153-demin","12":"pa_vari-mine-17-chocolate","13":"pa_vari-mine-180-dolphin","14":"pa_vari-mine-26-mango","15":"pa_vari-mine-57-lime","16":"pa_vari-mine-65-grey","18":"first","19":"instock","20":"sale","21":"shipping-taxable","22":"purchasable","23":"product-type-variable","24":"has-default-attributes"},"acf":[],"jetpack_publicize_connections":[],"jetpack_sharing_enabled":true,"jetpack-related-posts":[{"id":25573,"url":"https:\/\/pohjanmaantehtaanmyymala.fi\/en\/tuote\/mirjam-avokulmasohva\/","url_meta":{"origin":25599,"position":0},"title":"Mirjam avokulmasohva","author":"Miro Nevala","date":"March 5, 2024","format":false,"excerpt":"Tyylik\u00e4s ja helppohoitoinen Mirjam kutsuu sinua istuinmukavuudellaan!","rel":"","context":"Similar post","block_context":{"text":"Similar post","link":""},"img":{"alt_text":"Mirjam avokulma Daniela kangas vasen puoli","src":"https:\/\/i0.wp.com\/pohjanmaantehtaanmyymala.fi\/wp-content\/uploads\/2024\/02\/Mirjan-avokulma-Daniela-kangas-vasen-960dpi.jpg?fit=960%2C960&ssl=1&resize=350%2C200","width":350,"height":200,"srcset":"https:\/\/i0.wp.com\/pohjanmaantehtaanmyymala.fi\/wp-content\/uploads\/2024\/02\/Mirjan-avokulma-Daniela-kangas-vasen-960dpi.jpg?fit=960%2C960&ssl=1&resize=350%2C200 1x, https:\/\/i0.wp.com\/pohjanmaantehtaanmyymala.fi\/wp-content\/uploads\/2024\/02\/Mirjan-avokulma-Daniela-kangas-vasen-960dpi.jpg?fit=960%2C960&ssl=1&resize=525%2C300 1.5x, https:\/\/i0.wp.com\/pohjanmaantehtaanmyymala.fi\/wp-content\/uploads\/2024\/02\/Mirjan-avokulma-Daniela-kangas-vasen-960dpi.jpg?fit=960%2C960&ssl=1&resize=700%2C400 2x"},"classes":[]},{"id":25543,"url":"https:\/\/pohjanmaantehtaanmyymala.fi\/en\/tuote\/marta-avokulmasohva-hygge-kankaalla\/","url_meta":{"origin":25599,"position":1},"title":"Marta avokulmasohva Hygge-kankaalla","author":"Miro Nevala","date":"February 15, 2024","format":false,"excerpt":"Persoonallien kulmasohva! Valitse k\u00e4tisyys.","rel":"","context":"Similar post","block_context":{"text":"Similar post","link":""},"img":{"alt_text":"Marta avokulma oikeak\u00e4tisyys Hygge kankaalla","src":"https:\/\/i0.wp.com\/pohjanmaantehtaanmyymala.fi\/wp-content\/uploads\/2024\/02\/Marta_avokulma_oikea_2-960dpi.jpg?fit=960%2C960&ssl=1&resize=350%2C200","width":350,"height":200,"srcset":"https:\/\/i0.wp.com\/pohjanmaantehtaanmyymala.fi\/wp-content\/uploads\/2024\/02\/Marta_avokulma_oikea_2-960dpi.jpg?fit=960%2C960&ssl=1&resize=350%2C200 1x, https:\/\/i0.wp.com\/pohjanmaantehtaanmyymala.fi\/wp-content\/uploads\/2024\/02\/Marta_avokulma_oikea_2-960dpi.jpg?fit=960%2C960&ssl=1&resize=525%2C300 1.5x, https:\/\/i0.wp.com\/pohjanmaantehtaanmyymala.fi\/wp-content\/uploads\/2024\/02\/Marta_avokulma_oikea_2-960dpi.jpg?fit=960%2C960&ssl=1&resize=700%2C400 2x"},"classes":[]},{"id":23944,"url":"https:\/\/pohjanmaantehtaanmyymala.fi\/en\/tuote\/marta-avokulmasohva-retrobliss-kankaalla\/","url_meta":{"origin":25599,"position":2},"title":"Marta avokulmasohva RetroBliss-kankaalla","author":"Sami Viitala","date":"November 6, 2023","format":false,"excerpt":"Persoonallien kulmasohva! Valitse k\u00e4tisyys.","rel":"","context":"Similar post","block_context":{"text":"Similar post","link":""},"img":{"alt_text":"Marta avokulma oikeak\u00e4tinen, harmaa Retro Bliss kangas","src":"https:\/\/i0.wp.com\/pohjanmaantehtaanmyymala.fi\/wp-content\/uploads\/2023\/11\/Marta-avokulma-kangas.jpg?fit=960%2C960&ssl=1&resize=350%2C200","width":350,"height":200,"srcset":"https:\/\/i0.wp.com\/pohjanmaantehtaanmyymala.fi\/wp-content\/uploads\/2023\/11\/Marta-avokulma-kangas.jpg?fit=960%2C960&ssl=1&resize=350%2C200 1x, https:\/\/i0.wp.com\/pohjanmaantehtaanmyymala.fi\/wp-content\/uploads\/2023\/11\/Marta-avokulma-kangas.jpg?fit=960%2C960&ssl=1&resize=525%2C300 1.5x, https:\/\/i0.wp.com\/pohjanmaantehtaanmyymala.fi\/wp-content\/uploads\/2023\/11\/Marta-avokulma-kangas.jpg?fit=960%2C960&ssl=1&resize=700%2C400 2x"},"classes":[]},{"id":27533,"url":"https:\/\/pohjanmaantehtaanmyymala.fi\/en\/tuote\/pohjanmaan-moduli-kulmasohva-2-ist-kulma2-ist\/","url_meta":{"origin":25599,"position":3},"title":"Pohjanmaan MODULI kulmasohva 2-ist.+kulma+2-ist.","author":"Sami Viitala","date":"November 9, 2024","format":false,"excerpt":"Klassinen Moduli kulmasohva kangasverhoiltuna.","rel":"","context":"Similar post","block_context":{"text":"Similar post","link":""},"img":{"alt_text":"Moduli kulmasohva 2-istuttava iso kulmaosa ja 2-istuttava Cloud-kankaalla harmaa v\u00e4ri","src":"https:\/\/i0.wp.com\/pohjanmaantehtaanmyymala.fi\/wp-content\/uploads\/2024\/11\/Pohjanmaan_Moduli_kulmasohva_2K2-Cloud.jpg?fit=960%2C960&ssl=1&resize=350%2C200","width":350,"height":200,"srcset":"https:\/\/i0.wp.com\/pohjanmaantehtaanmyymala.fi\/wp-content\/uploads\/2024\/11\/Pohjanmaan_Moduli_kulmasohva_2K2-Cloud.jpg?fit=960%2C960&ssl=1&resize=350%2C200 1x, https:\/\/i0.wp.com\/pohjanmaantehtaanmyymala.fi\/wp-content\/uploads\/2024\/11\/Pohjanmaan_Moduli_kulmasohva_2K2-Cloud.jpg?fit=960%2C960&ssl=1&resize=525%2C300 1.5x, https:\/\/i0.wp.com\/pohjanmaantehtaanmyymala.fi\/wp-content\/uploads\/2024\/11\/Pohjanmaan_Moduli_kulmasohva_2K2-Cloud.jpg?fit=960%2C960&ssl=1&resize=700%2C400 2x"},"classes":[]},{"id":8707,"url":"https:\/\/pohjanmaantehtaanmyymala.fi\/en\/tuote\/copenhagen-kulma-sohva\/","url_meta":{"origin":25599,"position":4},"title":"COPENHAGEN kulmasohva","author":"petri","date":"September 14, 2019","format":false,"excerpt":"Iso sohva isoon tilaan!","rel":"","context":"Similar post","block_context":{"text":"Similar post","link":""},"img":{"alt_text":"Copenhagen kulmasohva harmaa labrador nahka","src":"https:\/\/i0.wp.com\/pohjanmaantehtaanmyymala.fi\/wp-content\/uploads\/2019\/09\/copenhagen_k27_c_l_d2_lab43_wenge_3_kulmasohva.jpg?fit=1200%2C1200&ssl=1&resize=350%2C200","width":350,"height":200,"srcset":"https:\/\/i0.wp.com\/pohjanmaantehtaanmyymala.fi\/wp-content\/uploads\/2019\/09\/copenhagen_k27_c_l_d2_lab43_wenge_3_kulmasohva.jpg?fit=1200%2C1200&ssl=1&resize=350%2C200 1x, https:\/\/i0.wp.com\/pohjanmaantehtaanmyymala.fi\/wp-content\/uploads\/2019\/09\/copenhagen_k27_c_l_d2_lab43_wenge_3_kulmasohva.jpg?fit=1200%2C1200&ssl=1&resize=525%2C300 1.5x, https:\/\/i0.wp.com\/pohjanmaantehtaanmyymala.fi\/wp-content\/uploads\/2019\/09\/copenhagen_k27_c_l_d2_lab43_wenge_3_kulmasohva.jpg?fit=1200%2C1200&ssl=1&resize=700%2C400 2x, https:\/\/i0.wp.com\/pohjanmaantehtaanmyymala.fi\/wp-content\/uploads\/2019\/09\/copenhagen_k27_c_l_d2_lab43_wenge_3_kulmasohva.jpg?fit=1200%2C1200&ssl=1&resize=1050%2C600 3x"},"classes":[]},{"id":16407,"url":"https:\/\/pohjanmaantehtaanmyymala.fi\/en\/tuote\/amiral-2k2-kulmasohva-nahkaa\/","url_meta":{"origin":25599,"position":5},"title":"AMIRAL 2+kulma+2 kulmasohva nahkaa","author":"Sami Viitala","date":"February 11, 2021","format":false,"excerpt":"Todella laadukkaat Pohjanmaan Kalusteen valmistamat sohvat tehd\u00e4\u00e4n parhaista materiaaleista 60 vuoden kokemuksella.","rel":"","context":"Similar post","block_context":{"text":"Similar post","link":""},"img":{"alt_text":"Amiral kulmasohva nahkaa ruskea","src":"https:\/\/i0.wp.com\/pohjanmaantehtaanmyymala.fi\/wp-content\/uploads\/2021\/02\/Amiral-2Kulma2-nahka.jpg?fit=1200%2C1200&ssl=1&resize=350%2C200","width":350,"height":200,"srcset":"https:\/\/i0.wp.com\/pohjanmaantehtaanmyymala.fi\/wp-content\/uploads\/2021\/02\/Amiral-2Kulma2-nahka.jpg?fit=1200%2C1200&ssl=1&resize=350%2C200 1x, https:\/\/i0.wp.com\/pohjanmaantehtaanmyymala.fi\/wp-content\/uploads\/2021\/02\/Amiral-2Kulma2-nahka.jpg?fit=1200%2C1200&ssl=1&resize=525%2C300 1.5x, https:\/\/i0.wp.com\/pohjanmaantehtaanmyymala.fi\/wp-content\/uploads\/2021\/02\/Amiral-2Kulma2-nahka.jpg?fit=1200%2C1200&ssl=1&resize=700%2C400 2x, https:\/\/i0.wp.com\/pohjanmaantehtaanmyymala.fi\/wp-content\/uploads\/2021\/02\/Amiral-2Kulma2-nahka.jpg?fit=1200%2C1200&ssl=1&resize=1050%2C600 3x"},"classes":[]}],"_links":{"self":[{"href":"https:\/\/pohjanmaantehtaanmyymala.fi\/en\/wp-json\/wp\/v2\/product\/25599","targetHints":{"allow":["GET"]}}],"collection":[{"href":"https:\/\/pohjanmaantehtaanmyymala.fi\/en\/wp-json\/wp\/v2\/product"}],"about":[{"href":"https:\/\/pohjanmaantehtaanmyymala.fi\/en\/wp-json\/wp\/v2\/types\/product"}],"replies":[{"embeddable":true,"href":"https:\/\/pohjanmaantehtaanmyymala.fi\/en\/wp-json\/wp\/v2\/comments?post=25599"}],"wp:featuredmedia":[{"embeddable":true,"href":"https:\/\/pohjanmaantehtaanmyymala.fi\/en\/wp-json\/wp\/v2\/media\/25617"}],"wp:attachment":[{"href":"https:\/\/pohjanmaantehtaanmyymala.fi\/en\/wp-json\/wp\/v2\/media?parent=25599"}],"wp:term":[{"taxonomy":"product_brand","embeddable":true,"href":"https:\/\/pohjanmaantehtaanmyymala.fi\/en\/wp-json\/wp\/v2\/product_brand?post=25599"},{"taxonomy":"product_cat","embeddable":true,"href":"https:\/\/pohjanmaantehtaanmyymala.fi\/en\/wp-json\/wp\/v2\/product_cat?post=25599"},{"taxonomy":"product_tag","embeddable":true,"href":"https:\/\/pohjanmaantehtaanmyymala.fi\/en\/wp-json\/wp\/v2\/product_tag?post=25599"}],"curies":[{"name":"wp","href":"https:\/\/api.w.org\/{rel}","templated":true}]}}