{"id":25451,"date":"2024-02-15T14:02:40","date_gmt":"2024-02-15T12:02:40","guid":{"rendered":"https:\/\/pohjanmaantehtaanmyymala.fi\/?post_type=product&#038;p=25451"},"modified":"2025-08-28T15:45:35","modified_gmt":"2025-08-28T13:45:35","slug":"marta-sohvat-connect-kankaalla","status":"publish","type":"product","link":"https:\/\/pohjanmaantehtaanmyymala.fi\/en\/tuote\/marta-sohvat-connect-kankaalla\/","title":{"rendered":"Marta 2,5 ja 2-istuttavat sohvat alk. kankaalla"},"content":{"rendered":"<p>Kevytilmeinen Marta sohva on hyv\u00e4 valinta olohuoneeseen! Martassa on persoonalliset tikkaukset ja tyynyjen sis\u00e4\u00e4nvedot, jotka tuovat sovalle omanlaista ilmett\u00e4\u00e4. Martta sohvassa on irroitettavat istuin- ja selk\u00e4tyynyt. Marta sohva on ryhdik\u00e4s mutta pehme\u00e4 ja miellytt\u00e4v\u00e4 istuinmukavuus. Korkea jalka tekee Marta-sohvasta kevyen n\u00e4k\u00f6isen ja helpottaa sohvan alustan siivoamisessa. My\u00f6s robotti-imuri mahtuu sohvan alle.<\/p>\n<p>Marta on valmistettu laadukkailla materiaaleilla: kest\u00e4v\u00e4 puurunko, laadukkaat pehmusteet sek\u00e4 verhoilukangas takaavat mukavia istumahetki\u00e4 vuosiksi eteenp\u00e4in.<\/p>\n<p>verhoilun voi valita useista\u00a0 kangasvaihtoehdoista. Valittavana useita eri malleja ja v\u00e4rej\u00e4.<\/p>\n<p>Martta-mallistoa on saatavilla 3 eri k\u00e4sinojavaihtoehdolla.<\/p>\n<p>Linkki valmistajan <a href=\"https:\/\/ermatiko.ee\/wp-content\/uploads\/2018\/04\/Ermatiko-infoleht-Marta_ENG_3.pdf\" target=\"_blank\" rel=\"noopener\">Martta-tuotetiedostoon.<\/a><\/p>\n<p>Martta-modulisohvaa saa muillakin eri kokoonpanoilla.<\/p>\n<p>Kysy tarjous <a href=\"https:\/\/pohjanmaantehtaanmyymala.fi\/yhteys\/\">myynnist\u00e4mme!<\/a><\/p>\n<h3>Tuotetiedot:<\/h3>\n<p>Mittatiedot:<br \/>\nIstuinkorkeus: 48 cm.<br \/>\nIstuinsyvyys: 53 cm.<br \/>\n2,5-istuttavan sohva leveys: 182 cm.<br \/>\n2-istuttavan sohva leveys: 152 cm.<br \/>\nSyvyys 88 cm.<br \/>\nKorkeus: 90 cm.<\/p>\n<p>Verhoilu: hintaryhm\u00e4 1<br \/>\nIstuinpehmuste: Vaahtomuovi.<br \/>\nSelk\u00e4tyynyt: Polyesterivanut\u00e4yte.<br \/>\nIrralliset istuin- ja selk\u00e4tyynyt. Ei k\u00e4\u00e4nnett\u00e4viss\u00e4.<br \/>\nRunko:Massiivipuu, vaneri ja kovalevy.<br \/>\nJalat: Mustaksi petsattu koivu.<\/p>\n","protected":false},"excerpt":{"rendered":"<p>Saatavana useita eri vaihtoehtoja.<\/p>\n","protected":false},"featured_media":27085,"comment_status":"closed","ping_status":"closed","template":"","meta":{"_acf_changed":false,"jetpack_post_was_ever_published":false,"jetpack_publicize_message":"","jetpack_publicize_feature_enabled":true,"jetpack_social_post_already_shared":true,"jetpack_social_options":{"image_generator_settings":{"template":"highway","default_image_id":0,"font":"","enabled":false},"version":2}},"product_brand":[208],"product_cat":[201],"product_tag":[],"class_list":{"0":"post-25451","1":"product","2":"type-product","3":"status-publish","4":"has-post-thumbnail","6":"product_brand-ermatiko","7":"product_cat-sohvat","8":"product_shipping_class-161","10":"first","11":"instock","12":"sale","13":"purchasable","14":"product-type-simple"},"acf":[],"jetpack_publicize_connections":[],"jetpack_sharing_enabled":true,"jetpack-related-posts":[{"id":25474,"url":"https:\/\/pohjanmaantehtaanmyymala.fi\/en\/tuote\/marta-3-istuttava-sohva\/","url_meta":{"origin":25451,"position":0},"title":"Marta 3-istuttava sohva","author":"Miro Nevala","date":"February 15, 2024","format":false,"excerpt":"Persoonallien sohva. Valitse v\u00e4ri kattavasta valikoimasta!","rel":"","context":"Similar post","block_context":{"text":"Similar post","link":""},"img":{"alt_text":"Marta 3-istuttava sohva v\u00e4ri roosa","src":"https:\/\/i0.wp.com\/pohjanmaantehtaanmyymala.fi\/wp-content\/uploads\/2024\/02\/Marta-3-istuttava-roosa-960dpi.jpg?fit=960%2C960&ssl=1&resize=350%2C200","width":350,"height":200,"srcset":"https:\/\/i0.wp.com\/pohjanmaantehtaanmyymala.fi\/wp-content\/uploads\/2024\/02\/Marta-3-istuttava-roosa-960dpi.jpg?fit=960%2C960&ssl=1&resize=350%2C200 1x, https:\/\/i0.wp.com\/pohjanmaantehtaanmyymala.fi\/wp-content\/uploads\/2024\/02\/Marta-3-istuttava-roosa-960dpi.jpg?fit=960%2C960&ssl=1&resize=525%2C300 1.5x, https:\/\/i0.wp.com\/pohjanmaantehtaanmyymala.fi\/wp-content\/uploads\/2024\/02\/Marta-3-istuttava-roosa-960dpi.jpg?fit=960%2C960&ssl=1&resize=700%2C400 2x"},"classes":[]},{"id":25528,"url":"https:\/\/pohjanmaantehtaanmyymala.fi\/en\/tuote\/marta-2-istuttava-sohva\/","url_meta":{"origin":25451,"position":1},"title":"Marta 2-istuttava sohva","author":"Miro Nevala","date":"February 15, 2024","format":false,"excerpt":"Persoonallien sohva. Valitse v\u00e4ri kattavasta valikoimasta!","rel":"","context":"Similar post","block_context":{"text":"Similar post","link":""},"img":{"alt_text":"Marta 2-istuttava sohva v\u00e4ri roosa","src":"https:\/\/i0.wp.com\/pohjanmaantehtaanmyymala.fi\/wp-content\/uploads\/2024\/02\/Marta-2-istuttava-roosa-960dpi.jpg?fit=960%2C960&ssl=1&resize=350%2C200","width":350,"height":200,"srcset":"https:\/\/i0.wp.com\/pohjanmaantehtaanmyymala.fi\/wp-content\/uploads\/2024\/02\/Marta-2-istuttava-roosa-960dpi.jpg?fit=960%2C960&ssl=1&resize=350%2C200 1x, https:\/\/i0.wp.com\/pohjanmaantehtaanmyymala.fi\/wp-content\/uploads\/2024\/02\/Marta-2-istuttava-roosa-960dpi.jpg?fit=960%2C960&ssl=1&resize=525%2C300 1.5x, https:\/\/i0.wp.com\/pohjanmaantehtaanmyymala.fi\/wp-content\/uploads\/2024\/02\/Marta-2-istuttava-roosa-960dpi.jpg?fit=960%2C960&ssl=1&resize=700%2C400 2x"},"classes":[]},{"id":25543,"url":"https:\/\/pohjanmaantehtaanmyymala.fi\/en\/tuote\/marta-avokulmasohva-hygge-kankaalla\/","url_meta":{"origin":25451,"position":2},"title":"Marta avokulmasohva Hygge-kankaalla","author":"Miro Nevala","date":"February 15, 2024","format":false,"excerpt":"Persoonallien kulmasohva! Valitse k\u00e4tisyys.","rel":"","context":"Similar post","block_context":{"text":"Similar post","link":""},"img":{"alt_text":"Marta avokulma oikeak\u00e4tisyys Hygge kankaalla","src":"https:\/\/i0.wp.com\/pohjanmaantehtaanmyymala.fi\/wp-content\/uploads\/2024\/02\/Marta_avokulma_oikea_2-960dpi.jpg?fit=960%2C960&ssl=1&resize=350%2C200","width":350,"height":200,"srcset":"https:\/\/i0.wp.com\/pohjanmaantehtaanmyymala.fi\/wp-content\/uploads\/2024\/02\/Marta_avokulma_oikea_2-960dpi.jpg?fit=960%2C960&ssl=1&resize=350%2C200 1x, https:\/\/i0.wp.com\/pohjanmaantehtaanmyymala.fi\/wp-content\/uploads\/2024\/02\/Marta_avokulma_oikea_2-960dpi.jpg?fit=960%2C960&ssl=1&resize=525%2C300 1.5x, https:\/\/i0.wp.com\/pohjanmaantehtaanmyymala.fi\/wp-content\/uploads\/2024\/02\/Marta_avokulma_oikea_2-960dpi.jpg?fit=960%2C960&ssl=1&resize=700%2C400 2x"},"classes":[]},{"id":23944,"url":"https:\/\/pohjanmaantehtaanmyymala.fi\/en\/tuote\/marta-avokulmasohva-retrobliss-kankaalla\/","url_meta":{"origin":25451,"position":3},"title":"Marta avokulmasohva RetroBliss-kankaalla","author":"Sami Viitala","date":"November 6, 2023","format":false,"excerpt":"Persoonallien kulmasohva! Valitse k\u00e4tisyys.","rel":"","context":"Similar post","block_context":{"text":"Similar post","link":""},"img":{"alt_text":"Marta avokulma oikeak\u00e4tinen, harmaa Retro Bliss kangas","src":"https:\/\/i0.wp.com\/pohjanmaantehtaanmyymala.fi\/wp-content\/uploads\/2023\/11\/Marta-avokulma-kangas.jpg?fit=960%2C960&ssl=1&resize=350%2C200","width":350,"height":200,"srcset":"https:\/\/i0.wp.com\/pohjanmaantehtaanmyymala.fi\/wp-content\/uploads\/2023\/11\/Marta-avokulma-kangas.jpg?fit=960%2C960&ssl=1&resize=350%2C200 1x, https:\/\/i0.wp.com\/pohjanmaantehtaanmyymala.fi\/wp-content\/uploads\/2023\/11\/Marta-avokulma-kangas.jpg?fit=960%2C960&ssl=1&resize=525%2C300 1.5x, https:\/\/i0.wp.com\/pohjanmaantehtaanmyymala.fi\/wp-content\/uploads\/2023\/11\/Marta-avokulma-kangas.jpg?fit=960%2C960&ssl=1&resize=700%2C400 2x"},"classes":[]},{"id":22834,"url":"https:\/\/pohjanmaantehtaanmyymala.fi\/en\/tuote\/marta-avokulmasohva-connect-kankaalla\/","url_meta":{"origin":25451,"position":4},"title":"Marta avokulmasohva Storm-kankaalla","author":"Sami Viitala","date":"April 12, 2023","format":false,"excerpt":"Persoonallien kulmasohva! Valitse k\u00e4tisyys.","rel":"","context":"Similar post","block_context":{"text":"Similar post","link":""},"img":{"alt_text":"Marta avokulmasohva harmaalla kankaalla avo-osa oikealla edest\u00e4 p\u00e4in katsottuna","src":"https:\/\/i0.wp.com\/pohjanmaantehtaanmyymala.fi\/wp-content\/uploads\/2023\/04\/Marta_avokulmasohva_vasen.jpg?fit=960%2C960&ssl=1&resize=350%2C200","width":350,"height":200,"srcset":"https:\/\/i0.wp.com\/pohjanmaantehtaanmyymala.fi\/wp-content\/uploads\/2023\/04\/Marta_avokulmasohva_vasen.jpg?fit=960%2C960&ssl=1&resize=350%2C200 1x, https:\/\/i0.wp.com\/pohjanmaantehtaanmyymala.fi\/wp-content\/uploads\/2023\/04\/Marta_avokulmasohva_vasen.jpg?fit=960%2C960&ssl=1&resize=525%2C300 1.5x, https:\/\/i0.wp.com\/pohjanmaantehtaanmyymala.fi\/wp-content\/uploads\/2023\/04\/Marta_avokulmasohva_vasen.jpg?fit=960%2C960&ssl=1&resize=700%2C400 2x"},"classes":[]},{"id":25573,"url":"https:\/\/pohjanmaantehtaanmyymala.fi\/en\/tuote\/mirjam-avokulmasohva\/","url_meta":{"origin":25451,"position":5},"title":"Mirjam avokulmasohva","author":"Miro Nevala","date":"March 5, 2024","format":false,"excerpt":"Tyylik\u00e4s ja helppohoitoinen Mirjam kutsuu sinua istuinmukavuudellaan!","rel":"","context":"Similar post","block_context":{"text":"Similar post","link":""},"img":{"alt_text":"Mirjam avokulma Daniela kangas vasen puoli","src":"https:\/\/i0.wp.com\/pohjanmaantehtaanmyymala.fi\/wp-content\/uploads\/2024\/02\/Mirjan-avokulma-Daniela-kangas-vasen-960dpi.jpg?fit=960%2C960&ssl=1&resize=350%2C200","width":350,"height":200,"srcset":"https:\/\/i0.wp.com\/pohjanmaantehtaanmyymala.fi\/wp-content\/uploads\/2024\/02\/Mirjan-avokulma-Daniela-kangas-vasen-960dpi.jpg?fit=960%2C960&ssl=1&resize=350%2C200 1x, https:\/\/i0.wp.com\/pohjanmaantehtaanmyymala.fi\/wp-content\/uploads\/2024\/02\/Mirjan-avokulma-Daniela-kangas-vasen-960dpi.jpg?fit=960%2C960&ssl=1&resize=525%2C300 1.5x, https:\/\/i0.wp.com\/pohjanmaantehtaanmyymala.fi\/wp-content\/uploads\/2024\/02\/Mirjan-avokulma-Daniela-kangas-vasen-960dpi.jpg?fit=960%2C960&ssl=1&resize=700%2C400 2x"},"classes":[]}],"_links":{"self":[{"href":"https:\/\/pohjanmaantehtaanmyymala.fi\/en\/wp-json\/wp\/v2\/product\/25451","targetHints":{"allow":["GET"]}}],"collection":[{"href":"https:\/\/pohjanmaantehtaanmyymala.fi\/en\/wp-json\/wp\/v2\/product"}],"about":[{"href":"https:\/\/pohjanmaantehtaanmyymala.fi\/en\/wp-json\/wp\/v2\/types\/product"}],"replies":[{"embeddable":true,"href":"https:\/\/pohjanmaantehtaanmyymala.fi\/en\/wp-json\/wp\/v2\/comments?post=25451"}],"wp:featuredmedia":[{"embeddable":true,"href":"https:\/\/pohjanmaantehtaanmyymala.fi\/en\/wp-json\/wp\/v2\/media\/27085"}],"wp:attachment":[{"href":"https:\/\/pohjanmaantehtaanmyymala.fi\/en\/wp-json\/wp\/v2\/media?parent=25451"}],"wp:term":[{"taxonomy":"product_brand","embeddable":true,"href":"https:\/\/pohjanmaantehtaanmyymala.fi\/en\/wp-json\/wp\/v2\/product_brand?post=25451"},{"taxonomy":"product_cat","embeddable":true,"href":"https:\/\/pohjanmaantehtaanmyymala.fi\/en\/wp-json\/wp\/v2\/product_cat?post=25451"},{"taxonomy":"product_tag","embeddable":true,"href":"https:\/\/pohjanmaantehtaanmyymala.fi\/en\/wp-json\/wp\/v2\/product_tag?post=25451"}],"curies":[{"name":"wp","href":"https:\/\/api.w.org\/{rel}","templated":true}]}}