{"id":25342,"date":"2024-02-14T14:31:44","date_gmt":"2024-02-14T12:31:44","guid":{"rendered":"https:\/\/pohjanmaantehtaanmyymala.fi\/?post_type=product&#038;p=25342"},"modified":"2024-09-23T10:18:54","modified_gmt":"2024-09-23T08:18:54","slug":"leo-leksa-vuodesohva-hygge-kankaalla","status":"publish","type":"product","link":"https:\/\/pohjanmaantehtaanmyymala.fi\/en\/tuote\/leo-leksa-vuodesohva-hygge-kankaalla\/","title":{"rendered":"Leo &#8220;Leksa&#8221;- vuodesohva Hygge-kankaalla"},"content":{"rendered":"<p>Pienen tilan Leo vuodesohva on kompakti ratkaisu, sill\u00e4 sohva on vain 156 cm leve\u00e4. Monik\u00e4ytt\u00f6isyytt\u00e4 lis\u00e4\u00e4 my\u00f6s k\u00e4tev\u00e4 vuodevaatelaatikko.\u00a0 Leon vuode avautuu n\u00e4pp\u00e4r\u00e4sti vet\u00e4m\u00e4ll\u00e4 etulistaa eteenp\u00e4in, jolloin vuodesohva avautuu vaivattomasti, ja samalla toinen osa vuoteesta nousee yl\u00f6s. Istuimissa oleva no-sag jousitus ja laadukkaat pehmusteet takaavat miellytt\u00e4v\u00e4n, mutta napakan istuinmukavuuden. T\u00e4m\u00e4 Leo vuodesohva on tilaa s\u00e4\u00e4st\u00e4v\u00e4, k\u00e4yt\u00e4nn\u00f6llinen ja tyylik\u00e4s ratkaisu pieneen tilaan. Vuodekoko on 120&#215;196 cm<\/p>\n<p>T\u00e4m\u00e4 tuote on valmistettu Hygge kankaalla ja valittavissa on useita eri v\u00e4rivaihtoehtoja. Hygge on 100% polyesteri\u00e4, helppohoitoinenja vesipesinkest\u00e4v\u00e4 verhoilukangas.<\/p>\n<p><strong>Tuotetiedot:<\/strong><\/p>\n<p>Vuodekoko: 120&#215;196 cm<br \/>\nSohvakokonaisleveys: 156 cm, -syvyys 92, -korkeus 87 cm.<br \/>\nIstuinkorkeus 45 cm, syvyys 52 cm.<br \/>\nRunko: puuta ja vaneria<br \/>\nIstuinpehmuste: vaahtomuovi HR35.<br \/>\nSelk\u00e4noja vaahtomuovi HR26. K\u00e4\u00e4nnett\u00e4v\u00e4 tyyny.<br \/>\nVerhoilu: Hygge kangasta.<br \/>\nJalat muovia.<\/p>\n","protected":false},"excerpt":{"rendered":"<p>K\u00e4yt\u00e4nn\u00f6llinen ja kompakti vuodesohva!<\/p>\n","protected":false},"featured_media":25356,"comment_status":"closed","ping_status":"closed","template":"","meta":{"_acf_changed":false,"jetpack_post_was_ever_published":false,"jetpack_publicize_message":"","jetpack_publicize_feature_enabled":true,"jetpack_social_post_already_shared":true,"jetpack_social_options":{"image_generator_settings":{"template":"highway","default_image_id":0,"font":"","enabled":false},"version":2}},"product_brand":[208],"product_cat":[193],"product_tag":[],"class_list":{"0":"post-25342","1":"product","2":"type-product","3":"status-publish","4":"has-post-thumbnail","6":"product_brand-ermatiko","7":"product_cat-vuodesohvat","8":"pa_vari-hygge-10","9":"pa_vari-hygge-20","10":"pa_vari-hygge-37","11":"pa_vari-hygge-63","12":"pa_vari-hygge-80","13":"pa_vari-hygge-90","14":"pa_vari-hygge-95","15":"pa_vari-hygge-99","17":"first","18":"instock","19":"sale","20":"shipping-taxable","21":"purchasable","22":"product-type-variable","23":"has-default-attributes"},"acf":[],"jetpack_publicize_connections":[],"jetpack_sharing_enabled":true,"jetpack-related-posts":[{"id":25329,"url":"https:\/\/pohjanmaantehtaanmyymala.fi\/en\/tuote\/leo-leksa-vuodesohva-connect-kankaalla\/","url_meta":{"origin":25342,"position":0},"title":"Leo &#8220;Leksa&#8221;- vuodesohva Storm kangas","author":"Miro Nevala","date":"February 14, 2024","format":false,"excerpt":"K\u00e4yt\u00e4nn\u00f6llinen ja kompakti vaihtoehto!","rel":"","context":"Similar post","block_context":{"text":"Similar post","link":""},"img":{"alt_text":"Leo vuodesohva Fame kankaalla","src":"https:\/\/i0.wp.com\/pohjanmaantehtaanmyymala.fi\/wp-content\/uploads\/2024\/02\/Leksa_vuodesohva_Fame_180.jpg?fit=960%2C960&ssl=1&resize=350%2C200","width":350,"height":200,"srcset":"https:\/\/i0.wp.com\/pohjanmaantehtaanmyymala.fi\/wp-content\/uploads\/2024\/02\/Leksa_vuodesohva_Fame_180.jpg?fit=960%2C960&ssl=1&resize=350%2C200 1x, https:\/\/i0.wp.com\/pohjanmaantehtaanmyymala.fi\/wp-content\/uploads\/2024\/02\/Leksa_vuodesohva_Fame_180.jpg?fit=960%2C960&ssl=1&resize=525%2C300 1.5x, https:\/\/i0.wp.com\/pohjanmaantehtaanmyymala.fi\/wp-content\/uploads\/2024\/02\/Leksa_vuodesohva_Fame_180.jpg?fit=960%2C960&ssl=1&resize=700%2C400 2x"},"classes":[]},{"id":25313,"url":"https:\/\/pohjanmaantehtaanmyymala.fi\/en\/tuote\/leo-leksa-vuodesohva-leo-kankaalla\/","url_meta":{"origin":25342,"position":1},"title":"Leo &#8220;Leksa&#8221;- vuodesohva Leo-kankaalla","author":"Miro Nevala","date":"March 1, 2024","format":false,"excerpt":"K\u00e4yt\u00e4nn\u00f6llinen ja kompakti vaihtoehto vuodesohvalle!","rel":"","context":"Similar post","block_context":{"text":"Similar post","link":""},"img":{"alt_text":"Leo vuodesohva Roosa v\u00e4riss\u00e4 kuva edest\u00e4p\u00e4in","src":"https:\/\/i0.wp.com\/pohjanmaantehtaanmyymala.fi\/wp-content\/uploads\/2024\/02\/Leo-vuodesohva-roosa-960dpi.jpg?fit=960%2C960&ssl=1&resize=350%2C200","width":350,"height":200,"srcset":"https:\/\/i0.wp.com\/pohjanmaantehtaanmyymala.fi\/wp-content\/uploads\/2024\/02\/Leo-vuodesohva-roosa-960dpi.jpg?fit=960%2C960&ssl=1&resize=350%2C200 1x, https:\/\/i0.wp.com\/pohjanmaantehtaanmyymala.fi\/wp-content\/uploads\/2024\/02\/Leo-vuodesohva-roosa-960dpi.jpg?fit=960%2C960&ssl=1&resize=525%2C300 1.5x, https:\/\/i0.wp.com\/pohjanmaantehtaanmyymala.fi\/wp-content\/uploads\/2024\/02\/Leo-vuodesohva-roosa-960dpi.jpg?fit=960%2C960&ssl=1&resize=700%2C400 2x"},"classes":[]},{"id":17868,"url":"https:\/\/pohjanmaantehtaanmyymala.fi\/en\/tuote\/sienna-vuodesohva-connect-kankaalla\/","url_meta":{"origin":25342,"position":2},"title":"Senna-vuodesohva Hygge-kankaalla","author":"Sami Viitala","date":"August 26, 2021","format":false,"excerpt":"Helppotoiminen vuodesohva hyv\u00e4ll\u00e4 istuinmukavuudella.","rel":"","context":"Similar post","block_context":{"text":"Similar post","link":""},"img":{"alt_text":"Ermatiko Senna vuodesohva harmaa kangas","src":"https:\/\/i0.wp.com\/pohjanmaantehtaanmyymala.fi\/wp-content\/uploads\/2021\/08\/senna-vuodesohva-harmaa.jpg?fit=1000%2C1000&ssl=1&resize=350%2C200","width":350,"height":200,"srcset":"https:\/\/i0.wp.com\/pohjanmaantehtaanmyymala.fi\/wp-content\/uploads\/2021\/08\/senna-vuodesohva-harmaa.jpg?fit=1000%2C1000&ssl=1&resize=350%2C200 1x, https:\/\/i0.wp.com\/pohjanmaantehtaanmyymala.fi\/wp-content\/uploads\/2021\/08\/senna-vuodesohva-harmaa.jpg?fit=1000%2C1000&ssl=1&resize=525%2C300 1.5x, https:\/\/i0.wp.com\/pohjanmaantehtaanmyymala.fi\/wp-content\/uploads\/2021\/08\/senna-vuodesohva-harmaa.jpg?fit=1000%2C1000&ssl=1&resize=700%2C400 2x"},"classes":[]},{"id":29390,"url":"https:\/\/pohjanmaantehtaanmyymala.fi\/en\/tuote\/ebba-vuodesohva-kankaalla\/","url_meta":{"origin":25342,"position":3},"title":"Ebba vuodesohva kankaalla","author":"Sami Viitala","date":"December 9, 2025","format":false,"excerpt":"Pienikokoinen vuodesohva hyv\u00e4ll\u00e4 vuodemekanismilla.","rel":"","context":"Similar post","block_context":{"text":"Similar post","link":""},"img":{"alt_text":"Ebba 2-istuttava vuodesohva harmaa kangasverhoilu.","src":"https:\/\/i0.wp.com\/pohjanmaantehtaanmyymala.fi\/wp-content\/uploads\/2025\/12\/Ebba_vuodesohva_2.jpg?fit=1200%2C1200&ssl=1&resize=350%2C200","width":350,"height":200,"srcset":"https:\/\/i0.wp.com\/pohjanmaantehtaanmyymala.fi\/wp-content\/uploads\/2025\/12\/Ebba_vuodesohva_2.jpg?fit=1200%2C1200&ssl=1&resize=350%2C200 1x, https:\/\/i0.wp.com\/pohjanmaantehtaanmyymala.fi\/wp-content\/uploads\/2025\/12\/Ebba_vuodesohva_2.jpg?fit=1200%2C1200&ssl=1&resize=525%2C300 1.5x, https:\/\/i0.wp.com\/pohjanmaantehtaanmyymala.fi\/wp-content\/uploads\/2025\/12\/Ebba_vuodesohva_2.jpg?fit=1200%2C1200&ssl=1&resize=700%2C400 2x, https:\/\/i0.wp.com\/pohjanmaantehtaanmyymala.fi\/wp-content\/uploads\/2025\/12\/Ebba_vuodesohva_2.jpg?fit=1200%2C1200&ssl=1&resize=1050%2C600 3x"},"classes":[]},{"id":26462,"url":"https:\/\/pohjanmaantehtaanmyymala.fi\/en\/tuote\/america-nest-vuodesohva-3-istuttava\/","url_meta":{"origin":25342,"position":4},"title":"America Nest 215 cm vuodesohva 3-istuttava","author":"Miro Nevala","date":"September 25, 2024","format":false,"excerpt":"Skandinaavisuutta henkiv\u00e4 ja monimuotoisuudessaan ly\u00f6m\u00e4t\u00f6n vuodesohva.","rel":"","context":"Similar post","block_context":{"text":"Similar post","link":""},"img":{"alt_text":"America 3-ist. vuodesohva Luna lila kankaalla.","src":"https:\/\/i0.wp.com\/pohjanmaantehtaanmyymala.fi\/wp-content\/uploads\/2024\/09\/America_3Mnest193_Luna29-3.jpg?fit=960%2C960&ssl=1&resize=350%2C200","width":350,"height":200,"srcset":"https:\/\/i0.wp.com\/pohjanmaantehtaanmyymala.fi\/wp-content\/uploads\/2024\/09\/America_3Mnest193_Luna29-3.jpg?fit=960%2C960&ssl=1&resize=350%2C200 1x, https:\/\/i0.wp.com\/pohjanmaantehtaanmyymala.fi\/wp-content\/uploads\/2024\/09\/America_3Mnest193_Luna29-3.jpg?fit=960%2C960&ssl=1&resize=525%2C300 1.5x, https:\/\/i0.wp.com\/pohjanmaantehtaanmyymala.fi\/wp-content\/uploads\/2024\/09\/America_3Mnest193_Luna29-3.jpg?fit=960%2C960&ssl=1&resize=700%2C400 2x"},"classes":[]},{"id":26381,"url":"https:\/\/pohjanmaantehtaanmyymala.fi\/en\/tuote\/fantasy-level-2-istuttava-vuodesohva\/","url_meta":{"origin":25342,"position":5},"title":"Fantasy Level 2-istuttava vuodesohva","author":"Miro Nevala","date":"August 29, 2024","format":false,"excerpt":"2-istuttava sohva k\u00e4tev\u00e4ll\u00e4 vuodemekanismilla!","rel":"","context":"Similar post","block_context":{"text":"Similar post","link":""},"img":{"alt_text":"Fantasy level 152cm milj\u00f6\u00f6","src":"https:\/\/i0.wp.com\/pohjanmaantehtaanmyymala.fi\/wp-content\/uploads\/2024\/03\/Fantasy_level-152cm-miljoo.jpg?fit=960%2C960&ssl=1&resize=350%2C200","width":350,"height":200,"srcset":"https:\/\/i0.wp.com\/pohjanmaantehtaanmyymala.fi\/wp-content\/uploads\/2024\/03\/Fantasy_level-152cm-miljoo.jpg?fit=960%2C960&ssl=1&resize=350%2C200 1x, https:\/\/i0.wp.com\/pohjanmaantehtaanmyymala.fi\/wp-content\/uploads\/2024\/03\/Fantasy_level-152cm-miljoo.jpg?fit=960%2C960&ssl=1&resize=525%2C300 1.5x, https:\/\/i0.wp.com\/pohjanmaantehtaanmyymala.fi\/wp-content\/uploads\/2024\/03\/Fantasy_level-152cm-miljoo.jpg?fit=960%2C960&ssl=1&resize=700%2C400 2x"},"classes":[]}],"_links":{"self":[{"href":"https:\/\/pohjanmaantehtaanmyymala.fi\/en\/wp-json\/wp\/v2\/product\/25342","targetHints":{"allow":["GET"]}}],"collection":[{"href":"https:\/\/pohjanmaantehtaanmyymala.fi\/en\/wp-json\/wp\/v2\/product"}],"about":[{"href":"https:\/\/pohjanmaantehtaanmyymala.fi\/en\/wp-json\/wp\/v2\/types\/product"}],"replies":[{"embeddable":true,"href":"https:\/\/pohjanmaantehtaanmyymala.fi\/en\/wp-json\/wp\/v2\/comments?post=25342"}],"wp:featuredmedia":[{"embeddable":true,"href":"https:\/\/pohjanmaantehtaanmyymala.fi\/en\/wp-json\/wp\/v2\/media\/25356"}],"wp:attachment":[{"href":"https:\/\/pohjanmaantehtaanmyymala.fi\/en\/wp-json\/wp\/v2\/media?parent=25342"}],"wp:term":[{"taxonomy":"product_brand","embeddable":true,"href":"https:\/\/pohjanmaantehtaanmyymala.fi\/en\/wp-json\/wp\/v2\/product_brand?post=25342"},{"taxonomy":"product_cat","embeddable":true,"href":"https:\/\/pohjanmaantehtaanmyymala.fi\/en\/wp-json\/wp\/v2\/product_cat?post=25342"},{"taxonomy":"product_tag","embeddable":true,"href":"https:\/\/pohjanmaantehtaanmyymala.fi\/en\/wp-json\/wp\/v2\/product_tag?post=25342"}],"curies":[{"name":"wp","href":"https:\/\/api.w.org\/{rel}","templated":true}]}}