{"id":25329,"date":"2024-02-14T13:56:28","date_gmt":"2024-02-14T11:56:28","guid":{"rendered":"https:\/\/pohjanmaantehtaanmyymala.fi\/?post_type=product&#038;p=25329"},"modified":"2025-11-01T14:56:01","modified_gmt":"2025-11-01T12:56:01","slug":"leo-leksa-vuodesohva-connect-kankaalla","status":"publish","type":"product","link":"https:\/\/pohjanmaantehtaanmyymala.fi\/en\/tuote\/leo-leksa-vuodesohva-connect-kankaalla\/","title":{"rendered":"Leo &#8220;Leksa&#8221;- vuodesohva Storm kangas"},"content":{"rendered":"<p>Pienen tilan Leo vuodesohva on kompakti ratkaisu, jossa on k\u00e4tev\u00e4 vuodevaatelaatikko. Vuode avautuu n\u00e4pp\u00e4r\u00e4sti vet\u00e4m\u00e4ll\u00e4 etulistaa eteenp\u00e4in, jolloin vuodesohva avautuu vaivattomasti, ja samalla toinen osa vuoteesta nousee yl\u00f6s. Istuimissa oleva no-sag jousitus ja laadukkaat pehmusteet takaavat miellytt\u00e4v\u00e4n, mutta napakan istuinmukavuuden. T\u00e4m\u00e4 Leo vuodesohva on tilaa s\u00e4\u00e4st\u00e4v\u00e4, k\u00e4yt\u00e4nn\u00f6llinen ja tyylik\u00e4s ratkaisu pieneen tilaan. Vuodekoko on 120x196cm.<\/p>\n<p>Leo vuodesohvaan on Storm-kankaan lis\u00e4ksi valittavissa useita muitakin kankaita ja eri v\u00e4rivaihtoehtoja.<\/p>\n<p><strong>Tuotetiedot:<\/strong><\/p>\n<p>Lataa <a href=\"https:\/\/ermatiko.ee\/wp-content\/uploads\/2018\/02\/a4-ermatiko-infoleht-leo_leo-chair_eng.pdf\" target=\"_blank\" rel=\"noopener\">tuotetiedot t\u00e4st\u00e4!<\/a><\/p>\n<p>Sohvan leveys 156 cm<br \/>\nIstuinkorkeus 45 cm, syvyys 52 cm.<br \/>\nRunko puuta ja vaneria<br \/>\nIstuinpehmuste vaahtomuovi HR35.<br \/>\nSelk\u00e4noja vaahtomuovi HR26. K\u00e4\u00e4nnett\u00e4v\u00e4 tyyny.<br \/>\nVerhoilu: Storm-kangas<br \/>\nJalat muovia.<\/p>\n","protected":false},"excerpt":{"rendered":"<p>K\u00e4yt\u00e4nn\u00f6llinen ja kompakti vaihtoehto!<\/p>\n","protected":false},"featured_media":25330,"comment_status":"closed","ping_status":"closed","template":"","meta":{"_acf_changed":false,"jetpack_post_was_ever_published":false,"jetpack_publicize_message":"","jetpack_publicize_feature_enabled":true,"jetpack_social_post_already_shared":true,"jetpack_social_options":{"image_generator_settings":{"template":"highway","default_image_id":0,"font":"","enabled":false},"version":2}},"product_brand":[208],"product_cat":[193],"product_tag":[],"class_list":{"0":"post-25329","1":"product","2":"type-product","3":"status-publish","4":"has-post-thumbnail","6":"product_brand-ermatiko","7":"product_cat-vuodesohvat","9":"first","10":"instock","11":"sale","12":"shipping-taxable","13":"purchasable","14":"product-type-simple"},"acf":[],"jetpack_publicize_connections":[],"jetpack_sharing_enabled":true,"jetpack-related-posts":[{"id":25313,"url":"https:\/\/pohjanmaantehtaanmyymala.fi\/en\/tuote\/leo-leksa-vuodesohva-leo-kankaalla\/","url_meta":{"origin":25329,"position":0},"title":"Leo &#8220;Leksa&#8221;- vuodesohva Leo-kankaalla","author":"Miro Nevala","date":"March 1, 2024","format":false,"excerpt":"K\u00e4yt\u00e4nn\u00f6llinen ja kompakti vaihtoehto vuodesohvalle!","rel":"","context":"Similar post","block_context":{"text":"Similar post","link":""},"img":{"alt_text":"Leo vuodesohva Roosa v\u00e4riss\u00e4 kuva edest\u00e4p\u00e4in","src":"https:\/\/i0.wp.com\/pohjanmaantehtaanmyymala.fi\/wp-content\/uploads\/2024\/02\/Leo-vuodesohva-roosa-960dpi.jpg?fit=960%2C960&ssl=1&resize=350%2C200","width":350,"height":200,"srcset":"https:\/\/i0.wp.com\/pohjanmaantehtaanmyymala.fi\/wp-content\/uploads\/2024\/02\/Leo-vuodesohva-roosa-960dpi.jpg?fit=960%2C960&ssl=1&resize=350%2C200 1x, https:\/\/i0.wp.com\/pohjanmaantehtaanmyymala.fi\/wp-content\/uploads\/2024\/02\/Leo-vuodesohva-roosa-960dpi.jpg?fit=960%2C960&ssl=1&resize=525%2C300 1.5x, https:\/\/i0.wp.com\/pohjanmaantehtaanmyymala.fi\/wp-content\/uploads\/2024\/02\/Leo-vuodesohva-roosa-960dpi.jpg?fit=960%2C960&ssl=1&resize=700%2C400 2x"},"classes":[]},{"id":25342,"url":"https:\/\/pohjanmaantehtaanmyymala.fi\/en\/tuote\/leo-leksa-vuodesohva-hygge-kankaalla\/","url_meta":{"origin":25329,"position":1},"title":"Leo &#8220;Leksa&#8221;- vuodesohva Hygge-kankaalla","author":"Miro Nevala","date":"February 14, 2024","format":false,"excerpt":"K\u00e4yt\u00e4nn\u00f6llinen ja kompakti vuodesohva!","rel":"","context":"Similar post","block_context":{"text":"Similar post","link":""},"img":{"alt_text":"Leo 2-istuttava vuodesohva harmaa","src":"https:\/\/i0.wp.com\/pohjanmaantehtaanmyymala.fi\/wp-content\/uploads\/2024\/02\/Leo-vuodesohva-harmaa-960dpi.jpg?fit=960%2C960&ssl=1&resize=350%2C200","width":350,"height":200,"srcset":"https:\/\/i0.wp.com\/pohjanmaantehtaanmyymala.fi\/wp-content\/uploads\/2024\/02\/Leo-vuodesohva-harmaa-960dpi.jpg?fit=960%2C960&ssl=1&resize=350%2C200 1x, https:\/\/i0.wp.com\/pohjanmaantehtaanmyymala.fi\/wp-content\/uploads\/2024\/02\/Leo-vuodesohva-harmaa-960dpi.jpg?fit=960%2C960&ssl=1&resize=525%2C300 1.5x, https:\/\/i0.wp.com\/pohjanmaantehtaanmyymala.fi\/wp-content\/uploads\/2024\/02\/Leo-vuodesohva-harmaa-960dpi.jpg?fit=960%2C960&ssl=1&resize=700%2C400 2x"},"classes":[]},{"id":25362,"url":"https:\/\/pohjanmaantehtaanmyymala.fi\/en\/tuote\/leo-leksa-vuodetuoli-leo-kankaalla\/","url_meta":{"origin":25329,"position":2},"title":"Leo &#8220;Leksa&#8221;- vuodetuoli Leo-kankaalla","author":"Miro Nevala","date":"September 21, 2024","format":false,"excerpt":"Mukava nojatuoli, joka tarjoaa my\u00f6s erinomaisen nukkumiskokemuksen!","rel":"","context":"Similar post","block_context":{"text":"Similar post","link":""},"img":{"alt_text":"Leo vuodetuoli oranssi","src":"https:\/\/i0.wp.com\/pohjanmaantehtaanmyymala.fi\/wp-content\/uploads\/2024\/02\/Leo-vuodetuoli-960dpi.jpg?fit=960%2C960&ssl=1&resize=350%2C200","width":350,"height":200,"srcset":"https:\/\/i0.wp.com\/pohjanmaantehtaanmyymala.fi\/wp-content\/uploads\/2024\/02\/Leo-vuodetuoli-960dpi.jpg?fit=960%2C960&ssl=1&resize=350%2C200 1x, https:\/\/i0.wp.com\/pohjanmaantehtaanmyymala.fi\/wp-content\/uploads\/2024\/02\/Leo-vuodetuoli-960dpi.jpg?fit=960%2C960&ssl=1&resize=525%2C300 1.5x, https:\/\/i0.wp.com\/pohjanmaantehtaanmyymala.fi\/wp-content\/uploads\/2024\/02\/Leo-vuodetuoli-960dpi.jpg?fit=960%2C960&ssl=1&resize=700%2C400 2x"},"classes":[]},{"id":29390,"url":"https:\/\/pohjanmaantehtaanmyymala.fi\/en\/tuote\/ebba-vuodesohva-kankaalla\/","url_meta":{"origin":25329,"position":3},"title":"Ebba vuodesohva kankaalla","author":"Sami Viitala","date":"December 9, 2025","format":false,"excerpt":"Pienikokoinen vuodesohva hyv\u00e4ll\u00e4 vuodemekanismilla.","rel":"","context":"Similar post","block_context":{"text":"Similar post","link":""},"img":{"alt_text":"Ebba 2-istuttava vuodesohva harmaa kangasverhoilu.","src":"https:\/\/i0.wp.com\/pohjanmaantehtaanmyymala.fi\/wp-content\/uploads\/2025\/12\/Ebba_vuodesohva_2.jpg?fit=1200%2C1200&ssl=1&resize=350%2C200","width":350,"height":200,"srcset":"https:\/\/i0.wp.com\/pohjanmaantehtaanmyymala.fi\/wp-content\/uploads\/2025\/12\/Ebba_vuodesohva_2.jpg?fit=1200%2C1200&ssl=1&resize=350%2C200 1x, https:\/\/i0.wp.com\/pohjanmaantehtaanmyymala.fi\/wp-content\/uploads\/2025\/12\/Ebba_vuodesohva_2.jpg?fit=1200%2C1200&ssl=1&resize=525%2C300 1.5x, https:\/\/i0.wp.com\/pohjanmaantehtaanmyymala.fi\/wp-content\/uploads\/2025\/12\/Ebba_vuodesohva_2.jpg?fit=1200%2C1200&ssl=1&resize=700%2C400 2x, https:\/\/i0.wp.com\/pohjanmaantehtaanmyymala.fi\/wp-content\/uploads\/2025\/12\/Ebba_vuodesohva_2.jpg?fit=1200%2C1200&ssl=1&resize=1050%2C600 3x"},"classes":[]},{"id":10950,"url":"https:\/\/pohjanmaantehtaanmyymala.fi\/en\/tuote\/leo-vuodesohva-2-istuttava-tarjous\/","url_meta":{"origin":25329,"position":4},"title":"LEO vuodesohva 2-istuttava TARJOUS!","author":"petri","date":"September 14, 2019","format":false,"excerpt":"Laadukas kahdenistuttava vuodesohva .","rel":"","context":"Similar post","block_context":{"text":"Similar post","link":""},"img":{"alt_text":"","src":"https:\/\/i0.wp.com\/pohjanmaantehtaanmyymala.fi\/wp-content\/uploads\/2019\/09\/Leo_2_istuttava_vuodesohva.jpg?fit=960%2C960&ssl=1&resize=350%2C200","width":350,"height":200,"srcset":"https:\/\/i0.wp.com\/pohjanmaantehtaanmyymala.fi\/wp-content\/uploads\/2019\/09\/Leo_2_istuttava_vuodesohva.jpg?fit=960%2C960&ssl=1&resize=350%2C200 1x, https:\/\/i0.wp.com\/pohjanmaantehtaanmyymala.fi\/wp-content\/uploads\/2019\/09\/Leo_2_istuttava_vuodesohva.jpg?fit=960%2C960&ssl=1&resize=525%2C300 1.5x, https:\/\/i0.wp.com\/pohjanmaantehtaanmyymala.fi\/wp-content\/uploads\/2019\/09\/Leo_2_istuttava_vuodesohva.jpg?fit=960%2C960&ssl=1&resize=700%2C400 2x"},"classes":[]},{"id":27156,"url":"https:\/\/pohjanmaantehtaanmyymala.fi\/en\/tuote\/america-nest-174-cm-vuodesohva-oliver-kankaalla\/","url_meta":{"origin":25329,"position":5},"title":"America Nest 174 cm vuodesohva Oliver-kankaalla","author":"Sami Viitala","date":"September 26, 2024","format":false,"excerpt":"Ajaton ja laadukas vuodesohva, jossa hyv\u00e4n istuttavuuden lis\u00e4ksi kunnon vuodemekanismi.","rel":"","context":"Similar post","block_context":{"text":"Similar post","link":""},"img":{"alt_text":"America Nest MAX vuodesohva oliver-kangas keltainen edest\u00e4","src":"https:\/\/i0.wp.com\/pohjanmaantehtaanmyymala.fi\/wp-content\/uploads\/2024\/09\/America_2nest_vuodesohva_Oliver.jpg?fit=960%2C960&ssl=1&resize=350%2C200","width":350,"height":200,"srcset":"https:\/\/i0.wp.com\/pohjanmaantehtaanmyymala.fi\/wp-content\/uploads\/2024\/09\/America_2nest_vuodesohva_Oliver.jpg?fit=960%2C960&ssl=1&resize=350%2C200 1x, https:\/\/i0.wp.com\/pohjanmaantehtaanmyymala.fi\/wp-content\/uploads\/2024\/09\/America_2nest_vuodesohva_Oliver.jpg?fit=960%2C960&ssl=1&resize=525%2C300 1.5x, https:\/\/i0.wp.com\/pohjanmaantehtaanmyymala.fi\/wp-content\/uploads\/2024\/09\/America_2nest_vuodesohva_Oliver.jpg?fit=960%2C960&ssl=1&resize=700%2C400 2x"},"classes":[]}],"_links":{"self":[{"href":"https:\/\/pohjanmaantehtaanmyymala.fi\/en\/wp-json\/wp\/v2\/product\/25329","targetHints":{"allow":["GET"]}}],"collection":[{"href":"https:\/\/pohjanmaantehtaanmyymala.fi\/en\/wp-json\/wp\/v2\/product"}],"about":[{"href":"https:\/\/pohjanmaantehtaanmyymala.fi\/en\/wp-json\/wp\/v2\/types\/product"}],"replies":[{"embeddable":true,"href":"https:\/\/pohjanmaantehtaanmyymala.fi\/en\/wp-json\/wp\/v2\/comments?post=25329"}],"wp:featuredmedia":[{"embeddable":true,"href":"https:\/\/pohjanmaantehtaanmyymala.fi\/en\/wp-json\/wp\/v2\/media\/25330"}],"wp:attachment":[{"href":"https:\/\/pohjanmaantehtaanmyymala.fi\/en\/wp-json\/wp\/v2\/media?parent=25329"}],"wp:term":[{"taxonomy":"product_brand","embeddable":true,"href":"https:\/\/pohjanmaantehtaanmyymala.fi\/en\/wp-json\/wp\/v2\/product_brand?post=25329"},{"taxonomy":"product_cat","embeddable":true,"href":"https:\/\/pohjanmaantehtaanmyymala.fi\/en\/wp-json\/wp\/v2\/product_cat?post=25329"},{"taxonomy":"product_tag","embeddable":true,"href":"https:\/\/pohjanmaantehtaanmyymala.fi\/en\/wp-json\/wp\/v2\/product_tag?post=25329"}],"curies":[{"name":"wp","href":"https:\/\/api.w.org\/{rel}","templated":true}]}}