{"id":25299,"date":"2024-03-15T09:36:14","date_gmt":"2024-03-15T07:36:14","guid":{"rendered":"https:\/\/pohjanmaantehtaanmyymala.fi\/?post_type=product&#038;p=25299"},"modified":"2024-03-15T09:40:09","modified_gmt":"2024-03-15T07:40:09","slug":"emil-nojatuoli-ja-rahi-raisa-kankaalla","status":"publish","type":"product","link":"https:\/\/pohjanmaantehtaanmyymala.fi\/en\/tuote\/emil-nojatuoli-ja-rahi-raisa-kankaalla\/","title":{"rendered":"Emil-nojatuoli ja rahi Raisa-kankaalla"},"content":{"rendered":"<p>Emil nojatuoli ja rahi on t\u00e4ydellinen yhdistelm\u00e4 yksinkertaisuutta, mukavuutta ja modernia tyyli\u00e4! Emil nojatuoli sopii vaivatta mihin tahansa sisustukseen, tarjoten samalla huippuluokan mukavuutta. Korkeilla jaloillaan se ei ole tiell\u00e4 siivouksen aikana ja antaa huoneelle raikkaan ilmeen. K\u00e4tev\u00e4 rahi t\u00e4ydent\u00e4\u00e4 kokonaisuuden tarjoten entist\u00e4 enemm\u00e4n rentoutumismahdollisuuksia. T\u00e4m\u00e4 yhdistelm\u00e4 on t\u00e4ydellinen valinta, kun haluat tuoda kotiisi sek\u00e4 tyylikkyytt\u00e4 ett\u00e4 k\u00e4yt\u00e4nn\u00f6llisyytt\u00e4!<\/p>\n<p>T\u00e4m\u00e4 tuote on saatavilla laadukkaalla ja kauniilla Raisa-kankaalla joka lis\u00e4\u00e4 tilaan valoisuutta ja eleganttia. Valittavissa usea v\u00e4rivaihtoehto. Kuvan tuote on vaalealla kankaalla.<\/p>\n<h3>Tuotetiedot<\/h3>\n<p>Tuolin mitat:<br \/>\nleveys 76 cm<br \/>\nsyvyys 84 cm<br \/>\nkorkeus 110 cm<br \/>\nIstuinsyvyys 47 cm<br \/>\nIstuinkorkeus 44 cm<\/p>\n<p>Rahin mitat:<br \/>\nleveys 42 cm<br \/>\nsyvyys 46 cm<br \/>\nkorkeus 43\/37 cm<\/p>\n<p>Runko: massiivipuuta ja koivuvaneria.<br \/>\nistuimissa on zigzag jousitus ja pehmusteena vaahtomuovi HR35 ja vanu.<br \/>\nselk\u00e4nojassa pehmusteena Vaahtomuovi EP25.<br \/>\nJalat metalli.<\/p>\n<p><a href=\"https:\/\/ermatiko.ee\/wp-content\/uploads\/2022\/06\/lk-9-emil-a4-ermatiko-infoleht-2022_eng.pdf\" target=\"_blank\" rel=\"noopener\">Valmistajan tuotekortti<\/a><\/p>\n<p>Tuote toimitetaan jalat irrallaan muoviin ja pahviin pakattuna.<\/p>\n","protected":false},"excerpt":{"rendered":"<p>Moderni, ajaton ja mukava nojatuoli ja rahi rentoutumiseen. Valitse v\u00e4ri!<\/p>\n","protected":false},"featured_media":25303,"comment_status":"closed","ping_status":"closed","template":"","meta":{"_acf_changed":false,"jetpack_post_was_ever_published":false,"jetpack_publicize_message":"","jetpack_publicize_feature_enabled":true,"jetpack_social_post_already_shared":true,"jetpack_social_options":{"image_generator_settings":{"template":"highway","default_image_id":0,"font":"","enabled":false},"version":2}},"product_brand":[208],"product_cat":[195],"product_tag":[],"class_list":{"0":"post-25299","1":"product","2":"type-product","3":"status-publish","4":"has-post-thumbnail","6":"product_brand-ermatiko","7":"product_cat-lepotuolit-ja-rahit","8":"pa_vari-harmaa","9":"pa_vari-ruskea","10":"pa_vari-tummanharmaa","11":"pa_vari-valkoinen","13":"first","14":"instock","15":"sale","16":"shipping-taxable","17":"purchasable","18":"product-type-variable","19":"has-default-attributes"},"acf":[],"jetpack_publicize_connections":[],"jetpack_sharing_enabled":true,"jetpack-related-posts":[{"id":25372,"url":"https:\/\/pohjanmaantehtaanmyymala.fi\/en\/tuote\/emil-nojatuoli-ja-rahi\/","url_meta":{"origin":25299,"position":0},"title":"Emil-nojatuoli ja rahi","author":"Miro Nevala","date":"February 14, 2024","format":false,"excerpt":"Moderni, ajaton ja mukava nojatuoli ja rahi rentoutumiseen!","rel":"","context":"Similar post","block_context":{"text":"Similar post","link":""},"img":{"alt_text":"Emil tuoli ja rahi tumma","src":"https:\/\/i0.wp.com\/pohjanmaantehtaanmyymala.fi\/wp-content\/uploads\/2024\/02\/Emil-tuolirahi-fusion-960dpi.jpg?fit=960%2C960&ssl=1&resize=350%2C200","width":350,"height":200,"srcset":"https:\/\/i0.wp.com\/pohjanmaantehtaanmyymala.fi\/wp-content\/uploads\/2024\/02\/Emil-tuolirahi-fusion-960dpi.jpg?fit=960%2C960&ssl=1&resize=350%2C200 1x, https:\/\/i0.wp.com\/pohjanmaantehtaanmyymala.fi\/wp-content\/uploads\/2024\/02\/Emil-tuolirahi-fusion-960dpi.jpg?fit=960%2C960&ssl=1&resize=525%2C300 1.5x, https:\/\/i0.wp.com\/pohjanmaantehtaanmyymala.fi\/wp-content\/uploads\/2024\/02\/Emil-tuolirahi-fusion-960dpi.jpg?fit=960%2C960&ssl=1&resize=700%2C400 2x"},"classes":[]},{"id":25401,"url":"https:\/\/pohjanmaantehtaanmyymala.fi\/en\/tuote\/emil-nojatuoli-raisa-kankaalla\/","url_meta":{"origin":25299,"position":1},"title":"Emil-nojatuoli Raisa-kankaalla","author":"Miro Nevala","date":"February 14, 2024","format":false,"excerpt":"Moderni ja mukava nojatuoli rentoutumiseen. Valitse v\u00e4ri!","rel":"","context":"Similar post","block_context":{"text":"Similar post","link":""},"img":{"alt_text":"Emil tuoli Raisa kankaalla v\u00e4ri vaalea","src":"https:\/\/i0.wp.com\/pohjanmaantehtaanmyymala.fi\/wp-content\/uploads\/2024\/02\/Emil-tuoli-Raisa-kangas-960dpi.jpg?fit=960%2C960&ssl=1&resize=350%2C200","width":350,"height":200,"srcset":"https:\/\/i0.wp.com\/pohjanmaantehtaanmyymala.fi\/wp-content\/uploads\/2024\/02\/Emil-tuoli-Raisa-kangas-960dpi.jpg?fit=960%2C960&ssl=1&resize=350%2C200 1x, https:\/\/i0.wp.com\/pohjanmaantehtaanmyymala.fi\/wp-content\/uploads\/2024\/02\/Emil-tuoli-Raisa-kangas-960dpi.jpg?fit=960%2C960&ssl=1&resize=525%2C300 1.5x, https:\/\/i0.wp.com\/pohjanmaantehtaanmyymala.fi\/wp-content\/uploads\/2024\/02\/Emil-tuoli-Raisa-kangas-960dpi.jpg?fit=960%2C960&ssl=1&resize=700%2C400 2x"},"classes":[]},{"id":25396,"url":"https:\/\/pohjanmaantehtaanmyymala.fi\/en\/tuote\/emil-nojatuoli-perfect-harmony-kankaalla\/","url_meta":{"origin":25299,"position":2},"title":"Emil-nojatuoli Perfect Harmony-kankaalla","author":"Miro Nevala","date":"February 14, 2024","format":false,"excerpt":"Moderni, ajaton ja mukava nojatuoli rentoutumiseen!","rel":"","context":"Similar post","block_context":{"text":"Similar post","link":""},"img":{"alt_text":"Emil tuoli vinokuva","src":"https:\/\/i0.wp.com\/pohjanmaantehtaanmyymala.fi\/wp-content\/uploads\/2024\/02\/Emil-tuoli-fusion-960dpi.jpg?fit=960%2C960&ssl=1&resize=350%2C200","width":350,"height":200,"srcset":"https:\/\/i0.wp.com\/pohjanmaantehtaanmyymala.fi\/wp-content\/uploads\/2024\/02\/Emil-tuoli-fusion-960dpi.jpg?fit=960%2C960&ssl=1&resize=350%2C200 1x, https:\/\/i0.wp.com\/pohjanmaantehtaanmyymala.fi\/wp-content\/uploads\/2024\/02\/Emil-tuoli-fusion-960dpi.jpg?fit=960%2C960&ssl=1&resize=525%2C300 1.5x, https:\/\/i0.wp.com\/pohjanmaantehtaanmyymala.fi\/wp-content\/uploads\/2024\/02\/Emil-tuoli-fusion-960dpi.jpg?fit=960%2C960&ssl=1&resize=700%2C400 2x"},"classes":[]},{"id":25770,"url":"https:\/\/pohjanmaantehtaanmyymala.fi\/en\/tuote\/eleanor-rahi-connect-kankaalla\/","url_meta":{"origin":25299,"position":3},"title":"Eleanor rahi 95&#215;62 cm kankaalla","author":"Miro Nevala","date":"March 4, 2024","format":false,"excerpt":"Persoonallinen ja tyylik\u00e4s rahi tuo ilmett\u00e4 sisustukseesi!","rel":"","context":"Similar post","block_context":{"text":"Similar post","link":""},"img":{"alt_text":"Eleanor rahi","src":"https:\/\/i0.wp.com\/pohjanmaantehtaanmyymala.fi\/wp-content\/uploads\/2024\/02\/Eleanor-rahi-naomi-kangas.jpg?fit=960%2C960&ssl=1&resize=350%2C200","width":350,"height":200,"srcset":"https:\/\/i0.wp.com\/pohjanmaantehtaanmyymala.fi\/wp-content\/uploads\/2024\/02\/Eleanor-rahi-naomi-kangas.jpg?fit=960%2C960&ssl=1&resize=350%2C200 1x, https:\/\/i0.wp.com\/pohjanmaantehtaanmyymala.fi\/wp-content\/uploads\/2024\/02\/Eleanor-rahi-naomi-kangas.jpg?fit=960%2C960&ssl=1&resize=525%2C300 1.5x, https:\/\/i0.wp.com\/pohjanmaantehtaanmyymala.fi\/wp-content\/uploads\/2024\/02\/Eleanor-rahi-naomi-kangas.jpg?fit=960%2C960&ssl=1&resize=700%2C400 2x"},"classes":[]},{"id":25023,"url":"https:\/\/pohjanmaantehtaanmyymala.fi\/en\/tuote\/maya-tuoli-raisa-kankaalla\/","url_meta":{"origin":25299,"position":4},"title":"Maya tuoli Raisa-kankaalla","author":"Miro Nevala","date":"February 16, 2024","format":false,"excerpt":"Maya lepotuoli \u2013 Py\u00f6riv\u00e4 uutuus. Ylellinen mukavuus, tyylik\u00e4s design.","rel":"","context":"Similar post","block_context":{"text":"Similar post","link":""},"img":{"alt_text":"Maya tuoli Raisa kankaalla v\u00e4ri valkoinen milj\u00f6\u00f6 kuvassa","src":"https:\/\/i0.wp.com\/pohjanmaantehtaanmyymala.fi\/wp-content\/uploads\/2024\/02\/Maya-Raisa-tuoli-miljo%CC%88o%CC%88-2-960dpi.jpg?fit=960%2C960&ssl=1&resize=350%2C200","width":350,"height":200,"srcset":"https:\/\/i0.wp.com\/pohjanmaantehtaanmyymala.fi\/wp-content\/uploads\/2024\/02\/Maya-Raisa-tuoli-miljo%CC%88o%CC%88-2-960dpi.jpg?fit=960%2C960&ssl=1&resize=350%2C200 1x, https:\/\/i0.wp.com\/pohjanmaantehtaanmyymala.fi\/wp-content\/uploads\/2024\/02\/Maya-Raisa-tuoli-miljo%CC%88o%CC%88-2-960dpi.jpg?fit=960%2C960&ssl=1&resize=525%2C300 1.5x, https:\/\/i0.wp.com\/pohjanmaantehtaanmyymala.fi\/wp-content\/uploads\/2024\/02\/Maya-Raisa-tuoli-miljo%CC%88o%CC%88-2-960dpi.jpg?fit=960%2C960&ssl=1&resize=700%2C400 2x"},"classes":[]},{"id":29255,"url":"https:\/\/pohjanmaantehtaanmyymala.fi\/en\/tuote\/eemil-recliner-tuoli-musta-nahka\/","url_meta":{"origin":25299,"position":5},"title":"Eemil recliner-tuoli musta nahka","author":"Sami Viitala","date":"November 17, 2025","format":false,"excerpt":"Siro recliner-lepotuoli.","rel":"","context":"Similar post","block_context":{"text":"Similar post","link":""},"img":{"alt_text":"Emil recliner nojatuoli lepoasennossa musta soft antique -nahka.","src":"https:\/\/i0.wp.com\/pohjanmaantehtaanmyymala.fi\/wp-content\/uploads\/2025\/11\/Pohjanmaan_Eemil_recliner_musta_auki.jpg?fit=1000%2C1000&ssl=1&resize=350%2C200","width":350,"height":200,"srcset":"https:\/\/i0.wp.com\/pohjanmaantehtaanmyymala.fi\/wp-content\/uploads\/2025\/11\/Pohjanmaan_Eemil_recliner_musta_auki.jpg?fit=1000%2C1000&ssl=1&resize=350%2C200 1x, https:\/\/i0.wp.com\/pohjanmaantehtaanmyymala.fi\/wp-content\/uploads\/2025\/11\/Pohjanmaan_Eemil_recliner_musta_auki.jpg?fit=1000%2C1000&ssl=1&resize=525%2C300 1.5x, https:\/\/i0.wp.com\/pohjanmaantehtaanmyymala.fi\/wp-content\/uploads\/2025\/11\/Pohjanmaan_Eemil_recliner_musta_auki.jpg?fit=1000%2C1000&ssl=1&resize=700%2C400 2x"},"classes":[]}],"_links":{"self":[{"href":"https:\/\/pohjanmaantehtaanmyymala.fi\/en\/wp-json\/wp\/v2\/product\/25299","targetHints":{"allow":["GET"]}}],"collection":[{"href":"https:\/\/pohjanmaantehtaanmyymala.fi\/en\/wp-json\/wp\/v2\/product"}],"about":[{"href":"https:\/\/pohjanmaantehtaanmyymala.fi\/en\/wp-json\/wp\/v2\/types\/product"}],"replies":[{"embeddable":true,"href":"https:\/\/pohjanmaantehtaanmyymala.fi\/en\/wp-json\/wp\/v2\/comments?post=25299"}],"wp:featuredmedia":[{"embeddable":true,"href":"https:\/\/pohjanmaantehtaanmyymala.fi\/en\/wp-json\/wp\/v2\/media\/25303"}],"wp:attachment":[{"href":"https:\/\/pohjanmaantehtaanmyymala.fi\/en\/wp-json\/wp\/v2\/media?parent=25299"}],"wp:term":[{"taxonomy":"product_brand","embeddable":true,"href":"https:\/\/pohjanmaantehtaanmyymala.fi\/en\/wp-json\/wp\/v2\/product_brand?post=25299"},{"taxonomy":"product_cat","embeddable":true,"href":"https:\/\/pohjanmaantehtaanmyymala.fi\/en\/wp-json\/wp\/v2\/product_cat?post=25299"},{"taxonomy":"product_tag","embeddable":true,"href":"https:\/\/pohjanmaantehtaanmyymala.fi\/en\/wp-json\/wp\/v2\/product_tag?post=25299"}],"curies":[{"name":"wp","href":"https:\/\/api.w.org\/{rel}","templated":true}]}}