{"id":25268,"date":"2024-02-14T11:30:06","date_gmt":"2024-02-14T09:30:06","guid":{"rendered":"https:\/\/pohjanmaantehtaanmyymala.fi\/?post_type=product&#038;p=25268"},"modified":"2025-07-10T16:04:16","modified_gmt":"2025-07-10T14:04:16","slug":"eleanor-2-istuttava-sohva-166cm","status":"publish","type":"product","link":"https:\/\/pohjanmaantehtaanmyymala.fi\/en\/tuote\/eleanor-2-istuttava-sohva-166cm\/","title":{"rendered":"Eleanor 2-istuttava sohva alkaen"},"content":{"rendered":"<p>Retrohenkisen Eleanor kangassohvan ainutlaatuisuus piilee sen modernissa muotoilussa yhdistettyn\u00e4 hienostuneisiin retrohenkisiin yksityiskohtiin. T\u00e4m\u00e4 kolmenistuttava sohva hurmaa erityisesti verhoilun tikkauksilla, sis\u00e4\u00e4nvet\u00e4vill\u00e4 muodoilla sek\u00e4 tyylikk\u00e4ill\u00e4 k\u00e4sinojien terill\u00e4.<\/p>\n<p>Sohvan ilmeen viimeistelev\u00e4t korkeat metallijalat, jotka tuovat sille keveytt\u00e4 samalla helpottaen alustan siivousta. Eleanorin jalkojen ansiosta voit nauttia sohvasta huolettomasti ilman ylim\u00e4\u00e4r\u00e4ist\u00e4 vaivaa.<\/p>\n<p>Voit valita sohvalle oman kotisi tyyliin parhaiten sopivan kankaan ja v\u00e4rin laajasta v\u00e4rivalikoimastamme.<\/p>\n<p>Eleanor-kangassohva tuo kotiisi tyylikkyytt\u00e4, mukavuutta ja ajatonta tunnelmaa, joka sopii t\u00e4ydellisesti niin moderniin kuin perinteiseenkin sisustukseen.<\/p>\n<p>Huomioitavaa: Tuotekuva on sama kuin 3-istuttavassa mallissa. 2-istuttava malli on ulkon\u00e4\u00f6lt\u00e4\u00e4n sama, vain lyhyempi.<\/p>\n<p>Sohvaa saa my\u00f6s useilla eri kangailla, kysy lis\u00e4titetoa <a href=\"https:\/\/pohjanmaantehtaanmyymala.fi\/yhteys\/\">myynnist\u00e4mme!<\/a><\/p>\n<p><strong>Tuotetiedot:<\/strong><\/p>\n<p>Sohvan leveys on 166 cm<br \/>\nIstuinkorkeus 48 cm, syvyys 54 cm.<br \/>\nRunko puuta ja vaneria, takuu 10-vuotta.<br \/>\nIstuinpehmuste ja selk\u00e4nojan pehmuste vaahtomuovi HR35.<br \/>\nSelk\u00e4- ja istuintyynyt kiinte\u00e4t.<\/p>\n<p>Metallijalat, korkeus 18 cm.<\/p>\n","protected":false},"excerpt":{"rendered":"<p>Hurmaava ja retrohenkinen sohva kattavalla v\u00e4rivalikoimalla!<\/p>\n","protected":false},"featured_media":25252,"comment_status":"closed","ping_status":"closed","template":"","meta":{"_acf_changed":false,"jetpack_post_was_ever_published":false,"jetpack_publicize_message":"","jetpack_publicize_feature_enabled":true,"jetpack_social_post_already_shared":true,"jetpack_social_options":{"image_generator_settings":{"template":"highway","default_image_id":0,"font":"","enabled":false},"version":2}},"product_brand":[208],"product_cat":[201],"product_tag":[],"class_list":{"0":"post-25268","1":"product","2":"type-product","3":"status-publish","4":"has-post-thumbnail","6":"product_brand-ermatiko","7":"product_cat-sohvat","9":"first","10":"instock","11":"sale","12":"shipping-taxable","13":"purchasable","14":"product-type-simple"},"acf":[],"jetpack_publicize_connections":[],"jetpack_sharing_enabled":true,"jetpack-related-posts":[{"id":25251,"url":"https:\/\/pohjanmaantehtaanmyymala.fi\/en\/tuote\/eleanor-3-istuttava-sohva-226cm\/","url_meta":{"origin":25268,"position":0},"title":"Eleanor 3-istuttava sohva 226cm alk.,","author":"Miro Nevala","date":"March 4, 2024","format":false,"excerpt":"Hurmaava ja retrohenkinen sohva kattavalla v\u00e4rivalikoimalla!","rel":"","context":"Similar post","block_context":{"text":"Similar post","link":""},"img":{"alt_text":"Eleanor 3-istuttava sohva kuva edestp\u00e4in v\u00e4ri keltainen","src":"https:\/\/i0.wp.com\/pohjanmaantehtaanmyymala.fi\/wp-content\/uploads\/2024\/02\/Eleanor-3-istuttava-960dpi.jpg?fit=960%2C960&ssl=1&resize=350%2C200","width":350,"height":200,"srcset":"https:\/\/i0.wp.com\/pohjanmaantehtaanmyymala.fi\/wp-content\/uploads\/2024\/02\/Eleanor-3-istuttava-960dpi.jpg?fit=960%2C960&ssl=1&resize=350%2C200 1x, https:\/\/i0.wp.com\/pohjanmaantehtaanmyymala.fi\/wp-content\/uploads\/2024\/02\/Eleanor-3-istuttava-960dpi.jpg?fit=960%2C960&ssl=1&resize=525%2C300 1.5x, https:\/\/i0.wp.com\/pohjanmaantehtaanmyymala.fi\/wp-content\/uploads\/2024\/02\/Eleanor-3-istuttava-960dpi.jpg?fit=960%2C960&ssl=1&resize=700%2C400 2x"},"classes":[]},{"id":25279,"url":"https:\/\/pohjanmaantehtaanmyymala.fi\/en\/tuote\/eleanor-kulmasohva\/","url_meta":{"origin":25268,"position":1},"title":"Eleanor avokulmasohva alk.","author":"Miro Nevala","date":"February 14, 2024","format":false,"excerpt":"Hurmaava ja retrohenkinen kulmasohva kattavalla v\u00e4rivalikoimalla!","rel":"","context":"Similar post","block_context":{"text":"Similar post","link":""},"img":{"alt_text":"Eleanor kulmasohva kuvattu edest\u00e4","src":"https:\/\/i0.wp.com\/pohjanmaantehtaanmyymala.fi\/wp-content\/uploads\/2024\/02\/Eleanor-kulmasohva-960dpi.jpg?fit=960%2C960&ssl=1&resize=350%2C200","width":350,"height":200,"srcset":"https:\/\/i0.wp.com\/pohjanmaantehtaanmyymala.fi\/wp-content\/uploads\/2024\/02\/Eleanor-kulmasohva-960dpi.jpg?fit=960%2C960&ssl=1&resize=350%2C200 1x, https:\/\/i0.wp.com\/pohjanmaantehtaanmyymala.fi\/wp-content\/uploads\/2024\/02\/Eleanor-kulmasohva-960dpi.jpg?fit=960%2C960&ssl=1&resize=525%2C300 1.5x, https:\/\/i0.wp.com\/pohjanmaantehtaanmyymala.fi\/wp-content\/uploads\/2024\/02\/Eleanor-kulmasohva-960dpi.jpg?fit=960%2C960&ssl=1&resize=700%2C400 2x"},"classes":[]},{"id":23869,"url":"https:\/\/pohjanmaantehtaanmyymala.fi\/en\/tuote\/sheraton-2-istuttava-sohva\/","url_meta":{"origin":25268,"position":2},"title":"SHERATON 2-istuttava sohva","author":"Sami Viitala","date":"October 2, 2023","format":false,"excerpt":"T\u00e4ll\u00e4 sohvalla nautit mukavuudesta.","rel":"","context":"Similar post","block_context":{"text":"Similar post","link":""},"img":{"alt_text":"Sheraton 2-istuttava kangassohva HaliHali","src":"https:\/\/i0.wp.com\/pohjanmaantehtaanmyymala.fi\/wp-content\/uploads\/2023\/09\/Sheraton_2sohva_HaliHali300_kangas.jpg?fit=960%2C960&ssl=1&resize=350%2C200","width":350,"height":200,"srcset":"https:\/\/i0.wp.com\/pohjanmaantehtaanmyymala.fi\/wp-content\/uploads\/2023\/09\/Sheraton_2sohva_HaliHali300_kangas.jpg?fit=960%2C960&ssl=1&resize=350%2C200 1x, https:\/\/i0.wp.com\/pohjanmaantehtaanmyymala.fi\/wp-content\/uploads\/2023\/09\/Sheraton_2sohva_HaliHali300_kangas.jpg?fit=960%2C960&ssl=1&resize=525%2C300 1.5x, https:\/\/i0.wp.com\/pohjanmaantehtaanmyymala.fi\/wp-content\/uploads\/2023\/09\/Sheraton_2sohva_HaliHali300_kangas.jpg?fit=960%2C960&ssl=1&resize=700%2C400 2x"},"classes":[]},{"id":23874,"url":"https:\/\/pohjanmaantehtaanmyymala.fi\/en\/tuote\/sheraton-3-istuttava-sohva\/","url_meta":{"origin":25268,"position":3},"title":"SHERATON 3-istuttava sohva kankaalla","author":"Sami Viitala","date":"October 2, 2023","format":false,"excerpt":"Iso sohva muhkeaan oleiluun.","rel":"","context":"Similar post","block_context":{"text":"Similar post","link":""},"img":{"alt_text":"Sheraton 3-istuttava kangassohva HaliHali","src":"https:\/\/i0.wp.com\/pohjanmaantehtaanmyymala.fi\/wp-content\/uploads\/2023\/09\/Sheraton_sohva_HaliHali300_kangas.jpg?fit=960%2C960&ssl=1&resize=350%2C200","width":350,"height":200,"srcset":"https:\/\/i0.wp.com\/pohjanmaantehtaanmyymala.fi\/wp-content\/uploads\/2023\/09\/Sheraton_sohva_HaliHali300_kangas.jpg?fit=960%2C960&ssl=1&resize=350%2C200 1x, https:\/\/i0.wp.com\/pohjanmaantehtaanmyymala.fi\/wp-content\/uploads\/2023\/09\/Sheraton_sohva_HaliHali300_kangas.jpg?fit=960%2C960&ssl=1&resize=525%2C300 1.5x, https:\/\/i0.wp.com\/pohjanmaantehtaanmyymala.fi\/wp-content\/uploads\/2023\/09\/Sheraton_sohva_HaliHali300_kangas.jpg?fit=960%2C960&ssl=1&resize=700%2C400 2x"},"classes":[]},{"id":10941,"url":"https:\/\/pohjanmaantehtaanmyymala.fi\/en\/tuote\/pohjanmaan-aada-sohva-2-istuttava-rodeo-kankaalla\/","url_meta":{"origin":25268,"position":4},"title":"Pohjanmaan AADA 2 -istuttava sohva, Rodeo -kankaalla","author":"petri","date":"September 14, 2019","format":false,"excerpt":"Voit valita sohva useasta eri v\u00e4rist\u00e4.","rel":"","context":"Similar post","block_context":{"text":"Similar post","link":""},"img":{"alt_text":"","src":"https:\/\/i0.wp.com\/pohjanmaantehtaanmyymala.fi\/wp-content\/uploads\/2019\/09\/Aada_2_istuttava.jpg?fit=960%2C960&ssl=1&resize=350%2C200","width":350,"height":200,"srcset":"https:\/\/i0.wp.com\/pohjanmaantehtaanmyymala.fi\/wp-content\/uploads\/2019\/09\/Aada_2_istuttava.jpg?fit=960%2C960&ssl=1&resize=350%2C200 1x, https:\/\/i0.wp.com\/pohjanmaantehtaanmyymala.fi\/wp-content\/uploads\/2019\/09\/Aada_2_istuttava.jpg?fit=960%2C960&ssl=1&resize=525%2C300 1.5x, https:\/\/i0.wp.com\/pohjanmaantehtaanmyymala.fi\/wp-content\/uploads\/2019\/09\/Aada_2_istuttava.jpg?fit=960%2C960&ssl=1&resize=700%2C400 2x"},"classes":[]},{"id":10944,"url":"https:\/\/pohjanmaantehtaanmyymala.fi\/en\/tuote\/pohjanmaan-aada-sohvakalustorodeo-kankaalla\/","url_meta":{"origin":25268,"position":5},"title":"Pohjanmaan AADA \u2013 sohvakalusto 3+2","author":"petri","date":"September 14, 2019","format":false,"excerpt":"Pohjanmaan Aada 3+2 -sohvat kangasverhoilulla T\u00e4m\u00e4 sohva on varma valinta kotisi sohvaksi. Sohva on verhoiltu likaahylkiv\u00e4ll\u00e4 ja helppohoitoisella Rodeo-kankaalla, jossa on useita eri v\u00e4rivaihtoehtoja. Niist\u00e4 voit valita sohvaasi juuri sinun kotiin sopivan v\u00e4rin, joko sitten turvallisen harmaans\u00e4vyn tai vaikka pirte\u00e4n pinkin v\u00e4rin. Aada -sohvan istuin- ja selk\u00e4nojapehmusteet tarjoavat istujalle j\u00e4m\u00e4k\u00e4n\u2026","rel":"","context":"Similar post","block_context":{"text":"Similar post","link":""},"img":{"alt_text":"","src":"https:\/\/i0.wp.com\/pohjanmaantehtaanmyymala.fi\/wp-content\/uploads\/2019\/09\/Aada_sohvakalusto.jpg?fit=960%2C960&ssl=1&resize=350%2C200","width":350,"height":200,"srcset":"https:\/\/i0.wp.com\/pohjanmaantehtaanmyymala.fi\/wp-content\/uploads\/2019\/09\/Aada_sohvakalusto.jpg?fit=960%2C960&ssl=1&resize=350%2C200 1x, https:\/\/i0.wp.com\/pohjanmaantehtaanmyymala.fi\/wp-content\/uploads\/2019\/09\/Aada_sohvakalusto.jpg?fit=960%2C960&ssl=1&resize=525%2C300 1.5x, https:\/\/i0.wp.com\/pohjanmaantehtaanmyymala.fi\/wp-content\/uploads\/2019\/09\/Aada_sohvakalusto.jpg?fit=960%2C960&ssl=1&resize=700%2C400 2x"},"classes":[]}],"_links":{"self":[{"href":"https:\/\/pohjanmaantehtaanmyymala.fi\/en\/wp-json\/wp\/v2\/product\/25268","targetHints":{"allow":["GET"]}}],"collection":[{"href":"https:\/\/pohjanmaantehtaanmyymala.fi\/en\/wp-json\/wp\/v2\/product"}],"about":[{"href":"https:\/\/pohjanmaantehtaanmyymala.fi\/en\/wp-json\/wp\/v2\/types\/product"}],"replies":[{"embeddable":true,"href":"https:\/\/pohjanmaantehtaanmyymala.fi\/en\/wp-json\/wp\/v2\/comments?post=25268"}],"wp:featuredmedia":[{"embeddable":true,"href":"https:\/\/pohjanmaantehtaanmyymala.fi\/en\/wp-json\/wp\/v2\/media\/25252"}],"wp:attachment":[{"href":"https:\/\/pohjanmaantehtaanmyymala.fi\/en\/wp-json\/wp\/v2\/media?parent=25268"}],"wp:term":[{"taxonomy":"product_brand","embeddable":true,"href":"https:\/\/pohjanmaantehtaanmyymala.fi\/en\/wp-json\/wp\/v2\/product_brand?post=25268"},{"taxonomy":"product_cat","embeddable":true,"href":"https:\/\/pohjanmaantehtaanmyymala.fi\/en\/wp-json\/wp\/v2\/product_cat?post=25268"},{"taxonomy":"product_tag","embeddable":true,"href":"https:\/\/pohjanmaantehtaanmyymala.fi\/en\/wp-json\/wp\/v2\/product_tag?post=25268"}],"curies":[{"name":"wp","href":"https:\/\/api.w.org\/{rel}","templated":true}]}}