{"id":25036,"date":"2024-02-08T13:40:51","date_gmt":"2024-02-08T11:40:51","guid":{"rendered":"https:\/\/pohjanmaantehtaanmyymala.fi\/?post_type=product&#038;p=25036"},"modified":"2024-02-16T17:35:54","modified_gmt":"2024-02-16T15:35:54","slug":"maya-tuoli-perfect-harmony-kankaalla","status":"publish","type":"product","link":"https:\/\/pohjanmaantehtaanmyymala.fi\/en\/tuote\/maya-tuoli-perfect-harmony-kankaalla\/","title":{"rendered":"Maya tuoli Perfect-harmony-kankaalla"},"content":{"rendered":"<p>Maya lepotuoli hurmaa korkealaatuisella designillaan, ja sen Pocket-pussijousitus takaa poikkeuksellisen mukavuuden istumiseen. Py\u00f6riv\u00e4 mekanismi tuo lis\u00e4\u00e4 k\u00e4yt\u00e4nn\u00f6llisyytt\u00e4. Tuolin kiinte\u00e4t istuin- ja selk\u00e4tyynyt t\u00e4ydent\u00e4v\u00e4t sen tyylik\u00e4st\u00e4 ilmett\u00e4, tarjoten samalla erinomaista tukea. Lepotuoli on valmistettu laadukkaasta\u00a0 Perfect-harmony-kankaasta, joka on saatavilla useassa eri s\u00e4vyss\u00e4. Yhdist\u00e4 tilaasi persoonallista ilmett\u00e4 ja nauti huippulaatuisesta istumismukavuudesta. Maya lepotuolissa yhdistyv\u00e4t laatu, tyyli ja mukavuus.<\/p>\n<p><strong>Mitat:<\/strong><br \/>\nLeveys: 86 cm<br \/>\nSyvyys: 86 cm<br \/>\nKorkeus: 72 cm<br \/>\nIstuinkorkeus: 45 cm<br \/>\nIstuinsyvyys: 57 cm<br \/>\nK\u00e4sinojan leveys: 19 cm<\/p>\n<p><strong>Tuotetiedot:<\/strong><\/p>\n<p>Rungon materiaalit: massiivipuu, vaneri, kovalevy<\/p>\n<p>Istuinpehmusteet: Pocket pussijousitus, joustava pohjakangas, HR25 vaahtomuovi, vanu 300g, pehmeys medium<\/p>\n<p>Selk\u00e4pehmusteet: HR25 vaahtomuovia, vanu 300g, pehmeys medium<\/p>\n<p>Py\u00f6riv\u00e4 jalusta metallia<\/p>\n<p>Jalat massiivipuuta<\/p>\n<p>Toimitetaan valmiiksi kasattuna.<\/p>\n","protected":false},"excerpt":{"rendered":"<p>Maya lepotuoli \u2013 Py\u00f6riv\u00e4 uutuus. Ylellinen mukavuus, tyylik\u00e4s design.<\/p>\n","protected":false},"featured_media":25666,"comment_status":"closed","ping_status":"closed","template":"","meta":{"_acf_changed":false,"jetpack_post_was_ever_published":false,"jetpack_publicize_message":"","jetpack_publicize_feature_enabled":true,"jetpack_social_post_already_shared":true,"jetpack_social_options":{"image_generator_settings":{"template":"highway","default_image_id":0,"font":"","enabled":false},"version":2}},"product_brand":[208],"product_cat":[195],"product_tag":[],"class_list":{"0":"post-25036","1":"product","2":"type-product","3":"status-publish","4":"has-post-thumbnail","6":"product_brand-ermatiko","7":"product_cat-lepotuolit-ja-rahit","8":"pa_vari-beige-07","9":"pa_vari-harmaa-80","10":"pa_vari-roosa-63","11":"pa_vari-sininen-77","12":"pa_vari-terra-52","13":"pa_vari-tummanharmaa-90","14":"pa_vari-valkoinen-01","15":"pa_vari-vihrea-39","17":"first","18":"instock","19":"sale","20":"shipping-taxable","21":"purchasable","22":"product-type-variable"},"acf":[],"jetpack_publicize_connections":[],"jetpack_sharing_enabled":true,"jetpack-related-posts":[{"id":25037,"url":"https:\/\/pohjanmaantehtaanmyymala.fi\/en\/tuote\/maya-tuoli-tilia-kankaalla\/","url_meta":{"origin":25036,"position":0},"title":"Maya tuoli Tilia-kankaalla","author":"Miro Nevala","date":"February 8, 2024","format":false,"excerpt":"Maya py\u00f6riv\u00e4 lepotuoli \u2013 uutuus. Ihanan pehme\u00e4\u00e4 vakosamettikangasta.","rel":"","context":"Similar post","block_context":{"text":"Similar post","link":""},"img":{"alt_text":"Maya tuoli Tilia v\u00e4rill\u00e4","src":"https:\/\/i0.wp.com\/pohjanmaantehtaanmyymala.fi\/wp-content\/uploads\/2024\/02\/Maya-tuoli-Tilia-2-960dpi.jpg?fit=960%2C960&ssl=1&resize=350%2C200","width":350,"height":200,"srcset":"https:\/\/i0.wp.com\/pohjanmaantehtaanmyymala.fi\/wp-content\/uploads\/2024\/02\/Maya-tuoli-Tilia-2-960dpi.jpg?fit=960%2C960&ssl=1&resize=350%2C200 1x, https:\/\/i0.wp.com\/pohjanmaantehtaanmyymala.fi\/wp-content\/uploads\/2024\/02\/Maya-tuoli-Tilia-2-960dpi.jpg?fit=960%2C960&ssl=1&resize=525%2C300 1.5x, https:\/\/i0.wp.com\/pohjanmaantehtaanmyymala.fi\/wp-content\/uploads\/2024\/02\/Maya-tuoli-Tilia-2-960dpi.jpg?fit=960%2C960&ssl=1&resize=700%2C400 2x"},"classes":[]},{"id":25023,"url":"https:\/\/pohjanmaantehtaanmyymala.fi\/en\/tuote\/maya-tuoli-raisa-kankaalla\/","url_meta":{"origin":25036,"position":1},"title":"Maya tuoli Raisa-kankaalla","author":"Miro Nevala","date":"February 16, 2024","format":false,"excerpt":"Maya lepotuoli \u2013 Py\u00f6riv\u00e4 uutuus. Ylellinen mukavuus, tyylik\u00e4s design.","rel":"","context":"Similar post","block_context":{"text":"Similar post","link":""},"img":{"alt_text":"Maya tuoli Raisa kankaalla v\u00e4ri valkoinen milj\u00f6\u00f6 kuvassa","src":"https:\/\/i0.wp.com\/pohjanmaantehtaanmyymala.fi\/wp-content\/uploads\/2024\/02\/Maya-Raisa-tuoli-miljo%CC%88o%CC%88-2-960dpi.jpg?fit=960%2C960&ssl=1&resize=350%2C200","width":350,"height":200,"srcset":"https:\/\/i0.wp.com\/pohjanmaantehtaanmyymala.fi\/wp-content\/uploads\/2024\/02\/Maya-Raisa-tuoli-miljo%CC%88o%CC%88-2-960dpi.jpg?fit=960%2C960&ssl=1&resize=350%2C200 1x, https:\/\/i0.wp.com\/pohjanmaantehtaanmyymala.fi\/wp-content\/uploads\/2024\/02\/Maya-Raisa-tuoli-miljo%CC%88o%CC%88-2-960dpi.jpg?fit=960%2C960&ssl=1&resize=525%2C300 1.5x, https:\/\/i0.wp.com\/pohjanmaantehtaanmyymala.fi\/wp-content\/uploads\/2024\/02\/Maya-Raisa-tuoli-miljo%CC%88o%CC%88-2-960dpi.jpg?fit=960%2C960&ssl=1&resize=700%2C400 2x"},"classes":[]},{"id":25396,"url":"https:\/\/pohjanmaantehtaanmyymala.fi\/en\/tuote\/emil-nojatuoli-perfect-harmony-kankaalla\/","url_meta":{"origin":25036,"position":2},"title":"Emil-nojatuoli Perfect Harmony-kankaalla","author":"Miro Nevala","date":"February 14, 2024","format":false,"excerpt":"Moderni, ajaton ja mukava nojatuoli rentoutumiseen!","rel":"","context":"Similar post","block_context":{"text":"Similar post","link":""},"img":{"alt_text":"Emil tuoli vinokuva","src":"https:\/\/i0.wp.com\/pohjanmaantehtaanmyymala.fi\/wp-content\/uploads\/2024\/02\/Emil-tuoli-fusion-960dpi.jpg?fit=960%2C960&ssl=1&resize=350%2C200","width":350,"height":200,"srcset":"https:\/\/i0.wp.com\/pohjanmaantehtaanmyymala.fi\/wp-content\/uploads\/2024\/02\/Emil-tuoli-fusion-960dpi.jpg?fit=960%2C960&ssl=1&resize=350%2C200 1x, https:\/\/i0.wp.com\/pohjanmaantehtaanmyymala.fi\/wp-content\/uploads\/2024\/02\/Emil-tuoli-fusion-960dpi.jpg?fit=960%2C960&ssl=1&resize=525%2C300 1.5x, https:\/\/i0.wp.com\/pohjanmaantehtaanmyymala.fi\/wp-content\/uploads\/2024\/02\/Emil-tuoli-fusion-960dpi.jpg?fit=960%2C960&ssl=1&resize=700%2C400 2x"},"classes":[]},{"id":9443,"url":"https:\/\/pohjanmaantehtaanmyymala.fi\/en\/tuote\/moduli-kulmasohva-avopaadylla\/","url_meta":{"origin":25036,"position":3},"title":"MODULI &#8211; kulmasohva avop\u00e4\u00e4dyll\u00e4","author":"petri","date":"September 14, 2019","format":false,"excerpt":"Suoralinjainen Moduli-kulmasohva! Pohjanmaan Kalusteen Moduli- kulmasohva on loistava valinta olohuoneeseen! Kest\u00e4v\u00e4 puurunko, laadukkaat pehmusteet ja verhoilukangas takaavat mukavia istumahetki\u00e4 vuosiksi eteenp\u00e4in. Pohjanmaan Moduli-avokulman korkea jalka antaa sohvalle kevyen ilmeen ja helpottaa sohvan alustan siivoamisessa. Moduli-kulmasohvan saa useissa eri kangas- ja nahkavaihtoehdoilla. Tuotesivun hinta on alkaen hintaryhm\u00e4n 1 kankaalla. Tuotetiedot: Runko:\u2026","rel":"","context":"Similar post","block_context":{"text":"Similar post","link":""},"img":{"alt_text":"","src":"https:\/\/i0.wp.com\/pohjanmaantehtaanmyymala.fi\/wp-content\/uploads\/2019\/06\/MODULI-D2LP2.jpg?fit=960%2C960&ssl=1&resize=350%2C200","width":350,"height":200,"srcset":"https:\/\/i0.wp.com\/pohjanmaantehtaanmyymala.fi\/wp-content\/uploads\/2019\/06\/MODULI-D2LP2.jpg?fit=960%2C960&ssl=1&resize=350%2C200 1x, https:\/\/i0.wp.com\/pohjanmaantehtaanmyymala.fi\/wp-content\/uploads\/2019\/06\/MODULI-D2LP2.jpg?fit=960%2C960&ssl=1&resize=525%2C300 1.5x, https:\/\/i0.wp.com\/pohjanmaantehtaanmyymala.fi\/wp-content\/uploads\/2019\/06\/MODULI-D2LP2.jpg?fit=960%2C960&ssl=1&resize=700%2C400 2x"},"classes":[]},{"id":25401,"url":"https:\/\/pohjanmaantehtaanmyymala.fi\/en\/tuote\/emil-nojatuoli-raisa-kankaalla\/","url_meta":{"origin":25036,"position":4},"title":"Emil-nojatuoli Raisa-kankaalla","author":"Miro Nevala","date":"February 14, 2024","format":false,"excerpt":"Moderni ja mukava nojatuoli rentoutumiseen. Valitse v\u00e4ri!","rel":"","context":"Similar post","block_context":{"text":"Similar post","link":""},"img":{"alt_text":"Emil tuoli Raisa kankaalla v\u00e4ri vaalea","src":"https:\/\/i0.wp.com\/pohjanmaantehtaanmyymala.fi\/wp-content\/uploads\/2024\/02\/Emil-tuoli-Raisa-kangas-960dpi.jpg?fit=960%2C960&ssl=1&resize=350%2C200","width":350,"height":200,"srcset":"https:\/\/i0.wp.com\/pohjanmaantehtaanmyymala.fi\/wp-content\/uploads\/2024\/02\/Emil-tuoli-Raisa-kangas-960dpi.jpg?fit=960%2C960&ssl=1&resize=350%2C200 1x, https:\/\/i0.wp.com\/pohjanmaantehtaanmyymala.fi\/wp-content\/uploads\/2024\/02\/Emil-tuoli-Raisa-kangas-960dpi.jpg?fit=960%2C960&ssl=1&resize=525%2C300 1.5x, https:\/\/i0.wp.com\/pohjanmaantehtaanmyymala.fi\/wp-content\/uploads\/2024\/02\/Emil-tuoli-Raisa-kangas-960dpi.jpg?fit=960%2C960&ssl=1&resize=700%2C400 2x"},"classes":[]},{"id":25299,"url":"https:\/\/pohjanmaantehtaanmyymala.fi\/en\/tuote\/emil-nojatuoli-ja-rahi-raisa-kankaalla\/","url_meta":{"origin":25036,"position":5},"title":"Emil-nojatuoli ja rahi Raisa-kankaalla","author":"Miro Nevala","date":"March 15, 2024","format":false,"excerpt":"Moderni, ajaton ja mukava nojatuoli ja rahi rentoutumiseen. Valitse v\u00e4ri!","rel":"","context":"Similar post","block_context":{"text":"Similar post","link":""},"img":{"alt_text":"Emil tuoli ja rahi Raisa kankaalla v\u00e4ri vaalea","src":"https:\/\/i0.wp.com\/pohjanmaantehtaanmyymala.fi\/wp-content\/uploads\/2024\/02\/Emil-tuoli-ja-rahi-Raisa-kangas-960dpi.jpg?fit=960%2C960&ssl=1&resize=350%2C200","width":350,"height":200,"srcset":"https:\/\/i0.wp.com\/pohjanmaantehtaanmyymala.fi\/wp-content\/uploads\/2024\/02\/Emil-tuoli-ja-rahi-Raisa-kangas-960dpi.jpg?fit=960%2C960&ssl=1&resize=350%2C200 1x, https:\/\/i0.wp.com\/pohjanmaantehtaanmyymala.fi\/wp-content\/uploads\/2024\/02\/Emil-tuoli-ja-rahi-Raisa-kangas-960dpi.jpg?fit=960%2C960&ssl=1&resize=525%2C300 1.5x, https:\/\/i0.wp.com\/pohjanmaantehtaanmyymala.fi\/wp-content\/uploads\/2024\/02\/Emil-tuoli-ja-rahi-Raisa-kangas-960dpi.jpg?fit=960%2C960&ssl=1&resize=700%2C400 2x"},"classes":[]}],"_links":{"self":[{"href":"https:\/\/pohjanmaantehtaanmyymala.fi\/en\/wp-json\/wp\/v2\/product\/25036","targetHints":{"allow":["GET"]}}],"collection":[{"href":"https:\/\/pohjanmaantehtaanmyymala.fi\/en\/wp-json\/wp\/v2\/product"}],"about":[{"href":"https:\/\/pohjanmaantehtaanmyymala.fi\/en\/wp-json\/wp\/v2\/types\/product"}],"replies":[{"embeddable":true,"href":"https:\/\/pohjanmaantehtaanmyymala.fi\/en\/wp-json\/wp\/v2\/comments?post=25036"}],"wp:featuredmedia":[{"embeddable":true,"href":"https:\/\/pohjanmaantehtaanmyymala.fi\/en\/wp-json\/wp\/v2\/media\/25666"}],"wp:attachment":[{"href":"https:\/\/pohjanmaantehtaanmyymala.fi\/en\/wp-json\/wp\/v2\/media?parent=25036"}],"wp:term":[{"taxonomy":"product_brand","embeddable":true,"href":"https:\/\/pohjanmaantehtaanmyymala.fi\/en\/wp-json\/wp\/v2\/product_brand?post=25036"},{"taxonomy":"product_cat","embeddable":true,"href":"https:\/\/pohjanmaantehtaanmyymala.fi\/en\/wp-json\/wp\/v2\/product_cat?post=25036"},{"taxonomy":"product_tag","embeddable":true,"href":"https:\/\/pohjanmaantehtaanmyymala.fi\/en\/wp-json\/wp\/v2\/product_tag?post=25036"}],"curies":[{"name":"wp","href":"https:\/\/api.w.org\/{rel}","templated":true}]}}