{"id":24993,"date":"2024-02-07T13:00:28","date_gmt":"2024-02-07T11:00:28","guid":{"rendered":"https:\/\/pohjanmaantehtaanmyymala.fi\/?post_type=product&#038;p=24993"},"modified":"2024-02-24T20:18:50","modified_gmt":"2024-02-24T18:18:50","slug":"uniikki-hard-jenkkisankypaketti-140x200-cm","status":"publish","type":"product","link":"https:\/\/pohjanmaantehtaanmyymala.fi\/en\/tuote\/uniikki-hard-jenkkisankypaketti-140x200-cm\/","title":{"rendered":"Uniikki HARD Jenkkis\u00e4nkypaketti 140&#215;200 cm"},"content":{"rendered":"<p>Uniikki Hard-jenkkis\u00e4nky, 140 cm leve\u00e4n\u00e4, tarjoaa j\u00e4m\u00e4k\u00e4n ja hyv\u00e4n nukkumiskokemuksen. S\u00e4nky on verhoiltu tyylikk\u00e4\u00e4sti harmaalla Inari-kankaalla. Saatavilla my\u00f6s muita v\u00e4rivaihtoehtoja.<\/p>\n<p>Uniikki Hard-jenkkis\u00e4ngyn pussijousitettu v\u00e4lipatja mukautuu ihanteellisesti nukkujan vartaloon. Pussijousitetussa patjassa jokainen jousi toimii itsen\u00e4isesti omassa pussissaan, mahdollistaen yksil\u00f6llisen jousituksen. Jenkkis\u00e4ngyn jousettomat alarungot tarjoavat vakaan alustan v\u00e4lipatjalle, luoden samalla miellytt\u00e4v\u00e4n napakan tunnun s\u00e4ngyss\u00e4.<\/p>\n<p>Uniikki Hard-jenkkis\u00e4ngyiss\u00e4 on vaivaton k\u00e4ytt\u00f6\u00f6notto, sill\u00e4 s\u00e4ngyn alarungot toimitetaan valmiiksi kasattuina. Saavuttuasi toimituksen purat vain paketit ja asennat jalat paikoilleen, ja s\u00e4nky on hetkess\u00e4 valmiina k\u00e4ytt\u00f6\u00f6n.<\/p>\n<p>Verhoilu Inari- kankaalla, saatavana tilauksesta 5 eri v\u00e4ri\u00e4. Varastov\u00e4ri on Inari -96.<\/p>\n<p>Kysy edullista kotiinkuljetusta <a href=\"https:\/\/pohjanmaantehtaanmyymala.fi\/yhteys\/\">myynnist\u00e4mme!<\/a><\/p>\n<h3><strong>Tuotetiedot:<\/strong><\/h3>\n<p>J\u00e4ykkyys: Hard<br \/>\nV\u00e4lipatja: Tihe\u00e4 pussijousitus (245 jousta\/m2) jousen lankavahvuus 2mm.<br \/>\nAlarungot: Puu\/kalustelevyrunko, jousettomat. Valmiiksi kasatuttuna.<br \/>\nJenkkis\u00e4ngyn verhoilu: Tummanharmaa Inari 96 -kangas.<br \/>\nJalat: Harjattua ter\u00e4st\u00e4.<br \/>\nPetauspatja: Vaahtomuovi sisus, irrotettava ja vesipest\u00e4v\u00e4 p\u00e4\u00e4llinen. Paksuus 4cm.<br \/>\nKuvan Uniikki p\u00e4\u00e4ty myyd\u00e4\u00e4n erikseen<br \/>\nToimitus muoviin pakattuna.<\/p>\n","protected":false},"excerpt":{"rendered":"<p>J\u00e4m\u00e4kk\u00e4 ja mukava Jenkkis\u00e4nky!<\/p>\n","protected":false},"featured_media":24989,"comment_status":"closed","ping_status":"closed","template":"","meta":{"_acf_changed":false,"jetpack_post_was_ever_published":false,"jetpack_publicize_message":"","jetpack_publicize_feature_enabled":true,"jetpack_social_post_already_shared":true,"jetpack_social_options":{"image_generator_settings":{"template":"highway","default_image_id":0,"font":"","enabled":false},"version":2}},"product_brand":[206],"product_cat":[198],"product_tag":[],"class_list":{"0":"post-24993","1":"product","2":"type-product","3":"status-publish","4":"has-post-thumbnail","6":"product_brand-furnico","7":"product_cat-patjat-ja-sangyt","8":"product_shipping_class-161","9":"pa_vari-beige","10":"pa_vari-musta","11":"pa_vari-ruskea","12":"pa_vari-tummanharmaa","13":"pa_vari-vaaleanharmaa","15":"first","16":"onbackorder","17":"sale","18":"purchasable","19":"product-type-simple"},"acf":[],"jetpack_publicize_connections":[],"jetpack_sharing_enabled":true,"jetpack-related-posts":[{"id":24985,"url":"https:\/\/pohjanmaantehtaanmyymala.fi\/en\/tuote\/uniikki-hard-jenkkisanky-180x200-petarilla\/","url_meta":{"origin":24993,"position":0},"title":"Uniikki HARD Jenkkis\u00e4nky 180&#215;200 petarilla","author":"Miro Nevala","date":"February 7, 2024","format":false,"excerpt":"Muhkea ja mukava Jenkkis\u00e4nky!","rel":"","context":"Similar post","block_context":{"text":"Similar post","link":""},"img":{"alt_text":"Uniikki HARD Jenkkis\u00e4nky v\u00e4ri tumman harmaa","src":"https:\/\/i0.wp.com\/pohjanmaantehtaanmyymala.fi\/wp-content\/uploads\/2024\/02\/Uniikki-Hard-jenkkisa%CC%88nky-pa%CC%88a%CC%88dylla%CC%88-960dpi.jpg?fit=960%2C960&ssl=1&resize=350%2C200","width":350,"height":200,"srcset":"https:\/\/i0.wp.com\/pohjanmaantehtaanmyymala.fi\/wp-content\/uploads\/2024\/02\/Uniikki-Hard-jenkkisa%CC%88nky-pa%CC%88a%CC%88dylla%CC%88-960dpi.jpg?fit=960%2C960&ssl=1&resize=350%2C200 1x, https:\/\/i0.wp.com\/pohjanmaantehtaanmyymala.fi\/wp-content\/uploads\/2024\/02\/Uniikki-Hard-jenkkisa%CC%88nky-pa%CC%88a%CC%88dylla%CC%88-960dpi.jpg?fit=960%2C960&ssl=1&resize=525%2C300 1.5x, https:\/\/i0.wp.com\/pohjanmaantehtaanmyymala.fi\/wp-content\/uploads\/2024\/02\/Uniikki-Hard-jenkkisa%CC%88nky-pa%CC%88a%CC%88dylla%CC%88-960dpi.jpg?fit=960%2C960&ssl=1&resize=700%2C400 2x"},"classes":[]},{"id":24992,"url":"https:\/\/pohjanmaantehtaanmyymala.fi\/en\/tuote\/uniikki-hard-jenkkisanky-kokonaisuus-160x200-cm\/","url_meta":{"origin":24993,"position":1},"title":"Uniikki HARD Jenkkis\u00e4nky 160&#215;200 cm","author":"Miro Nevala","date":"February 7, 2024","format":false,"excerpt":"Jam\u00e4kk\u00e4 ja mukava jenkkis\u00e4nky!","rel":"","context":"Similar post","block_context":{"text":"Similar post","link":""},"img":{"alt_text":"Uniikki HARD jenkkis\u00e4nky 180x200 v\u00e4ri tumman harmaa","src":"https:\/\/i0.wp.com\/pohjanmaantehtaanmyymala.fi\/wp-content\/uploads\/2024\/02\/Uniikki-Hard-jenkkisa%CC%88nky-960dpi.jpg?fit=960%2C960&ssl=1&resize=350%2C200","width":350,"height":200,"srcset":"https:\/\/i0.wp.com\/pohjanmaantehtaanmyymala.fi\/wp-content\/uploads\/2024\/02\/Uniikki-Hard-jenkkisa%CC%88nky-960dpi.jpg?fit=960%2C960&ssl=1&resize=350%2C200 1x, https:\/\/i0.wp.com\/pohjanmaantehtaanmyymala.fi\/wp-content\/uploads\/2024\/02\/Uniikki-Hard-jenkkisa%CC%88nky-960dpi.jpg?fit=960%2C960&ssl=1&resize=525%2C300 1.5x, https:\/\/i0.wp.com\/pohjanmaantehtaanmyymala.fi\/wp-content\/uploads\/2024\/02\/Uniikki-Hard-jenkkisa%CC%88nky-960dpi.jpg?fit=960%2C960&ssl=1&resize=700%2C400 2x"},"classes":[]},{"id":10512,"url":"https:\/\/pohjanmaantehtaanmyymala.fi\/en\/tuote\/uniikki-jenkkisanky-petauspatjalla-120cm\/","url_meta":{"origin":24993,"position":2},"title":"UNIIKKI &#8211; jenkkis\u00e4nky petauspatjalla ja p\u00e4\u00e4dyll\u00e4 120&#215;200 cm","author":"petri","date":"September 14, 2019","format":false,"excerpt":"Nuorison suosima pussijousitettu jenkkiss\u00e4nky.","rel":"","context":"Similar post","block_context":{"text":"Similar post","link":""},"img":{"alt_text":"Uniikki Jenkkis\u00e4nky 120 cm","src":"https:\/\/i0.wp.com\/pohjanmaantehtaanmyymala.fi\/wp-content\/uploads\/2019\/09\/Uniikki_Jenkkisanky_120.jpg?fit=1200%2C988&ssl=1&resize=350%2C200","width":350,"height":200,"srcset":"https:\/\/i0.wp.com\/pohjanmaantehtaanmyymala.fi\/wp-content\/uploads\/2019\/09\/Uniikki_Jenkkisanky_120.jpg?fit=1200%2C988&ssl=1&resize=350%2C200 1x, https:\/\/i0.wp.com\/pohjanmaantehtaanmyymala.fi\/wp-content\/uploads\/2019\/09\/Uniikki_Jenkkisanky_120.jpg?fit=1200%2C988&ssl=1&resize=525%2C300 1.5x, https:\/\/i0.wp.com\/pohjanmaantehtaanmyymala.fi\/wp-content\/uploads\/2019\/09\/Uniikki_Jenkkisanky_120.jpg?fit=1200%2C988&ssl=1&resize=700%2C400 2x, https:\/\/i0.wp.com\/pohjanmaantehtaanmyymala.fi\/wp-content\/uploads\/2019\/09\/Uniikki_Jenkkisanky_120.jpg?fit=1200%2C988&ssl=1&resize=1050%2C600 3x"},"classes":[]},{"id":10510,"url":"https:\/\/pohjanmaantehtaanmyymala.fi\/en\/tuote\/uniikki-jenkkisanky-petauspatjalla\/","url_meta":{"origin":24993,"position":3},"title":"UNIIKKI &#8211; jenkkis\u00e4nky petauspatjalla","author":"petri","date":"September 14, 2019","format":false,"excerpt":"Valitse mieluinen 4:st\u00e4 eri leveydest\u00e4!","rel":"","context":"Similar post","block_context":{"text":"Similar post","link":""},"img":{"alt_text":"","src":"https:\/\/i0.wp.com\/pohjanmaantehtaanmyymala.fi\/wp-content\/uploads\/2019\/09\/Uniikki-jenkkisanky160.jpg?fit=960%2C960&ssl=1&resize=350%2C200","width":350,"height":200,"srcset":"https:\/\/i0.wp.com\/pohjanmaantehtaanmyymala.fi\/wp-content\/uploads\/2019\/09\/Uniikki-jenkkisanky160.jpg?fit=960%2C960&ssl=1&resize=350%2C200 1x, https:\/\/i0.wp.com\/pohjanmaantehtaanmyymala.fi\/wp-content\/uploads\/2019\/09\/Uniikki-jenkkisanky160.jpg?fit=960%2C960&ssl=1&resize=525%2C300 1.5x, https:\/\/i0.wp.com\/pohjanmaantehtaanmyymala.fi\/wp-content\/uploads\/2019\/09\/Uniikki-jenkkisanky160.jpg?fit=960%2C960&ssl=1&resize=700%2C400 2x"},"classes":[]},{"id":27646,"url":"https:\/\/pohjanmaantehtaanmyymala.fi\/en\/tuote\/luca-jenkkisanky-160x200-cm-petauspatjalla\/","url_meta":{"origin":24993,"position":4},"title":"Lucia jenkkis\u00e4nky 160&#215;200 cm petauspatjalla","author":"Sami Viitala","date":"November 22, 2024","format":false,"excerpt":"Jenkkis\u00e4nky muhkealla petarilla.","rel":"","context":"Similar post","block_context":{"text":"Similar post","link":""},"img":{"alt_text":"Lucia jenkkis\u00e4nky 160 cm leve\u00e4 200 cm pitk\u00e4 Luca Dolphin vaalealla kankaalla ja paksulla petarilla","src":"https:\/\/i0.wp.com\/pohjanmaantehtaanmyymala.fi\/wp-content\/uploads\/2024\/11\/Luca_jenkkisanky_160x200.jpg?fit=960%2C960&ssl=1&resize=350%2C200","width":350,"height":200,"srcset":"https:\/\/i0.wp.com\/pohjanmaantehtaanmyymala.fi\/wp-content\/uploads\/2024\/11\/Luca_jenkkisanky_160x200.jpg?fit=960%2C960&ssl=1&resize=350%2C200 1x, https:\/\/i0.wp.com\/pohjanmaantehtaanmyymala.fi\/wp-content\/uploads\/2024\/11\/Luca_jenkkisanky_160x200.jpg?fit=960%2C960&ssl=1&resize=525%2C300 1.5x, https:\/\/i0.wp.com\/pohjanmaantehtaanmyymala.fi\/wp-content\/uploads\/2024\/11\/Luca_jenkkisanky_160x200.jpg?fit=960%2C960&ssl=1&resize=700%2C400 2x"},"classes":[]},{"id":10516,"url":"https:\/\/pohjanmaantehtaanmyymala.fi\/en\/tuote\/uniikki-lux-jenkkisanky-petauspatjalla\/","url_meta":{"origin":24993,"position":5},"title":"HIGH LUX &#8211; jenkkis\u00e4nky 120 cm visco-petauspatjalla","author":"petri","date":"September 14, 2019","format":false,"excerpt":"T\u00e4m\u00e4 muhkea s\u00e4nky kruunaa t\u00e4ydellisen makuuhuoneen.","rel":"","context":"Similar post","block_context":{"text":"Similar post","link":""},"img":{"alt_text":"","src":"https:\/\/i0.wp.com\/pohjanmaantehtaanmyymala.fi\/wp-content\/uploads\/2019\/09\/Uniikkilux-120-1500pxl.jpg?fit=960%2C960&ssl=1&resize=350%2C200","width":350,"height":200,"srcset":"https:\/\/i0.wp.com\/pohjanmaantehtaanmyymala.fi\/wp-content\/uploads\/2019\/09\/Uniikkilux-120-1500pxl.jpg?fit=960%2C960&ssl=1&resize=350%2C200 1x, https:\/\/i0.wp.com\/pohjanmaantehtaanmyymala.fi\/wp-content\/uploads\/2019\/09\/Uniikkilux-120-1500pxl.jpg?fit=960%2C960&ssl=1&resize=525%2C300 1.5x, https:\/\/i0.wp.com\/pohjanmaantehtaanmyymala.fi\/wp-content\/uploads\/2019\/09\/Uniikkilux-120-1500pxl.jpg?fit=960%2C960&ssl=1&resize=700%2C400 2x"},"classes":[]}],"_links":{"self":[{"href":"https:\/\/pohjanmaantehtaanmyymala.fi\/en\/wp-json\/wp\/v2\/product\/24993","targetHints":{"allow":["GET"]}}],"collection":[{"href":"https:\/\/pohjanmaantehtaanmyymala.fi\/en\/wp-json\/wp\/v2\/product"}],"about":[{"href":"https:\/\/pohjanmaantehtaanmyymala.fi\/en\/wp-json\/wp\/v2\/types\/product"}],"replies":[{"embeddable":true,"href":"https:\/\/pohjanmaantehtaanmyymala.fi\/en\/wp-json\/wp\/v2\/comments?post=24993"}],"wp:featuredmedia":[{"embeddable":true,"href":"https:\/\/pohjanmaantehtaanmyymala.fi\/en\/wp-json\/wp\/v2\/media\/24989"}],"wp:attachment":[{"href":"https:\/\/pohjanmaantehtaanmyymala.fi\/en\/wp-json\/wp\/v2\/media?parent=24993"}],"wp:term":[{"taxonomy":"product_brand","embeddable":true,"href":"https:\/\/pohjanmaantehtaanmyymala.fi\/en\/wp-json\/wp\/v2\/product_brand?post=24993"},{"taxonomy":"product_cat","embeddable":true,"href":"https:\/\/pohjanmaantehtaanmyymala.fi\/en\/wp-json\/wp\/v2\/product_cat?post=24993"},{"taxonomy":"product_tag","embeddable":true,"href":"https:\/\/pohjanmaantehtaanmyymala.fi\/en\/wp-json\/wp\/v2\/product_tag?post=24993"}],"curies":[{"name":"wp","href":"https:\/\/api.w.org\/{rel}","templated":true}]}}