{"id":24975,"date":"2024-02-07T11:09:10","date_gmt":"2024-02-07T09:09:10","guid":{"rendered":"https:\/\/pohjanmaantehtaanmyymala.fi\/?post_type=product&#038;p=24975"},"modified":"2024-02-26T20:35:47","modified_gmt":"2024-02-26T18:35:47","slug":"uniikki-plus-runkopatjapaketti-180x200-cm","status":"publish","type":"product","link":"https:\/\/pohjanmaantehtaanmyymala.fi\/en\/tuote\/uniikki-plus-runkopatjapaketti-180x200-cm\/","title":{"rendered":"UNIIKKI Plus runkopatjapaketti 180&#215;200 cm"},"content":{"rendered":"<p>Tyylik\u00e4s 180&#215;200 cm leve\u00e4 Uniikki Plus runkos\u00e4nky, varustettuna laadukkaalla 5-vy\u00f6hykkeisell\u00e4 pussijousituksella, on erinomainen valinta niille, jotka etsiv\u00e4t edullista ja mukavaa s\u00e4nky\u00e4. S\u00e4ngyiss\u00e4 on hieman tavanomaista korkeampi runko, jonka vuoksi s\u00e4nky n\u00e4ytt\u00e4\u00e4\u00e4 upean paksulta.<\/p>\n<p>S\u00e4ngyn pussijousituksessa jokainen jousi on sijoitettu omaan pussiinsa ja toimii t\u00e4ysin itsen\u00e4isesti.<\/p>\n<p>S\u00e4nky\u00e4 on saatavilla kolmea eri j\u00e4ykkyysastetta, painosuositukset per nukkuja:<br \/>\n-Soft, nukkujan suosituspaino alle 75 kg.<br \/>\n-Medium, nukkuja suosituspaino 60-80 kg.<br \/>\n-Hard, nukkujan suosituspaino 75-100 kg.<\/p>\n<p>Voit valita my\u00f6s molemmat puolet eri j\u00e4ykkyydell\u00e4.<\/p>\n<p>S\u00e4nky\u00e4 t\u00e4ydent\u00e4\u00e4 paksu koko s\u00e4ngyn 180 cm leve\u00e4 j\u00e4m\u00e4kk\u00e4 Uniikki ERX-sijauspatja, jonka pehmusteena k\u00e4ytet\u00e4\u00e4n normaalia vaahtomuovia kimmoisampaa ja kest\u00e4v\u00e4mp\u00e4\u00e4 stylex-vaahtoa. T\u00e4m\u00e4 Uniikki Plus runkos\u00e4nky setti tarjoaa huippulaatua ja tyylikkyytt\u00e4 makuuhuoneeseesi.<\/p>\n<p>T\u00e4m\u00e4 s\u00e4nky myyd\u00e4\u00e4n toimitusmyyntin\u00e4, toimitusaika on n. 4 viikkoa tilauksesta.<\/p>\n<h3><strong>Tuotetiedot:<\/strong><\/h3>\n<p>Toimitussis\u00e4lt\u00f6: 2 kpl runkopatjaa, petauspatja ja jalkasarjat<br \/>\nJousitus: 5-vy\u00f6kykkeinen pussijousitus. Soft-, medium- tai hard-j\u00e4ykkyys. Jousitakuu 10-vuotta.<br \/>\nRunko: Massivipuu, vaneri. Takuu 5-vuotta.<br \/>\nVerhoilu: Inari kangas, runkos\u00e4ngyn pinnassa joustokangas.<br \/>\nJalat: Massiivipuuta, musta.<br \/>\nPetauspatja: Profiloitu stylex-sisus, p\u00e4\u00e4llinen irroitettava ja pest\u00e4v\u00e4. Paksuus 6 cm.<br \/>\nToimitetaan muoviin ja pahviin pakattuna.<\/p>\n","protected":false},"excerpt":{"rendered":"<p>Muhkea vy\u00f6hykejousitettu runkoparis\u00e4nky.<\/p>\n","protected":false},"featured_media":24976,"comment_status":"closed","ping_status":"closed","template":"","meta":{"_acf_changed":false,"jetpack_post_was_ever_published":false,"jetpack_publicize_message":"","jetpack_publicize_feature_enabled":true,"jetpack_social_post_already_shared":true,"jetpack_social_options":{"image_generator_settings":{"template":"highway","default_image_id":0,"font":"","enabled":false},"version":2}},"product_brand":[206],"product_cat":[198],"product_tag":[],"class_list":{"0":"post-24975","1":"product","2":"type-product","3":"status-publish","4":"has-post-thumbnail","6":"product_brand-furnico","7":"product_cat-patjat-ja-sangyt","8":"product_shipping_class-161","9":"pa_malli-hard","10":"pa_malli-hard-medium","11":"pa_malli-medium","12":"pa_malli-soft","13":"pa_malli-soft-hard","14":"pa_malli-soft-medium","16":"first","17":"instock","18":"sale","19":"purchasable","20":"product-type-variable","21":"has-default-attributes"},"acf":[],"jetpack_publicize_connections":[],"jetpack_sharing_enabled":true,"jetpack-related-posts":[{"id":24968,"url":"https:\/\/pohjanmaantehtaanmyymala.fi\/en\/tuote\/uniikki-plus-runkopatja-120x200-cm\/","url_meta":{"origin":24975,"position":0},"title":"UNIIKKI Plus runkopatja 120&#215;200 cm","author":"Miro Nevala","date":"February 6, 2024","format":false,"excerpt":"Muhkean n\u00e4k\u00f6inen s\u00e4nky pehme\u00e4ll\u00e4 petauspatjalla.","rel":"","context":"Similar post","block_context":{"text":"Similar post","link":""},"img":{"alt_text":"Uniikki plus runkos\u00e4nky 120x220 cm","src":"https:\/\/i0.wp.com\/pohjanmaantehtaanmyymala.fi\/wp-content\/uploads\/2024\/02\/Uniikki_plus_Runkopatja_120.jpg?fit=960%2C960&ssl=1&resize=350%2C200","width":350,"height":200,"srcset":"https:\/\/i0.wp.com\/pohjanmaantehtaanmyymala.fi\/wp-content\/uploads\/2024\/02\/Uniikki_plus_Runkopatja_120.jpg?fit=960%2C960&ssl=1&resize=350%2C200 1x, https:\/\/i0.wp.com\/pohjanmaantehtaanmyymala.fi\/wp-content\/uploads\/2024\/02\/Uniikki_plus_Runkopatja_120.jpg?fit=960%2C960&ssl=1&resize=525%2C300 1.5x, https:\/\/i0.wp.com\/pohjanmaantehtaanmyymala.fi\/wp-content\/uploads\/2024\/02\/Uniikki_plus_Runkopatja_120.jpg?fit=960%2C960&ssl=1&resize=700%2C400 2x"},"classes":[]},{"id":10523,"url":"https:\/\/pohjanmaantehtaanmyymala.fi\/en\/tuote\/uniikki-plus-runkopatja-petauspatjalla\/","url_meta":{"origin":24975,"position":1},"title":"UNIIKKI PLUS paris\u00e4nkysetti","author":"petri","date":"September 14, 2019","format":false,"excerpt":"Korkeampi s\u00e4ngyn runko n\u00e4ytt\u00e4\u00e4 muhkeammalta. Valitse koko alta!","rel":"","context":"Similar post","block_context":{"text":"Similar post","link":""},"img":{"alt_text":"Uniikki plus s\u00e4nkysetti 160 cm leve\u00e4n\u00e4","src":"https:\/\/i0.wp.com\/pohjanmaantehtaanmyymala.fi\/wp-content\/uploads\/2019\/09\/Uniikki_plus_runkopatjasetti_160.jpg?fit=960%2C960&ssl=1&resize=350%2C200","width":350,"height":200,"srcset":"https:\/\/i0.wp.com\/pohjanmaantehtaanmyymala.fi\/wp-content\/uploads\/2019\/09\/Uniikki_plus_runkopatjasetti_160.jpg?fit=960%2C960&ssl=1&resize=350%2C200 1x, https:\/\/i0.wp.com\/pohjanmaantehtaanmyymala.fi\/wp-content\/uploads\/2019\/09\/Uniikki_plus_runkopatjasetti_160.jpg?fit=960%2C960&ssl=1&resize=525%2C300 1.5x, https:\/\/i0.wp.com\/pohjanmaantehtaanmyymala.fi\/wp-content\/uploads\/2019\/09\/Uniikki_plus_runkopatjasetti_160.jpg?fit=960%2C960&ssl=1&resize=700%2C400 2x"},"classes":[]},{"id":24974,"url":"https:\/\/pohjanmaantehtaanmyymala.fi\/en\/tuote\/uniikki-plus-runkopatja-90x200-cm\/","url_meta":{"origin":24975,"position":2},"title":"UNIIKKI Plus runkopatja 90&#215;200 cm","author":"Miro Nevala","date":"February 7, 2024","format":false,"excerpt":"Muhkea edullinen s\u00e4nky petauspatjalla nyt 90cm leve\u00e4n\u00e4!","rel":"","context":"Similar post","block_context":{"text":"Similar post","link":""},"img":{"alt_text":"Uniikki plus runkopatja petarille 90 cm","src":"https:\/\/i0.wp.com\/pohjanmaantehtaanmyymala.fi\/wp-content\/uploads\/2019\/09\/Uniikki-plus-90-1500jpg.jpg?fit=1200%2C1082&ssl=1&resize=350%2C200","width":350,"height":200,"srcset":"https:\/\/i0.wp.com\/pohjanmaantehtaanmyymala.fi\/wp-content\/uploads\/2019\/09\/Uniikki-plus-90-1500jpg.jpg?fit=1200%2C1082&ssl=1&resize=350%2C200 1x, https:\/\/i0.wp.com\/pohjanmaantehtaanmyymala.fi\/wp-content\/uploads\/2019\/09\/Uniikki-plus-90-1500jpg.jpg?fit=1200%2C1082&ssl=1&resize=525%2C300 1.5x, https:\/\/i0.wp.com\/pohjanmaantehtaanmyymala.fi\/wp-content\/uploads\/2019\/09\/Uniikki-plus-90-1500jpg.jpg?fit=1200%2C1082&ssl=1&resize=700%2C400 2x, https:\/\/i0.wp.com\/pohjanmaantehtaanmyymala.fi\/wp-content\/uploads\/2019\/09\/Uniikki-plus-90-1500jpg.jpg?fit=1200%2C1082&ssl=1&resize=1050%2C600 3x"},"classes":[]},{"id":24969,"url":"https:\/\/pohjanmaantehtaanmyymala.fi\/en\/tuote\/uniikki-plus-runkopatja-140x200-cm\/","url_meta":{"origin":24975,"position":3},"title":"UNIIKKI Plus runkopatja 140&#215;200 cm","author":"Miro Nevala","date":"February 6, 2024","format":false,"excerpt":"Muhkea s\u00e4nky pehmoisella petauspatjalla","rel":"","context":"Similar post","block_context":{"text":"Similar post","link":""},"img":{"alt_text":"","src":"https:\/\/i0.wp.com\/pohjanmaantehtaanmyymala.fi\/wp-content\/uploads\/2019\/09\/Uniikki-plus-runkosanky1.jpg?fit=960%2C960&ssl=1&resize=350%2C200","width":350,"height":200,"srcset":"https:\/\/i0.wp.com\/pohjanmaantehtaanmyymala.fi\/wp-content\/uploads\/2019\/09\/Uniikki-plus-runkosanky1.jpg?fit=960%2C960&ssl=1&resize=350%2C200 1x, https:\/\/i0.wp.com\/pohjanmaantehtaanmyymala.fi\/wp-content\/uploads\/2019\/09\/Uniikki-plus-runkosanky1.jpg?fit=960%2C960&ssl=1&resize=525%2C300 1.5x, https:\/\/i0.wp.com\/pohjanmaantehtaanmyymala.fi\/wp-content\/uploads\/2019\/09\/Uniikki-plus-runkosanky1.jpg?fit=960%2C960&ssl=1&resize=700%2C400 2x"},"classes":[]},{"id":24973,"url":"https:\/\/pohjanmaantehtaanmyymala.fi\/en\/tuote\/uniikki-plus-runkopatjasanky-120x210-cm\/","url_meta":{"origin":24975,"position":4},"title":"UNIIKKI Plus runkopatjas\u00e4nky 120&#215;210 cm","author":"Miro Nevala","date":"February 7, 2024","format":false,"excerpt":"Muhkea s\u00e4nky pitkille ihmisille!","rel":"","context":"Similar post","block_context":{"text":"Similar post","link":""},"img":{"alt_text":"Uniikki plus runkos\u00e4nky 120x200 cm","src":"https:\/\/i0.wp.com\/pohjanmaantehtaanmyymala.fi\/wp-content\/uploads\/2024\/02\/Uniikkiplus-rp120.jpg?fit=960%2C960&ssl=1&resize=350%2C200","width":350,"height":200,"srcset":"https:\/\/i0.wp.com\/pohjanmaantehtaanmyymala.fi\/wp-content\/uploads\/2024\/02\/Uniikkiplus-rp120.jpg?fit=960%2C960&ssl=1&resize=350%2C200 1x, https:\/\/i0.wp.com\/pohjanmaantehtaanmyymala.fi\/wp-content\/uploads\/2024\/02\/Uniikkiplus-rp120.jpg?fit=960%2C960&ssl=1&resize=525%2C300 1.5x, https:\/\/i0.wp.com\/pohjanmaantehtaanmyymala.fi\/wp-content\/uploads\/2024\/02\/Uniikkiplus-rp120.jpg?fit=960%2C960&ssl=1&resize=700%2C400 2x"},"classes":[]},{"id":22294,"url":"https:\/\/pohjanmaantehtaanmyymala.fi\/en\/tuote\/uniikki-iso-runkosanky-120x220-cm\/","url_meta":{"origin":24975,"position":5},"title":"UNIIKKI Plus iso runkopatja 120&#215;220 cm","author":"Sami Viitala","date":"January 18, 2023","format":false,"excerpt":"Muhkea s\u00e4nky pitkille ihmisille!","rel":"","context":"Similar post","block_context":{"text":"Similar post","link":""},"img":{"alt_text":"Uniikki plus runkos\u00e4nky 120x220 cm","src":"https:\/\/i0.wp.com\/pohjanmaantehtaanmyymala.fi\/wp-content\/uploads\/2024\/02\/Uniikki_plus_Runkopatja_120.jpg?fit=960%2C960&ssl=1&resize=350%2C200","width":350,"height":200,"srcset":"https:\/\/i0.wp.com\/pohjanmaantehtaanmyymala.fi\/wp-content\/uploads\/2024\/02\/Uniikki_plus_Runkopatja_120.jpg?fit=960%2C960&ssl=1&resize=350%2C200 1x, https:\/\/i0.wp.com\/pohjanmaantehtaanmyymala.fi\/wp-content\/uploads\/2024\/02\/Uniikki_plus_Runkopatja_120.jpg?fit=960%2C960&ssl=1&resize=525%2C300 1.5x, https:\/\/i0.wp.com\/pohjanmaantehtaanmyymala.fi\/wp-content\/uploads\/2024\/02\/Uniikki_plus_Runkopatja_120.jpg?fit=960%2C960&ssl=1&resize=700%2C400 2x"},"classes":[]}],"_links":{"self":[{"href":"https:\/\/pohjanmaantehtaanmyymala.fi\/en\/wp-json\/wp\/v2\/product\/24975","targetHints":{"allow":["GET"]}}],"collection":[{"href":"https:\/\/pohjanmaantehtaanmyymala.fi\/en\/wp-json\/wp\/v2\/product"}],"about":[{"href":"https:\/\/pohjanmaantehtaanmyymala.fi\/en\/wp-json\/wp\/v2\/types\/product"}],"replies":[{"embeddable":true,"href":"https:\/\/pohjanmaantehtaanmyymala.fi\/en\/wp-json\/wp\/v2\/comments?post=24975"}],"wp:featuredmedia":[{"embeddable":true,"href":"https:\/\/pohjanmaantehtaanmyymala.fi\/en\/wp-json\/wp\/v2\/media\/24976"}],"wp:attachment":[{"href":"https:\/\/pohjanmaantehtaanmyymala.fi\/en\/wp-json\/wp\/v2\/media?parent=24975"}],"wp:term":[{"taxonomy":"product_brand","embeddable":true,"href":"https:\/\/pohjanmaantehtaanmyymala.fi\/en\/wp-json\/wp\/v2\/product_brand?post=24975"},{"taxonomy":"product_cat","embeddable":true,"href":"https:\/\/pohjanmaantehtaanmyymala.fi\/en\/wp-json\/wp\/v2\/product_cat?post=24975"},{"taxonomy":"product_tag","embeddable":true,"href":"https:\/\/pohjanmaantehtaanmyymala.fi\/en\/wp-json\/wp\/v2\/product_tag?post=24975"}],"curies":[{"name":"wp","href":"https:\/\/api.w.org\/{rel}","templated":true}]}}