{"id":24973,"date":"2024-02-07T10:47:09","date_gmt":"2024-02-07T08:47:09","guid":{"rendered":"https:\/\/pohjanmaantehtaanmyymala.fi\/?post_type=product&#038;p=24973"},"modified":"2024-02-18T21:39:08","modified_gmt":"2024-02-18T19:39:08","slug":"uniikki-plus-runkopatjasanky-120x210-cm","status":"publish","type":"product","link":"https:\/\/pohjanmaantehtaanmyymala.fi\/en\/tuote\/uniikki-plus-runkopatjasanky-120x210-cm\/","title":{"rendered":"UNIIKKI Plus runkopatjas\u00e4nky 120&#215;210 cm"},"content":{"rendered":"<p>Uniikki Plus-runkopatjasetti 120&#215;210 cm sis\u00e4lt\u00e4\u00e4 kaiken tarvittavan; runkos\u00e4ngyn, paksun petauspatjan ja tyylikk\u00e4\u00e4t jalat. N\u00e4in voit nauttia t\u00e4ydellisest\u00e4 nukkumisesta ja tyylikk\u00e4\u00e4st\u00e4 sisustuselementist\u00e4 yhdell\u00e4 hankinnalla.<\/p>\n<p>Laadukas 120 cm leve\u00e4 erikoispitk\u00e4 Uniikki Plus runkos\u00e4nky tarjoaa j\u00e4m\u00e4k\u00e4n ja yksil\u00f6llisesti joustavan nukkumiskokemuksen. T\u00e4m\u00e4 s\u00e4nky on varustettu 2.0 pussijousituksella, joka tukee kehoa tehokkaasti. S\u00e4ngyn kokonaiskorkeus sijauspatjan kanssa on 64 cm, mik\u00e4 luo vaikuttavan ja muhkean ilmeen makuuhuoneeseen. T\u00e4m\u00e4 s\u00e4nky sopii mainiosti pidemm\u00e4lle ihmiselle sen 120x210cm mittojen ansiosta.<\/p>\n<p>Uniikki Plus -s\u00e4ngyn t\u00e4ydent\u00e4\u00e4 j\u00e4m\u00e4kk\u00e4 ERX-petauspatja, joka lis\u00e4\u00e4 s\u00e4ngyn pinnalle mukavaa pehmeytt\u00e4. T\u00e4m\u00e4 yhdistelm\u00e4 tarjoaa optimaalisen tasapainon joustavuutta ja tukemista, ja Uniikki Plus soveltuu erityisen hyvin painavammallekin ja pidemm\u00e4llekin nukkujalle.<\/p>\n<h3><strong>Tuotetiedot:<\/strong><\/h3>\n<p>Jousitus: 2.0 pocket pussijousitus. (takuu 10-vuotta)<br \/>\nRunko: Massivipuu\/vaneri.<br \/>\nVerhoilu: Inari kangas, harmaa 91<br \/>\nJalat: Massiivim\u00e4nty\u00e4, musta<br \/>\nPetauspatja: sisus profiloitus erx-vaahtomuovi, vanutikattu joustokangasp\u00e4\u00e4llinen, joka on irroitettavissa. Paksuus 6 cm.<br \/>\nToimitetaan muoviin pakattuna jalat irrallaan, kiinnitys onnistuu ilman ty\u00f6kaluja.<\/p>\n","protected":false},"excerpt":{"rendered":"<p>Muhkea s\u00e4nky pitkille ihmisille!<\/p>\n","protected":false},"featured_media":25691,"comment_status":"closed","ping_status":"closed","template":"","meta":{"_acf_changed":false,"jetpack_post_was_ever_published":false,"jetpack_publicize_message":"","jetpack_publicize_feature_enabled":true,"jetpack_social_post_already_shared":true,"jetpack_social_options":{"image_generator_settings":{"template":"highway","default_image_id":0,"font":"","enabled":false},"version":2}},"product_brand":[206],"product_cat":[198],"product_tag":[],"class_list":{"0":"post-24973","1":"product","2":"type-product","3":"status-publish","4":"has-post-thumbnail","6":"product_brand-furnico","7":"product_cat-patjat-ja-sangyt","8":"product_shipping_class-161","9":"pa_koko-120x210","11":"first","12":"onbackorder","13":"sale","14":"purchasable","15":"product-type-simple"},"acf":[],"jetpack_publicize_connections":[],"jetpack_sharing_enabled":true,"jetpack-related-posts":[{"id":24968,"url":"https:\/\/pohjanmaantehtaanmyymala.fi\/en\/tuote\/uniikki-plus-runkopatja-120x200-cm\/","url_meta":{"origin":24973,"position":0},"title":"UNIIKKI Plus runkopatja 120&#215;200 cm","author":"Miro Nevala","date":"February 6, 2024","format":false,"excerpt":"Muhkean n\u00e4k\u00f6inen s\u00e4nky pehme\u00e4ll\u00e4 petauspatjalla.","rel":"","context":"Similar post","block_context":{"text":"Similar post","link":""},"img":{"alt_text":"Uniikki plus runkos\u00e4nky 120x220 cm","src":"https:\/\/i0.wp.com\/pohjanmaantehtaanmyymala.fi\/wp-content\/uploads\/2024\/02\/Uniikki_plus_Runkopatja_120.jpg?fit=960%2C960&ssl=1&resize=350%2C200","width":350,"height":200,"srcset":"https:\/\/i0.wp.com\/pohjanmaantehtaanmyymala.fi\/wp-content\/uploads\/2024\/02\/Uniikki_plus_Runkopatja_120.jpg?fit=960%2C960&ssl=1&resize=350%2C200 1x, https:\/\/i0.wp.com\/pohjanmaantehtaanmyymala.fi\/wp-content\/uploads\/2024\/02\/Uniikki_plus_Runkopatja_120.jpg?fit=960%2C960&ssl=1&resize=525%2C300 1.5x, https:\/\/i0.wp.com\/pohjanmaantehtaanmyymala.fi\/wp-content\/uploads\/2024\/02\/Uniikki_plus_Runkopatja_120.jpg?fit=960%2C960&ssl=1&resize=700%2C400 2x"},"classes":[]},{"id":24974,"url":"https:\/\/pohjanmaantehtaanmyymala.fi\/en\/tuote\/uniikki-plus-runkopatja-90x200-cm\/","url_meta":{"origin":24973,"position":1},"title":"UNIIKKI Plus runkopatja 90&#215;200 cm","author":"Miro Nevala","date":"February 7, 2024","format":false,"excerpt":"Muhkea edullinen s\u00e4nky petauspatjalla nyt 90cm leve\u00e4n\u00e4!","rel":"","context":"Similar post","block_context":{"text":"Similar post","link":""},"img":{"alt_text":"Uniikki plus runkopatja petarille 90 cm","src":"https:\/\/i0.wp.com\/pohjanmaantehtaanmyymala.fi\/wp-content\/uploads\/2019\/09\/Uniikki-plus-90-1500jpg.jpg?fit=1200%2C1082&ssl=1&resize=350%2C200","width":350,"height":200,"srcset":"https:\/\/i0.wp.com\/pohjanmaantehtaanmyymala.fi\/wp-content\/uploads\/2019\/09\/Uniikki-plus-90-1500jpg.jpg?fit=1200%2C1082&ssl=1&resize=350%2C200 1x, https:\/\/i0.wp.com\/pohjanmaantehtaanmyymala.fi\/wp-content\/uploads\/2019\/09\/Uniikki-plus-90-1500jpg.jpg?fit=1200%2C1082&ssl=1&resize=525%2C300 1.5x, https:\/\/i0.wp.com\/pohjanmaantehtaanmyymala.fi\/wp-content\/uploads\/2019\/09\/Uniikki-plus-90-1500jpg.jpg?fit=1200%2C1082&ssl=1&resize=700%2C400 2x, https:\/\/i0.wp.com\/pohjanmaantehtaanmyymala.fi\/wp-content\/uploads\/2019\/09\/Uniikki-plus-90-1500jpg.jpg?fit=1200%2C1082&ssl=1&resize=1050%2C600 3x"},"classes":[]},{"id":24969,"url":"https:\/\/pohjanmaantehtaanmyymala.fi\/en\/tuote\/uniikki-plus-runkopatja-140x200-cm\/","url_meta":{"origin":24973,"position":2},"title":"UNIIKKI Plus runkopatja 140&#215;200 cm","author":"Miro Nevala","date":"February 6, 2024","format":false,"excerpt":"Muhkea s\u00e4nky pehmoisella petauspatjalla","rel":"","context":"Similar post","block_context":{"text":"Similar post","link":""},"img":{"alt_text":"","src":"https:\/\/i0.wp.com\/pohjanmaantehtaanmyymala.fi\/wp-content\/uploads\/2019\/09\/Uniikki-plus-runkosanky1.jpg?fit=960%2C960&ssl=1&resize=350%2C200","width":350,"height":200,"srcset":"https:\/\/i0.wp.com\/pohjanmaantehtaanmyymala.fi\/wp-content\/uploads\/2019\/09\/Uniikki-plus-runkosanky1.jpg?fit=960%2C960&ssl=1&resize=350%2C200 1x, https:\/\/i0.wp.com\/pohjanmaantehtaanmyymala.fi\/wp-content\/uploads\/2019\/09\/Uniikki-plus-runkosanky1.jpg?fit=960%2C960&ssl=1&resize=525%2C300 1.5x, https:\/\/i0.wp.com\/pohjanmaantehtaanmyymala.fi\/wp-content\/uploads\/2019\/09\/Uniikki-plus-runkosanky1.jpg?fit=960%2C960&ssl=1&resize=700%2C400 2x"},"classes":[]},{"id":24975,"url":"https:\/\/pohjanmaantehtaanmyymala.fi\/en\/tuote\/uniikki-plus-runkopatjapaketti-180x200-cm\/","url_meta":{"origin":24973,"position":3},"title":"UNIIKKI Plus runkopatjapaketti 180&#215;200 cm","author":"Miro Nevala","date":"February 7, 2024","format":false,"excerpt":"Muhkea vy\u00f6hykejousitettu runkoparis\u00e4nky.","rel":"","context":"Similar post","block_context":{"text":"Similar post","link":""},"img":{"alt_text":"Uniikki Plus 180cm runkopatjasetti v\u00e4ri harmaa","src":"https:\/\/i0.wp.com\/pohjanmaantehtaanmyymala.fi\/wp-content\/uploads\/2024\/02\/Uniikki-plus-runkopatjasetti-960dpi.jpg?fit=960%2C960&ssl=1&resize=350%2C200","width":350,"height":200,"srcset":"https:\/\/i0.wp.com\/pohjanmaantehtaanmyymala.fi\/wp-content\/uploads\/2024\/02\/Uniikki-plus-runkopatjasetti-960dpi.jpg?fit=960%2C960&ssl=1&resize=350%2C200 1x, https:\/\/i0.wp.com\/pohjanmaantehtaanmyymala.fi\/wp-content\/uploads\/2024\/02\/Uniikki-plus-runkopatjasetti-960dpi.jpg?fit=960%2C960&ssl=1&resize=525%2C300 1.5x, https:\/\/i0.wp.com\/pohjanmaantehtaanmyymala.fi\/wp-content\/uploads\/2024\/02\/Uniikki-plus-runkopatjasetti-960dpi.jpg?fit=960%2C960&ssl=1&resize=700%2C400 2x"},"classes":[]},{"id":10523,"url":"https:\/\/pohjanmaantehtaanmyymala.fi\/en\/tuote\/uniikki-plus-runkopatja-petauspatjalla\/","url_meta":{"origin":24973,"position":4},"title":"UNIIKKI PLUS paris\u00e4nkysetti","author":"petri","date":"September 14, 2019","format":false,"excerpt":"Korkeampi s\u00e4ngyn runko n\u00e4ytt\u00e4\u00e4 muhkeammalta. Valitse koko alta!","rel":"","context":"Similar post","block_context":{"text":"Similar post","link":""},"img":{"alt_text":"Uniikki plus s\u00e4nkysetti 160 cm leve\u00e4n\u00e4","src":"https:\/\/i0.wp.com\/pohjanmaantehtaanmyymala.fi\/wp-content\/uploads\/2019\/09\/Uniikki_plus_runkopatjasetti_160.jpg?fit=960%2C960&ssl=1&resize=350%2C200","width":350,"height":200,"srcset":"https:\/\/i0.wp.com\/pohjanmaantehtaanmyymala.fi\/wp-content\/uploads\/2019\/09\/Uniikki_plus_runkopatjasetti_160.jpg?fit=960%2C960&ssl=1&resize=350%2C200 1x, https:\/\/i0.wp.com\/pohjanmaantehtaanmyymala.fi\/wp-content\/uploads\/2019\/09\/Uniikki_plus_runkopatjasetti_160.jpg?fit=960%2C960&ssl=1&resize=525%2C300 1.5x, https:\/\/i0.wp.com\/pohjanmaantehtaanmyymala.fi\/wp-content\/uploads\/2019\/09\/Uniikki_plus_runkopatjasetti_160.jpg?fit=960%2C960&ssl=1&resize=700%2C400 2x"},"classes":[]},{"id":22294,"url":"https:\/\/pohjanmaantehtaanmyymala.fi\/en\/tuote\/uniikki-iso-runkosanky-120x220-cm\/","url_meta":{"origin":24973,"position":5},"title":"UNIIKKI Plus iso runkopatja 120&#215;220 cm","author":"Sami Viitala","date":"January 18, 2023","format":false,"excerpt":"Muhkea s\u00e4nky pitkille ihmisille!","rel":"","context":"Similar post","block_context":{"text":"Similar post","link":""},"img":{"alt_text":"Uniikki plus runkos\u00e4nky 120x220 cm","src":"https:\/\/i0.wp.com\/pohjanmaantehtaanmyymala.fi\/wp-content\/uploads\/2024\/02\/Uniikki_plus_Runkopatja_120.jpg?fit=960%2C960&ssl=1&resize=350%2C200","width":350,"height":200,"srcset":"https:\/\/i0.wp.com\/pohjanmaantehtaanmyymala.fi\/wp-content\/uploads\/2024\/02\/Uniikki_plus_Runkopatja_120.jpg?fit=960%2C960&ssl=1&resize=350%2C200 1x, https:\/\/i0.wp.com\/pohjanmaantehtaanmyymala.fi\/wp-content\/uploads\/2024\/02\/Uniikki_plus_Runkopatja_120.jpg?fit=960%2C960&ssl=1&resize=525%2C300 1.5x, https:\/\/i0.wp.com\/pohjanmaantehtaanmyymala.fi\/wp-content\/uploads\/2024\/02\/Uniikki_plus_Runkopatja_120.jpg?fit=960%2C960&ssl=1&resize=700%2C400 2x"},"classes":[]}],"_links":{"self":[{"href":"https:\/\/pohjanmaantehtaanmyymala.fi\/en\/wp-json\/wp\/v2\/product\/24973","targetHints":{"allow":["GET"]}}],"collection":[{"href":"https:\/\/pohjanmaantehtaanmyymala.fi\/en\/wp-json\/wp\/v2\/product"}],"about":[{"href":"https:\/\/pohjanmaantehtaanmyymala.fi\/en\/wp-json\/wp\/v2\/types\/product"}],"replies":[{"embeddable":true,"href":"https:\/\/pohjanmaantehtaanmyymala.fi\/en\/wp-json\/wp\/v2\/comments?post=24973"}],"wp:featuredmedia":[{"embeddable":true,"href":"https:\/\/pohjanmaantehtaanmyymala.fi\/en\/wp-json\/wp\/v2\/media\/25691"}],"wp:attachment":[{"href":"https:\/\/pohjanmaantehtaanmyymala.fi\/en\/wp-json\/wp\/v2\/media?parent=24973"}],"wp:term":[{"taxonomy":"product_brand","embeddable":true,"href":"https:\/\/pohjanmaantehtaanmyymala.fi\/en\/wp-json\/wp\/v2\/product_brand?post=24973"},{"taxonomy":"product_cat","embeddable":true,"href":"https:\/\/pohjanmaantehtaanmyymala.fi\/en\/wp-json\/wp\/v2\/product_cat?post=24973"},{"taxonomy":"product_tag","embeddable":true,"href":"https:\/\/pohjanmaantehtaanmyymala.fi\/en\/wp-json\/wp\/v2\/product_tag?post=24973"}],"curies":[{"name":"wp","href":"https:\/\/api.w.org\/{rel}","templated":true}]}}