{"id":24959,"date":"2024-02-06T16:19:25","date_gmt":"2024-02-06T14:19:25","guid":{"rendered":"https:\/\/pohjanmaantehtaanmyymala.fi\/?post_type=product&#038;p=24959"},"modified":"2024-02-18T20:33:49","modified_gmt":"2024-02-18T18:33:49","slug":"uniikki-chess-sangynpaaty","status":"publish","type":"product","link":"https:\/\/pohjanmaantehtaanmyymala.fi\/en\/tuote\/uniikki-chess-sangynpaaty\/","title":{"rendered":"Uniikki Chess s\u00e4ngynp\u00e4\u00e4ty"},"content":{"rendered":"<p>Uniikki Chess p\u00e4\u00e4tyn tyylik\u00e4s muotoilu yhdistyy laadukkaaseen huonekalukankaaseen, luoden upean lis\u00e4n makuuhuoneesi sisustukseen. P\u00e4\u00e4tyn verhoilu on saatavilla monissa eri v\u00e4rivaihtoehdoissa, joten voit valita juuri sen, joka sopii parhaiten omaan tyyliisi ja huoneesi ilmeeseen.<\/p>\n<p>P\u00e4\u00e4ty on verhoiltu Aspen, Fame tai Vogue-kankaalla. Kuvan p\u00e4\u00e4ty on verhoiltu Aspen 09-harmaalla.<\/p>\n<p>Asennus on vaivatonta, sill\u00e4 p\u00e4\u00e4dyn voi kiinnitt\u00e4\u00e4 helposti s\u00e4ngyn runkoon ruuveilla. Uniikki Chess p\u00e4\u00e4dyn koot ovat monipuoliset, sis\u00e4lt\u00e4en vaihtoehdot 126&#215;120 cm, 146&#215;120 cm, 166&#215;120 cm ja 188&#215;120 cm. N\u00e4m\u00e4 koot soveltuvat erikokoisiin s\u00e4nkyihin (120, 140, 160 ja 180 cm leveisiin), tarjoten joustavuutta sisustusvalinnoissasi.<\/p>\n<p>P\u00e4\u00e4ty\u00e4 on saatavilla my\u00f6s ilman jalkoja, jolloin asennuskorkeutta voi muuttaa.<\/p>\n<p>Uniikki Chess p\u00e4\u00e4tyn avulla voit tuoda huoneeseesi persoonallista tyylikkyytt\u00e4 ja tehd\u00e4 makuuhuoneestasi tilan, jossa viihdyt ja rentoudut.<\/p>\n","protected":false},"excerpt":{"rendered":"<p>Tyylik\u00e4s verhoitu p\u00e4\u00e4ty useassa eri koossa ja v\u00e4rill\u00e4. Valitse alta malli ja v\u00e4ri!<\/p>\n","protected":false},"featured_media":24964,"comment_status":"closed","ping_status":"closed","template":"","meta":{"_acf_changed":false,"jetpack_post_was_ever_published":false,"jetpack_publicize_message":"","jetpack_publicize_feature_enabled":true,"jetpack_social_post_already_shared":true,"jetpack_social_options":{"image_generator_settings":{"template":"highway","default_image_id":0,"font":"","enabled":false},"version":2}},"product_brand":[206],"product_cat":[316,198,383],"product_tag":[],"class_list":{"0":"post-24959","1":"product","2":"type-product","3":"status-publish","4":"has-post-thumbnail","6":"product_brand-furnico","7":"product_cat-jenkkisanky","8":"product_cat-patjat-ja-sangyt","9":"product_cat-sangynpaadyt-ja-yopoydat","10":"pa_koko-126x120","11":"pa_koko-146x120","12":"pa_koko-166x120","13":"pa_koko-186x120","14":"pa_vari-aspen-09-harmaa","15":"pa_vari-fame-kangas","16":"pa_vari-vogue-kangas","18":"first","19":"instock","20":"sale","21":"shipping-taxable","22":"purchasable","23":"product-type-variable","24":"has-default-attributes"},"acf":[],"jetpack_publicize_connections":[],"jetpack_sharing_enabled":true,"jetpack-related-posts":[{"id":24891,"url":"https:\/\/pohjanmaantehtaanmyymala.fi\/en\/tuote\/uniikki-harlekin-paaty-inari-kankaalla\/","url_meta":{"origin":24959,"position":0},"title":"Uniikki Harlekin p\u00e4\u00e4ty Inari kankaalla","author":"Miro Nevala","date":"February 5, 2024","format":false,"excerpt":"Tyylik\u00e4s napillinen p\u00e4\u00e4ty useassa eri koossa ja v\u00e4rill\u00e4.","rel":"","context":"Similar post","block_context":{"text":"Similar post","link":""},"img":{"alt_text":"Furnico Uniikki Harlekin s\u00e4ngynp\u00e4\u00e4ty v\u00e4ri INARI 100 musta","src":"https:\/\/i0.wp.com\/pohjanmaantehtaanmyymala.fi\/wp-content\/uploads\/2024\/02\/Amore-Harlekin-pa%CC%88a%CC%88ty-960dpi.jpg?fit=960%2C960&ssl=1&resize=350%2C200","width":350,"height":200,"srcset":"https:\/\/i0.wp.com\/pohjanmaantehtaanmyymala.fi\/wp-content\/uploads\/2024\/02\/Amore-Harlekin-pa%CC%88a%CC%88ty-960dpi.jpg?fit=960%2C960&ssl=1&resize=350%2C200 1x, https:\/\/i0.wp.com\/pohjanmaantehtaanmyymala.fi\/wp-content\/uploads\/2024\/02\/Amore-Harlekin-pa%CC%88a%CC%88ty-960dpi.jpg?fit=960%2C960&ssl=1&resize=525%2C300 1.5x, https:\/\/i0.wp.com\/pohjanmaantehtaanmyymala.fi\/wp-content\/uploads\/2024\/02\/Amore-Harlekin-pa%CC%88a%CC%88ty-960dpi.jpg?fit=960%2C960&ssl=1&resize=700%2C400 2x"},"classes":[]},{"id":24943,"url":"https:\/\/pohjanmaantehtaanmyymala.fi\/en\/tuote\/uniikki-chesterfield-sangynpaaty\/","url_meta":{"origin":24959,"position":1},"title":"Uniikki Chesterfield s\u00e4ngynp\u00e4\u00e4ty","author":"Miro Nevala","date":"February 6, 2024","format":false,"excerpt":"Tyylik\u00e4s napillinen p\u00e4\u00e4ty useassa eri koossa ja v\u00e4rill\u00e4.","rel":"","context":"Similar post","block_context":{"text":"Similar post","link":""},"img":{"alt_text":"Uniikki Chesterfield p\u00e4\u00e4ty v\u00e4ri tumman harmaa","src":"https:\/\/i0.wp.com\/pohjanmaantehtaanmyymala.fi\/wp-content\/uploads\/2024\/02\/Amore-Chesterfield-pa%CC%88a%CC%88ty-960dpi.jpg?fit=960%2C960&ssl=1&resize=350%2C200","width":350,"height":200,"srcset":"https:\/\/i0.wp.com\/pohjanmaantehtaanmyymala.fi\/wp-content\/uploads\/2024\/02\/Amore-Chesterfield-pa%CC%88a%CC%88ty-960dpi.jpg?fit=960%2C960&ssl=1&resize=350%2C200 1x, https:\/\/i0.wp.com\/pohjanmaantehtaanmyymala.fi\/wp-content\/uploads\/2024\/02\/Amore-Chesterfield-pa%CC%88a%CC%88ty-960dpi.jpg?fit=960%2C960&ssl=1&resize=525%2C300 1.5x, https:\/\/i0.wp.com\/pohjanmaantehtaanmyymala.fi\/wp-content\/uploads\/2024\/02\/Amore-Chesterfield-pa%CC%88a%CC%88ty-960dpi.jpg?fit=960%2C960&ssl=1&resize=700%2C400 2x"},"classes":[]},{"id":10532,"url":"https:\/\/pohjanmaantehtaanmyymala.fi\/en\/tuote\/uniikki-sangynpaaty\/","url_meta":{"origin":24959,"position":2},"title":"UNIIKKI suora s\u00e4ngynp\u00e4\u00e4ty tummanharmaa","author":"petri","date":"September 14, 2019","format":false,"excerpt":"Edullinen kangasverhoiltu p\u00e4\u00e4ty jenkki- tai runkos\u00e4nkyyn, saatavana eri levyisin\u00e4","rel":"","context":"Similar post","block_context":{"text":"Similar post","link":""},"img":{"alt_text":"","src":"https:\/\/i0.wp.com\/pohjanmaantehtaanmyymala.fi\/wp-content\/uploads\/2019\/09\/UNIIKKI_SANGYNPAATY.jpg?fit=960%2C960&ssl=1&resize=350%2C200","width":350,"height":200,"srcset":"https:\/\/i0.wp.com\/pohjanmaantehtaanmyymala.fi\/wp-content\/uploads\/2019\/09\/UNIIKKI_SANGYNPAATY.jpg?fit=960%2C960&ssl=1&resize=350%2C200 1x, https:\/\/i0.wp.com\/pohjanmaantehtaanmyymala.fi\/wp-content\/uploads\/2019\/09\/UNIIKKI_SANGYNPAATY.jpg?fit=960%2C960&ssl=1&resize=525%2C300 1.5x, https:\/\/i0.wp.com\/pohjanmaantehtaanmyymala.fi\/wp-content\/uploads\/2019\/09\/UNIIKKI_SANGYNPAATY.jpg?fit=960%2C960&ssl=1&resize=700%2C400 2x"},"classes":[]},{"id":28679,"url":"https:\/\/pohjanmaantehtaanmyymala.fi\/en\/tuote\/uniikki-runkopatja-140x200-cm-petauspatjalla\/","url_meta":{"origin":24959,"position":3},"title":"UNIIKKI &#8211; runkopatja 140&#215;200 cm petauspatjalla","author":"Sami Viitala","date":"August 27, 2025","format":false,"excerpt":"Kunnon 140 cm leve\u00e4\u00a0 Uniikki-runkopatja pussijousituksella ja 4 cm:n Uniikki -vaahtomuovisijauspatjalla. Tihe\u00e4n pussijousituksen ansiosta Uniikki- runkos\u00e4nky soveltuu my\u00f6s aikuiselle nukkujalle. Uniikki- runkos\u00e4nky on verhoiltu tyylikk\u00e4\u00e4n harmaalla kankaalla s\u00e4ngyn viimeistelee mustat tukevat puujalat. Voit valita s\u00e4nkyysi my\u00f6s paksumman petarin, kysy lis\u00e4tietoa myynnist\u00e4mme. P\u00e4\u00e4ty ei sis\u00e4lly hintaan! P\u00e4\u00e4dyn hinta on n\u00e4ht\u00e4viss\u00e4 t\u00e4\u00e4lt\u00e4!\u2026","rel":"","context":"Similar post","block_context":{"text":"Similar post","link":""},"img":{"alt_text":"Uniikki 140 cm leve\u00e4 runkos\u00e4nky, jossa on 4 cm paksu petauspatja ja mustat jalat.","src":"https:\/\/i0.wp.com\/pohjanmaantehtaanmyymala.fi\/wp-content\/uploads\/2025\/08\/Uniikki_Runkopatja_140x200_paaty.jpg?fit=1000%2C1000&ssl=1&resize=350%2C200","width":350,"height":200,"srcset":"https:\/\/i0.wp.com\/pohjanmaantehtaanmyymala.fi\/wp-content\/uploads\/2025\/08\/Uniikki_Runkopatja_140x200_paaty.jpg?fit=1000%2C1000&ssl=1&resize=350%2C200 1x, https:\/\/i0.wp.com\/pohjanmaantehtaanmyymala.fi\/wp-content\/uploads\/2025\/08\/Uniikki_Runkopatja_140x200_paaty.jpg?fit=1000%2C1000&ssl=1&resize=525%2C300 1.5x, https:\/\/i0.wp.com\/pohjanmaantehtaanmyymala.fi\/wp-content\/uploads\/2025\/08\/Uniikki_Runkopatja_140x200_paaty.jpg?fit=1000%2C1000&ssl=1&resize=700%2C400 2x"},"classes":[]},{"id":10529,"url":"https:\/\/pohjanmaantehtaanmyymala.fi\/en\/tuote\/uniikki-runkopatja-petauspatjalla\/","url_meta":{"origin":24959,"position":4},"title":"UNIIKKI &#8211; runkopatja 120 cm petauspatjalla","author":"petri","date":"September 14, 2019","format":false,"excerpt":"J\u00e4m\u00e4kk\u00e4 120 cm leve\u00e4\u00a0 Uniikki-runkopatja pussijousituksella ja 4 cm:n Uniikki -vaahtomuovisijauspatjalla. Tihe\u00e4n pussijousituksen ansiosta Uniikki- runkos\u00e4nky soveltuu my\u00f6s aikuiselle nukkujalle. Uniikki- runkos\u00e4nky on verhoiltu tyylikk\u00e4\u00e4n harmaalla kankaalla s\u00e4ngyn viimeistelee mustat tukevat puujalat. P\u00e4\u00e4ty ei sis\u00e4lly hintaan! P\u00e4\u00e4dyn hinta on n\u00e4ht\u00e4viss\u00e4 t\u00e4\u00e4lt\u00e4! Tuotetiedot: Runko: Havupuuta ja vaneria. Jousisto: Pussijousitus 250 jousta\/m2\u2026","rel":"","context":"Similar post","block_context":{"text":"Similar post","link":""},"img":{"alt_text":"Uniikki runkpatja 120 cm","src":"https:\/\/i0.wp.com\/pohjanmaantehtaanmyymala.fi\/wp-content\/uploads\/2019\/09\/Uniikki_Runkopatja_120.jpg?fit=1200%2C1094&ssl=1&resize=350%2C200","width":350,"height":200,"srcset":"https:\/\/i0.wp.com\/pohjanmaantehtaanmyymala.fi\/wp-content\/uploads\/2019\/09\/Uniikki_Runkopatja_120.jpg?fit=1200%2C1094&ssl=1&resize=350%2C200 1x, https:\/\/i0.wp.com\/pohjanmaantehtaanmyymala.fi\/wp-content\/uploads\/2019\/09\/Uniikki_Runkopatja_120.jpg?fit=1200%2C1094&ssl=1&resize=525%2C300 1.5x, https:\/\/i0.wp.com\/pohjanmaantehtaanmyymala.fi\/wp-content\/uploads\/2019\/09\/Uniikki_Runkopatja_120.jpg?fit=1200%2C1094&ssl=1&resize=700%2C400 2x, https:\/\/i0.wp.com\/pohjanmaantehtaanmyymala.fi\/wp-content\/uploads\/2019\/09\/Uniikki_Runkopatja_120.jpg?fit=1200%2C1094&ssl=1&resize=1050%2C600 3x"},"classes":[]},{"id":24985,"url":"https:\/\/pohjanmaantehtaanmyymala.fi\/en\/tuote\/uniikki-hard-jenkkisanky-180x200-petarilla\/","url_meta":{"origin":24959,"position":5},"title":"Uniikki HARD Jenkkis\u00e4nky 180&#215;200 petarilla","author":"Miro Nevala","date":"February 7, 2024","format":false,"excerpt":"Muhkea ja mukava Jenkkis\u00e4nky!","rel":"","context":"Similar post","block_context":{"text":"Similar post","link":""},"img":{"alt_text":"Uniikki HARD Jenkkis\u00e4nky v\u00e4ri tumman harmaa","src":"https:\/\/i0.wp.com\/pohjanmaantehtaanmyymala.fi\/wp-content\/uploads\/2024\/02\/Uniikki-Hard-jenkkisa%CC%88nky-pa%CC%88a%CC%88dylla%CC%88-960dpi.jpg?fit=960%2C960&ssl=1&resize=350%2C200","width":350,"height":200,"srcset":"https:\/\/i0.wp.com\/pohjanmaantehtaanmyymala.fi\/wp-content\/uploads\/2024\/02\/Uniikki-Hard-jenkkisa%CC%88nky-pa%CC%88a%CC%88dylla%CC%88-960dpi.jpg?fit=960%2C960&ssl=1&resize=350%2C200 1x, https:\/\/i0.wp.com\/pohjanmaantehtaanmyymala.fi\/wp-content\/uploads\/2024\/02\/Uniikki-Hard-jenkkisa%CC%88nky-pa%CC%88a%CC%88dylla%CC%88-960dpi.jpg?fit=960%2C960&ssl=1&resize=525%2C300 1.5x, https:\/\/i0.wp.com\/pohjanmaantehtaanmyymala.fi\/wp-content\/uploads\/2024\/02\/Uniikki-Hard-jenkkisa%CC%88nky-pa%CC%88a%CC%88dylla%CC%88-960dpi.jpg?fit=960%2C960&ssl=1&resize=700%2C400 2x"},"classes":[]}],"_links":{"self":[{"href":"https:\/\/pohjanmaantehtaanmyymala.fi\/en\/wp-json\/wp\/v2\/product\/24959","targetHints":{"allow":["GET"]}}],"collection":[{"href":"https:\/\/pohjanmaantehtaanmyymala.fi\/en\/wp-json\/wp\/v2\/product"}],"about":[{"href":"https:\/\/pohjanmaantehtaanmyymala.fi\/en\/wp-json\/wp\/v2\/types\/product"}],"replies":[{"embeddable":true,"href":"https:\/\/pohjanmaantehtaanmyymala.fi\/en\/wp-json\/wp\/v2\/comments?post=24959"}],"wp:featuredmedia":[{"embeddable":true,"href":"https:\/\/pohjanmaantehtaanmyymala.fi\/en\/wp-json\/wp\/v2\/media\/24964"}],"wp:attachment":[{"href":"https:\/\/pohjanmaantehtaanmyymala.fi\/en\/wp-json\/wp\/v2\/media?parent=24959"}],"wp:term":[{"taxonomy":"product_brand","embeddable":true,"href":"https:\/\/pohjanmaantehtaanmyymala.fi\/en\/wp-json\/wp\/v2\/product_brand?post=24959"},{"taxonomy":"product_cat","embeddable":true,"href":"https:\/\/pohjanmaantehtaanmyymala.fi\/en\/wp-json\/wp\/v2\/product_cat?post=24959"},{"taxonomy":"product_tag","embeddable":true,"href":"https:\/\/pohjanmaantehtaanmyymala.fi\/en\/wp-json\/wp\/v2\/product_tag?post=24959"}],"curies":[{"name":"wp","href":"https:\/\/api.w.org\/{rel}","templated":true}]}}