{"id":24943,"date":"2024-02-06T15:47:07","date_gmt":"2024-02-06T13:47:07","guid":{"rendered":"https:\/\/pohjanmaantehtaanmyymala.fi\/?post_type=product&#038;p=24943"},"modified":"2024-02-06T18:02:51","modified_gmt":"2024-02-06T16:02:51","slug":"uniikki-chesterfield-sangynpaaty","status":"publish","type":"product","link":"https:\/\/pohjanmaantehtaanmyymala.fi\/en\/tuote\/uniikki-chesterfield-sangynpaaty\/","title":{"rendered":"Uniikki Chesterfield s\u00e4ngynp\u00e4\u00e4ty"},"content":{"rendered":"<p>Uniikki Chesterfield p\u00e4\u00e4ty on tyylik\u00e4s ja napitettu s\u00e4ngynp\u00e4\u00e4ty, joka on saatavilla useissa v\u00e4rivaihtoehdoissa Vogue-kankaalla. Asennus on helppoa, sill\u00e4 voit kiinnitt\u00e4\u00e4 p\u00e4\u00e4dyn s\u00e4ngyn runkoon k\u00e4ytt\u00e4en ruuveja.<\/p>\n<p>P\u00e4\u00e4tyjen koot vaihtelevat 126&#215;120, 146&#215;120, 166&#215;120 ja 188&#215;120, ja ne sopivat t\u00e4ydellisesti 120, 140, 160 ja 180 leveisiin s\u00e4nkyihin. T\u00e4m\u00e4 antaa sinulle mahdollisuuden valita juuri sopivan koon ja v\u00e4rin, joka t\u00e4ydent\u00e4\u00e4 makuuhuoneesi sisustusta. Uniikki Chesterfield p\u00e4\u00e4ty tuo ylellisyytt\u00e4 ja persoonallisuutta makuuhuoneeseesi.<\/p>\n","protected":false},"excerpt":{"rendered":"<p>Tyylik\u00e4s napillinen p\u00e4\u00e4ty useassa eri koossa ja v\u00e4rill\u00e4.<\/p>\n","protected":false},"featured_media":24949,"comment_status":"closed","ping_status":"closed","template":"","meta":{"_acf_changed":false,"jetpack_post_was_ever_published":false,"jetpack_publicize_message":"","jetpack_publicize_feature_enabled":true,"jetpack_social_post_already_shared":true,"jetpack_social_options":{"image_generator_settings":{"template":"highway","default_image_id":0,"font":"","enabled":false},"version":2}},"product_brand":[206],"product_cat":[198,383,316],"product_tag":[],"class_list":{"0":"post-24943","1":"product","2":"type-product","3":"status-publish","4":"has-post-thumbnail","6":"product_brand-furnico","7":"product_cat-patjat-ja-sangyt","8":"product_cat-sangynpaadyt-ja-yopoydat","9":"product_cat-jenkkisanky","10":"pa_koko-126x120","11":"pa_koko-146x120","12":"pa_koko-166x120","13":"pa_koko-186x120","14":"pa_vari-beige","15":"pa_vari-musta","16":"pa_vari-ruskea","17":"pa_vari-vaaleanharmaa","19":"first","20":"instock","21":"sale","22":"shipping-taxable","23":"purchasable","24":"product-type-variable","25":"has-default-attributes"},"acf":[],"jetpack_publicize_connections":[],"jetpack_sharing_enabled":true,"jetpack-related-posts":[{"id":24891,"url":"https:\/\/pohjanmaantehtaanmyymala.fi\/en\/tuote\/uniikki-harlekin-paaty-inari-kankaalla\/","url_meta":{"origin":24943,"position":0},"title":"Uniikki Harlekin p\u00e4\u00e4ty Inari kankaalla","author":"Miro Nevala","date":"February 5, 2024","format":false,"excerpt":"Tyylik\u00e4s napillinen p\u00e4\u00e4ty useassa eri koossa ja v\u00e4rill\u00e4.","rel":"","context":"Similar post","block_context":{"text":"Similar post","link":""},"img":{"alt_text":"Furnico Uniikki Harlekin s\u00e4ngynp\u00e4\u00e4ty v\u00e4ri INARI 100 musta","src":"https:\/\/i0.wp.com\/pohjanmaantehtaanmyymala.fi\/wp-content\/uploads\/2024\/02\/Amore-Harlekin-pa%CC%88a%CC%88ty-960dpi.jpg?fit=960%2C960&ssl=1&resize=350%2C200","width":350,"height":200,"srcset":"https:\/\/i0.wp.com\/pohjanmaantehtaanmyymala.fi\/wp-content\/uploads\/2024\/02\/Amore-Harlekin-pa%CC%88a%CC%88ty-960dpi.jpg?fit=960%2C960&ssl=1&resize=350%2C200 1x, https:\/\/i0.wp.com\/pohjanmaantehtaanmyymala.fi\/wp-content\/uploads\/2024\/02\/Amore-Harlekin-pa%CC%88a%CC%88ty-960dpi.jpg?fit=960%2C960&ssl=1&resize=525%2C300 1.5x, https:\/\/i0.wp.com\/pohjanmaantehtaanmyymala.fi\/wp-content\/uploads\/2024\/02\/Amore-Harlekin-pa%CC%88a%CC%88ty-960dpi.jpg?fit=960%2C960&ssl=1&resize=700%2C400 2x"},"classes":[]},{"id":24959,"url":"https:\/\/pohjanmaantehtaanmyymala.fi\/en\/tuote\/uniikki-chess-sangynpaaty\/","url_meta":{"origin":24943,"position":1},"title":"Uniikki Chess s\u00e4ngynp\u00e4\u00e4ty","author":"Miro Nevala","date":"February 6, 2024","format":false,"excerpt":"Tyylik\u00e4s verhoitu p\u00e4\u00e4ty useassa eri koossa ja v\u00e4rill\u00e4. Valitse alta malli ja v\u00e4ri!","rel":"","context":"Similar post","block_context":{"text":"Similar post","link":""},"img":{"alt_text":"Uniikki Chess p\u00e4\u00e4ty v\u00e4ri vaalean harmaa","src":"https:\/\/i0.wp.com\/pohjanmaantehtaanmyymala.fi\/wp-content\/uploads\/2024\/02\/Chess-pa%CC%88a%CC%88ty-960dpi.jpg?fit=960%2C960&ssl=1&resize=350%2C200","width":350,"height":200,"srcset":"https:\/\/i0.wp.com\/pohjanmaantehtaanmyymala.fi\/wp-content\/uploads\/2024\/02\/Chess-pa%CC%88a%CC%88ty-960dpi.jpg?fit=960%2C960&ssl=1&resize=350%2C200 1x, https:\/\/i0.wp.com\/pohjanmaantehtaanmyymala.fi\/wp-content\/uploads\/2024\/02\/Chess-pa%CC%88a%CC%88ty-960dpi.jpg?fit=960%2C960&ssl=1&resize=525%2C300 1.5x, https:\/\/i0.wp.com\/pohjanmaantehtaanmyymala.fi\/wp-content\/uploads\/2024\/02\/Chess-pa%CC%88a%CC%88ty-960dpi.jpg?fit=960%2C960&ssl=1&resize=700%2C400 2x"},"classes":[]},{"id":10532,"url":"https:\/\/pohjanmaantehtaanmyymala.fi\/en\/tuote\/uniikki-sangynpaaty\/","url_meta":{"origin":24943,"position":2},"title":"UNIIKKI suora s\u00e4ngynp\u00e4\u00e4ty tummanharmaa","author":"petri","date":"September 14, 2019","format":false,"excerpt":"Edullinen kangasverhoiltu p\u00e4\u00e4ty jenkki- tai runkos\u00e4nkyyn, saatavana eri levyisin\u00e4","rel":"","context":"Similar post","block_context":{"text":"Similar post","link":""},"img":{"alt_text":"","src":"https:\/\/i0.wp.com\/pohjanmaantehtaanmyymala.fi\/wp-content\/uploads\/2019\/09\/UNIIKKI_SANGYNPAATY.jpg?fit=960%2C960&ssl=1&resize=350%2C200","width":350,"height":200,"srcset":"https:\/\/i0.wp.com\/pohjanmaantehtaanmyymala.fi\/wp-content\/uploads\/2019\/09\/UNIIKKI_SANGYNPAATY.jpg?fit=960%2C960&ssl=1&resize=350%2C200 1x, https:\/\/i0.wp.com\/pohjanmaantehtaanmyymala.fi\/wp-content\/uploads\/2019\/09\/UNIIKKI_SANGYNPAATY.jpg?fit=960%2C960&ssl=1&resize=525%2C300 1.5x, https:\/\/i0.wp.com\/pohjanmaantehtaanmyymala.fi\/wp-content\/uploads\/2019\/09\/UNIIKKI_SANGYNPAATY.jpg?fit=960%2C960&ssl=1&resize=700%2C400 2x"},"classes":[]},{"id":10369,"url":"https:\/\/pohjanmaantehtaanmyymala.fi\/en\/tuote\/black-sangynpaaty-185cm-2\/","url_meta":{"origin":24943,"position":3},"title":"BLACK &#8211; s\u00e4ngynp\u00e4\u00e4ty lev. 185cm","author":"petri","date":"September 14, 2019","format":false,"excerpt":"Kotimainen Hiipakan Tehtaiden valmistama p\u00e4\u00e4ty eri v\u00e4reill\u00e4.","rel":"","context":"Similar post","block_context":{"text":"Similar post","link":""},"img":{"alt_text":"Black p\u00e4\u00e4ty musta makuuhuone milj\u00f6\u00f6","src":"https:\/\/i0.wp.com\/pohjanmaantehtaanmyymala.fi\/wp-content\/uploads\/2019\/09\/Black_paaty_miljoo_185.jpg?fit=960%2C960&ssl=1&resize=350%2C200","width":350,"height":200,"srcset":"https:\/\/i0.wp.com\/pohjanmaantehtaanmyymala.fi\/wp-content\/uploads\/2019\/09\/Black_paaty_miljoo_185.jpg?fit=960%2C960&ssl=1&resize=350%2C200 1x, https:\/\/i0.wp.com\/pohjanmaantehtaanmyymala.fi\/wp-content\/uploads\/2019\/09\/Black_paaty_miljoo_185.jpg?fit=960%2C960&ssl=1&resize=525%2C300 1.5x, https:\/\/i0.wp.com\/pohjanmaantehtaanmyymala.fi\/wp-content\/uploads\/2019\/09\/Black_paaty_miljoo_185.jpg?fit=960%2C960&ssl=1&resize=700%2C400 2x"},"classes":[]},{"id":24985,"url":"https:\/\/pohjanmaantehtaanmyymala.fi\/en\/tuote\/uniikki-hard-jenkkisanky-180x200-petarilla\/","url_meta":{"origin":24943,"position":4},"title":"Uniikki HARD Jenkkis\u00e4nky 180&#215;200 petarilla","author":"Miro Nevala","date":"February 7, 2024","format":false,"excerpt":"Muhkea ja mukava Jenkkis\u00e4nky!","rel":"","context":"Similar post","block_context":{"text":"Similar post","link":""},"img":{"alt_text":"Uniikki HARD Jenkkis\u00e4nky v\u00e4ri tumman harmaa","src":"https:\/\/i0.wp.com\/pohjanmaantehtaanmyymala.fi\/wp-content\/uploads\/2024\/02\/Uniikki-Hard-jenkkisa%CC%88nky-pa%CC%88a%CC%88dylla%CC%88-960dpi.jpg?fit=960%2C960&ssl=1&resize=350%2C200","width":350,"height":200,"srcset":"https:\/\/i0.wp.com\/pohjanmaantehtaanmyymala.fi\/wp-content\/uploads\/2024\/02\/Uniikki-Hard-jenkkisa%CC%88nky-pa%CC%88a%CC%88dylla%CC%88-960dpi.jpg?fit=960%2C960&ssl=1&resize=350%2C200 1x, https:\/\/i0.wp.com\/pohjanmaantehtaanmyymala.fi\/wp-content\/uploads\/2024\/02\/Uniikki-Hard-jenkkisa%CC%88nky-pa%CC%88a%CC%88dylla%CC%88-960dpi.jpg?fit=960%2C960&ssl=1&resize=525%2C300 1.5x, https:\/\/i0.wp.com\/pohjanmaantehtaanmyymala.fi\/wp-content\/uploads\/2024\/02\/Uniikki-Hard-jenkkisa%CC%88nky-pa%CC%88a%CC%88dylla%CC%88-960dpi.jpg?fit=960%2C960&ssl=1&resize=700%2C400 2x"},"classes":[]},{"id":10861,"url":"https:\/\/pohjanmaantehtaanmyymala.fi\/en\/tuote\/eden-1-sangynpaaty-160-cm-levea\/","url_meta":{"origin":24943,"position":5},"title":"EDEN 1 -s\u00e4ngynp\u00e4\u00e4ty 160 cm leve\u00e4","author":"petri","date":"September 14, 2019","format":false,"excerpt":"Harmaa s\u00e4ngynp\u00e4\u00e4ty 160 cm leve\u00e4\u00e4n jenkkis\u00e4nkyyn tai runkopatjoihin. Eden 1-p\u00e4\u00e4ty on verhoiltu harmaalla kankaalla. Verhoilukangas on sama kuin Eden 1 s\u00e4nkysarjassa. Eden-p\u00e4\u00e4ty\u00e4 ei kiinnitet\u00e4 s\u00e4nkyyn, vaan se asetetaan vain s\u00e4ngyn ja sein\u00e4n v\u00e4liin. Eden 1-p\u00e4\u00e4ty k\u00e4y hienosti jenkkis\u00e4nkyyn.","rel":"","context":"Similar post","block_context":{"text":"Similar post","link":""},"img":{"alt_text":"","src":"https:\/\/i0.wp.com\/pohjanmaantehtaanmyymala.fi\/wp-content\/uploads\/2019\/09\/Eden1-s%C3%A4ngynp%C3%A4%C3%A4ty-verhoiltu.jpg?fit=960%2C960&ssl=1&resize=350%2C200","width":350,"height":200,"srcset":"https:\/\/i0.wp.com\/pohjanmaantehtaanmyymala.fi\/wp-content\/uploads\/2019\/09\/Eden1-s%C3%A4ngynp%C3%A4%C3%A4ty-verhoiltu.jpg?fit=960%2C960&ssl=1&resize=350%2C200 1x, https:\/\/i0.wp.com\/pohjanmaantehtaanmyymala.fi\/wp-content\/uploads\/2019\/09\/Eden1-s%C3%A4ngynp%C3%A4%C3%A4ty-verhoiltu.jpg?fit=960%2C960&ssl=1&resize=525%2C300 1.5x, https:\/\/i0.wp.com\/pohjanmaantehtaanmyymala.fi\/wp-content\/uploads\/2019\/09\/Eden1-s%C3%A4ngynp%C3%A4%C3%A4ty-verhoiltu.jpg?fit=960%2C960&ssl=1&resize=700%2C400 2x"},"classes":[]}],"_links":{"self":[{"href":"https:\/\/pohjanmaantehtaanmyymala.fi\/en\/wp-json\/wp\/v2\/product\/24943","targetHints":{"allow":["GET"]}}],"collection":[{"href":"https:\/\/pohjanmaantehtaanmyymala.fi\/en\/wp-json\/wp\/v2\/product"}],"about":[{"href":"https:\/\/pohjanmaantehtaanmyymala.fi\/en\/wp-json\/wp\/v2\/types\/product"}],"replies":[{"embeddable":true,"href":"https:\/\/pohjanmaantehtaanmyymala.fi\/en\/wp-json\/wp\/v2\/comments?post=24943"}],"wp:featuredmedia":[{"embeddable":true,"href":"https:\/\/pohjanmaantehtaanmyymala.fi\/en\/wp-json\/wp\/v2\/media\/24949"}],"wp:attachment":[{"href":"https:\/\/pohjanmaantehtaanmyymala.fi\/en\/wp-json\/wp\/v2\/media?parent=24943"}],"wp:term":[{"taxonomy":"product_brand","embeddable":true,"href":"https:\/\/pohjanmaantehtaanmyymala.fi\/en\/wp-json\/wp\/v2\/product_brand?post=24943"},{"taxonomy":"product_cat","embeddable":true,"href":"https:\/\/pohjanmaantehtaanmyymala.fi\/en\/wp-json\/wp\/v2\/product_cat?post=24943"},{"taxonomy":"product_tag","embeddable":true,"href":"https:\/\/pohjanmaantehtaanmyymala.fi\/en\/wp-json\/wp\/v2\/product_tag?post=24943"}],"curies":[{"name":"wp","href":"https:\/\/api.w.org\/{rel}","templated":true}]}}