{"id":24937,"date":"2024-02-06T15:22:29","date_gmt":"2024-02-06T13:22:29","guid":{"rendered":"https:\/\/pohjanmaantehtaanmyymala.fi\/?post_type=product&#038;p=24937"},"modified":"2025-09-18T14:28:17","modified_gmt":"2025-09-18T12:28:17","slug":"pilvipouta-runkopatja-80x200","status":"publish","type":"product","link":"https:\/\/pohjanmaantehtaanmyymala.fi\/en\/tuote\/pilvipouta-runkopatja-80x200\/","title":{"rendered":"Pilvipouta runkopatja 80&#215;200 cm"},"content":{"rendered":"<p>Pilvipouta-runkopatja 80cm leve\u00e4n\u00e4 tarjoaa ensiluokkaista mukavuutta pussijousituksensa ansiosta. Jokainen jousi on yksitt\u00e4ispakattu, toimien t\u00e4ysin itsen\u00e4isesti ja tarjoten paremman tuen kuin bonnel-jousitetut vaihtoehdot, joissa jouset ovat sidottu toisiinsa. Pussijousien ansiosta patja mukautuu nukkujan kehon eri kohtiin, tarjoten optimaalisen nukkumiskokemuksen.<\/p>\n<p>S\u00e4ngyn vankka massiivipuurunko ja tyylik\u00e4s tummanharmaa kangasverhoilu tekev\u00e4t siit\u00e4 paitsi mukavan my\u00f6s visuaalisesti houkuttelevan. Pakettiin sis\u00e4ltyv\u00e4t my\u00f6s vaahtomuovit\u00e4ytteinen sijauspatja ja helposti kiinnitett\u00e4v\u00e4t puujalat, jotka t\u00e4ydent\u00e4v\u00e4t kokonaisuuden ja varmistavat, ett\u00e4 Pilvi-runkopatja on valmis tarjoamaan laadukasta unta.<\/p>\n<p>T\u00e4t\u00e4 mallia on saatavana my\u00f6s 160 cm leve\u00e4ll\u00e4 petauspatjalla, jolloin voit rakentaa paris\u00e4ngyn kahdesta s\u00e4nkyrungosta ja yhten\u00e4isest\u00e4 petauspatjasta. Kysy paris\u00e4ngyn hintaa <a href=\"https:\/\/pohjanmaantehtaanmyymala.fi\/yhteys\/\" target=\"_blank\" rel=\"noopener\">myynnist\u00e4mme!<\/a><\/p>\n<p><strong>Tuotetiedot<\/strong><br \/>\nKoko: 80&#215;200 cm<br \/>\nRungon verhoilu harmaa polyesterikangas.<br \/>\nJousij\u00e4ykkyys medium.<br \/>\nRunko valmistettu puusta, varustettu pussijousituksella<br \/>\nPetauspatjan paksuus n. 5 cm. Petauspatjassa\u00a0 35 mm paksu profiloitu vaahtomuovit\u00e4yte, p\u00e4\u00e4llinen polycottonia 50 % polyesteri 50 % puuvilla. Petauspatjan p\u00e4llinen on irrotettavissa ja se on vesipest\u00e4v\u00e4 40 \u00b0C.<br \/>\nTukevat m\u00e4nytyiset puujalat takaavat vakauden ja tukevuuden<\/p>\n","protected":false},"excerpt":{"rendered":"<p>Edullinen pussijousitettu runkos\u00e4nky petauspatjalla.<\/p>\n","protected":false},"featured_media":25010,"comment_status":"closed","ping_status":"closed","template":"","meta":{"_acf_changed":false,"jetpack_post_was_ever_published":false,"jetpack_publicize_message":"","jetpack_publicize_feature_enabled":true,"jetpack_social_post_already_shared":true,"jetpack_social_options":{"image_generator_settings":{"template":"highway","default_image_id":0,"font":"","enabled":false},"version":2}},"product_brand":[206],"product_cat":[198],"product_tag":[],"class_list":{"0":"post-24937","1":"product","2":"type-product","3":"status-publish","4":"has-post-thumbnail","6":"product_brand-furnico","7":"product_cat-patjat-ja-sangyt","9":"first","10":"outofstock","11":"sale","12":"shipping-taxable","13":"purchasable","14":"product-type-simple"},"acf":[],"jetpack_publicize_connections":[],"jetpack_sharing_enabled":true,"jetpack-related-posts":[{"id":25009,"url":"https:\/\/pohjanmaantehtaanmyymala.fi\/en\/tuote\/pilvipouta-runkopatjasetti-90x200-cm\/","url_meta":{"origin":24937,"position":0},"title":"Pilvipouta runkopatjasetti 90&#215;200 cm","author":"Sami Viitala","date":"February 8, 2024","format":false,"excerpt":"Pussijousitettu runkos\u00e4nkypaketti sis\u00e4lt\u00e4en petauspatjan ja jalat.","rel":"","context":"Similar post","block_context":{"text":"Similar post","link":""},"img":{"alt_text":"Pilvi runkopatjapaketti 90x200 v\u00e4ri harmaa","src":"https:\/\/i0.wp.com\/pohjanmaantehtaanmyymala.fi\/wp-content\/uploads\/2024\/02\/Pilvi-runkopatjapaketti-90x200-960dpi.jpg?fit=960%2C960&ssl=1&resize=350%2C200","width":350,"height":200,"srcset":"https:\/\/i0.wp.com\/pohjanmaantehtaanmyymala.fi\/wp-content\/uploads\/2024\/02\/Pilvi-runkopatjapaketti-90x200-960dpi.jpg?fit=960%2C960&ssl=1&resize=350%2C200 1x, https:\/\/i0.wp.com\/pohjanmaantehtaanmyymala.fi\/wp-content\/uploads\/2024\/02\/Pilvi-runkopatjapaketti-90x200-960dpi.jpg?fit=960%2C960&ssl=1&resize=525%2C300 1.5x, https:\/\/i0.wp.com\/pohjanmaantehtaanmyymala.fi\/wp-content\/uploads\/2024\/02\/Pilvi-runkopatjapaketti-90x200-960dpi.jpg?fit=960%2C960&ssl=1&resize=700%2C400 2x"},"classes":[]},{"id":24890,"url":"https:\/\/pohjanmaantehtaanmyymala.fi\/en\/tuote\/pilvipouta-runkopatja-120x200-cm\/","url_meta":{"origin":24937,"position":1},"title":"Pilvipouta runkopatja 120&#215;200 cm","author":"Miro Nevala","date":"February 8, 2024","format":false,"excerpt":"Pussijousitettu runkos\u00e4nkykokonaisuus, johon sis\u00e4ltyy petauspatja ja jalkasarja.","rel":"","context":"Similar post","block_context":{"text":"Similar post","link":""},"img":{"alt_text":"Pilvi runkopatja 120x200 v\u00e4ri harmaa","src":"https:\/\/i0.wp.com\/pohjanmaantehtaanmyymala.fi\/wp-content\/uploads\/2024\/02\/PilviRp120-960dpi.jpg?fit=960%2C960&ssl=1&resize=350%2C200","width":350,"height":200,"srcset":"https:\/\/i0.wp.com\/pohjanmaantehtaanmyymala.fi\/wp-content\/uploads\/2024\/02\/PilviRp120-960dpi.jpg?fit=960%2C960&ssl=1&resize=350%2C200 1x, https:\/\/i0.wp.com\/pohjanmaantehtaanmyymala.fi\/wp-content\/uploads\/2024\/02\/PilviRp120-960dpi.jpg?fit=960%2C960&ssl=1&resize=525%2C300 1.5x, https:\/\/i0.wp.com\/pohjanmaantehtaanmyymala.fi\/wp-content\/uploads\/2024\/02\/PilviRp120-960dpi.jpg?fit=960%2C960&ssl=1&resize=700%2C400 2x"},"classes":[]},{"id":29727,"url":"https:\/\/pohjanmaantehtaanmyymala.fi\/en\/tuote\/uniikki-runkopatja-80-cm-petauspatjalla\/","url_meta":{"origin":24937,"position":2},"title":"UNIIKKI &#8211; runkopatja 80 cm petauspatjalla","author":"Sami Viitala","date":"February 16, 2026","format":false,"excerpt":"T\u00e4st\u00e4 perus pussijousitettu runkos\u00e4nky edullisesti.","rel":"","context":"Similar post","block_context":{"text":"Similar post","link":""},"img":{"alt_text":"Uniikki runkos\u00e4nky 80x200 cm tummanharmaalla verhoilulla ja mustilla kantikkailla jaloilla","src":"https:\/\/i0.wp.com\/pohjanmaantehtaanmyymala.fi\/wp-content\/uploads\/2026\/02\/Uniikki_Runkopatja_80.jpg?fit=1200%2C1200&ssl=1&resize=350%2C200","width":350,"height":200,"srcset":"https:\/\/i0.wp.com\/pohjanmaantehtaanmyymala.fi\/wp-content\/uploads\/2026\/02\/Uniikki_Runkopatja_80.jpg?fit=1200%2C1200&ssl=1&resize=350%2C200 1x, https:\/\/i0.wp.com\/pohjanmaantehtaanmyymala.fi\/wp-content\/uploads\/2026\/02\/Uniikki_Runkopatja_80.jpg?fit=1200%2C1200&ssl=1&resize=525%2C300 1.5x, https:\/\/i0.wp.com\/pohjanmaantehtaanmyymala.fi\/wp-content\/uploads\/2026\/02\/Uniikki_Runkopatja_80.jpg?fit=1200%2C1200&ssl=1&resize=700%2C400 2x, https:\/\/i0.wp.com\/pohjanmaantehtaanmyymala.fi\/wp-content\/uploads\/2026\/02\/Uniikki_Runkopatja_80.jpg?fit=1200%2C1200&ssl=1&resize=1050%2C600 3x"},"classes":[]},{"id":10529,"url":"https:\/\/pohjanmaantehtaanmyymala.fi\/en\/tuote\/uniikki-runkopatja-petauspatjalla\/","url_meta":{"origin":24937,"position":3},"title":"UNIIKKI &#8211; runkopatja 120 cm petauspatjalla","author":"petri","date":"September 14, 2019","format":false,"excerpt":"J\u00e4m\u00e4kk\u00e4 120 cm leve\u00e4\u00a0 Uniikki-runkopatja pussijousituksella ja 4 cm:n Uniikki -vaahtomuovisijauspatjalla. Tihe\u00e4n pussijousituksen ansiosta Uniikki- runkos\u00e4nky soveltuu my\u00f6s aikuiselle nukkujalle. Uniikki- runkos\u00e4nky on verhoiltu tyylikk\u00e4\u00e4n harmaalla kankaalla s\u00e4ngyn viimeistelee mustat tukevat puujalat. P\u00e4\u00e4ty ei sis\u00e4lly hintaan! P\u00e4\u00e4dyn hinta on n\u00e4ht\u00e4viss\u00e4 t\u00e4\u00e4lt\u00e4! Tuotetiedot: Runko: Havupuuta ja vaneria. Jousisto: Pussijousitus 250 jousta\/m2\u2026","rel":"","context":"Similar post","block_context":{"text":"Similar post","link":""},"img":{"alt_text":"Uniikki runkpatja 120 cm","src":"https:\/\/i0.wp.com\/pohjanmaantehtaanmyymala.fi\/wp-content\/uploads\/2019\/09\/Uniikki_Runkopatja_120.jpg?fit=1200%2C1094&ssl=1&resize=350%2C200","width":350,"height":200,"srcset":"https:\/\/i0.wp.com\/pohjanmaantehtaanmyymala.fi\/wp-content\/uploads\/2019\/09\/Uniikki_Runkopatja_120.jpg?fit=1200%2C1094&ssl=1&resize=350%2C200 1x, https:\/\/i0.wp.com\/pohjanmaantehtaanmyymala.fi\/wp-content\/uploads\/2019\/09\/Uniikki_Runkopatja_120.jpg?fit=1200%2C1094&ssl=1&resize=525%2C300 1.5x, https:\/\/i0.wp.com\/pohjanmaantehtaanmyymala.fi\/wp-content\/uploads\/2019\/09\/Uniikki_Runkopatja_120.jpg?fit=1200%2C1094&ssl=1&resize=700%2C400 2x, https:\/\/i0.wp.com\/pohjanmaantehtaanmyymala.fi\/wp-content\/uploads\/2019\/09\/Uniikki_Runkopatja_120.jpg?fit=1200%2C1094&ssl=1&resize=1050%2C600 3x"},"classes":[]},{"id":28679,"url":"https:\/\/pohjanmaantehtaanmyymala.fi\/en\/tuote\/uniikki-runkopatja-140x200-cm-petauspatjalla\/","url_meta":{"origin":24937,"position":4},"title":"UNIIKKI &#8211; runkopatja 140&#215;200 cm petauspatjalla","author":"Sami Viitala","date":"August 27, 2025","format":false,"excerpt":"Kunnon 140 cm leve\u00e4\u00a0 Uniikki-runkopatja pussijousituksella ja 4 cm:n Uniikki -vaahtomuovisijauspatjalla. Tihe\u00e4n pussijousituksen ansiosta Uniikki- runkos\u00e4nky soveltuu my\u00f6s aikuiselle nukkujalle. Uniikki- runkos\u00e4nky on verhoiltu tyylikk\u00e4\u00e4n harmaalla kankaalla s\u00e4ngyn viimeistelee mustat tukevat puujalat. Voit valita s\u00e4nkyysi my\u00f6s paksumman petarin, kysy lis\u00e4tietoa myynnist\u00e4mme. P\u00e4\u00e4ty ei sis\u00e4lly hintaan! P\u00e4\u00e4dyn hinta on n\u00e4ht\u00e4viss\u00e4 t\u00e4\u00e4lt\u00e4!\u2026","rel":"","context":"Similar post","block_context":{"text":"Similar post","link":""},"img":{"alt_text":"Uniikki 140 cm leve\u00e4 runkos\u00e4nky, jossa on 4 cm paksu petauspatja ja mustat jalat.","src":"https:\/\/i0.wp.com\/pohjanmaantehtaanmyymala.fi\/wp-content\/uploads\/2025\/08\/Uniikki_Runkopatja_140x200_paaty.jpg?fit=1000%2C1000&ssl=1&resize=350%2C200","width":350,"height":200,"srcset":"https:\/\/i0.wp.com\/pohjanmaantehtaanmyymala.fi\/wp-content\/uploads\/2025\/08\/Uniikki_Runkopatja_140x200_paaty.jpg?fit=1000%2C1000&ssl=1&resize=350%2C200 1x, https:\/\/i0.wp.com\/pohjanmaantehtaanmyymala.fi\/wp-content\/uploads\/2025\/08\/Uniikki_Runkopatja_140x200_paaty.jpg?fit=1000%2C1000&ssl=1&resize=525%2C300 1.5x, https:\/\/i0.wp.com\/pohjanmaantehtaanmyymala.fi\/wp-content\/uploads\/2025\/08\/Uniikki_Runkopatja_140x200_paaty.jpg?fit=1000%2C1000&ssl=1&resize=700%2C400 2x"},"classes":[]},{"id":10393,"url":"https:\/\/pohjanmaantehtaanmyymala.fi\/en\/tuote\/aina-runkopatja-80x200-cm-petari-ei-sis-hintaan\/","url_meta":{"origin":24937,"position":5},"title":"EDEN 7 ergo -runkopatja 80&#215;200 cm petauspatjalla","author":"petri","date":"September 14, 2019","format":false,"excerpt":"Pintapaineita ehk\u00e4isev\u00e4, kehon l\u00e4mp\u00f6\u00f6n ja painoon reakoiva s\u00e4nky. Kaksi eri j\u00e4ykkyyt\u00e4 ja viisi eri v\u00e4ri\u00e4.","rel":"","context":"Similar post","block_context":{"text":"Similar post","link":""},"img":{"alt_text":"Eden 7 runkopatja 80x200 cm petauspatjalla grafiitti runko ja tammiset jalat","src":"https:\/\/i0.wp.com\/pohjanmaantehtaanmyymala.fi\/wp-content\/uploads\/2019\/09\/Hilding-Ergo_eden_7_muotoutuva_runko_80.jpg?fit=1200%2C1039&ssl=1&resize=350%2C200","width":350,"height":200,"srcset":"https:\/\/i0.wp.com\/pohjanmaantehtaanmyymala.fi\/wp-content\/uploads\/2019\/09\/Hilding-Ergo_eden_7_muotoutuva_runko_80.jpg?fit=1200%2C1039&ssl=1&resize=350%2C200 1x, https:\/\/i0.wp.com\/pohjanmaantehtaanmyymala.fi\/wp-content\/uploads\/2019\/09\/Hilding-Ergo_eden_7_muotoutuva_runko_80.jpg?fit=1200%2C1039&ssl=1&resize=525%2C300 1.5x, https:\/\/i0.wp.com\/pohjanmaantehtaanmyymala.fi\/wp-content\/uploads\/2019\/09\/Hilding-Ergo_eden_7_muotoutuva_runko_80.jpg?fit=1200%2C1039&ssl=1&resize=700%2C400 2x, https:\/\/i0.wp.com\/pohjanmaantehtaanmyymala.fi\/wp-content\/uploads\/2019\/09\/Hilding-Ergo_eden_7_muotoutuva_runko_80.jpg?fit=1200%2C1039&ssl=1&resize=1050%2C600 3x"},"classes":[]}],"_links":{"self":[{"href":"https:\/\/pohjanmaantehtaanmyymala.fi\/en\/wp-json\/wp\/v2\/product\/24937","targetHints":{"allow":["GET"]}}],"collection":[{"href":"https:\/\/pohjanmaantehtaanmyymala.fi\/en\/wp-json\/wp\/v2\/product"}],"about":[{"href":"https:\/\/pohjanmaantehtaanmyymala.fi\/en\/wp-json\/wp\/v2\/types\/product"}],"replies":[{"embeddable":true,"href":"https:\/\/pohjanmaantehtaanmyymala.fi\/en\/wp-json\/wp\/v2\/comments?post=24937"}],"wp:featuredmedia":[{"embeddable":true,"href":"https:\/\/pohjanmaantehtaanmyymala.fi\/en\/wp-json\/wp\/v2\/media\/25010"}],"wp:attachment":[{"href":"https:\/\/pohjanmaantehtaanmyymala.fi\/en\/wp-json\/wp\/v2\/media?parent=24937"}],"wp:term":[{"taxonomy":"product_brand","embeddable":true,"href":"https:\/\/pohjanmaantehtaanmyymala.fi\/en\/wp-json\/wp\/v2\/product_brand?post=24937"},{"taxonomy":"product_cat","embeddable":true,"href":"https:\/\/pohjanmaantehtaanmyymala.fi\/en\/wp-json\/wp\/v2\/product_cat?post=24937"},{"taxonomy":"product_tag","embeddable":true,"href":"https:\/\/pohjanmaantehtaanmyymala.fi\/en\/wp-json\/wp\/v2\/product_tag?post=24937"}],"curies":[{"name":"wp","href":"https:\/\/api.w.org\/{rel}","templated":true}]}}