{"id":24891,"date":"2024-02-05T17:44:23","date_gmt":"2024-02-05T15:44:23","guid":{"rendered":"https:\/\/pohjanmaantehtaanmyymala.fi\/?post_type=product&#038;p=24891"},"modified":"2024-02-06T16:01:49","modified_gmt":"2024-02-06T14:01:49","slug":"uniikki-harlekin-paaty-inari-kankaalla","status":"publish","type":"product","link":"https:\/\/pohjanmaantehtaanmyymala.fi\/en\/tuote\/uniikki-harlekin-paaty-inari-kankaalla\/","title":{"rendered":"Uniikki Harlekin p\u00e4\u00e4ty Inari kankaalla"},"content":{"rendered":"<p>Uniikki Harlekin p\u00e4\u00e4ty on tyylik\u00e4s napitettu verhoiltu s\u00e4ngynp\u00e4\u00e4ty. P\u00e4\u00e4ty on saatavilla Inari-kankaalla useassa v\u00e4rivaihtoehdossa. P\u00e4\u00e4dyn voi kiinnitt\u00e4\u00e4 s\u00e4ngyn runkoon kiinni ruuveilla.<\/p>\n","protected":false},"excerpt":{"rendered":"<p>Tyylik\u00e4s napillinen p\u00e4\u00e4ty useassa eri koossa ja v\u00e4rill\u00e4.<\/p>\n","protected":false},"featured_media":24901,"comment_status":"closed","ping_status":"closed","template":"","meta":{"_acf_changed":false,"jetpack_post_was_ever_published":false,"jetpack_publicize_message":"","jetpack_publicize_feature_enabled":true,"jetpack_social_post_already_shared":true,"jetpack_social_options":{"image_generator_settings":{"template":"highway","default_image_id":0,"font":"","enabled":false},"version":2}},"product_brand":[206],"product_cat":[198,383,316],"product_tag":[],"class_list":{"0":"post-24891","1":"product","2":"type-product","3":"status-publish","4":"has-post-thumbnail","6":"product_brand-furnico","7":"product_cat-patjat-ja-sangyt","8":"product_cat-sangynpaadyt-ja-yopoydat","9":"product_cat-jenkkisanky","10":"pa_koko-120x105","11":"pa_koko-140x105","12":"pa_koko-160x105","13":"pa_koko-180x105","14":"pa_vari-beige","15":"pa_vari-musta","16":"pa_vari-ruskea","17":"pa_vari-tummanharmaa","18":"pa_vari-vaaleanharmaa","20":"first","21":"instock","22":"sale","23":"shipping-taxable","24":"purchasable","25":"product-type-variable","26":"has-default-attributes"},"acf":[],"jetpack_publicize_connections":[],"jetpack_sharing_enabled":true,"jetpack-related-posts":[{"id":24943,"url":"https:\/\/pohjanmaantehtaanmyymala.fi\/en\/tuote\/uniikki-chesterfield-sangynpaaty\/","url_meta":{"origin":24891,"position":0},"title":"Uniikki Chesterfield s\u00e4ngynp\u00e4\u00e4ty","author":"Miro Nevala","date":"February 6, 2024","format":false,"excerpt":"Tyylik\u00e4s napillinen p\u00e4\u00e4ty useassa eri koossa ja v\u00e4rill\u00e4.","rel":"","context":"Similar post","block_context":{"text":"Similar post","link":""},"img":{"alt_text":"Uniikki Chesterfield p\u00e4\u00e4ty v\u00e4ri tumman harmaa","src":"https:\/\/i0.wp.com\/pohjanmaantehtaanmyymala.fi\/wp-content\/uploads\/2024\/02\/Amore-Chesterfield-pa%CC%88a%CC%88ty-960dpi.jpg?fit=960%2C960&ssl=1&resize=350%2C200","width":350,"height":200,"srcset":"https:\/\/i0.wp.com\/pohjanmaantehtaanmyymala.fi\/wp-content\/uploads\/2024\/02\/Amore-Chesterfield-pa%CC%88a%CC%88ty-960dpi.jpg?fit=960%2C960&ssl=1&resize=350%2C200 1x, https:\/\/i0.wp.com\/pohjanmaantehtaanmyymala.fi\/wp-content\/uploads\/2024\/02\/Amore-Chesterfield-pa%CC%88a%CC%88ty-960dpi.jpg?fit=960%2C960&ssl=1&resize=525%2C300 1.5x, https:\/\/i0.wp.com\/pohjanmaantehtaanmyymala.fi\/wp-content\/uploads\/2024\/02\/Amore-Chesterfield-pa%CC%88a%CC%88ty-960dpi.jpg?fit=960%2C960&ssl=1&resize=700%2C400 2x"},"classes":[]},{"id":10532,"url":"https:\/\/pohjanmaantehtaanmyymala.fi\/en\/tuote\/uniikki-sangynpaaty\/","url_meta":{"origin":24891,"position":1},"title":"UNIIKKI suora s\u00e4ngynp\u00e4\u00e4ty tummanharmaa","author":"petri","date":"September 14, 2019","format":false,"excerpt":"Edullinen kangasverhoiltu p\u00e4\u00e4ty jenkki- tai runkos\u00e4nkyyn, saatavana eri levyisin\u00e4","rel":"","context":"Similar post","block_context":{"text":"Similar post","link":""},"img":{"alt_text":"","src":"https:\/\/i0.wp.com\/pohjanmaantehtaanmyymala.fi\/wp-content\/uploads\/2019\/09\/UNIIKKI_SANGYNPAATY.jpg?fit=960%2C960&ssl=1&resize=350%2C200","width":350,"height":200,"srcset":"https:\/\/i0.wp.com\/pohjanmaantehtaanmyymala.fi\/wp-content\/uploads\/2019\/09\/UNIIKKI_SANGYNPAATY.jpg?fit=960%2C960&ssl=1&resize=350%2C200 1x, https:\/\/i0.wp.com\/pohjanmaantehtaanmyymala.fi\/wp-content\/uploads\/2019\/09\/UNIIKKI_SANGYNPAATY.jpg?fit=960%2C960&ssl=1&resize=525%2C300 1.5x, https:\/\/i0.wp.com\/pohjanmaantehtaanmyymala.fi\/wp-content\/uploads\/2019\/09\/UNIIKKI_SANGYNPAATY.jpg?fit=960%2C960&ssl=1&resize=700%2C400 2x"},"classes":[]},{"id":24959,"url":"https:\/\/pohjanmaantehtaanmyymala.fi\/en\/tuote\/uniikki-chess-sangynpaaty\/","url_meta":{"origin":24891,"position":2},"title":"Uniikki Chess s\u00e4ngynp\u00e4\u00e4ty","author":"Miro Nevala","date":"February 6, 2024","format":false,"excerpt":"Tyylik\u00e4s verhoitu p\u00e4\u00e4ty useassa eri koossa ja v\u00e4rill\u00e4. Valitse alta malli ja v\u00e4ri!","rel":"","context":"Similar post","block_context":{"text":"Similar post","link":""},"img":{"alt_text":"Uniikki Chess p\u00e4\u00e4ty v\u00e4ri vaalean harmaa","src":"https:\/\/i0.wp.com\/pohjanmaantehtaanmyymala.fi\/wp-content\/uploads\/2024\/02\/Chess-pa%CC%88a%CC%88ty-960dpi.jpg?fit=960%2C960&ssl=1&resize=350%2C200","width":350,"height":200,"srcset":"https:\/\/i0.wp.com\/pohjanmaantehtaanmyymala.fi\/wp-content\/uploads\/2024\/02\/Chess-pa%CC%88a%CC%88ty-960dpi.jpg?fit=960%2C960&ssl=1&resize=350%2C200 1x, https:\/\/i0.wp.com\/pohjanmaantehtaanmyymala.fi\/wp-content\/uploads\/2024\/02\/Chess-pa%CC%88a%CC%88ty-960dpi.jpg?fit=960%2C960&ssl=1&resize=525%2C300 1.5x, https:\/\/i0.wp.com\/pohjanmaantehtaanmyymala.fi\/wp-content\/uploads\/2024\/02\/Chess-pa%CC%88a%CC%88ty-960dpi.jpg?fit=960%2C960&ssl=1&resize=700%2C400 2x"},"classes":[]},{"id":24985,"url":"https:\/\/pohjanmaantehtaanmyymala.fi\/en\/tuote\/uniikki-hard-jenkkisanky-180x200-petarilla\/","url_meta":{"origin":24891,"position":3},"title":"Uniikki HARD Jenkkis\u00e4nky 180&#215;200 petarilla","author":"Miro Nevala","date":"February 7, 2024","format":false,"excerpt":"Muhkea ja mukava Jenkkis\u00e4nky!","rel":"","context":"Similar post","block_context":{"text":"Similar post","link":""},"img":{"alt_text":"Uniikki HARD Jenkkis\u00e4nky v\u00e4ri tumman harmaa","src":"https:\/\/i0.wp.com\/pohjanmaantehtaanmyymala.fi\/wp-content\/uploads\/2024\/02\/Uniikki-Hard-jenkkisa%CC%88nky-pa%CC%88a%CC%88dylla%CC%88-960dpi.jpg?fit=960%2C960&ssl=1&resize=350%2C200","width":350,"height":200,"srcset":"https:\/\/i0.wp.com\/pohjanmaantehtaanmyymala.fi\/wp-content\/uploads\/2024\/02\/Uniikki-Hard-jenkkisa%CC%88nky-pa%CC%88a%CC%88dylla%CC%88-960dpi.jpg?fit=960%2C960&ssl=1&resize=350%2C200 1x, https:\/\/i0.wp.com\/pohjanmaantehtaanmyymala.fi\/wp-content\/uploads\/2024\/02\/Uniikki-Hard-jenkkisa%CC%88nky-pa%CC%88a%CC%88dylla%CC%88-960dpi.jpg?fit=960%2C960&ssl=1&resize=525%2C300 1.5x, https:\/\/i0.wp.com\/pohjanmaantehtaanmyymala.fi\/wp-content\/uploads\/2024\/02\/Uniikki-Hard-jenkkisa%CC%88nky-pa%CC%88a%CC%88dylla%CC%88-960dpi.jpg?fit=960%2C960&ssl=1&resize=700%2C400 2x"},"classes":[]},{"id":10529,"url":"https:\/\/pohjanmaantehtaanmyymala.fi\/en\/tuote\/uniikki-runkopatja-petauspatjalla\/","url_meta":{"origin":24891,"position":4},"title":"UNIIKKI &#8211; runkopatja 120 cm petauspatjalla","author":"petri","date":"September 14, 2019","format":false,"excerpt":"J\u00e4m\u00e4kk\u00e4 120 cm leve\u00e4\u00a0 Uniikki-runkopatja pussijousituksella ja 4 cm:n Uniikki -vaahtomuovisijauspatjalla. Tihe\u00e4n pussijousituksen ansiosta Uniikki- runkos\u00e4nky soveltuu my\u00f6s aikuiselle nukkujalle. Uniikki- runkos\u00e4nky on verhoiltu tyylikk\u00e4\u00e4n harmaalla kankaalla s\u00e4ngyn viimeistelee mustat tukevat puujalat. P\u00e4\u00e4ty ei sis\u00e4lly hintaan! P\u00e4\u00e4dyn hinta on n\u00e4ht\u00e4viss\u00e4 t\u00e4\u00e4lt\u00e4! Tuotetiedot: Runko: Havupuuta ja vaneria. Jousisto: Pussijousitus 250 jousta\/m2\u2026","rel":"","context":"Similar post","block_context":{"text":"Similar post","link":""},"img":{"alt_text":"Uniikki runkpatja 120 cm","src":"https:\/\/i0.wp.com\/pohjanmaantehtaanmyymala.fi\/wp-content\/uploads\/2019\/09\/Uniikki_Runkopatja_120.jpg?fit=1200%2C1094&ssl=1&resize=350%2C200","width":350,"height":200,"srcset":"https:\/\/i0.wp.com\/pohjanmaantehtaanmyymala.fi\/wp-content\/uploads\/2019\/09\/Uniikki_Runkopatja_120.jpg?fit=1200%2C1094&ssl=1&resize=350%2C200 1x, https:\/\/i0.wp.com\/pohjanmaantehtaanmyymala.fi\/wp-content\/uploads\/2019\/09\/Uniikki_Runkopatja_120.jpg?fit=1200%2C1094&ssl=1&resize=525%2C300 1.5x, https:\/\/i0.wp.com\/pohjanmaantehtaanmyymala.fi\/wp-content\/uploads\/2019\/09\/Uniikki_Runkopatja_120.jpg?fit=1200%2C1094&ssl=1&resize=700%2C400 2x, https:\/\/i0.wp.com\/pohjanmaantehtaanmyymala.fi\/wp-content\/uploads\/2019\/09\/Uniikki_Runkopatja_120.jpg?fit=1200%2C1094&ssl=1&resize=1050%2C600 3x"},"classes":[]},{"id":24993,"url":"https:\/\/pohjanmaantehtaanmyymala.fi\/en\/tuote\/uniikki-hard-jenkkisankypaketti-140x200-cm\/","url_meta":{"origin":24891,"position":5},"title":"Uniikki HARD Jenkkis\u00e4nkypaketti 140&#215;200 cm","author":"Miro Nevala","date":"February 7, 2024","format":false,"excerpt":"J\u00e4m\u00e4kk\u00e4 ja mukava Jenkkis\u00e4nky!","rel":"","context":"Similar post","block_context":{"text":"Similar post","link":""},"img":{"alt_text":"Uniikki HARD jenkkis\u00e4nky 180x200 v\u00e4ri tumman harmaa","src":"https:\/\/i0.wp.com\/pohjanmaantehtaanmyymala.fi\/wp-content\/uploads\/2024\/02\/Uniikki-Hard-jenkkisa%CC%88nky-960dpi.jpg?fit=960%2C960&ssl=1&resize=350%2C200","width":350,"height":200,"srcset":"https:\/\/i0.wp.com\/pohjanmaantehtaanmyymala.fi\/wp-content\/uploads\/2024\/02\/Uniikki-Hard-jenkkisa%CC%88nky-960dpi.jpg?fit=960%2C960&ssl=1&resize=350%2C200 1x, https:\/\/i0.wp.com\/pohjanmaantehtaanmyymala.fi\/wp-content\/uploads\/2024\/02\/Uniikki-Hard-jenkkisa%CC%88nky-960dpi.jpg?fit=960%2C960&ssl=1&resize=525%2C300 1.5x, https:\/\/i0.wp.com\/pohjanmaantehtaanmyymala.fi\/wp-content\/uploads\/2024\/02\/Uniikki-Hard-jenkkisa%CC%88nky-960dpi.jpg?fit=960%2C960&ssl=1&resize=700%2C400 2x"},"classes":[]}],"_links":{"self":[{"href":"https:\/\/pohjanmaantehtaanmyymala.fi\/en\/wp-json\/wp\/v2\/product\/24891","targetHints":{"allow":["GET"]}}],"collection":[{"href":"https:\/\/pohjanmaantehtaanmyymala.fi\/en\/wp-json\/wp\/v2\/product"}],"about":[{"href":"https:\/\/pohjanmaantehtaanmyymala.fi\/en\/wp-json\/wp\/v2\/types\/product"}],"replies":[{"embeddable":true,"href":"https:\/\/pohjanmaantehtaanmyymala.fi\/en\/wp-json\/wp\/v2\/comments?post=24891"}],"wp:featuredmedia":[{"embeddable":true,"href":"https:\/\/pohjanmaantehtaanmyymala.fi\/en\/wp-json\/wp\/v2\/media\/24901"}],"wp:attachment":[{"href":"https:\/\/pohjanmaantehtaanmyymala.fi\/en\/wp-json\/wp\/v2\/media?parent=24891"}],"wp:term":[{"taxonomy":"product_brand","embeddable":true,"href":"https:\/\/pohjanmaantehtaanmyymala.fi\/en\/wp-json\/wp\/v2\/product_brand?post=24891"},{"taxonomy":"product_cat","embeddable":true,"href":"https:\/\/pohjanmaantehtaanmyymala.fi\/en\/wp-json\/wp\/v2\/product_cat?post=24891"},{"taxonomy":"product_tag","embeddable":true,"href":"https:\/\/pohjanmaantehtaanmyymala.fi\/en\/wp-json\/wp\/v2\/product_tag?post=24891"}],"curies":[{"name":"wp","href":"https:\/\/api.w.org\/{rel}","templated":true}]}}