{"id":24627,"date":"2024-01-12T15:58:25","date_gmt":"2024-01-12T13:58:25","guid":{"rendered":"https:\/\/pohjanmaantehtaanmyymala.fi\/?post_type=product&#038;p=24627"},"modified":"2025-07-11T14:27:10","modified_gmt":"2025-07-11T12:27:10","slug":"uniikki-ds-premium-moottorisanky-80x200-cm-petauspatjalla","status":"publish","type":"product","link":"https:\/\/pohjanmaantehtaanmyymala.fi\/en\/tuote\/uniikki-ds-premium-moottorisanky-80x200-cm-petauspatjalla\/","title":{"rendered":"Uniikki DS-premium moottoris\u00e4nky 80&#215;200 cm petauspatjalla"},"content":{"rendered":"<div class=\"std descr2 descr2-after-descr1\">Vy\u00f6hykejousitettu s\u00e4\u00e4t\u00f6s\u00e4nky 80 cm leve\u00e4n\u00e4. Uniikki DS-premium moottoris\u00e4nky on t\u00e4ydellinen valinta kun etsinn\u00e4ss\u00e4 on laadukas s\u00e4\u00e4t\u00f6s\u00e4nky yhdelle henkil\u00f6lle. S\u00e4ngyn langattamolla kaukos\u00e4\u00e4timen avulla voit portaattomasti s\u00e4\u00e4t\u00e4\u00e4 s\u00e4ngyn asentoa jalko- tai p\u00e4\u00e4p\u00e4\u00e4dyst\u00e4, yhdess\u00e4 tai erikseen!<br \/>\nDS moottoris\u00e4ngyn patjassa on ergonominen 5-vy\u00f6hykkeinen pussijousitus jonka kolmesta eri j\u00e4ykkyys vaihtoehdosta voit valita itsellesi sopivan kovuuden. S\u00e4ngyn viimeistelee j\u00e4m\u00e4kk\u00e4 Erx erikoisvaahtomuovit\u00e4ytteinen sijauspatja.<br \/>\nUniikki premium moottoris\u00e4nky on verhoiltu kauttaaltaan kauniilla Fame kankaalla. Jalat ovat aitoa tammea!<\/div>\n<div class=\"std descr2 descr2-after-descr1\">Painosuositukset:<br \/>\nSoft: alle 75 kg<br \/>\nMedium: 70-95 kg<br \/>\nHard: yli 80 kg<\/div>\n<p>Voit kysy\u00e4 lis\u00e4tietoja saatavilla olevista lis\u00e4varusteista, asennuksesta ja kuljetuksesta sek\u00e4 muista s\u00e4\u00e4t\u00f6s\u00e4nkyvaihtoehdoista <a href=\"https:\/\/pohjanmaantehtaanmyymala.fi\/yhteys\/\">myynnist\u00e4mme.<\/a><\/p>\n<h3>Tuotetiedot:<\/h3>\n<p>Jousitus: 5-vy\u00f6hykkeellinen pussijousitus<br \/>\nSijaustapatja: ERX profiloitu vaahtomuovi<br \/>\nJalat tammea<br \/>\nSaksalainen Okin moottori, takuu 5-vuotta<br \/>\nPainorajoitus: 125 kg<br \/>\nToimitetaan jalat irrallaan<\/p>\n","protected":false},"excerpt":{"rendered":"<p>T\u00e4st\u00e4 tyylik\u00e4s moottoris\u00e4nkypaketti huippuedullisesti!<\/p>\n","protected":false},"featured_media":24649,"comment_status":"closed","ping_status":"closed","template":"","meta":{"_acf_changed":false,"jetpack_post_was_ever_published":false,"jetpack_publicize_message":"","jetpack_publicize_feature_enabled":true,"jetpack_social_post_already_shared":true,"jetpack_social_options":{"image_generator_settings":{"template":"highway","default_image_id":0,"font":"","enabled":false},"version":2}},"product_brand":[206],"product_cat":[198],"product_tag":[],"class_list":{"0":"post-24627","1":"product","2":"type-product","3":"status-publish","4":"has-post-thumbnail","6":"product_brand-furnico","7":"product_cat-patjat-ja-sangyt","8":"product_shipping_class-161","10":"first","11":"instock","12":"sale","13":"purchasable","14":"product-type-simple"},"acf":[],"jetpack_publicize_connections":[],"jetpack_sharing_enabled":true,"jetpack-related-posts":[{"id":24677,"url":"https:\/\/pohjanmaantehtaanmyymala.fi\/en\/tuote\/uniikki-ds-premium-moottorisanky-160x200-cm-petauspatjalla\/","url_meta":{"origin":24627,"position":0},"title":"Uniikki DS-premium moottoris\u00e4nky 160&#215;200 cm petauspatjalla","author":"Miro Nevala","date":"January 29, 2024","format":false,"excerpt":"T\u00e4st\u00e4 laadukas moottoris\u00e4nkypaketti huippuedullisesti!","rel":"","context":"Similar post","block_context":{"text":"Similar post","link":""},"img":{"alt_text":"Uniikki DS-premium moottoris\u00e4nky 160x200","src":"https:\/\/i0.wp.com\/pohjanmaantehtaanmyymala.fi\/wp-content\/uploads\/2024\/01\/Uniikki_DS-premium_moottorisanky_160x200-960dpi.jpg?fit=960%2C960&ssl=1&resize=350%2C200","width":350,"height":200,"srcset":"https:\/\/i0.wp.com\/pohjanmaantehtaanmyymala.fi\/wp-content\/uploads\/2024\/01\/Uniikki_DS-premium_moottorisanky_160x200-960dpi.jpg?fit=960%2C960&ssl=1&resize=350%2C200 1x, https:\/\/i0.wp.com\/pohjanmaantehtaanmyymala.fi\/wp-content\/uploads\/2024\/01\/Uniikki_DS-premium_moottorisanky_160x200-960dpi.jpg?fit=960%2C960&ssl=1&resize=525%2C300 1.5x, https:\/\/i0.wp.com\/pohjanmaantehtaanmyymala.fi\/wp-content\/uploads\/2024\/01\/Uniikki_DS-premium_moottorisanky_160x200-960dpi.jpg?fit=960%2C960&ssl=1&resize=700%2C400 2x"},"classes":[]},{"id":27926,"url":"https:\/\/pohjanmaantehtaanmyymala.fi\/en\/tuote\/eden-6-moottorisanky-80x200-cm-petauspatjalla\/","url_meta":{"origin":24627,"position":1},"title":"EDEN 6 moottoris\u00e4nky 80&#215;200 cm petauspatjalla","author":"Sami Viitala","date":"November 27, 2024","format":false,"excerpt":"Laadukkaasta 5-vy\u00f6hykkeisest\u00e4 s\u00e4\u00e4t\u00f6s\u00e4ngyst\u00e4 on valittavana kolme eri v\u00e4ri\u00e4 ja kaksi kovuutta.","rel":"","context":"Similar post","block_context":{"text":"Similar post","link":""},"img":{"alt_text":"Eden kuusi vy\u00f6hykejousitettu s\u00e4\u00e4t\u00f6s\u00e4nky leveys 80 cm","src":"https:\/\/i0.wp.com\/pohjanmaantehtaanmyymala.fi\/wp-content\/uploads\/2024\/11\/Eden6_Mosa_80.jpg?fit=1000%2C1000&ssl=1&resize=350%2C200","width":350,"height":200,"srcset":"https:\/\/i0.wp.com\/pohjanmaantehtaanmyymala.fi\/wp-content\/uploads\/2024\/11\/Eden6_Mosa_80.jpg?fit=1000%2C1000&ssl=1&resize=350%2C200 1x, https:\/\/i0.wp.com\/pohjanmaantehtaanmyymala.fi\/wp-content\/uploads\/2024\/11\/Eden6_Mosa_80.jpg?fit=1000%2C1000&ssl=1&resize=525%2C300 1.5x, https:\/\/i0.wp.com\/pohjanmaantehtaanmyymala.fi\/wp-content\/uploads\/2024\/11\/Eden6_Mosa_80.jpg?fit=1000%2C1000&ssl=1&resize=700%2C400 2x"},"classes":[]},{"id":27911,"url":"https:\/\/pohjanmaantehtaanmyymala.fi\/en\/tuote\/eden-6-moottorisanky-90x200-cm-petauspatjalla\/","url_meta":{"origin":24627,"position":2},"title":"EDEN 6 -moottoris\u00e4nky 90&#215;200 cm petauspatjalla","author":"Sami Viitala","date":"November 27, 2024","format":false,"excerpt":"Laadukkaasta 5-vy\u00f6hykkeisest\u00e4 s\u00e4\u00e4t\u00f6s\u00e4ngyst\u00e4 on valittavana kolme eri v\u00e4ri\u00e4 ja kaksi kovuutta.","rel":"","context":"Similar post","block_context":{"text":"Similar post","link":""},"img":{"alt_text":"Eden kuusi vy\u00f6hykejousitettu s\u00e4\u00e4t\u00f6s\u00e4nky leveys 90 cm","src":"https:\/\/i0.wp.com\/pohjanmaantehtaanmyymala.fi\/wp-content\/uploads\/2024\/11\/Eden6_Mosa_90.jpg?fit=1000%2C1000&ssl=1&resize=350%2C200","width":350,"height":200,"srcset":"https:\/\/i0.wp.com\/pohjanmaantehtaanmyymala.fi\/wp-content\/uploads\/2024\/11\/Eden6_Mosa_90.jpg?fit=1000%2C1000&ssl=1&resize=350%2C200 1x, https:\/\/i0.wp.com\/pohjanmaantehtaanmyymala.fi\/wp-content\/uploads\/2024\/11\/Eden6_Mosa_90.jpg?fit=1000%2C1000&ssl=1&resize=525%2C300 1.5x, https:\/\/i0.wp.com\/pohjanmaantehtaanmyymala.fi\/wp-content\/uploads\/2024\/11\/Eden6_Mosa_90.jpg?fit=1000%2C1000&ssl=1&resize=700%2C400 2x"},"classes":[]},{"id":24684,"url":"https:\/\/pohjanmaantehtaanmyymala.fi\/en\/tuote\/eden-3-moottorisanky\/","url_meta":{"origin":24627,"position":3},"title":"EDEN 3 -moottoris\u00e4nky 80&#215;200 cm petauspatjalla","author":"Sami Viitala","date":"January 30, 2024","format":false,"excerpt":"Laadukkaasta s\u00e4\u00e4t\u00f6s\u00e4ngyst\u00e4 on valittavana kolme eri v\u00e4ri\u00e4.","rel":"","context":"Similar post","block_context":{"text":"Similar post","link":""},"img":{"alt_text":"Eden kolme s\u00e4\u00e4t\u00f6s\u00e4nky leveys 80 cm","src":"https:\/\/i0.wp.com\/pohjanmaantehtaanmyymala.fi\/wp-content\/uploads\/2024\/01\/Eden3_sasy-web.jpg?fit=960%2C960&ssl=1&resize=350%2C200","width":350,"height":200,"srcset":"https:\/\/i0.wp.com\/pohjanmaantehtaanmyymala.fi\/wp-content\/uploads\/2024\/01\/Eden3_sasy-web.jpg?fit=960%2C960&ssl=1&resize=350%2C200 1x, https:\/\/i0.wp.com\/pohjanmaantehtaanmyymala.fi\/wp-content\/uploads\/2024\/01\/Eden3_sasy-web.jpg?fit=960%2C960&ssl=1&resize=525%2C300 1.5x, https:\/\/i0.wp.com\/pohjanmaantehtaanmyymala.fi\/wp-content\/uploads\/2024\/01\/Eden3_sasy-web.jpg?fit=960%2C960&ssl=1&resize=700%2C400 2x"},"classes":[]},{"id":27379,"url":"https:\/\/pohjanmaantehtaanmyymala.fi\/en\/tuote\/eden-9-moottorisanky-90x200-cm-petauspatjalla\/","url_meta":{"origin":24627,"position":4},"title":"EDEN 9 -moottoris\u00e4nky 90&#215;200 cm petauspatjalla","author":"Sami Viitala","date":"October 11, 2024","format":false,"excerpt":"Laadukkas ja ylellinen mottoris\u00e4nkypaketti.","rel":"","context":"Similar post","block_context":{"text":"Similar post","link":""},"img":{"alt_text":"Eden 9 moottoris\u00e4nky leveys 90 cm sammal-verhoilulla ja Premium-petauspatjalla.","src":"https:\/\/i0.wp.com\/pohjanmaantehtaanmyymala.fi\/wp-content\/uploads\/2024\/10\/EDEN-9-mosa-yksikko.jpg?fit=960%2C960&ssl=1&resize=350%2C200","width":350,"height":200,"srcset":"https:\/\/i0.wp.com\/pohjanmaantehtaanmyymala.fi\/wp-content\/uploads\/2024\/10\/EDEN-9-mosa-yksikko.jpg?fit=960%2C960&ssl=1&resize=350%2C200 1x, https:\/\/i0.wp.com\/pohjanmaantehtaanmyymala.fi\/wp-content\/uploads\/2024\/10\/EDEN-9-mosa-yksikko.jpg?fit=960%2C960&ssl=1&resize=525%2C300 1.5x, https:\/\/i0.wp.com\/pohjanmaantehtaanmyymala.fi\/wp-content\/uploads\/2024\/10\/EDEN-9-mosa-yksikko.jpg?fit=960%2C960&ssl=1&resize=700%2C400 2x"},"classes":[]},{"id":27850,"url":"https:\/\/pohjanmaantehtaanmyymala.fi\/en\/tuote\/eden-3-moottorisanky-90x200-cm-petauspatjalla\/","url_meta":{"origin":24627,"position":5},"title":"EDEN 3 -moottoris\u00e4nky 90&#215;200 cm petauspatjalla","author":"Sami Viitala","date":"November 27, 2024","format":false,"excerpt":"Laadukkaasta s\u00e4\u00e4t\u00f6s\u00e4ngyst\u00e4 on valittavana kolme eri v\u00e4ri\u00e4.","rel":"","context":"Similar post","block_context":{"text":"Similar post","link":""},"img":{"alt_text":"Eden kolme s\u00e4\u00e4t\u00f6s\u00e4nky leveys 90 cm","src":"https:\/\/i0.wp.com\/pohjanmaantehtaanmyymala.fi\/wp-content\/uploads\/2024\/11\/Eden3_sasy_90.jpg?fit=960%2C960&ssl=1&resize=350%2C200","width":350,"height":200,"srcset":"https:\/\/i0.wp.com\/pohjanmaantehtaanmyymala.fi\/wp-content\/uploads\/2024\/11\/Eden3_sasy_90.jpg?fit=960%2C960&ssl=1&resize=350%2C200 1x, https:\/\/i0.wp.com\/pohjanmaantehtaanmyymala.fi\/wp-content\/uploads\/2024\/11\/Eden3_sasy_90.jpg?fit=960%2C960&ssl=1&resize=525%2C300 1.5x, https:\/\/i0.wp.com\/pohjanmaantehtaanmyymala.fi\/wp-content\/uploads\/2024\/11\/Eden3_sasy_90.jpg?fit=960%2C960&ssl=1&resize=700%2C400 2x"},"classes":[]}],"_links":{"self":[{"href":"https:\/\/pohjanmaantehtaanmyymala.fi\/en\/wp-json\/wp\/v2\/product\/24627","targetHints":{"allow":["GET"]}}],"collection":[{"href":"https:\/\/pohjanmaantehtaanmyymala.fi\/en\/wp-json\/wp\/v2\/product"}],"about":[{"href":"https:\/\/pohjanmaantehtaanmyymala.fi\/en\/wp-json\/wp\/v2\/types\/product"}],"replies":[{"embeddable":true,"href":"https:\/\/pohjanmaantehtaanmyymala.fi\/en\/wp-json\/wp\/v2\/comments?post=24627"}],"wp:featuredmedia":[{"embeddable":true,"href":"https:\/\/pohjanmaantehtaanmyymala.fi\/en\/wp-json\/wp\/v2\/media\/24649"}],"wp:attachment":[{"href":"https:\/\/pohjanmaantehtaanmyymala.fi\/en\/wp-json\/wp\/v2\/media?parent=24627"}],"wp:term":[{"taxonomy":"product_brand","embeddable":true,"href":"https:\/\/pohjanmaantehtaanmyymala.fi\/en\/wp-json\/wp\/v2\/product_brand?post=24627"},{"taxonomy":"product_cat","embeddable":true,"href":"https:\/\/pohjanmaantehtaanmyymala.fi\/en\/wp-json\/wp\/v2\/product_cat?post=24627"},{"taxonomy":"product_tag","embeddable":true,"href":"https:\/\/pohjanmaantehtaanmyymala.fi\/en\/wp-json\/wp\/v2\/product_tag?post=24627"}],"curies":[{"name":"wp","href":"https:\/\/api.w.org\/{rel}","templated":true}]}}