{"id":24561,"date":"2023-12-13T12:28:43","date_gmt":"2023-12-13T10:28:43","guid":{"rendered":"https:\/\/pohjanmaantehtaanmyymala.fi\/?post_type=product&#038;p=24561"},"modified":"2025-11-01T00:00:03","modified_gmt":"2025-10-31T22:00:03","slug":"vegas-recliner-lepotuoli","status":"publish","type":"product","link":"https:\/\/pohjanmaantehtaanmyymala.fi\/en\/tuote\/vegas-recliner-lepotuoli\/","title":{"rendered":"Vegas recliner-lepotuoli"},"content":{"rendered":"<p>Vegas recliner-mekanismituolissa yhdistyy kivasti tyyli ja mukavuus edulliseen hintaan.<br \/>\nK\u00e4tev\u00e4n mekanismin ansiosta Vegas py\u00f6rii sulavasti ja tuoli keinuu lempe\u00e4sti. Tuolin voit kallistaa kahvasta laukaisemalla ja sel\u00e4n painolla l\u00e4hes makuuasentoon. Samalla nosee jalkarahi tuolin etuosasta, johon voit ojentaa jalkasi mukavaan suoraan asentoon. Vegas on hyv\u00e4 kumppani rentoutumiseen, olipa kyse sitten kirjan lukemisesta tai vaikka tv:n katselusta.<\/p>\n<p>Reclinertuolin kaikki kulutuspinnat ovat verhoiltu pehme\u00e4ll\u00e4 ja kest\u00e4v\u00e4ll\u00e4 aidolla nahalla, muissa osissa verhoiluna on keinonahka.<\/p>\n<p>Kysy Vegas nojatuolin saatavuuttaa <a href=\"https:\/\/pohjanmaantehtaanmyymala.fi\/yhteys\/\">myynist\u00e4mme.<\/a><\/p>\n<p>Toimitetaan k\u00e4tev\u00e4ss\u00e4 pahvilaatikossa selk\u00e4noja irrallaan. Toimitusaika on n. 1 viikko.<\/p>\n<h3>Tuotetiedot:<\/h3>\n<p>Mekanismi: manuaalinen py\u00f6rii ja keinuu sek\u00e4 kahvalaukaisulla kallistuva<br \/>\nVerhoilu: kulutusosat nahka, taustaosat keinonahka.<br \/>\nV\u00e4ri: Musta ja taupenharmaa<br \/>\nRunko: Massiivipuuta ja vaneria. No-sag jousitus.Vaahtomuovi, istuimissa kimmoisa ER32 ja selk\u00e4osa\/k\u00e4sinoja EP25. Jalusta ja mekanismi metallia<br \/>\nPaino: 38 kg<\/p>\n<p>Valmistamaa: Kiina<\/p>\n<p>&nbsp;<\/p>\n<table border=\"0\" width=\"128\" cellspacing=\"0\" cellpadding=\"0\">\n<tbody>\n<tr>\n<td width=\"64\" height=\"20\">Leveys<\/td>\n<td width=\"64\">85 cm<\/td>\n<\/tr>\n<tr>\n<td height=\"20\">Syvyys<\/td>\n<td>95 cm<\/td>\n<\/tr>\n<tr>\n<td height=\"20\">Korkeus<\/td>\n<td>110 cm<\/td>\n<\/tr>\n<tr>\n<td height=\"20\">Istuinkorkeus<\/td>\n<td>51 cm<\/td>\n<\/tr>\n<tr>\n<td height=\"20\">Istuinsyvyys<\/td>\n<td>50 cm<\/td>\n<\/tr>\n<\/tbody>\n<\/table>\n<p>&nbsp;<\/p>\n","protected":false},"excerpt":{"rendered":"<p>Edullinen kiinan recliner-tuoli. Kaksi eri v\u00e4ri\u00e4.<\/p>\n","protected":false},"featured_media":24562,"comment_status":"closed","ping_status":"closed","template":"","meta":{"_acf_changed":false,"jetpack_post_was_ever_published":false,"jetpack_publicize_message":"","jetpack_publicize_feature_enabled":true,"jetpack_social_post_already_shared":true,"jetpack_social_options":{"image_generator_settings":{"template":"highway","default_image_id":0,"font":"","enabled":false},"version":2}},"product_brand":[211],"product_cat":[195,204],"product_tag":[],"class_list":{"0":"post-24561","1":"product","2":"type-product","3":"status-publish","4":"has-post-thumbnail","6":"product_brand-tenstar","7":"product_cat-lepotuolit-ja-rahit","8":"product_cat-seniorikalusteet","9":"product_shipping_class-161","10":"pa_vari-musta","11":"pa_vari-taupe","13":"first","14":"instock","15":"purchasable","16":"product-type-variable","17":"has-default-attributes"},"acf":[],"jetpack_publicize_connections":[],"jetpack_sharing_enabled":true,"jetpack-related-posts":[{"id":10365,"url":"https:\/\/pohjanmaantehtaanmyymala.fi\/en\/tuote\/atlanta-recliner-mekanismituoli-akku\/","url_meta":{"origin":24561,"position":0},"title":"ATLANTA ERGO &#8211; s\u00e4hk\u00f6recliner mekanismituoli","author":"petri","date":"September 14, 2019","format":false,"excerpt":"S\u00e4hk\u00f6recliner tuoli ladattavalla akulla, joka py\u00f6rii ja keinuu.","rel":"","context":"Similar post","block_context":{"text":"Similar post","link":""},"img":{"alt_text":"Atlanta recliner mekanismi tuoli nahka","src":"https:\/\/i0.wp.com\/pohjanmaantehtaanmyymala.fi\/wp-content\/uploads\/2019\/09\/Atlan-sahkorecliner-auki-2.jpg?fit=1200%2C1200&ssl=1&resize=350%2C200","width":350,"height":200,"srcset":"https:\/\/i0.wp.com\/pohjanmaantehtaanmyymala.fi\/wp-content\/uploads\/2019\/09\/Atlan-sahkorecliner-auki-2.jpg?fit=1200%2C1200&ssl=1&resize=350%2C200 1x, https:\/\/i0.wp.com\/pohjanmaantehtaanmyymala.fi\/wp-content\/uploads\/2019\/09\/Atlan-sahkorecliner-auki-2.jpg?fit=1200%2C1200&ssl=1&resize=525%2C300 1.5x, https:\/\/i0.wp.com\/pohjanmaantehtaanmyymala.fi\/wp-content\/uploads\/2019\/09\/Atlan-sahkorecliner-auki-2.jpg?fit=1200%2C1200&ssl=1&resize=700%2C400 2x, https:\/\/i0.wp.com\/pohjanmaantehtaanmyymala.fi\/wp-content\/uploads\/2019\/09\/Atlan-sahkorecliner-auki-2.jpg?fit=1200%2C1200&ssl=1&resize=1050%2C600 3x"},"classes":[]},{"id":29255,"url":"https:\/\/pohjanmaantehtaanmyymala.fi\/en\/tuote\/eemil-recliner-tuoli-musta-nahka\/","url_meta":{"origin":24561,"position":1},"title":"Eemil recliner-tuoli musta nahka","author":"Sami Viitala","date":"November 17, 2025","format":false,"excerpt":"Siro recliner-lepotuoli.","rel":"","context":"Similar post","block_context":{"text":"Similar post","link":""},"img":{"alt_text":"Emil recliner nojatuoli lepoasennossa musta soft antique -nahka.","src":"https:\/\/i0.wp.com\/pohjanmaantehtaanmyymala.fi\/wp-content\/uploads\/2025\/11\/Pohjanmaan_Eemil_recliner_musta_auki.jpg?fit=1000%2C1000&ssl=1&resize=350%2C200","width":350,"height":200,"srcset":"https:\/\/i0.wp.com\/pohjanmaantehtaanmyymala.fi\/wp-content\/uploads\/2025\/11\/Pohjanmaan_Eemil_recliner_musta_auki.jpg?fit=1000%2C1000&ssl=1&resize=350%2C200 1x, https:\/\/i0.wp.com\/pohjanmaantehtaanmyymala.fi\/wp-content\/uploads\/2025\/11\/Pohjanmaan_Eemil_recliner_musta_auki.jpg?fit=1000%2C1000&ssl=1&resize=525%2C300 1.5x, https:\/\/i0.wp.com\/pohjanmaantehtaanmyymala.fi\/wp-content\/uploads\/2025\/11\/Pohjanmaan_Eemil_recliner_musta_auki.jpg?fit=1000%2C1000&ssl=1&resize=700%2C400 2x"},"classes":[]},{"id":26829,"url":"https:\/\/pohjanmaantehtaanmyymala.fi\/en\/tuote\/eemil-recliner-tuoli-kangas\/","url_meta":{"origin":24561,"position":2},"title":"Eemil recliner-tuoli kangas","author":"Sami Viitala","date":"April 20, 2024","format":false,"excerpt":"Edullinen lepotuoli recliner-mekanismilla, valitse v\u00e4ri!","rel":"","context":"Similar post","block_context":{"text":"Similar post","link":""},"img":{"alt_text":"Pohjanmaan Eemil -recliner-nojatuoli Oasis vihre\u00e4","src":"https:\/\/i0.wp.com\/pohjanmaantehtaanmyymala.fi\/wp-content\/uploads\/2024\/04\/Pohjanmaan_Eemil_mekanismituoli_vihrea.jpg?fit=960%2C960&ssl=1&resize=350%2C200","width":350,"height":200,"srcset":"https:\/\/i0.wp.com\/pohjanmaantehtaanmyymala.fi\/wp-content\/uploads\/2024\/04\/Pohjanmaan_Eemil_mekanismituoli_vihrea.jpg?fit=960%2C960&ssl=1&resize=350%2C200 1x, https:\/\/i0.wp.com\/pohjanmaantehtaanmyymala.fi\/wp-content\/uploads\/2024\/04\/Pohjanmaan_Eemil_mekanismituoli_vihrea.jpg?fit=960%2C960&ssl=1&resize=525%2C300 1.5x, https:\/\/i0.wp.com\/pohjanmaantehtaanmyymala.fi\/wp-content\/uploads\/2024\/04\/Pohjanmaan_Eemil_mekanismituoli_vihrea.jpg?fit=960%2C960&ssl=1&resize=700%2C400 2x"},"classes":[]},{"id":18455,"url":"https:\/\/pohjanmaantehtaanmyymala.fi\/en\/tuote\/monza-reclinertuoli-nahkaa\/","url_meta":{"origin":24561,"position":3},"title":"MONZA &#8211; reclinertuoli nahkaa","author":"Sami Viitala","date":"October 26, 2021","format":false,"excerpt":"Perinteinen ja pehme\u00e4 mekanismituoli.","rel":"","context":"Similar post","block_context":{"text":"Similar post","link":""},"img":{"alt_text":"Monza reclinertuoli ruskea nahka","src":"https:\/\/i0.wp.com\/pohjanmaantehtaanmyymala.fi\/wp-content\/uploads\/2021\/10\/monza_recliner_tuoli_labrador05_metal.jpg?fit=960%2C960&ssl=1&resize=350%2C200","width":350,"height":200,"srcset":"https:\/\/i0.wp.com\/pohjanmaantehtaanmyymala.fi\/wp-content\/uploads\/2021\/10\/monza_recliner_tuoli_labrador05_metal.jpg?fit=960%2C960&ssl=1&resize=350%2C200 1x, https:\/\/i0.wp.com\/pohjanmaantehtaanmyymala.fi\/wp-content\/uploads\/2021\/10\/monza_recliner_tuoli_labrador05_metal.jpg?fit=960%2C960&ssl=1&resize=525%2C300 1.5x, https:\/\/i0.wp.com\/pohjanmaantehtaanmyymala.fi\/wp-content\/uploads\/2021\/10\/monza_recliner_tuoli_labrador05_metal.jpg?fit=960%2C960&ssl=1&resize=700%2C400 2x"},"classes":[]},{"id":9469,"url":"https:\/\/pohjanmaantehtaanmyymala.fi\/en\/tuote\/sheraton-recliner\/","url_meta":{"origin":24561,"position":4},"title":"SHERATON &#8211; recliner nahkaverhoilulla","author":"petri","date":"September 14, 2019","format":false,"excerpt":"Pohjanmaan kalusteen valmistama Sheraton-reclinertuoli on todella mukavan pehme\u00e4 tuoli. Tuolin kahvaa k\u00e4\u00e4nt\u00e4m\u00e4ll\u00e4 nousee jalkarahi yl\u00f6s jolloin my\u00f6s selk\u00e4nojan kaltevuuden s\u00e4\u00e4t\u00f6 on mahdollista. Mekanismituolissa on py\u00f6riv\u00e4 jalusta vakiovarusteena. Rahin ollessa alhaalla tuoli my\u00f6s keinuu. Tuolin runko on valmistettu koivuvanerista ja havupuusta pehmusteena laadukas vaahtomuovi ja vanu. Valmistajan takuu mekanismille on 2-vuotta.\u2026","rel":"","context":"Similar post","block_context":{"text":"Similar post","link":""},"img":{"alt_text":"","src":"https:\/\/i0.wp.com\/pohjanmaantehtaanmyymala.fi\/wp-content\/uploads\/2019\/06\/sheraton-recl-nk1100-web.jpg?fit=960%2C960&ssl=1&resize=350%2C200","width":350,"height":200,"srcset":"https:\/\/i0.wp.com\/pohjanmaantehtaanmyymala.fi\/wp-content\/uploads\/2019\/06\/sheraton-recl-nk1100-web.jpg?fit=960%2C960&ssl=1&resize=350%2C200 1x, https:\/\/i0.wp.com\/pohjanmaantehtaanmyymala.fi\/wp-content\/uploads\/2019\/06\/sheraton-recl-nk1100-web.jpg?fit=960%2C960&ssl=1&resize=525%2C300 1.5x, https:\/\/i0.wp.com\/pohjanmaantehtaanmyymala.fi\/wp-content\/uploads\/2019\/06\/sheraton-recl-nk1100-web.jpg?fit=960%2C960&ssl=1&resize=700%2C400 2x"},"classes":[]},{"id":8669,"url":"https:\/\/pohjanmaantehtaanmyymala.fi\/en\/tuote\/atlanta-recliner-mekanismituoli\/","url_meta":{"origin":24561,"position":5},"title":"ATLANTA ERGO &#8211; recliner mekanismituoli","author":"petri","date":"September 14, 2019","format":false,"excerpt":"Pohjanmaan recliner - mekanismituoli s\u00e4\u00e4dett\u00e4v\u00e4ll\u00e4 niskatuella.","rel":"","context":"Similar post","block_context":{"text":"Similar post","link":""},"img":{"alt_text":"Atlanta Recliner","src":"https:\/\/i0.wp.com\/pohjanmaantehtaanmyymala.fi\/wp-content\/uploads\/2019\/06\/Atlanta-Recliner.jpg?fit=960%2C960&ssl=1&resize=350%2C200","width":350,"height":200,"srcset":"https:\/\/i0.wp.com\/pohjanmaantehtaanmyymala.fi\/wp-content\/uploads\/2019\/06\/Atlanta-Recliner.jpg?fit=960%2C960&ssl=1&resize=350%2C200 1x, https:\/\/i0.wp.com\/pohjanmaantehtaanmyymala.fi\/wp-content\/uploads\/2019\/06\/Atlanta-Recliner.jpg?fit=960%2C960&ssl=1&resize=525%2C300 1.5x, https:\/\/i0.wp.com\/pohjanmaantehtaanmyymala.fi\/wp-content\/uploads\/2019\/06\/Atlanta-Recliner.jpg?fit=960%2C960&ssl=1&resize=700%2C400 2x"},"classes":[]}],"_links":{"self":[{"href":"https:\/\/pohjanmaantehtaanmyymala.fi\/en\/wp-json\/wp\/v2\/product\/24561","targetHints":{"allow":["GET"]}}],"collection":[{"href":"https:\/\/pohjanmaantehtaanmyymala.fi\/en\/wp-json\/wp\/v2\/product"}],"about":[{"href":"https:\/\/pohjanmaantehtaanmyymala.fi\/en\/wp-json\/wp\/v2\/types\/product"}],"replies":[{"embeddable":true,"href":"https:\/\/pohjanmaantehtaanmyymala.fi\/en\/wp-json\/wp\/v2\/comments?post=24561"}],"wp:featuredmedia":[{"embeddable":true,"href":"https:\/\/pohjanmaantehtaanmyymala.fi\/en\/wp-json\/wp\/v2\/media\/24562"}],"wp:attachment":[{"href":"https:\/\/pohjanmaantehtaanmyymala.fi\/en\/wp-json\/wp\/v2\/media?parent=24561"}],"wp:term":[{"taxonomy":"product_brand","embeddable":true,"href":"https:\/\/pohjanmaantehtaanmyymala.fi\/en\/wp-json\/wp\/v2\/product_brand?post=24561"},{"taxonomy":"product_cat","embeddable":true,"href":"https:\/\/pohjanmaantehtaanmyymala.fi\/en\/wp-json\/wp\/v2\/product_cat?post=24561"},{"taxonomy":"product_tag","embeddable":true,"href":"https:\/\/pohjanmaantehtaanmyymala.fi\/en\/wp-json\/wp\/v2\/product_tag?post=24561"}],"curies":[{"name":"wp","href":"https:\/\/api.w.org\/{rel}","templated":true}]}}