{"id":24346,"date":"2023-12-04T17:35:17","date_gmt":"2023-12-04T15:35:17","guid":{"rendered":"https:\/\/pohjanmaantehtaanmyymala.fi\/?post_type=product&#038;p=24346"},"modified":"2024-01-04T11:06:40","modified_gmt":"2024-01-04T09:06:40","slug":"jasmin-matto-200x290-cm","status":"publish","type":"product","link":"https:\/\/pohjanmaantehtaanmyymala.fi\/en\/tuote\/jasmin-matto-200x290-cm\/","title":{"rendered":"Jasmin keskilattiamatto 200&#215;290 cm"},"content":{"rendered":"<p>Villagesin Jasmine matto on silminpehme\u00e4 ja miellytt\u00e4v\u00e4n tuntuinen jalallalle. Siev\u00e4n ja hillityn v\u00e4rimaailmansa ansiosta matto sopii monenlaiseen kotiin. Matto on pehme\u00e4 ja pitk\u00e4 nukkainen. Maton el\u00e4v\u00e4inen kiilto antaa matolle entist\u00e4 enemm\u00e4n n\u00e4ytt\u00e4vyytt\u00e4.<\/p>\n<p>Matto k\u00e4y my\u00f6s lattial\u00e4mmityksen kanssa. Matto on vesipest\u00e4v\u00e4, max. 30\u009d C\u00b0 pesu.<\/p>\n<p>Materiaali: 100 % polyesterisekoite<\/p>\n<p>Maton koko on 200&#215;290 cm. Muut koot ovat <a href=\"https:\/\/pohjanmaantehtaanmyymala.fi\/tuote\/jasmin-pyorea-matto-160x230-cm\/\">160&#215;230 cm<\/a> ja <a href=\"https:\/\/pohjanmaantehtaanmyymala.fi\/tuote\/jasmin-matto-o-160-cm\/\">py\u00f6re\u00e4 \u00d8 160 cm.<\/a><\/p>\n<p>Mattoa on saatavana nelj\u00e4ll\u00e4 eri v\u00e4rill\u00e4.<\/p>\n<p>Kysy saatavuutta <a href=\"https:\/\/pohjanmaantehtaanmyymala.fi\/yhteys\/\">myynnist\u00e4mme!<\/a><\/p>\n","protected":false},"excerpt":{"rendered":"<p>Kaunis sikkisentuntuinen nukkamatto. Valitse v\u00e4ri!<\/p>\n","protected":false},"featured_media":24373,"comment_status":"closed","ping_status":"closed","template":"","meta":{"_acf_changed":false,"jetpack_post_was_ever_published":false,"jetpack_publicize_message":"","jetpack_publicize_feature_enabled":true,"jetpack_social_post_already_shared":true,"jetpack_social_options":{"image_generator_settings":{"template":"highway","default_image_id":0,"font":"","enabled":false},"version":2}},"product_brand":[243],"product_cat":[210],"product_tag":[],"class_list":{"0":"post-24346","1":"product","2":"type-product","3":"status-publish","4":"has-post-thumbnail","6":"product_brand-villages","7":"product_cat-matot","8":"pa_vari-harmaa","9":"pa_vari-hopea","10":"pa_vari-pellava","11":"pa_vari-valkoinen","13":"first","14":"instock","15":"sale","16":"shipping-taxable","17":"purchasable","18":"product-type-variable"},"acf":[],"jetpack_publicize_connections":[],"jetpack_sharing_enabled":true,"jetpack-related-posts":[{"id":24449,"url":"https:\/\/pohjanmaantehtaanmyymala.fi\/en\/tuote\/jasmin-matto-o-160-cm\/","url_meta":{"origin":24346,"position":0},"title":"Jasmin py\u00f6re\u00e4 matto \u00d8 160 cm","author":"Sami Viitala","date":"December 5, 2023","format":false,"excerpt":"Kaunis sikkisentuntuinen nukkamatto. Valitse v\u00e4ri!","rel":"","context":"Similar post","block_context":{"text":"Similar post","link":""},"img":{"alt_text":"Villages Jasmine matto py\u00f6re\u00e4 160 cm valkoinen","src":"https:\/\/i0.wp.com\/pohjanmaantehtaanmyymala.fi\/wp-content\/uploads\/2023\/12\/Jasmine_valk_pyorea_detalje.jpg?fit=960%2C960&ssl=1&resize=350%2C200","width":350,"height":200,"srcset":"https:\/\/i0.wp.com\/pohjanmaantehtaanmyymala.fi\/wp-content\/uploads\/2023\/12\/Jasmine_valk_pyorea_detalje.jpg?fit=960%2C960&ssl=1&resize=350%2C200 1x, https:\/\/i0.wp.com\/pohjanmaantehtaanmyymala.fi\/wp-content\/uploads\/2023\/12\/Jasmine_valk_pyorea_detalje.jpg?fit=960%2C960&ssl=1&resize=525%2C300 1.5x, https:\/\/i0.wp.com\/pohjanmaantehtaanmyymala.fi\/wp-content\/uploads\/2023\/12\/Jasmine_valk_pyorea_detalje.jpg?fit=960%2C960&ssl=1&resize=700%2C400 2x"},"classes":[]},{"id":24458,"url":"https:\/\/pohjanmaantehtaanmyymala.fi\/en\/tuote\/jasmin-pyorea-matto-160x230-cm\/","url_meta":{"origin":24346,"position":1},"title":"Jasmin nukkamatto 160&#215;230 cm","author":"Sami Viitala","date":"December 5, 2023","format":false,"excerpt":"Kaunis el\u00e4v\u00e4pintainen nukkamatto. Valitse v\u00e4ri!","rel":"","context":"Similar post","block_context":{"text":"Similar post","link":""},"img":{"alt_text":"Villages Jasmine matto harmaa l\u00e4hikuva nurkasta","src":"https:\/\/i0.wp.com\/pohjanmaantehtaanmyymala.fi\/wp-content\/uploads\/2023\/12\/Jasmine_hopea_kulmasta.jpg?fit=960%2C960&ssl=1&resize=350%2C200","width":350,"height":200,"srcset":"https:\/\/i0.wp.com\/pohjanmaantehtaanmyymala.fi\/wp-content\/uploads\/2023\/12\/Jasmine_hopea_kulmasta.jpg?fit=960%2C960&ssl=1&resize=350%2C200 1x, https:\/\/i0.wp.com\/pohjanmaantehtaanmyymala.fi\/wp-content\/uploads\/2023\/12\/Jasmine_hopea_kulmasta.jpg?fit=960%2C960&ssl=1&resize=525%2C300 1.5x, https:\/\/i0.wp.com\/pohjanmaantehtaanmyymala.fi\/wp-content\/uploads\/2023\/12\/Jasmine_hopea_kulmasta.jpg?fit=960%2C960&ssl=1&resize=700%2C400 2x"},"classes":[]},{"id":24134,"url":"https:\/\/pohjanmaantehtaanmyymala.fi\/en\/tuote\/dione-easy-care-matto-200x290-cm\/","url_meta":{"origin":24346,"position":2},"title":"Dione easy care matto 200&#215;290 cm","author":"Sami Viitala","date":"November 17, 2023","format":false,"excerpt":"Helppohoitoinen matto kovaankin k\u00e4ytt\u00f6\u00f6n.","rel":"","context":"Similar post","block_context":{"text":"Similar post","link":""},"img":{"alt_text":"Dione matto harmaa 160x230 cm ruokaryhm\u00e4n alla","src":"https:\/\/i0.wp.com\/pohjanmaantehtaanmyymala.fi\/wp-content\/uploads\/2023\/11\/Dione_matto_harmaa2-scaled.jpg?fit=1200%2C1200&ssl=1&resize=350%2C200","width":350,"height":200,"srcset":"https:\/\/i0.wp.com\/pohjanmaantehtaanmyymala.fi\/wp-content\/uploads\/2023\/11\/Dione_matto_harmaa2-scaled.jpg?fit=1200%2C1200&ssl=1&resize=350%2C200 1x, https:\/\/i0.wp.com\/pohjanmaantehtaanmyymala.fi\/wp-content\/uploads\/2023\/11\/Dione_matto_harmaa2-scaled.jpg?fit=1200%2C1200&ssl=1&resize=525%2C300 1.5x, https:\/\/i0.wp.com\/pohjanmaantehtaanmyymala.fi\/wp-content\/uploads\/2023\/11\/Dione_matto_harmaa2-scaled.jpg?fit=1200%2C1200&ssl=1&resize=700%2C400 2x, https:\/\/i0.wp.com\/pohjanmaantehtaanmyymala.fi\/wp-content\/uploads\/2023\/11\/Dione_matto_harmaa2-scaled.jpg?fit=1200%2C1200&ssl=1&resize=1050%2C600 3x"},"classes":[]},{"id":24164,"url":"https:\/\/pohjanmaantehtaanmyymala.fi\/en\/tuote\/dione-easy-care-matto-160x230-cm\/","url_meta":{"origin":24346,"position":3},"title":"Dione easy care matto 160&#215;230 cm","author":"Sami Viitala","date":"November 17, 2023","format":false,"excerpt":"Easy Care matto on nanoteknologiaan perustuva likaa hylkiv\u00e4 mattosarja.","rel":"","context":"Similar post","block_context":{"text":"Similar post","link":""},"img":{"alt_text":"Dione matto taupe 160x230 cm olohoneessa","src":"https:\/\/i0.wp.com\/pohjanmaantehtaanmyymala.fi\/wp-content\/uploads\/2023\/11\/Dione_taupe_villages-_matto4.jpg?fit=960%2C960&ssl=1&resize=350%2C200","width":350,"height":200,"srcset":"https:\/\/i0.wp.com\/pohjanmaantehtaanmyymala.fi\/wp-content\/uploads\/2023\/11\/Dione_taupe_villages-_matto4.jpg?fit=960%2C960&ssl=1&resize=350%2C200 1x, https:\/\/i0.wp.com\/pohjanmaantehtaanmyymala.fi\/wp-content\/uploads\/2023\/11\/Dione_taupe_villages-_matto4.jpg?fit=960%2C960&ssl=1&resize=525%2C300 1.5x, https:\/\/i0.wp.com\/pohjanmaantehtaanmyymala.fi\/wp-content\/uploads\/2023\/11\/Dione_taupe_villages-_matto4.jpg?fit=960%2C960&ssl=1&resize=700%2C400 2x"},"classes":[]},{"id":19905,"url":"https:\/\/pohjanmaantehtaanmyymala.fi\/en\/tuote\/carissa-easy-care-matto-160x230-cm\/","url_meta":{"origin":24346,"position":4},"title":"Carissa easy care matto 160&#215;230 cm","author":"Sami Viitala","date":"February 25, 2022","format":false,"excerpt":"Easy Care matto on nanoteknologiaan perustuva likaa hylkiv\u00e4 mattosarja.","rel":"","context":"Similar post","block_context":{"text":"Similar post","link":""},"img":{"alt_text":"Carissa Easy care matto okra milj\u00f6\u00f6","src":"https:\/\/i0.wp.com\/pohjanmaantehtaanmyymala.fi\/wp-content\/uploads\/2022\/02\/Carissa_okra_villages-5.jpg?fit=768%2C768&ssl=1&resize=350%2C200","width":350,"height":200,"srcset":"https:\/\/i0.wp.com\/pohjanmaantehtaanmyymala.fi\/wp-content\/uploads\/2022\/02\/Carissa_okra_villages-5.jpg?fit=768%2C768&ssl=1&resize=350%2C200 1x, https:\/\/i0.wp.com\/pohjanmaantehtaanmyymala.fi\/wp-content\/uploads\/2022\/02\/Carissa_okra_villages-5.jpg?fit=768%2C768&ssl=1&resize=525%2C300 1.5x, https:\/\/i0.wp.com\/pohjanmaantehtaanmyymala.fi\/wp-content\/uploads\/2022\/02\/Carissa_okra_villages-5.jpg?fit=768%2C768&ssl=1&resize=700%2C400 2x"},"classes":[]},{"id":18277,"url":"https:\/\/pohjanmaantehtaanmyymala.fi\/en\/tuote\/vm-carpet-rustiikki-matto\/","url_meta":{"origin":24346,"position":5},"title":"VM Carpet Rustiikki-matto","author":"Sami Viitala","date":"October 4, 2021","format":false,"excerpt":"Monivivahteiset v\u00e4rit ovat antavat t\u00e4lle matolle todellista luonnetta.","rel":"","context":"Similar post","block_context":{"text":"Similar post","link":""},"img":{"alt_text":"VM Capet Rustiikki-matto sininen kavilassa","src":"https:\/\/i0.wp.com\/pohjanmaantehtaanmyymala.fi\/wp-content\/uploads\/2021\/10\/Rustiikki-matto-sininen.jpg?fit=960%2C960&ssl=1&resize=350%2C200","width":350,"height":200,"srcset":"https:\/\/i0.wp.com\/pohjanmaantehtaanmyymala.fi\/wp-content\/uploads\/2021\/10\/Rustiikki-matto-sininen.jpg?fit=960%2C960&ssl=1&resize=350%2C200 1x, https:\/\/i0.wp.com\/pohjanmaantehtaanmyymala.fi\/wp-content\/uploads\/2021\/10\/Rustiikki-matto-sininen.jpg?fit=960%2C960&ssl=1&resize=525%2C300 1.5x, https:\/\/i0.wp.com\/pohjanmaantehtaanmyymala.fi\/wp-content\/uploads\/2021\/10\/Rustiikki-matto-sininen.jpg?fit=960%2C960&ssl=1&resize=700%2C400 2x"},"classes":[]}],"_links":{"self":[{"href":"https:\/\/pohjanmaantehtaanmyymala.fi\/en\/wp-json\/wp\/v2\/product\/24346","targetHints":{"allow":["GET"]}}],"collection":[{"href":"https:\/\/pohjanmaantehtaanmyymala.fi\/en\/wp-json\/wp\/v2\/product"}],"about":[{"href":"https:\/\/pohjanmaantehtaanmyymala.fi\/en\/wp-json\/wp\/v2\/types\/product"}],"replies":[{"embeddable":true,"href":"https:\/\/pohjanmaantehtaanmyymala.fi\/en\/wp-json\/wp\/v2\/comments?post=24346"}],"wp:featuredmedia":[{"embeddable":true,"href":"https:\/\/pohjanmaantehtaanmyymala.fi\/en\/wp-json\/wp\/v2\/media\/24373"}],"wp:attachment":[{"href":"https:\/\/pohjanmaantehtaanmyymala.fi\/en\/wp-json\/wp\/v2\/media?parent=24346"}],"wp:term":[{"taxonomy":"product_brand","embeddable":true,"href":"https:\/\/pohjanmaantehtaanmyymala.fi\/en\/wp-json\/wp\/v2\/product_brand?post=24346"},{"taxonomy":"product_cat","embeddable":true,"href":"https:\/\/pohjanmaantehtaanmyymala.fi\/en\/wp-json\/wp\/v2\/product_cat?post=24346"},{"taxonomy":"product_tag","embeddable":true,"href":"https:\/\/pohjanmaantehtaanmyymala.fi\/en\/wp-json\/wp\/v2\/product_tag?post=24346"}],"curies":[{"name":"wp","href":"https:\/\/api.w.org\/{rel}","templated":true}]}}