{"id":24316,"date":"2023-11-28T15:56:00","date_gmt":"2023-11-28T13:56:00","guid":{"rendered":"https:\/\/pohjanmaantehtaanmyymala.fi\/?post_type=product&#038;p=24316"},"modified":"2026-02-20T11:51:13","modified_gmt":"2026-02-20T09:51:13","slug":"eden-1-runkosanky-120x200-cm","status":"publish","type":"product","link":"https:\/\/pohjanmaantehtaanmyymala.fi\/en\/tuote\/eden-1-runkosanky-120x200-cm\/","title":{"rendered":"EDEN 1 runkos\u00e4nky 120&#215;200 cm petauspatjalla"},"content":{"rendered":"<p>Edullinen kotimainen Eden 1 -runkos\u00e4nky paketti 4 cm paksulla sijauspatjalla. S\u00e4nkypakettiin kuuluu my\u00f6s mustat jalat.<\/p>\n<p><a href=\"https:\/\/pohjanmaantehtaanmyymala.fi\/tuote\/eden-1-sangynpaaty-120-cm-levea\/\">S\u00e4ngynp\u00e4\u00e4ty<\/a> ei sis\u00e4lly hintaan!<\/p>\n<p>Hilding Andersin valmistamassa s\u00e4ngyssa on medium-pussijousitus.<\/p>\n<p>Eden 1-Runkopatjasetti\u00e4 on saatavilla kolmessa ssa eri koossa, 80, 90, 120 ja 140 cm leve\u00e4n\u00e4.<\/p>\n<h3>Tuotetiedot:<\/h3>\n<p>Tiedot: Verhoiltu kest\u00e4v\u00e4ll\u00e4 harmaalla huonekalukankaalla.<br \/>\nJousitus: Pussijousitettu. Jousen lankavahvuus 1,9mm, joita on 250 kpl\/m2.<br \/>\nRunko: valmistettu puusta\/vanerista.<br \/>\nTakuu: Puurungolle ja jousistolle 10-vuotta.<br \/>\nPetauspatja: Sisus vaahtomuovia, irroitettava ja pest\u00e4v\u00e4 p\u00e4\u00e4llinen, paksuus noin. 4 cm.<br \/>\nTuote on valmiiksi koottu. Poistat pakkauksista ja ruuvaat vain jalat runkopatjaan kiinni, niin tuote on k\u00e4ytt\u00f6valmis.<\/p>\n<p>Eden-s\u00e4nkysarjan toimitusaika on n. 1-3 viikkoa tilauksesta.<\/p>\n","protected":false},"excerpt":{"rendered":"<p>Hilding Andersin valmistamassa s\u00e4ngyssa on vartaloa tukeva pussijousitus.<\/p>\n","protected":false},"featured_media":24317,"comment_status":"closed","ping_status":"closed","template":"","meta":{"_acf_changed":false,"jetpack_post_was_ever_published":false,"jetpack_publicize_message":"","jetpack_publicize_feature_enabled":true,"jetpack_social_post_already_shared":true,"jetpack_social_options":{"image_generator_settings":{"template":"highway","default_image_id":0,"font":"","enabled":false},"version":2}},"product_brand":[203],"product_cat":[212,198],"product_tag":[],"class_list":{"0":"post-24316","1":"product","2":"type-product","3":"status-publish","4":"has-post-thumbnail","6":"product_brand-hilding","7":"product_cat-ajankohtaiset","8":"product_cat-patjat-ja-sangyt","9":"product_shipping_class-161","10":"pa_koko-120x200-cm","11":"pa_koko-140x200-cm","12":"pa_koko-80x200-cm","13":"pa_koko-90x200-cm","15":"first","16":"instock","17":"sale","18":"purchasable","19":"product-type-simple"},"acf":[],"jetpack_publicize_connections":[],"jetpack_sharing_enabled":true,"jetpack-related-posts":[{"id":24313,"url":"https:\/\/pohjanmaantehtaanmyymala.fi\/en\/tuote\/eden-1-runkosanky-90x200-cm\/","url_meta":{"origin":24316,"position":0},"title":"EDEN 1 runkos\u00e4nky 90&#215;200 cm petauspatjalla","author":"Sami Viitala","date":"November 28, 2023","format":false,"excerpt":"Hilding Andersin valmistamassa s\u00e4ngyss\u00e4 on vartaloa tukeva pussijousitus.","rel":"","context":"Similar post","block_context":{"text":"Similar post","link":""},"img":{"alt_text":"","src":"https:\/\/i0.wp.com\/pohjanmaantehtaanmyymala.fi\/wp-content\/uploads\/2019\/09\/Eden1-runkopatja.jpg?fit=960%2C960&ssl=1&resize=350%2C200","width":350,"height":200,"srcset":"https:\/\/i0.wp.com\/pohjanmaantehtaanmyymala.fi\/wp-content\/uploads\/2019\/09\/Eden1-runkopatja.jpg?fit=960%2C960&ssl=1&resize=350%2C200 1x, https:\/\/i0.wp.com\/pohjanmaantehtaanmyymala.fi\/wp-content\/uploads\/2019\/09\/Eden1-runkopatja.jpg?fit=960%2C960&ssl=1&resize=525%2C300 1.5x, https:\/\/i0.wp.com\/pohjanmaantehtaanmyymala.fi\/wp-content\/uploads\/2019\/09\/Eden1-runkopatja.jpg?fit=960%2C960&ssl=1&resize=700%2C400 2x"},"classes":[]},{"id":28243,"url":"https:\/\/pohjanmaantehtaanmyymala.fi\/en\/tuote\/eden-1-runkosanky-140x200-cm\/","url_meta":{"origin":24316,"position":1},"title":"EDEN 1 runkos\u00e4nky 140&#215;200 cm petauspatjalla","author":"Sami Viitala","date":"December 23, 2024","format":false,"excerpt":"Hilding Andersin valmistamassa s\u00e4ngyssa on vartola tukeva pussijousitus.","rel":"","context":"Similar post","block_context":{"text":"Similar post","link":""},"img":{"alt_text":"Eden 1 runkos\u00e4nky 140 cm leven\u00e4 p\u00e4\u00e4dyll\u00e4.","src":"https:\/\/i0.wp.com\/pohjanmaantehtaanmyymala.fi\/wp-content\/uploads\/2024\/12\/Eden140_petari_paaty-1.jpg?fit=960%2C960&ssl=1&resize=350%2C200","width":350,"height":200,"srcset":"https:\/\/i0.wp.com\/pohjanmaantehtaanmyymala.fi\/wp-content\/uploads\/2024\/12\/Eden140_petari_paaty-1.jpg?fit=960%2C960&ssl=1&resize=350%2C200 1x, https:\/\/i0.wp.com\/pohjanmaantehtaanmyymala.fi\/wp-content\/uploads\/2024\/12\/Eden140_petari_paaty-1.jpg?fit=960%2C960&ssl=1&resize=525%2C300 1.5x, https:\/\/i0.wp.com\/pohjanmaantehtaanmyymala.fi\/wp-content\/uploads\/2024\/12\/Eden140_petari_paaty-1.jpg?fit=960%2C960&ssl=1&resize=700%2C400 2x"},"classes":[]},{"id":28666,"url":"https:\/\/pohjanmaantehtaanmyymala.fi\/en\/tuote\/eden-1-runkosanky-120x200-cm-muhkealla-petauspatjalla\/","url_meta":{"origin":24316,"position":2},"title":"EDEN 1 runkos\u00e4nky 120&#215;200 cm muhkealla petauspatjalla","author":"Sami Viitala","date":"August 22, 2025","format":false,"excerpt":"Hilding Andersin valmistamassa s\u00e4ngyssa on vartola tukeva pussijousitus.","rel":"","context":"Similar post","block_context":{"text":"Similar post","link":""},"img":{"alt_text":"Hildind Anders Eden 120 cm leve\u00e4 runkos\u00e4nky petauspatjalla ja mustilla jaloilla.","src":"https:\/\/i0.wp.com\/pohjanmaantehtaanmyymala.fi\/wp-content\/uploads\/2025\/08\/Eden_1_runkopatja_120.jpg?fit=1000%2C1000&ssl=1&resize=350%2C200","width":350,"height":200,"srcset":"https:\/\/i0.wp.com\/pohjanmaantehtaanmyymala.fi\/wp-content\/uploads\/2025\/08\/Eden_1_runkopatja_120.jpg?fit=1000%2C1000&ssl=1&resize=350%2C200 1x, https:\/\/i0.wp.com\/pohjanmaantehtaanmyymala.fi\/wp-content\/uploads\/2025\/08\/Eden_1_runkopatja_120.jpg?fit=1000%2C1000&ssl=1&resize=525%2C300 1.5x, https:\/\/i0.wp.com\/pohjanmaantehtaanmyymala.fi\/wp-content\/uploads\/2025\/08\/Eden_1_runkopatja_120.jpg?fit=1000%2C1000&ssl=1&resize=700%2C400 2x"},"classes":[]},{"id":10863,"url":"https:\/\/pohjanmaantehtaanmyymala.fi\/en\/tuote\/eden-1-runkosanky\/","url_meta":{"origin":24316,"position":3},"title":"EDEN 1 runkos\u00e4nky 80&#215;200 cm petauspatjalla","author":"petri","date":"September 14, 2019","format":false,"excerpt":"T\u00e4st\u00e4 kotimainen laadukas runkos\u00e4nkysetti edullisesti!","rel":"","context":"Similar post","block_context":{"text":"Similar post","link":""},"img":{"alt_text":"","src":"https:\/\/i0.wp.com\/pohjanmaantehtaanmyymala.fi\/wp-content\/uploads\/2019\/09\/Eden1-runkopatja.jpg?fit=960%2C960&ssl=1&resize=350%2C200","width":350,"height":200,"srcset":"https:\/\/i0.wp.com\/pohjanmaantehtaanmyymala.fi\/wp-content\/uploads\/2019\/09\/Eden1-runkopatja.jpg?fit=960%2C960&ssl=1&resize=350%2C200 1x, https:\/\/i0.wp.com\/pohjanmaantehtaanmyymala.fi\/wp-content\/uploads\/2019\/09\/Eden1-runkopatja.jpg?fit=960%2C960&ssl=1&resize=525%2C300 1.5x, https:\/\/i0.wp.com\/pohjanmaantehtaanmyymala.fi\/wp-content\/uploads\/2019\/09\/Eden1-runkopatja.jpg?fit=960%2C960&ssl=1&resize=700%2C400 2x"},"classes":[]},{"id":17640,"url":"https:\/\/pohjanmaantehtaanmyymala.fi\/en\/tuote\/eden-1-jenkkisanky-120x200-cm\/","url_meta":{"origin":24316,"position":4},"title":"EDEN 1 -jenkkis\u00e4nky 120&#215;200 cm petauspatjalla","author":"Sami Viitala","date":"August 18, 2021","format":false,"excerpt":"T\u00e4st\u00e4 kotimainen N\u00e4rpi\u00f6ss\u00e4 valmistettu jenkkis\u00e4nkypaketti edullisesti.","rel":"","context":"Similar post","block_context":{"text":"Similar post","link":""},"img":{"alt_text":"Hilding Anders Eden 1 jenkkis\u00e4nky 120x200 cm profiloidulla petauspajalla ja mustilla jaloilla.","src":"https:\/\/i0.wp.com\/pohjanmaantehtaanmyymala.fi\/wp-content\/uploads\/2021\/08\/Eden_1_Jenkki_120.jpg?fit=1000%2C1000&ssl=1&resize=350%2C200","width":350,"height":200,"srcset":"https:\/\/i0.wp.com\/pohjanmaantehtaanmyymala.fi\/wp-content\/uploads\/2021\/08\/Eden_1_Jenkki_120.jpg?fit=1000%2C1000&ssl=1&resize=350%2C200 1x, https:\/\/i0.wp.com\/pohjanmaantehtaanmyymala.fi\/wp-content\/uploads\/2021\/08\/Eden_1_Jenkki_120.jpg?fit=1000%2C1000&ssl=1&resize=525%2C300 1.5x, https:\/\/i0.wp.com\/pohjanmaantehtaanmyymala.fi\/wp-content\/uploads\/2021\/08\/Eden_1_Jenkki_120.jpg?fit=1000%2C1000&ssl=1&resize=700%2C400 2x"},"classes":[]},{"id":10881,"url":"https:\/\/pohjanmaantehtaanmyymala.fi\/en\/tuote\/eden-1-petauspatja-profiloitu-80-cm-levea\/","url_meta":{"origin":24316,"position":5},"title":"EDEN 1 -petauspatja 80x200x5 cm","author":"petri","date":"September 14, 2019","format":false,"excerpt":"Hilding Andersin Suomessa valmistamassa petauspatjassa on kaunis valkoinen joustokangasp\u00e4\u00e4llinen.","rel":"","context":"Similar post","block_context":{"text":"Similar post","link":""},"img":{"alt_text":"Eden 1-petauspatja 90x200x5cm","src":"https:\/\/i0.wp.com\/pohjanmaantehtaanmyymala.fi\/wp-content\/uploads\/2019\/09\/Eden_1-petauspatja_90x200x5cm.jpg?fit=1200%2C1200&ssl=1&resize=350%2C200","width":350,"height":200,"srcset":"https:\/\/i0.wp.com\/pohjanmaantehtaanmyymala.fi\/wp-content\/uploads\/2019\/09\/Eden_1-petauspatja_90x200x5cm.jpg?fit=1200%2C1200&ssl=1&resize=350%2C200 1x, https:\/\/i0.wp.com\/pohjanmaantehtaanmyymala.fi\/wp-content\/uploads\/2019\/09\/Eden_1-petauspatja_90x200x5cm.jpg?fit=1200%2C1200&ssl=1&resize=525%2C300 1.5x, https:\/\/i0.wp.com\/pohjanmaantehtaanmyymala.fi\/wp-content\/uploads\/2019\/09\/Eden_1-petauspatja_90x200x5cm.jpg?fit=1200%2C1200&ssl=1&resize=700%2C400 2x, https:\/\/i0.wp.com\/pohjanmaantehtaanmyymala.fi\/wp-content\/uploads\/2019\/09\/Eden_1-petauspatja_90x200x5cm.jpg?fit=1200%2C1200&ssl=1&resize=1050%2C600 3x"},"classes":[]}],"_links":{"self":[{"href":"https:\/\/pohjanmaantehtaanmyymala.fi\/en\/wp-json\/wp\/v2\/product\/24316","targetHints":{"allow":["GET"]}}],"collection":[{"href":"https:\/\/pohjanmaantehtaanmyymala.fi\/en\/wp-json\/wp\/v2\/product"}],"about":[{"href":"https:\/\/pohjanmaantehtaanmyymala.fi\/en\/wp-json\/wp\/v2\/types\/product"}],"replies":[{"embeddable":true,"href":"https:\/\/pohjanmaantehtaanmyymala.fi\/en\/wp-json\/wp\/v2\/comments?post=24316"}],"wp:featuredmedia":[{"embeddable":true,"href":"https:\/\/pohjanmaantehtaanmyymala.fi\/en\/wp-json\/wp\/v2\/media\/24317"}],"wp:attachment":[{"href":"https:\/\/pohjanmaantehtaanmyymala.fi\/en\/wp-json\/wp\/v2\/media?parent=24316"}],"wp:term":[{"taxonomy":"product_brand","embeddable":true,"href":"https:\/\/pohjanmaantehtaanmyymala.fi\/en\/wp-json\/wp\/v2\/product_brand?post=24316"},{"taxonomy":"product_cat","embeddable":true,"href":"https:\/\/pohjanmaantehtaanmyymala.fi\/en\/wp-json\/wp\/v2\/product_cat?post=24316"},{"taxonomy":"product_tag","embeddable":true,"href":"https:\/\/pohjanmaantehtaanmyymala.fi\/en\/wp-json\/wp\/v2\/product_tag?post=24316"}],"curies":[{"name":"wp","href":"https:\/\/api.w.org\/{rel}","templated":true}]}}