{"id":24217,"date":"2023-11-22T17:48:08","date_gmt":"2023-11-22T15:48:08","guid":{"rendered":"https:\/\/pohjanmaantehtaanmyymala.fi\/?post_type=product&#038;p=24217"},"modified":"2024-03-20T13:53:04","modified_gmt":"2024-03-20T11:53:04","slug":"texas-tuoli-musta","status":"publish","type":"product","link":"https:\/\/pohjanmaantehtaanmyymala.fi\/en\/tuote\/texas-tuoli-musta\/","title":{"rendered":"Texas tuoli musta POISTO!"},"content":{"rendered":"<p>Texas on tyylik\u00e4s muovirunkoinen keitti\u00f6n tuoli keinonahkaistuimella ja puisella jalalla.<\/p>\n<p>Rajoitettu er\u00e4! Kysy tuolin saatavuuttaa <a href=\"https:\/\/pohjanmaantehtaanmyymala.fi\/yhteys\/\">myynist\u00e4mme.<\/a><\/p>\n<p>Tuoli k\u00e4y hyvin vaikka <a href=\"https:\/\/pohjanmaantehtaanmyymala.fi\/tuote\/siera-poyta-pyorea-o-120-cm-musta\/\">Siera p\u00f6yd\u00e4n<\/a> kanssa.<\/p>\n<h3>Tuotetiedot:<\/h3>\n<p>Istuinkorkeus 45 cm.<\/p>\n<p>Istuinosa muottiin valettua muovia, vaahtomuovipehmuste, istuinp\u00e4\u00e4llinen keinonahkaa.<br \/>\nJalkaosa massiivipuuta\/ metallia.<br \/>\nToimitetaan jalat irrallaan.<\/p>\n<table id=\"product-attribute-specs-table\" class=\"data-table\">\n<tbody>\n<tr class=\"even\">\n<th class=\"label\">Leveys<\/th>\n<td class=\"data last\">46 cm<\/td>\n<\/tr>\n<tr class=\"odd\">\n<th class=\"label\">Korkeus<\/th>\n<td class=\"data last\">80 cm<\/td>\n<\/tr>\n<tr class=\"last even\">\n<th class=\"label\">Syvyys<\/th>\n<td class=\"data last\">54 cm<\/td>\n<\/tr>\n<\/tbody>\n<\/table>\n<p>&nbsp;<\/p>\n<p>&nbsp;<\/p>\n<p>&nbsp;<\/p>\n","protected":false},"excerpt":{"rendered":"<p>Texas on tyylik\u00e4s muovirunkoinen keitti\u00f6n tuoli keinonahkaistuimella ja puisella jalalla. Rajoitettu er\u00e4! Kysy tuolin saatavuuttaa myynist\u00e4mme. Tuoli k\u00e4y hyvin vaikka Siera p\u00f6yd\u00e4n kanssa. Tuotetiedot: Istuinkorkeus 45 cm. Istuinosa muottiin valettua muovia, vaahtomuovipehmuste, istuinp\u00e4\u00e4llinen keinonahkaa. Jalkaosa massiivipuuta\/ metallia. Toimitetaan jalat irrallaan. Leveys 46 cm Korkeus 80 cm Syvyys 54 cm &nbsp; &nbsp; &nbsp;<\/p>\n","protected":false},"featured_media":24218,"comment_status":"closed","ping_status":"closed","template":"","meta":{"_acf_changed":false,"jetpack_post_was_ever_published":false,"jetpack_publicize_message":"","jetpack_publicize_feature_enabled":true,"jetpack_social_post_already_shared":true,"jetpack_social_options":{"image_generator_settings":{"template":"highway","default_image_id":0,"font":"","enabled":false},"version":2}},"product_brand":[211],"product_cat":[213,194],"product_tag":[],"class_list":{"0":"post-24217","1":"product","2":"type-product","3":"status-publish","4":"has-post-thumbnail","6":"product_brand-tenstar","7":"product_cat-outlet","8":"product_cat-ruokapoydat-ja-tuolit","9":"product_shipping_class-161","11":"first","12":"instock","13":"sale","14":"purchasable","15":"product-type-simple"},"acf":[],"jetpack_publicize_connections":[],"jetpack_sharing_enabled":true,"jetpack-related-posts":[{"id":19758,"url":"https:\/\/pohjanmaantehtaanmyymala.fi\/en\/tuote\/norwell-tuoli\/","url_meta":{"origin":24217,"position":0},"title":"NORWELL tuoli","author":"Sami Viitala","date":"February 14, 2022","format":false,"excerpt":"Rowicon tyylik\u00e4s tuoli py\u00f6riv\u00e4ll\u00e4 jalalla.","rel":"","context":"Similar post","block_context":{"text":"Similar post","link":""},"img":{"alt_text":"Rowico Norwell tuolit beige ja harmaa","src":"https:\/\/i0.wp.com\/pohjanmaantehtaanmyymala.fi\/wp-content\/uploads\/2022\/02\/Rowico-Norwell-tuoli-harmaa-beige.jpg?fit=960%2C960&ssl=1&resize=350%2C200","width":350,"height":200,"srcset":"https:\/\/i0.wp.com\/pohjanmaantehtaanmyymala.fi\/wp-content\/uploads\/2022\/02\/Rowico-Norwell-tuoli-harmaa-beige.jpg?fit=960%2C960&ssl=1&resize=350%2C200 1x, https:\/\/i0.wp.com\/pohjanmaantehtaanmyymala.fi\/wp-content\/uploads\/2022\/02\/Rowico-Norwell-tuoli-harmaa-beige.jpg?fit=960%2C960&ssl=1&resize=525%2C300 1.5x, https:\/\/i0.wp.com\/pohjanmaantehtaanmyymala.fi\/wp-content\/uploads\/2022\/02\/Rowico-Norwell-tuoli-harmaa-beige.jpg?fit=960%2C960&ssl=1&resize=700%2C400 2x"},"classes":[]},{"id":18818,"url":"https:\/\/pohjanmaantehtaanmyymala.fi\/en\/tuote\/harbo-tuoli-pyoriva-musta\/","url_meta":{"origin":24217,"position":1},"title":"Harbo -tuoli py\u00f6riv\u00e4, ruskea","author":"Sami Viitala","date":"November 5, 2021","format":false,"excerpt":"Py\u00f6riv\u00e4 keitti\u00f6n tuoli House Nordicilta.","rel":"","context":"Similar post","block_context":{"text":"Similar post","link":""},"img":{"alt_text":"Hasbo-tuoli py\u00f6riv\u00e4 ruskea mustat jalat","src":"https:\/\/i0.wp.com\/pohjanmaantehtaanmyymala.fi\/wp-content\/uploads\/2021\/11\/1001168.jpg?fit=1200%2C1200&ssl=1&resize=350%2C200","width":350,"height":200,"srcset":"https:\/\/i0.wp.com\/pohjanmaantehtaanmyymala.fi\/wp-content\/uploads\/2021\/11\/1001168.jpg?fit=1200%2C1200&ssl=1&resize=350%2C200 1x, https:\/\/i0.wp.com\/pohjanmaantehtaanmyymala.fi\/wp-content\/uploads\/2021\/11\/1001168.jpg?fit=1200%2C1200&ssl=1&resize=525%2C300 1.5x, https:\/\/i0.wp.com\/pohjanmaantehtaanmyymala.fi\/wp-content\/uploads\/2021\/11\/1001168.jpg?fit=1200%2C1200&ssl=1&resize=700%2C400 2x, https:\/\/i0.wp.com\/pohjanmaantehtaanmyymala.fi\/wp-content\/uploads\/2021\/11\/1001168.jpg?fit=1200%2C1200&ssl=1&resize=1050%2C600 3x"},"classes":[]},{"id":18990,"url":"https:\/\/pohjanmaantehtaanmyymala.fi\/en\/tuote\/harbo-tuoli-vihrea-samettikangas\/","url_meta":{"origin":24217,"position":2},"title":"Harbo -tuoli, vihre\u00e4 samettikangas","author":"Sami Viitala","date":"November 10, 2021","format":false,"excerpt":"Siro ja kevyt tuoli House Nordicilta. Valitse v\u00e4ri alta!","rel":"","context":"Similar post","block_context":{"text":"Similar post","link":""},"img":{"alt_text":"Harbo tuoli vihre\u00e4 samettikangas mustat jalat","src":"https:\/\/i0.wp.com\/pohjanmaantehtaanmyymala.fi\/wp-content\/uploads\/2021\/11\/Harbo-vihrea-tuoli-1001155.jpg?fit=1000%2C1000&ssl=1&resize=350%2C200","width":350,"height":200,"srcset":"https:\/\/i0.wp.com\/pohjanmaantehtaanmyymala.fi\/wp-content\/uploads\/2021\/11\/Harbo-vihrea-tuoli-1001155.jpg?fit=1000%2C1000&ssl=1&resize=350%2C200 1x, https:\/\/i0.wp.com\/pohjanmaantehtaanmyymala.fi\/wp-content\/uploads\/2021\/11\/Harbo-vihrea-tuoli-1001155.jpg?fit=1000%2C1000&ssl=1&resize=525%2C300 1.5x, https:\/\/i0.wp.com\/pohjanmaantehtaanmyymala.fi\/wp-content\/uploads\/2021\/11\/Harbo-vihrea-tuoli-1001155.jpg?fit=1000%2C1000&ssl=1&resize=700%2C400 2x"},"classes":[]},{"id":20535,"url":"https:\/\/pohjanmaantehtaanmyymala.fi\/en\/tuote\/house-nordic-trieste-tuoli-luonnonvari\/","url_meta":{"origin":24217,"position":3},"title":"House Nordic Trieste tuoli luonnonv\u00e4ri","author":"Sami Viitala","date":"May 3, 2022","format":false,"excerpt":"Upea polyrottinkinen nojatuoli pehmusteella ja metalli jalalla.","rel":"","context":"Similar post","block_context":{"text":"Similar post","link":""},"img":{"alt_text":"House Nordic Trieste tuoli luonnonv\u00e4ri mustalla jalalla","src":"https:\/\/i0.wp.com\/pohjanmaantehtaanmyymala.fi\/wp-content\/uploads\/2022\/05\/Trieste-tuoli.jpg?fit=960%2C960&ssl=1&resize=350%2C200","width":350,"height":200,"srcset":"https:\/\/i0.wp.com\/pohjanmaantehtaanmyymala.fi\/wp-content\/uploads\/2022\/05\/Trieste-tuoli.jpg?fit=960%2C960&ssl=1&resize=350%2C200 1x, https:\/\/i0.wp.com\/pohjanmaantehtaanmyymala.fi\/wp-content\/uploads\/2022\/05\/Trieste-tuoli.jpg?fit=960%2C960&ssl=1&resize=525%2C300 1.5x, https:\/\/i0.wp.com\/pohjanmaantehtaanmyymala.fi\/wp-content\/uploads\/2022\/05\/Trieste-tuoli.jpg?fit=960%2C960&ssl=1&resize=700%2C400 2x"},"classes":[]},{"id":18799,"url":"https:\/\/pohjanmaantehtaanmyymala.fi\/en\/tuote\/stockholm-tuoli-roosa\/","url_meta":{"origin":24217,"position":4},"title":"Stockholm &#8211; tuoli, roosa","author":"Sami Viitala","date":"November 5, 2021","format":false,"excerpt":"Edullinen tuoli House Nordicilta.","rel":"","context":"Similar post","block_context":{"text":"Similar post","link":""},"img":{"alt_text":"House Nordic Stocholm-tuoli roosa ty\u00f6huoneessa","src":"https:\/\/i0.wp.com\/pohjanmaantehtaanmyymala.fi\/wp-content\/uploads\/2021\/11\/Stockoholm-tuoli-miljoo-1001122.jpg?fit=1000%2C1000&ssl=1&resize=350%2C200","width":350,"height":200,"srcset":"https:\/\/i0.wp.com\/pohjanmaantehtaanmyymala.fi\/wp-content\/uploads\/2021\/11\/Stockoholm-tuoli-miljoo-1001122.jpg?fit=1000%2C1000&ssl=1&resize=350%2C200 1x, https:\/\/i0.wp.com\/pohjanmaantehtaanmyymala.fi\/wp-content\/uploads\/2021\/11\/Stockoholm-tuoli-miljoo-1001122.jpg?fit=1000%2C1000&ssl=1&resize=525%2C300 1.5x, https:\/\/i0.wp.com\/pohjanmaantehtaanmyymala.fi\/wp-content\/uploads\/2021\/11\/Stockoholm-tuoli-miljoo-1001122.jpg?fit=1000%2C1000&ssl=1&resize=700%2C400 2x"},"classes":[]},{"id":19007,"url":"https:\/\/pohjanmaantehtaanmyymala.fi\/en\/tuote\/harbo-tuoli-sininen-samettikangas\/","url_meta":{"origin":24217,"position":5},"title":"Harbo -tuoli, sininen samettikangas","author":"Sami Viitala","date":"November 10, 2021","format":false,"excerpt":"Siro ja kevyt tuoli House Nordicilta.","rel":"","context":"Similar post","block_context":{"text":"Similar post","link":""},"img":{"alt_text":"Harbo-tuoli sininen sametti","src":"https:\/\/i0.wp.com\/pohjanmaantehtaanmyymala.fi\/wp-content\/uploads\/2021\/11\/Harbo-tuoli-sininen-1001158.jpg?fit=1200%2C1200&ssl=1&resize=350%2C200","width":350,"height":200,"srcset":"https:\/\/i0.wp.com\/pohjanmaantehtaanmyymala.fi\/wp-content\/uploads\/2021\/11\/Harbo-tuoli-sininen-1001158.jpg?fit=1200%2C1200&ssl=1&resize=350%2C200 1x, https:\/\/i0.wp.com\/pohjanmaantehtaanmyymala.fi\/wp-content\/uploads\/2021\/11\/Harbo-tuoli-sininen-1001158.jpg?fit=1200%2C1200&ssl=1&resize=525%2C300 1.5x, https:\/\/i0.wp.com\/pohjanmaantehtaanmyymala.fi\/wp-content\/uploads\/2021\/11\/Harbo-tuoli-sininen-1001158.jpg?fit=1200%2C1200&ssl=1&resize=700%2C400 2x, https:\/\/i0.wp.com\/pohjanmaantehtaanmyymala.fi\/wp-content\/uploads\/2021\/11\/Harbo-tuoli-sininen-1001158.jpg?fit=1200%2C1200&ssl=1&resize=1050%2C600 3x"},"classes":[]}],"_links":{"self":[{"href":"https:\/\/pohjanmaantehtaanmyymala.fi\/en\/wp-json\/wp\/v2\/product\/24217","targetHints":{"allow":["GET"]}}],"collection":[{"href":"https:\/\/pohjanmaantehtaanmyymala.fi\/en\/wp-json\/wp\/v2\/product"}],"about":[{"href":"https:\/\/pohjanmaantehtaanmyymala.fi\/en\/wp-json\/wp\/v2\/types\/product"}],"replies":[{"embeddable":true,"href":"https:\/\/pohjanmaantehtaanmyymala.fi\/en\/wp-json\/wp\/v2\/comments?post=24217"}],"wp:featuredmedia":[{"embeddable":true,"href":"https:\/\/pohjanmaantehtaanmyymala.fi\/en\/wp-json\/wp\/v2\/media\/24218"}],"wp:attachment":[{"href":"https:\/\/pohjanmaantehtaanmyymala.fi\/en\/wp-json\/wp\/v2\/media?parent=24217"}],"wp:term":[{"taxonomy":"product_brand","embeddable":true,"href":"https:\/\/pohjanmaantehtaanmyymala.fi\/en\/wp-json\/wp\/v2\/product_brand?post=24217"},{"taxonomy":"product_cat","embeddable":true,"href":"https:\/\/pohjanmaantehtaanmyymala.fi\/en\/wp-json\/wp\/v2\/product_cat?post=24217"},{"taxonomy":"product_tag","embeddable":true,"href":"https:\/\/pohjanmaantehtaanmyymala.fi\/en\/wp-json\/wp\/v2\/product_tag?post=24217"}],"curies":[{"name":"wp","href":"https:\/\/api.w.org\/{rel}","templated":true}]}}