{"id":24134,"date":"2023-11-17T15:49:32","date_gmt":"2023-11-17T13:49:32","guid":{"rendered":"https:\/\/pohjanmaantehtaanmyymala.fi\/?post_type=product&#038;p=24134"},"modified":"2026-04-02T13:04:25","modified_gmt":"2026-04-02T11:04:25","slug":"dione-easy-care-matto-200x290-cm","status":"publish","type":"product","link":"https:\/\/pohjanmaantehtaanmyymala.fi\/en\/tuote\/dione-easy-care-matto-200x290-cm\/","title":{"rendered":"Dione easy care matto 200&#215;290 cm"},"content":{"rendered":"<p>Dione Easy Care on pehme\u00e4pintainen, likaa hylkiv\u00e4 ja siten helppohoitonen matto vaativampaankin k\u00e4ytt\u00f6\u00f6n. Matto on my\u00f6s p\u00f6ly\u00e4m\u00e4t\u00f6n, eli antistaattinen, joten se sopii my\u00f6s p\u00f6lyallergikoille. Maton anti-slip-pohjaus tekee matosta luistamattoman jalan alla. Matto k\u00e4y my\u00f6s lattial\u00e4mmityksen kanssa. Matto on vesipest\u00e4v\u00e4, max. 30\u009d C\u00b0 pesu. Matossa on lis\u00e4ksi hyv\u00e4 valonkesto, joten se s\u00e4ilytt\u00e4\u00e4 v\u00e4rins\u00e4 v\u00e4h\u00e4n aurinkoisemmassakin paikassa ollessa.<\/p>\n<p>Easy Care matot ovat nanoteknologiaan perustuvia likaa hylkivi\u00e4 mattoja.<\/p>\n<p>Mattoa on saatavana kahdella eri v\u00e4rill\u00e4 ja my\u00f6s 160&#215;230 cm:n koossa.<\/p>\n","protected":false},"excerpt":{"rendered":"<p>Helppohoitoinen matto kovaankin k\u00e4ytt\u00f6\u00f6n.<\/p>\n","protected":false},"featured_media":24152,"comment_status":"closed","ping_status":"closed","template":"","meta":{"_acf_changed":false,"jetpack_post_was_ever_published":false,"jetpack_publicize_message":"","jetpack_publicize_feature_enabled":true,"jetpack_social_post_already_shared":true,"jetpack_social_options":{"image_generator_settings":{"template":"highway","default_image_id":0,"font":"","enabled":false},"version":2}},"product_brand":[243],"product_cat":[210],"product_tag":[],"class_list":{"0":"post-24134","1":"product","2":"type-product","3":"status-publish","4":"has-post-thumbnail","6":"product_brand-villages","7":"product_cat-matot","8":"pa_vari-harmaa","9":"pa_vari-taupe","11":"first","12":"onbackorder","13":"sale","14":"shipping-taxable","15":"purchasable","16":"product-type-variable","17":"has-default-attributes"},"acf":[],"jetpack_publicize_connections":[],"jetpack_sharing_enabled":true,"jetpack-related-posts":[{"id":24164,"url":"https:\/\/pohjanmaantehtaanmyymala.fi\/en\/tuote\/dione-easy-care-matto-160x230-cm\/","url_meta":{"origin":24134,"position":0},"title":"Dione easy care matto 160&#215;230 cm","author":"Sami Viitala","date":"November 17, 2023","format":false,"excerpt":"Easy Care matto on nanoteknologiaan perustuva likaa hylkiv\u00e4 mattosarja.","rel":"","context":"Similar post","block_context":{"text":"Similar post","link":""},"img":{"alt_text":"Dione matto taupe 160x230 cm olohoneessa","src":"https:\/\/i0.wp.com\/pohjanmaantehtaanmyymala.fi\/wp-content\/uploads\/2023\/11\/Dione_taupe_villages-_matto4.jpg?fit=960%2C960&ssl=1&resize=350%2C200","width":350,"height":200,"srcset":"https:\/\/i0.wp.com\/pohjanmaantehtaanmyymala.fi\/wp-content\/uploads\/2023\/11\/Dione_taupe_villages-_matto4.jpg?fit=960%2C960&ssl=1&resize=350%2C200 1x, https:\/\/i0.wp.com\/pohjanmaantehtaanmyymala.fi\/wp-content\/uploads\/2023\/11\/Dione_taupe_villages-_matto4.jpg?fit=960%2C960&ssl=1&resize=525%2C300 1.5x, https:\/\/i0.wp.com\/pohjanmaantehtaanmyymala.fi\/wp-content\/uploads\/2023\/11\/Dione_taupe_villages-_matto4.jpg?fit=960%2C960&ssl=1&resize=700%2C400 2x"},"classes":[]},{"id":19905,"url":"https:\/\/pohjanmaantehtaanmyymala.fi\/en\/tuote\/carissa-easy-care-matto-160x230-cm\/","url_meta":{"origin":24134,"position":1},"title":"Carissa easy care matto 160&#215;230 cm","author":"Sami Viitala","date":"February 25, 2022","format":false,"excerpt":"Easy Care matto on nanoteknologiaan perustuva likaa hylkiv\u00e4 mattosarja.","rel":"","context":"Similar post","block_context":{"text":"Similar post","link":""},"img":{"alt_text":"Carissa Easy care matto okra milj\u00f6\u00f6","src":"https:\/\/i0.wp.com\/pohjanmaantehtaanmyymala.fi\/wp-content\/uploads\/2022\/02\/Carissa_okra_villages-5.jpg?fit=768%2C768&ssl=1&resize=350%2C200","width":350,"height":200,"srcset":"https:\/\/i0.wp.com\/pohjanmaantehtaanmyymala.fi\/wp-content\/uploads\/2022\/02\/Carissa_okra_villages-5.jpg?fit=768%2C768&ssl=1&resize=350%2C200 1x, https:\/\/i0.wp.com\/pohjanmaantehtaanmyymala.fi\/wp-content\/uploads\/2022\/02\/Carissa_okra_villages-5.jpg?fit=768%2C768&ssl=1&resize=525%2C300 1.5x, https:\/\/i0.wp.com\/pohjanmaantehtaanmyymala.fi\/wp-content\/uploads\/2022\/02\/Carissa_okra_villages-5.jpg?fit=768%2C768&ssl=1&resize=700%2C400 2x"},"classes":[]},{"id":18164,"url":"https:\/\/pohjanmaantehtaanmyymala.fi\/en\/tuote\/vm-carpet-tunturi-matto\/","url_meta":{"origin":24134,"position":2},"title":"VM Carpet Tunturi-matto","author":"Sami Viitala","date":"September 30, 2021","format":false,"excerpt":"Laadukas paperinaru-villamatto kodin oleskelu- ja julkisiin tiloihin.","rel":"","context":"Similar post","block_context":{"text":"Similar post","link":""},"img":{"alt_text":"","src":"https:\/\/i0.wp.com\/pohjanmaantehtaanmyymala.fi\/wp-content\/uploads\/2021\/09\/Tunturi-detalji-pien.jpg?fit=960%2C960&ssl=1&resize=350%2C200","width":350,"height":200,"srcset":"https:\/\/i0.wp.com\/pohjanmaantehtaanmyymala.fi\/wp-content\/uploads\/2021\/09\/Tunturi-detalji-pien.jpg?fit=960%2C960&ssl=1&resize=350%2C200 1x, https:\/\/i0.wp.com\/pohjanmaantehtaanmyymala.fi\/wp-content\/uploads\/2021\/09\/Tunturi-detalji-pien.jpg?fit=960%2C960&ssl=1&resize=525%2C300 1.5x, https:\/\/i0.wp.com\/pohjanmaantehtaanmyymala.fi\/wp-content\/uploads\/2021\/09\/Tunturi-detalji-pien.jpg?fit=960%2C960&ssl=1&resize=700%2C400 2x"},"classes":[]},{"id":18277,"url":"https:\/\/pohjanmaantehtaanmyymala.fi\/en\/tuote\/vm-carpet-rustiikki-matto\/","url_meta":{"origin":24134,"position":3},"title":"VM Carpet Rustiikki-matto","author":"Sami Viitala","date":"October 4, 2021","format":false,"excerpt":"Monivivahteiset v\u00e4rit ovat antavat t\u00e4lle matolle todellista luonnetta.","rel":"","context":"Similar post","block_context":{"text":"Similar post","link":""},"img":{"alt_text":"VM Capet Rustiikki-matto sininen kavilassa","src":"https:\/\/i0.wp.com\/pohjanmaantehtaanmyymala.fi\/wp-content\/uploads\/2021\/10\/Rustiikki-matto-sininen.jpg?fit=960%2C960&ssl=1&resize=350%2C200","width":350,"height":200,"srcset":"https:\/\/i0.wp.com\/pohjanmaantehtaanmyymala.fi\/wp-content\/uploads\/2021\/10\/Rustiikki-matto-sininen.jpg?fit=960%2C960&ssl=1&resize=350%2C200 1x, https:\/\/i0.wp.com\/pohjanmaantehtaanmyymala.fi\/wp-content\/uploads\/2021\/10\/Rustiikki-matto-sininen.jpg?fit=960%2C960&ssl=1&resize=525%2C300 1.5x, https:\/\/i0.wp.com\/pohjanmaantehtaanmyymala.fi\/wp-content\/uploads\/2021\/10\/Rustiikki-matto-sininen.jpg?fit=960%2C960&ssl=1&resize=700%2C400 2x"},"classes":[]},{"id":18254,"url":"https:\/\/pohjanmaantehtaanmyymala.fi\/en\/tuote\/vm-carpet-tessa-matto\/","url_meta":{"origin":24134,"position":4},"title":"VM Carpet Basaltti-matto","author":"Sami Viitala","date":"October 4, 2021","format":false,"excerpt":"Upea el\u00e4v\u00e4pintainen nukkamatto.","rel":"","context":"Similar post","block_context":{"text":"Similar post","link":""},"img":{"alt_text":"Vm Carpetin mahongin v\u00e4rinen Basaltti matto ruokailutilassa","src":"https:\/\/i0.wp.com\/pohjanmaantehtaanmyymala.fi\/wp-content\/uploads\/2021\/10\/Basaltti-mahonki-300-miljoo.jpg?fit=960%2C960&ssl=1&resize=350%2C200","width":350,"height":200,"srcset":"https:\/\/i0.wp.com\/pohjanmaantehtaanmyymala.fi\/wp-content\/uploads\/2021\/10\/Basaltti-mahonki-300-miljoo.jpg?fit=960%2C960&ssl=1&resize=350%2C200 1x, https:\/\/i0.wp.com\/pohjanmaantehtaanmyymala.fi\/wp-content\/uploads\/2021\/10\/Basaltti-mahonki-300-miljoo.jpg?fit=960%2C960&ssl=1&resize=525%2C300 1.5x, https:\/\/i0.wp.com\/pohjanmaantehtaanmyymala.fi\/wp-content\/uploads\/2021\/10\/Basaltti-mahonki-300-miljoo.jpg?fit=960%2C960&ssl=1&resize=700%2C400 2x"},"classes":[]},{"id":24449,"url":"https:\/\/pohjanmaantehtaanmyymala.fi\/en\/tuote\/jasmin-matto-o-160-cm\/","url_meta":{"origin":24134,"position":5},"title":"Jasmin py\u00f6re\u00e4 matto \u00d8 160 cm","author":"Sami Viitala","date":"December 5, 2023","format":false,"excerpt":"Kaunis sikkisentuntuinen nukkamatto. Valitse v\u00e4ri!","rel":"","context":"Similar post","block_context":{"text":"Similar post","link":""},"img":{"alt_text":"Villages Jasmine matto py\u00f6re\u00e4 160 cm valkoinen","src":"https:\/\/i0.wp.com\/pohjanmaantehtaanmyymala.fi\/wp-content\/uploads\/2023\/12\/Jasmine_valk_pyorea_detalje.jpg?fit=960%2C960&ssl=1&resize=350%2C200","width":350,"height":200,"srcset":"https:\/\/i0.wp.com\/pohjanmaantehtaanmyymala.fi\/wp-content\/uploads\/2023\/12\/Jasmine_valk_pyorea_detalje.jpg?fit=960%2C960&ssl=1&resize=350%2C200 1x, https:\/\/i0.wp.com\/pohjanmaantehtaanmyymala.fi\/wp-content\/uploads\/2023\/12\/Jasmine_valk_pyorea_detalje.jpg?fit=960%2C960&ssl=1&resize=525%2C300 1.5x, https:\/\/i0.wp.com\/pohjanmaantehtaanmyymala.fi\/wp-content\/uploads\/2023\/12\/Jasmine_valk_pyorea_detalje.jpg?fit=960%2C960&ssl=1&resize=700%2C400 2x"},"classes":[]}],"_links":{"self":[{"href":"https:\/\/pohjanmaantehtaanmyymala.fi\/en\/wp-json\/wp\/v2\/product\/24134","targetHints":{"allow":["GET"]}}],"collection":[{"href":"https:\/\/pohjanmaantehtaanmyymala.fi\/en\/wp-json\/wp\/v2\/product"}],"about":[{"href":"https:\/\/pohjanmaantehtaanmyymala.fi\/en\/wp-json\/wp\/v2\/types\/product"}],"replies":[{"embeddable":true,"href":"https:\/\/pohjanmaantehtaanmyymala.fi\/en\/wp-json\/wp\/v2\/comments?post=24134"}],"wp:featuredmedia":[{"embeddable":true,"href":"https:\/\/pohjanmaantehtaanmyymala.fi\/en\/wp-json\/wp\/v2\/media\/24152"}],"wp:attachment":[{"href":"https:\/\/pohjanmaantehtaanmyymala.fi\/en\/wp-json\/wp\/v2\/media?parent=24134"}],"wp:term":[{"taxonomy":"product_brand","embeddable":true,"href":"https:\/\/pohjanmaantehtaanmyymala.fi\/en\/wp-json\/wp\/v2\/product_brand?post=24134"},{"taxonomy":"product_cat","embeddable":true,"href":"https:\/\/pohjanmaantehtaanmyymala.fi\/en\/wp-json\/wp\/v2\/product_cat?post=24134"},{"taxonomy":"product_tag","embeddable":true,"href":"https:\/\/pohjanmaantehtaanmyymala.fi\/en\/wp-json\/wp\/v2\/product_tag?post=24134"}],"curies":[{"name":"wp","href":"https:\/\/api.w.org\/{rel}","templated":true}]}}