{"id":24017,"date":"2023-11-14T15:48:16","date_gmt":"2023-11-14T13:48:16","guid":{"rendered":"https:\/\/pohjanmaantehtaanmyymala.fi\/?post_type=product&#038;p=24017"},"modified":"2025-07-11T14:29:07","modified_gmt":"2025-07-11T12:29:07","slug":"pohjanmaan-lilja-pinnatuoli-koivu-lv","status":"publish","type":"product","link":"https:\/\/pohjanmaantehtaanmyymala.fi\/en\/tuote\/pohjanmaan-lilja-pinnatuoli-koivu-lv\/","title":{"rendered":"Pohjanmaan LILJA -pinnatuoli koivu lv"},"content":{"rendered":"<p>Kaunis massiivikoivusta valmistettu Lilja -pinnatuoli lakattuna. Lilja tuoli on hyv\u00e4 istua ja se sopii yhteen eri mallisten ruokap\u00f6ytien kanssa. Kaunis Lilja -tuoli k\u00e4y my\u00f6s sellaisenaan yksitt\u00e4iseksi istuimeksi vaikka makuuhuoneeseen. Lilja tuoli sopii my\u00f6s ravintolak\u00e4ytt\u00f6\u00f6n rakenteensa vuoksi.<\/p>\n<p>Kysy tarjousta isommista m\u00e4\u00e4rist\u00e4!<\/p>\n<p>Kysy lis\u00e4tietoa <a href=\"https:\/\/pohjanmaantehtaanmyymala.fi\/yhteys\/\">myynnist\u00e4mme!<\/a><\/p>\n<p>Tuolia on saatavilla my\u00f6s muilla v\u00e4reill\u00e4. <a href=\"https:\/\/pohjanmaantehtaanmyymala.fi\/?s=lilja+pinnatuoli&amp;post_type=product\" target=\"_blank\" rel=\"noopener\">Ks. Lilja pinnatuolit!<\/a><\/p>\n<p>Tilaustuolien toimitusaika on n. 5-6 viikkoa tilauksesta.<\/p>\n<h3>Tuotetiedot:<\/h3>\n<p>-istuinleveys 41 cm. -korkeus 46 cm. -syvyys 36 cm.<br \/>\n-Leveys: 47 cm<br \/>\n-Korkeus: 85 cm<br \/>\n-Syvyys: 48 cm<br \/>\n-Materiaali: koivu<br \/>\n-V\u00e4rit: lakattu<\/p>\n<p>Toimitetaan 2 kpl:n paketissa valmiiksi kasattuna! Tuolia voi ostaa my\u00f6s yksitellen.<\/p>\n","protected":false},"excerpt":{"rendered":"<p>Tyylik\u00e4s Pohjanmaan Kalusteen pinnatuoli monenlaiseen sisustukseen.<\/p>\n","protected":false},"featured_media":24003,"comment_status":"closed","ping_status":"closed","template":"","meta":{"_acf_changed":false,"jetpack_post_was_ever_published":false,"jetpack_publicize_message":"","jetpack_publicize_feature_enabled":true,"jetpack_social_post_already_shared":true,"jetpack_social_options":{"image_generator_settings":{"template":"highway","default_image_id":0,"font":"","enabled":false},"version":2}},"product_brand":[270],"product_cat":[194],"product_tag":[240,218],"class_list":{"0":"post-24017","1":"product","2":"type-product","3":"status-publish","4":"has-post-thumbnail","6":"product_brand-pohjanmaan","7":"product_cat-ruokapoydat-ja-tuolit","8":"product_tag-pinnatuoli","9":"product_tag-pohjanmaan","10":"product_shipping_class-161","12":"first","13":"instock","14":"sale","15":"purchasable","16":"product-type-simple"},"acf":[],"jetpack_publicize_connections":[],"jetpack_sharing_enabled":true,"jetpack-related-posts":[{"id":13472,"url":"https:\/\/pohjanmaantehtaanmyymala.fi\/en\/tuote\/lilja-pinnatuoli-nordic-tammi\/","url_meta":{"origin":24017,"position":0},"title":"Pohjanmaan LILJA -pinnatuoli nordic tammi","author":"Sami Viitala","date":"September 23, 2020","format":false,"excerpt":"Tyylik\u00e4s Pohjanmaan Kalusteen pinnatuoli monenlaiseen sisustukseen.","rel":"","context":"Similar post","block_context":{"text":"Similar post","link":""},"img":{"alt_text":"Lilja pinnatuoli","src":"https:\/\/i0.wp.com\/pohjanmaantehtaanmyymala.fi\/wp-content\/uploads\/2020\/09\/Pohjanmaan_Lilja_pinnatuoli_nordic_2.jpg?fit=1200%2C1200&ssl=1&resize=350%2C200","width":350,"height":200,"srcset":"https:\/\/i0.wp.com\/pohjanmaantehtaanmyymala.fi\/wp-content\/uploads\/2020\/09\/Pohjanmaan_Lilja_pinnatuoli_nordic_2.jpg?fit=1200%2C1200&ssl=1&resize=350%2C200 1x, https:\/\/i0.wp.com\/pohjanmaantehtaanmyymala.fi\/wp-content\/uploads\/2020\/09\/Pohjanmaan_Lilja_pinnatuoli_nordic_2.jpg?fit=1200%2C1200&ssl=1&resize=525%2C300 1.5x, https:\/\/i0.wp.com\/pohjanmaantehtaanmyymala.fi\/wp-content\/uploads\/2020\/09\/Pohjanmaan_Lilja_pinnatuoli_nordic_2.jpg?fit=1200%2C1200&ssl=1&resize=700%2C400 2x, https:\/\/i0.wp.com\/pohjanmaantehtaanmyymala.fi\/wp-content\/uploads\/2020\/09\/Pohjanmaan_Lilja_pinnatuoli_nordic_2.jpg?fit=1200%2C1200&ssl=1&resize=1050%2C600 3x"},"classes":[]},{"id":23966,"url":"https:\/\/pohjanmaantehtaanmyymala.fi\/en\/tuote\/pohjanmaan-lilja-pinnatuoli-tammi-lv\/","url_meta":{"origin":24017,"position":1},"title":"Pohjanmaan LILJA -pinnatuoli tammi lv","author":"Sami Viitala","date":"November 14, 2023","format":false,"excerpt":"Kest\u00e4v\u00e4 pinnatuoli monenlaiseen sisustukseen.","rel":"","context":"Similar post","block_context":{"text":"Similar post","link":""},"img":{"alt_text":"Lilja pinnatuoli tammi lv","src":"https:\/\/i0.wp.com\/pohjanmaantehtaanmyymala.fi\/wp-content\/uploads\/2023\/11\/Pohjanmaan_Lilja_pinnatuoli__tammilv3.jpg?fit=1000%2C1034&ssl=1&resize=350%2C200","width":350,"height":200,"srcset":"https:\/\/i0.wp.com\/pohjanmaantehtaanmyymala.fi\/wp-content\/uploads\/2023\/11\/Pohjanmaan_Lilja_pinnatuoli__tammilv3.jpg?fit=1000%2C1034&ssl=1&resize=350%2C200 1x, https:\/\/i0.wp.com\/pohjanmaantehtaanmyymala.fi\/wp-content\/uploads\/2023\/11\/Pohjanmaan_Lilja_pinnatuoli__tammilv3.jpg?fit=1000%2C1034&ssl=1&resize=525%2C300 1.5x, https:\/\/i0.wp.com\/pohjanmaantehtaanmyymala.fi\/wp-content\/uploads\/2023\/11\/Pohjanmaan_Lilja_pinnatuoli__tammilv3.jpg?fit=1000%2C1034&ssl=1&resize=700%2C400 2x"},"classes":[]},{"id":20725,"url":"https:\/\/pohjanmaantehtaanmyymala.fi\/en\/tuote\/pohjanmaan-lilja-pinnatuoli-musta-tammi-kopio\/","url_meta":{"origin":24017,"position":2},"title":"Pohjanmaan LILJA -pinnatuoli musta tammi","author":"Sami Viitala","date":"July 5, 2022","format":false,"excerpt":"Tyylik\u00e4s Pohjanmaan Kalusteen pinnatuoli joka kodin sisustukseen.","rel":"","context":"Similar post","block_context":{"text":"Similar post","link":""},"img":{"alt_text":"Lilja pinna tuoli mustaksi maalattu tammi","src":"https:\/\/i0.wp.com\/pohjanmaantehtaanmyymala.fi\/wp-content\/uploads\/2022\/07\/Pohjanmaan_Lilja_pinnatuoli_mustatammi_2.jpg?fit=960%2C960&ssl=1&resize=350%2C200","width":350,"height":200,"srcset":"https:\/\/i0.wp.com\/pohjanmaantehtaanmyymala.fi\/wp-content\/uploads\/2022\/07\/Pohjanmaan_Lilja_pinnatuoli_mustatammi_2.jpg?fit=960%2C960&ssl=1&resize=350%2C200 1x, https:\/\/i0.wp.com\/pohjanmaantehtaanmyymala.fi\/wp-content\/uploads\/2022\/07\/Pohjanmaan_Lilja_pinnatuoli_mustatammi_2.jpg?fit=960%2C960&ssl=1&resize=525%2C300 1.5x, https:\/\/i0.wp.com\/pohjanmaantehtaanmyymala.fi\/wp-content\/uploads\/2022\/07\/Pohjanmaan_Lilja_pinnatuoli_mustatammi_2.jpg?fit=960%2C960&ssl=1&resize=700%2C400 2x"},"classes":[]},{"id":23149,"url":"https:\/\/pohjanmaantehtaanmyymala.fi\/en\/tuote\/pohjanmaan-lilja-pinnatuoli-nordic-koivu\/","url_meta":{"origin":24017,"position":3},"title":"Pohjanmaan LILJA -pinnatuoli nordic koivu","author":"Sami Viitala","date":"August 23, 2023","format":false,"excerpt":"Tyylik\u00e4s Pohjanmaan Kalusteen pinnatuoli monenlaiseen sisustukseen.","rel":"","context":"Similar post","block_context":{"text":"Similar post","link":""},"img":{"alt_text":"Lilja pinnatuoli kuultovalkea koivu","src":"https:\/\/i0.wp.com\/pohjanmaantehtaanmyymala.fi\/wp-content\/uploads\/2023\/08\/Pohjanmaan_Lilja_pinnatuoli_koivu_nordic.jpg?fit=960%2C960&ssl=1&resize=350%2C200","width":350,"height":200,"srcset":"https:\/\/i0.wp.com\/pohjanmaantehtaanmyymala.fi\/wp-content\/uploads\/2023\/08\/Pohjanmaan_Lilja_pinnatuoli_koivu_nordic.jpg?fit=960%2C960&ssl=1&resize=350%2C200 1x, https:\/\/i0.wp.com\/pohjanmaantehtaanmyymala.fi\/wp-content\/uploads\/2023\/08\/Pohjanmaan_Lilja_pinnatuoli_koivu_nordic.jpg?fit=960%2C960&ssl=1&resize=525%2C300 1.5x, https:\/\/i0.wp.com\/pohjanmaantehtaanmyymala.fi\/wp-content\/uploads\/2023\/08\/Pohjanmaan_Lilja_pinnatuoli_koivu_nordic.jpg?fit=960%2C960&ssl=1&resize=700%2C400 2x"},"classes":[]},{"id":15157,"url":"https:\/\/pohjanmaantehtaanmyymala.fi\/en\/tuote\/pohjanmaan-lilja-pinnatuoli-smoked-tammi\/","url_meta":{"origin":24017,"position":4},"title":"Pohjanmaan LILJA -pinnatuoli smoked tammi","author":"Sami Viitala","date":"November 13, 2020","format":false,"excerpt":"Tyylik\u00e4s Pohjanmaan Kalusteen pinnatuoli monenlaiseen sisustukseen.","rel":"","context":"Similar post","block_context":{"text":"Similar post","link":""},"img":{"alt_text":"Lilja pinnatuoli smoked ruskea","src":"https:\/\/i0.wp.com\/pohjanmaantehtaanmyymala.fi\/wp-content\/uploads\/2020\/11\/Lilja_RT_Smoked_01.jpg?fit=1200%2C1200&ssl=1&resize=350%2C200","width":350,"height":200,"srcset":"https:\/\/i0.wp.com\/pohjanmaantehtaanmyymala.fi\/wp-content\/uploads\/2020\/11\/Lilja_RT_Smoked_01.jpg?fit=1200%2C1200&ssl=1&resize=350%2C200 1x, https:\/\/i0.wp.com\/pohjanmaantehtaanmyymala.fi\/wp-content\/uploads\/2020\/11\/Lilja_RT_Smoked_01.jpg?fit=1200%2C1200&ssl=1&resize=525%2C300 1.5x, https:\/\/i0.wp.com\/pohjanmaantehtaanmyymala.fi\/wp-content\/uploads\/2020\/11\/Lilja_RT_Smoked_01.jpg?fit=1200%2C1200&ssl=1&resize=700%2C400 2x, https:\/\/i0.wp.com\/pohjanmaantehtaanmyymala.fi\/wp-content\/uploads\/2020\/11\/Lilja_RT_Smoked_01.jpg?fit=1200%2C1200&ssl=1&resize=1050%2C600 3x"},"classes":[]},{"id":26773,"url":"https:\/\/pohjanmaantehtaanmyymala.fi\/en\/tuote\/pohjanmaan-lilja-pinnatuoli-tammi-teak\/","url_meta":{"origin":24017,"position":5},"title":"Pohjanmaan LILJA -pinnatuoli tammi teak","author":"Sami Viitala","date":"April 10, 2024","format":false,"excerpt":"Kest\u00e4v\u00e4 pinnatuoli monenlaiseen sisustukseen.","rel":"","context":"Similar post","block_context":{"text":"Similar post","link":""},"img":{"alt_text":"Lilja pinnatuoli teakin v\u00e4rinen, massiivitammea","src":"https:\/\/i0.wp.com\/pohjanmaantehtaanmyymala.fi\/wp-content\/uploads\/2024\/04\/Pohjanmaan_Lilja_pinnatuoli_teak.jpg?fit=960%2C960&ssl=1&resize=350%2C200","width":350,"height":200,"srcset":"https:\/\/i0.wp.com\/pohjanmaantehtaanmyymala.fi\/wp-content\/uploads\/2024\/04\/Pohjanmaan_Lilja_pinnatuoli_teak.jpg?fit=960%2C960&ssl=1&resize=350%2C200 1x, https:\/\/i0.wp.com\/pohjanmaantehtaanmyymala.fi\/wp-content\/uploads\/2024\/04\/Pohjanmaan_Lilja_pinnatuoli_teak.jpg?fit=960%2C960&ssl=1&resize=525%2C300 1.5x, https:\/\/i0.wp.com\/pohjanmaantehtaanmyymala.fi\/wp-content\/uploads\/2024\/04\/Pohjanmaan_Lilja_pinnatuoli_teak.jpg?fit=960%2C960&ssl=1&resize=700%2C400 2x"},"classes":[]}],"_links":{"self":[{"href":"https:\/\/pohjanmaantehtaanmyymala.fi\/en\/wp-json\/wp\/v2\/product\/24017","targetHints":{"allow":["GET"]}}],"collection":[{"href":"https:\/\/pohjanmaantehtaanmyymala.fi\/en\/wp-json\/wp\/v2\/product"}],"about":[{"href":"https:\/\/pohjanmaantehtaanmyymala.fi\/en\/wp-json\/wp\/v2\/types\/product"}],"replies":[{"embeddable":true,"href":"https:\/\/pohjanmaantehtaanmyymala.fi\/en\/wp-json\/wp\/v2\/comments?post=24017"}],"wp:featuredmedia":[{"embeddable":true,"href":"https:\/\/pohjanmaantehtaanmyymala.fi\/en\/wp-json\/wp\/v2\/media\/24003"}],"wp:attachment":[{"href":"https:\/\/pohjanmaantehtaanmyymala.fi\/en\/wp-json\/wp\/v2\/media?parent=24017"}],"wp:term":[{"taxonomy":"product_brand","embeddable":true,"href":"https:\/\/pohjanmaantehtaanmyymala.fi\/en\/wp-json\/wp\/v2\/product_brand?post=24017"},{"taxonomy":"product_cat","embeddable":true,"href":"https:\/\/pohjanmaantehtaanmyymala.fi\/en\/wp-json\/wp\/v2\/product_cat?post=24017"},{"taxonomy":"product_tag","embeddable":true,"href":"https:\/\/pohjanmaantehtaanmyymala.fi\/en\/wp-json\/wp\/v2\/product_tag?post=24017"}],"curies":[{"name":"wp","href":"https:\/\/api.w.org\/{rel}","templated":true}]}}