{"id":23869,"date":"2023-10-02T11:41:28","date_gmt":"2023-10-02T09:41:28","guid":{"rendered":"https:\/\/pohjanmaantehtaanmyymala.fi\/?post_type=product&#038;p=23869"},"modified":"2025-09-12T12:07:07","modified_gmt":"2025-09-12T10:07:07","slug":"sheraton-2-istuttava-sohva","status":"publish","type":"product","link":"https:\/\/pohjanmaantehtaanmyymala.fi\/en\/tuote\/sheraton-2-istuttava-sohva\/","title":{"rendered":"SHERATON 2-istuttava sohva"},"content":{"rendered":"<p>Sheraton 2-istuttava sohva on tyylik\u00e4s ja tilava sohva, joka sopii niin moderniin kuin klassiseenkin sisustukseen. Sohva on k\u00e4sity\u00f6n\u00e4 valmistettu, ja sen sis\u00e4lt\u00e4 l\u00f6ytyy kest\u00e4v\u00e4, massiivipuinen runko, jolle Pohjanmaan Kaluste oy tarjoaa 20 vuoden runkotakuun. Sohvan verhoilu on pehme\u00e4 ja likaahylkiv\u00e4 Lauritzonin HaliHali-kangas, joka on saatavana useissa eri v\u00e4reiss\u00e4. Sohvassa on muhkeat istuin- ja selk\u00e4tyynyt, jotka tarjoavat loistavan istuintuntuman ja mukavuuden. Sohvassa on my\u00f6s leve\u00e4t k\u00e4sinojat, jotka lis\u00e4\u00e4v\u00e4t sohvan viihtyisyytt\u00e4. Sheraton 2-istuttava sohva on t\u00e4ydellinen valinta olohuoneeseen, jossa haluat rentoutua ja nauttia laadukkaasta Pohjanmaan huonekalusta.<\/p>\n<p>Voit valita haluamasi verhoilun v\u00e4rin ja jalkojen v\u00e4rin, ja saat sohvan suoraan kotiisi toimitettuna.<\/p>\n<p>HaliHali-kankaasta on saatavana 8 eri v\u00e4ri\u00e4. <a href=\"https:\/\/lauritzon.fi\/product\/halihali\" target=\"_blank\" rel=\"noopener\">Katso kankaan v\u00e4rit ja tarkemmat tiedot t\u00e4\u00e4lt\u00e4!<\/a><\/p>\n<p>Sheraton-sohvamallista saatavana my\u00f6s 3-istuttava sohva ja nojatuoli sek\u00e4 reclinertuoli.<\/p>\n<p>Kysy lis\u00e4\u00e4 <a href=\"https:\/\/pohjanmaantehtaanmyymala.fi\/yhteys\/\">asiakaspalvelustamme.<\/a><\/p>\n<h3>Tuotetiedot:<\/h3>\n<p>Istuinkorkeus 47 cm. -syvyys 56 cm.<\/p>\n<p>Runko: Massiivipuu koivuvaneri. Runkotakuu 20-vuotta.<br \/>\nIstuinpehmuste: No-Zag jouset HR35100 vaahtomuovi vanu.<br \/>\nSelk\u00e4nojan pehmuste: Kumivy\u00f6t ja vanutyynyt.<br \/>\nK\u00e4sinojan pehmuste: Vanutyynyt.<br \/>\nVerhoilu: HaliHali-kangas, 100 % polyesteri<\/p>\n<p>Toimitetaan jalat irrallaan.<\/p>\n<p>Sohva toimitetaan jalat irrallaan. Toimitusaika on noin 4-6 viikkoa tilauksesta. Toimituskulut riippuvat toimitusosoitteesta ja tilauksen koosta sek\u00e4 tehtaan ty\u00f6tilanteesta.<\/p>\n<p>Jos haluat lis\u00e4tietoja sohvasta, voit tutustua sen tuotesivuun <a href=\"https:\/\/www.pohjanmaan.fi\/tuotteet\/sheraton\/2-istuttava-sohva\" target=\"_blank\" rel=\"noopener\">t\u00e4\u00e4ll\u00e4<\/a><\/p>\n","protected":false},"excerpt":{"rendered":"<p>T\u00e4ll\u00e4 sohvalla nautit mukavuudesta.<\/p>\n","protected":false},"featured_media":23836,"comment_status":"closed","ping_status":"closed","template":"","meta":{"_acf_changed":false,"jetpack_post_was_ever_published":false,"jetpack_publicize_message":"","jetpack_publicize_feature_enabled":true,"jetpack_social_post_already_shared":true,"jetpack_social_options":{"image_generator_settings":{"template":"highway","default_image_id":0,"font":"","enabled":false},"version":2}},"product_brand":[270],"product_cat":[201],"product_tag":[],"class_list":{"0":"post-23869","1":"product","2":"type-product","3":"status-publish","4":"has-post-thumbnail","6":"product_brand-pohjanmaan","7":"product_cat-sohvat","8":"product_shipping_class-161","10":"first","11":"instock","12":"sale","13":"purchasable","14":"product-type-simple"},"acf":[],"jetpack_publicize_connections":[],"jetpack_sharing_enabled":true,"jetpack-related-posts":[{"id":23874,"url":"https:\/\/pohjanmaantehtaanmyymala.fi\/en\/tuote\/sheraton-3-istuttava-sohva\/","url_meta":{"origin":23869,"position":0},"title":"SHERATON 3-istuttava sohva kankaalla","author":"Sami Viitala","date":"October 2, 2023","format":false,"excerpt":"Iso sohva muhkeaan oleiluun.","rel":"","context":"Similar post","block_context":{"text":"Similar post","link":""},"img":{"alt_text":"Sheraton 3-istuttava kangassohva HaliHali","src":"https:\/\/i0.wp.com\/pohjanmaantehtaanmyymala.fi\/wp-content\/uploads\/2023\/09\/Sheraton_sohva_HaliHali300_kangas.jpg?fit=960%2C960&ssl=1&resize=350%2C200","width":350,"height":200,"srcset":"https:\/\/i0.wp.com\/pohjanmaantehtaanmyymala.fi\/wp-content\/uploads\/2023\/09\/Sheraton_sohva_HaliHali300_kangas.jpg?fit=960%2C960&ssl=1&resize=350%2C200 1x, https:\/\/i0.wp.com\/pohjanmaantehtaanmyymala.fi\/wp-content\/uploads\/2023\/09\/Sheraton_sohva_HaliHali300_kangas.jpg?fit=960%2C960&ssl=1&resize=525%2C300 1.5x, https:\/\/i0.wp.com\/pohjanmaantehtaanmyymala.fi\/wp-content\/uploads\/2023\/09\/Sheraton_sohva_HaliHali300_kangas.jpg?fit=960%2C960&ssl=1&resize=700%2C400 2x"},"classes":[]},{"id":23806,"url":"https:\/\/pohjanmaantehtaanmyymala.fi\/en\/tuote\/sheraton-32-istuttavat-nahkasohvat\/","url_meta":{"origin":23869,"position":1},"title":"SHERATON 3+2 istuttavat nahkasohvat","author":"Sami Viitala","date":"September 28, 2023","format":false,"excerpt":"Sohvat muhkeaan oleiluun.","rel":"","context":"Similar post","block_context":{"text":"Similar post","link":""},"img":{"alt_text":"Sheraton kolmen- ja kahdenistuttavat nahkasohvat Labrador harmaalla nahkalla","src":"https:\/\/i0.wp.com\/pohjanmaantehtaanmyymala.fi\/wp-content\/uploads\/2023\/09\/Sheraton_3-2_Labrador43.jpg?fit=960%2C960&ssl=1&resize=350%2C200","width":350,"height":200,"srcset":"https:\/\/i0.wp.com\/pohjanmaantehtaanmyymala.fi\/wp-content\/uploads\/2023\/09\/Sheraton_3-2_Labrador43.jpg?fit=960%2C960&ssl=1&resize=350%2C200 1x, https:\/\/i0.wp.com\/pohjanmaantehtaanmyymala.fi\/wp-content\/uploads\/2023\/09\/Sheraton_3-2_Labrador43.jpg?fit=960%2C960&ssl=1&resize=525%2C300 1.5x, https:\/\/i0.wp.com\/pohjanmaantehtaanmyymala.fi\/wp-content\/uploads\/2023\/09\/Sheraton_3-2_Labrador43.jpg?fit=960%2C960&ssl=1&resize=700%2C400 2x"},"classes":[]},{"id":23832,"url":"https:\/\/pohjanmaantehtaanmyymala.fi\/en\/tuote\/sheraton-2-istuttava-nahkasohva\/","url_meta":{"origin":23869,"position":2},"title":"SHERATON 2-istuttava nahkasohva","author":"Sami Viitala","date":"September 28, 2023","format":false,"excerpt":"Ylellisen pehme\u00e4 muhkea ja iso Sheraton 2-istuttava nahkasohva l\u00f6h\u00f6ilyyn. Sohvan pehme\u00e4t istuintyynyt yhdistettyn\u00e4 pehmeisiin selk\u00e4tyynyihin tarjoaa loistavan taukopaikan keskelle arkeasi. Sohva on verhoiltu kest\u00e4v\u00e4ll\u00e4 Soft antique-nahalla vain sohvan taustaosat ovat keinonahkaa. Istuinkorkeus 47 cm. -syvyys 56 cm. Sheraton-sohvamallista saatavana my\u00f6s 2-istuttava sohva ja nojatuoli. Kysy lis\u00e4\u00e4 asiakaspalvelustamme. Tuotetiedot: Runko:Massiivipuu koivuvaneri.\u2026","rel":"","context":"Similar post","block_context":{"text":"Similar post","link":""},"img":{"alt_text":"Sheraton 2-istuttava nahkasohva harmaa","src":"https:\/\/i0.wp.com\/pohjanmaantehtaanmyymala.fi\/wp-content\/uploads\/2023\/09\/Pohjanmaan-Sheraton_2-nahkasohva_harmaa.jpg?fit=960%2C960&ssl=1&resize=350%2C200","width":350,"height":200,"srcset":"https:\/\/i0.wp.com\/pohjanmaantehtaanmyymala.fi\/wp-content\/uploads\/2023\/09\/Pohjanmaan-Sheraton_2-nahkasohva_harmaa.jpg?fit=960%2C960&ssl=1&resize=350%2C200 1x, https:\/\/i0.wp.com\/pohjanmaantehtaanmyymala.fi\/wp-content\/uploads\/2023\/09\/Pohjanmaan-Sheraton_2-nahkasohva_harmaa.jpg?fit=960%2C960&ssl=1&resize=525%2C300 1.5x, https:\/\/i0.wp.com\/pohjanmaantehtaanmyymala.fi\/wp-content\/uploads\/2023\/09\/Pohjanmaan-Sheraton_2-nahkasohva_harmaa.jpg?fit=960%2C960&ssl=1&resize=700%2C400 2x"},"classes":[]},{"id":9465,"url":"https:\/\/pohjanmaantehtaanmyymala.fi\/en\/tuote\/sheraton-sohva\/","url_meta":{"origin":23869,"position":3},"title":"SHERATON 3-istuttava nahkasohva","author":"petri","date":"September 14, 2019","format":false,"excerpt":"Ylellisen pehme\u00e4 muhkea ja iso Sheraton-nahkasohva l\u00f6h\u00f6ilyyn. Sohvan pehme\u00e4t istuintyynyt yhdistettyn\u00e4 pehmeisiin selk\u00e4tyynyihin tarjoaa loistavan taukopaikan keskelle arkeasi. Sohva on verhoiltu kest\u00e4v\u00e4ll\u00e4 Soft antique-nahalla vain sohvan taustaosat ovat keinonahkaa. Istuinkorkeus 47 cm. -syvyys 56 cm. Sheraton-sohvamallista saatavana my\u00f6s 2-istuttava sohva ja nojatuoli. Kysy lis\u00e4\u00e4 asiakaspalvelustamme. Tuotetiedot: Runko:Massiivipuu koivuvaneri. Runkotakuu 20-vuotta.\u2026","rel":"","context":"Similar post","block_context":{"text":"Similar post","link":""},"img":{"alt_text":"Sheraton valkoinen 3-istuttava nahkasohva","src":"https:\/\/i0.wp.com\/pohjanmaantehtaanmyymala.fi\/wp-content\/uploads\/2019\/09\/Pohjanmaan-Sheraton_nahkasohva_valkoinen.jpg?fit=960%2C960&ssl=1&resize=350%2C200","width":350,"height":200,"srcset":"https:\/\/i0.wp.com\/pohjanmaantehtaanmyymala.fi\/wp-content\/uploads\/2019\/09\/Pohjanmaan-Sheraton_nahkasohva_valkoinen.jpg?fit=960%2C960&ssl=1&resize=350%2C200 1x, https:\/\/i0.wp.com\/pohjanmaantehtaanmyymala.fi\/wp-content\/uploads\/2019\/09\/Pohjanmaan-Sheraton_nahkasohva_valkoinen.jpg?fit=960%2C960&ssl=1&resize=525%2C300 1.5x, https:\/\/i0.wp.com\/pohjanmaantehtaanmyymala.fi\/wp-content\/uploads\/2019\/09\/Pohjanmaan-Sheraton_nahkasohva_valkoinen.jpg?fit=960%2C960&ssl=1&resize=700%2C400 2x"},"classes":[]},{"id":10941,"url":"https:\/\/pohjanmaantehtaanmyymala.fi\/en\/tuote\/pohjanmaan-aada-sohva-2-istuttava-rodeo-kankaalla\/","url_meta":{"origin":23869,"position":4},"title":"Pohjanmaan AADA 2 -istuttava sohva, Rodeo -kankaalla","author":"petri","date":"September 14, 2019","format":false,"excerpt":"Voit valita sohva useasta eri v\u00e4rist\u00e4.","rel":"","context":"Similar post","block_context":{"text":"Similar post","link":""},"img":{"alt_text":"","src":"https:\/\/i0.wp.com\/pohjanmaantehtaanmyymala.fi\/wp-content\/uploads\/2019\/09\/Aada_2_istuttava.jpg?fit=960%2C960&ssl=1&resize=350%2C200","width":350,"height":200,"srcset":"https:\/\/i0.wp.com\/pohjanmaantehtaanmyymala.fi\/wp-content\/uploads\/2019\/09\/Aada_2_istuttava.jpg?fit=960%2C960&ssl=1&resize=350%2C200 1x, https:\/\/i0.wp.com\/pohjanmaantehtaanmyymala.fi\/wp-content\/uploads\/2019\/09\/Aada_2_istuttava.jpg?fit=960%2C960&ssl=1&resize=525%2C300 1.5x, https:\/\/i0.wp.com\/pohjanmaantehtaanmyymala.fi\/wp-content\/uploads\/2019\/09\/Aada_2_istuttava.jpg?fit=960%2C960&ssl=1&resize=700%2C400 2x"},"classes":[]},{"id":10944,"url":"https:\/\/pohjanmaantehtaanmyymala.fi\/en\/tuote\/pohjanmaan-aada-sohvakalustorodeo-kankaalla\/","url_meta":{"origin":23869,"position":5},"title":"Pohjanmaan AADA \u2013 sohvakalusto 3+2","author":"petri","date":"September 14, 2019","format":false,"excerpt":"Pohjanmaan Aada 3+2 -sohvat kangasverhoilulla T\u00e4m\u00e4 sohva on varma valinta kotisi sohvaksi. Sohva on verhoiltu likaahylkiv\u00e4ll\u00e4 ja helppohoitoisella Rodeo-kankaalla, jossa on useita eri v\u00e4rivaihtoehtoja. Niist\u00e4 voit valita sohvaasi juuri sinun kotiin sopivan v\u00e4rin, joko sitten turvallisen harmaans\u00e4vyn tai vaikka pirte\u00e4n pinkin v\u00e4rin. Aada -sohvan istuin- ja selk\u00e4nojapehmusteet tarjoavat istujalle j\u00e4m\u00e4k\u00e4n\u2026","rel":"","context":"Similar post","block_context":{"text":"Similar post","link":""},"img":{"alt_text":"","src":"https:\/\/i0.wp.com\/pohjanmaantehtaanmyymala.fi\/wp-content\/uploads\/2019\/09\/Aada_sohvakalusto.jpg?fit=960%2C960&ssl=1&resize=350%2C200","width":350,"height":200,"srcset":"https:\/\/i0.wp.com\/pohjanmaantehtaanmyymala.fi\/wp-content\/uploads\/2019\/09\/Aada_sohvakalusto.jpg?fit=960%2C960&ssl=1&resize=350%2C200 1x, https:\/\/i0.wp.com\/pohjanmaantehtaanmyymala.fi\/wp-content\/uploads\/2019\/09\/Aada_sohvakalusto.jpg?fit=960%2C960&ssl=1&resize=525%2C300 1.5x, https:\/\/i0.wp.com\/pohjanmaantehtaanmyymala.fi\/wp-content\/uploads\/2019\/09\/Aada_sohvakalusto.jpg?fit=960%2C960&ssl=1&resize=700%2C400 2x"},"classes":[]}],"_links":{"self":[{"href":"https:\/\/pohjanmaantehtaanmyymala.fi\/en\/wp-json\/wp\/v2\/product\/23869","targetHints":{"allow":["GET"]}}],"collection":[{"href":"https:\/\/pohjanmaantehtaanmyymala.fi\/en\/wp-json\/wp\/v2\/product"}],"about":[{"href":"https:\/\/pohjanmaantehtaanmyymala.fi\/en\/wp-json\/wp\/v2\/types\/product"}],"replies":[{"embeddable":true,"href":"https:\/\/pohjanmaantehtaanmyymala.fi\/en\/wp-json\/wp\/v2\/comments?post=23869"}],"wp:featuredmedia":[{"embeddable":true,"href":"https:\/\/pohjanmaantehtaanmyymala.fi\/en\/wp-json\/wp\/v2\/media\/23836"}],"wp:attachment":[{"href":"https:\/\/pohjanmaantehtaanmyymala.fi\/en\/wp-json\/wp\/v2\/media?parent=23869"}],"wp:term":[{"taxonomy":"product_brand","embeddable":true,"href":"https:\/\/pohjanmaantehtaanmyymala.fi\/en\/wp-json\/wp\/v2\/product_brand?post=23869"},{"taxonomy":"product_cat","embeddable":true,"href":"https:\/\/pohjanmaantehtaanmyymala.fi\/en\/wp-json\/wp\/v2\/product_cat?post=23869"},{"taxonomy":"product_tag","embeddable":true,"href":"https:\/\/pohjanmaantehtaanmyymala.fi\/en\/wp-json\/wp\/v2\/product_tag?post=23869"}],"curies":[{"name":"wp","href":"https:\/\/api.w.org\/{rel}","templated":true}]}}