{"id":23806,"date":"2023-09-28T10:27:23","date_gmt":"2023-09-28T08:27:23","guid":{"rendered":"https:\/\/pohjanmaantehtaanmyymala.fi\/?post_type=product&#038;p=23806"},"modified":"2025-09-12T13:37:20","modified_gmt":"2025-09-12T11:37:20","slug":"sheraton-32-istuttavat-nahkasohvat","status":"publish","type":"product","link":"https:\/\/pohjanmaantehtaanmyymala.fi\/en\/tuote\/sheraton-32-istuttavat-nahkasohvat\/","title":{"rendered":"SHERATON 3+2 istuttavat nahkasohvat"},"content":{"rendered":"<p>Sheraton 3+2 nahkasohvat ovat muhkeita ja pehmeit\u00e4 sohvia, jotka sopivat niin moderniin kuin klassiseenkin sisustukseen. Sohvissa on ylellinen Labrador-nahkaverhoilu, joka on pehme\u00e4\u00e4 t\u00e4yspintanahkaa. Nahka on kest\u00e4v\u00e4 ja hengitt\u00e4v\u00e4 materiaali, joka vain paranee k\u00e4yt\u00f6ss\u00e4. Voit valita sohvien v\u00e4rin ja jalkojen v\u00e4rin useista vaihtoehdoista, jotka sopivat kotisi tyyliin. Sheraton 3+2 nahkasohvat ovat Pohjanmaan Kaluste Oy:n valmistamia laadukkaita huonekaluja, joilla on 20 vuoden takuu puurungolle. Tilaa nyt Sheraton 3+2 nahkasohvat ostoslistan kautta tai tule tutustumaan niihin myym\u00e4l\u00e4\u00e4mme Kurikkaan. N\u00e4m\u00e4 sohvat ovat olohuoneesi uusi kruunu!<\/p>\n<p>Sheraton-sohvamallista saatavana my\u00f6s 3-istuttava vuodesohva ja <a href=\"https:\/\/pohjanmaantehtaanmyymala.fi\/tuote\/sheraton-recliner\/\">reclinernojatuoli.<\/a><\/p>\n<p>Tilaussohvilla on noin 4-6 viikon toimitusaika. Kysy lis\u00e4\u00e4 <a href=\"https:\/\/pohjanmaantehtaanmyymala.fi\/yhteys\/\">asiakaspalvelustamme.<\/a><\/p>\n<h3>Tuotetiedot:<\/h3>\n<p><a href=\"https:\/\/www.pohjanmaan.fi\/_files\/ugd\/fa0c6a_d2e6956e13b54201855887b7594cf835.pdf\" target=\"_blank\" rel=\"noopener\">Lataa tuotekortti t\u00e4st\u00e4!<\/a><br \/>\nIstuinkorkeus 47 cm ja -syvyys 56 cm.<br \/>\nleveys: 3-ist. sohva 220 cm, 2-ist. sohva 165 cm<br \/>\nRunko: Massiivipuu koivuvaneri. Runkotakuu 20-vuotta.<br \/>\nIstuinpehmuste: No-Zag jouset HR35100 vaahtomuovi vanu.<br \/>\nSelk\u00e4nojan pehmuste: Kumivy\u00f6t ja vanutyynyt.<br \/>\nK\u00e4sinojan pehmuste: Vanutyynyt.<br \/>\nVerhoilu: Kulutuspinnat Labrador-nahkaa, taustaosat keinonahkaa.<\/p>\n<p>Toimitetaan jalat irrallaan.<\/p>\n","protected":false},"excerpt":{"rendered":"<p>Sohvat muhkeaan oleiluun.<\/p>\n","protected":false},"featured_media":23807,"comment_status":"closed","ping_status":"closed","template":"","meta":{"_acf_changed":false,"jetpack_post_was_ever_published":false,"jetpack_publicize_message":"","jetpack_publicize_feature_enabled":true,"jetpack_social_post_already_shared":true,"jetpack_social_options":{"image_generator_settings":{"template":"highway","default_image_id":0,"font":"","enabled":false},"version":2}},"product_brand":[270],"product_cat":[201],"product_tag":[],"class_list":{"0":"post-23806","1":"product","2":"type-product","3":"status-publish","4":"has-post-thumbnail","6":"product_brand-pohjanmaan","7":"product_cat-sohvat","8":"product_shipping_class-161","10":"first","11":"instock","12":"sale","13":"purchasable","14":"product-type-simple"},"acf":[],"jetpack_publicize_connections":[],"jetpack_sharing_enabled":true,"jetpack-related-posts":[{"id":9465,"url":"https:\/\/pohjanmaantehtaanmyymala.fi\/en\/tuote\/sheraton-sohva\/","url_meta":{"origin":23806,"position":0},"title":"SHERATON 3-istuttava nahkasohva","author":"petri","date":"September 14, 2019","format":false,"excerpt":"Ylellisen pehme\u00e4 muhkea ja iso Sheraton-nahkasohva l\u00f6h\u00f6ilyyn. Sohvan pehme\u00e4t istuintyynyt yhdistettyn\u00e4 pehmeisiin selk\u00e4tyynyihin tarjoaa loistavan taukopaikan keskelle arkeasi. Sohva on verhoiltu kest\u00e4v\u00e4ll\u00e4 Soft antique-nahalla vain sohvan taustaosat ovat keinonahkaa. Istuinkorkeus 47 cm. -syvyys 56 cm. Sheraton-sohvamallista saatavana my\u00f6s 2-istuttava sohva ja nojatuoli. Kysy lis\u00e4\u00e4 asiakaspalvelustamme. Tuotetiedot: Runko:Massiivipuu koivuvaneri. Runkotakuu 20-vuotta.\u2026","rel":"","context":"Similar post","block_context":{"text":"Similar post","link":""},"img":{"alt_text":"Sheraton valkoinen 3-istuttava nahkasohva","src":"https:\/\/i0.wp.com\/pohjanmaantehtaanmyymala.fi\/wp-content\/uploads\/2019\/09\/Pohjanmaan-Sheraton_nahkasohva_valkoinen.jpg?fit=960%2C960&ssl=1&resize=350%2C200","width":350,"height":200,"srcset":"https:\/\/i0.wp.com\/pohjanmaantehtaanmyymala.fi\/wp-content\/uploads\/2019\/09\/Pohjanmaan-Sheraton_nahkasohva_valkoinen.jpg?fit=960%2C960&ssl=1&resize=350%2C200 1x, https:\/\/i0.wp.com\/pohjanmaantehtaanmyymala.fi\/wp-content\/uploads\/2019\/09\/Pohjanmaan-Sheraton_nahkasohva_valkoinen.jpg?fit=960%2C960&ssl=1&resize=525%2C300 1.5x, https:\/\/i0.wp.com\/pohjanmaantehtaanmyymala.fi\/wp-content\/uploads\/2019\/09\/Pohjanmaan-Sheraton_nahkasohva_valkoinen.jpg?fit=960%2C960&ssl=1&resize=700%2C400 2x"},"classes":[]},{"id":23832,"url":"https:\/\/pohjanmaantehtaanmyymala.fi\/en\/tuote\/sheraton-2-istuttava-nahkasohva\/","url_meta":{"origin":23806,"position":1},"title":"SHERATON 2-istuttava nahkasohva","author":"Sami Viitala","date":"September 28, 2023","format":false,"excerpt":"Ylellisen pehme\u00e4 muhkea ja iso Sheraton 2-istuttava nahkasohva l\u00f6h\u00f6ilyyn. Sohvan pehme\u00e4t istuintyynyt yhdistettyn\u00e4 pehmeisiin selk\u00e4tyynyihin tarjoaa loistavan taukopaikan keskelle arkeasi. Sohva on verhoiltu kest\u00e4v\u00e4ll\u00e4 Soft antique-nahalla vain sohvan taustaosat ovat keinonahkaa. Istuinkorkeus 47 cm. -syvyys 56 cm. Sheraton-sohvamallista saatavana my\u00f6s 2-istuttava sohva ja nojatuoli. Kysy lis\u00e4\u00e4 asiakaspalvelustamme. Tuotetiedot: Runko:Massiivipuu koivuvaneri.\u2026","rel":"","context":"Similar post","block_context":{"text":"Similar post","link":""},"img":{"alt_text":"Sheraton 2-istuttava nahkasohva harmaa","src":"https:\/\/i0.wp.com\/pohjanmaantehtaanmyymala.fi\/wp-content\/uploads\/2023\/09\/Pohjanmaan-Sheraton_2-nahkasohva_harmaa.jpg?fit=960%2C960&ssl=1&resize=350%2C200","width":350,"height":200,"srcset":"https:\/\/i0.wp.com\/pohjanmaantehtaanmyymala.fi\/wp-content\/uploads\/2023\/09\/Pohjanmaan-Sheraton_2-nahkasohva_harmaa.jpg?fit=960%2C960&ssl=1&resize=350%2C200 1x, https:\/\/i0.wp.com\/pohjanmaantehtaanmyymala.fi\/wp-content\/uploads\/2023\/09\/Pohjanmaan-Sheraton_2-nahkasohva_harmaa.jpg?fit=960%2C960&ssl=1&resize=525%2C300 1.5x, https:\/\/i0.wp.com\/pohjanmaantehtaanmyymala.fi\/wp-content\/uploads\/2023\/09\/Pohjanmaan-Sheraton_2-nahkasohva_harmaa.jpg?fit=960%2C960&ssl=1&resize=700%2C400 2x"},"classes":[]},{"id":23874,"url":"https:\/\/pohjanmaantehtaanmyymala.fi\/en\/tuote\/sheraton-3-istuttava-sohva\/","url_meta":{"origin":23806,"position":2},"title":"SHERATON 3-istuttava sohva kankaalla","author":"Sami Viitala","date":"October 2, 2023","format":false,"excerpt":"Iso sohva muhkeaan oleiluun.","rel":"","context":"Similar post","block_context":{"text":"Similar post","link":""},"img":{"alt_text":"Sheraton 3-istuttava kangassohva HaliHali","src":"https:\/\/i0.wp.com\/pohjanmaantehtaanmyymala.fi\/wp-content\/uploads\/2023\/09\/Sheraton_sohva_HaliHali300_kangas.jpg?fit=960%2C960&ssl=1&resize=350%2C200","width":350,"height":200,"srcset":"https:\/\/i0.wp.com\/pohjanmaantehtaanmyymala.fi\/wp-content\/uploads\/2023\/09\/Sheraton_sohva_HaliHali300_kangas.jpg?fit=960%2C960&ssl=1&resize=350%2C200 1x, https:\/\/i0.wp.com\/pohjanmaantehtaanmyymala.fi\/wp-content\/uploads\/2023\/09\/Sheraton_sohva_HaliHali300_kangas.jpg?fit=960%2C960&ssl=1&resize=525%2C300 1.5x, https:\/\/i0.wp.com\/pohjanmaantehtaanmyymala.fi\/wp-content\/uploads\/2023\/09\/Sheraton_sohva_HaliHali300_kangas.jpg?fit=960%2C960&ssl=1&resize=700%2C400 2x"},"classes":[]},{"id":23869,"url":"https:\/\/pohjanmaantehtaanmyymala.fi\/en\/tuote\/sheraton-2-istuttava-sohva\/","url_meta":{"origin":23806,"position":3},"title":"SHERATON 2-istuttava sohva","author":"Sami Viitala","date":"October 2, 2023","format":false,"excerpt":"T\u00e4ll\u00e4 sohvalla nautit mukavuudesta.","rel":"","context":"Similar post","block_context":{"text":"Similar post","link":""},"img":{"alt_text":"Sheraton 2-istuttava kangassohva HaliHali","src":"https:\/\/i0.wp.com\/pohjanmaantehtaanmyymala.fi\/wp-content\/uploads\/2023\/09\/Sheraton_2sohva_HaliHali300_kangas.jpg?fit=960%2C960&ssl=1&resize=350%2C200","width":350,"height":200,"srcset":"https:\/\/i0.wp.com\/pohjanmaantehtaanmyymala.fi\/wp-content\/uploads\/2023\/09\/Sheraton_2sohva_HaliHali300_kangas.jpg?fit=960%2C960&ssl=1&resize=350%2C200 1x, https:\/\/i0.wp.com\/pohjanmaantehtaanmyymala.fi\/wp-content\/uploads\/2023\/09\/Sheraton_2sohva_HaliHali300_kangas.jpg?fit=960%2C960&ssl=1&resize=525%2C300 1.5x, https:\/\/i0.wp.com\/pohjanmaantehtaanmyymala.fi\/wp-content\/uploads\/2023\/09\/Sheraton_2sohva_HaliHali300_kangas.jpg?fit=960%2C960&ssl=1&resize=700%2C400 2x"},"classes":[]},{"id":24241,"url":"https:\/\/pohjanmaantehtaanmyymala.fi\/en\/tuote\/amiral-3-ja-2-istuttavat-nahkasohvat\/","url_meta":{"origin":23806,"position":4},"title":"AMIRAL 3- ja 2-istuttavat nahkasohvat","author":"Sami Viitala","date":"November 23, 2023","format":false,"excerpt":"Pohjanmaan Kalusteen valmistamat sohvat tehd\u00e4\u00e4n k\u00e4sity\u00f6n\u00e4 60 vuoden kokemuksella.","rel":"","context":"Similar post","block_context":{"text":"Similar post","link":""},"img":{"alt_text":"Pohjanmaan Amiral 3- ja 2-istuttavat nahkasohvat musta","src":"https:\/\/i0.wp.com\/pohjanmaantehtaanmyymala.fi\/wp-content\/uploads\/2023\/11\/Pohjanmaan_Amiral_sohvakalusto_32_nahka.jpg?fit=960%2C960&ssl=1&resize=350%2C200","width":350,"height":200,"srcset":"https:\/\/i0.wp.com\/pohjanmaantehtaanmyymala.fi\/wp-content\/uploads\/2023\/11\/Pohjanmaan_Amiral_sohvakalusto_32_nahka.jpg?fit=960%2C960&ssl=1&resize=350%2C200 1x, https:\/\/i0.wp.com\/pohjanmaantehtaanmyymala.fi\/wp-content\/uploads\/2023\/11\/Pohjanmaan_Amiral_sohvakalusto_32_nahka.jpg?fit=960%2C960&ssl=1&resize=525%2C300 1.5x, https:\/\/i0.wp.com\/pohjanmaantehtaanmyymala.fi\/wp-content\/uploads\/2023\/11\/Pohjanmaan_Amiral_sohvakalusto_32_nahka.jpg?fit=960%2C960&ssl=1&resize=700%2C400 2x"},"classes":[]},{"id":9469,"url":"https:\/\/pohjanmaantehtaanmyymala.fi\/en\/tuote\/sheraton-recliner\/","url_meta":{"origin":23806,"position":5},"title":"SHERATON &#8211; recliner nahkaverhoilulla","author":"petri","date":"September 14, 2019","format":false,"excerpt":"Pohjanmaan kalusteen valmistama Sheraton-reclinertuoli on todella mukavan pehme\u00e4 tuoli. Tuolin kahvaa k\u00e4\u00e4nt\u00e4m\u00e4ll\u00e4 nousee jalkarahi yl\u00f6s jolloin my\u00f6s selk\u00e4nojan kaltevuuden s\u00e4\u00e4t\u00f6 on mahdollista. Mekanismituolissa on py\u00f6riv\u00e4 jalusta vakiovarusteena. Rahin ollessa alhaalla tuoli my\u00f6s keinuu. Tuolin runko on valmistettu koivuvanerista ja havupuusta pehmusteena laadukas vaahtomuovi ja vanu. Valmistajan takuu mekanismille on 2-vuotta.\u2026","rel":"","context":"Similar post","block_context":{"text":"Similar post","link":""},"img":{"alt_text":"","src":"https:\/\/i0.wp.com\/pohjanmaantehtaanmyymala.fi\/wp-content\/uploads\/2019\/06\/sheraton-recl-nk1100-web.jpg?fit=960%2C960&ssl=1&resize=350%2C200","width":350,"height":200,"srcset":"https:\/\/i0.wp.com\/pohjanmaantehtaanmyymala.fi\/wp-content\/uploads\/2019\/06\/sheraton-recl-nk1100-web.jpg?fit=960%2C960&ssl=1&resize=350%2C200 1x, https:\/\/i0.wp.com\/pohjanmaantehtaanmyymala.fi\/wp-content\/uploads\/2019\/06\/sheraton-recl-nk1100-web.jpg?fit=960%2C960&ssl=1&resize=525%2C300 1.5x, https:\/\/i0.wp.com\/pohjanmaantehtaanmyymala.fi\/wp-content\/uploads\/2019\/06\/sheraton-recl-nk1100-web.jpg?fit=960%2C960&ssl=1&resize=700%2C400 2x"},"classes":[]}],"_links":{"self":[{"href":"https:\/\/pohjanmaantehtaanmyymala.fi\/en\/wp-json\/wp\/v2\/product\/23806","targetHints":{"allow":["GET"]}}],"collection":[{"href":"https:\/\/pohjanmaantehtaanmyymala.fi\/en\/wp-json\/wp\/v2\/product"}],"about":[{"href":"https:\/\/pohjanmaantehtaanmyymala.fi\/en\/wp-json\/wp\/v2\/types\/product"}],"replies":[{"embeddable":true,"href":"https:\/\/pohjanmaantehtaanmyymala.fi\/en\/wp-json\/wp\/v2\/comments?post=23806"}],"wp:featuredmedia":[{"embeddable":true,"href":"https:\/\/pohjanmaantehtaanmyymala.fi\/en\/wp-json\/wp\/v2\/media\/23807"}],"wp:attachment":[{"href":"https:\/\/pohjanmaantehtaanmyymala.fi\/en\/wp-json\/wp\/v2\/media?parent=23806"}],"wp:term":[{"taxonomy":"product_brand","embeddable":true,"href":"https:\/\/pohjanmaantehtaanmyymala.fi\/en\/wp-json\/wp\/v2\/product_brand?post=23806"},{"taxonomy":"product_cat","embeddable":true,"href":"https:\/\/pohjanmaantehtaanmyymala.fi\/en\/wp-json\/wp\/v2\/product_cat?post=23806"},{"taxonomy":"product_tag","embeddable":true,"href":"https:\/\/pohjanmaantehtaanmyymala.fi\/en\/wp-json\/wp\/v2\/product_tag?post=23806"}],"curies":[{"name":"wp","href":"https:\/\/api.w.org\/{rel}","templated":true}]}}