{"id":23724,"date":"2023-09-26T15:30:06","date_gmt":"2023-09-26T13:30:06","guid":{"rendered":"https:\/\/pohjanmaantehtaanmyymala.fi\/?post_type=product&#038;p=23724"},"modified":"2025-07-11T14:29:20","modified_gmt":"2025-07-11T12:29:20","slug":"dolphin-3-istuttava-sohva-atlantic-kankaalla","status":"publish","type":"product","link":"https:\/\/pohjanmaantehtaanmyymala.fi\/en\/tuote\/dolphin-3-istuttava-sohva-atlantic-kankaalla\/","title":{"rendered":"Dolphin 3-istuttava sohva Atlantic kankaalla"},"content":{"rendered":"<p>Dolphin 3-istuttava sohva on pehme\u00e4 ja kutsuva huonekalu, joka sopii monenlaiseen sisustukseen. Sohva on verhoiltu kest\u00e4v\u00e4ll\u00e4 Atlantic-kankaalla, joka on valmistettu 100% kierr\u00e4tetyst\u00e4 polyesterist\u00e4. Kierr\u00e4tetty polyestikuitu valmistetaan kierr\u00e4tetyist\u00e4 muovituotteista kuten PET-pulloista. Atlantic-kangas on el\u00e4v\u00e4pintainen ja vesipest\u00e4v\u00e4. Sohvan istuintyynyt ovat t\u00e4ytetty pehme\u00e4ll\u00e4 vaahtomuovilla ja selk\u00e4tyynyt polyestrivanukuidulla, jolloin ne antavat hyv\u00e4n istuinmukavuuden. Sohvan sirot metallijalat tuovat siihen modernia ilmett\u00e4 ja keveytt\u00e4.<\/p>\n<p>Dolphin 3-istuttava sohva on Pohjanmaan Kalusteen tuote, joka on tunnettu suomalaisesta huonekaluosaamisestaan. Pohjanmaan Kaluste valmistaa sohvansa vastuullisesti ja ymp\u00e4rist\u00f6arvoja kunnioittaen. Pohjanmaan Kaluste tarjoaa my\u00f6s kahdenkymmen vuoden takuun sohvien rungoille ja jousituksille.<\/p>\n<p>Dolphin 3-istuttava sohva on loistava valinta, jos haluat lis\u00e4t\u00e4 olohuoneeseesi pehmeytt\u00e4 ja tyyli\u00e4. Sohva on saatavilla useissa eri v\u00e4reiss\u00e4, joten voit valita sen mukaan, mik\u00e4 sopii parhaiten omaan makuusi. Tilaa Dolphin 3-istuttava sohva nyt verkkokaupastamme ja toimitamme sen sinulle nopeasti ja edullisesti. Dolphin 3-istuttava sohva on sohva, johon rakastut!<\/p>\n<p>Atlantic-kankaassa on 9 v\u00e4ri\u00e4.<\/p>\n<p>Dolphin-sohvasta on my\u00f6s <a href=\"https:\/\/pohjanmaantehtaanmyymala.fi\/tuote\/dolphin-sohva-nuvola-kankaalla\/\">isompi 3-istuttava versio<\/a><\/p>\n<p>My\u00f6s muita v\u00e4rej\u00e4, kysy saatavuutta ja hintaa <a href=\"https:\/\/pohjanmaantehtaanmyymala.fi\/yhteys\/\">myynnist\u00e4mme!<\/a><\/p>\n<h3>Tuotetiedot:<\/h3>\n<p><a href=\"https:\/\/www.pohjanmaan.fi\/_files\/ugd\/fa0c6a_12df0f6f8d7b422a991e8bcd2dd1edf5.pdf\">Laataa t\u00e4st\u00e4 Dolphin sohvan tuotekortti!<\/a><\/p>\n<p>Sohvan leveys on 205 cm, korkeus 88 cm ja syvyys 92 cm.<br \/>\nIstuinkorkeus on 46 cm<br \/>\nIstuinsyvyys on 54 cm<br \/>\nIstuinosan leveys on 180 cm.<br \/>\nRunko: Massiivipuu, vaneri ja kovalevy. Runkotakuu 20-vuotta.<br \/>\nIstuinpehmuste: No-Zag jouset, vaahtomuovi + vanu.<br \/>\nSelk\u00e4tyynyt: Vanut\u00e4yte lokeroitu. Irralliset selk\u00e4tyynyt.<br \/>\nVerhoilu: Atlantic kangas. 100 % kierr\u00e4tetty\u00e4 polyesteri\u00e4.<br \/>\nJalat: Metallijalka, korkeus 13 cm.<\/p>\n<p>Toimitetaan kasattuna jalat irrallaan.<\/p>\n","protected":false},"excerpt":{"rendered":"<p>T\u00e4m\u00e4 sohvan ylellinen istuinpehmeys tekee oleskelun sohvalla vastustamattoman mukavaksi.<\/p>\n<p><iframe style=\"width: 100%; border: none;\" src=\"https:\/\/v1.pixriot.com?spin=444807f0f3\/VAPAAT\/Dolphin_D2180_Atlantic09&amp;t=1687267392\" height=\"500\" allowfullscreen=\"allowfullscreen\"><\/iframe><\/p>\n","protected":false},"featured_media":23734,"comment_status":"closed","ping_status":"closed","template":"","meta":{"_acf_changed":false,"jetpack_post_was_ever_published":false,"jetpack_publicize_message":"","jetpack_publicize_feature_enabled":true,"jetpack_social_post_already_shared":true,"jetpack_social_options":{"image_generator_settings":{"template":"highway","default_image_id":0,"font":"","enabled":false},"version":2}},"product_brand":[270],"product_cat":[201],"product_tag":[],"class_list":{"0":"post-23724","1":"product","2":"type-product","3":"status-publish","4":"has-post-thumbnail","6":"product_brand-pohjanmaan","7":"product_cat-sohvat","8":"product_shipping_class-161","9":"pa_vari-atlantic-01-vaaleanharmaa","10":"pa_vari-atlantic-02-harmaa","11":"pa_vari-atlantic-03-beige","12":"pa_vari-atlantic-04-pinkki","13":"pa_vari-atlantic-05-vihrea","14":"pa_vari-atlantic-06-oranssi","15":"pa_vari-atlantic-07-antrasiitti","16":"pa_vari-atlantic-08-sininen","17":"pa_vari-atlantic-09-tummanharmaa","19":"first","20":"instock","21":"sale","22":"purchasable","23":"product-type-variable"},"acf":[],"jetpack_publicize_connections":[],"jetpack_sharing_enabled":true,"jetpack-related-posts":[{"id":23700,"url":"https:\/\/pohjanmaantehtaanmyymala.fi\/en\/tuote\/dolphin-25-istuttava-sohva-atlantic-kankaalla\/","url_meta":{"origin":23724,"position":0},"title":"Dolphin 2,5-istuttava sohva Atlantic kankaalla","author":"Sami Viitala","date":"September 26, 2023","format":false,"excerpt":"Pehme\u00e4 sohva, joka vet\u00e4\u00e4 puoleensa.","rel":"","context":"Similar post","block_context":{"text":"Similar post","link":""},"img":{"alt_text":"Pohjanmaan Dolphin 2,5 istuttava sohva vaaleanharmaalla Atlantic-kankalla etupuoli","src":"https:\/\/i0.wp.com\/pohjanmaantehtaanmyymala.fi\/wp-content\/uploads\/2023\/09\/Dolphin25-istuttava-sohva-Atlantic02-kangas-harmaa-1.jpg?fit=960%2C960&ssl=1&resize=350%2C200","width":350,"height":200,"srcset":"https:\/\/i0.wp.com\/pohjanmaantehtaanmyymala.fi\/wp-content\/uploads\/2023\/09\/Dolphin25-istuttava-sohva-Atlantic02-kangas-harmaa-1.jpg?fit=960%2C960&ssl=1&resize=350%2C200 1x, https:\/\/i0.wp.com\/pohjanmaantehtaanmyymala.fi\/wp-content\/uploads\/2023\/09\/Dolphin25-istuttava-sohva-Atlantic02-kangas-harmaa-1.jpg?fit=960%2C960&ssl=1&resize=525%2C300 1.5x, https:\/\/i0.wp.com\/pohjanmaantehtaanmyymala.fi\/wp-content\/uploads\/2023\/09\/Dolphin25-istuttava-sohva-Atlantic02-kangas-harmaa-1.jpg?fit=960%2C960&ssl=1&resize=700%2C400 2x"},"classes":[]},{"id":23748,"url":"https:\/\/pohjanmaantehtaanmyymala.fi\/en\/tuote\/dolphin-avokulmasohva-atlantic-kankaalla\/","url_meta":{"origin":23724,"position":1},"title":"Dolphin avokulmasohva Atlantic-kankaalla","author":"Sami Viitala","date":"September 26, 2023","format":false,"excerpt":"Dolphin avokulmasohva on sohva, johon rakastut!","rel":"","context":"Similar post","block_context":{"text":"Similar post","link":""},"img":{"alt_text":"Dolphin avokulmasohva Atlantic-kangas vaaleanharmaa","src":"https:\/\/i0.wp.com\/pohjanmaantehtaanmyymala.fi\/wp-content\/uploads\/2023\/09\/Pohjanmaan_Dolphin_avokulmasohva_2.jpg?fit=960%2C960&ssl=1&resize=350%2C200","width":350,"height":200,"srcset":"https:\/\/i0.wp.com\/pohjanmaantehtaanmyymala.fi\/wp-content\/uploads\/2023\/09\/Pohjanmaan_Dolphin_avokulmasohva_2.jpg?fit=960%2C960&ssl=1&resize=350%2C200 1x, https:\/\/i0.wp.com\/pohjanmaantehtaanmyymala.fi\/wp-content\/uploads\/2023\/09\/Pohjanmaan_Dolphin_avokulmasohva_2.jpg?fit=960%2C960&ssl=1&resize=525%2C300 1.5x, https:\/\/i0.wp.com\/pohjanmaantehtaanmyymala.fi\/wp-content\/uploads\/2023\/09\/Pohjanmaan_Dolphin_avokulmasohva_2.jpg?fit=960%2C960&ssl=1&resize=700%2C400 2x"},"classes":[]},{"id":23294,"url":"https:\/\/pohjanmaantehtaanmyymala.fi\/en\/tuote\/dolphin-sohva-nuvola-kankaalla\/","url_meta":{"origin":23724,"position":2},"title":"Dolphin 3-istuttava sohva Nuvola kankaalla","author":"Sami Viitala","date":"September 4, 2023","format":false,"excerpt":"Upea sohva kest\u00e4v\u00e4ll\u00e4 Easy Care-kankaalla verhoiltuna.","rel":"","context":"Similar post","block_context":{"text":"Similar post","link":""},"img":{"alt_text":"Pohjanmaan Dolphin sohva nuvola kankaalla, v\u00e4ri okra","src":"https:\/\/i0.wp.com\/pohjanmaantehtaanmyymala.fi\/wp-content\/uploads\/2023\/09\/Pohjanmaan_Dolphin_3-istuttava_etusivupuoli.jpg?fit=960%2C960&ssl=1&resize=350%2C200","width":350,"height":200,"srcset":"https:\/\/i0.wp.com\/pohjanmaantehtaanmyymala.fi\/wp-content\/uploads\/2023\/09\/Pohjanmaan_Dolphin_3-istuttava_etusivupuoli.jpg?fit=960%2C960&ssl=1&resize=350%2C200 1x, https:\/\/i0.wp.com\/pohjanmaantehtaanmyymala.fi\/wp-content\/uploads\/2023\/09\/Pohjanmaan_Dolphin_3-istuttava_etusivupuoli.jpg?fit=960%2C960&ssl=1&resize=525%2C300 1.5x, https:\/\/i0.wp.com\/pohjanmaantehtaanmyymala.fi\/wp-content\/uploads\/2023\/09\/Pohjanmaan_Dolphin_3-istuttava_etusivupuoli.jpg?fit=960%2C960&ssl=1&resize=700%2C400 2x"},"classes":[]},{"id":23318,"url":"https:\/\/pohjanmaantehtaanmyymala.fi\/en\/tuote\/dolphin-2-istuttava-sohva-nuvola-kankaalla\/","url_meta":{"origin":23724,"position":3},"title":"Dolphin 2,5-istuttava sohva Nuvola kankaalla","author":"Sami Viitala","date":"September 5, 2023","format":false,"excerpt":"Kaunis sohva kest\u00e4v\u00e4ll\u00e4 Easy Care-kankaalla verhoiltuna.","rel":"","context":"Similar post","block_context":{"text":"Similar post","link":""},"img":{"alt_text":"Pohjanmaan Dolphin sohva nuvola kankaalla, v\u00e4ri okra etupuoli","src":"https:\/\/i0.wp.com\/pohjanmaantehtaanmyymala.fi\/wp-content\/uploads\/2023\/09\/Pohjanmaan_Dolphin_3-istuttava_etupuoli.jpg?fit=960%2C960&ssl=1&resize=350%2C200","width":350,"height":200,"srcset":"https:\/\/i0.wp.com\/pohjanmaantehtaanmyymala.fi\/wp-content\/uploads\/2023\/09\/Pohjanmaan_Dolphin_3-istuttava_etupuoli.jpg?fit=960%2C960&ssl=1&resize=350%2C200 1x, https:\/\/i0.wp.com\/pohjanmaantehtaanmyymala.fi\/wp-content\/uploads\/2023\/09\/Pohjanmaan_Dolphin_3-istuttava_etupuoli.jpg?fit=960%2C960&ssl=1&resize=525%2C300 1.5x, https:\/\/i0.wp.com\/pohjanmaantehtaanmyymala.fi\/wp-content\/uploads\/2023\/09\/Pohjanmaan_Dolphin_3-istuttava_etupuoli.jpg?fit=960%2C960&ssl=1&resize=700%2C400 2x"},"classes":[]},{"id":21551,"url":"https:\/\/pohjanmaantehtaanmyymala.fi\/en\/tuote\/amiral-3-istuttava-sohva-kankaalla\/","url_meta":{"origin":23724,"position":4},"title":"AMIRAL 3-istuttava sohva Yedi-kankaalla","author":"Sami Viitala","date":"September 16, 2022","format":false,"excerpt":"Todella laadukkaat Pohjanmaan kalusteen valmistamat sohvat tehd\u00e4\u00e4n parhaista materiaaleista 60 vuoden kokemuksella.","rel":"","context":"Similar post","block_context":{"text":"Similar post","link":""},"img":{"alt_text":"Amiral sohva keltaisella Yedi-kankaalla","src":"https:\/\/i0.wp.com\/pohjanmaantehtaanmyymala.fi\/wp-content\/uploads\/2022\/09\/Amiral_3_Yedi641_2.jpg?fit=960%2C960&ssl=1&resize=350%2C200","width":350,"height":200,"srcset":"https:\/\/i0.wp.com\/pohjanmaantehtaanmyymala.fi\/wp-content\/uploads\/2022\/09\/Amiral_3_Yedi641_2.jpg?fit=960%2C960&ssl=1&resize=350%2C200 1x, https:\/\/i0.wp.com\/pohjanmaantehtaanmyymala.fi\/wp-content\/uploads\/2022\/09\/Amiral_3_Yedi641_2.jpg?fit=960%2C960&ssl=1&resize=525%2C300 1.5x, https:\/\/i0.wp.com\/pohjanmaantehtaanmyymala.fi\/wp-content\/uploads\/2022\/09\/Amiral_3_Yedi641_2.jpg?fit=960%2C960&ssl=1&resize=700%2C400 2x"},"classes":[]},{"id":24472,"url":"https:\/\/pohjanmaantehtaanmyymala.fi\/en\/tuote\/moduli-3-istuttava-sohva-nubuck\/","url_meta":{"origin":23724,"position":5},"title":"MODULI 3-istuttava sohva Nubuck","author":"Sami Viitala","date":"December 5, 2023","format":false,"excerpt":"Perussohva nahkaa muistuttavalla pintaverhoilulla. Valitse v\u00e4ri!","rel":"","context":"Similar post","block_context":{"text":"Similar post","link":""},"img":{"alt_text":"Pohjanmaan Moduli 3-istuttava sohva Nubuck-nahkaj\u00e4ljitelm\u00e4kangas konjakinruskea","src":"https:\/\/i0.wp.com\/pohjanmaantehtaanmyymala.fi\/wp-content\/uploads\/2023\/12\/Moduli_3-istuttava_sohva_nubuck_konjakki.jpg?fit=960%2C960&ssl=1&resize=350%2C200","width":350,"height":200,"srcset":"https:\/\/i0.wp.com\/pohjanmaantehtaanmyymala.fi\/wp-content\/uploads\/2023\/12\/Moduli_3-istuttava_sohva_nubuck_konjakki.jpg?fit=960%2C960&ssl=1&resize=350%2C200 1x, https:\/\/i0.wp.com\/pohjanmaantehtaanmyymala.fi\/wp-content\/uploads\/2023\/12\/Moduli_3-istuttava_sohva_nubuck_konjakki.jpg?fit=960%2C960&ssl=1&resize=525%2C300 1.5x, https:\/\/i0.wp.com\/pohjanmaantehtaanmyymala.fi\/wp-content\/uploads\/2023\/12\/Moduli_3-istuttava_sohva_nubuck_konjakki.jpg?fit=960%2C960&ssl=1&resize=700%2C400 2x"},"classes":[]}],"_links":{"self":[{"href":"https:\/\/pohjanmaantehtaanmyymala.fi\/en\/wp-json\/wp\/v2\/product\/23724","targetHints":{"allow":["GET"]}}],"collection":[{"href":"https:\/\/pohjanmaantehtaanmyymala.fi\/en\/wp-json\/wp\/v2\/product"}],"about":[{"href":"https:\/\/pohjanmaantehtaanmyymala.fi\/en\/wp-json\/wp\/v2\/types\/product"}],"replies":[{"embeddable":true,"href":"https:\/\/pohjanmaantehtaanmyymala.fi\/en\/wp-json\/wp\/v2\/comments?post=23724"}],"wp:featuredmedia":[{"embeddable":true,"href":"https:\/\/pohjanmaantehtaanmyymala.fi\/en\/wp-json\/wp\/v2\/media\/23734"}],"wp:attachment":[{"href":"https:\/\/pohjanmaantehtaanmyymala.fi\/en\/wp-json\/wp\/v2\/media?parent=23724"}],"wp:term":[{"taxonomy":"product_brand","embeddable":true,"href":"https:\/\/pohjanmaantehtaanmyymala.fi\/en\/wp-json\/wp\/v2\/product_brand?post=23724"},{"taxonomy":"product_cat","embeddable":true,"href":"https:\/\/pohjanmaantehtaanmyymala.fi\/en\/wp-json\/wp\/v2\/product_cat?post=23724"},{"taxonomy":"product_tag","embeddable":true,"href":"https:\/\/pohjanmaantehtaanmyymala.fi\/en\/wp-json\/wp\/v2\/product_tag?post=23724"}],"curies":[{"name":"wp","href":"https:\/\/api.w.org\/{rel}","templated":true}]}}