{"id":23700,"date":"2023-09-26T10:32:47","date_gmt":"2023-09-26T08:32:47","guid":{"rendered":"https:\/\/pohjanmaantehtaanmyymala.fi\/?post_type=product&#038;p=23700"},"modified":"2025-07-11T14:29:31","modified_gmt":"2025-07-11T12:29:31","slug":"dolphin-25-istuttava-sohva-atlantic-kankaalla","status":"publish","type":"product","link":"https:\/\/pohjanmaantehtaanmyymala.fi\/en\/tuote\/dolphin-25-istuttava-sohva-atlantic-kankaalla\/","title":{"rendered":"Dolphin 2,5-istuttava sohva Atlantic kankaalla"},"content":{"rendered":"<p>Dolphin Max on sohva, joka yhdist\u00e4\u00e4 tyylikkyyden ja mukavuuden. Se on verhoiltu kest\u00e4v\u00e4ll\u00e4 ja helppohoitoisella Atlantic-kankaalla, joka on saatavilla useissa eri v\u00e4reiss\u00e4. Sohvan istuin- ja selk\u00e4tyynyt ovat irrotettavia ja pest\u00e4vi\u00e4, mik\u00e4 lis\u00e4\u00e4 sohvan k\u00e4ytt\u00f6ik\u00e4\u00e4. Sohvan runko on valmistettu laadukkaasta massiivipuusta ja vanerista, ja sen jousitus on vahvaa ja kimmoisaa. Sohva on leveydelt\u00e4\u00e4n vain 177 cm, ja se sopii hyvin niin olohuoneeseen kuin ty\u00f6huoneeseenkin.<\/p>\n<p>Dolphin Max on Pohjanmaan Kalusteen tuote, joka on tunnettu suomalaisesta huonekaluosaamisestaan. Pohjanmaan Kaluste valmistaa sohvansa Suomessa, ja niill\u00e4 on Avainlippu-merkki. Pohjanmaan Kaluste tarjoaakin kahdenkymmenenvuoden takuun sohvien puurungoille ja jousituksille.<\/p>\n<p>Jos etsit sohvaa, joka on sek\u00e4 kaunis ett\u00e4 k\u00e4yt\u00e4nn\u00f6llinen, Dolphin Max on sinulle oikea valinta. Tilaa se nyt Pohjanmaan Tehtaanmyym\u00e4l\u00e4st\u00e4 ja nauti sen tuomasta ilosta ja rentoutumisesta. Dolphin Max on sohva, joka ei pet\u00e4 odotuksiasi!<\/p>\n<p>Atlantic-kankaassa on 9 v\u00e4ri\u00e4.<\/p>\n<p>Dolphin-sohvasta on my\u00f6s <a href=\"https:\/\/pohjanmaantehtaanmyymala.fi\/tuote\/dolphin-sohva-nuvola-kankaalla\/\">isompi 3-istuttava versio<\/a><\/p>\n<p>My\u00f6s muita v\u00e4rej\u00e4, kysy saatavuutta ja hintaa <a href=\"https:\/\/pohjanmaantehtaanmyymala.fi\/yhteys\/\">myynnist\u00e4mme!<\/a><\/p>\n<h3>Tuotetiedot:<\/h3>\n<p><a href=\"https:\/\/www.pohjanmaan.fi\/_files\/ugd\/fa0c6a_12df0f6f8d7b422a991e8bcd2dd1edf5.pdf\">Laataa t\u00e4st\u00e4 Dolphin sohvan tuotekortti!<\/a><\/p>\n<p>Sohvan leveys on 177 cm, korkeus 88 cm ja syvyys 92 cm.<br \/>\nIstuinkorkeus on 46 cm<br \/>\nIstuinsyvyys on 54 cm<br \/>\nIstuinosan leveys on 152 cm.<br \/>\nRunko: Massiivipuu, vaneri ja kovalevy. Runkotakuu 20-vuotta.<br \/>\nIstuinpehmuste: No-Zag jouset, vaahtomuovi + vanu.<br \/>\nSelk\u00e4tyynyt: Vanut\u00e4yte lokeroitu. Irralliset selk\u00e4tyynyt.<br \/>\nVerhoilu: Atlantic kangas. 100 % kierr\u00e4tetty\u00e4 polyesteri\u00e4.<br \/>\nJalat: Metallijalka, korkeus 13 cm.<\/p>\n<p>Toimitetaan kasattuna jalat irrallaan.<\/p>\n","protected":false},"excerpt":{"rendered":"<p>Pehme\u00e4 sohva, joka vet\u00e4\u00e4 puoleensa.<\/p>\n","protected":false},"featured_media":23716,"comment_status":"closed","ping_status":"closed","template":"","meta":{"_acf_changed":false,"jetpack_post_was_ever_published":false,"jetpack_publicize_message":"","jetpack_publicize_feature_enabled":true,"jetpack_social_post_already_shared":true,"jetpack_social_options":{"image_generator_settings":{"template":"highway","default_image_id":0,"font":"","enabled":false},"version":2}},"product_brand":[270],"product_cat":[201],"product_tag":[],"class_list":{"0":"post-23700","1":"product","2":"type-product","3":"status-publish","4":"has-post-thumbnail","6":"product_brand-pohjanmaan","7":"product_cat-sohvat","8":"product_shipping_class-161","9":"pa_vari-atlantic-01-vaaleanharmaa","10":"pa_vari-atlantic-02-harmaa","11":"pa_vari-atlantic-03-beige","12":"pa_vari-atlantic-04-pinkki","13":"pa_vari-atlantic-05-vihrea","14":"pa_vari-atlantic-06-oranssi","15":"pa_vari-atlantic-07-antrasiitti","16":"pa_vari-atlantic-08-sininen","17":"pa_vari-atlantic-09-tummanharmaa","19":"first","20":"instock","21":"sale","22":"purchasable","23":"product-type-variable"},"acf":[],"jetpack_publicize_connections":[],"jetpack_sharing_enabled":true,"jetpack-related-posts":[{"id":23724,"url":"https:\/\/pohjanmaantehtaanmyymala.fi\/en\/tuote\/dolphin-3-istuttava-sohva-atlantic-kankaalla\/","url_meta":{"origin":23700,"position":0},"title":"Dolphin 3-istuttava sohva Atlantic kankaalla","author":"Sami Viitala","date":"September 26, 2023","format":false,"excerpt":"T\u00e4m\u00e4 sohvan ylellinen istuinpehmeys tekee oleskelun sohvalla vastustamattoman mukavaksi.","rel":"","context":"Similar post","block_context":{"text":"Similar post","link":""},"img":{"alt_text":"Dolphin sohva tumman harmaalla Atlantic-kankaalla verhoiltuna","src":"https:\/\/i0.wp.com\/pohjanmaantehtaanmyymala.fi\/wp-content\/uploads\/2023\/09\/Dolphin-3-istuttava-sohva-Atlantic09-tummanharmaa.jpg?fit=960%2C960&ssl=1&resize=350%2C200","width":350,"height":200,"srcset":"https:\/\/i0.wp.com\/pohjanmaantehtaanmyymala.fi\/wp-content\/uploads\/2023\/09\/Dolphin-3-istuttava-sohva-Atlantic09-tummanharmaa.jpg?fit=960%2C960&ssl=1&resize=350%2C200 1x, https:\/\/i0.wp.com\/pohjanmaantehtaanmyymala.fi\/wp-content\/uploads\/2023\/09\/Dolphin-3-istuttava-sohva-Atlantic09-tummanharmaa.jpg?fit=960%2C960&ssl=1&resize=525%2C300 1.5x, https:\/\/i0.wp.com\/pohjanmaantehtaanmyymala.fi\/wp-content\/uploads\/2023\/09\/Dolphin-3-istuttava-sohva-Atlantic09-tummanharmaa.jpg?fit=960%2C960&ssl=1&resize=700%2C400 2x"},"classes":[]},{"id":23748,"url":"https:\/\/pohjanmaantehtaanmyymala.fi\/en\/tuote\/dolphin-avokulmasohva-atlantic-kankaalla\/","url_meta":{"origin":23700,"position":1},"title":"Dolphin avokulmasohva Atlantic-kankaalla","author":"Sami Viitala","date":"September 26, 2023","format":false,"excerpt":"Dolphin avokulmasohva on sohva, johon rakastut!","rel":"","context":"Similar post","block_context":{"text":"Similar post","link":""},"img":{"alt_text":"Dolphin avokulmasohva Atlantic-kangas vaaleanharmaa","src":"https:\/\/i0.wp.com\/pohjanmaantehtaanmyymala.fi\/wp-content\/uploads\/2023\/09\/Pohjanmaan_Dolphin_avokulmasohva_2.jpg?fit=960%2C960&ssl=1&resize=350%2C200","width":350,"height":200,"srcset":"https:\/\/i0.wp.com\/pohjanmaantehtaanmyymala.fi\/wp-content\/uploads\/2023\/09\/Pohjanmaan_Dolphin_avokulmasohva_2.jpg?fit=960%2C960&ssl=1&resize=350%2C200 1x, https:\/\/i0.wp.com\/pohjanmaantehtaanmyymala.fi\/wp-content\/uploads\/2023\/09\/Pohjanmaan_Dolphin_avokulmasohva_2.jpg?fit=960%2C960&ssl=1&resize=525%2C300 1.5x, https:\/\/i0.wp.com\/pohjanmaantehtaanmyymala.fi\/wp-content\/uploads\/2023\/09\/Pohjanmaan_Dolphin_avokulmasohva_2.jpg?fit=960%2C960&ssl=1&resize=700%2C400 2x"},"classes":[]},{"id":23318,"url":"https:\/\/pohjanmaantehtaanmyymala.fi\/en\/tuote\/dolphin-2-istuttava-sohva-nuvola-kankaalla\/","url_meta":{"origin":23700,"position":2},"title":"Dolphin 2,5-istuttava sohva Nuvola kankaalla","author":"Sami Viitala","date":"September 5, 2023","format":false,"excerpt":"Kaunis sohva kest\u00e4v\u00e4ll\u00e4 Easy Care-kankaalla verhoiltuna.","rel":"","context":"Similar post","block_context":{"text":"Similar post","link":""},"img":{"alt_text":"Pohjanmaan Dolphin sohva nuvola kankaalla, v\u00e4ri okra etupuoli","src":"https:\/\/i0.wp.com\/pohjanmaantehtaanmyymala.fi\/wp-content\/uploads\/2023\/09\/Pohjanmaan_Dolphin_3-istuttava_etupuoli.jpg?fit=960%2C960&ssl=1&resize=350%2C200","width":350,"height":200,"srcset":"https:\/\/i0.wp.com\/pohjanmaantehtaanmyymala.fi\/wp-content\/uploads\/2023\/09\/Pohjanmaan_Dolphin_3-istuttava_etupuoli.jpg?fit=960%2C960&ssl=1&resize=350%2C200 1x, https:\/\/i0.wp.com\/pohjanmaantehtaanmyymala.fi\/wp-content\/uploads\/2023\/09\/Pohjanmaan_Dolphin_3-istuttava_etupuoli.jpg?fit=960%2C960&ssl=1&resize=525%2C300 1.5x, https:\/\/i0.wp.com\/pohjanmaantehtaanmyymala.fi\/wp-content\/uploads\/2023\/09\/Pohjanmaan_Dolphin_3-istuttava_etupuoli.jpg?fit=960%2C960&ssl=1&resize=700%2C400 2x"},"classes":[]},{"id":23294,"url":"https:\/\/pohjanmaantehtaanmyymala.fi\/en\/tuote\/dolphin-sohva-nuvola-kankaalla\/","url_meta":{"origin":23700,"position":3},"title":"Dolphin 3-istuttava sohva Nuvola kankaalla","author":"Sami Viitala","date":"September 4, 2023","format":false,"excerpt":"Upea sohva kest\u00e4v\u00e4ll\u00e4 Easy Care-kankaalla verhoiltuna.","rel":"","context":"Similar post","block_context":{"text":"Similar post","link":""},"img":{"alt_text":"Pohjanmaan Dolphin sohva nuvola kankaalla, v\u00e4ri okra","src":"https:\/\/i0.wp.com\/pohjanmaantehtaanmyymala.fi\/wp-content\/uploads\/2023\/09\/Pohjanmaan_Dolphin_3-istuttava_etusivupuoli.jpg?fit=960%2C960&ssl=1&resize=350%2C200","width":350,"height":200,"srcset":"https:\/\/i0.wp.com\/pohjanmaantehtaanmyymala.fi\/wp-content\/uploads\/2023\/09\/Pohjanmaan_Dolphin_3-istuttava_etusivupuoli.jpg?fit=960%2C960&ssl=1&resize=350%2C200 1x, https:\/\/i0.wp.com\/pohjanmaantehtaanmyymala.fi\/wp-content\/uploads\/2023\/09\/Pohjanmaan_Dolphin_3-istuttava_etusivupuoli.jpg?fit=960%2C960&ssl=1&resize=525%2C300 1.5x, https:\/\/i0.wp.com\/pohjanmaantehtaanmyymala.fi\/wp-content\/uploads\/2023\/09\/Pohjanmaan_Dolphin_3-istuttava_etusivupuoli.jpg?fit=960%2C960&ssl=1&resize=700%2C400 2x"},"classes":[]},{"id":25123,"url":"https:\/\/pohjanmaantehtaanmyymala.fi\/en\/tuote\/dolphin-vuodesohva-kangasverhoilulla\/","url_meta":{"origin":23700,"position":4},"title":"Dolphin vuodesohva kangasverhoilulla","author":"Miro Nevala","date":"March 4, 2024","format":false,"excerpt":"Upea kangasvuodesohva mekanismilla useilla v\u00e4rivaihtoehdoilla!","rel":"","context":"Similar post","block_context":{"text":"Similar post","link":""},"img":{"alt_text":"Pohjanmaan Dolphin vuodesohva","src":"https:\/\/i0.wp.com\/pohjanmaantehtaanmyymala.fi\/wp-content\/uploads\/2024\/02\/Pohjanmaan-Dolphin-vuodesohva-960dpi.jpg?fit=960%2C960&ssl=1&resize=350%2C200","width":350,"height":200,"srcset":"https:\/\/i0.wp.com\/pohjanmaantehtaanmyymala.fi\/wp-content\/uploads\/2024\/02\/Pohjanmaan-Dolphin-vuodesohva-960dpi.jpg?fit=960%2C960&ssl=1&resize=350%2C200 1x, https:\/\/i0.wp.com\/pohjanmaantehtaanmyymala.fi\/wp-content\/uploads\/2024\/02\/Pohjanmaan-Dolphin-vuodesohva-960dpi.jpg?fit=960%2C960&ssl=1&resize=525%2C300 1.5x, https:\/\/i0.wp.com\/pohjanmaantehtaanmyymala.fi\/wp-content\/uploads\/2024\/02\/Pohjanmaan-Dolphin-vuodesohva-960dpi.jpg?fit=960%2C960&ssl=1&resize=700%2C400 2x"},"classes":[]},{"id":23561,"url":"https:\/\/pohjanmaantehtaanmyymala.fi\/en\/tuote\/dolphin-avokulmasohva-nuvola-kankaalla\/","url_meta":{"origin":23700,"position":5},"title":"Dolphin avokulmasohva Nuvola kankaalla","author":"Sami Viitala","date":"September 19, 2023","format":false,"excerpt":"Avokulmasohva, joka tekee sinut onnelliseksi!","rel":"","context":"Similar post","block_context":{"text":"Similar post","link":""},"img":{"alt_text":"Dolphin avokulmasohva Nuvola-kankaalla harmaa milj\u00f6\u00f6kuva","src":"https:\/\/i0.wp.com\/pohjanmaantehtaanmyymala.fi\/wp-content\/uploads\/2023\/09\/Dolphin-avokulmasohva-Nuvola-harmaa.jpg?fit=960%2C960&ssl=1&resize=350%2C200","width":350,"height":200,"srcset":"https:\/\/i0.wp.com\/pohjanmaantehtaanmyymala.fi\/wp-content\/uploads\/2023\/09\/Dolphin-avokulmasohva-Nuvola-harmaa.jpg?fit=960%2C960&ssl=1&resize=350%2C200 1x, https:\/\/i0.wp.com\/pohjanmaantehtaanmyymala.fi\/wp-content\/uploads\/2023\/09\/Dolphin-avokulmasohva-Nuvola-harmaa.jpg?fit=960%2C960&ssl=1&resize=525%2C300 1.5x, https:\/\/i0.wp.com\/pohjanmaantehtaanmyymala.fi\/wp-content\/uploads\/2023\/09\/Dolphin-avokulmasohva-Nuvola-harmaa.jpg?fit=960%2C960&ssl=1&resize=700%2C400 2x"},"classes":[]}],"_links":{"self":[{"href":"https:\/\/pohjanmaantehtaanmyymala.fi\/en\/wp-json\/wp\/v2\/product\/23700","targetHints":{"allow":["GET"]}}],"collection":[{"href":"https:\/\/pohjanmaantehtaanmyymala.fi\/en\/wp-json\/wp\/v2\/product"}],"about":[{"href":"https:\/\/pohjanmaantehtaanmyymala.fi\/en\/wp-json\/wp\/v2\/types\/product"}],"replies":[{"embeddable":true,"href":"https:\/\/pohjanmaantehtaanmyymala.fi\/en\/wp-json\/wp\/v2\/comments?post=23700"}],"wp:featuredmedia":[{"embeddable":true,"href":"https:\/\/pohjanmaantehtaanmyymala.fi\/en\/wp-json\/wp\/v2\/media\/23716"}],"wp:attachment":[{"href":"https:\/\/pohjanmaantehtaanmyymala.fi\/en\/wp-json\/wp\/v2\/media?parent=23700"}],"wp:term":[{"taxonomy":"product_brand","embeddable":true,"href":"https:\/\/pohjanmaantehtaanmyymala.fi\/en\/wp-json\/wp\/v2\/product_brand?post=23700"},{"taxonomy":"product_cat","embeddable":true,"href":"https:\/\/pohjanmaantehtaanmyymala.fi\/en\/wp-json\/wp\/v2\/product_cat?post=23700"},{"taxonomy":"product_tag","embeddable":true,"href":"https:\/\/pohjanmaantehtaanmyymala.fi\/en\/wp-json\/wp\/v2\/product_tag?post=23700"}],"curies":[{"name":"wp","href":"https:\/\/api.w.org\/{rel}","templated":true}]}}