{"id":23345,"date":"2023-09-05T15:07:47","date_gmt":"2023-09-05T13:07:47","guid":{"rendered":"https:\/\/pohjanmaantehtaanmyymala.fi\/?post_type=product&#038;p=23345"},"modified":"2023-09-05T16:54:16","modified_gmt":"2023-09-05T14:54:16","slug":"monaco-pyoriva-tuoli-harmaa-kangas","status":"publish","type":"product","link":"https:\/\/pohjanmaantehtaanmyymala.fi\/en\/tuote\/monaco-pyoriva-tuoli-harmaa-kangas\/","title":{"rendered":"Monaco py\u00f6riv\u00e4 tuoli harmaa kangas"},"content":{"rendered":"<p>Monaco py\u00f6riv\u00e4 keitt\u00f6tuoli on tyylik\u00e4s ja monik\u00e4ytt\u00f6inen istuin, joka sopii t\u00e4ydellisesti keitti\u00f6\u00f6n tai neuvottelutilaan. Sen moderni muotoilu ja laadukkaat materiaalit tekev\u00e4t siit\u00e4 erinomaisen valinnan niin kotik\u00e4ytt\u00f6\u00f6n kuin ammattik\u00e4ytt\u00f6\u00f6nkin. T\u00e4m\u00e4 keitt\u00f6tuoli on verhoiltu laadukkaalla harmaalla kankaalla ja siin\u00e4 on kest\u00e4v\u00e4 musta metallijalka, joka varmistaa vakauden ja pitk\u00e4ik\u00e4isyyden.<\/p>\n<h3>Ominaisuudet:<\/h3>\n<ul>\n<li>Verhoilu: Laadukas harmaa kangas.<\/li>\n<li>Runko: Vahva ja kest\u00e4v\u00e4 metallijalka.<\/li>\n<li>Py\u00f6riv\u00e4 istuin: Helppo k\u00e4\u00e4ntyvyys mahdollistaa vaivattoman liikkumisen.<\/li>\n<li>Tyylik\u00e4s muotoilu: Sopii monenlaiseen sisustukseen.<\/li>\n<li>K\u00e4ytt\u00f6kohteet: Soveltuu erinomaisesti keitti\u00f6\u00f6n ja neuvottelutiloihin.<\/li>\n<li>Paino: n. 7 kg<\/li>\n<\/ul>\n<h3>Mittatiedot:<\/h3>\n<p>Leveys 48 cm, Pituus 54 cm, Korkeus 86 cm<br \/>\nIstuinsyvyys 43 cm<br \/>\nIstuinkorkeus 48 cm<\/p>\n<p>Toimitetaan 2 kpl:n pahvipakkauksessa jalat irrallaan.<\/p>\n","protected":false},"excerpt":{"rendered":"<p>Mikrokuitukankaalla verhoiltu ja mustilla pulverimaalatuilla metallijaloilla varustettu\u00a0 py\u00f6riv\u00e4 keitt\u00f6ntuoli.<\/p>\n","protected":false},"featured_media":23346,"comment_status":"closed","ping_status":"closed","template":"","meta":{"_acf_changed":false,"jetpack_post_was_ever_published":false,"jetpack_publicize_message":"","jetpack_publicize_feature_enabled":true,"jetpack_social_post_already_shared":true,"jetpack_social_options":{"image_generator_settings":{"template":"highway","default_image_id":0,"font":"","enabled":false},"version":2}},"product_brand":[220],"product_cat":[194],"product_tag":[],"class_list":{"0":"post-23345","1":"product","2":"type-product","3":"status-publish","4":"has-post-thumbnail","6":"product_brand-house-nordic","7":"product_cat-ruokapoydat-ja-tuolit","8":"product_shipping_class-161","10":"first","11":"instock","12":"sale","13":"purchasable","14":"product-type-simple"},"acf":[],"jetpack_publicize_connections":[],"jetpack_sharing_enabled":true,"jetpack-related-posts":[{"id":23353,"url":"https:\/\/pohjanmaantehtaanmyymala.fi\/en\/tuote\/monaco-pyoriva-baarituoli-musta-nahka\/","url_meta":{"origin":23345,"position":0},"title":"Monaco py\u00f6riv\u00e4 baarituoli musta nahka","author":"Sami Viitala","date":"September 12, 2023","format":false,"excerpt":"Pu-nahkalla verhoiltu ja mustilla pulverimaalatuilla metallijaloilla varustettu py\u00f6riv\u00e4 keitti\u00f6saarekkeen tuoli.","rel":"","context":"Similar post","block_context":{"text":"Similar post","link":""},"img":{"alt_text":"Monaco baarituoli musta pu-nahka ja musta metallijalka","src":"https:\/\/i0.wp.com\/pohjanmaantehtaanmyymala.fi\/wp-content\/uploads\/2023\/09\/Monaco-baarituoli-1001322-1.jpg?fit=960%2C960&ssl=1&resize=350%2C200","width":350,"height":200,"srcset":"https:\/\/i0.wp.com\/pohjanmaantehtaanmyymala.fi\/wp-content\/uploads\/2023\/09\/Monaco-baarituoli-1001322-1.jpg?fit=960%2C960&ssl=1&resize=350%2C200 1x, https:\/\/i0.wp.com\/pohjanmaantehtaanmyymala.fi\/wp-content\/uploads\/2023\/09\/Monaco-baarituoli-1001322-1.jpg?fit=960%2C960&ssl=1&resize=525%2C300 1.5x, https:\/\/i0.wp.com\/pohjanmaantehtaanmyymala.fi\/wp-content\/uploads\/2023\/09\/Monaco-baarituoli-1001322-1.jpg?fit=960%2C960&ssl=1&resize=700%2C400 2x"},"classes":[]},{"id":19758,"url":"https:\/\/pohjanmaantehtaanmyymala.fi\/en\/tuote\/norwell-tuoli\/","url_meta":{"origin":23345,"position":1},"title":"NORWELL tuoli","author":"Sami Viitala","date":"February 14, 2022","format":false,"excerpt":"Rowicon tyylik\u00e4s tuoli py\u00f6riv\u00e4ll\u00e4 jalalla.","rel":"","context":"Similar post","block_context":{"text":"Similar post","link":""},"img":{"alt_text":"Rowico Norwell tuolit beige ja harmaa","src":"https:\/\/i0.wp.com\/pohjanmaantehtaanmyymala.fi\/wp-content\/uploads\/2022\/02\/Rowico-Norwell-tuoli-harmaa-beige.jpg?fit=960%2C960&ssl=1&resize=350%2C200","width":350,"height":200,"srcset":"https:\/\/i0.wp.com\/pohjanmaantehtaanmyymala.fi\/wp-content\/uploads\/2022\/02\/Rowico-Norwell-tuoli-harmaa-beige.jpg?fit=960%2C960&ssl=1&resize=350%2C200 1x, https:\/\/i0.wp.com\/pohjanmaantehtaanmyymala.fi\/wp-content\/uploads\/2022\/02\/Rowico-Norwell-tuoli-harmaa-beige.jpg?fit=960%2C960&ssl=1&resize=525%2C300 1.5x, https:\/\/i0.wp.com\/pohjanmaantehtaanmyymala.fi\/wp-content\/uploads\/2022\/02\/Rowico-Norwell-tuoli-harmaa-beige.jpg?fit=960%2C960&ssl=1&resize=700%2C400 2x"},"classes":[]},{"id":15800,"url":"https:\/\/pohjanmaantehtaanmyymala.fi\/en\/tuote\/rowico-alison-tuoli\/","url_meta":{"origin":23345,"position":2},"title":"ALISON py\u00f6riv\u00e4 tuoli metallijalalla","author":"Sami Viitala","date":"November 23, 2020","format":false,"excerpt":"Rowicon kaunis ruokap\u00f6yd\u00e4n tuoli harmaalla tai beigell\u00e4 verhoilulla.","rel":"","context":"Similar post","block_context":{"text":"Similar post","link":""},"img":{"alt_text":"Rowico Alison tuoli antrasiitti mikrokuitu","src":"https:\/\/i0.wp.com\/pohjanmaantehtaanmyymala.fi\/wp-content\/uploads\/2020\/11\/Alison-tuoli-harmaa.jpg?fit=1200%2C1200&ssl=1&resize=350%2C200","width":350,"height":200,"srcset":"https:\/\/i0.wp.com\/pohjanmaantehtaanmyymala.fi\/wp-content\/uploads\/2020\/11\/Alison-tuoli-harmaa.jpg?fit=1200%2C1200&ssl=1&resize=350%2C200 1x, https:\/\/i0.wp.com\/pohjanmaantehtaanmyymala.fi\/wp-content\/uploads\/2020\/11\/Alison-tuoli-harmaa.jpg?fit=1200%2C1200&ssl=1&resize=525%2C300 1.5x, https:\/\/i0.wp.com\/pohjanmaantehtaanmyymala.fi\/wp-content\/uploads\/2020\/11\/Alison-tuoli-harmaa.jpg?fit=1200%2C1200&ssl=1&resize=700%2C400 2x, https:\/\/i0.wp.com\/pohjanmaantehtaanmyymala.fi\/wp-content\/uploads\/2020\/11\/Alison-tuoli-harmaa.jpg?fit=1200%2C1200&ssl=1&resize=1050%2C600 3x"},"classes":[]},{"id":28371,"url":"https:\/\/pohjanmaantehtaanmyymala.fi\/en\/tuote\/alison-pyoriva-tuoli-tummabeige-puujalalla\/","url_meta":{"origin":23345,"position":3},"title":"ALISON py\u00f6riv\u00e4 tuoli, tummabeige, puujalalla","author":"Sami Viitala","date":"February 17, 2025","format":false,"excerpt":"Suosittu ruokap\u00f6yd\u00e4n tuoli tumman beigell\u00e4 verhoilulla. Valitse jalkav\u00e4ri!","rel":"","context":"Similar post","block_context":{"text":"Similar post","link":""},"img":{"alt_text":"Rowico Alison py\u00f6riv\u00e4 tuoli tumma beige ruskealla puujalalla","src":"https:\/\/i0.wp.com\/pohjanmaantehtaanmyymala.fi\/wp-content\/uploads\/2025\/02\/117866_a_Alison_swivelchair_dark_beige_brown_oak.jpg?fit=1000%2C1000&ssl=1&resize=350%2C200","width":350,"height":200,"srcset":"https:\/\/i0.wp.com\/pohjanmaantehtaanmyymala.fi\/wp-content\/uploads\/2025\/02\/117866_a_Alison_swivelchair_dark_beige_brown_oak.jpg?fit=1000%2C1000&ssl=1&resize=350%2C200 1x, https:\/\/i0.wp.com\/pohjanmaantehtaanmyymala.fi\/wp-content\/uploads\/2025\/02\/117866_a_Alison_swivelchair_dark_beige_brown_oak.jpg?fit=1000%2C1000&ssl=1&resize=525%2C300 1.5x, https:\/\/i0.wp.com\/pohjanmaantehtaanmyymala.fi\/wp-content\/uploads\/2025\/02\/117866_a_Alison_swivelchair_dark_beige_brown_oak.jpg?fit=1000%2C1000&ssl=1&resize=700%2C400 2x"},"classes":[]},{"id":18855,"url":"https:\/\/pohjanmaantehtaanmyymala.fi\/en\/tuote\/harbo-tuoli-pyoriva-pu-nahka\/","url_meta":{"origin":23345,"position":4},"title":"Harbo -tuoli py\u00f6riv\u00e4, musta pu-nahka","author":"Sami Viitala","date":"November 6, 2021","format":false,"excerpt":"Py\u00f6riv\u00e4 keitti\u00f6n tuoli eri v\u00e4reiss\u00e4 House Nordicilta.","rel":"","context":"Similar post","block_context":{"text":"Similar post","link":""},"img":{"alt_text":"Harbo tuoli p\u00f6yriv\u00e4 pu-nahka musta","src":"https:\/\/i0.wp.com\/pohjanmaantehtaanmyymala.fi\/wp-content\/uploads\/2021\/11\/Harbo-tuoli-musta1001167.jpg?fit=1200%2C1200&ssl=1&resize=350%2C200","width":350,"height":200,"srcset":"https:\/\/i0.wp.com\/pohjanmaantehtaanmyymala.fi\/wp-content\/uploads\/2021\/11\/Harbo-tuoli-musta1001167.jpg?fit=1200%2C1200&ssl=1&resize=350%2C200 1x, https:\/\/i0.wp.com\/pohjanmaantehtaanmyymala.fi\/wp-content\/uploads\/2021\/11\/Harbo-tuoli-musta1001167.jpg?fit=1200%2C1200&ssl=1&resize=525%2C300 1.5x, https:\/\/i0.wp.com\/pohjanmaantehtaanmyymala.fi\/wp-content\/uploads\/2021\/11\/Harbo-tuoli-musta1001167.jpg?fit=1200%2C1200&ssl=1&resize=700%2C400 2x, https:\/\/i0.wp.com\/pohjanmaantehtaanmyymala.fi\/wp-content\/uploads\/2021\/11\/Harbo-tuoli-musta1001167.jpg?fit=1200%2C1200&ssl=1&resize=1050%2C600 3x"},"classes":[]},{"id":28391,"url":"https:\/\/pohjanmaantehtaanmyymala.fi\/en\/tuote\/alison-pyoriva-tuoli-beige-nahka-puujalalla\/","url_meta":{"origin":23345,"position":5},"title":"ALISON py\u00f6riv\u00e4 tuoli, beige nahka, puujalalla","author":"Sami Viitala","date":"February 17, 2025","format":false,"excerpt":"Suosittu ruokap\u00f6yd\u00e4n tuoli tumman beigell\u00e4 verhoilulla. Valitse jalkav\u00e4ri!","rel":"","context":"Similar post","block_context":{"text":"Similar post","link":""},"img":{"alt_text":"Rowico Alison py\u00f6riv\u00e4 tuoli beigen v\u00e4rinen nahka ruskealla puujalalla edest\u00e4 p\u00e4in.","src":"https:\/\/i0.wp.com\/pohjanmaantehtaanmyymala.fi\/wp-content\/uploads\/2025\/02\/118136_b_sb_a_Alison_swivelchair_beige_leather_brown_oak.jpg?fit=1000%2C1000&ssl=1&resize=350%2C200","width":350,"height":200,"srcset":"https:\/\/i0.wp.com\/pohjanmaantehtaanmyymala.fi\/wp-content\/uploads\/2025\/02\/118136_b_sb_a_Alison_swivelchair_beige_leather_brown_oak.jpg?fit=1000%2C1000&ssl=1&resize=350%2C200 1x, https:\/\/i0.wp.com\/pohjanmaantehtaanmyymala.fi\/wp-content\/uploads\/2025\/02\/118136_b_sb_a_Alison_swivelchair_beige_leather_brown_oak.jpg?fit=1000%2C1000&ssl=1&resize=525%2C300 1.5x, https:\/\/i0.wp.com\/pohjanmaantehtaanmyymala.fi\/wp-content\/uploads\/2025\/02\/118136_b_sb_a_Alison_swivelchair_beige_leather_brown_oak.jpg?fit=1000%2C1000&ssl=1&resize=700%2C400 2x"},"classes":[]}],"_links":{"self":[{"href":"https:\/\/pohjanmaantehtaanmyymala.fi\/en\/wp-json\/wp\/v2\/product\/23345","targetHints":{"allow":["GET"]}}],"collection":[{"href":"https:\/\/pohjanmaantehtaanmyymala.fi\/en\/wp-json\/wp\/v2\/product"}],"about":[{"href":"https:\/\/pohjanmaantehtaanmyymala.fi\/en\/wp-json\/wp\/v2\/types\/product"}],"replies":[{"embeddable":true,"href":"https:\/\/pohjanmaantehtaanmyymala.fi\/en\/wp-json\/wp\/v2\/comments?post=23345"}],"wp:featuredmedia":[{"embeddable":true,"href":"https:\/\/pohjanmaantehtaanmyymala.fi\/en\/wp-json\/wp\/v2\/media\/23346"}],"wp:attachment":[{"href":"https:\/\/pohjanmaantehtaanmyymala.fi\/en\/wp-json\/wp\/v2\/media?parent=23345"}],"wp:term":[{"taxonomy":"product_brand","embeddable":true,"href":"https:\/\/pohjanmaantehtaanmyymala.fi\/en\/wp-json\/wp\/v2\/product_brand?post=23345"},{"taxonomy":"product_cat","embeddable":true,"href":"https:\/\/pohjanmaantehtaanmyymala.fi\/en\/wp-json\/wp\/v2\/product_cat?post=23345"},{"taxonomy":"product_tag","embeddable":true,"href":"https:\/\/pohjanmaantehtaanmyymala.fi\/en\/wp-json\/wp\/v2\/product_tag?post=23345"}],"curies":[{"name":"wp","href":"https:\/\/api.w.org\/{rel}","templated":true}]}}