{"id":23329,"date":"2023-09-05T13:07:27","date_gmt":"2023-09-05T11:07:27","guid":{"rendered":"https:\/\/pohjanmaantehtaanmyymala.fi\/?post_type=product&#038;p=23329"},"modified":"2025-08-10T00:00:15","modified_gmt":"2025-08-09T22:00:15","slug":"adelaide-vitriini-musta","status":"publish","type":"product","link":"https:\/\/pohjanmaantehtaanmyymala.fi\/en\/tuote\/adelaide-vitriini-musta\/","title":{"rendered":"Adelaide vitriini, musta"},"content":{"rendered":"<p>Musta metallinen Adelaide vitriinikaappi k\u00e4y monenlaiseen sisustukseen, muun muassa s\u00e4ilytystilaksi nuorten huoneeseen.<\/p>\n<p>Kaapin ovissa ja sivuseiniss\u00e4 on kuvioitu lasi, jonka l\u00e4pi ei n\u00e4e, mutta kaapin sis\u00e4ll\u00e4 olevat tavarat kuultavat v\u00e4h\u00e4n siit\u00e4 l\u00e4pi. Kappissa on kaksi korkeuss\u00e4\u00e4dett\u00e4v\u00e4\u00e4 hylly\u00e4.<\/p>\n<p>Kaappi suositellaan kiinnitett\u00e4v\u00e4ksi sein\u00e4\u00e4n yl\u00e4p\u00e4\u00e4st\u00e4, jottei se p\u00e4\u00e4sisi vahingossa kaatumaan esim. pikkulasten p\u00e4\u00e4lle.<\/p>\n<h3>Tuotetiedot:<\/h3>\n<p>Leveys 80 cm, syvyys 35 cm, Korkeus 110 cm<br \/>\nMateriaali: Ter\u00e4st\u00e4 ja lasia<br \/>\nPaino: 31 kg<\/p>\n<p>Toimitetaan pahvipakkauksessa osina.<\/p>\n","protected":false},"excerpt":{"rendered":"<p>Kest\u00e4v\u00e4 ja tyylik\u00e4s metallikaappi House Nordicilta.<\/p>\n","protected":false},"featured_media":23336,"comment_status":"closed","ping_status":"closed","template":"","meta":{"_acf_changed":false,"jetpack_post_was_ever_published":false,"jetpack_publicize_message":"","jetpack_publicize_feature_enabled":true,"jetpack_social_post_already_shared":true,"jetpack_social_options":{"image_generator_settings":{"template":"highway","default_image_id":0,"font":"","enabled":false},"version":2}},"product_brand":[220],"product_cat":[196,197],"product_tag":[],"class_list":{"0":"post-23329","1":"product","2":"type-product","3":"status-publish","4":"has-post-thumbnail","6":"product_brand-house-nordic","7":"product_cat-sailytyskalusteet-ja-tv-tasot","8":"product_cat-toimistokalusteet","9":"product_shipping_class-161","11":"first","12":"instock","13":"purchasable","14":"product-type-simple"},"acf":[],"jetpack_publicize_connections":[],"jetpack_sharing_enabled":true,"jetpack-related-posts":[{"id":19031,"url":"https:\/\/pohjanmaantehtaanmyymala.fi\/en\/tuote\/melbourne-ovikaappi-musta\/","url_meta":{"origin":23329,"position":0},"title":"Melbourne ovikaappi, musta","author":"Sami Viitala","date":"November 11, 2021","format":false,"excerpt":"Kest\u00e4v\u00e4 ja tyylik\u00e4s metallikaappi House Nordicilta.","rel":"","context":"Similar post","block_context":{"text":"Similar post","link":""},"img":{"alt_text":"Melbourne kaappi musta metallia","src":"https:\/\/i0.wp.com\/pohjanmaantehtaanmyymala.fi\/wp-content\/uploads\/2021\/11\/Melbourne-kaappi-3001080-0-2.jpg?fit=1200%2C1200&ssl=1&resize=350%2C200","width":350,"height":200,"srcset":"https:\/\/i0.wp.com\/pohjanmaantehtaanmyymala.fi\/wp-content\/uploads\/2021\/11\/Melbourne-kaappi-3001080-0-2.jpg?fit=1200%2C1200&ssl=1&resize=350%2C200 1x, https:\/\/i0.wp.com\/pohjanmaantehtaanmyymala.fi\/wp-content\/uploads\/2021\/11\/Melbourne-kaappi-3001080-0-2.jpg?fit=1200%2C1200&ssl=1&resize=525%2C300 1.5x, https:\/\/i0.wp.com\/pohjanmaantehtaanmyymala.fi\/wp-content\/uploads\/2021\/11\/Melbourne-kaappi-3001080-0-2.jpg?fit=1200%2C1200&ssl=1&resize=700%2C400 2x, https:\/\/i0.wp.com\/pohjanmaantehtaanmyymala.fi\/wp-content\/uploads\/2021\/11\/Melbourne-kaappi-3001080-0-2.jpg?fit=1200%2C1200&ssl=1&resize=1050%2C600 3x"},"classes":[]},{"id":19749,"url":"https:\/\/pohjanmaantehtaanmyymala.fi\/en\/tuote\/gustav-kirjakaappi-60-cm\/","url_meta":{"origin":23329,"position":1},"title":"GUSTAV kirjakaappi 60 cm","author":"Sami Viitala","date":"February 11, 2022","format":false,"excerpt":"Kotimainen Gustav kirjakaappi on oiva s\u00e4ilytysratkaisu, johon mahtuu paljon tavaraa katseilta piiloon. Kirjakaappia on saatavana sek\u00e4 oikea- et\u00e4\u00e4 vasenk\u00e4tisell\u00e4 ovella. Jos haluat n\u00e4ytt\u00e4v\u00e4mm\u00e4n kokonaisuuden, kirjakaappeja voi laittaa kaksi kaappia p\u00e4\u00e4llekk\u00e4in, jolloin toinen niist\u00e4 k\u00e4\u00e4nnet\u00e4\u00e4n yl\u00f6salaisin, silloin alasokkelista tulee hieno kruunu kirjakaapin p\u00e4\u00e4lle. Kaapin viereen voi my\u00f6s asettaa toisen kaapin ja\u2026","rel":"","context":"Similar post","block_context":{"text":"Similar post","link":""},"img":{"alt_text":"Gustva kirjakaappi valkoinen umpiovella 60 cm leve\u00e4","src":"https:\/\/i0.wp.com\/pohjanmaantehtaanmyymala.fi\/wp-content\/uploads\/2022\/02\/Kirjakaappi-60-vasenkatinen-umpiovet.jpg?fit=960%2C960&ssl=1&resize=350%2C200","width":350,"height":200,"srcset":"https:\/\/i0.wp.com\/pohjanmaantehtaanmyymala.fi\/wp-content\/uploads\/2022\/02\/Kirjakaappi-60-vasenkatinen-umpiovet.jpg?fit=960%2C960&ssl=1&resize=350%2C200 1x, https:\/\/i0.wp.com\/pohjanmaantehtaanmyymala.fi\/wp-content\/uploads\/2022\/02\/Kirjakaappi-60-vasenkatinen-umpiovet.jpg?fit=960%2C960&ssl=1&resize=525%2C300 1.5x, https:\/\/i0.wp.com\/pohjanmaantehtaanmyymala.fi\/wp-content\/uploads\/2022\/02\/Kirjakaappi-60-vasenkatinen-umpiovet.jpg?fit=960%2C960&ssl=1&resize=700%2C400 2x"},"classes":[]},{"id":10554,"url":"https:\/\/pohjanmaantehtaanmyymala.fi\/en\/tuote\/anton-lipasto-ovella-3-hyllya-50cm-a1-2\/","url_meta":{"origin":23329,"position":2},"title":"ANTON A1.2 pieni kaappi","author":"petri","date":"September 14, 2019","format":false,"excerpt":"Hiipakan Anton-kalustesarjan pieni kaappi sopii hyvin pieneksi s\u00e4ilytystilaksi; astiakaapiksi tai vaikkapa lastenhuoneen lelukaapiksi. Umpiovikaapin sis\u00e4ll\u00e4 oleva tila on jaettu kolmella v\u00e4lihyllyll\u00e4 joiden korkeutta voidaan s\u00e4\u00e4t\u00e4\u00e4. Anton-kaapin runko ja ovi on aina valkoisia, kansiv\u00e4rin voit valita kolmesta eri vaihtoehdosta;\u00a0 valkoinen, tammi tai saarni. Yksiovisissa kaapeissa ilmoitathan my\u00f6s haluamasi k\u00e4tisyyden. Anton-sarjaan on\u2026","rel":"","context":"Similar post","block_context":{"text":"Similar post","link":""},"img":{"alt_text":"Anton pieni kaappi valkoinen","src":"https:\/\/i0.wp.com\/pohjanmaantehtaanmyymala.fi\/wp-content\/uploads\/2019\/09\/Anton-A1.2-valkoinen.jpg?fit=1200%2C1200&ssl=1&resize=350%2C200","width":350,"height":200,"srcset":"https:\/\/i0.wp.com\/pohjanmaantehtaanmyymala.fi\/wp-content\/uploads\/2019\/09\/Anton-A1.2-valkoinen.jpg?fit=1200%2C1200&ssl=1&resize=350%2C200 1x, https:\/\/i0.wp.com\/pohjanmaantehtaanmyymala.fi\/wp-content\/uploads\/2019\/09\/Anton-A1.2-valkoinen.jpg?fit=1200%2C1200&ssl=1&resize=525%2C300 1.5x, https:\/\/i0.wp.com\/pohjanmaantehtaanmyymala.fi\/wp-content\/uploads\/2019\/09\/Anton-A1.2-valkoinen.jpg?fit=1200%2C1200&ssl=1&resize=700%2C400 2x, https:\/\/i0.wp.com\/pohjanmaantehtaanmyymala.fi\/wp-content\/uploads\/2019\/09\/Anton-A1.2-valkoinen.jpg?fit=1200%2C1200&ssl=1&resize=1050%2C600 3x"},"classes":[]},{"id":10682,"url":"https:\/\/pohjanmaantehtaanmyymala.fi\/en\/tuote\/taiga-lipasto-2-ovea-134cm-5-10\/","url_meta":{"origin":23329,"position":3},"title":"TAIGA 5.10 kaappi 2:lla ovella","author":"petri","date":"September 14, 2019","format":false,"excerpt":"Tilava senkki tavaroiden s\u00e4ilytykseen.","rel":"","context":"Similar post","block_context":{"text":"Similar post","link":""},"img":{"alt_text":"Hiipakka Taiga kaappi 2:lla ovella","src":"https:\/\/i0.wp.com\/pohjanmaantehtaanmyymala.fi\/wp-content\/uploads\/2019\/09\/Taiga028.jpg?fit=960%2C960&ssl=1&resize=350%2C200","width":350,"height":200,"srcset":"https:\/\/i0.wp.com\/pohjanmaantehtaanmyymala.fi\/wp-content\/uploads\/2019\/09\/Taiga028.jpg?fit=960%2C960&ssl=1&resize=350%2C200 1x, https:\/\/i0.wp.com\/pohjanmaantehtaanmyymala.fi\/wp-content\/uploads\/2019\/09\/Taiga028.jpg?fit=960%2C960&ssl=1&resize=525%2C300 1.5x, https:\/\/i0.wp.com\/pohjanmaantehtaanmyymala.fi\/wp-content\/uploads\/2019\/09\/Taiga028.jpg?fit=960%2C960&ssl=1&resize=700%2C400 2x"},"classes":[]},{"id":9390,"url":"https:\/\/pohjanmaantehtaanmyymala.fi\/en\/tuote\/economy-mappikaappi-ovilla-korkea-205x80-cm\/","url_meta":{"origin":23329,"position":4},"title":"ECONOMY mappikaappi ovilla korkea 205&#215;80 cm","author":"petri","date":"September 14, 2019","format":false,"excerpt":"Todella tukeva lukittava mappikaappi konttoriin tai kotiin. Mappikaapin tausta on viimeistelty joten se toimii my\u00f6s tehokkaana tilanjakajana. Kaapissa on s\u00e4\u00e4t\u00f6tassut joilla on helppo tasata lattian ep\u00e4tasaisuuksia. Kaapin sis\u00e4ll\u00e4 oleva tila jaettu kolmella v\u00e4lihyllyll\u00e4 joidenka korkeus on s\u00e4\u00e4dett\u00e4viss\u00e4. Saatavissa valkoisena. Tuotetiedot: Valmistettu kalustelevyst\u00e4. Lukolliset ovet kaksi avainta. Toimitetaan osina.","rel":"","context":"Similar post","block_context":{"text":"Similar post","link":""},"img":{"alt_text":"TopLux Economy mappikaappi valkoinen","src":"https:\/\/i0.wp.com\/pohjanmaantehtaanmyymala.fi\/wp-content\/uploads\/2019\/09\/Econ-vod2046-white-JPG.jpg?fit=960%2C960&ssl=1&resize=350%2C200","width":350,"height":200,"srcset":"https:\/\/i0.wp.com\/pohjanmaantehtaanmyymala.fi\/wp-content\/uploads\/2019\/09\/Econ-vod2046-white-JPG.jpg?fit=960%2C960&ssl=1&resize=350%2C200 1x, https:\/\/i0.wp.com\/pohjanmaantehtaanmyymala.fi\/wp-content\/uploads\/2019\/09\/Econ-vod2046-white-JPG.jpg?fit=960%2C960&ssl=1&resize=525%2C300 1.5x, https:\/\/i0.wp.com\/pohjanmaantehtaanmyymala.fi\/wp-content\/uploads\/2019\/09\/Econ-vod2046-white-JPG.jpg?fit=960%2C960&ssl=1&resize=700%2C400 2x"},"classes":[]},{"id":25856,"url":"https:\/\/pohjanmaantehtaanmyymala.fi\/en\/tuote\/economy-mappikaappi-ovilla-matala-120x80-cm\/","url_meta":{"origin":23329,"position":5},"title":"ECONOMY mappikaappi ovilla matala 120&#215;80 cm","author":"Miro Nevala","date":"February 21, 2024","format":false,"excerpt":"Todella tukeva lukittava mappikaappi konttoriin tai kotiin. Mappikaapin tausta on viimeistelty joten se toimii my\u00f6s tehokkaana tilanjakajana. Kaapissa on s\u00e4\u00e4t\u00f6tassut joilla on helppo tasata lattian ep\u00e4tasaisuuksia. Kaapin sis\u00e4ll\u00e4 oleva tila jaettu kolmella v\u00e4lihyllyll\u00e4 joidenka korkeus on s\u00e4\u00e4dett\u00e4viss\u00e4. Saatavissa valkoisena. My\u00f6s mappihyllyn\u00e4. Tuotetiedot: Koko: Leveys 80 cm, korkeus 120 cm, syvyys\u2026","rel":"","context":"Similar post","block_context":{"text":"Similar post","link":""},"img":{"alt_text":"Economy mappikaappi 120cm korkea valkoinen","src":"https:\/\/i0.wp.com\/pohjanmaantehtaanmyymala.fi\/wp-content\/uploads\/2024\/02\/Economy-mappikaappi-120-korkea-valkoinen.jpg?fit=960%2C960&ssl=1&resize=350%2C200","width":350,"height":200,"srcset":"https:\/\/i0.wp.com\/pohjanmaantehtaanmyymala.fi\/wp-content\/uploads\/2024\/02\/Economy-mappikaappi-120-korkea-valkoinen.jpg?fit=960%2C960&ssl=1&resize=350%2C200 1x, https:\/\/i0.wp.com\/pohjanmaantehtaanmyymala.fi\/wp-content\/uploads\/2024\/02\/Economy-mappikaappi-120-korkea-valkoinen.jpg?fit=960%2C960&ssl=1&resize=525%2C300 1.5x, https:\/\/i0.wp.com\/pohjanmaantehtaanmyymala.fi\/wp-content\/uploads\/2024\/02\/Economy-mappikaappi-120-korkea-valkoinen.jpg?fit=960%2C960&ssl=1&resize=700%2C400 2x"},"classes":[]}],"_links":{"self":[{"href":"https:\/\/pohjanmaantehtaanmyymala.fi\/en\/wp-json\/wp\/v2\/product\/23329","targetHints":{"allow":["GET"]}}],"collection":[{"href":"https:\/\/pohjanmaantehtaanmyymala.fi\/en\/wp-json\/wp\/v2\/product"}],"about":[{"href":"https:\/\/pohjanmaantehtaanmyymala.fi\/en\/wp-json\/wp\/v2\/types\/product"}],"replies":[{"embeddable":true,"href":"https:\/\/pohjanmaantehtaanmyymala.fi\/en\/wp-json\/wp\/v2\/comments?post=23329"}],"wp:featuredmedia":[{"embeddable":true,"href":"https:\/\/pohjanmaantehtaanmyymala.fi\/en\/wp-json\/wp\/v2\/media\/23336"}],"wp:attachment":[{"href":"https:\/\/pohjanmaantehtaanmyymala.fi\/en\/wp-json\/wp\/v2\/media?parent=23329"}],"wp:term":[{"taxonomy":"product_brand","embeddable":true,"href":"https:\/\/pohjanmaantehtaanmyymala.fi\/en\/wp-json\/wp\/v2\/product_brand?post=23329"},{"taxonomy":"product_cat","embeddable":true,"href":"https:\/\/pohjanmaantehtaanmyymala.fi\/en\/wp-json\/wp\/v2\/product_cat?post=23329"},{"taxonomy":"product_tag","embeddable":true,"href":"https:\/\/pohjanmaantehtaanmyymala.fi\/en\/wp-json\/wp\/v2\/product_tag?post=23329"}],"curies":[{"name":"wp","href":"https:\/\/api.w.org\/{rel}","templated":true}]}}