{"id":23318,"date":"2023-09-05T09:44:29","date_gmt":"2023-09-05T07:44:29","guid":{"rendered":"https:\/\/pohjanmaantehtaanmyymala.fi\/?post_type=product&#038;p=23318"},"modified":"2023-09-05T10:24:24","modified_gmt":"2023-09-05T08:24:24","slug":"dolphin-2-istuttava-sohva-nuvola-kankaalla","status":"publish","type":"product","link":"https:\/\/pohjanmaantehtaanmyymala.fi\/en\/tuote\/dolphin-2-istuttava-sohva-nuvola-kankaalla\/","title":{"rendered":"Dolphin 2,5-istuttava sohva Nuvola kankaalla"},"content":{"rendered":"<p>Nyt upea Pohjanmaan Dolphin Max-sohva edullisesti Tehtaan hinnalla suoraa kotiovellesi toimitettuna. T\u00e4ss\u00e4 2,5-istuttavassa sohvassa on tyylik\u00e4s Nuvola-kangasverhoiltu. Dolphinissa on pehme\u00e4t vaahtomuoviset istuintyynyt ja vanut\u00e4ytteiset selk\u00e4tyynyt, jotka takaavat mukavan istuttavuuden. T\u00e4m\u00e4 sohva on taatusti miellytt\u00e4v\u00e4 istuskella pidem\u00e4nkin aikaa.<\/p>\n<p>Dolphin sohvan kapeat k\u00e4sinojat yhdess\u00e4 sirojen metallijalkoijen kanssa viimeistelev\u00e4t sen ulkon\u00e4\u00f6n. Siksi sohva onkin kevyen n\u00e4k\u00f6isen. Kokonsa puolesta Dolphin sopiikin hyvin my\u00f6s pienempiin asuntoihin. Dolphin on verhoiltu eritt\u00e4in kest\u00e4v\u00e4ll\u00e4, helppohoitoisella ja pehme\u00e4n tuntuisella Laurizonin Nuvola kankaalla. Kangas on Laurizonin Easy Care mallistoa, jonka tunnusomaisia piirteit\u00e4 ovat helppohoitoisuus. Easycare-kankaat ovat valmistettu sileist\u00e4 kuiduista, joten lika ei tartu kuituun niin helposti, eik\u00e4 kankaisiin ole tarvinnut lis\u00e4t\u00e4 j\u00e4lkik\u00e4sittelykemikaaleja. N\u00e4in ollen easycare-kankaat ovat turvallisia ihmisille ja el\u00e4imille sek\u00e4 ymp\u00e4rist\u00f6lle. Easycare-malliston kankaat ovat \u00d6ko-Tex\u00ae- ja REACH-sertifioituja.<\/p>\n<p>Pohjanmaan Kalustee valmistamien sohvien perustana on vankka puurunko, jolle my\u00f6nnet\u00e4\u00e4nkin 20-vuoden takuu. Dolphin-sohva pehmusteina on laadukas vaahtomuovi istuimissa ja selk\u00e4tyynyiss\u00e4 on lokeroitu vanut\u00e4yte. Pohjanmaan sohvat onkin valmistettu korkealuokkaisista materiaaleista kymmenien vuosien kokemuksella, joten se kest\u00e4\u00e4 oikeanlaisessa k\u00e4yt\u00f6ss\u00e4 vuosia.<\/p>\n<p>Kest\u00e4v\u00e4ss\u00e4 Nuvola-kankaassa on 9 v\u00e4ri\u00e4.<\/p>\n<p>Dolphin-sohvasta on my\u00f6s <a href=\"https:\/\/pohjanmaantehtaanmyymala.fi\/tuote\/dolphin-sohva-nuvola-kankaalla\/\">isompi 3-istuttava versio<\/a><\/p>\n<p>My\u00f6s muita v\u00e4rej\u00e4, kysy saatavuutta ja hintaa <a href=\"https:\/\/pohjanmaantehtaanmyymala.fi\/yhteys\/\">myynnist\u00e4mme!<\/a><\/p>\n<h3>Tuotetiedot:<\/h3>\n<p><a href=\"https:\/\/www.pohjanmaan.fi\/_files\/ugd\/fa0c6a_12df0f6f8d7b422a991e8bcd2dd1edf5.pdf\">Laataa t\u00e4st\u00e4 Dolphin sohvan tuotekortti!<\/a><\/p>\n<p>Sohvan leveys on 177 cm, korkeus 88 cm ja syvyys 92 cm.<br \/>\nIstuinkorkeus on 46 cm<br \/>\nIstuinsyvyys on 54 cm<br \/>\nIstuinosan leveys on 152 cm.<br \/>\nRunko: Massiivipuu, vaneri ja kovalevy. Runkotakuu 20-vuotta.<br \/>\nIstuinpehmuste: No-Zag jouset, vaahtomuovi + vanu.<br \/>\nSelk\u00e4tyynyt: Vanut\u00e4yte lokeroitu. Irralliset selk\u00e4tyynyt.<br \/>\nVerhoilu: Laurizon Nuvola kangas. Hintaryhm\u00e4 5<br \/>\nJalat: Metallijalka, korkeus 13 cm.<\/p>\n<p>Toimitetaan kasattuna jalat irrallaan.<\/p>\n","protected":false},"excerpt":{"rendered":"<p>Kaunis sohva kest\u00e4v\u00e4ll\u00e4 Easy Care-kankaalla verhoiltuna.<\/p>\n<p><iframe style=\"width: 100%; border: none;\" src=\"https:\/\/v1.pixriot.com?spin=444807f0f3\/VAPAAT\/Dolphin_D2&amp;t=1680611088\" height=\"500\" allowfullscreen=\"allowfullscreen\"><\/iframe><\/p>\n","protected":false},"featured_media":23304,"comment_status":"closed","ping_status":"closed","template":"","meta":{"_acf_changed":false,"jetpack_post_was_ever_published":false,"jetpack_publicize_message":"","jetpack_publicize_feature_enabled":true,"jetpack_social_post_already_shared":true,"jetpack_social_options":{"image_generator_settings":{"template":"highway","default_image_id":0,"font":"","enabled":false},"version":2}},"product_brand":[270],"product_cat":[212,201],"product_tag":[],"class_list":{"0":"post-23318","1":"product","2":"type-product","3":"status-publish","4":"has-post-thumbnail","6":"product_brand-pohjanmaan","7":"product_cat-ajankohtaiset","8":"product_cat-sohvat","9":"product_shipping_class-161","10":"pa_vari-beige-206","11":"pa_vari-harmaa-204","12":"pa_vari-minttu-861","13":"pa_vari-musta-182","14":"pa_vari-okra-192","15":"pa_vari-sininen-183","16":"pa_vari-vaaleabeige-194","17":"pa_vari-vaaleanharmaa-201","18":"pa_vari-vihrea-419","20":"first","21":"instock","22":"sale","23":"purchasable","24":"product-type-variable"},"acf":[],"jetpack_publicize_connections":[],"jetpack_sharing_enabled":true,"jetpack-related-posts":[{"id":23294,"url":"https:\/\/pohjanmaantehtaanmyymala.fi\/en\/tuote\/dolphin-sohva-nuvola-kankaalla\/","url_meta":{"origin":23318,"position":0},"title":"Dolphin 3-istuttava sohva Nuvola kankaalla","author":"Sami Viitala","date":"September 4, 2023","format":false,"excerpt":"Upea sohva kest\u00e4v\u00e4ll\u00e4 Easy Care-kankaalla verhoiltuna.","rel":"","context":"Similar post","block_context":{"text":"Similar post","link":""},"img":{"alt_text":"Pohjanmaan Dolphin sohva nuvola kankaalla, v\u00e4ri okra","src":"https:\/\/i0.wp.com\/pohjanmaantehtaanmyymala.fi\/wp-content\/uploads\/2023\/09\/Pohjanmaan_Dolphin_3-istuttava_etusivupuoli.jpg?fit=960%2C960&ssl=1&resize=350%2C200","width":350,"height":200,"srcset":"https:\/\/i0.wp.com\/pohjanmaantehtaanmyymala.fi\/wp-content\/uploads\/2023\/09\/Pohjanmaan_Dolphin_3-istuttava_etusivupuoli.jpg?fit=960%2C960&ssl=1&resize=350%2C200 1x, https:\/\/i0.wp.com\/pohjanmaantehtaanmyymala.fi\/wp-content\/uploads\/2023\/09\/Pohjanmaan_Dolphin_3-istuttava_etusivupuoli.jpg?fit=960%2C960&ssl=1&resize=525%2C300 1.5x, https:\/\/i0.wp.com\/pohjanmaantehtaanmyymala.fi\/wp-content\/uploads\/2023\/09\/Pohjanmaan_Dolphin_3-istuttava_etusivupuoli.jpg?fit=960%2C960&ssl=1&resize=700%2C400 2x"},"classes":[]},{"id":23700,"url":"https:\/\/pohjanmaantehtaanmyymala.fi\/en\/tuote\/dolphin-25-istuttava-sohva-atlantic-kankaalla\/","url_meta":{"origin":23318,"position":1},"title":"Dolphin 2,5-istuttava sohva Atlantic kankaalla","author":"Sami Viitala","date":"September 26, 2023","format":false,"excerpt":"Pehme\u00e4 sohva, joka vet\u00e4\u00e4 puoleensa.","rel":"","context":"Similar post","block_context":{"text":"Similar post","link":""},"img":{"alt_text":"Pohjanmaan Dolphin 2,5 istuttava sohva vaaleanharmaalla Atlantic-kankalla etupuoli","src":"https:\/\/i0.wp.com\/pohjanmaantehtaanmyymala.fi\/wp-content\/uploads\/2023\/09\/Dolphin25-istuttava-sohva-Atlantic02-kangas-harmaa-1.jpg?fit=960%2C960&ssl=1&resize=350%2C200","width":350,"height":200,"srcset":"https:\/\/i0.wp.com\/pohjanmaantehtaanmyymala.fi\/wp-content\/uploads\/2023\/09\/Dolphin25-istuttava-sohva-Atlantic02-kangas-harmaa-1.jpg?fit=960%2C960&ssl=1&resize=350%2C200 1x, https:\/\/i0.wp.com\/pohjanmaantehtaanmyymala.fi\/wp-content\/uploads\/2023\/09\/Dolphin25-istuttava-sohva-Atlantic02-kangas-harmaa-1.jpg?fit=960%2C960&ssl=1&resize=525%2C300 1.5x, https:\/\/i0.wp.com\/pohjanmaantehtaanmyymala.fi\/wp-content\/uploads\/2023\/09\/Dolphin25-istuttava-sohva-Atlantic02-kangas-harmaa-1.jpg?fit=960%2C960&ssl=1&resize=700%2C400 2x"},"classes":[]},{"id":23724,"url":"https:\/\/pohjanmaantehtaanmyymala.fi\/en\/tuote\/dolphin-3-istuttava-sohva-atlantic-kankaalla\/","url_meta":{"origin":23318,"position":2},"title":"Dolphin 3-istuttava sohva Atlantic kankaalla","author":"Sami Viitala","date":"September 26, 2023","format":false,"excerpt":"T\u00e4m\u00e4 sohvan ylellinen istuinpehmeys tekee oleskelun sohvalla vastustamattoman mukavaksi.","rel":"","context":"Similar post","block_context":{"text":"Similar post","link":""},"img":{"alt_text":"Dolphin sohva tumman harmaalla Atlantic-kankaalla verhoiltuna","src":"https:\/\/i0.wp.com\/pohjanmaantehtaanmyymala.fi\/wp-content\/uploads\/2023\/09\/Dolphin-3-istuttava-sohva-Atlantic09-tummanharmaa.jpg?fit=960%2C960&ssl=1&resize=350%2C200","width":350,"height":200,"srcset":"https:\/\/i0.wp.com\/pohjanmaantehtaanmyymala.fi\/wp-content\/uploads\/2023\/09\/Dolphin-3-istuttava-sohva-Atlantic09-tummanharmaa.jpg?fit=960%2C960&ssl=1&resize=350%2C200 1x, https:\/\/i0.wp.com\/pohjanmaantehtaanmyymala.fi\/wp-content\/uploads\/2023\/09\/Dolphin-3-istuttava-sohva-Atlantic09-tummanharmaa.jpg?fit=960%2C960&ssl=1&resize=525%2C300 1.5x, https:\/\/i0.wp.com\/pohjanmaantehtaanmyymala.fi\/wp-content\/uploads\/2023\/09\/Dolphin-3-istuttava-sohva-Atlantic09-tummanharmaa.jpg?fit=960%2C960&ssl=1&resize=700%2C400 2x"},"classes":[]},{"id":23561,"url":"https:\/\/pohjanmaantehtaanmyymala.fi\/en\/tuote\/dolphin-avokulmasohva-nuvola-kankaalla\/","url_meta":{"origin":23318,"position":3},"title":"Dolphin avokulmasohva Nuvola kankaalla","author":"Sami Viitala","date":"September 19, 2023","format":false,"excerpt":"Avokulmasohva, joka tekee sinut onnelliseksi!","rel":"","context":"Similar post","block_context":{"text":"Similar post","link":""},"img":{"alt_text":"Dolphin avokulmasohva Nuvola-kankaalla harmaa milj\u00f6\u00f6kuva","src":"https:\/\/i0.wp.com\/pohjanmaantehtaanmyymala.fi\/wp-content\/uploads\/2023\/09\/Dolphin-avokulmasohva-Nuvola-harmaa.jpg?fit=960%2C960&ssl=1&resize=350%2C200","width":350,"height":200,"srcset":"https:\/\/i0.wp.com\/pohjanmaantehtaanmyymala.fi\/wp-content\/uploads\/2023\/09\/Dolphin-avokulmasohva-Nuvola-harmaa.jpg?fit=960%2C960&ssl=1&resize=350%2C200 1x, https:\/\/i0.wp.com\/pohjanmaantehtaanmyymala.fi\/wp-content\/uploads\/2023\/09\/Dolphin-avokulmasohva-Nuvola-harmaa.jpg?fit=960%2C960&ssl=1&resize=525%2C300 1.5x, https:\/\/i0.wp.com\/pohjanmaantehtaanmyymala.fi\/wp-content\/uploads\/2023\/09\/Dolphin-avokulmasohva-Nuvola-harmaa.jpg?fit=960%2C960&ssl=1&resize=700%2C400 2x"},"classes":[]},{"id":23748,"url":"https:\/\/pohjanmaantehtaanmyymala.fi\/en\/tuote\/dolphin-avokulmasohva-atlantic-kankaalla\/","url_meta":{"origin":23318,"position":4},"title":"Dolphin avokulmasohva Atlantic-kankaalla","author":"Sami Viitala","date":"September 26, 2023","format":false,"excerpt":"Dolphin avokulmasohva on sohva, johon rakastut!","rel":"","context":"Similar post","block_context":{"text":"Similar post","link":""},"img":{"alt_text":"Dolphin avokulmasohva Atlantic-kangas vaaleanharmaa","src":"https:\/\/i0.wp.com\/pohjanmaantehtaanmyymala.fi\/wp-content\/uploads\/2023\/09\/Pohjanmaan_Dolphin_avokulmasohva_2.jpg?fit=960%2C960&ssl=1&resize=350%2C200","width":350,"height":200,"srcset":"https:\/\/i0.wp.com\/pohjanmaantehtaanmyymala.fi\/wp-content\/uploads\/2023\/09\/Pohjanmaan_Dolphin_avokulmasohva_2.jpg?fit=960%2C960&ssl=1&resize=350%2C200 1x, https:\/\/i0.wp.com\/pohjanmaantehtaanmyymala.fi\/wp-content\/uploads\/2023\/09\/Pohjanmaan_Dolphin_avokulmasohva_2.jpg?fit=960%2C960&ssl=1&resize=525%2C300 1.5x, https:\/\/i0.wp.com\/pohjanmaantehtaanmyymala.fi\/wp-content\/uploads\/2023\/09\/Pohjanmaan_Dolphin_avokulmasohva_2.jpg?fit=960%2C960&ssl=1&resize=700%2C400 2x"},"classes":[]},{"id":25123,"url":"https:\/\/pohjanmaantehtaanmyymala.fi\/en\/tuote\/dolphin-vuodesohva-kangasverhoilulla\/","url_meta":{"origin":23318,"position":5},"title":"Dolphin vuodesohva kangasverhoilulla","author":"Miro Nevala","date":"March 4, 2024","format":false,"excerpt":"Upea kangasvuodesohva mekanismilla useilla v\u00e4rivaihtoehdoilla!","rel":"","context":"Similar post","block_context":{"text":"Similar post","link":""},"img":{"alt_text":"Pohjanmaan Dolphin vuodesohva","src":"https:\/\/i0.wp.com\/pohjanmaantehtaanmyymala.fi\/wp-content\/uploads\/2024\/02\/Pohjanmaan-Dolphin-vuodesohva-960dpi.jpg?fit=960%2C960&ssl=1&resize=350%2C200","width":350,"height":200,"srcset":"https:\/\/i0.wp.com\/pohjanmaantehtaanmyymala.fi\/wp-content\/uploads\/2024\/02\/Pohjanmaan-Dolphin-vuodesohva-960dpi.jpg?fit=960%2C960&ssl=1&resize=350%2C200 1x, https:\/\/i0.wp.com\/pohjanmaantehtaanmyymala.fi\/wp-content\/uploads\/2024\/02\/Pohjanmaan-Dolphin-vuodesohva-960dpi.jpg?fit=960%2C960&ssl=1&resize=525%2C300 1.5x, https:\/\/i0.wp.com\/pohjanmaantehtaanmyymala.fi\/wp-content\/uploads\/2024\/02\/Pohjanmaan-Dolphin-vuodesohva-960dpi.jpg?fit=960%2C960&ssl=1&resize=700%2C400 2x"},"classes":[]}],"_links":{"self":[{"href":"https:\/\/pohjanmaantehtaanmyymala.fi\/en\/wp-json\/wp\/v2\/product\/23318","targetHints":{"allow":["GET"]}}],"collection":[{"href":"https:\/\/pohjanmaantehtaanmyymala.fi\/en\/wp-json\/wp\/v2\/product"}],"about":[{"href":"https:\/\/pohjanmaantehtaanmyymala.fi\/en\/wp-json\/wp\/v2\/types\/product"}],"replies":[{"embeddable":true,"href":"https:\/\/pohjanmaantehtaanmyymala.fi\/en\/wp-json\/wp\/v2\/comments?post=23318"}],"wp:featuredmedia":[{"embeddable":true,"href":"https:\/\/pohjanmaantehtaanmyymala.fi\/en\/wp-json\/wp\/v2\/media\/23304"}],"wp:attachment":[{"href":"https:\/\/pohjanmaantehtaanmyymala.fi\/en\/wp-json\/wp\/v2\/media?parent=23318"}],"wp:term":[{"taxonomy":"product_brand","embeddable":true,"href":"https:\/\/pohjanmaantehtaanmyymala.fi\/en\/wp-json\/wp\/v2\/product_brand?post=23318"},{"taxonomy":"product_cat","embeddable":true,"href":"https:\/\/pohjanmaantehtaanmyymala.fi\/en\/wp-json\/wp\/v2\/product_cat?post=23318"},{"taxonomy":"product_tag","embeddable":true,"href":"https:\/\/pohjanmaantehtaanmyymala.fi\/en\/wp-json\/wp\/v2\/product_tag?post=23318"}],"curies":[{"name":"wp","href":"https:\/\/api.w.org\/{rel}","templated":true}]}}