{"id":23180,"date":"2023-08-30T15:18:51","date_gmt":"2023-08-30T13:18:51","guid":{"rendered":"https:\/\/pohjanmaantehtaanmyymala.fi\/?post_type=product&#038;p=23180"},"modified":"2024-03-01T14:03:59","modified_gmt":"2024-03-01T12:03:59","slug":"pohjanmaan-lilja-ruokaryhma-6-hengen","status":"publish","type":"product","link":"https:\/\/pohjanmaantehtaanmyymala.fi\/en\/tuote\/pohjanmaan-lilja-ruokaryhma-6-hengen\/","title":{"rendered":"Pohjanmaan 6-hengen LILJA ruokaryhm\u00e4 koivu"},"content":{"rendered":"<p>Tyylik\u00e4s kuuden hengen Lilja-ruokaryhm\u00e4. Siro, mutta j\u00e4m\u00e4kk\u00e4 Lilja ruokap\u00f6yt\u00e4 on valmistettu massiivikoivusta. P\u00f6yd\u00e4n kaverina ovat suositut ja kevyet Lilja-pinnatuolit.<\/p>\n<p>Ryhm\u00e4\u00e4 on saatavana my\u00f6s massiivitammisena sek\u00e4 useilla muilla eri v\u00e4reill\u00e4.<\/p>\n<p>Kysy hinta- ja lis\u00e4tietoa sek\u00e4 saatavuustietoja <a href=\"https:\/\/pohjanmaantehtaanmyymala.fi\/yhteys\/\">myynnist\u00e4mme!<\/a><\/p>\n<h3>Tuotetiedot:<\/h3>\n<p><a href=\"https:\/\/www.pohjanmaan.fi\/_files\/ugd\/fa0c6a_fa531951db8e430a98cd2d0432e47f5d.pdf\" target=\"_blank\" rel=\"noopener\">Tuotekortti latautuu t\u00e4st\u00e4.<\/a><\/p>\n<p>-P\u00f6yd\u00e4n koko: 90&#215;190 cm, Korkeus: 75 cm, kannen vahvuus on 25 mm.<br \/>\n-Tuolin koko: lev. 47 cm, kork. 85 cm, syv. 48 cm. Tuolin istuinleveys 41 cm. -korkeus 46 cm. -syvyys 36 cm.<br \/>\nMateriaali: koivu ja Mdf-levy (maalattujen tuolien istuinosassa).<br \/>\n-V\u00e4rit: valkolakattukoivu\/musta (tuotekuvassa)<\/p>\n","protected":false},"excerpt":{"rendered":"<p>Tyylik\u00e4s kuuden hengen Lilja-ruokaryhm\u00e4. Siro, mutta j\u00e4m\u00e4kk\u00e4 Lilja ruokap\u00f6yt\u00e4 on valmistettu massiivikoivusta. P\u00f6yd\u00e4n kaverina ovat suositut ja kevyet Lilja-pinnatuolit. Ryhm\u00e4\u00e4 on saatavana my\u00f6s massiivitammisena sek\u00e4 useilla muilla eri v\u00e4reill\u00e4. Kysy hinta- ja lis\u00e4tietoa sek\u00e4 saatavuustietoja myynnist\u00e4mme! Tuotetiedot: Tuotekortti latautuu t\u00e4st\u00e4. -P\u00f6yd\u00e4n koko: 90&#215;190 cm, Korkeus: 75 cm, kannen vahvuus on 25 mm. -Tuolin koko: lev. [&hellip;]<\/p>\n","protected":false},"featured_media":23165,"comment_status":"closed","ping_status":"closed","template":"","meta":{"_acf_changed":false,"jetpack_post_was_ever_published":false,"jetpack_publicize_message":"","jetpack_publicize_feature_enabled":true,"jetpack_social_post_already_shared":true,"jetpack_social_options":{"image_generator_settings":{"template":"highway","default_image_id":0,"font":"","enabled":false},"version":2}},"product_brand":[270],"product_cat":[212,194],"product_tag":[240,218],"class_list":{"0":"post-23180","1":"product","2":"type-product","3":"status-publish","4":"has-post-thumbnail","6":"product_brand-pohjanmaan","7":"product_cat-ajankohtaiset","8":"product_cat-ruokapoydat-ja-tuolit","9":"product_tag-pinnatuoli","10":"product_tag-pohjanmaan","11":"product_shipping_class-161","13":"first","14":"instock","15":"sale","16":"purchasable","17":"product-type-simple"},"acf":[],"jetpack_publicize_connections":[],"jetpack_sharing_enabled":true,"jetpack-related-posts":[{"id":24021,"url":"https:\/\/pohjanmaantehtaanmyymala.fi\/en\/tuote\/pohjanmaan-4-hengen-lilja-ruokaryhma-koivu\/","url_meta":{"origin":23180,"position":0},"title":"Pohjanmaan 4-hengen LILJA ruokaryhm\u00e4 koivu","author":"Sami Viitala","date":"November 14, 2023","format":false,"excerpt":"Tyylik\u00e4s nelj\u00e4n hengen Lilja-ruokaryhm\u00e4. T\u00e4m\u00e4 p\u00f6yt\u00e4 on 140 cm pitk\u00e4. Ryhdik\u00e4s Lilja ruokap\u00f6yt\u00e4 on valmistettu massiivikoivusta. P\u00f6yd\u00e4n kaverina ovat suositut ja kevyet Lilja-pinnatuolit. Ryhm\u00e4\u00e4 on saatavana my\u00f6s massiivitammisena sek\u00e4 useilla muilla eri v\u00e4reill\u00e4. Kysy hinta- ja lis\u00e4tietoa sek\u00e4 saatavuustietoja myynnist\u00e4mme! Tuotetiedot: Tuotekortti latautuu t\u00e4st\u00e4. -P\u00f6yd\u00e4n koko: 90x140 cm, Korkeus: 75\u2026","rel":"","context":"Similar post","block_context":{"text":"Similar post","link":""},"img":{"alt_text":"Lilja 4 hengen ruokaryhm\u00e4 pinnatuoleilla koivua kansi koivu lv jalat mustat","src":"https:\/\/i0.wp.com\/pohjanmaantehtaanmyymala.fi\/wp-content\/uploads\/2023\/11\/Lilja_ruokaryhma_4-tuolilla_musta-Koivu.jpg?fit=960%2C960&ssl=1&resize=350%2C200","width":350,"height":200,"srcset":"https:\/\/i0.wp.com\/pohjanmaantehtaanmyymala.fi\/wp-content\/uploads\/2023\/11\/Lilja_ruokaryhma_4-tuolilla_musta-Koivu.jpg?fit=960%2C960&ssl=1&resize=350%2C200 1x, https:\/\/i0.wp.com\/pohjanmaantehtaanmyymala.fi\/wp-content\/uploads\/2023\/11\/Lilja_ruokaryhma_4-tuolilla_musta-Koivu.jpg?fit=960%2C960&ssl=1&resize=525%2C300 1.5x, https:\/\/i0.wp.com\/pohjanmaantehtaanmyymala.fi\/wp-content\/uploads\/2023\/11\/Lilja_ruokaryhma_4-tuolilla_musta-Koivu.jpg?fit=960%2C960&ssl=1&resize=700%2C400 2x"},"classes":[]},{"id":23161,"url":"https:\/\/pohjanmaantehtaanmyymala.fi\/en\/tuote\/pohjanmaan-lilja-ruokapoyta-190x90-cm\/","url_meta":{"origin":23180,"position":1},"title":"Pohjanmaan LILJA ruokap\u00f6yt\u00e4 190&#215;90 cm koivu","author":"Sami Viitala","date":"August 23, 2023","format":false,"excerpt":"Siro, mutta j\u00e4m\u00e4kk\u00e4 Lilja ruokap\u00f6yt\u00e4 on valmistettu massiivikoivusta. P\u00f6yt\u00e4 sopii yhteen eri mallisten ruokatuolien kanssa, mutta erityisen hyvin Lilja pinnatuolin kanssa. P\u00f6yd\u00e4st\u00e4 on saatavana my\u00f6s koot: 140*90 cm ja 240*90 cm. Liljaa saa my\u00f6s eri v\u00e4reill\u00e4 sek\u00e4 tammisena. Esim. p\u00f6yt\u00e4 190x90 cm valkoinena alkaen\u00a0 679 \u20ac ja kokotammisena 1295 \u20ac.\u2026","rel":"","context":"Similar post","block_context":{"text":"Similar post","link":""},"img":{"alt_text":"Lilja ruokap\u00f6yt\u00e4 kansi valkopetsattu koivu, jalat mustat","src":"https:\/\/i0.wp.com\/pohjanmaantehtaanmyymala.fi\/wp-content\/uploads\/2023\/08\/Lilja_RP_90x190_MustaKoivu_NordicKoivu.jpg?fit=960%2C960&ssl=1&resize=350%2C200","width":350,"height":200,"srcset":"https:\/\/i0.wp.com\/pohjanmaantehtaanmyymala.fi\/wp-content\/uploads\/2023\/08\/Lilja_RP_90x190_MustaKoivu_NordicKoivu.jpg?fit=960%2C960&ssl=1&resize=350%2C200 1x, https:\/\/i0.wp.com\/pohjanmaantehtaanmyymala.fi\/wp-content\/uploads\/2023\/08\/Lilja_RP_90x190_MustaKoivu_NordicKoivu.jpg?fit=960%2C960&ssl=1&resize=525%2C300 1.5x, https:\/\/i0.wp.com\/pohjanmaantehtaanmyymala.fi\/wp-content\/uploads\/2023\/08\/Lilja_RP_90x190_MustaKoivu_NordicKoivu.jpg?fit=960%2C960&ssl=1&resize=700%2C400 2x"},"classes":[]},{"id":24017,"url":"https:\/\/pohjanmaantehtaanmyymala.fi\/en\/tuote\/pohjanmaan-lilja-pinnatuoli-koivu-lv\/","url_meta":{"origin":23180,"position":2},"title":"Pohjanmaan LILJA -pinnatuoli koivu lv","author":"Sami Viitala","date":"November 14, 2023","format":false,"excerpt":"Tyylik\u00e4s Pohjanmaan Kalusteen pinnatuoli monenlaiseen sisustukseen.","rel":"","context":"Similar post","block_context":{"text":"Similar post","link":""},"img":{"alt_text":"Lilja pinnatuoli koivu lakattu","src":"https:\/\/i0.wp.com\/pohjanmaantehtaanmyymala.fi\/wp-content\/uploads\/2023\/11\/Lilja_pinnatuoli_koivu.jpg?fit=960%2C960&ssl=1&resize=350%2C200","width":350,"height":200,"srcset":"https:\/\/i0.wp.com\/pohjanmaantehtaanmyymala.fi\/wp-content\/uploads\/2023\/11\/Lilja_pinnatuoli_koivu.jpg?fit=960%2C960&ssl=1&resize=350%2C200 1x, https:\/\/i0.wp.com\/pohjanmaantehtaanmyymala.fi\/wp-content\/uploads\/2023\/11\/Lilja_pinnatuoli_koivu.jpg?fit=960%2C960&ssl=1&resize=525%2C300 1.5x, https:\/\/i0.wp.com\/pohjanmaantehtaanmyymala.fi\/wp-content\/uploads\/2023\/11\/Lilja_pinnatuoli_koivu.jpg?fit=960%2C960&ssl=1&resize=700%2C400 2x"},"classes":[]},{"id":21643,"url":"https:\/\/pohjanmaantehtaanmyymala.fi\/en\/tuote\/kuura-ruokaryhma-6-tuolilla-musta\/","url_meta":{"origin":23180,"position":3},"title":"KUURA ruokaryhm\u00e4 6 tuolilla musta","author":"Sami Viitala","date":"November 22, 2022","format":false,"excerpt":"Siro ja edullinen p\u00f6yt\u00e4ryhm\u00e4 6-lle hengelle.","rel":"","context":"Similar post","block_context":{"text":"Similar post","link":""},"img":{"alt_text":"Kuura ruokaryhm\u00e4 6-tuolilla musta, harmaat verhoillut istuimet","src":"https:\/\/i0.wp.com\/pohjanmaantehtaanmyymala.fi\/wp-content\/uploads\/2022\/11\/Kuura-ruokaryhma-musta.jpg?fit=960%2C960&ssl=1&resize=350%2C200","width":350,"height":200,"srcset":"https:\/\/i0.wp.com\/pohjanmaantehtaanmyymala.fi\/wp-content\/uploads\/2022\/11\/Kuura-ruokaryhma-musta.jpg?fit=960%2C960&ssl=1&resize=350%2C200 1x, https:\/\/i0.wp.com\/pohjanmaantehtaanmyymala.fi\/wp-content\/uploads\/2022\/11\/Kuura-ruokaryhma-musta.jpg?fit=960%2C960&ssl=1&resize=525%2C300 1.5x, https:\/\/i0.wp.com\/pohjanmaantehtaanmyymala.fi\/wp-content\/uploads\/2022\/11\/Kuura-ruokaryhma-musta.jpg?fit=960%2C960&ssl=1&resize=700%2C400 2x"},"classes":[]},{"id":23149,"url":"https:\/\/pohjanmaantehtaanmyymala.fi\/en\/tuote\/pohjanmaan-lilja-pinnatuoli-nordic-koivu\/","url_meta":{"origin":23180,"position":4},"title":"Pohjanmaan LILJA -pinnatuoli nordic koivu","author":"Sami Viitala","date":"August 23, 2023","format":false,"excerpt":"Tyylik\u00e4s Pohjanmaan Kalusteen pinnatuoli monenlaiseen sisustukseen.","rel":"","context":"Similar post","block_context":{"text":"Similar post","link":""},"img":{"alt_text":"Lilja pinnatuoli kuultovalkea koivu","src":"https:\/\/i0.wp.com\/pohjanmaantehtaanmyymala.fi\/wp-content\/uploads\/2023\/08\/Pohjanmaan_Lilja_pinnatuoli_koivu_nordic.jpg?fit=960%2C960&ssl=1&resize=350%2C200","width":350,"height":200,"srcset":"https:\/\/i0.wp.com\/pohjanmaantehtaanmyymala.fi\/wp-content\/uploads\/2023\/08\/Pohjanmaan_Lilja_pinnatuoli_koivu_nordic.jpg?fit=960%2C960&ssl=1&resize=350%2C200 1x, https:\/\/i0.wp.com\/pohjanmaantehtaanmyymala.fi\/wp-content\/uploads\/2023\/08\/Pohjanmaan_Lilja_pinnatuoli_koivu_nordic.jpg?fit=960%2C960&ssl=1&resize=525%2C300 1.5x, https:\/\/i0.wp.com\/pohjanmaantehtaanmyymala.fi\/wp-content\/uploads\/2023\/08\/Pohjanmaan_Lilja_pinnatuoli_koivu_nordic.jpg?fit=960%2C960&ssl=1&resize=700%2C400 2x"},"classes":[]},{"id":23178,"url":"https:\/\/pohjanmaantehtaanmyymala.fi\/en\/tuote\/pohjanmaan-lilja-ruokapoyta-140x90-cm\/","url_meta":{"origin":23180,"position":5},"title":"Pohjanmaan LILJA ruokap\u00f6yt\u00e4 140&#215;90 cm koivu","author":"Sami Viitala","date":"August 29, 2023","format":false,"excerpt":"Siro, mutta j\u00e4m\u00e4kk\u00e4 Lilja ruokap\u00f6yt\u00e4 on valmistettu massiivikoivusta. P\u00f6yt\u00e4 sopii yhteen eri mallisten ruokatuolien kanssa, mutta erityisen hyvin Lilja pinnatuolin kanssa. P\u00f6yd\u00e4st\u00e4 on saatavana my\u00f6s koot: 190*90 cm ja 240*90 cm. P\u00f6yt\u00e4\u00e4 on saatava useilla eri v\u00e4reill\u00e4. Esim. kokovalkoisena hinta alk. 550 \u20ac, kokotammisena hinta alk. 965 \u20ac. Kysy lis\u00e4tietoa\u2026","rel":"","context":"Similar post","block_context":{"text":"Similar post","link":""},"img":{"alt_text":"Lilja p\u00f6yt\u00e4 musta runko koivulakattu kansi","src":"https:\/\/i0.wp.com\/pohjanmaantehtaanmyymala.fi\/wp-content\/uploads\/2023\/11\/Lilja_poyta_140_musta-Koivu.jpg?fit=960%2C960&ssl=1&resize=350%2C200","width":350,"height":200,"srcset":"https:\/\/i0.wp.com\/pohjanmaantehtaanmyymala.fi\/wp-content\/uploads\/2023\/11\/Lilja_poyta_140_musta-Koivu.jpg?fit=960%2C960&ssl=1&resize=350%2C200 1x, https:\/\/i0.wp.com\/pohjanmaantehtaanmyymala.fi\/wp-content\/uploads\/2023\/11\/Lilja_poyta_140_musta-Koivu.jpg?fit=960%2C960&ssl=1&resize=525%2C300 1.5x, https:\/\/i0.wp.com\/pohjanmaantehtaanmyymala.fi\/wp-content\/uploads\/2023\/11\/Lilja_poyta_140_musta-Koivu.jpg?fit=960%2C960&ssl=1&resize=700%2C400 2x"},"classes":[]}],"_links":{"self":[{"href":"https:\/\/pohjanmaantehtaanmyymala.fi\/en\/wp-json\/wp\/v2\/product\/23180","targetHints":{"allow":["GET"]}}],"collection":[{"href":"https:\/\/pohjanmaantehtaanmyymala.fi\/en\/wp-json\/wp\/v2\/product"}],"about":[{"href":"https:\/\/pohjanmaantehtaanmyymala.fi\/en\/wp-json\/wp\/v2\/types\/product"}],"replies":[{"embeddable":true,"href":"https:\/\/pohjanmaantehtaanmyymala.fi\/en\/wp-json\/wp\/v2\/comments?post=23180"}],"wp:featuredmedia":[{"embeddable":true,"href":"https:\/\/pohjanmaantehtaanmyymala.fi\/en\/wp-json\/wp\/v2\/media\/23165"}],"wp:attachment":[{"href":"https:\/\/pohjanmaantehtaanmyymala.fi\/en\/wp-json\/wp\/v2\/media?parent=23180"}],"wp:term":[{"taxonomy":"product_brand","embeddable":true,"href":"https:\/\/pohjanmaantehtaanmyymala.fi\/en\/wp-json\/wp\/v2\/product_brand?post=23180"},{"taxonomy":"product_cat","embeddable":true,"href":"https:\/\/pohjanmaantehtaanmyymala.fi\/en\/wp-json\/wp\/v2\/product_cat?post=23180"},{"taxonomy":"product_tag","embeddable":true,"href":"https:\/\/pohjanmaantehtaanmyymala.fi\/en\/wp-json\/wp\/v2\/product_tag?post=23180"}],"curies":[{"name":"wp","href":"https:\/\/api.w.org\/{rel}","templated":true}]}}