{"id":23161,"date":"2023-08-23T13:14:42","date_gmt":"2023-08-23T11:14:42","guid":{"rendered":"https:\/\/pohjanmaantehtaanmyymala.fi\/?post_type=product&#038;p=23161"},"modified":"2025-10-31T12:09:23","modified_gmt":"2025-10-31T10:09:23","slug":"pohjanmaan-lilja-ruokapoyta-190x90-cm","status":"publish","type":"product","link":"https:\/\/pohjanmaantehtaanmyymala.fi\/en\/tuote\/pohjanmaan-lilja-ruokapoyta-190x90-cm\/","title":{"rendered":"Pohjanmaan LILJA ruokap\u00f6yt\u00e4 190&#215;90 cm koivu"},"content":{"rendered":"<p>Siro, mutta j\u00e4m\u00e4kk\u00e4 Lilja ruokap\u00f6yt\u00e4 on valmistettu massiivikoivusta. P\u00f6yt\u00e4 sopii yhteen eri mallisten ruokatuolien kanssa, mutta erityisen hyvin Lilja pinnatuolin kanssa. P\u00f6yd\u00e4st\u00e4 on saatavana my\u00f6s koot: 140*90 cm ja 240*90 cm.<\/p>\n<p>Liljaa saa my\u00f6s eri v\u00e4reill\u00e4 sek\u00e4 tammisena. Esim. p\u00f6yt\u00e4 190&#215;90 cm valkoinena alkaen\u00a0 679 \u20ac ja kokotammisena 1295 \u20ac.<\/p>\n<p>Kysy lis\u00e4tietoa <a href=\"https:\/\/pohjanmaantehtaanmyymala.fi\/yhteys\/\">myynnist\u00e4mme!<\/a><\/p>\n<h3>Tuotetiedot:<\/h3>\n<p><a href=\"https:\/\/www.pohjanmaan.fi\/_files\/ugd\/fa0c6a_fa531951db8e430a98cd2d0432e47f5d.pdf\" target=\"_blank\" rel=\"noopener\">Tuotekortti latautuu t\u00e4st\u00e4.<\/a><\/p>\n<p>-kannen koko: 90&#215;190 cm<br \/>\n-Korkeus: 75 cm<br \/>\n-Kannen vahvuus 25 mm<br \/>\n-vapaa tila jalkojen v\u00e4liss\u00e4 162 cm<br \/>\n-Materiaali: koivu<br \/>\n-V\u00e4rit: musta\/valkolakattu (tuotekuvassa), musta\/lakattu<\/p>\n","protected":false},"excerpt":{"rendered":"<p>Siro, mutta j\u00e4m\u00e4kk\u00e4 Lilja ruokap\u00f6yt\u00e4 on valmistettu massiivikoivusta. P\u00f6yt\u00e4 sopii yhteen eri mallisten ruokatuolien kanssa, mutta erityisen hyvin Lilja pinnatuolin kanssa. P\u00f6yd\u00e4st\u00e4 on saatavana my\u00f6s koot: 140*90 cm ja 240*90 cm. Liljaa saa my\u00f6s eri v\u00e4reill\u00e4 sek\u00e4 tammisena. Esim. p\u00f6yt\u00e4 190&#215;90 cm valkoinena alkaen\u00a0 679 \u20ac ja kokotammisena 1295 \u20ac. Kysy lis\u00e4tietoa myynnist\u00e4mme! Tuotetiedot: Tuotekortti [&hellip;]<\/p>\n","protected":false},"featured_media":23168,"comment_status":"closed","ping_status":"closed","template":"","meta":{"_acf_changed":false,"jetpack_post_was_ever_published":false,"jetpack_publicize_message":"","jetpack_publicize_feature_enabled":true,"jetpack_social_post_already_shared":true,"jetpack_social_options":{"image_generator_settings":{"template":"highway","default_image_id":0,"font":"","enabled":false},"version":2}},"product_brand":[270],"product_cat":[212,194],"product_tag":[218,394],"class_list":{"0":"post-23161","1":"product","2":"type-product","3":"status-publish","4":"has-post-thumbnail","6":"product_brand-pohjanmaan","7":"product_cat-ajankohtaiset","8":"product_cat-ruokapoydat-ja-tuolit","9":"product_tag-pohjanmaan","10":"product_tag-ruokapoyta","11":"product_shipping_class-161","13":"first","14":"instock","15":"sale","16":"purchasable","17":"product-type-simple"},"acf":[],"jetpack_publicize_connections":[],"jetpack_sharing_enabled":true,"jetpack-related-posts":[{"id":23178,"url":"https:\/\/pohjanmaantehtaanmyymala.fi\/en\/tuote\/pohjanmaan-lilja-ruokapoyta-140x90-cm\/","url_meta":{"origin":23161,"position":0},"title":"Pohjanmaan LILJA ruokap\u00f6yt\u00e4 140&#215;90 cm koivu","author":"Sami Viitala","date":"August 29, 2023","format":false,"excerpt":"Siro, mutta j\u00e4m\u00e4kk\u00e4 Lilja ruokap\u00f6yt\u00e4 on valmistettu massiivikoivusta. P\u00f6yt\u00e4 sopii yhteen eri mallisten ruokatuolien kanssa, mutta erityisen hyvin Lilja pinnatuolin kanssa. P\u00f6yd\u00e4st\u00e4 on saatavana my\u00f6s koot: 190*90 cm ja 240*90 cm. P\u00f6yt\u00e4\u00e4 on saatava useilla eri v\u00e4reill\u00e4. Esim. kokovalkoisena hinta alk. 550 \u20ac, kokotammisena hinta alk. 965 \u20ac. Kysy lis\u00e4tietoa\u2026","rel":"","context":"Similar post","block_context":{"text":"Similar post","link":""},"img":{"alt_text":"Lilja p\u00f6yt\u00e4 musta runko koivulakattu kansi","src":"https:\/\/i0.wp.com\/pohjanmaantehtaanmyymala.fi\/wp-content\/uploads\/2023\/11\/Lilja_poyta_140_musta-Koivu.jpg?fit=960%2C960&ssl=1&resize=350%2C200","width":350,"height":200,"srcset":"https:\/\/i0.wp.com\/pohjanmaantehtaanmyymala.fi\/wp-content\/uploads\/2023\/11\/Lilja_poyta_140_musta-Koivu.jpg?fit=960%2C960&ssl=1&resize=350%2C200 1x, https:\/\/i0.wp.com\/pohjanmaantehtaanmyymala.fi\/wp-content\/uploads\/2023\/11\/Lilja_poyta_140_musta-Koivu.jpg?fit=960%2C960&ssl=1&resize=525%2C300 1.5x, https:\/\/i0.wp.com\/pohjanmaantehtaanmyymala.fi\/wp-content\/uploads\/2023\/11\/Lilja_poyta_140_musta-Koivu.jpg?fit=960%2C960&ssl=1&resize=700%2C400 2x"},"classes":[]},{"id":24021,"url":"https:\/\/pohjanmaantehtaanmyymala.fi\/en\/tuote\/pohjanmaan-4-hengen-lilja-ruokaryhma-koivu\/","url_meta":{"origin":23161,"position":1},"title":"Pohjanmaan 4-hengen LILJA ruokaryhm\u00e4 koivu","author":"Sami Viitala","date":"November 14, 2023","format":false,"excerpt":"Tyylik\u00e4s nelj\u00e4n hengen Lilja-ruokaryhm\u00e4. T\u00e4m\u00e4 p\u00f6yt\u00e4 on 140 cm pitk\u00e4. Ryhdik\u00e4s Lilja ruokap\u00f6yt\u00e4 on valmistettu massiivikoivusta. P\u00f6yd\u00e4n kaverina ovat suositut ja kevyet Lilja-pinnatuolit. Ryhm\u00e4\u00e4 on saatavana my\u00f6s massiivitammisena sek\u00e4 useilla muilla eri v\u00e4reill\u00e4. Kysy hinta- ja lis\u00e4tietoa sek\u00e4 saatavuustietoja myynnist\u00e4mme! Tuotetiedot: Tuotekortti latautuu t\u00e4st\u00e4. -P\u00f6yd\u00e4n koko: 90x140 cm, Korkeus: 75\u2026","rel":"","context":"Similar post","block_context":{"text":"Similar post","link":""},"img":{"alt_text":"Lilja 4 hengen ruokaryhm\u00e4 pinnatuoleilla koivua kansi koivu lv jalat mustat","src":"https:\/\/i0.wp.com\/pohjanmaantehtaanmyymala.fi\/wp-content\/uploads\/2023\/11\/Lilja_ruokaryhma_4-tuolilla_musta-Koivu.jpg?fit=960%2C960&ssl=1&resize=350%2C200","width":350,"height":200,"srcset":"https:\/\/i0.wp.com\/pohjanmaantehtaanmyymala.fi\/wp-content\/uploads\/2023\/11\/Lilja_ruokaryhma_4-tuolilla_musta-Koivu.jpg?fit=960%2C960&ssl=1&resize=350%2C200 1x, https:\/\/i0.wp.com\/pohjanmaantehtaanmyymala.fi\/wp-content\/uploads\/2023\/11\/Lilja_ruokaryhma_4-tuolilla_musta-Koivu.jpg?fit=960%2C960&ssl=1&resize=525%2C300 1.5x, https:\/\/i0.wp.com\/pohjanmaantehtaanmyymala.fi\/wp-content\/uploads\/2023\/11\/Lilja_ruokaryhma_4-tuolilla_musta-Koivu.jpg?fit=960%2C960&ssl=1&resize=700%2C400 2x"},"classes":[]},{"id":23180,"url":"https:\/\/pohjanmaantehtaanmyymala.fi\/en\/tuote\/pohjanmaan-lilja-ruokaryhma-6-hengen\/","url_meta":{"origin":23161,"position":2},"title":"Pohjanmaan 6-hengen LILJA ruokaryhm\u00e4 koivu","author":"Sami Viitala","date":"August 30, 2023","format":false,"excerpt":"Tyylik\u00e4s kuuden hengen Lilja-ruokaryhm\u00e4. Siro, mutta j\u00e4m\u00e4kk\u00e4 Lilja ruokap\u00f6yt\u00e4 on valmistettu massiivikoivusta. P\u00f6yd\u00e4n kaverina ovat suositut ja kevyet Lilja-pinnatuolit. Ryhm\u00e4\u00e4 on saatavana my\u00f6s massiivitammisena sek\u00e4 useilla muilla eri v\u00e4reill\u00e4. Kysy hinta- ja lis\u00e4tietoa sek\u00e4 saatavuustietoja myynnist\u00e4mme! Tuotetiedot: Tuotekortti latautuu t\u00e4st\u00e4. -P\u00f6yd\u00e4n koko: 90x190 cm, Korkeus: 75 cm, kannen vahvuus on\u2026","rel":"","context":"Similar post","block_context":{"text":"Similar post","link":""},"img":{"alt_text":"Lilja 6-hengen ruokaryhm\u00e4 mustilla pinnatuoleilla. P\u00f6yd\u00e4n kansiv\u00e4ri on kuultopetsattu koivu","src":"https:\/\/i0.wp.com\/pohjanmaantehtaanmyymala.fi\/wp-content\/uploads\/2023\/08\/Lilja_RP_90x190_RT_MustaKoivu_NordicKoivu.jpg?fit=960%2C960&ssl=1&resize=350%2C200","width":350,"height":200,"srcset":"https:\/\/i0.wp.com\/pohjanmaantehtaanmyymala.fi\/wp-content\/uploads\/2023\/08\/Lilja_RP_90x190_RT_MustaKoivu_NordicKoivu.jpg?fit=960%2C960&ssl=1&resize=350%2C200 1x, https:\/\/i0.wp.com\/pohjanmaantehtaanmyymala.fi\/wp-content\/uploads\/2023\/08\/Lilja_RP_90x190_RT_MustaKoivu_NordicKoivu.jpg?fit=960%2C960&ssl=1&resize=525%2C300 1.5x, https:\/\/i0.wp.com\/pohjanmaantehtaanmyymala.fi\/wp-content\/uploads\/2023\/08\/Lilja_RP_90x190_RT_MustaKoivu_NordicKoivu.jpg?fit=960%2C960&ssl=1&resize=700%2C400 2x"},"classes":[]},{"id":23149,"url":"https:\/\/pohjanmaantehtaanmyymala.fi\/en\/tuote\/pohjanmaan-lilja-pinnatuoli-nordic-koivu\/","url_meta":{"origin":23161,"position":3},"title":"Pohjanmaan LILJA -pinnatuoli nordic koivu","author":"Sami Viitala","date":"August 23, 2023","format":false,"excerpt":"Tyylik\u00e4s Pohjanmaan Kalusteen pinnatuoli monenlaiseen sisustukseen.","rel":"","context":"Similar post","block_context":{"text":"Similar post","link":""},"img":{"alt_text":"Lilja pinnatuoli kuultovalkea koivu","src":"https:\/\/i0.wp.com\/pohjanmaantehtaanmyymala.fi\/wp-content\/uploads\/2023\/08\/Pohjanmaan_Lilja_pinnatuoli_koivu_nordic.jpg?fit=960%2C960&ssl=1&resize=350%2C200","width":350,"height":200,"srcset":"https:\/\/i0.wp.com\/pohjanmaantehtaanmyymala.fi\/wp-content\/uploads\/2023\/08\/Pohjanmaan_Lilja_pinnatuoli_koivu_nordic.jpg?fit=960%2C960&ssl=1&resize=350%2C200 1x, https:\/\/i0.wp.com\/pohjanmaantehtaanmyymala.fi\/wp-content\/uploads\/2023\/08\/Pohjanmaan_Lilja_pinnatuoli_koivu_nordic.jpg?fit=960%2C960&ssl=1&resize=525%2C300 1.5x, https:\/\/i0.wp.com\/pohjanmaantehtaanmyymala.fi\/wp-content\/uploads\/2023\/08\/Pohjanmaan_Lilja_pinnatuoli_koivu_nordic.jpg?fit=960%2C960&ssl=1&resize=700%2C400 2x"},"classes":[]},{"id":24017,"url":"https:\/\/pohjanmaantehtaanmyymala.fi\/en\/tuote\/pohjanmaan-lilja-pinnatuoli-koivu-lv\/","url_meta":{"origin":23161,"position":4},"title":"Pohjanmaan LILJA -pinnatuoli koivu lv","author":"Sami Viitala","date":"November 14, 2023","format":false,"excerpt":"Tyylik\u00e4s Pohjanmaan Kalusteen pinnatuoli monenlaiseen sisustukseen.","rel":"","context":"Similar post","block_context":{"text":"Similar post","link":""},"img":{"alt_text":"Lilja pinnatuoli koivu lakattu","src":"https:\/\/i0.wp.com\/pohjanmaantehtaanmyymala.fi\/wp-content\/uploads\/2023\/11\/Lilja_pinnatuoli_koivu.jpg?fit=960%2C960&ssl=1&resize=350%2C200","width":350,"height":200,"srcset":"https:\/\/i0.wp.com\/pohjanmaantehtaanmyymala.fi\/wp-content\/uploads\/2023\/11\/Lilja_pinnatuoli_koivu.jpg?fit=960%2C960&ssl=1&resize=350%2C200 1x, https:\/\/i0.wp.com\/pohjanmaantehtaanmyymala.fi\/wp-content\/uploads\/2023\/11\/Lilja_pinnatuoli_koivu.jpg?fit=960%2C960&ssl=1&resize=525%2C300 1.5x, https:\/\/i0.wp.com\/pohjanmaantehtaanmyymala.fi\/wp-content\/uploads\/2023\/11\/Lilja_pinnatuoli_koivu.jpg?fit=960%2C960&ssl=1&resize=700%2C400 2x"},"classes":[]},{"id":13450,"url":"https:\/\/pohjanmaantehtaanmyymala.fi\/en\/tuote\/lilja-pinnatuoli-musta\/","url_meta":{"origin":23161,"position":5},"title":"Pohjanmaan LILJA -pinnatuoli musta","author":"Sami Viitala","date":"September 23, 2020","format":false,"excerpt":"Tyylik\u00e4s pinnatuoli monenlaiseen sisustukseen.","rel":"","context":"Similar post","block_context":{"text":"Similar post","link":""},"img":{"alt_text":"Lilja pinnatuoli musta","src":"https:\/\/i0.wp.com\/pohjanmaantehtaanmyymala.fi\/wp-content\/uploads\/2020\/09\/Pohjanmaan_Lilja_pinnatuoli_musta.jpg?fit=1200%2C1200&ssl=1&resize=350%2C200","width":350,"height":200,"srcset":"https:\/\/i0.wp.com\/pohjanmaantehtaanmyymala.fi\/wp-content\/uploads\/2020\/09\/Pohjanmaan_Lilja_pinnatuoli_musta.jpg?fit=1200%2C1200&ssl=1&resize=350%2C200 1x, https:\/\/i0.wp.com\/pohjanmaantehtaanmyymala.fi\/wp-content\/uploads\/2020\/09\/Pohjanmaan_Lilja_pinnatuoli_musta.jpg?fit=1200%2C1200&ssl=1&resize=525%2C300 1.5x, https:\/\/i0.wp.com\/pohjanmaantehtaanmyymala.fi\/wp-content\/uploads\/2020\/09\/Pohjanmaan_Lilja_pinnatuoli_musta.jpg?fit=1200%2C1200&ssl=1&resize=700%2C400 2x, https:\/\/i0.wp.com\/pohjanmaantehtaanmyymala.fi\/wp-content\/uploads\/2020\/09\/Pohjanmaan_Lilja_pinnatuoli_musta.jpg?fit=1200%2C1200&ssl=1&resize=1050%2C600 3x"},"classes":[]}],"_links":{"self":[{"href":"https:\/\/pohjanmaantehtaanmyymala.fi\/en\/wp-json\/wp\/v2\/product\/23161","targetHints":{"allow":["GET"]}}],"collection":[{"href":"https:\/\/pohjanmaantehtaanmyymala.fi\/en\/wp-json\/wp\/v2\/product"}],"about":[{"href":"https:\/\/pohjanmaantehtaanmyymala.fi\/en\/wp-json\/wp\/v2\/types\/product"}],"replies":[{"embeddable":true,"href":"https:\/\/pohjanmaantehtaanmyymala.fi\/en\/wp-json\/wp\/v2\/comments?post=23161"}],"wp:featuredmedia":[{"embeddable":true,"href":"https:\/\/pohjanmaantehtaanmyymala.fi\/en\/wp-json\/wp\/v2\/media\/23168"}],"wp:attachment":[{"href":"https:\/\/pohjanmaantehtaanmyymala.fi\/en\/wp-json\/wp\/v2\/media?parent=23161"}],"wp:term":[{"taxonomy":"product_brand","embeddable":true,"href":"https:\/\/pohjanmaantehtaanmyymala.fi\/en\/wp-json\/wp\/v2\/product_brand?post=23161"},{"taxonomy":"product_cat","embeddable":true,"href":"https:\/\/pohjanmaantehtaanmyymala.fi\/en\/wp-json\/wp\/v2\/product_cat?post=23161"},{"taxonomy":"product_tag","embeddable":true,"href":"https:\/\/pohjanmaantehtaanmyymala.fi\/en\/wp-json\/wp\/v2\/product_tag?post=23161"}],"curies":[{"name":"wp","href":"https:\/\/api.w.org\/{rel}","templated":true}]}}