{"id":23149,"date":"2023-08-23T12:53:05","date_gmt":"2023-08-23T10:53:05","guid":{"rendered":"https:\/\/pohjanmaantehtaanmyymala.fi\/?post_type=product&#038;p=23149"},"modified":"2024-12-05T17:36:06","modified_gmt":"2024-12-05T15:36:06","slug":"pohjanmaan-lilja-pinnatuoli-nordic-koivu","status":"publish","type":"product","link":"https:\/\/pohjanmaantehtaanmyymala.fi\/en\/tuote\/pohjanmaan-lilja-pinnatuoli-nordic-koivu\/","title":{"rendered":"Pohjanmaan LILJA -pinnatuoli nordic koivu"},"content":{"rendered":"<p>Ajaton Lilja -pinnatuoli on valmistettu massiivikoivusta, joka on v\u00e4rj\u00e4tty kuultovalkoiseksi. Lilja tuoli on hyv\u00e4 istua ja se sopii yhteen eri mallisten ruokap\u00f6ytien kanssa. Kaunis Lilja -tuoli k\u00e4y my\u00f6s sellaisenaan yksitt\u00e4iseksi istuimeksi vaikka makuuhuoneeseen. Lilja tuoli sopii my\u00f6s ravintolak\u00e4ytt\u00f6\u00f6n rakenteensa vuoksi.<\/p>\n<p>Kysy tarjousta!<\/p>\n<p>Kysy lis\u00e4tietoa <a href=\"https:\/\/pohjanmaantehtaanmyymala.fi\/yhteys\/\">myynnist\u00e4mme!<\/a><\/p>\n<h3>Tuotetiedot:<\/h3>\n<p>-istuinleveys 41 cm. -korkeus 46 cm. -syvyys 36 cm.<br \/>\n-Leveys: 47 cm<br \/>\n-Korkeus: 85 cm<br \/>\n-Syvyys: 48 cm<br \/>\n-Materiaali: koivu<br \/>\n-V\u00e4rit: valkolakattu<\/p>\n<p>Toimitetaan 2 kpl:n paketissa valmiiksi kasattuna! Tuolia voi ostaa my\u00f6s yksitellen.<\/p>\n","protected":false},"excerpt":{"rendered":"<p>Tyylik\u00e4s Pohjanmaan Kalusteen pinnatuoli monenlaiseen sisustukseen.<\/p>\n","protected":false},"featured_media":23150,"comment_status":"closed","ping_status":"closed","template":"","meta":{"_acf_changed":false,"jetpack_post_was_ever_published":false,"jetpack_publicize_message":"","jetpack_publicize_feature_enabled":true,"jetpack_social_post_already_shared":true,"jetpack_social_options":{"image_generator_settings":{"template":"highway","default_image_id":0,"font":"","enabled":false},"version":2}},"product_brand":[270],"product_cat":[212,194],"product_tag":[240,218],"class_list":{"0":"post-23149","1":"product","2":"type-product","3":"status-publish","4":"has-post-thumbnail","6":"product_brand-pohjanmaan","7":"product_cat-ajankohtaiset","8":"product_cat-ruokapoydat-ja-tuolit","9":"product_tag-pinnatuoli","10":"product_tag-pohjanmaan","11":"product_shipping_class-161","13":"first","14":"instock","15":"sale","16":"purchasable","17":"product-type-simple"},"acf":[],"jetpack_publicize_connections":[],"jetpack_sharing_enabled":true,"jetpack-related-posts":[],"_links":{"self":[{"href":"https:\/\/pohjanmaantehtaanmyymala.fi\/en\/wp-json\/wp\/v2\/product\/23149","targetHints":{"allow":["GET"]}}],"collection":[{"href":"https:\/\/pohjanmaantehtaanmyymala.fi\/en\/wp-json\/wp\/v2\/product"}],"about":[{"href":"https:\/\/pohjanmaantehtaanmyymala.fi\/en\/wp-json\/wp\/v2\/types\/product"}],"replies":[{"embeddable":true,"href":"https:\/\/pohjanmaantehtaanmyymala.fi\/en\/wp-json\/wp\/v2\/comments?post=23149"}],"wp:featuredmedia":[{"embeddable":true,"href":"https:\/\/pohjanmaantehtaanmyymala.fi\/en\/wp-json\/wp\/v2\/media\/23150"}],"wp:attachment":[{"href":"https:\/\/pohjanmaantehtaanmyymala.fi\/en\/wp-json\/wp\/v2\/media?parent=23149"}],"wp:term":[{"taxonomy":"product_brand","embeddable":true,"href":"https:\/\/pohjanmaantehtaanmyymala.fi\/en\/wp-json\/wp\/v2\/product_brand?post=23149"},{"taxonomy":"product_cat","embeddable":true,"href":"https:\/\/pohjanmaantehtaanmyymala.fi\/en\/wp-json\/wp\/v2\/product_cat?post=23149"},{"taxonomy":"product_tag","embeddable":true,"href":"https:\/\/pohjanmaantehtaanmyymala.fi\/en\/wp-json\/wp\/v2\/product_tag?post=23149"}],"curies":[{"name":"wp","href":"https:\/\/api.w.org\/{rel}","templated":true}]}}