{"id":23072,"date":"2023-06-27T16:37:50","date_gmt":"2023-06-27T14:37:50","guid":{"rendered":"https:\/\/pohjanmaantehtaanmyymala.fi\/?post_type=product&#038;p=23072"},"modified":"2025-05-17T11:13:03","modified_gmt":"2025-05-17T09:13:03","slug":"country-poytaryhma-penkeilla-valkoinen-harmaa","status":"publish","type":"product","link":"https:\/\/pohjanmaantehtaanmyymala.fi\/en\/tuote\/country-poytaryhma-penkeilla-valkoinen-harmaa\/","title":{"rendered":"Country p\u00f6yt\u00e4ryhm\u00e4 penkeill\u00e4 valkoinen\/harmaa"},"content":{"rendered":"<div class=\"std descr1\"><strong>1 kpl esittelymalli en\u00e4\u00e4 j\u00e4ljell\u00e4 t\u00e4h\u00e4n sesonkiin!<\/strong><\/div>\n<div><\/div>\n<div class=\"std descr1\">M\u00e4ntyinen kaunis Country p\u00f6yt\u00e4ryhm\u00e4. Ryhm\u00e4ss\u00e4 on p\u00f6yt\u00e4 ja kaksi penkki\u00e4. Kannet ovat harjattua m\u00e4nty\u00e4, joka on k\u00e4sitelty harmaaksi. Runko-osat on v\u00e4rj\u00e4tty valkoiseksi.<\/div>\n<div><\/div>\n<div class=\"std descr1\">Taivasalla pidett\u00e4ess\u00e4 tuote on \u00f6ljytt\u00e4v\u00e4 kerran vuodessa, jolloin sen k\u00e4ytt\u00f6ik\u00e4 pitenee huomattavasti.<\/div>\n<h3>Tuotetiedot:<\/h3>\n<p>Materiaalit: m\u00e4nty<br \/>\nV\u00e4rivaihtoehdot: harmaa<br \/>\nP\u00f6yt\u00e4kansi 150&#215;77 cm<br \/>\nP\u00f6yd\u00e4n korkeus 76 cm<br \/>\nistuinkorkeus 42 cm<br \/>\nToimitetaan osina.<\/p>\n<p>Kysy saatavuutta <a href=\"https:\/\/pohjanmaantehtaanmyymala.fi\/yhteys\/\">myynnist\u00e4mme!<\/a><\/p>\n<p>Kotiinkuljetus onnistuu kaikkialle Manner-Suomeen kuljetusmaksua vastaan.<\/p>\n","protected":false},"excerpt":{"rendered":"<p>Korkealuokkainen m\u00e4ntykalustesetti ulkotiloihin.<\/p>\n","protected":false},"featured_media":23060,"comment_status":"closed","ping_status":"closed","template":"","meta":{"_acf_changed":false,"jetpack_post_was_ever_published":false,"jetpack_publicize_message":"","jetpack_publicize_feature_enabled":true,"jetpack_social_post_already_shared":true,"jetpack_social_options":{"image_generator_settings":{"template":"highway","default_image_id":0,"font":"","enabled":false},"version":2}},"product_brand":[],"product_cat":[200],"product_tag":[],"class_list":{"0":"post-23072","1":"product","2":"type-product","3":"status-publish","4":"has-post-thumbnail","6":"product_cat-kesakalusteet","8":"first","9":"instock","10":"sale","11":"shipping-taxable","12":"purchasable","13":"product-type-simple"},"acf":[],"jetpack_publicize_connections":[],"jetpack_sharing_enabled":true,"jetpack-related-posts":[{"id":20678,"url":"https:\/\/pohjanmaantehtaanmyymala.fi\/en\/tuote\/camp-picnic-poytasetti-150-cm-harmaa\/","url_meta":{"origin":23072,"position":0},"title":"Camp p\u00f6yt\u00e4-penkkisetti 150 cm, harmaa","author":"Sami Viitala","date":"June 15, 2022","format":false,"excerpt":"M\u00e4ntyinen puutarhap\u00f6yt\u00e4ryhm\u00e4 taittuvilla penkeill\u00e4","rel":"","context":"Similar post","block_context":{"text":"Similar post","link":""},"img":{"alt_text":"Camp-p\u00f6yt\u00e4ryhm\u00e4 taittuvilla penkeill\u00e4 harmaa m\u00e4nty","src":"https:\/\/i0.wp.com\/pohjanmaantehtaanmyymala.fi\/wp-content\/uploads\/2022\/06\/Camp-1-1600x1200-1.jpg?fit=960%2C960&ssl=1&resize=350%2C200","width":350,"height":200,"srcset":"https:\/\/i0.wp.com\/pohjanmaantehtaanmyymala.fi\/wp-content\/uploads\/2022\/06\/Camp-1-1600x1200-1.jpg?fit=960%2C960&ssl=1&resize=350%2C200 1x, https:\/\/i0.wp.com\/pohjanmaantehtaanmyymala.fi\/wp-content\/uploads\/2022\/06\/Camp-1-1600x1200-1.jpg?fit=960%2C960&ssl=1&resize=525%2C300 1.5x, https:\/\/i0.wp.com\/pohjanmaantehtaanmyymala.fi\/wp-content\/uploads\/2022\/06\/Camp-1-1600x1200-1.jpg?fit=960%2C960&ssl=1&resize=700%2C400 2x"},"classes":[]},{"id":20582,"url":"https:\/\/pohjanmaantehtaanmyymala.fi\/en\/tuote\/ecofurn-tupla-granny-penkki-manty\/","url_meta":{"origin":23072,"position":1},"title":"Ecofurn Tupla-Granny penkki, m\u00e4nty","author":"Sami Viitala","date":"May 7, 2022","format":false,"excerpt":"M\u00e4yntyinen klassikko puutarhapenkki eri v\u00e4reiss\u00e4. Valitse v\u00e4ri!","rel":"","context":"Similar post","block_context":{"text":"Similar post","link":""},"img":{"alt_text":"EcoFurn tupla-Granny penkki harmaa","src":"https:\/\/i0.wp.com\/pohjanmaantehtaanmyymala.fi\/wp-content\/uploads\/2022\/05\/EcoFurn_Tupla_Granny_harmaa.jpg?fit=960%2C960&ssl=1&resize=350%2C200","width":350,"height":200,"srcset":"https:\/\/i0.wp.com\/pohjanmaantehtaanmyymala.fi\/wp-content\/uploads\/2022\/05\/EcoFurn_Tupla_Granny_harmaa.jpg?fit=960%2C960&ssl=1&resize=350%2C200 1x, https:\/\/i0.wp.com\/pohjanmaantehtaanmyymala.fi\/wp-content\/uploads\/2022\/05\/EcoFurn_Tupla_Granny_harmaa.jpg?fit=960%2C960&ssl=1&resize=525%2C300 1.5x, https:\/\/i0.wp.com\/pohjanmaantehtaanmyymala.fi\/wp-content\/uploads\/2022\/05\/EcoFurn_Tupla_Granny_harmaa.jpg?fit=960%2C960&ssl=1&resize=700%2C400 2x"},"classes":[]},{"id":17263,"url":"https:\/\/pohjanmaantehtaanmyymala.fi\/en\/tuote\/tupla-hanna-puutarhapenkki-manty\/","url_meta":{"origin":23072,"position":2},"title":"Tupla-Aino puutarhapenkki, kyll\u00e4stetty m\u00e4nty","author":"Sami Viitala","date":"April 17, 2021","format":false,"excerpt":"M\u00e4yntyinen pihapenkki p\u00f6yt\u00e4tasolla. Valitse v\u00e4ri!","rel":"","context":"Similar post","block_context":{"text":"Similar post","link":""},"img":{"alt_text":"Tupla-Hanna Aino Ville puutarha penkki kyll\u00e4stetty\u00e4 m\u00e4nty\u00e4 ruskea.","src":"https:\/\/i0.wp.com\/pohjanmaantehtaanmyymala.fi\/wp-content\/uploads\/2021\/04\/Aino_Tupla_puutarhapenkki_2.jpg?fit=960%2C960&ssl=1&resize=350%2C200","width":350,"height":200,"srcset":"https:\/\/i0.wp.com\/pohjanmaantehtaanmyymala.fi\/wp-content\/uploads\/2021\/04\/Aino_Tupla_puutarhapenkki_2.jpg?fit=960%2C960&ssl=1&resize=350%2C200 1x, https:\/\/i0.wp.com\/pohjanmaantehtaanmyymala.fi\/wp-content\/uploads\/2021\/04\/Aino_Tupla_puutarhapenkki_2.jpg?fit=960%2C960&ssl=1&resize=525%2C300 1.5x, https:\/\/i0.wp.com\/pohjanmaantehtaanmyymala.fi\/wp-content\/uploads\/2021\/04\/Aino_Tupla_puutarhapenkki_2.jpg?fit=960%2C960&ssl=1&resize=700%2C400 2x"},"classes":[]},{"id":21643,"url":"https:\/\/pohjanmaantehtaanmyymala.fi\/en\/tuote\/kuura-ruokaryhma-6-tuolilla-musta\/","url_meta":{"origin":23072,"position":3},"title":"KUURA ruokaryhm\u00e4 6 tuolilla musta","author":"Sami Viitala","date":"November 22, 2022","format":false,"excerpt":"Siro ja edullinen p\u00f6yt\u00e4ryhm\u00e4 6-lle hengelle.","rel":"","context":"Similar post","block_context":{"text":"Similar post","link":""},"img":{"alt_text":"Kuura ruokaryhm\u00e4 6-tuolilla musta, harmaat verhoillut istuimet","src":"https:\/\/i0.wp.com\/pohjanmaantehtaanmyymala.fi\/wp-content\/uploads\/2022\/11\/Kuura-ruokaryhma-musta.jpg?fit=960%2C960&ssl=1&resize=350%2C200","width":350,"height":200,"srcset":"https:\/\/i0.wp.com\/pohjanmaantehtaanmyymala.fi\/wp-content\/uploads\/2022\/11\/Kuura-ruokaryhma-musta.jpg?fit=960%2C960&ssl=1&resize=350%2C200 1x, https:\/\/i0.wp.com\/pohjanmaantehtaanmyymala.fi\/wp-content\/uploads\/2022\/11\/Kuura-ruokaryhma-musta.jpg?fit=960%2C960&ssl=1&resize=525%2C300 1.5x, https:\/\/i0.wp.com\/pohjanmaantehtaanmyymala.fi\/wp-content\/uploads\/2022\/11\/Kuura-ruokaryhma-musta.jpg?fit=960%2C960&ssl=1&resize=700%2C400 2x"},"classes":[]},{"id":16932,"url":"https:\/\/pohjanmaantehtaanmyymala.fi\/en\/tuote\/ecofurn-ekotuoli-manty\/","url_meta":{"origin":23072,"position":4},"title":"Ecofurn Ekotuoli, m\u00e4nty","author":"Sami Viitala","date":"April 8, 2021","format":false,"excerpt":"Osta aito ja alkuper\u00e4inen m\u00e4ntyinen Ecotuoli. Valitse v\u00e4ri!","rel":"","context":"Similar post","block_context":{"text":"Similar post","link":""},"img":{"alt_text":"Ecofurn Ecochair ekotuoli harmaa m\u00e4nty","src":"https:\/\/i0.wp.com\/pohjanmaantehtaanmyymala.fi\/wp-content\/uploads\/2021\/04\/90214_EcoChair_pine_grey.jpg?fit=1200%2C1200&ssl=1&resize=350%2C200","width":350,"height":200,"srcset":"https:\/\/i0.wp.com\/pohjanmaantehtaanmyymala.fi\/wp-content\/uploads\/2021\/04\/90214_EcoChair_pine_grey.jpg?fit=1200%2C1200&ssl=1&resize=350%2C200 1x, https:\/\/i0.wp.com\/pohjanmaantehtaanmyymala.fi\/wp-content\/uploads\/2021\/04\/90214_EcoChair_pine_grey.jpg?fit=1200%2C1200&ssl=1&resize=525%2C300 1.5x, https:\/\/i0.wp.com\/pohjanmaantehtaanmyymala.fi\/wp-content\/uploads\/2021\/04\/90214_EcoChair_pine_grey.jpg?fit=1200%2C1200&ssl=1&resize=700%2C400 2x, https:\/\/i0.wp.com\/pohjanmaantehtaanmyymala.fi\/wp-content\/uploads\/2021\/04\/90214_EcoChair_pine_grey.jpg?fit=1200%2C1200&ssl=1&resize=1050%2C600 3x"},"classes":[]},{"id":17200,"url":"https:\/\/pohjanmaantehtaanmyymala.fi\/en\/tuote\/ecofurn-granny-tuoli-manty\/","url_meta":{"origin":23072,"position":5},"title":"Ecofurn Granny-tuoli, m\u00e4nty","author":"Sami Viitala","date":"April 16, 2021","format":false,"excerpt":"M\u00e4yntyinen klassikko puutarha-tuoli eri v\u00e4reiss\u00e4. Valitse v\u00e4ri!","rel":"","context":"Similar post","block_context":{"text":"Similar post","link":""},"img":{"alt_text":"Granny-tuoli kalliolla","src":"https:\/\/i0.wp.com\/pohjanmaantehtaanmyymala.fi\/wp-content\/uploads\/2021\/04\/Granny_rocks-kalliolla.jpg?fit=1010%2C918&ssl=1&resize=350%2C200","width":350,"height":200,"srcset":"https:\/\/i0.wp.com\/pohjanmaantehtaanmyymala.fi\/wp-content\/uploads\/2021\/04\/Granny_rocks-kalliolla.jpg?fit=1010%2C918&ssl=1&resize=350%2C200 1x, https:\/\/i0.wp.com\/pohjanmaantehtaanmyymala.fi\/wp-content\/uploads\/2021\/04\/Granny_rocks-kalliolla.jpg?fit=1010%2C918&ssl=1&resize=525%2C300 1.5x, https:\/\/i0.wp.com\/pohjanmaantehtaanmyymala.fi\/wp-content\/uploads\/2021\/04\/Granny_rocks-kalliolla.jpg?fit=1010%2C918&ssl=1&resize=700%2C400 2x"},"classes":[]}],"_links":{"self":[{"href":"https:\/\/pohjanmaantehtaanmyymala.fi\/en\/wp-json\/wp\/v2\/product\/23072","targetHints":{"allow":["GET"]}}],"collection":[{"href":"https:\/\/pohjanmaantehtaanmyymala.fi\/en\/wp-json\/wp\/v2\/product"}],"about":[{"href":"https:\/\/pohjanmaantehtaanmyymala.fi\/en\/wp-json\/wp\/v2\/types\/product"}],"replies":[{"embeddable":true,"href":"https:\/\/pohjanmaantehtaanmyymala.fi\/en\/wp-json\/wp\/v2\/comments?post=23072"}],"wp:featuredmedia":[{"embeddable":true,"href":"https:\/\/pohjanmaantehtaanmyymala.fi\/en\/wp-json\/wp\/v2\/media\/23060"}],"wp:attachment":[{"href":"https:\/\/pohjanmaantehtaanmyymala.fi\/en\/wp-json\/wp\/v2\/media?parent=23072"}],"wp:term":[{"taxonomy":"product_brand","embeddable":true,"href":"https:\/\/pohjanmaantehtaanmyymala.fi\/en\/wp-json\/wp\/v2\/product_brand?post=23072"},{"taxonomy":"product_cat","embeddable":true,"href":"https:\/\/pohjanmaantehtaanmyymala.fi\/en\/wp-json\/wp\/v2\/product_cat?post=23072"},{"taxonomy":"product_tag","embeddable":true,"href":"https:\/\/pohjanmaantehtaanmyymala.fi\/en\/wp-json\/wp\/v2\/product_tag?post=23072"}],"curies":[{"name":"wp","href":"https:\/\/api.w.org\/{rel}","templated":true}]}}