{"id":22960,"date":"2023-05-11T12:41:52","date_gmt":"2023-05-11T10:41:52","guid":{"rendered":"https:\/\/pohjanmaantehtaanmyymala.fi\/?post_type=product&#038;p=22960"},"modified":"2025-10-27T17:23:09","modified_gmt":"2025-10-27T15:23:09","slug":"4living-riipputuoli-rottinkia-3-eri-varia","status":"publish","type":"product","link":"https:\/\/pohjanmaantehtaanmyymala.fi\/en\/tuote\/4living-riipputuoli-rottinkia-3-eri-varia\/","title":{"rendered":"Jakarta riipputuoli rottinkia, 3 eri v\u00e4ri\u00e4"},"content":{"rendered":"<p><strong>LOPPUER\u00c4 POISTOHINTAAN, Liev\u00e4\u00e4 II-laatua, yksitt\u00e4iskappaleita viel\u00e4 j\u00e4ljell\u00e4!<\/strong><\/p>\n<p>4Living Jakarta rottinkiriippukeinussa on rento istuskella ja rentoutua kotiterassilla tai m\u00f6kill\u00e4.<br \/>\nRiipputuolissa tulee mukanan kiinnitysk\u00f6ysi, jolla keinun saa asennettua kattoon kiinni.<\/p>\n<p>Riippukeinu on rottinkipunosta. Keinuun sis\u00e4ltyy my\u00f6s musta pehmustetyyny, joka on polyesterikangasta.<\/p>\n<p>Keinua on saatavana mustana, valkoisena ja luonnonv\u00e4risen\u00e4.<\/p>\n<p>Mitat: l. 88 cm, s. 54 cm, k. 105 cm.<\/p>\n<p>&nbsp;<\/p>\n<div class=\"product-img-box\">\n<div class=\"prolabel-wrapper clearer\"><\/div>\n<\/div>\n<div class=\"product-shop\">\n<div class=\"product-shop-inner\">\n<div>\n<div class=\"product-info-fields\">\n<div class=\"product-name\"><\/div>\n<div class=\"product-description\"><\/div>\n<\/div>\n<\/div>\n<\/div>\n<\/div>\n","protected":false},"excerpt":{"rendered":"<p>Kaunis 4Living -riipputuoli kiinnitysk\u00f6ydell\u00e4. Valitse v\u00e4ri alta!<\/p>\n","protected":false},"featured_media":22964,"comment_status":"closed","ping_status":"closed","template":"","meta":{"_acf_changed":false,"jetpack_post_was_ever_published":false,"jetpack_publicize_message":"","jetpack_publicize_feature_enabled":true,"jetpack_social_post_already_shared":true,"jetpack_social_options":{"image_generator_settings":{"template":"highway","default_image_id":0,"font":"","enabled":false},"version":2}},"product_brand":[242],"product_cat":[213,200],"product_tag":[],"class_list":{"0":"post-22960","1":"product","2":"type-product","3":"status-publish","4":"has-post-thumbnail","6":"product_brand-4living","7":"product_cat-outlet","8":"product_cat-kesakalusteet","9":"pa_vari-luonnonvari","10":"pa_vari-musta","11":"pa_vari-valkoinen","13":"first","14":"instock","15":"sale","16":"shipping-taxable","17":"purchasable","18":"product-type-variable"},"acf":[],"jetpack_publicize_connections":[],"jetpack_sharing_enabled":true,"jetpack-related-posts":[],"_links":{"self":[{"href":"https:\/\/pohjanmaantehtaanmyymala.fi\/en\/wp-json\/wp\/v2\/product\/22960","targetHints":{"allow":["GET"]}}],"collection":[{"href":"https:\/\/pohjanmaantehtaanmyymala.fi\/en\/wp-json\/wp\/v2\/product"}],"about":[{"href":"https:\/\/pohjanmaantehtaanmyymala.fi\/en\/wp-json\/wp\/v2\/types\/product"}],"replies":[{"embeddable":true,"href":"https:\/\/pohjanmaantehtaanmyymala.fi\/en\/wp-json\/wp\/v2\/comments?post=22960"}],"wp:featuredmedia":[{"embeddable":true,"href":"https:\/\/pohjanmaantehtaanmyymala.fi\/en\/wp-json\/wp\/v2\/media\/22964"}],"wp:attachment":[{"href":"https:\/\/pohjanmaantehtaanmyymala.fi\/en\/wp-json\/wp\/v2\/media?parent=22960"}],"wp:term":[{"taxonomy":"product_brand","embeddable":true,"href":"https:\/\/pohjanmaantehtaanmyymala.fi\/en\/wp-json\/wp\/v2\/product_brand?post=22960"},{"taxonomy":"product_cat","embeddable":true,"href":"https:\/\/pohjanmaantehtaanmyymala.fi\/en\/wp-json\/wp\/v2\/product_cat?post=22960"},{"taxonomy":"product_tag","embeddable":true,"href":"https:\/\/pohjanmaantehtaanmyymala.fi\/en\/wp-json\/wp\/v2\/product_tag?post=22960"}],"curies":[{"name":"wp","href":"https:\/\/api.w.org\/{rel}","templated":true}]}}