{"id":22881,"date":"2023-05-05T15:20:19","date_gmt":"2023-05-05T13:20:19","guid":{"rendered":"https:\/\/pohjanmaantehtaanmyymala.fi\/?post_type=product&#038;p=22881"},"modified":"2026-04-14T11:08:32","modified_gmt":"2026-04-14T09:08:32","slug":"gracy-tuoli-verhoiltu","status":"publish","type":"product","link":"https:\/\/pohjanmaantehtaanmyymala.fi\/en\/tuote\/gracy-tuoli-verhoiltu\/","title":{"rendered":"GRACY &#8211; tuoli verhoiltu"},"content":{"rendered":"<p>Tyylik\u00e4s Gracy-tuoli ruokap\u00f6yd\u00e4n ymp\u00e4rille.<\/p>\n<p>Tuolin istuinosa on on verhoitu. V\u00e4ri vaihtoehdot ovat vaalean- ja tummanharmaa.<br \/>\nTuolin jalat valmistettu tammesta. Jalkojen v\u00e4rit ovat Musta, valkopesty tai tammi.<\/p>\n<p>Saatavana my\u00f6s laminaatti-istuimella.<\/p>\n<p>Tuolin istuinkorkeus: 46 cm.<\/p>\n<p>Tuoli toimitetaan osina.<\/p>\n","protected":false},"excerpt":{"rendered":"<p>Tyylik\u00e4s Gracy-tuoli ruokap\u00f6yd\u00e4n ymp\u00e4rille. Tuolin istuinosa on on verhoitu. V\u00e4ri vaihtoehdot ovat vaalean- ja tummanharmaa. Tuolin jalat valmistettu tammesta. Jalkojen v\u00e4rit ovat Musta, valkopesty tai tammi. Saatavana my\u00f6s laminaatti-istuimella. Tuolin istuinkorkeus: 46 cm. Tuoli toimitetaan osina.<\/p>\n","protected":false},"featured_media":22888,"comment_status":"closed","ping_status":"closed","template":"","meta":{"_acf_changed":false,"jetpack_post_was_ever_published":false,"jetpack_publicize_message":"","jetpack_publicize_feature_enabled":true,"jetpack_social_post_already_shared":true,"jetpack_social_options":{"image_generator_settings":{"template":"highway","default_image_id":0,"font":"","enabled":false},"version":2}},"product_brand":[179],"product_cat":[194],"product_tag":[395,396],"class_list":{"0":"post-22881","1":"product","2":"type-product","3":"status-publish","4":"has-post-thumbnail","6":"product_brand-rowico","7":"product_cat-ruokapoydat-ja-tuolit","8":"product_tag-rowico","9":"product_tag-ruokailutila","10":"product_shipping_class-161","12":"first","13":"instock","14":"purchasable","15":"product-type-simple"},"acf":[],"jetpack_publicize_connections":[],"jetpack_sharing_enabled":true,"jetpack-related-posts":[{"id":9145,"url":"https:\/\/pohjanmaantehtaanmyymala.fi\/en\/tuote\/gracy-tuoli\/","url_meta":{"origin":22881,"position":0},"title":"GRACY &#8211; tuoli","author":"petri","date":"September 14, 2019","format":false,"excerpt":"Tyylik\u00e4s Gracy-tuoli ruokap\u00f6yd\u00e4n ymp\u00e4rille. Tuolin istuinosa on kest\u00e4v\u00e4\u00e4 laminaattipintaista vaneria. V\u00e4ri vaihtoehdot ovat musta ja valkoinen. Tuolin jalat valmistettu tammesta. Jalkojen v\u00e4rit ovat Musta, valkoinen, valkopesty tai tammi. Saatavana my\u00f6s pehmustettuna. Tuolin istuinkorkeus: 46 cm. Tuoli toimitetaan osina.","rel":"","context":"Similar post","block_context":{"text":"Similar post","link":""},"img":{"alt_text":"","src":"https:\/\/i0.wp.com\/pohjanmaantehtaanmyymala.fi\/wp-content\/uploads\/2019\/06\/113630-a-Grace-stol-svart-ek-R.jpg?fit=960%2C960&ssl=1&resize=350%2C200","width":350,"height":200,"srcset":"https:\/\/i0.wp.com\/pohjanmaantehtaanmyymala.fi\/wp-content\/uploads\/2019\/06\/113630-a-Grace-stol-svart-ek-R.jpg?fit=960%2C960&ssl=1&resize=350%2C200 1x, https:\/\/i0.wp.com\/pohjanmaantehtaanmyymala.fi\/wp-content\/uploads\/2019\/06\/113630-a-Grace-stol-svart-ek-R.jpg?fit=960%2C960&ssl=1&resize=525%2C300 1.5x, https:\/\/i0.wp.com\/pohjanmaantehtaanmyymala.fi\/wp-content\/uploads\/2019\/06\/113630-a-Grace-stol-svart-ek-R.jpg?fit=960%2C960&ssl=1&resize=700%2C400 2x"},"classes":[]},{"id":26670,"url":"https:\/\/pohjanmaantehtaanmyymala.fi\/en\/tuote\/rowico-rodham-tuoli-valitse-vari\/","url_meta":{"origin":22881,"position":1},"title":"Rowico Rodham tuoli, valitse v\u00e4ri","author":"Miro Nevala","date":"March 22, 2024","format":false,"excerpt":"Siro tuoli 4 eri v\u00e4rityksell\u00e4. Valitse mieluinen!","rel":"","context":"Similar post","block_context":{"text":"Similar post","link":""},"img":{"alt_text":"Rowico Rodham ruokatuoli valkopesty tammi","src":"https:\/\/i0.wp.com\/pohjanmaantehtaanmyymala.fi\/wp-content\/uploads\/2024\/03\/Rowico_Rodham_ruokatuoli-valkopesty-tammi.jpg?fit=960%2C960&ssl=1&resize=350%2C200","width":350,"height":200,"srcset":"https:\/\/i0.wp.com\/pohjanmaantehtaanmyymala.fi\/wp-content\/uploads\/2024\/03\/Rowico_Rodham_ruokatuoli-valkopesty-tammi.jpg?fit=960%2C960&ssl=1&resize=350%2C200 1x, https:\/\/i0.wp.com\/pohjanmaantehtaanmyymala.fi\/wp-content\/uploads\/2024\/03\/Rowico_Rodham_ruokatuoli-valkopesty-tammi.jpg?fit=960%2C960&ssl=1&resize=525%2C300 1.5x, https:\/\/i0.wp.com\/pohjanmaantehtaanmyymala.fi\/wp-content\/uploads\/2024\/03\/Rowico_Rodham_ruokatuoli-valkopesty-tammi.jpg?fit=960%2C960&ssl=1&resize=700%2C400 2x"},"classes":[]},{"id":26517,"url":"https:\/\/pohjanmaantehtaanmyymala.fi\/en\/tuote\/rowico-waterton-tuoli-valitse-vari\/","url_meta":{"origin":22881,"position":2},"title":"Rowico Waterton tuoli. Valitse v\u00e4ri!","author":"Miro Nevala","date":"April 9, 2024","format":false,"excerpt":"N\u00e4ytt\u00e4v\u00e4 ruokatuoli 2 eri v\u00e4rityksell\u00e4!","rel":"","context":"Similar post","block_context":{"text":"Similar post","link":""},"img":{"alt_text":"Rowico Waterlon tuoli tammi kulma","src":"https:\/\/i0.wp.com\/pohjanmaantehtaanmyymala.fi\/wp-content\/uploads\/2024\/03\/Rowico_Waterton_tuoli-1.jpg?fit=960%2C960&ssl=1&resize=350%2C200","width":350,"height":200,"srcset":"https:\/\/i0.wp.com\/pohjanmaantehtaanmyymala.fi\/wp-content\/uploads\/2024\/03\/Rowico_Waterton_tuoli-1.jpg?fit=960%2C960&ssl=1&resize=350%2C200 1x, https:\/\/i0.wp.com\/pohjanmaantehtaanmyymala.fi\/wp-content\/uploads\/2024\/03\/Rowico_Waterton_tuoli-1.jpg?fit=960%2C960&ssl=1&resize=525%2C300 1.5x, https:\/\/i0.wp.com\/pohjanmaantehtaanmyymala.fi\/wp-content\/uploads\/2024\/03\/Rowico_Waterton_tuoli-1.jpg?fit=960%2C960&ssl=1&resize=700%2C400 2x"},"classes":[]},{"id":26690,"url":"https:\/\/pohjanmaantehtaanmyymala.fi\/en\/tuote\/rowico-wolcott-tuoli\/","url_meta":{"origin":22881,"position":3},"title":"Rowico Wolcott-tuoli","author":"Miro Nevala","date":"March 22, 2024","format":false,"excerpt":"Taattua Rowicon laatua ja n\u00e4ytt\u00e4vyytt\u00e4. Valitse v\u00e4ri!","rel":"","context":"Similar post","block_context":{"text":"Similar post","link":""},"img":{"alt_text":"Rowico Wolcott ruokatuoli valkopesty tammi","src":"https:\/\/i0.wp.com\/pohjanmaantehtaanmyymala.fi\/wp-content\/uploads\/2024\/03\/Rowico_Wolcott_ruokatuoli-valkopesty.jpg?fit=960%2C960&ssl=1&resize=350%2C200","width":350,"height":200,"srcset":"https:\/\/i0.wp.com\/pohjanmaantehtaanmyymala.fi\/wp-content\/uploads\/2024\/03\/Rowico_Wolcott_ruokatuoli-valkopesty.jpg?fit=960%2C960&ssl=1&resize=350%2C200 1x, https:\/\/i0.wp.com\/pohjanmaantehtaanmyymala.fi\/wp-content\/uploads\/2024\/03\/Rowico_Wolcott_ruokatuoli-valkopesty.jpg?fit=960%2C960&ssl=1&resize=525%2C300 1.5x, https:\/\/i0.wp.com\/pohjanmaantehtaanmyymala.fi\/wp-content\/uploads\/2024\/03\/Rowico_Wolcott_ruokatuoli-valkopesty.jpg?fit=960%2C960&ssl=1&resize=700%2C400 2x"},"classes":[]},{"id":21686,"url":"https:\/\/pohjanmaantehtaanmyymala.fi\/en\/tuote\/emmi-ruokaryhma-6-tuolilla-valkoinen-tammi\/","url_meta":{"origin":22881,"position":4},"title":"Emmi ruokaryhm\u00e4 6 tuolilla valkoinen\/tammi","author":"Sami Viitala","date":"November 22, 2022","format":false,"excerpt":"Perinteinen Emmi- ruokailuryhm\u00e4 sis\u00e4lt\u00e4\u00e4 Rustiikki p\u00f6yd\u00e4n 180*90 cm ja 6 kpl Emmi tuolia. Emmi ruokailuryhm\u00e4 on valmistettu koivusta ja tammesta. P\u00f6yd\u00e4n jalkaosat ja tuolien rungot on maalattu valkoiseksi. Rustiikki p\u00f6yd\u00e4ss\u00e4 on tammikansi, joka on nimens\u00e4 mukaisesti rustiikkinen, eli hieman jo vanhan ja k\u00e4ytetyn n\u00e4k\u00f6inen uutena. Emmi-tuolien istuimissa on my\u00f6s rustiikkinen\u2026","rel":"","context":"Similar post","block_context":{"text":"Similar post","link":""},"img":{"alt_text":"Emmi ruokaryhm\u00e4 170x90 cm 6-tuolilla valkoinen\/rustiikkitammi","src":"https:\/\/i0.wp.com\/pohjanmaantehtaanmyymala.fi\/wp-content\/uploads\/2022\/11\/Emmi-ruokaryhma-6tuolilla-valkoinen-tammi.jpg?fit=960%2C960&ssl=1&resize=350%2C200","width":350,"height":200,"srcset":"https:\/\/i0.wp.com\/pohjanmaantehtaanmyymala.fi\/wp-content\/uploads\/2022\/11\/Emmi-ruokaryhma-6tuolilla-valkoinen-tammi.jpg?fit=960%2C960&ssl=1&resize=350%2C200 1x, https:\/\/i0.wp.com\/pohjanmaantehtaanmyymala.fi\/wp-content\/uploads\/2022\/11\/Emmi-ruokaryhma-6tuolilla-valkoinen-tammi.jpg?fit=960%2C960&ssl=1&resize=525%2C300 1.5x, https:\/\/i0.wp.com\/pohjanmaantehtaanmyymala.fi\/wp-content\/uploads\/2022\/11\/Emmi-ruokaryhma-6tuolilla-valkoinen-tammi.jpg?fit=960%2C960&ssl=1&resize=700%2C400 2x"},"classes":[]},{"id":9089,"url":"https:\/\/pohjanmaantehtaanmyymala.fi\/en\/tuote\/filippa-tuoli-pehmustettu\/","url_meta":{"origin":22881,"position":5},"title":"FILIPPA &#8211; tuoli (pehmustettu)","author":"petri","date":"September 14, 2019","format":false,"excerpt":"Pehmustettu Filippa ruokatuoli on tukeva tamminen tuoli. Tuolin istuin verhoiltu harmaalla kankaalla Rungon v\u00e4ri: Tammi tai valkopesty tammi. Istuinkorkeus 46cm Toimitetaan koottuna.","rel":"","context":"Similar post","block_context":{"text":"Similar post","link":""},"img":{"alt_text":"","src":"https:\/\/i0.wp.com\/pohjanmaantehtaanmyymala.fi\/wp-content\/uploads\/2019\/06\/113781-a-Filippa-R.jpg?fit=960%2C960&ssl=1&resize=350%2C200","width":350,"height":200,"srcset":"https:\/\/i0.wp.com\/pohjanmaantehtaanmyymala.fi\/wp-content\/uploads\/2019\/06\/113781-a-Filippa-R.jpg?fit=960%2C960&ssl=1&resize=350%2C200 1x, https:\/\/i0.wp.com\/pohjanmaantehtaanmyymala.fi\/wp-content\/uploads\/2019\/06\/113781-a-Filippa-R.jpg?fit=960%2C960&ssl=1&resize=525%2C300 1.5x, https:\/\/i0.wp.com\/pohjanmaantehtaanmyymala.fi\/wp-content\/uploads\/2019\/06\/113781-a-Filippa-R.jpg?fit=960%2C960&ssl=1&resize=700%2C400 2x"},"classes":[]}],"_links":{"self":[{"href":"https:\/\/pohjanmaantehtaanmyymala.fi\/en\/wp-json\/wp\/v2\/product\/22881","targetHints":{"allow":["GET"]}}],"collection":[{"href":"https:\/\/pohjanmaantehtaanmyymala.fi\/en\/wp-json\/wp\/v2\/product"}],"about":[{"href":"https:\/\/pohjanmaantehtaanmyymala.fi\/en\/wp-json\/wp\/v2\/types\/product"}],"replies":[{"embeddable":true,"href":"https:\/\/pohjanmaantehtaanmyymala.fi\/en\/wp-json\/wp\/v2\/comments?post=22881"}],"wp:featuredmedia":[{"embeddable":true,"href":"https:\/\/pohjanmaantehtaanmyymala.fi\/en\/wp-json\/wp\/v2\/media\/22888"}],"wp:attachment":[{"href":"https:\/\/pohjanmaantehtaanmyymala.fi\/en\/wp-json\/wp\/v2\/media?parent=22881"}],"wp:term":[{"taxonomy":"product_brand","embeddable":true,"href":"https:\/\/pohjanmaantehtaanmyymala.fi\/en\/wp-json\/wp\/v2\/product_brand?post=22881"},{"taxonomy":"product_cat","embeddable":true,"href":"https:\/\/pohjanmaantehtaanmyymala.fi\/en\/wp-json\/wp\/v2\/product_cat?post=22881"},{"taxonomy":"product_tag","embeddable":true,"href":"https:\/\/pohjanmaantehtaanmyymala.fi\/en\/wp-json\/wp\/v2\/product_tag?post=22881"}],"curies":[{"name":"wp","href":"https:\/\/api.w.org\/{rel}","templated":true}]}}