{"id":22834,"date":"2023-04-12T11:26:01","date_gmt":"2023-04-12T09:26:01","guid":{"rendered":"https:\/\/pohjanmaantehtaanmyymala.fi\/?post_type=product&#038;p=22834"},"modified":"2026-03-17T17:55:18","modified_gmt":"2026-03-17T15:55:18","slug":"marta-avokulmasohva-connect-kankaalla","status":"publish","type":"product","link":"https:\/\/pohjanmaantehtaanmyymala.fi\/en\/tuote\/marta-avokulmasohva-connect-kankaalla\/","title":{"rendered":"Marta avokulmasohva Storm-kankaalla"},"content":{"rendered":"<p>Kevytilmeinen Marta avokulmasohva on loistava valinta olohuoneeseen! Martassa on persoonalliset tikkaukset ja tyynyjen sis\u00e4\u00e4nvedot, jotka tuovat sovalle omaa ilmett\u00e4\u00e4n. Martta sohvassa on irroitettavat istuin- ja selk\u00e4tyynyt. Marta sohva on pehme\u00e4 ja miellytt\u00e4v\u00e4 istuinmukavuudeltaan.<\/p>\n<p>Kulmasohvassa on laadukkaat materiaalit: kest\u00e4v\u00e4 puurunko, laadukkaat pehmusteet sek\u00e4 verhoilukangas takaavat mukavia istumahetki\u00e4 vuosiksi eteenp\u00e4in.<\/p>\n<p>Martta avokulman korkea jalka tekee sohvastae kevyen n\u00e4k\u00f6isen ja helpottaa sohvan alustan siivoamisessa. My\u00f6s robotti-imuri mahtuu sohvan alle.<\/p>\n<p>Martta avokulmasohvaa on saatavilla vasen- ja oikeak\u00e4tisen\u00e4. K\u00e4tisyys muodostuu, kun katsotaan sohvaa edest\u00e4p\u00e4in.<\/p>\n<p>Linkki valmistajan <a href=\"https:\/\/ermatiko.ee\/wp-content\/uploads\/2018\/04\/Ermatiko-infoleht-Marta_ENG_3.pdf\" target=\"_blank\" rel=\"noopener\">Martta-tuotetiedostoon.<\/a><\/p>\n<p>Martta-modulisohvaa saa muillakin eri kokoonpanoilla ja verhoilun voi valita useista\u00a0 kangasvaihtoehdoista.<\/p>\n<h3>Tuotetiedot:<\/h3>\n<p>Mittatiedot:<br \/>\nIstuinkorkeus: 48 cm.<br \/>\nIstuinsyvyys: 53 cm.<br \/>\nLeveys: 250 cm.<br \/>\nDivaaniosa: 198 cm.<br \/>\nKorkeus: 90 cm.<\/p>\n<p>Verhoilu: Storm, 100 % polyester, 100 000 Martindale. Likaahylkiv\u00e4 pinta.<br \/>\nIstuinpehmuste: Vaahtomuovi.<br \/>\nSelk\u00e4tyynyt: Polyesterivanut\u00e4yte.<br \/>\nIrralliset istuin- ja selk\u00e4tyynyt. Ei k\u00e4\u00e4nnett\u00e4viss\u00e4.<br \/>\nRunko:Massiivipuu, vaneri ja kovalevy.<br \/>\nJalat: Mustaksi petsattu koivu.<\/p>\n","protected":false},"excerpt":{"rendered":"<p>Persoonallien kulmasohva! Valitse k\u00e4tisyys.<\/p>\n","protected":false},"featured_media":22838,"comment_status":"closed","ping_status":"closed","template":"","meta":{"_acf_changed":false,"jetpack_post_was_ever_published":false,"jetpack_publicize_message":"","jetpack_publicize_feature_enabled":true,"jetpack_social_post_already_shared":true,"jetpack_social_options":{"image_generator_settings":{"template":"highway","default_image_id":0,"font":"","enabled":false},"version":2}},"product_brand":[208],"product_cat":[201],"product_tag":[],"class_list":{"0":"post-22834","1":"product","2":"type-product","3":"status-publish","4":"has-post-thumbnail","6":"product_brand-ermatiko","7":"product_cat-sohvat","8":"product_shipping_class-161","9":"pa_vari-storm-02-luonnonvalkoinen","10":"pa_vari-storm-09-beige","11":"pa_vari-storm-18-ruskea","12":"pa_vari-storm-39-vihrea","13":"pa_vari-storm-48-okrankeltainen","14":"pa_vari-storm-59-roosa","15":"pa_vari-storm-70-vaaleanharmaa","16":"pa_vari-storm-97-tummanharmaa","18":"first","19":"instock","20":"sale","21":"purchasable","22":"product-type-variable","23":"has-default-attributes"},"acf":[],"jetpack_publicize_connections":[],"jetpack_sharing_enabled":true,"jetpack-related-posts":[{"id":25543,"url":"https:\/\/pohjanmaantehtaanmyymala.fi\/en\/tuote\/marta-avokulmasohva-hygge-kankaalla\/","url_meta":{"origin":22834,"position":0},"title":"Marta avokulmasohva Hygge-kankaalla","author":"Miro Nevala","date":"February 15, 2024","format":false,"excerpt":"Persoonallien kulmasohva! Valitse k\u00e4tisyys.","rel":"","context":"Similar post","block_context":{"text":"Similar post","link":""},"img":{"alt_text":"Marta avokulma oikeak\u00e4tisyys Hygge kankaalla","src":"https:\/\/i0.wp.com\/pohjanmaantehtaanmyymala.fi\/wp-content\/uploads\/2024\/02\/Marta_avokulma_oikea_2-960dpi.jpg?fit=960%2C960&ssl=1&resize=350%2C200","width":350,"height":200,"srcset":"https:\/\/i0.wp.com\/pohjanmaantehtaanmyymala.fi\/wp-content\/uploads\/2024\/02\/Marta_avokulma_oikea_2-960dpi.jpg?fit=960%2C960&ssl=1&resize=350%2C200 1x, https:\/\/i0.wp.com\/pohjanmaantehtaanmyymala.fi\/wp-content\/uploads\/2024\/02\/Marta_avokulma_oikea_2-960dpi.jpg?fit=960%2C960&ssl=1&resize=525%2C300 1.5x, https:\/\/i0.wp.com\/pohjanmaantehtaanmyymala.fi\/wp-content\/uploads\/2024\/02\/Marta_avokulma_oikea_2-960dpi.jpg?fit=960%2C960&ssl=1&resize=700%2C400 2x"},"classes":[]},{"id":23944,"url":"https:\/\/pohjanmaantehtaanmyymala.fi\/en\/tuote\/marta-avokulmasohva-retrobliss-kankaalla\/","url_meta":{"origin":22834,"position":1},"title":"Marta avokulmasohva RetroBliss-kankaalla","author":"Sami Viitala","date":"November 6, 2023","format":false,"excerpt":"Persoonallien kulmasohva! Valitse k\u00e4tisyys.","rel":"","context":"Similar post","block_context":{"text":"Similar post","link":""},"img":{"alt_text":"Marta avokulma oikeak\u00e4tinen, harmaa Retro Bliss kangas","src":"https:\/\/i0.wp.com\/pohjanmaantehtaanmyymala.fi\/wp-content\/uploads\/2023\/11\/Marta-avokulma-kangas.jpg?fit=960%2C960&ssl=1&resize=350%2C200","width":350,"height":200,"srcset":"https:\/\/i0.wp.com\/pohjanmaantehtaanmyymala.fi\/wp-content\/uploads\/2023\/11\/Marta-avokulma-kangas.jpg?fit=960%2C960&ssl=1&resize=350%2C200 1x, https:\/\/i0.wp.com\/pohjanmaantehtaanmyymala.fi\/wp-content\/uploads\/2023\/11\/Marta-avokulma-kangas.jpg?fit=960%2C960&ssl=1&resize=525%2C300 1.5x, https:\/\/i0.wp.com\/pohjanmaantehtaanmyymala.fi\/wp-content\/uploads\/2023\/11\/Marta-avokulma-kangas.jpg?fit=960%2C960&ssl=1&resize=700%2C400 2x"},"classes":[]},{"id":25474,"url":"https:\/\/pohjanmaantehtaanmyymala.fi\/en\/tuote\/marta-3-istuttava-sohva\/","url_meta":{"origin":22834,"position":2},"title":"Marta 3-istuttava sohva","author":"Miro Nevala","date":"February 15, 2024","format":false,"excerpt":"Persoonallien sohva. Valitse v\u00e4ri kattavasta valikoimasta!","rel":"","context":"Similar post","block_context":{"text":"Similar post","link":""},"img":{"alt_text":"Marta 3-istuttava sohva v\u00e4ri roosa","src":"https:\/\/i0.wp.com\/pohjanmaantehtaanmyymala.fi\/wp-content\/uploads\/2024\/02\/Marta-3-istuttava-roosa-960dpi.jpg?fit=960%2C960&ssl=1&resize=350%2C200","width":350,"height":200,"srcset":"https:\/\/i0.wp.com\/pohjanmaantehtaanmyymala.fi\/wp-content\/uploads\/2024\/02\/Marta-3-istuttava-roosa-960dpi.jpg?fit=960%2C960&ssl=1&resize=350%2C200 1x, https:\/\/i0.wp.com\/pohjanmaantehtaanmyymala.fi\/wp-content\/uploads\/2024\/02\/Marta-3-istuttava-roosa-960dpi.jpg?fit=960%2C960&ssl=1&resize=525%2C300 1.5x, https:\/\/i0.wp.com\/pohjanmaantehtaanmyymala.fi\/wp-content\/uploads\/2024\/02\/Marta-3-istuttava-roosa-960dpi.jpg?fit=960%2C960&ssl=1&resize=700%2C400 2x"},"classes":[]},{"id":25528,"url":"https:\/\/pohjanmaantehtaanmyymala.fi\/en\/tuote\/marta-2-istuttava-sohva\/","url_meta":{"origin":22834,"position":3},"title":"Marta 2-istuttava sohva","author":"Miro Nevala","date":"February 15, 2024","format":false,"excerpt":"Persoonallien sohva. Valitse v\u00e4ri kattavasta valikoimasta!","rel":"","context":"Similar post","block_context":{"text":"Similar post","link":""},"img":{"alt_text":"Marta 2-istuttava sohva v\u00e4ri roosa","src":"https:\/\/i0.wp.com\/pohjanmaantehtaanmyymala.fi\/wp-content\/uploads\/2024\/02\/Marta-2-istuttava-roosa-960dpi.jpg?fit=960%2C960&ssl=1&resize=350%2C200","width":350,"height":200,"srcset":"https:\/\/i0.wp.com\/pohjanmaantehtaanmyymala.fi\/wp-content\/uploads\/2024\/02\/Marta-2-istuttava-roosa-960dpi.jpg?fit=960%2C960&ssl=1&resize=350%2C200 1x, https:\/\/i0.wp.com\/pohjanmaantehtaanmyymala.fi\/wp-content\/uploads\/2024\/02\/Marta-2-istuttava-roosa-960dpi.jpg?fit=960%2C960&ssl=1&resize=525%2C300 1.5x, https:\/\/i0.wp.com\/pohjanmaantehtaanmyymala.fi\/wp-content\/uploads\/2024\/02\/Marta-2-istuttava-roosa-960dpi.jpg?fit=960%2C960&ssl=1&resize=700%2C400 2x"},"classes":[]},{"id":25451,"url":"https:\/\/pohjanmaantehtaanmyymala.fi\/en\/tuote\/marta-sohvat-connect-kankaalla\/","url_meta":{"origin":22834,"position":4},"title":"Marta 2,5 ja 2-istuttavat sohvat alk. kankaalla","author":"Miro Nevala","date":"February 15, 2024","format":false,"excerpt":"Saatavana useita eri vaihtoehtoja.","rel":"","context":"Similar post","block_context":{"text":"Similar post","link":""},"img":{"alt_text":"Marta sohvat, 2- ja 3-istuttavat roosan v\u00e4rinen Connect-kangas","src":"https:\/\/i0.wp.com\/pohjanmaantehtaanmyymala.fi\/wp-content\/uploads\/2024\/02\/Marta_23_sohvat.jpg?fit=960%2C960&ssl=1&resize=350%2C200","width":350,"height":200,"srcset":"https:\/\/i0.wp.com\/pohjanmaantehtaanmyymala.fi\/wp-content\/uploads\/2024\/02\/Marta_23_sohvat.jpg?fit=960%2C960&ssl=1&resize=350%2C200 1x, https:\/\/i0.wp.com\/pohjanmaantehtaanmyymala.fi\/wp-content\/uploads\/2024\/02\/Marta_23_sohvat.jpg?fit=960%2C960&ssl=1&resize=525%2C300 1.5x, https:\/\/i0.wp.com\/pohjanmaantehtaanmyymala.fi\/wp-content\/uploads\/2024\/02\/Marta_23_sohvat.jpg?fit=960%2C960&ssl=1&resize=700%2C400 2x"},"classes":[]},{"id":23676,"url":"https:\/\/pohjanmaantehtaanmyymala.fi\/en\/tuote\/moduli-avokulmasohva-stark-kankaalla\/","url_meta":{"origin":22834,"position":5},"title":"Moduli avokulmasohva Stark-kankaalla","author":"Sami Viitala","date":"September 23, 2023","format":false,"excerpt":"Modulisohva on POP!255","rel":"","context":"Similar post","block_context":{"text":"Similar post","link":""},"img":{"alt_text":"Moduli Livorno avokulmasohva Luna harmaa kangas","src":"https:\/\/i0.wp.com\/pohjanmaantehtaanmyymala.fi\/wp-content\/uploads\/2023\/09\/Moduli_avokulmasohva_harmaa.jpg?fit=960%2C960&ssl=1&resize=350%2C200","width":350,"height":200,"srcset":"https:\/\/i0.wp.com\/pohjanmaantehtaanmyymala.fi\/wp-content\/uploads\/2023\/09\/Moduli_avokulmasohva_harmaa.jpg?fit=960%2C960&ssl=1&resize=350%2C200 1x, https:\/\/i0.wp.com\/pohjanmaantehtaanmyymala.fi\/wp-content\/uploads\/2023\/09\/Moduli_avokulmasohva_harmaa.jpg?fit=960%2C960&ssl=1&resize=525%2C300 1.5x, https:\/\/i0.wp.com\/pohjanmaantehtaanmyymala.fi\/wp-content\/uploads\/2023\/09\/Moduli_avokulmasohva_harmaa.jpg?fit=960%2C960&ssl=1&resize=700%2C400 2x"},"classes":[]}],"_links":{"self":[{"href":"https:\/\/pohjanmaantehtaanmyymala.fi\/en\/wp-json\/wp\/v2\/product\/22834","targetHints":{"allow":["GET"]}}],"collection":[{"href":"https:\/\/pohjanmaantehtaanmyymala.fi\/en\/wp-json\/wp\/v2\/product"}],"about":[{"href":"https:\/\/pohjanmaantehtaanmyymala.fi\/en\/wp-json\/wp\/v2\/types\/product"}],"replies":[{"embeddable":true,"href":"https:\/\/pohjanmaantehtaanmyymala.fi\/en\/wp-json\/wp\/v2\/comments?post=22834"}],"wp:featuredmedia":[{"embeddable":true,"href":"https:\/\/pohjanmaantehtaanmyymala.fi\/en\/wp-json\/wp\/v2\/media\/22838"}],"wp:attachment":[{"href":"https:\/\/pohjanmaantehtaanmyymala.fi\/en\/wp-json\/wp\/v2\/media?parent=22834"}],"wp:term":[{"taxonomy":"product_brand","embeddable":true,"href":"https:\/\/pohjanmaantehtaanmyymala.fi\/en\/wp-json\/wp\/v2\/product_brand?post=22834"},{"taxonomy":"product_cat","embeddable":true,"href":"https:\/\/pohjanmaantehtaanmyymala.fi\/en\/wp-json\/wp\/v2\/product_cat?post=22834"},{"taxonomy":"product_tag","embeddable":true,"href":"https:\/\/pohjanmaantehtaanmyymala.fi\/en\/wp-json\/wp\/v2\/product_tag?post=22834"}],"curies":[{"name":"wp","href":"https:\/\/api.w.org\/{rel}","templated":true}]}}