{"id":22649,"date":"2023-03-02T17:41:29","date_gmt":"2023-03-02T15:41:29","guid":{"rendered":"https:\/\/pohjanmaantehtaanmyymala.fi\/?post_type=product&#038;p=22649"},"modified":"2025-12-03T13:47:07","modified_gmt":"2025-12-03T11:47:07","slug":"easy-vuodesohva-beigella-kankaalla","status":"publish","type":"product","link":"https:\/\/pohjanmaantehtaanmyymala.fi\/en\/tuote\/easy-vuodesohva-beigella-kankaalla\/","title":{"rendered":"EASY &#8211; vuodesohva beigell\u00e4 kankaalla"},"content":{"rendered":"<p>Pohjanmaan Easy-vuodesohva on kautta aikojen Tehtaanmyym\u00e4l\u00e4n myydyimpi\u00e4 vuodesohvia. Ajattoman muotoilun ja erinomaisen istuinmukavuuden vuoksi se on viel\u00e4 t\u00e4n\u00e4 p\u00e4iv\u00e4n\u00e4kin suosittu malli. Easy-vuodesohvassa on helppok\u00e4ytt\u00f6inen vuodemekanismi, jonka saa k\u00e4den k\u00e4\u00e4nteess\u00e4 avattua tilavaksi varavuoteeksi. Lis\u00e4ksi istuimen alta l\u00f6ytyy vuodevaatelaatikko, jossa voi s\u00e4ilytt\u00e4\u00e4 vaikka varavuoteen petauspatjaa.<\/p>\n<p>Uusitussa Easy-vuodesohvassa on my\u00f6s entist\u00e4 my\u00f6t\u00e4ilev\u00e4mpi nukkumamukavuus.<\/p>\n<p>Easy -vuodesohvaa on saatavana beigell\u00e4 Austin-kankaalla.<\/p>\n<p>My\u00f6s muita v\u00e4rej\u00e4, kysy saatavuutta <a href=\"https:\/\/pohjanmaantehtaanmyymala.fi\/yhteys\/\">myynnist\u00e4mme!<\/a><\/p>\n<h3>Tuotetiedot:<\/h3>\n<p>Easy-sohvan vuodekoko on 140x190cm<br \/>\nSohvan leveys on 216 cm<br \/>\nKangas: Austin 100 % polyesteri.<br \/>\nRunko: Massiivipuu vaneri ja kovalevy.<br \/>\nIstuimet: no-zag jouset ja Hard-35EP105 vaahtomuovi.<br \/>\nSelk\u00e4noja: 25Evaahtomuovi 12cm+vanu.\u00a0 Selk\u00e4nojassa on lis\u00e4ksi jousitus vuodesohvaksi levitettyn\u00e4.<\/p>\n","protected":false},"excerpt":{"rendered":"<p>Ajattomuutta ja toiminallisuutta arvostavalle.<\/p>\n","protected":false},"featured_media":22656,"comment_status":"closed","ping_status":"closed","template":"","meta":{"_acf_changed":false,"jetpack_post_was_ever_published":false,"jetpack_publicize_message":"","jetpack_publicize_feature_enabled":true,"jetpack_social_post_already_shared":true,"jetpack_social_options":{"image_generator_settings":{"template":"highway","default_image_id":0,"font":"","enabled":false},"version":2}},"product_brand":[270],"product_cat":[193],"product_tag":[],"class_list":{"0":"post-22649","1":"product","2":"type-product","3":"status-publish","4":"has-post-thumbnail","6":"product_brand-pohjanmaan","7":"product_cat-vuodesohvat","8":"product_shipping_class-161","10":"first","11":"instock","12":"sale","13":"purchasable","14":"product-type-simple"},"acf":[],"jetpack_publicize_connections":[],"jetpack_sharing_enabled":true,"jetpack-related-posts":[{"id":22725,"url":"https:\/\/pohjanmaantehtaanmyymala.fi\/en\/tuote\/easy-vuodesohva-vaaleanharmaa-kangas\/","url_meta":{"origin":22649,"position":0},"title":"EASY &#8211; vuodesohva vaaleanharmaa kangas","author":"Sami Viitala","date":"March 10, 2023","format":false,"excerpt":"Helppotoiminen vuodesohva s\u00e4ilytyslaatikolla.","rel":"","context":"Similar post","block_context":{"text":"Similar post","link":""},"img":{"alt_text":"Pohjanmaan Easy vuodesohva austin vaaleanharmaalla kankaalla","src":"https:\/\/i0.wp.com\/pohjanmaantehtaanmyymala.fi\/wp-content\/uploads\/2023\/03\/Easy_vuodesohva_Austin_harmaa18-1.jpg?fit=960%2C960&ssl=1&resize=350%2C200","width":350,"height":200,"srcset":"https:\/\/i0.wp.com\/pohjanmaantehtaanmyymala.fi\/wp-content\/uploads\/2023\/03\/Easy_vuodesohva_Austin_harmaa18-1.jpg?fit=960%2C960&ssl=1&resize=350%2C200 1x, https:\/\/i0.wp.com\/pohjanmaantehtaanmyymala.fi\/wp-content\/uploads\/2023\/03\/Easy_vuodesohva_Austin_harmaa18-1.jpg?fit=960%2C960&ssl=1&resize=525%2C300 1.5x, https:\/\/i0.wp.com\/pohjanmaantehtaanmyymala.fi\/wp-content\/uploads\/2023\/03\/Easy_vuodesohva_Austin_harmaa18-1.jpg?fit=960%2C960&ssl=1&resize=700%2C400 2x"},"classes":[]},{"id":8640,"url":"https:\/\/pohjanmaantehtaanmyymala.fi\/en\/tuote\/easy-vuodesohva\/","url_meta":{"origin":22649,"position":1},"title":"EASY &#8211; vuodesohva harmaalla kankaalla","author":"petri","date":"September 14, 2019","format":false,"excerpt":"Ajattomuutta ja toiminallisuutta arvostavalle.","rel":"","context":"Similar post","block_context":{"text":"Similar post","link":""},"img":{"alt_text":"Easy vuodesohva etuviistosta p\u00e4in harmaa Austin-kangas","src":"https:\/\/i0.wp.com\/pohjanmaantehtaanmyymala.fi\/wp-content\/uploads\/2019\/09\/Easy-vuodesohva-austin19-sivu.jpg?fit=960%2C960&ssl=1&resize=350%2C200","width":350,"height":200,"srcset":"https:\/\/i0.wp.com\/pohjanmaantehtaanmyymala.fi\/wp-content\/uploads\/2019\/09\/Easy-vuodesohva-austin19-sivu.jpg?fit=960%2C960&ssl=1&resize=350%2C200 1x, https:\/\/i0.wp.com\/pohjanmaantehtaanmyymala.fi\/wp-content\/uploads\/2019\/09\/Easy-vuodesohva-austin19-sivu.jpg?fit=960%2C960&ssl=1&resize=525%2C300 1.5x, https:\/\/i0.wp.com\/pohjanmaantehtaanmyymala.fi\/wp-content\/uploads\/2019\/09\/Easy-vuodesohva-austin19-sivu.jpg?fit=960%2C960&ssl=1&resize=700%2C400 2x"},"classes":[]},{"id":23000,"url":"https:\/\/pohjanmaantehtaanmyymala.fi\/en\/tuote\/gracy-vuodesohva-austin-kankaalla\/","url_meta":{"origin":22649,"position":2},"title":"Jazz 3-ist. vuodesohva kankaalla","author":"Sami Viitala","date":"May 20, 2023","format":false,"excerpt":"Iso n\u00e4ytt\u00e4v\u00e4 vuodesohva!","rel":"","context":"Similar post","block_context":{"text":"Similar post","link":""},"img":{"alt_text":"Jazz 3-istuttava vuodesohva 3-tyynyinen beigell\u00e4 oasis-kankaalla milj\u00f6\u00f6ss\u00e4","src":"https:\/\/i0.wp.com\/pohjanmaantehtaanmyymala.fi\/wp-content\/uploads\/2023\/05\/JAZZ_K2055-DM-EASY-DELUXE-K2055_Oasis02_kangas.jpg?fit=1000%2C1000&ssl=1&resize=350%2C200","width":350,"height":200,"srcset":"https:\/\/i0.wp.com\/pohjanmaantehtaanmyymala.fi\/wp-content\/uploads\/2023\/05\/JAZZ_K2055-DM-EASY-DELUXE-K2055_Oasis02_kangas.jpg?fit=1000%2C1000&ssl=1&resize=350%2C200 1x, https:\/\/i0.wp.com\/pohjanmaantehtaanmyymala.fi\/wp-content\/uploads\/2023\/05\/JAZZ_K2055-DM-EASY-DELUXE-K2055_Oasis02_kangas.jpg?fit=1000%2C1000&ssl=1&resize=525%2C300 1.5x, https:\/\/i0.wp.com\/pohjanmaantehtaanmyymala.fi\/wp-content\/uploads\/2023\/05\/JAZZ_K2055-DM-EASY-DELUXE-K2055_Oasis02_kangas.jpg?fit=1000%2C1000&ssl=1&resize=700%2C400 2x"},"classes":[]},{"id":25123,"url":"https:\/\/pohjanmaantehtaanmyymala.fi\/en\/tuote\/dolphin-vuodesohva-kangasverhoilulla\/","url_meta":{"origin":22649,"position":3},"title":"Dolphin vuodesohva kangasverhoilulla","author":"Miro Nevala","date":"March 4, 2024","format":false,"excerpt":"Upea kangasvuodesohva mekanismilla useilla v\u00e4rivaihtoehdoilla!","rel":"","context":"Similar post","block_context":{"text":"Similar post","link":""},"img":{"alt_text":"Pohjanmaan Dolphin vuodesohva","src":"https:\/\/i0.wp.com\/pohjanmaantehtaanmyymala.fi\/wp-content\/uploads\/2024\/02\/Pohjanmaan-Dolphin-vuodesohva-960dpi.jpg?fit=960%2C960&ssl=1&resize=350%2C200","width":350,"height":200,"srcset":"https:\/\/i0.wp.com\/pohjanmaantehtaanmyymala.fi\/wp-content\/uploads\/2024\/02\/Pohjanmaan-Dolphin-vuodesohva-960dpi.jpg?fit=960%2C960&ssl=1&resize=350%2C200 1x, https:\/\/i0.wp.com\/pohjanmaantehtaanmyymala.fi\/wp-content\/uploads\/2024\/02\/Pohjanmaan-Dolphin-vuodesohva-960dpi.jpg?fit=960%2C960&ssl=1&resize=525%2C300 1.5x, https:\/\/i0.wp.com\/pohjanmaantehtaanmyymala.fi\/wp-content\/uploads\/2024\/02\/Pohjanmaan-Dolphin-vuodesohva-960dpi.jpg?fit=960%2C960&ssl=1&resize=700%2C400 2x"},"classes":[]},{"id":25219,"url":"https:\/\/pohjanmaantehtaanmyymala.fi\/en\/tuote\/harmony-vuodesohva-austin-kankaalla\/","url_meta":{"origin":22649,"position":4},"title":"Harmony vuodesohva Austin-kankaalla","author":"Miro Nevala","date":"February 13, 2024","format":false,"excerpt":"Upea vuodesohva mekanismilla useilla v\u00e4rivaihtoehdoilla!","rel":"","context":"Similar post","block_context":{"text":"Similar post","link":""},"img":{"alt_text":"Harmony vuodesohva edest\u00e4p\u00e4in","src":"https:\/\/i0.wp.com\/pohjanmaantehtaanmyymala.fi\/wp-content\/uploads\/2024\/02\/Harmony-vuodesohva-1-960dpi.jpg?fit=960%2C960&ssl=1&resize=350%2C200","width":350,"height":200,"srcset":"https:\/\/i0.wp.com\/pohjanmaantehtaanmyymala.fi\/wp-content\/uploads\/2024\/02\/Harmony-vuodesohva-1-960dpi.jpg?fit=960%2C960&ssl=1&resize=350%2C200 1x, https:\/\/i0.wp.com\/pohjanmaantehtaanmyymala.fi\/wp-content\/uploads\/2024\/02\/Harmony-vuodesohva-1-960dpi.jpg?fit=960%2C960&ssl=1&resize=525%2C300 1.5x, https:\/\/i0.wp.com\/pohjanmaantehtaanmyymala.fi\/wp-content\/uploads\/2024\/02\/Harmony-vuodesohva-1-960dpi.jpg?fit=960%2C960&ssl=1&resize=700%2C400 2x"},"classes":[]},{"id":10945,"url":"https:\/\/pohjanmaantehtaanmyymala.fi\/en\/tuote\/liisa-vuodesohva-2-istuttava-tarjous\/","url_meta":{"origin":22649,"position":5},"title":"LIISA \u2013 vuodesohva 2 -istuttava TARJOUS!","author":"petri","date":"September 14, 2019","format":false,"excerpt":"Edullinen kahdenistuttava vuodesohva s\u00e4ilytyslaatikolla. Harmaalla Malm\u00f6-kankaalla verhoiltu Liisa-vuodesohva helppotoimisella vuodemekanismilla. Vuodesohvasta saat levitetty\u00e4 vaivatta varavuoteen jonka koko on 120x195 cm. Vuoteen lis\u00e4ksi sohvasta l\u00f6ytyy my\u00f6s istuimen alta k\u00e4teva\u00e4 vuodevaatelaatikko, miss\u00e4 voit s\u00e4ilytt\u00e4\u00e4 peitteet ja tyynyt. Liisa-mallista on saatavana my\u00f6s vuodetuoli, kysy lis\u00e4tietoja asiakaspalvelustamme! Sohva toimitetaan valmiiksi kasattuna.","rel":"","context":"Similar post","block_context":{"text":"Similar post","link":""},"img":{"alt_text":"","src":"https:\/\/i0.wp.com\/pohjanmaantehtaanmyymala.fi\/wp-content\/uploads\/2019\/09\/Liisa_2_istuttava_vuodesohva_3.jpg?fit=960%2C960&ssl=1&resize=350%2C200","width":350,"height":200,"srcset":"https:\/\/i0.wp.com\/pohjanmaantehtaanmyymala.fi\/wp-content\/uploads\/2019\/09\/Liisa_2_istuttava_vuodesohva_3.jpg?fit=960%2C960&ssl=1&resize=350%2C200 1x, https:\/\/i0.wp.com\/pohjanmaantehtaanmyymala.fi\/wp-content\/uploads\/2019\/09\/Liisa_2_istuttava_vuodesohva_3.jpg?fit=960%2C960&ssl=1&resize=525%2C300 1.5x, https:\/\/i0.wp.com\/pohjanmaantehtaanmyymala.fi\/wp-content\/uploads\/2019\/09\/Liisa_2_istuttava_vuodesohva_3.jpg?fit=960%2C960&ssl=1&resize=700%2C400 2x"},"classes":[]}],"_links":{"self":[{"href":"https:\/\/pohjanmaantehtaanmyymala.fi\/en\/wp-json\/wp\/v2\/product\/22649","targetHints":{"allow":["GET"]}}],"collection":[{"href":"https:\/\/pohjanmaantehtaanmyymala.fi\/en\/wp-json\/wp\/v2\/product"}],"about":[{"href":"https:\/\/pohjanmaantehtaanmyymala.fi\/en\/wp-json\/wp\/v2\/types\/product"}],"replies":[{"embeddable":true,"href":"https:\/\/pohjanmaantehtaanmyymala.fi\/en\/wp-json\/wp\/v2\/comments?post=22649"}],"wp:featuredmedia":[{"embeddable":true,"href":"https:\/\/pohjanmaantehtaanmyymala.fi\/en\/wp-json\/wp\/v2\/media\/22656"}],"wp:attachment":[{"href":"https:\/\/pohjanmaantehtaanmyymala.fi\/en\/wp-json\/wp\/v2\/media?parent=22649"}],"wp:term":[{"taxonomy":"product_brand","embeddable":true,"href":"https:\/\/pohjanmaantehtaanmyymala.fi\/en\/wp-json\/wp\/v2\/product_brand?post=22649"},{"taxonomy":"product_cat","embeddable":true,"href":"https:\/\/pohjanmaantehtaanmyymala.fi\/en\/wp-json\/wp\/v2\/product_cat?post=22649"},{"taxonomy":"product_tag","embeddable":true,"href":"https:\/\/pohjanmaantehtaanmyymala.fi\/en\/wp-json\/wp\/v2\/product_tag?post=22649"}],"curies":[{"name":"wp","href":"https:\/\/api.w.org\/{rel}","templated":true}]}}