{"id":22610,"date":"2023-02-23T16:18:25","date_gmt":"2023-02-23T14:18:25","guid":{"rendered":"https:\/\/pohjanmaantehtaanmyymala.fi\/?post_type=product&#038;p=22610"},"modified":"2024-12-10T14:32:24","modified_gmt":"2024-12-10T12:32:24","slug":"saddle-2-satulatuoli-musta","status":"publish","type":"product","link":"https:\/\/pohjanmaantehtaanmyymala.fi\/en\/tuote\/saddle-2-satulatuoli-musta\/","title":{"rendered":"Saddle 2 satulatuoli musta keinonahka"},"content":{"rendered":"<p>Edullinen ja ergonominen korkeuss\u00e4\u00e4dett\u00e4v\u00e4 Saddle-satulatuoli. Satulatuolissa henkil\u00f6 istuu automaattisesti oikein, se muovaa ty\u00f6asennon kuin itsest\u00e4\u00e4n oikeaksi ja luonnolliseksi.<\/p>\n<p>T\u00e4ss\u00e4 Saddle 2 satulatuolimallissa on istuimen korkeuden- ja kaltevuudens\u00e4\u00e4t\u00f6.<\/p>\n<p>T\u00e4m\u00e4 malli on verhoiltu mustalla keinonahkalla. Muita v\u00e4rej\u00e4 ei ole saatavilla.<\/p>\n<p>Lis\u00e4hintaan:<br \/>\n-isompi py\u00f6r\u00e4setti Saddle tuoleihin 35 \u20ac. Halkaisija on 75 mm:n Helpommin rullaavat suuremmat py\u00f6r\u00e4t.<br \/>\n-korkeampi kaasujousi 35 \u20ac, s\u00e4\u00e4t\u00f6v\u00e4li 630-890 mm.<\/p>\n<h3><strong>Tuotetiedot:<\/strong><\/h3>\n<p>Istuin: muovirunko, pehmusteena vaahtomuovi istuimessa ja verhoilu keinonahkalla.<br \/>\nJalkaristikko ja runko: Kromattua metallia<br \/>\nPy\u00f6r\u00e4t: Pehme\u00e4reunaiset PU-py\u00f6r\u00e4t.<br \/>\nIstuinkorkeuden s\u00e4\u00e4t\u00f6: 560-760 mm<br \/>\nIstuimen koko: 400 x 360 mm.<br \/>\nPainoraja 120 kg<\/p>\n<p>Tuote toimitetaan osina laatikossa.<\/p>\n<div class=\"elementor-element elementor-element-15793cb elementor-widget elementor-widget-text-editor\" data-id=\"15793cb\" data-element_type=\"widget\" data-widget_type=\"text-editor.default\">\n<div class=\"elementor-widget-container\">\n<div class=\"elementor-text-editor elementor-clearfix\">\n<p><strong>Lis\u00e4varusteet:<\/strong><\/p>\n<p>Korkeampi kaasujousivaihtoehto:<br \/>\n-istuinkorkeuden s\u00e4\u00e4t\u00f6: 630-890 mm.<\/p>\n<\/div>\n<\/div>\n<\/div>\n","protected":false},"excerpt":{"rendered":"<p>Edullinen ja ergonominen korkeuss\u00e4\u00e4dett\u00e4v\u00e4 Saddle-satulatuoli. Satulatuolissa henkil\u00f6 istuu automaattisesti oikein, se muovaa ty\u00f6asennon kuin itsest\u00e4\u00e4n oikeaksi ja luonnolliseksi. T\u00e4ss\u00e4 Saddle 2 satulatuolimallissa on istuimen korkeuden- ja kaltevuudens\u00e4\u00e4t\u00f6. T\u00e4m\u00e4 malli on verhoiltu mustalla keinonahkalla. Muita v\u00e4rej\u00e4 ei ole saatavilla. Lis\u00e4hintaan: -isompi py\u00f6r\u00e4setti Saddle tuoleihin 35 \u20ac. Halkaisija on 75 mm:n Helpommin rullaavat suuremmat py\u00f6r\u00e4t. -korkeampi kaasujousi [&hellip;]<\/p>\n","protected":false},"featured_media":22611,"comment_status":"closed","ping_status":"closed","template":"","meta":{"_acf_changed":false,"jetpack_post_was_ever_published":false,"jetpack_publicize_message":"","jetpack_publicize_feature_enabled":true,"jetpack_social_post_already_shared":true,"jetpack_social_options":{"image_generator_settings":{"template":"highway","default_image_id":0,"font":"","enabled":false},"version":2}},"product_brand":[185],"product_cat":[197,391,381],"product_tag":[],"class_list":{"0":"post-22610","1":"product","2":"type-product","3":"status-publish","4":"has-post-thumbnail","6":"product_brand-toplux","7":"product_cat-toimistokalusteet","8":"product_cat-satulatuolit","9":"product_cat-tyotuolit","10":"product_shipping_class-161","12":"first","13":"instock","14":"sale","15":"purchasable","16":"product-type-simple"},"acf":[],"jetpack_publicize_connections":[],"jetpack_sharing_enabled":true,"jetpack-related-posts":[{"id":22692,"url":"https:\/\/pohjanmaantehtaanmyymala.fi\/en\/tuote\/saddle-3-satulatuoli-musta-keinonahka\/","url_meta":{"origin":22610,"position":0},"title":"Saddle 3 satulatuoli musta keinonahka","author":"Sami Viitala","date":"March 6, 2023","format":false,"excerpt":"Satulatuoli kaksiosaisella istuimella.","rel":"","context":"Similar post","block_context":{"text":"Similar post","link":""},"img":{"alt_text":"Saddle 3 satulatuoli musta","src":"https:\/\/i0.wp.com\/pohjanmaantehtaanmyymala.fi\/wp-content\/uploads\/2023\/03\/Saddle-3.jpg?fit=960%2C960&ssl=1&resize=350%2C200","width":350,"height":200,"srcset":"https:\/\/i0.wp.com\/pohjanmaantehtaanmyymala.fi\/wp-content\/uploads\/2023\/03\/Saddle-3.jpg?fit=960%2C960&ssl=1&resize=350%2C200 1x, https:\/\/i0.wp.com\/pohjanmaantehtaanmyymala.fi\/wp-content\/uploads\/2023\/03\/Saddle-3.jpg?fit=960%2C960&ssl=1&resize=525%2C300 1.5x, https:\/\/i0.wp.com\/pohjanmaantehtaanmyymala.fi\/wp-content\/uploads\/2023\/03\/Saddle-3.jpg?fit=960%2C960&ssl=1&resize=700%2C400 2x"},"classes":[]},{"id":22703,"url":"https:\/\/pohjanmaantehtaanmyymala.fi\/en\/tuote\/saddle-4-satulatuoli-musta-keinonahka\/","url_meta":{"origin":22610,"position":1},"title":"Saddle 4 satulatuoli musta keinonahka","author":"Sami Viitala","date":"March 6, 2023","format":false,"excerpt":"Satulatuoli s\u00e4\u00e4dett\u00e4v\u00e4ll\u00e4 selk\u00e4nojalla.","rel":"","context":"Similar post","block_context":{"text":"Similar post","link":""},"img":{"alt_text":"Saddle 4 satulatuoli selk\u00e4nojalla musta","src":"https:\/\/i0.wp.com\/pohjanmaantehtaanmyymala.fi\/wp-content\/uploads\/2023\/03\/Saddle-4.jpg?fit=960%2C960&ssl=1&resize=350%2C200","width":350,"height":200,"srcset":"https:\/\/i0.wp.com\/pohjanmaantehtaanmyymala.fi\/wp-content\/uploads\/2023\/03\/Saddle-4.jpg?fit=960%2C960&ssl=1&resize=350%2C200 1x, https:\/\/i0.wp.com\/pohjanmaantehtaanmyymala.fi\/wp-content\/uploads\/2023\/03\/Saddle-4.jpg?fit=960%2C960&ssl=1&resize=525%2C300 1.5x, https:\/\/i0.wp.com\/pohjanmaantehtaanmyymala.fi\/wp-content\/uploads\/2023\/03\/Saddle-4.jpg?fit=960%2C960&ssl=1&resize=700%2C400 2x"},"classes":[]},{"id":22683,"url":"https:\/\/pohjanmaantehtaanmyymala.fi\/en\/tuote\/saddle-1-satulatuoli-musta-keinonahka\/","url_meta":{"origin":22610,"position":2},"title":"Saddle 1 satulatuoli musta keinonahka","author":"Sami Viitala","date":"March 6, 2023","format":false,"excerpt":"Edullinen korkeuss\u00e4\u00e4dett\u00e4v\u00e4 Saddle 1-satulatuoli. Satulatuolissa henkil\u00f6 istuu automaattisesti oikein, se muovaa ty\u00f6asennon kuin itsest\u00e4\u00e4n oikeaksi ja luonnolliseksi. T\u00e4ss\u00e4 Saddle 1 perussatulatuolimallissa on korkeudens\u00e4\u00e4t\u00f6. T\u00e4m\u00e4 malli on verhoiltu mustalla keinonahkalla. Muita v\u00e4rej\u00e4 ei ole saatavilla. Tuotetiedot: Istuin: muovirunko, pehmusteena vaahtomuovi istuimessa ja verhoilu keinonahkalla. Jalkaristikko ja runko: Kromattua metallia. Py\u00f6r\u00e4t: Pehme\u00e4reunaiset\u2026","rel":"","context":"Similar post","block_context":{"text":"Similar post","link":""},"img":{"alt_text":"Saddle 1 satulatuoli, musta keinonahka","src":"https:\/\/i0.wp.com\/pohjanmaantehtaanmyymala.fi\/wp-content\/uploads\/2023\/03\/Saddle-1.jpg?fit=960%2C960&ssl=1&resize=350%2C200","width":350,"height":200,"srcset":"https:\/\/i0.wp.com\/pohjanmaantehtaanmyymala.fi\/wp-content\/uploads\/2023\/03\/Saddle-1.jpg?fit=960%2C960&ssl=1&resize=350%2C200 1x, https:\/\/i0.wp.com\/pohjanmaantehtaanmyymala.fi\/wp-content\/uploads\/2023\/03\/Saddle-1.jpg?fit=960%2C960&ssl=1&resize=525%2C300 1.5x, https:\/\/i0.wp.com\/pohjanmaantehtaanmyymala.fi\/wp-content\/uploads\/2023\/03\/Saddle-1.jpg?fit=960%2C960&ssl=1&resize=700%2C400 2x"},"classes":[]},{"id":22599,"url":"https:\/\/pohjanmaantehtaanmyymala.fi\/en\/tuote\/stepsit-satulatuoli-nahka\/","url_meta":{"origin":22610,"position":3},"title":"Stepsit satulatuoli aitonahka","author":"Sami Viitala","date":"February 23, 2023","format":false,"excerpt":"Suomessa valmistettu.","rel":"","context":"Similar post","block_context":{"text":"Similar post","link":""},"img":{"alt_text":"Stepsit satulatuoli musta nahka Scan Cast","src":"https:\/\/i0.wp.com\/pohjanmaantehtaanmyymala.fi\/wp-content\/uploads\/2023\/02\/Stepsit_Pilate_satulatuoli_musta_nahka.jpg?fit=960%2C960&ssl=1&resize=350%2C200","width":350,"height":200,"srcset":"https:\/\/i0.wp.com\/pohjanmaantehtaanmyymala.fi\/wp-content\/uploads\/2023\/02\/Stepsit_Pilate_satulatuoli_musta_nahka.jpg?fit=960%2C960&ssl=1&resize=350%2C200 1x, https:\/\/i0.wp.com\/pohjanmaantehtaanmyymala.fi\/wp-content\/uploads\/2023\/02\/Stepsit_Pilate_satulatuoli_musta_nahka.jpg?fit=960%2C960&ssl=1&resize=525%2C300 1.5x, https:\/\/i0.wp.com\/pohjanmaantehtaanmyymala.fi\/wp-content\/uploads\/2023\/02\/Stepsit_Pilate_satulatuoli_musta_nahka.jpg?fit=960%2C960&ssl=1&resize=700%2C400 2x"},"classes":[]},{"id":23285,"url":"https:\/\/pohjanmaantehtaanmyymala.fi\/en\/tuote\/stepsit-korkea-satulatuoli-nahka\/","url_meta":{"origin":22610,"position":4},"title":"Stepsit korkea satulatuoli aitonahka","author":"Sami Viitala","date":"September 2, 2023","format":false,"excerpt":"Suomessa valmistettu.","rel":"","context":"Similar post","block_context":{"text":"Similar post","link":""},"img":{"alt_text":"Stepsit Pilate satulatuoli musta Scan Cast","src":"https:\/\/i0.wp.com\/pohjanmaantehtaanmyymala.fi\/wp-content\/uploads\/2023\/02\/Stepsit_satulatuoli.jpg?fit=960%2C960&ssl=1&resize=350%2C200","width":350,"height":200,"srcset":"https:\/\/i0.wp.com\/pohjanmaantehtaanmyymala.fi\/wp-content\/uploads\/2023\/02\/Stepsit_satulatuoli.jpg?fit=960%2C960&ssl=1&resize=350%2C200 1x, https:\/\/i0.wp.com\/pohjanmaantehtaanmyymala.fi\/wp-content\/uploads\/2023\/02\/Stepsit_satulatuoli.jpg?fit=960%2C960&ssl=1&resize=525%2C300 1.5x, https:\/\/i0.wp.com\/pohjanmaantehtaanmyymala.fi\/wp-content\/uploads\/2023\/02\/Stepsit_satulatuoli.jpg?fit=960%2C960&ssl=1&resize=700%2C400 2x"},"classes":[]},{"id":24050,"url":"https:\/\/pohjanmaantehtaanmyymala.fi\/en\/tuote\/toppe-40-satulatuoli-nahka\/","url_meta":{"origin":22610,"position":5},"title":"Toppe 40 satulatuoli nahka","author":"Sami Viitala","date":"November 15, 2023","format":false,"excerpt":"Ergonominen tuolivaihtoehto tavalliselle ty\u00f6tuolille.","rel":"","context":"Similar post","block_context":{"text":"Similar post","link":""},"img":{"alt_text":"Toppe 40 satulatuoli musta nahkaistuin","src":"https:\/\/i0.wp.com\/pohjanmaantehtaanmyymala.fi\/wp-content\/uploads\/2023\/11\/Toppe-40-satulatuoli-musta-nahka.jpg?fit=960%2C960&ssl=1&resize=350%2C200","width":350,"height":200,"srcset":"https:\/\/i0.wp.com\/pohjanmaantehtaanmyymala.fi\/wp-content\/uploads\/2023\/11\/Toppe-40-satulatuoli-musta-nahka.jpg?fit=960%2C960&ssl=1&resize=350%2C200 1x, https:\/\/i0.wp.com\/pohjanmaantehtaanmyymala.fi\/wp-content\/uploads\/2023\/11\/Toppe-40-satulatuoli-musta-nahka.jpg?fit=960%2C960&ssl=1&resize=525%2C300 1.5x, https:\/\/i0.wp.com\/pohjanmaantehtaanmyymala.fi\/wp-content\/uploads\/2023\/11\/Toppe-40-satulatuoli-musta-nahka.jpg?fit=960%2C960&ssl=1&resize=700%2C400 2x"},"classes":[]}],"_links":{"self":[{"href":"https:\/\/pohjanmaantehtaanmyymala.fi\/en\/wp-json\/wp\/v2\/product\/22610","targetHints":{"allow":["GET"]}}],"collection":[{"href":"https:\/\/pohjanmaantehtaanmyymala.fi\/en\/wp-json\/wp\/v2\/product"}],"about":[{"href":"https:\/\/pohjanmaantehtaanmyymala.fi\/en\/wp-json\/wp\/v2\/types\/product"}],"replies":[{"embeddable":true,"href":"https:\/\/pohjanmaantehtaanmyymala.fi\/en\/wp-json\/wp\/v2\/comments?post=22610"}],"wp:featuredmedia":[{"embeddable":true,"href":"https:\/\/pohjanmaantehtaanmyymala.fi\/en\/wp-json\/wp\/v2\/media\/22611"}],"wp:attachment":[{"href":"https:\/\/pohjanmaantehtaanmyymala.fi\/en\/wp-json\/wp\/v2\/media?parent=22610"}],"wp:term":[{"taxonomy":"product_brand","embeddable":true,"href":"https:\/\/pohjanmaantehtaanmyymala.fi\/en\/wp-json\/wp\/v2\/product_brand?post=22610"},{"taxonomy":"product_cat","embeddable":true,"href":"https:\/\/pohjanmaantehtaanmyymala.fi\/en\/wp-json\/wp\/v2\/product_cat?post=22610"},{"taxonomy":"product_tag","embeddable":true,"href":"https:\/\/pohjanmaantehtaanmyymala.fi\/en\/wp-json\/wp\/v2\/product_tag?post=22610"}],"curies":[{"name":"wp","href":"https:\/\/api.w.org\/{rel}","templated":true}]}}