{"id":22599,"date":"2023-02-23T12:30:57","date_gmt":"2023-02-23T10:30:57","guid":{"rendered":"https:\/\/pohjanmaantehtaanmyymala.fi\/?post_type=product&#038;p=22599"},"modified":"2023-09-02T13:37:19","modified_gmt":"2023-09-02T11:37:19","slug":"stepsit-satulatuoli-nahka","status":"publish","type":"product","link":"https:\/\/pohjanmaantehtaanmyymala.fi\/en\/tuote\/stepsit-satulatuoli-nahka\/","title":{"rendered":"Stepsit satulatuoli aitonahka"},"content":{"rendered":"<p>Kotimainen klassinen StepSit pilate -satulatuoli on mainio ratkaisu puoli-istuvaan ty\u00f6h\u00f6n, ja se sopii erinomaisesti my\u00f6s s\u00e4hk\u00f6ty\u00f6p\u00f6yd\u00e4n kanssa k\u00e4ytett\u00e4v\u00e4ksi. Satulatuolissa henkil\u00f6 istuu automaattisesti oikein, se muovaa ty\u00f6asennon kuin itsest\u00e4\u00e4n oikeaksi ja luonnolliseksi. Oikea ty\u00f6asento jakaa kehon painon optimaalisesti istumapuolelle ja jaloille. T\u00e4ll\u00f6in selk\u00e4rankaan ei kohdistu rasitusta, ja olet paremmin hereill\u00e4 sek\u00e4 pystyt keskittym\u00e4\u00e4n ty\u00f6h\u00f6si.<\/p>\n<p>T\u00e4ss\u00e4 Stepsit satulatuolissa on perinteinen istumakulmas\u00e4\u00e4dett\u00e4v\u00e4 mekanismi. Satulatuolia on saatavana my\u00f6s Pilate-mallina, jossa on istujan liikeit\u00e4 mukaileva ja aktiivista istumista totteleva Pilate-mekanismi. Mekanismi vaihto ei vaikuta hintaan.<\/p>\n<p>Satulatuoli on hinnoiteltu kirkkaalla alumiinisella jalkaristikolla \u00d8528 mm, 200 mm:n kaasujousella ja pehme\u00e4reunaisilla peruspy\u00f6rill\u00e4 \u00d865 mm.<\/p>\n<p>T\u00e4m\u00e4 malli on verhoilut aidolla nahkalla. <a href=\"https:\/\/www.scan-cast.fi\/wp-content\/uploads\/2023\/01\/Verhoilumateriaalit-varivalikoima_12_22.pdf\">Nahkav\u00e4rej\u00e4 on 6 vaihtoehtoa.<\/a><\/p>\n<p>Stepsit satulatuolia saa my\u00f6s useilla eri v\u00e4ri- ja verhoiluvaihtoehdoilla. Voit tutustua muihin vaihtoehtoihin valmitajan <a href=\"https:\/\/www.scan-cast.fi\/satulatuolit\/\">Scan Cast Oy:n<\/a> omilla sivuilla. Kysy hinta -ja lis\u00e4tietoa <a href=\"https:\/\/pohjanmaantehtaanmyymala.fi\/yhteys\/\">myynnist\u00e4mme!<\/a><\/p>\n<h3><strong>Tuotetiedot:<\/strong><\/h3>\n<p>Istuin: muovirunko, pehmusteena vaahtomuovi istuimessa 40 mm ja vakioverhoilu aitonahka saumalla. Voidaan verhoilla my\u00f6s muilla kankailla tai asiakkaan omalla kankaalla.<\/p>\n<p>Jalusta: Vakiokoko \u00d8528 mm kirkas alumiiniristikko<br \/>\nKaasujousi: 200 mm korkea<br \/>\nPy\u00f6r\u00e4t: malli soft65, \u00d865 mm.<br \/>\nIstuinkorkeuden s\u00e4\u00e4t\u00f6: 560-740 mm<br \/>\nIstuimen koko: 450 x 350 mm.<br \/>\nPainoraja 120 kg<\/p>\n<p>Tuote toimitetaan osina laatikossa.<\/p>\n<div class=\"elementor-element elementor-element-15793cb elementor-widget elementor-widget-text-editor\" data-id=\"15793cb\" data-element_type=\"widget\" data-widget_type=\"text-editor.default\">\n<div class=\"elementor-widget-container\">\n<div class=\"elementor-text-editor elementor-clearfix\">\n<p><strong>Lis\u00e4varusteet:<\/strong><\/p>\n<p>Muut kaasujousivaihtoehdot:<br \/>\n-KJ 140 mm korkea, s\u00e4\u00e4t\u00f6v\u00e4li 460-600mm<br \/>\n-KJ 260 mm korkea, s\u00e4\u00e4t\u00f6v\u00e4li 630-850 mm<\/p>\n<p>S\u00e4\u00e4dett\u00e4v\u00e4 jalkarengas ITA dia 480 mm.<\/p>\n<p>Py\u00f6r\u00e4vaihtoehdot: kitkajarrulliset py\u00f6r\u00e4t 621 G tai istuttaessa lukittuvat py\u00f6r\u00e4t 625 G, tai liukutallat 655S.<\/p>\n<\/div>\n<\/div>\n<\/div>\n","protected":false},"excerpt":{"rendered":"<p>Suomessa valmistettu.<\/p>\n","protected":false},"featured_media":22600,"comment_status":"closed","ping_status":"closed","template":"","meta":{"_acf_changed":false,"jetpack_post_was_ever_published":false,"jetpack_publicize_message":"","jetpack_publicize_feature_enabled":true,"jetpack_social_post_already_shared":true,"jetpack_social_options":{"image_generator_settings":{"template":"highway","default_image_id":0,"font":"","enabled":false},"version":2}},"product_brand":[392],"product_cat":[197,391,381],"product_tag":[400,399,398],"class_list":{"0":"post-22599","1":"product","2":"type-product","3":"status-publish","4":"has-post-thumbnail","6":"product_brand-scancast","7":"product_cat-toimistokalusteet","8":"product_cat-satulatuolit","9":"product_cat-tyotuolit","10":"product_tag-optikontuoli","11":"product_tag-satulatuoli","12":"product_tag-teollisuustuoli","13":"product_shipping_class-161","15":"first","16":"instock","17":"purchasable","18":"product-type-simple"},"acf":[],"jetpack_publicize_connections":[],"jetpack_sharing_enabled":true,"jetpack-related-posts":[{"id":23285,"url":"https:\/\/pohjanmaantehtaanmyymala.fi\/en\/tuote\/stepsit-korkea-satulatuoli-nahka\/","url_meta":{"origin":22599,"position":0},"title":"Stepsit korkea satulatuoli aitonahka","author":"Sami Viitala","date":"September 2, 2023","format":false,"excerpt":"Suomessa valmistettu.","rel":"","context":"Similar post","block_context":{"text":"Similar post","link":""},"img":{"alt_text":"Stepsit Pilate satulatuoli musta Scan Cast","src":"https:\/\/i0.wp.com\/pohjanmaantehtaanmyymala.fi\/wp-content\/uploads\/2023\/02\/Stepsit_satulatuoli.jpg?fit=960%2C960&ssl=1&resize=350%2C200","width":350,"height":200,"srcset":"https:\/\/i0.wp.com\/pohjanmaantehtaanmyymala.fi\/wp-content\/uploads\/2023\/02\/Stepsit_satulatuoli.jpg?fit=960%2C960&ssl=1&resize=350%2C200 1x, https:\/\/i0.wp.com\/pohjanmaantehtaanmyymala.fi\/wp-content\/uploads\/2023\/02\/Stepsit_satulatuoli.jpg?fit=960%2C960&ssl=1&resize=525%2C300 1.5x, https:\/\/i0.wp.com\/pohjanmaantehtaanmyymala.fi\/wp-content\/uploads\/2023\/02\/Stepsit_satulatuoli.jpg?fit=960%2C960&ssl=1&resize=700%2C400 2x"},"classes":[]},{"id":24358,"url":"https:\/\/pohjanmaantehtaanmyymala.fi\/en\/tuote\/siro-satulatuoli-nahka\/","url_meta":{"origin":22599,"position":1},"title":"Siro satulatuoli nahka","author":"Sami Viitala","date":"December 5, 2023","format":false,"excerpt":"Laadukas nahkaverhoiltu kapeampi satulatuoli.","rel":"","context":"Similar post","block_context":{"text":"Similar post","link":""},"img":{"alt_text":"Siro satulatuoli musta nahka","src":"https:\/\/i0.wp.com\/pohjanmaantehtaanmyymala.fi\/wp-content\/uploads\/2023\/12\/Siro-satulatuoli.jpg?fit=960%2C960&ssl=1&resize=350%2C200","width":350,"height":200,"srcset":"https:\/\/i0.wp.com\/pohjanmaantehtaanmyymala.fi\/wp-content\/uploads\/2023\/12\/Siro-satulatuoli.jpg?fit=960%2C960&ssl=1&resize=350%2C200 1x, https:\/\/i0.wp.com\/pohjanmaantehtaanmyymala.fi\/wp-content\/uploads\/2023\/12\/Siro-satulatuoli.jpg?fit=960%2C960&ssl=1&resize=525%2C300 1.5x, https:\/\/i0.wp.com\/pohjanmaantehtaanmyymala.fi\/wp-content\/uploads\/2023\/12\/Siro-satulatuoli.jpg?fit=960%2C960&ssl=1&resize=700%2C400 2x"},"classes":[]},{"id":24050,"url":"https:\/\/pohjanmaantehtaanmyymala.fi\/en\/tuote\/toppe-40-satulatuoli-nahka\/","url_meta":{"origin":22599,"position":2},"title":"Toppe 40 satulatuoli nahka","author":"Sami Viitala","date":"November 15, 2023","format":false,"excerpt":"Ergonominen tuolivaihtoehto tavalliselle ty\u00f6tuolille.","rel":"","context":"Similar post","block_context":{"text":"Similar post","link":""},"img":{"alt_text":"Toppe 40 satulatuoli musta nahkaistuin","src":"https:\/\/i0.wp.com\/pohjanmaantehtaanmyymala.fi\/wp-content\/uploads\/2023\/11\/Toppe-40-satulatuoli-musta-nahka.jpg?fit=960%2C960&ssl=1&resize=350%2C200","width":350,"height":200,"srcset":"https:\/\/i0.wp.com\/pohjanmaantehtaanmyymala.fi\/wp-content\/uploads\/2023\/11\/Toppe-40-satulatuoli-musta-nahka.jpg?fit=960%2C960&ssl=1&resize=350%2C200 1x, https:\/\/i0.wp.com\/pohjanmaantehtaanmyymala.fi\/wp-content\/uploads\/2023\/11\/Toppe-40-satulatuoli-musta-nahka.jpg?fit=960%2C960&ssl=1&resize=525%2C300 1.5x, https:\/\/i0.wp.com\/pohjanmaantehtaanmyymala.fi\/wp-content\/uploads\/2023\/11\/Toppe-40-satulatuoli-musta-nahka.jpg?fit=960%2C960&ssl=1&resize=700%2C400 2x"},"classes":[]},{"id":22683,"url":"https:\/\/pohjanmaantehtaanmyymala.fi\/en\/tuote\/saddle-1-satulatuoli-musta-keinonahka\/","url_meta":{"origin":22599,"position":3},"title":"Saddle 1 satulatuoli musta keinonahka","author":"Sami Viitala","date":"March 6, 2023","format":false,"excerpt":"Edullinen korkeuss\u00e4\u00e4dett\u00e4v\u00e4 Saddle 1-satulatuoli. Satulatuolissa henkil\u00f6 istuu automaattisesti oikein, se muovaa ty\u00f6asennon kuin itsest\u00e4\u00e4n oikeaksi ja luonnolliseksi. T\u00e4ss\u00e4 Saddle 1 perussatulatuolimallissa on korkeudens\u00e4\u00e4t\u00f6. T\u00e4m\u00e4 malli on verhoiltu mustalla keinonahkalla. Muita v\u00e4rej\u00e4 ei ole saatavilla. Tuotetiedot: Istuin: muovirunko, pehmusteena vaahtomuovi istuimessa ja verhoilu keinonahkalla. Jalkaristikko ja runko: Kromattua metallia. Py\u00f6r\u00e4t: Pehme\u00e4reunaiset\u2026","rel":"","context":"Similar post","block_context":{"text":"Similar post","link":""},"img":{"alt_text":"Saddle 1 satulatuoli, musta keinonahka","src":"https:\/\/i0.wp.com\/pohjanmaantehtaanmyymala.fi\/wp-content\/uploads\/2023\/03\/Saddle-1.jpg?fit=960%2C960&ssl=1&resize=350%2C200","width":350,"height":200,"srcset":"https:\/\/i0.wp.com\/pohjanmaantehtaanmyymala.fi\/wp-content\/uploads\/2023\/03\/Saddle-1.jpg?fit=960%2C960&ssl=1&resize=350%2C200 1x, https:\/\/i0.wp.com\/pohjanmaantehtaanmyymala.fi\/wp-content\/uploads\/2023\/03\/Saddle-1.jpg?fit=960%2C960&ssl=1&resize=525%2C300 1.5x, https:\/\/i0.wp.com\/pohjanmaantehtaanmyymala.fi\/wp-content\/uploads\/2023\/03\/Saddle-1.jpg?fit=960%2C960&ssl=1&resize=700%2C400 2x"},"classes":[]},{"id":22610,"url":"https:\/\/pohjanmaantehtaanmyymala.fi\/en\/tuote\/saddle-2-satulatuoli-musta\/","url_meta":{"origin":22599,"position":4},"title":"Saddle 2 satulatuoli musta keinonahka","author":"Sami Viitala","date":"February 23, 2023","format":false,"excerpt":"Edullinen ja ergonominen korkeuss\u00e4\u00e4dett\u00e4v\u00e4 Saddle-satulatuoli. Satulatuolissa henkil\u00f6 istuu automaattisesti oikein, se muovaa ty\u00f6asennon kuin itsest\u00e4\u00e4n oikeaksi ja luonnolliseksi. T\u00e4ss\u00e4 Saddle 2 satulatuolimallissa on istuimen korkeuden- ja kaltevuudens\u00e4\u00e4t\u00f6. T\u00e4m\u00e4 malli on verhoiltu mustalla keinonahkalla. Muita v\u00e4rej\u00e4 ei ole saatavilla. Lis\u00e4hintaan: -isompi py\u00f6r\u00e4setti Saddle tuoleihin 35 \u20ac. Halkaisija on 75 mm:n Helpommin\u2026","rel":"","context":"Similar post","block_context":{"text":"Similar post","link":""},"img":{"alt_text":"Toplux Saddle 2 satulatuoli musta","src":"https:\/\/i0.wp.com\/pohjanmaantehtaanmyymala.fi\/wp-content\/uploads\/2023\/02\/Saddle-2-satulatuoli.jpg?fit=960%2C960&ssl=1&resize=350%2C200","width":350,"height":200,"srcset":"https:\/\/i0.wp.com\/pohjanmaantehtaanmyymala.fi\/wp-content\/uploads\/2023\/02\/Saddle-2-satulatuoli.jpg?fit=960%2C960&ssl=1&resize=350%2C200 1x, https:\/\/i0.wp.com\/pohjanmaantehtaanmyymala.fi\/wp-content\/uploads\/2023\/02\/Saddle-2-satulatuoli.jpg?fit=960%2C960&ssl=1&resize=525%2C300 1.5x, https:\/\/i0.wp.com\/pohjanmaantehtaanmyymala.fi\/wp-content\/uploads\/2023\/02\/Saddle-2-satulatuoli.jpg?fit=960%2C960&ssl=1&resize=700%2C400 2x"},"classes":[]},{"id":22692,"url":"https:\/\/pohjanmaantehtaanmyymala.fi\/en\/tuote\/saddle-3-satulatuoli-musta-keinonahka\/","url_meta":{"origin":22599,"position":5},"title":"Saddle 3 satulatuoli musta keinonahka","author":"Sami Viitala","date":"March 6, 2023","format":false,"excerpt":"Satulatuoli kaksiosaisella istuimella.","rel":"","context":"Similar post","block_context":{"text":"Similar post","link":""},"img":{"alt_text":"Saddle 3 satulatuoli musta","src":"https:\/\/i0.wp.com\/pohjanmaantehtaanmyymala.fi\/wp-content\/uploads\/2023\/03\/Saddle-3.jpg?fit=960%2C960&ssl=1&resize=350%2C200","width":350,"height":200,"srcset":"https:\/\/i0.wp.com\/pohjanmaantehtaanmyymala.fi\/wp-content\/uploads\/2023\/03\/Saddle-3.jpg?fit=960%2C960&ssl=1&resize=350%2C200 1x, https:\/\/i0.wp.com\/pohjanmaantehtaanmyymala.fi\/wp-content\/uploads\/2023\/03\/Saddle-3.jpg?fit=960%2C960&ssl=1&resize=525%2C300 1.5x, https:\/\/i0.wp.com\/pohjanmaantehtaanmyymala.fi\/wp-content\/uploads\/2023\/03\/Saddle-3.jpg?fit=960%2C960&ssl=1&resize=700%2C400 2x"},"classes":[]}],"_links":{"self":[{"href":"https:\/\/pohjanmaantehtaanmyymala.fi\/en\/wp-json\/wp\/v2\/product\/22599","targetHints":{"allow":["GET"]}}],"collection":[{"href":"https:\/\/pohjanmaantehtaanmyymala.fi\/en\/wp-json\/wp\/v2\/product"}],"about":[{"href":"https:\/\/pohjanmaantehtaanmyymala.fi\/en\/wp-json\/wp\/v2\/types\/product"}],"replies":[{"embeddable":true,"href":"https:\/\/pohjanmaantehtaanmyymala.fi\/en\/wp-json\/wp\/v2\/comments?post=22599"}],"wp:featuredmedia":[{"embeddable":true,"href":"https:\/\/pohjanmaantehtaanmyymala.fi\/en\/wp-json\/wp\/v2\/media\/22600"}],"wp:attachment":[{"href":"https:\/\/pohjanmaantehtaanmyymala.fi\/en\/wp-json\/wp\/v2\/media?parent=22599"}],"wp:term":[{"taxonomy":"product_brand","embeddable":true,"href":"https:\/\/pohjanmaantehtaanmyymala.fi\/en\/wp-json\/wp\/v2\/product_brand?post=22599"},{"taxonomy":"product_cat","embeddable":true,"href":"https:\/\/pohjanmaantehtaanmyymala.fi\/en\/wp-json\/wp\/v2\/product_cat?post=22599"},{"taxonomy":"product_tag","embeddable":true,"href":"https:\/\/pohjanmaantehtaanmyymala.fi\/en\/wp-json\/wp\/v2\/product_tag?post=22599"}],"curies":[{"name":"wp","href":"https:\/\/api.w.org\/{rel}","templated":true}]}}