{"id":22594,"date":"2023-02-22T17:26:57","date_gmt":"2023-02-22T15:26:57","guid":{"rendered":"https:\/\/pohjanmaantehtaanmyymala.fi\/?post_type=product&#038;p=22594"},"modified":"2023-09-02T11:35:52","modified_gmt":"2023-09-02T09:35:52","slug":"reija-tyotuoli","status":"publish","type":"product","link":"https:\/\/pohjanmaantehtaanmyymala.fi\/en\/tuote\/reija-tyotuoli\/","title":{"rendered":"Reija ty\u00f6tuoli"},"content":{"rendered":"<p>Reija ty\u00f6tuoli sopii vaativaan konttority\u00f6h\u00f6n ja sopii mainiosti my\u00f6s teollisuustuoliksi. Tuolissa on laaja istuin ja puolikorkea selk\u00e4noja. Perusmallissa on korkeus- ja selk\u00e4nojan s\u00e4\u00e4t\u00f6 mahdollisuus.<\/p>\n<p>Tuoli on hinnoiteltu kirkkaalla jalkaristikolla \u00d8610 mm, matalalla kaasujousella (korkeus 140 mm), pehme\u00e4reunaisilla peruspy\u00f6rill\u00e4 \u00d865 mm sek\u00e4 verhoilu Era-kankaalla.<\/p>\n<p>Reija -tuolia saa useilla eri v\u00e4ri- ja verhoiluvaihtoehdoilla.<\/p>\n<p>T\u00e4m\u00e4 tuote tilataan aina tehtaalta asiakkan toiveiden mukaisesti. Toimitusaika on n. 2-4 viikkoa riippuen materiaalien saatavuudesta ja tuotannon ruuhkasta.<\/p>\n<h3><strong>Tuotetiedot:<\/strong><\/h3>\n<p>Istuin ja selk\u00e4; Pehmusteena vaahtomuovi, istuimessa 40 mm ja selk\u00e4nojassa 30 mm. Vakioverhoilu Era kangas. Voidaan verhoilla my\u00f6s aidolla nahalla, keinonahalla tai asiakkaan kankaalla.<\/p>\n<p><a href=\"https:\/\/www.scan-cast.fi\/wp-content\/uploads\/2023\/01\/Verhoilumateriaalit-varivalikoima_12_22.pdf\" target=\"_blank\" rel=\"noopener\">SC-V\u00c4RIMALLIT<\/a><\/p>\n<div class=\"elementor-element elementor-element-5f9e5665 elementor-widget elementor-widget-text-editor\" data-id=\"5f9e5665\" data-element_type=\"widget\" data-widget_type=\"text-editor.default\">\n<div class=\"elementor-widget-container\">\n<div class=\"elementor-text-editor elementor-clearfix\">\n<p>Jalusta: Vakio \u00d8610 mm kirkas alumiiniristikko, pehme\u00e4reunaiset vakiopy\u00f6r\u00e4t 620G ja kaasujousi KJ 140 (s\u00e4\u00e4t\u00f6v\u00e4li 440- 570 mm).<\/p>\n<p>Tuote toimitetaan osina laatikossa.<\/p>\n<\/div>\n<\/div>\n<\/div>\n<div class=\"elementor-element elementor-element-15793cb elementor-widget elementor-widget-text-editor\" data-id=\"15793cb\" data-element_type=\"widget\" data-widget_type=\"text-editor.default\">\n<div class=\"elementor-widget-container\">\n<div class=\"elementor-text-editor elementor-clearfix\">\n<p><strong>Lis\u00e4varusteet:<\/strong><\/p>\n<p>K\u00e4sinojat s\u00e4\u00e4dett\u00e4v\u00e4t tai kiinte\u00e4t<\/p>\n<p>Kaasujouset:<br \/>\n-KJ Low 125, s\u00e4\u00e4t\u00f6v\u00e4li 350- 475 mm<br \/>\n-KJ 200, s\u00e4\u00e4t\u00f6v\u00e4li 540- 730 mm<br \/>\n-KJ 260, s\u00e4\u00e4t\u00f6v\u00e4li 630-850 mm<\/p>\n<p>S\u00e4\u00e4dett\u00e4v\u00e4 jalkarengas ITA dia 480 mm<\/p>\n<p>Py\u00f6r\u00e4vaihtoehdot: kitkajarrulliset py\u00f6r\u00e4t 621 G tai istuttaessa lukittuvat py\u00f6r\u00e4t 625 G<\/p>\n<\/div>\n<\/div>\n<\/div>\n<p>&nbsp;<\/p>\n<p>&nbsp;<\/p>\n","protected":false},"excerpt":{"rendered":"<p>Reija ty\u00f6tuoli sopii vaativaan konttority\u00f6h\u00f6n ja sopii mainiosti my\u00f6s teollisuustuoliksi. Tuolissa on laaja istuin ja puolikorkea selk\u00e4noja. Perusmallissa on korkeus- ja selk\u00e4nojan s\u00e4\u00e4t\u00f6 mahdollisuus. Tuoli on hinnoiteltu kirkkaalla jalkaristikolla \u00d8610 mm, matalalla kaasujousella (korkeus 140 mm), pehme\u00e4reunaisilla peruspy\u00f6rill\u00e4 \u00d865 mm sek\u00e4 verhoilu Era-kankaalla. Reija -tuolia saa useilla eri v\u00e4ri- ja verhoiluvaihtoehdoilla. T\u00e4m\u00e4 tuote tilataan aina [&hellip;]<\/p>\n","protected":false},"featured_media":22577,"comment_status":"closed","ping_status":"closed","template":"","meta":{"_acf_changed":false,"jetpack_post_was_ever_published":false,"jetpack_publicize_message":"","jetpack_publicize_feature_enabled":true,"jetpack_social_post_already_shared":true,"jetpack_social_options":{"image_generator_settings":{"template":"highway","default_image_id":0,"font":"","enabled":false},"version":2}},"product_brand":[392],"product_cat":[197,381],"product_tag":[],"class_list":{"0":"post-22594","1":"product","2":"type-product","3":"status-publish","4":"has-post-thumbnail","6":"product_brand-scancast","7":"product_cat-toimistokalusteet","8":"product_cat-tyotuolit","9":"product_shipping_class-161","11":"first","12":"onbackorder","13":"purchasable","14":"product-type-simple"},"acf":[],"jetpack_publicize_connections":[],"jetpack_sharing_enabled":true,"jetpack-related-posts":[{"id":23277,"url":"https:\/\/pohjanmaantehtaanmyymala.fi\/en\/tuote\/kt-2022-tyotuoli\/","url_meta":{"origin":22594,"position":0},"title":"KT-2022 ty\u00f6tuoli","author":"Sami Viitala","date":"September 2, 2023","format":false,"excerpt":"Perusty\u00f6tuoli kovaan vaikka teollisuus k\u00e4ytt\u00f6\u00f6n.","rel":"","context":"Similar post","block_context":{"text":"Similar post","link":""},"img":{"alt_text":"KT-2022 ty\u00f6tuoli","src":"https:\/\/i0.wp.com\/pohjanmaantehtaanmyymala.fi\/wp-content\/uploads\/2023\/09\/KT-201-tyotuoli.jpg?fit=960%2C960&ssl=1&resize=350%2C200","width":350,"height":200,"srcset":"https:\/\/i0.wp.com\/pohjanmaantehtaanmyymala.fi\/wp-content\/uploads\/2023\/09\/KT-201-tyotuoli.jpg?fit=960%2C960&ssl=1&resize=350%2C200 1x, https:\/\/i0.wp.com\/pohjanmaantehtaanmyymala.fi\/wp-content\/uploads\/2023\/09\/KT-201-tyotuoli.jpg?fit=960%2C960&ssl=1&resize=525%2C300 1.5x, https:\/\/i0.wp.com\/pohjanmaantehtaanmyymala.fi\/wp-content\/uploads\/2023\/09\/KT-201-tyotuoli.jpg?fit=960%2C960&ssl=1&resize=700%2C400 2x"},"classes":[]},{"id":24091,"url":"https:\/\/pohjanmaantehtaanmyymala.fi\/en\/tuote\/aadda-24-7-tyotuoli-musta\/","url_meta":{"origin":22594,"position":1},"title":"Aada 24\/7 ty\u00f6tuoli musta","author":"Sami Viitala","date":"November 15, 2023","format":false,"excerpt":"\u200bTy\u00f6tuoli, joka on suunniteltu kovaan k\u00e4ytt\u00f6\u00f6n.","rel":"","context":"Similar post","block_context":{"text":"Similar post","link":""},"img":{"alt_text":"Aada 24\/7 ty\u00f6tuoli musta","src":"https:\/\/i0.wp.com\/pohjanmaantehtaanmyymala.fi\/wp-content\/uploads\/2023\/11\/Aada24_7_595_XXL_tyotuoli_2.jpg?fit=960%2C960&ssl=1&resize=350%2C200","width":350,"height":200,"srcset":"https:\/\/i0.wp.com\/pohjanmaantehtaanmyymala.fi\/wp-content\/uploads\/2023\/11\/Aada24_7_595_XXL_tyotuoli_2.jpg?fit=960%2C960&ssl=1&resize=350%2C200 1x, https:\/\/i0.wp.com\/pohjanmaantehtaanmyymala.fi\/wp-content\/uploads\/2023\/11\/Aada24_7_595_XXL_tyotuoli_2.jpg?fit=960%2C960&ssl=1&resize=525%2C300 1.5x, https:\/\/i0.wp.com\/pohjanmaantehtaanmyymala.fi\/wp-content\/uploads\/2023\/11\/Aada24_7_595_XXL_tyotuoli_2.jpg?fit=960%2C960&ssl=1&resize=700%2C400 2x"},"classes":[]},{"id":24072,"url":"https:\/\/pohjanmaantehtaanmyymala.fi\/en\/tuote\/miro-tyotuoli-musta\/","url_meta":{"origin":22594,"position":2},"title":"Miro ty\u00f6tuoli musta","author":"Sami Viitala","date":"November 15, 2023","format":false,"excerpt":"\u200bMukanvan miellytt\u00e4v\u00e4 ja hillitty ty\u00f6tuoli.","rel":"","context":"Similar post","block_context":{"text":"Similar post","link":""},"img":{"alt_text":"Miro ty\u00f6tuoli verkkoselk\u00e4 musta k\u00e4sinojilla","src":"https:\/\/i0.wp.com\/pohjanmaantehtaanmyymala.fi\/wp-content\/uploads\/2023\/11\/Miro-tyotuoli-musta-5.jpg?fit=960%2C960&ssl=1&resize=350%2C200","width":350,"height":200,"srcset":"https:\/\/i0.wp.com\/pohjanmaantehtaanmyymala.fi\/wp-content\/uploads\/2023\/11\/Miro-tyotuoli-musta-5.jpg?fit=960%2C960&ssl=1&resize=350%2C200 1x, https:\/\/i0.wp.com\/pohjanmaantehtaanmyymala.fi\/wp-content\/uploads\/2023\/11\/Miro-tyotuoli-musta-5.jpg?fit=960%2C960&ssl=1&resize=525%2C300 1.5x, https:\/\/i0.wp.com\/pohjanmaantehtaanmyymala.fi\/wp-content\/uploads\/2023\/11\/Miro-tyotuoli-musta-5.jpg?fit=960%2C960&ssl=1&resize=700%2C400 2x"},"classes":[]},{"id":25786,"url":"https:\/\/pohjanmaantehtaanmyymala.fi\/en\/tuote\/comfo-one-tyotuoli-kasinojilla\/","url_meta":{"origin":22594,"position":3},"title":"Comfo One ty\u00f6tuoli k\u00e4sinojilla","author":"Miro Nevala","date":"March 3, 2024","format":false,"excerpt":"Ergonominen ja monipuolisilla s\u00e4\u00e4t\u00f6mahdollisuuksilla varustettu ty\u00f6tuoli!","rel":"","context":"Similar post","block_context":{"text":"Similar post","link":""},"img":{"alt_text":"Comfo One ty\u00f6tuoli musta","src":"https:\/\/i0.wp.com\/pohjanmaantehtaanmyymala.fi\/wp-content\/uploads\/2024\/02\/TopLux-Comfo-one-960dpi.jpg?fit=960%2C960&ssl=1&resize=350%2C200","width":350,"height":200,"srcset":"https:\/\/i0.wp.com\/pohjanmaantehtaanmyymala.fi\/wp-content\/uploads\/2024\/02\/TopLux-Comfo-one-960dpi.jpg?fit=960%2C960&ssl=1&resize=350%2C200 1x, https:\/\/i0.wp.com\/pohjanmaantehtaanmyymala.fi\/wp-content\/uploads\/2024\/02\/TopLux-Comfo-one-960dpi.jpg?fit=960%2C960&ssl=1&resize=525%2C300 1.5x, https:\/\/i0.wp.com\/pohjanmaantehtaanmyymala.fi\/wp-content\/uploads\/2024\/02\/TopLux-Comfo-one-960dpi.jpg?fit=960%2C960&ssl=1&resize=700%2C400 2x"},"classes":[]},{"id":25794,"url":"https:\/\/pohjanmaantehtaanmyymala.fi\/en\/tuote\/comfo-two-tyotuoli\/","url_meta":{"origin":22594,"position":4},"title":"Comfo Two ty\u00f6tuoli k\u00e4sinojilla","author":"Miro Nevala","date":"February 20, 2024","format":false,"excerpt":"Ergonominen ja monipuolisilla s\u00e4\u00e4t\u00f6mahdollisuuksilla varustettu ty\u00f6tuoli!","rel":"","context":"Similar post","block_context":{"text":"Similar post","link":""},"img":{"alt_text":"Comfo Two ty\u00f6tuoli musta","src":"https:\/\/i0.wp.com\/pohjanmaantehtaanmyymala.fi\/wp-content\/uploads\/2024\/02\/Comfo-Two-960dpi.jpg?fit=960%2C960&ssl=1&resize=350%2C200","width":350,"height":200,"srcset":"https:\/\/i0.wp.com\/pohjanmaantehtaanmyymala.fi\/wp-content\/uploads\/2024\/02\/Comfo-Two-960dpi.jpg?fit=960%2C960&ssl=1&resize=350%2C200 1x, https:\/\/i0.wp.com\/pohjanmaantehtaanmyymala.fi\/wp-content\/uploads\/2024\/02\/Comfo-Two-960dpi.jpg?fit=960%2C960&ssl=1&resize=525%2C300 1.5x, https:\/\/i0.wp.com\/pohjanmaantehtaanmyymala.fi\/wp-content\/uploads\/2024\/02\/Comfo-Two-960dpi.jpg?fit=960%2C960&ssl=1&resize=700%2C400 2x"},"classes":[]},{"id":22599,"url":"https:\/\/pohjanmaantehtaanmyymala.fi\/en\/tuote\/stepsit-satulatuoli-nahka\/","url_meta":{"origin":22594,"position":5},"title":"Stepsit satulatuoli aitonahka","author":"Sami Viitala","date":"February 23, 2023","format":false,"excerpt":"Suomessa valmistettu.","rel":"","context":"Similar post","block_context":{"text":"Similar post","link":""},"img":{"alt_text":"Stepsit satulatuoli musta nahka Scan Cast","src":"https:\/\/i0.wp.com\/pohjanmaantehtaanmyymala.fi\/wp-content\/uploads\/2023\/02\/Stepsit_Pilate_satulatuoli_musta_nahka.jpg?fit=960%2C960&ssl=1&resize=350%2C200","width":350,"height":200,"srcset":"https:\/\/i0.wp.com\/pohjanmaantehtaanmyymala.fi\/wp-content\/uploads\/2023\/02\/Stepsit_Pilate_satulatuoli_musta_nahka.jpg?fit=960%2C960&ssl=1&resize=350%2C200 1x, https:\/\/i0.wp.com\/pohjanmaantehtaanmyymala.fi\/wp-content\/uploads\/2023\/02\/Stepsit_Pilate_satulatuoli_musta_nahka.jpg?fit=960%2C960&ssl=1&resize=525%2C300 1.5x, https:\/\/i0.wp.com\/pohjanmaantehtaanmyymala.fi\/wp-content\/uploads\/2023\/02\/Stepsit_Pilate_satulatuoli_musta_nahka.jpg?fit=960%2C960&ssl=1&resize=700%2C400 2x"},"classes":[]}],"_links":{"self":[{"href":"https:\/\/pohjanmaantehtaanmyymala.fi\/en\/wp-json\/wp\/v2\/product\/22594","targetHints":{"allow":["GET"]}}],"collection":[{"href":"https:\/\/pohjanmaantehtaanmyymala.fi\/en\/wp-json\/wp\/v2\/product"}],"about":[{"href":"https:\/\/pohjanmaantehtaanmyymala.fi\/en\/wp-json\/wp\/v2\/types\/product"}],"replies":[{"embeddable":true,"href":"https:\/\/pohjanmaantehtaanmyymala.fi\/en\/wp-json\/wp\/v2\/comments?post=22594"}],"wp:featuredmedia":[{"embeddable":true,"href":"https:\/\/pohjanmaantehtaanmyymala.fi\/en\/wp-json\/wp\/v2\/media\/22577"}],"wp:attachment":[{"href":"https:\/\/pohjanmaantehtaanmyymala.fi\/en\/wp-json\/wp\/v2\/media?parent=22594"}],"wp:term":[{"taxonomy":"product_brand","embeddable":true,"href":"https:\/\/pohjanmaantehtaanmyymala.fi\/en\/wp-json\/wp\/v2\/product_brand?post=22594"},{"taxonomy":"product_cat","embeddable":true,"href":"https:\/\/pohjanmaantehtaanmyymala.fi\/en\/wp-json\/wp\/v2\/product_cat?post=22594"},{"taxonomy":"product_tag","embeddable":true,"href":"https:\/\/pohjanmaantehtaanmyymala.fi\/en\/wp-json\/wp\/v2\/product_tag?post=22594"}],"curies":[{"name":"wp","href":"https:\/\/api.w.org\/{rel}","templated":true}]}}