{"id":22444,"date":"2023-02-08T17:25:29","date_gmt":"2023-02-08T15:25:29","guid":{"rendered":"https:\/\/pohjanmaantehtaanmyymala.fi\/?post_type=product&#038;p=22444"},"modified":"2026-02-04T10:54:25","modified_gmt":"2026-02-04T08:54:25","slug":"solo-tv-taso-ovilla-220-cm","status":"publish","type":"product","link":"https:\/\/pohjanmaantehtaanmyymala.fi\/en\/tuote\/solo-tv-taso-ovilla-220-cm\/","title":{"rendered":"SOLO TV-taso ovilla 220 cm"},"content":{"rendered":"<p>Hiipakan Tehtaan pelkistetyn SOLO &#8211; TV-tason muotoilu on ajaton mutta tyylik\u00e4s. Nyt tasosta on saatavana ovellinen versio, joka useine v\u00e4rivaihtoehtoineen sopiikin monenlaisiin koteihin ja sisustuksiin. Tasossa on valmis l\u00e4pivienti johtoja varten ovet sulkeutuvat pehme\u00e4sti hidastinten ansiosta.<\/p>\n<p>Solo Tv-tasoa on saatavana mustana, valkoisena ja hunajatammisena.<\/p>\n<h3>Tuotetiedot:<\/h3>\n<p>Leveys: 220 cm<br \/>\nKorkeus: 59 cm<br \/>\nSysyys: 44,5 cm<\/p>\n<p>Solo TV-tason avo-osan ja ovikaapin mitat:<br \/>\n&#8211; Leveys 52,5 cm<br \/>\n&#8211; Korkeus 42 cm jaettu yhdell\u00e4 v\u00e4lihyllyll\u00e4<br \/>\n&#8211; Syvyys 42 cm<\/p>\n<p>Valmistettu pinnoitetusta mfc-kalustelevyst\u00e4.<br \/>\nMuovijalka 13 cm.<br \/>\nMetallivetimet.<br \/>\nToimitetaan osina paketissa.<\/p>\n","protected":false},"excerpt":{"rendered":"<p>Kotimainen tilava s\u00e4ilytystaso, valitse v\u00e4ri alta!<\/p>\n","protected":false},"featured_media":22448,"comment_status":"closed","ping_status":"closed","template":"","meta":{"_acf_changed":false,"jetpack_post_was_ever_published":false,"jetpack_publicize_message":"","jetpack_publicize_feature_enabled":true,"jetpack_social_post_already_shared":true,"jetpack_social_options":{"image_generator_settings":{"template":"highway","default_image_id":0,"font":"","enabled":false},"version":2}},"product_brand":[172],"product_cat":[196],"product_tag":[],"class_list":{"0":"post-22444","1":"product","2":"type-product","3":"status-publish","4":"has-post-thumbnail","6":"product_brand-hiipakka","7":"product_cat-sailytyskalusteet-ja-tv-tasot","8":"product_shipping_class-161","9":"pa_vari-hunajatammi","10":"pa_vari-musta","11":"pa_vari-valkoinen","13":"first","14":"instock","15":"sale","16":"purchasable","17":"product-type-variable"},"acf":[],"jetpack_publicize_connections":[],"jetpack_sharing_enabled":true,"jetpack-related-posts":[{"id":28888,"url":"https:\/\/pohjanmaantehtaanmyymala.fi\/en\/tuote\/solo-tv-taso-220-cm-ruskea\/","url_meta":{"origin":22444,"position":0},"title":"SOLO TV-taso 220 cm ruskea","author":"Sami Viitala","date":"October 2, 2025","format":false,"excerpt":"Kotimainen tilava mediataso.","rel":"","context":"Similar post","block_context":{"text":"Similar post","link":""},"img":{"alt_text":"Hiipakka Solo tv-taso 220 cm ruskea","src":"https:\/\/i0.wp.com\/pohjanmaantehtaanmyymala.fi\/wp-content\/uploads\/2025\/10\/Solo_TV-Taso_220_ruskea.jpg?fit=1000%2C1000&ssl=1&resize=350%2C200","width":350,"height":200,"srcset":"https:\/\/i0.wp.com\/pohjanmaantehtaanmyymala.fi\/wp-content\/uploads\/2025\/10\/Solo_TV-Taso_220_ruskea.jpg?fit=1000%2C1000&ssl=1&resize=350%2C200 1x, https:\/\/i0.wp.com\/pohjanmaantehtaanmyymala.fi\/wp-content\/uploads\/2025\/10\/Solo_TV-Taso_220_ruskea.jpg?fit=1000%2C1000&ssl=1&resize=525%2C300 1.5x, https:\/\/i0.wp.com\/pohjanmaantehtaanmyymala.fi\/wp-content\/uploads\/2025\/10\/Solo_TV-Taso_220_ruskea.jpg?fit=1000%2C1000&ssl=1&resize=700%2C400 2x"},"classes":[]},{"id":8893,"url":"https:\/\/pohjanmaantehtaanmyymala.fi\/en\/tuote\/solo-tv-taso-220\/","url_meta":{"origin":22444,"position":1},"title":"SOLO TV-taso 220 cm","author":"petri","date":"September 14, 2019","format":false,"excerpt":"Kotimainen tilava mediataso, valitse v\u00e4ri alta!","rel":"","context":"Similar post","block_context":{"text":"Similar post","link":""},"img":{"alt_text":"Hiipakka Solo tv-taso 220 cm musta maalattu","src":"https:\/\/i0.wp.com\/pohjanmaantehtaanmyymala.fi\/wp-content\/uploads\/2019\/09\/Solo_TV-Taso_220_mustamaal.jpg?fit=960%2C960&ssl=1&resize=350%2C200","width":350,"height":200,"srcset":"https:\/\/i0.wp.com\/pohjanmaantehtaanmyymala.fi\/wp-content\/uploads\/2019\/09\/Solo_TV-Taso_220_mustamaal.jpg?fit=960%2C960&ssl=1&resize=350%2C200 1x, https:\/\/i0.wp.com\/pohjanmaantehtaanmyymala.fi\/wp-content\/uploads\/2019\/09\/Solo_TV-Taso_220_mustamaal.jpg?fit=960%2C960&ssl=1&resize=525%2C300 1.5x, https:\/\/i0.wp.com\/pohjanmaantehtaanmyymala.fi\/wp-content\/uploads\/2019\/09\/Solo_TV-Taso_220_mustamaal.jpg?fit=960%2C960&ssl=1&resize=700%2C400 2x"},"classes":[]},{"id":23126,"url":"https:\/\/pohjanmaantehtaanmyymala.fi\/en\/tuote\/solo-tv-taso-ovilla-166-cm-ruskea\/","url_meta":{"origin":22444,"position":2},"title":"SOLO TV-taso ovilla 166 cm ruskea","author":"Sami Viitala","date":"August 21, 2023","format":false,"excerpt":"Kotimainen edullinen taso.","rel":"","context":"Similar post","block_context":{"text":"Similar post","link":""},"img":{"alt_text":"Solo tv-taso ovilla ruskea","src":"https:\/\/i0.wp.com\/pohjanmaantehtaanmyymala.fi\/wp-content\/uploads\/2023\/08\/2000136202_20-Solo_TV-Taso_ovilla_20_2.jpg?fit=960%2C960&ssl=1&resize=350%2C200","width":350,"height":200,"srcset":"https:\/\/i0.wp.com\/pohjanmaantehtaanmyymala.fi\/wp-content\/uploads\/2023\/08\/2000136202_20-Solo_TV-Taso_ovilla_20_2.jpg?fit=960%2C960&ssl=1&resize=350%2C200 1x, https:\/\/i0.wp.com\/pohjanmaantehtaanmyymala.fi\/wp-content\/uploads\/2023\/08\/2000136202_20-Solo_TV-Taso_ovilla_20_2.jpg?fit=960%2C960&ssl=1&resize=525%2C300 1.5x, https:\/\/i0.wp.com\/pohjanmaantehtaanmyymala.fi\/wp-content\/uploads\/2023\/08\/2000136202_20-Solo_TV-Taso_ovilla_20_2.jpg?fit=960%2C960&ssl=1&resize=700%2C400 2x"},"classes":[]},{"id":22485,"url":"https:\/\/pohjanmaantehtaanmyymala.fi\/en\/tuote\/solo-tv-taso-ovilla-166-cm\/","url_meta":{"origin":22444,"position":3},"title":"SOLO TV-taso ovilla 166 cm","author":"Sami Viitala","date":"February 21, 2023","format":false,"excerpt":"Kotimainen edullinen taso, valitse v\u00e4ri alta!","rel":"","context":"Similar post","block_context":{"text":"Similar post","link":""},"img":{"alt_text":"Hiipakka Solo tv-taso 166 cm ovilla valkoinen","src":"https:\/\/i0.wp.com\/pohjanmaantehtaanmyymala.fi\/wp-content\/uploads\/2023\/02\/Solo_TV-Taso_ovilla_valkoinen.jpg?fit=960%2C960&ssl=1&resize=350%2C200","width":350,"height":200,"srcset":"https:\/\/i0.wp.com\/pohjanmaantehtaanmyymala.fi\/wp-content\/uploads\/2023\/02\/Solo_TV-Taso_ovilla_valkoinen.jpg?fit=960%2C960&ssl=1&resize=350%2C200 1x, https:\/\/i0.wp.com\/pohjanmaantehtaanmyymala.fi\/wp-content\/uploads\/2023\/02\/Solo_TV-Taso_ovilla_valkoinen.jpg?fit=960%2C960&ssl=1&resize=525%2C300 1.5x, https:\/\/i0.wp.com\/pohjanmaantehtaanmyymala.fi\/wp-content\/uploads\/2023\/02\/Solo_TV-Taso_ovilla_valkoinen.jpg?fit=960%2C960&ssl=1&resize=700%2C400 2x"},"classes":[]},{"id":28902,"url":"https:\/\/pohjanmaantehtaanmyymala.fi\/en\/tuote\/solo-tv-taso-166-cm-ruskea\/","url_meta":{"origin":22444,"position":4},"title":"SOLO TV-taso 166 cm ruskea","author":"Sami Viitala","date":"October 2, 2025","format":false,"excerpt":"Suomalainen edullinen mediataso!","rel":"","context":"Similar post","block_context":{"text":"Similar post","link":""},"img":{"alt_text":"Hiipakka Solo tv-taso 166 cm ruskea","src":"https:\/\/i0.wp.com\/pohjanmaantehtaanmyymala.fi\/wp-content\/uploads\/2025\/10\/Solo_TV-Taso_166_ruskea.jpg?fit=1000%2C1000&ssl=1&resize=350%2C200","width":350,"height":200,"srcset":"https:\/\/i0.wp.com\/pohjanmaantehtaanmyymala.fi\/wp-content\/uploads\/2025\/10\/Solo_TV-Taso_166_ruskea.jpg?fit=1000%2C1000&ssl=1&resize=350%2C200 1x, https:\/\/i0.wp.com\/pohjanmaantehtaanmyymala.fi\/wp-content\/uploads\/2025\/10\/Solo_TV-Taso_166_ruskea.jpg?fit=1000%2C1000&ssl=1&resize=525%2C300 1.5x, https:\/\/i0.wp.com\/pohjanmaantehtaanmyymala.fi\/wp-content\/uploads\/2025\/10\/Solo_TV-Taso_166_ruskea.jpg?fit=1000%2C1000&ssl=1&resize=700%2C400 2x"},"classes":[]},{"id":8892,"url":"https:\/\/pohjanmaantehtaanmyymala.fi\/en\/tuote\/solo-tv-taso-165\/","url_meta":{"origin":22444,"position":5},"title":"SOLO TV-taso 166 cm","author":"petri","date":"September 14, 2019","format":false,"excerpt":"Kotimainen edullinen mediataso, valitse v\u00e4ri alta!","rel":"","context":"Similar post","block_context":{"text":"Similar post","link":""},"img":{"alt_text":"Hiipakan Solo tv-taso 166 cm leve\u00e4 hunajatammi","src":"https:\/\/i0.wp.com\/pohjanmaantehtaanmyymala.fi\/wp-content\/uploads\/2019\/09\/Solo_TV-Taso_166_hunaja.jpg?fit=960%2C960&ssl=1&resize=350%2C200","width":350,"height":200,"srcset":"https:\/\/i0.wp.com\/pohjanmaantehtaanmyymala.fi\/wp-content\/uploads\/2019\/09\/Solo_TV-Taso_166_hunaja.jpg?fit=960%2C960&ssl=1&resize=350%2C200 1x, https:\/\/i0.wp.com\/pohjanmaantehtaanmyymala.fi\/wp-content\/uploads\/2019\/09\/Solo_TV-Taso_166_hunaja.jpg?fit=960%2C960&ssl=1&resize=525%2C300 1.5x, https:\/\/i0.wp.com\/pohjanmaantehtaanmyymala.fi\/wp-content\/uploads\/2019\/09\/Solo_TV-Taso_166_hunaja.jpg?fit=960%2C960&ssl=1&resize=700%2C400 2x"},"classes":[]}],"_links":{"self":[{"href":"https:\/\/pohjanmaantehtaanmyymala.fi\/en\/wp-json\/wp\/v2\/product\/22444","targetHints":{"allow":["GET"]}}],"collection":[{"href":"https:\/\/pohjanmaantehtaanmyymala.fi\/en\/wp-json\/wp\/v2\/product"}],"about":[{"href":"https:\/\/pohjanmaantehtaanmyymala.fi\/en\/wp-json\/wp\/v2\/types\/product"}],"replies":[{"embeddable":true,"href":"https:\/\/pohjanmaantehtaanmyymala.fi\/en\/wp-json\/wp\/v2\/comments?post=22444"}],"wp:featuredmedia":[{"embeddable":true,"href":"https:\/\/pohjanmaantehtaanmyymala.fi\/en\/wp-json\/wp\/v2\/media\/22448"}],"wp:attachment":[{"href":"https:\/\/pohjanmaantehtaanmyymala.fi\/en\/wp-json\/wp\/v2\/media?parent=22444"}],"wp:term":[{"taxonomy":"product_brand","embeddable":true,"href":"https:\/\/pohjanmaantehtaanmyymala.fi\/en\/wp-json\/wp\/v2\/product_brand?post=22444"},{"taxonomy":"product_cat","embeddable":true,"href":"https:\/\/pohjanmaantehtaanmyymala.fi\/en\/wp-json\/wp\/v2\/product_cat?post=22444"},{"taxonomy":"product_tag","embeddable":true,"href":"https:\/\/pohjanmaantehtaanmyymala.fi\/en\/wp-json\/wp\/v2\/product_tag?post=22444"}],"curies":[{"name":"wp","href":"https:\/\/api.w.org\/{rel}","templated":true}]}}