{"id":22364,"date":"2023-01-30T12:48:43","date_gmt":"2023-01-30T10:48:43","guid":{"rendered":"https:\/\/pohjanmaantehtaanmyymala.fi\/?post_type=product&#038;p=22364"},"modified":"2025-12-10T16:48:35","modified_gmt":"2025-12-10T14:48:35","slug":"eden-premiun-petauspatja","status":"publish","type":"product","link":"https:\/\/pohjanmaantehtaanmyymala.fi\/en\/tuote\/eden-premiun-petauspatja\/","title":{"rendered":"EDEN Premiun petauspatja"},"content":{"rendered":"<p>Eden Premium on Hilding Andersin valmistama vaahtomuovipetauspatja. Sijauspatjan t\u00e4ytteen\u00e4 on profiloitu 70 mm paksu kimmoisa Stylex-vaahtomuovi. Petauspatjansisuksen pinnan profilointi antaa petauspatjalle hieman lis\u00e4pehmeytt\u00e4 sek\u00e4 edist\u00e4\u00e4 ilmankiertoa. Sisuksen toinen puoli on sile\u00e4. P\u00e4\u00e4llisen\u00e4 petauspatjassa on vanutikattu valkoinen joustokangas. Premium-sijauspatjan p\u00e4\u00e4llinen on irroitettavissa ja pest\u00e4viss\u00e4.<\/p>\n<p>Paksu ja profiloitu petauspatja viimeistelee s\u00e4ngyn tai patjan nukkumamukavuuden.<\/p>\n<p>Kysy neuvoja\u00a0<a href=\"https:\/\/pohjanmaantehtaanmyymala.fi\/yhteys\/\">myynnist\u00e4mme!<\/a><\/p>\n<h3>Tuotetiedot:<\/h3>\n<p>P\u00e4\u00e4llinen irroitettava, vesipest\u00e4v\u00e4 josutokangas p\u00e4\u00e4llinen. Vesipesu 60 asteessa.<br \/>\n70 mm paksu profiloitu Premium Stylex-vaahtomuovi.<br \/>\nJoustokangas p\u00e4\u00e4llinen, irrotettava ja 60 asteessa vesipest\u00e4v\u00e4.<br \/>\nKotimainen . Ominaispaino 55 kg\/m\u00b3.<\/p>\n<p>Petauspatja kokonaispaksuus on n. 7-8 cm.<\/p>\n<p>Koot: 80&#215;200, 90&#215;200, 120&#215;200, 140&#215;200, 160&#215;200 ja 180&#215;200 cm.<\/p>\n","protected":false},"excerpt":{"rendered":"<p>Eden-sarjan suosituin sijauspatja Stylex-sisustuksella. Valitse koko alta!<\/p>\n","protected":false},"featured_media":10885,"comment_status":"closed","ping_status":"closed","template":"","meta":{"_acf_changed":false,"jetpack_post_was_ever_published":false,"jetpack_publicize_message":"","jetpack_publicize_feature_enabled":true,"jetpack_social_post_already_shared":true,"jetpack_social_options":{"image_generator_settings":{"template":"highway","default_image_id":0,"font":"","enabled":false},"version":2}},"product_brand":[203],"product_cat":[198,615],"product_tag":[],"class_list":{"0":"post-22364","1":"product","2":"type-product","3":"status-publish","4":"has-post-thumbnail","6":"product_brand-hilding","7":"product_cat-patjat-ja-sangyt","8":"product_cat-petauspatjat","9":"product_shipping_class-161","10":"pa_koko-120x200-cm","11":"pa_koko-140x200-cm","12":"pa_koko-160x200-cm","13":"pa_koko-180x200-cm","14":"pa_koko-80x200-cm","15":"pa_koko-90x200-cm","17":"first","18":"instock","19":"sale","20":"purchasable","21":"product-type-variable"},"acf":[],"jetpack_publicize_connections":[],"jetpack_sharing_enabled":true,"jetpack-related-posts":[{"id":28220,"url":"https:\/\/pohjanmaantehtaanmyymala.fi\/en\/tuote\/eden-comfort-petauspatja\/","url_meta":{"origin":22364,"position":0},"title":"EDEN Comfort petauspatja","author":"Sami Viitala","date":"December 14, 2024","format":false,"excerpt":"Eden-sarjan miellytt\u00e4v\u00e4n pehme\u00e4 Comfort sijauspatja. Valitse koko alta!","rel":"","context":"Similar post","block_context":{"text":"Similar post","link":""},"img":{"alt_text":"EDEN comfort-premium- ja exclusive petauspatja","src":"https:\/\/i0.wp.com\/pohjanmaantehtaanmyymala.fi\/wp-content\/uploads\/2024\/11\/Comfort-Premium-ja-Exclusive-petauspatjat.jpg?fit=960%2C960&ssl=1&resize=350%2C200","width":350,"height":200,"srcset":"https:\/\/i0.wp.com\/pohjanmaantehtaanmyymala.fi\/wp-content\/uploads\/2024\/11\/Comfort-Premium-ja-Exclusive-petauspatjat.jpg?fit=960%2C960&ssl=1&resize=350%2C200 1x, https:\/\/i0.wp.com\/pohjanmaantehtaanmyymala.fi\/wp-content\/uploads\/2024\/11\/Comfort-Premium-ja-Exclusive-petauspatjat.jpg?fit=960%2C960&ssl=1&resize=525%2C300 1.5x, https:\/\/i0.wp.com\/pohjanmaantehtaanmyymala.fi\/wp-content\/uploads\/2024\/11\/Comfort-Premium-ja-Exclusive-petauspatjat.jpg?fit=960%2C960&ssl=1&resize=700%2C400 2x"},"classes":[]},{"id":10884,"url":"https:\/\/pohjanmaantehtaanmyymala.fi\/en\/tuote\/aina-exlusive-petauspatja\/","url_meta":{"origin":22364,"position":1},"title":"EDEN &#8211; Exclusive petauspatjat","author":"petri","date":"September 14, 2019","format":false,"excerpt":"L\u00e4mm\u00f6n ja painon vaikutuksesta mukautuva sijauspatja. Valitse koko alta!","rel":"","context":"Similar post","block_context":{"text":"Similar post","link":""},"img":{"alt_text":"","src":"https:\/\/i0.wp.com\/pohjanmaantehtaanmyymala.fi\/wp-content\/uploads\/2019\/09\/Aina_Exlusive_Petauspatja_lajitelma.jpg?fit=800%2C800&ssl=1&resize=350%2C200","width":350,"height":200,"srcset":"https:\/\/i0.wp.com\/pohjanmaantehtaanmyymala.fi\/wp-content\/uploads\/2019\/09\/Aina_Exlusive_Petauspatja_lajitelma.jpg?fit=800%2C800&ssl=1&resize=350%2C200 1x, https:\/\/i0.wp.com\/pohjanmaantehtaanmyymala.fi\/wp-content\/uploads\/2019\/09\/Aina_Exlusive_Petauspatja_lajitelma.jpg?fit=800%2C800&ssl=1&resize=525%2C300 1.5x, https:\/\/i0.wp.com\/pohjanmaantehtaanmyymala.fi\/wp-content\/uploads\/2019\/09\/Aina_Exlusive_Petauspatja_lajitelma.jpg?fit=800%2C800&ssl=1&resize=700%2C400 2x"},"classes":[]},{"id":10877,"url":"https:\/\/pohjanmaantehtaanmyymala.fi\/en\/tuote\/eden-1-petauspatja-profiloitu-120-cm-levea\/","url_meta":{"origin":22364,"position":2},"title":"EDEN 1 petauspatja 120x200x5 cm","author":"petri","date":"September 14, 2019","format":false,"excerpt":"N\u00e4rpi\u00f6ss\u00e4 valmistettu kotimainen Eden-1 sijauspatja 120 cm leve\u00e4n\u00e4. Petauspatjan sisus on profiloitua vaahtomuovia. Profilointi parantaa ilmankiertoa ja mukautuu vartalon alla. Sijauspatjan p\u00e4\u00e4llinen valkoista pehme\u00e4\u00e4 joustokangasta, joka on irroitettava ja vesipest\u00e4v\u00e4. Tuotetiedot: Sisus: Profiloitu 30 mm paksu vaahtomuovi. P\u00e4\u00e4llinen: Joustokangasta, irroitettavissa. Puhdistus: P\u00e4\u00e4llinen hienovesipesu 40\u00b0C. Tuuleus: Mieluiten vain max. 30 min\u2026","rel":"","context":"Similar post","block_context":{"text":"Similar post","link":""},"img":{"alt_text":"Eden 1-petauspatja 90x200x5cm","src":"https:\/\/i0.wp.com\/pohjanmaantehtaanmyymala.fi\/wp-content\/uploads\/2019\/09\/Eden_1-petauspatja_90x200x5cm.jpg?fit=1200%2C1200&ssl=1&resize=350%2C200","width":350,"height":200,"srcset":"https:\/\/i0.wp.com\/pohjanmaantehtaanmyymala.fi\/wp-content\/uploads\/2019\/09\/Eden_1-petauspatja_90x200x5cm.jpg?fit=1200%2C1200&ssl=1&resize=350%2C200 1x, https:\/\/i0.wp.com\/pohjanmaantehtaanmyymala.fi\/wp-content\/uploads\/2019\/09\/Eden_1-petauspatja_90x200x5cm.jpg?fit=1200%2C1200&ssl=1&resize=525%2C300 1.5x, https:\/\/i0.wp.com\/pohjanmaantehtaanmyymala.fi\/wp-content\/uploads\/2019\/09\/Eden_1-petauspatja_90x200x5cm.jpg?fit=1200%2C1200&ssl=1&resize=700%2C400 2x, https:\/\/i0.wp.com\/pohjanmaantehtaanmyymala.fi\/wp-content\/uploads\/2019\/09\/Eden_1-petauspatja_90x200x5cm.jpg?fit=1200%2C1200&ssl=1&resize=1050%2C600 3x"},"classes":[]},{"id":10878,"url":"https:\/\/pohjanmaantehtaanmyymala.fi\/en\/tuote\/eden-1-petauspatja-profiloitu-140-cm-levea\/","url_meta":{"origin":22364,"position":3},"title":"EDEN 1 -petauspatja 140x200x5 cm","author":"petri","date":"September 14, 2019","format":false,"excerpt":"N\u00e4rpi\u00f6ss\u00e4 valmistettu kotimainen Eden-1 sijauspatja 140 cm leve\u00e4n\u00e4. Petauspatjan sisus on profiloitua vaahtomuovia. Profilointi parantaa ilmankiertoa ja mukautuu vartalon alla. Sijauspatjan p\u00e4\u00e4llinen valkoista pehme\u00e4\u00e4 joustokangasta, joka on irroitettava ja vesipest\u00e4v\u00e4. Tuotetiedot: Sisus: Profiloitu 30 mm paksu vaahtomuovi. P\u00e4\u00e4llinen: Joustokangasta, irroitettavissa. Puhdistus: P\u00e4\u00e4llinen hienovesipesu 40\u00b0C. Tuuleus: Mieluiten vain max. 30 min\u2026","rel":"","context":"Similar post","block_context":{"text":"Similar post","link":""},"img":{"alt_text":"Eden 1-petauspatja 90x200x5cm","src":"https:\/\/i0.wp.com\/pohjanmaantehtaanmyymala.fi\/wp-content\/uploads\/2019\/09\/Eden_1-petauspatja_90x200x5cm.jpg?fit=1200%2C1200&ssl=1&resize=350%2C200","width":350,"height":200,"srcset":"https:\/\/i0.wp.com\/pohjanmaantehtaanmyymala.fi\/wp-content\/uploads\/2019\/09\/Eden_1-petauspatja_90x200x5cm.jpg?fit=1200%2C1200&ssl=1&resize=350%2C200 1x, https:\/\/i0.wp.com\/pohjanmaantehtaanmyymala.fi\/wp-content\/uploads\/2019\/09\/Eden_1-petauspatja_90x200x5cm.jpg?fit=1200%2C1200&ssl=1&resize=525%2C300 1.5x, https:\/\/i0.wp.com\/pohjanmaantehtaanmyymala.fi\/wp-content\/uploads\/2019\/09\/Eden_1-petauspatja_90x200x5cm.jpg?fit=1200%2C1200&ssl=1&resize=700%2C400 2x, https:\/\/i0.wp.com\/pohjanmaantehtaanmyymala.fi\/wp-content\/uploads\/2019\/09\/Eden_1-petauspatja_90x200x5cm.jpg?fit=1200%2C1200&ssl=1&resize=1050%2C600 3x"},"classes":[]},{"id":10879,"url":"https:\/\/pohjanmaantehtaanmyymala.fi\/en\/tuote\/eden-1-petauspatja-profiloitu-160-cm-levea\/","url_meta":{"origin":22364,"position":4},"title":"EDEN 1 -petauspatja 160x200x5 cm","author":"petri","date":"September 14, 2019","format":false,"excerpt":"N\u00e4rpi\u00f6ss\u00e4 valmistettu kotimainen Eden-1 sijauspatja 160 cm leve\u00e4n\u00e4. Petauspatjan sisus on profiloitua vaahtomuovia. Profilointi parantaa ilmankiertoa ja mukautuu vartalon alla. Sijauspatjan p\u00e4\u00e4llinen valkoista pehme\u00e4\u00e4 joustokangasta, joka on irroitettava ja vesipest\u00e4v\u00e4. Tuotetiedot: Sisus: Profiloitu 30 mm paksu vaahtomuovi. P\u00e4\u00e4llinen: Joustokangasta, irroitettavissa. Puhdistus: P\u00e4\u00e4llinen hienovesipesu 40\u00b0C. Tuuleus: Mieluiten vain max. 30 min\u2026","rel":"","context":"Similar post","block_context":{"text":"Similar post","link":""},"img":{"alt_text":"Eden 1-petauspatja 90x200x5cm","src":"https:\/\/i0.wp.com\/pohjanmaantehtaanmyymala.fi\/wp-content\/uploads\/2019\/09\/Eden_1-petauspatja_90x200x5cm.jpg?fit=1200%2C1200&ssl=1&resize=350%2C200","width":350,"height":200,"srcset":"https:\/\/i0.wp.com\/pohjanmaantehtaanmyymala.fi\/wp-content\/uploads\/2019\/09\/Eden_1-petauspatja_90x200x5cm.jpg?fit=1200%2C1200&ssl=1&resize=350%2C200 1x, https:\/\/i0.wp.com\/pohjanmaantehtaanmyymala.fi\/wp-content\/uploads\/2019\/09\/Eden_1-petauspatja_90x200x5cm.jpg?fit=1200%2C1200&ssl=1&resize=525%2C300 1.5x, https:\/\/i0.wp.com\/pohjanmaantehtaanmyymala.fi\/wp-content\/uploads\/2019\/09\/Eden_1-petauspatja_90x200x5cm.jpg?fit=1200%2C1200&ssl=1&resize=700%2C400 2x, https:\/\/i0.wp.com\/pohjanmaantehtaanmyymala.fi\/wp-content\/uploads\/2019\/09\/Eden_1-petauspatja_90x200x5cm.jpg?fit=1200%2C1200&ssl=1&resize=1050%2C600 3x"},"classes":[]},{"id":10880,"url":"https:\/\/pohjanmaantehtaanmyymala.fi\/en\/tuote\/eden-1-petauspatja-profiloitu-180-cm-levea\/","url_meta":{"origin":22364,"position":5},"title":"EDEN 1 -petauspatja 180x200x5 cm","author":"petri","date":"September 14, 2019","format":false,"excerpt":"N\u00e4rpi\u00f6ss\u00e4 valmistettu kotimainen Eden-1 sijauspatja 180 cm leve\u00e4n\u00e4. Petauspatjan sisus on profiloitua vaahtomuovia. Profilointi parantaa ilmankiertoa ja mukautuu vartalon alla. Sijauspatjan p\u00e4\u00e4llinen valkoista pehme\u00e4\u00e4 joustokangasta, joka on irroitettava ja vesipest\u00e4v\u00e4. Tuotetiedot: Sisus: Profiloitu 30 mm paksu vaahtomuovi. P\u00e4\u00e4llinen: Joustokangasta, irroitettavissa. Puhdistus: P\u00e4\u00e4llinen hienovesipesu 40\u00b0C. Tuuleus: Mieluiten vain max. 30 min\u2026","rel":"","context":"Similar post","block_context":{"text":"Similar post","link":""},"img":{"alt_text":"Eden 1-petauspatja 90x200x5cm","src":"https:\/\/i0.wp.com\/pohjanmaantehtaanmyymala.fi\/wp-content\/uploads\/2019\/09\/Eden_1-petauspatja_90x200x5cm.jpg?fit=1200%2C1200&ssl=1&resize=350%2C200","width":350,"height":200,"srcset":"https:\/\/i0.wp.com\/pohjanmaantehtaanmyymala.fi\/wp-content\/uploads\/2019\/09\/Eden_1-petauspatja_90x200x5cm.jpg?fit=1200%2C1200&ssl=1&resize=350%2C200 1x, https:\/\/i0.wp.com\/pohjanmaantehtaanmyymala.fi\/wp-content\/uploads\/2019\/09\/Eden_1-petauspatja_90x200x5cm.jpg?fit=1200%2C1200&ssl=1&resize=525%2C300 1.5x, https:\/\/i0.wp.com\/pohjanmaantehtaanmyymala.fi\/wp-content\/uploads\/2019\/09\/Eden_1-petauspatja_90x200x5cm.jpg?fit=1200%2C1200&ssl=1&resize=700%2C400 2x, https:\/\/i0.wp.com\/pohjanmaantehtaanmyymala.fi\/wp-content\/uploads\/2019\/09\/Eden_1-petauspatja_90x200x5cm.jpg?fit=1200%2C1200&ssl=1&resize=1050%2C600 3x"},"classes":[]}],"_links":{"self":[{"href":"https:\/\/pohjanmaantehtaanmyymala.fi\/en\/wp-json\/wp\/v2\/product\/22364","targetHints":{"allow":["GET"]}}],"collection":[{"href":"https:\/\/pohjanmaantehtaanmyymala.fi\/en\/wp-json\/wp\/v2\/product"}],"about":[{"href":"https:\/\/pohjanmaantehtaanmyymala.fi\/en\/wp-json\/wp\/v2\/types\/product"}],"replies":[{"embeddable":true,"href":"https:\/\/pohjanmaantehtaanmyymala.fi\/en\/wp-json\/wp\/v2\/comments?post=22364"}],"wp:featuredmedia":[{"embeddable":true,"href":"https:\/\/pohjanmaantehtaanmyymala.fi\/en\/wp-json\/wp\/v2\/media\/10885"}],"wp:attachment":[{"href":"https:\/\/pohjanmaantehtaanmyymala.fi\/en\/wp-json\/wp\/v2\/media?parent=22364"}],"wp:term":[{"taxonomy":"product_brand","embeddable":true,"href":"https:\/\/pohjanmaantehtaanmyymala.fi\/en\/wp-json\/wp\/v2\/product_brand?post=22364"},{"taxonomy":"product_cat","embeddable":true,"href":"https:\/\/pohjanmaantehtaanmyymala.fi\/en\/wp-json\/wp\/v2\/product_cat?post=22364"},{"taxonomy":"product_tag","embeddable":true,"href":"https:\/\/pohjanmaantehtaanmyymala.fi\/en\/wp-json\/wp\/v2\/product_tag?post=22364"}],"curies":[{"name":"wp","href":"https:\/\/api.w.org\/{rel}","templated":true}]}}