{"id":22329,"date":"2023-01-26T15:36:21","date_gmt":"2023-01-26T13:36:21","guid":{"rendered":"https:\/\/pohjanmaantehtaanmyymala.fi\/?post_type=product&#038;p=22329"},"modified":"2025-10-02T16:38:47","modified_gmt":"2025-10-02T14:38:47","slug":"anna-divaanisohva-pfc-free-kangas","status":"publish","type":"product","link":"https:\/\/pohjanmaantehtaanmyymala.fi\/en\/tuote\/anna-divaanisohva-pfc-free-kangas\/","title":{"rendered":"Anna divaanisohva PFC-free kangas"},"content":{"rendered":"<p>Anna on edullinen ja tyylik\u00e4s sohva. Divaanisohva on irrallisella divaaniosalla, joten divaanin k\u00e4tisyytt\u00e4 pystyy helposti vaihtamaan helposti ilman ty\u00f6kaluja. Anna divaanisohvassa on irto istuin- ja selk\u00e4tyynyt, jotka ovat k\u00e4\u00e4nnett\u00e4v\u00e4t ja lis\u00e4ksi tyynyjen p\u00e4\u00e4lliset ovat irroitettavissa ja pest\u00e4viss\u00e4.<\/p>\n<p>Tuote on verhoiltu PFC-Free NORN-kankaalla, eli kankaan viimeistelyss\u00e4 ei ole k\u00e4ytetty perfluorattuja yhdisteit\u00e4. Anna kulmasohvaa on saatavana 3 eri v\u00e4rill\u00e4, vaaleanharmaa, roosa ja beige.<\/p>\n<p>Kysy edullista toimitusta kotiovellesi <a href=\"https:\/\/pohjanmaantehtaanmyymala.fi\/yhteys\/\">myynnist\u00e4mme!<\/a><\/p>\n<h3>Tuotetiedot:<\/h3>\n<p>Leveys: 212 cm<br \/>\nSyvyys divaanin kodasta: 160 cm<br \/>\nSysyyv sohvaosan kohdasta: 85 cm<br \/>\nKorkeus 80 cm<br \/>\nIst.korkeus 47 cm<br \/>\nIst.syvyys 58 cm<br \/>\nRunko on valmistettu puusta ja koivuvanerista.<br \/>\nPehmusteena vaahtomuovi ja siksak-jouset.<br \/>\nP\u00e4\u00e4llystetty PFC-vapaalla Norn kankaalla 100% polyesteri\u00e4.<br \/>\nJalat on valmistettu koivusta, korkeus 18 cm.<\/p>\n","protected":false},"excerpt":{"rendered":"<p>Kaunis Anna-divaanisohva, saatavana 3 eri v\u00e4rill\u00e4.<\/p>\n","protected":false},"featured_media":22330,"comment_status":"closed","ping_status":"closed","template":"","meta":{"_acf_changed":false,"jetpack_post_was_ever_published":false,"jetpack_publicize_message":"","jetpack_publicize_feature_enabled":true,"jetpack_social_post_already_shared":true,"jetpack_social_options":{"image_generator_settings":{"template":"highway","default_image_id":0,"font":"","enabled":false},"version":2}},"product_brand":[211],"product_cat":[201],"product_tag":[],"class_list":{"0":"post-22329","1":"product","2":"type-product","3":"status-publish","4":"has-post-thumbnail","6":"product_brand-tenstar","7":"product_cat-sohvat","8":"pa_vari-beige","9":"pa_vari-roosa","10":"pa_vari-vaaleanharmaa","12":"first","13":"onbackorder","14":"sale","15":"shipping-taxable","16":"purchasable","17":"product-type-variable","18":"has-default-attributes"},"acf":[],"jetpack_publicize_connections":[],"jetpack_sharing_enabled":true,"jetpack-related-posts":[{"id":12782,"url":"https:\/\/pohjanmaantehtaanmyymala.fi\/en\/tuote\/mango-divaanisohva-harmaa\/","url_meta":{"origin":22329,"position":0},"title":"Mango -divaanisohva (harmaa)","author":"Sami Viitala","date":"September 12, 2020","format":false,"excerpt":"Edullinen Mago-divaanisohva kangasverhoilulla.","rel":"","context":"Similar post","block_context":{"text":"Similar post","link":""},"img":{"alt_text":"Mango divaanisohva harmaa","src":"https:\/\/i0.wp.com\/pohjanmaantehtaanmyymala.fi\/wp-content\/uploads\/2020\/09\/Mango-divaanisohva-malmo-kangas.jpg?fit=1200%2C1200&ssl=1&resize=350%2C200","width":350,"height":200,"srcset":"https:\/\/i0.wp.com\/pohjanmaantehtaanmyymala.fi\/wp-content\/uploads\/2020\/09\/Mango-divaanisohva-malmo-kangas.jpg?fit=1200%2C1200&ssl=1&resize=350%2C200 1x, https:\/\/i0.wp.com\/pohjanmaantehtaanmyymala.fi\/wp-content\/uploads\/2020\/09\/Mango-divaanisohva-malmo-kangas.jpg?fit=1200%2C1200&ssl=1&resize=525%2C300 1.5x, https:\/\/i0.wp.com\/pohjanmaantehtaanmyymala.fi\/wp-content\/uploads\/2020\/09\/Mango-divaanisohva-malmo-kangas.jpg?fit=1200%2C1200&ssl=1&resize=700%2C400 2x, https:\/\/i0.wp.com\/pohjanmaantehtaanmyymala.fi\/wp-content\/uploads\/2020\/09\/Mango-divaanisohva-malmo-kangas.jpg?fit=1200%2C1200&ssl=1&resize=1050%2C600 3x"},"classes":[]},{"id":21310,"url":"https:\/\/pohjanmaantehtaanmyymala.fi\/en\/tuote\/pohjanmaan-grail-divaanisohva\/","url_meta":{"origin":22329,"position":1},"title":"Pohjanmaan Grail divaanisohva","author":"Sami Viitala","date":"September 9, 2022","format":false,"excerpt":"Pohjanmaan Kalusteen muhkea Grail divaanisohva kutsuu muhkeudellaan istumaan. T\u00e4m\u00e4 j\u00e4tti divaanisohva on unelmien paikka viett\u00e4\u00e4 aikaa l\u00f6h\u00f6illen. Grail sohvassa on normaalia syvempi ja tilava istuinosa, jossa mahtaa vaikka nukkumaan. Grail-sohvan leve\u00e4t pehme\u00e4t k\u00e4sinojat korostavat sohvan muhkeaa olemusta. Kuvan divaanisohva on verhoilutu laadukkaalla Megan samettikankaalla. Grail on saatavilla lukuisilla eri kankailla.\u2026","rel":"","context":"Similar post","block_context":{"text":"Similar post","link":""},"img":{"alt_text":"Grail divaanisohva keltaisella Megan kankaalla","src":"https:\/\/i0.wp.com\/pohjanmaantehtaanmyymala.fi\/wp-content\/uploads\/2022\/09\/Grail_K2-R110-A110-A110-K26_Megan05_2.jpg?fit=1200%2C1200&ssl=1&resize=350%2C200","width":350,"height":200,"srcset":"https:\/\/i0.wp.com\/pohjanmaantehtaanmyymala.fi\/wp-content\/uploads\/2022\/09\/Grail_K2-R110-A110-A110-K26_Megan05_2.jpg?fit=1200%2C1200&ssl=1&resize=350%2C200 1x, https:\/\/i0.wp.com\/pohjanmaantehtaanmyymala.fi\/wp-content\/uploads\/2022\/09\/Grail_K2-R110-A110-A110-K26_Megan05_2.jpg?fit=1200%2C1200&ssl=1&resize=525%2C300 1.5x, https:\/\/i0.wp.com\/pohjanmaantehtaanmyymala.fi\/wp-content\/uploads\/2022\/09\/Grail_K2-R110-A110-A110-K26_Megan05_2.jpg?fit=1200%2C1200&ssl=1&resize=700%2C400 2x, https:\/\/i0.wp.com\/pohjanmaantehtaanmyymala.fi\/wp-content\/uploads\/2022\/09\/Grail_K2-R110-A110-A110-K26_Megan05_2.jpg?fit=1200%2C1200&ssl=1&resize=1050%2C600 3x"},"classes":[]},{"id":22380,"url":"https:\/\/pohjanmaantehtaanmyymala.fi\/en\/tuote\/ramona-divaanivuodesohva-solid-kangas\/","url_meta":{"origin":22329,"position":2},"title":"Ramona divaanivuodesohva solid-kangas","author":"Sami Viitala","date":"January 30, 2023","format":false,"excerpt":"Vuodesohva avattavalla divaanilla. Valitse k\u00e4tisyys!","rel":"","context":"Similar post","block_context":{"text":"Similar post","link":""},"img":{"alt_text":"Ramona vuodesohva avattavalla divaanilla harmaa kangas","src":"https:\/\/i0.wp.com\/pohjanmaantehtaanmyymala.fi\/wp-content\/uploads\/2023\/01\/RamonaN_AR3-5cm_semi_Metro84_large.jpg?fit=960%2C960&ssl=1&resize=350%2C200","width":350,"height":200,"srcset":"https:\/\/i0.wp.com\/pohjanmaantehtaanmyymala.fi\/wp-content\/uploads\/2023\/01\/RamonaN_AR3-5cm_semi_Metro84_large.jpg?fit=960%2C960&ssl=1&resize=350%2C200 1x, https:\/\/i0.wp.com\/pohjanmaantehtaanmyymala.fi\/wp-content\/uploads\/2023\/01\/RamonaN_AR3-5cm_semi_Metro84_large.jpg?fit=960%2C960&ssl=1&resize=525%2C300 1.5x, https:\/\/i0.wp.com\/pohjanmaantehtaanmyymala.fi\/wp-content\/uploads\/2023\/01\/RamonaN_AR3-5cm_semi_Metro84_large.jpg?fit=960%2C960&ssl=1&resize=700%2C400 2x"},"classes":[]},{"id":24028,"url":"https:\/\/pohjanmaantehtaanmyymala.fi\/en\/tuote\/anne-3-ja-2-istuttavat-sohvat-sand-kankaalla\/","url_meta":{"origin":22329,"position":3},"title":"Anne 3- ja 2-istuttavat sohvat Sand kankaalla","author":"Sami Viitala","date":"November 14, 2023","format":false,"excerpt":"Kauniit Anne-sohvat kangasverhoilulla.","rel":"","context":"Similar post","block_context":{"text":"Similar post","link":""},"img":{"alt_text":"Anne 3- ja 2-istuttavat sohvat R_sand -kangasverhoilulla vaalean harmaa","src":"https:\/\/i0.wp.com\/pohjanmaantehtaanmyymala.fi\/wp-content\/uploads\/2023\/11\/Anne-32-kangas-vaalea.jpg?fit=960%2C960&ssl=1&resize=350%2C200","width":350,"height":200,"srcset":"https:\/\/i0.wp.com\/pohjanmaantehtaanmyymala.fi\/wp-content\/uploads\/2023\/11\/Anne-32-kangas-vaalea.jpg?fit=960%2C960&ssl=1&resize=350%2C200 1x, https:\/\/i0.wp.com\/pohjanmaantehtaanmyymala.fi\/wp-content\/uploads\/2023\/11\/Anne-32-kangas-vaalea.jpg?fit=960%2C960&ssl=1&resize=525%2C300 1.5x, https:\/\/i0.wp.com\/pohjanmaantehtaanmyymala.fi\/wp-content\/uploads\/2023\/11\/Anne-32-kangas-vaalea.jpg?fit=960%2C960&ssl=1&resize=700%2C400 2x"},"classes":[]},{"id":17772,"url":"https:\/\/pohjanmaantehtaanmyymala.fi\/en\/tuote\/halti-kulmavuodesohva-avopaadylla\/","url_meta":{"origin":22329,"position":4},"title":"Halti kulmavuodesohva avop\u00e4\u00e4dyll\u00e4 alk.","author":"Sami Viitala","date":"August 24, 2021","format":false,"excerpt":"Halti on laadukas valinta, kun on s\u00e4\u00e4nn\u00f6list\u00e4 tarvetta hyv\u00e4lle varavuoteelle.","rel":"","context":"Similar post","block_context":{"text":"Similar post","link":""},"img":{"alt_text":"Halti kulmavuodesohva harmaa avo vasemmalla","src":"https:\/\/i0.wp.com\/pohjanmaantehtaanmyymala.fi\/wp-content\/uploads\/2021\/08\/Pohjanmaan_Halti_kulmavuodesohva_vas.jpg?fit=1200%2C1200&ssl=1&resize=350%2C200","width":350,"height":200,"srcset":"https:\/\/i0.wp.com\/pohjanmaantehtaanmyymala.fi\/wp-content\/uploads\/2021\/08\/Pohjanmaan_Halti_kulmavuodesohva_vas.jpg?fit=1200%2C1200&ssl=1&resize=350%2C200 1x, https:\/\/i0.wp.com\/pohjanmaantehtaanmyymala.fi\/wp-content\/uploads\/2021\/08\/Pohjanmaan_Halti_kulmavuodesohva_vas.jpg?fit=1200%2C1200&ssl=1&resize=525%2C300 1.5x, https:\/\/i0.wp.com\/pohjanmaantehtaanmyymala.fi\/wp-content\/uploads\/2021\/08\/Pohjanmaan_Halti_kulmavuodesohva_vas.jpg?fit=1200%2C1200&ssl=1&resize=700%2C400 2x, https:\/\/i0.wp.com\/pohjanmaantehtaanmyymala.fi\/wp-content\/uploads\/2021\/08\/Pohjanmaan_Halti_kulmavuodesohva_vas.jpg?fit=1200%2C1200&ssl=1&resize=1050%2C600 3x"},"classes":[]},{"id":17735,"url":"https:\/\/pohjanmaantehtaanmyymala.fi\/en\/tuote\/noah-vuodesohva-divaani-oikealla\/","url_meta":{"origin":22329,"position":5},"title":"Noah divaani-vuodesohva alk. nahka","author":"Sami Viitala","date":"August 23, 2021","format":false,"excerpt":"Huippulaadukas sohva joka p\u00e4iv\u00e4iseen k\u00e4ytt\u00f6\u00f6n.","rel":"","context":"Similar post","block_context":{"text":"Similar post","link":""},"img":{"alt_text":"Noah vuodesohva nahkaa","src":"https:\/\/i0.wp.com\/pohjanmaantehtaanmyymala.fi\/wp-content\/uploads\/2021\/08\/Noah_vuodesohva_tyynyt_oik.jpg?fit=1200%2C1200&ssl=1&resize=350%2C200","width":350,"height":200,"srcset":"https:\/\/i0.wp.com\/pohjanmaantehtaanmyymala.fi\/wp-content\/uploads\/2021\/08\/Noah_vuodesohva_tyynyt_oik.jpg?fit=1200%2C1200&ssl=1&resize=350%2C200 1x, https:\/\/i0.wp.com\/pohjanmaantehtaanmyymala.fi\/wp-content\/uploads\/2021\/08\/Noah_vuodesohva_tyynyt_oik.jpg?fit=1200%2C1200&ssl=1&resize=525%2C300 1.5x, https:\/\/i0.wp.com\/pohjanmaantehtaanmyymala.fi\/wp-content\/uploads\/2021\/08\/Noah_vuodesohva_tyynyt_oik.jpg?fit=1200%2C1200&ssl=1&resize=700%2C400 2x, https:\/\/i0.wp.com\/pohjanmaantehtaanmyymala.fi\/wp-content\/uploads\/2021\/08\/Noah_vuodesohva_tyynyt_oik.jpg?fit=1200%2C1200&ssl=1&resize=1050%2C600 3x"},"classes":[]}],"_links":{"self":[{"href":"https:\/\/pohjanmaantehtaanmyymala.fi\/en\/wp-json\/wp\/v2\/product\/22329","targetHints":{"allow":["GET"]}}],"collection":[{"href":"https:\/\/pohjanmaantehtaanmyymala.fi\/en\/wp-json\/wp\/v2\/product"}],"about":[{"href":"https:\/\/pohjanmaantehtaanmyymala.fi\/en\/wp-json\/wp\/v2\/types\/product"}],"replies":[{"embeddable":true,"href":"https:\/\/pohjanmaantehtaanmyymala.fi\/en\/wp-json\/wp\/v2\/comments?post=22329"}],"wp:featuredmedia":[{"embeddable":true,"href":"https:\/\/pohjanmaantehtaanmyymala.fi\/en\/wp-json\/wp\/v2\/media\/22330"}],"wp:attachment":[{"href":"https:\/\/pohjanmaantehtaanmyymala.fi\/en\/wp-json\/wp\/v2\/media?parent=22329"}],"wp:term":[{"taxonomy":"product_brand","embeddable":true,"href":"https:\/\/pohjanmaantehtaanmyymala.fi\/en\/wp-json\/wp\/v2\/product_brand?post=22329"},{"taxonomy":"product_cat","embeddable":true,"href":"https:\/\/pohjanmaantehtaanmyymala.fi\/en\/wp-json\/wp\/v2\/product_cat?post=22329"},{"taxonomy":"product_tag","embeddable":true,"href":"https:\/\/pohjanmaantehtaanmyymala.fi\/en\/wp-json\/wp\/v2\/product_tag?post=22329"}],"curies":[{"name":"wp","href":"https:\/\/api.w.org\/{rel}","templated":true}]}}