{"id":21971,"date":"2022-12-12T16:30:37","date_gmt":"2022-12-12T14:30:37","guid":{"rendered":"https:\/\/pohjanmaantehtaanmyymala.fi\/?post_type=product&#038;p=21971"},"modified":"2024-09-13T10:48:28","modified_gmt":"2024-09-13T08:48:28","slug":"kodin-helmi-matto-130x200-cm","status":"publish","type":"product","link":"https:\/\/pohjanmaantehtaanmyymala.fi\/en\/tuote\/kodin-helmi-matto-130x200-cm\/","title":{"rendered":"Kodin Helmi matto 133&#215;200 cm"},"content":{"rendered":"<p><strong>Poistuva malli, tarkista saatavuus! Harmaa v\u00e4ri loppu.<br \/>\n<\/strong><\/p>\n<p>Kevyt raitakuvioitu Kodin Helmi muovi\/lp-puuvillamatto kaikkiin kodin oleskelutiloihin.\u00a0 Kodin Helmi matosta l\u00f6yd\u00e4t 4 eri v\u00e4ri\u00e4; beige, harmaa, punainen ja musta. Matot on valmistesttu flataattivapaasta muovista ja puuvillasta.<\/p>\n<p>Matosta muuta saatavilla olevat koot ovat:<br \/>\n70&#215;100 cm<br \/>\n70&#215;150 cm<br \/>\n70&#215;200 cm<br \/>\n70&#215;250 cm<br \/>\n160&#215;230 cm<\/p>\n<p>Meilt\u00e4 l\u00f6ytyy my\u00f6s paljon muita mattoja, kysy hinta ja saatavuustietoja <a href=\"https:\/\/pohjanmaantehtaanmyymala.fi\/yhteys\/\">myynnist\u00e4mme.<\/a><\/p>\n<h3><strong>Tuotetiedot<\/strong><\/h3>\n<ul>\n<li>Kakspuolinen k\u00e4\u00e4nt\u00f6matto, jota voidaan k\u00e4ytt\u00e4\u00e4 molemmin p\u00e4in.<\/li>\n<li>Kude: 50% muovia, 50% Puuvillaa (LP-mattolanka).<\/li>\n<li>Loimi: nylon<\/li>\n<\/ul>\n<p><strong>Pesuohje:<\/strong><\/p>\n<p>Pesu vaakatasossa 30 asteisella vedell\u00e4 k\u00e4ytt\u00e4en mietoa pesuainetta ja pehme\u00e4\u00e4 harjaa. Tuotteen voi pest\u00e4 my\u00f6s pesukoneessa pesuohjeelle sopivalla ohjelmalla. Ei liotusta. Huuhtele pesun j\u00e4lkeen huolellisesti. Kostea matto kannattaa suoristella huolellisesti ja ripustaa kuivumaan tuuletettuun huoneeseen tai ulos varjoon, mielell\u00e4\u00e4n py\u00f6re\u00e4n putken p\u00e4\u00e4lle, esim. tamppaustelineelle.<\/p>\n","protected":false},"excerpt":{"rendered":"<p>Valiste v\u00e4ri!<\/p>\n","protected":false},"featured_media":21987,"comment_status":"closed","ping_status":"closed","template":"","meta":{"_acf_changed":false,"jetpack_post_was_ever_published":false,"jetpack_publicize_message":"","jetpack_publicize_feature_enabled":true,"jetpack_social_post_already_shared":true,"jetpack_social_options":{"image_generator_settings":{"template":"highway","default_image_id":0,"font":"","enabled":false},"version":2}},"product_brand":[],"product_cat":[210],"product_tag":[],"class_list":{"0":"post-21971","1":"product","2":"type-product","3":"status-publish","4":"has-post-thumbnail","6":"product_cat-matot","7":"pa_vari-beige","8":"pa_vari-harmaa","9":"pa_vari-musta","10":"pa_vari-punainen","12":"first","13":"instock","14":"sale","15":"shipping-taxable","16":"purchasable","17":"product-type-variable"},"acf":[],"jetpack_publicize_connections":[],"jetpack_sharing_enabled":true,"jetpack-related-posts":[{"id":23391,"url":"https:\/\/pohjanmaantehtaanmyymala.fi\/en\/tuote\/kodin-helmi-matto-160x230-cm\/","url_meta":{"origin":21971,"position":0},"title":"Kodin Helmi matto 160&#215;230 cm","author":"Sami Viitala","date":"September 13, 2023","format":false,"excerpt":"Valiste v\u00e4ri!","rel":"","context":"Similar post","block_context":{"text":"Similar post","link":""},"img":{"alt_text":"Kodin Helmi k\u00e4yt\u00e4v\u00e4matto harmaa","src":"https:\/\/i0.wp.com\/pohjanmaantehtaanmyymala.fi\/wp-content\/uploads\/2022\/12\/Kodinhelmi-matto-valkomustaraita_2.jpg?fit=960%2C960&ssl=1&resize=350%2C200","width":350,"height":200,"srcset":"https:\/\/i0.wp.com\/pohjanmaantehtaanmyymala.fi\/wp-content\/uploads\/2022\/12\/Kodinhelmi-matto-valkomustaraita_2.jpg?fit=960%2C960&ssl=1&resize=350%2C200 1x, https:\/\/i0.wp.com\/pohjanmaantehtaanmyymala.fi\/wp-content\/uploads\/2022\/12\/Kodinhelmi-matto-valkomustaraita_2.jpg?fit=960%2C960&ssl=1&resize=525%2C300 1.5x, https:\/\/i0.wp.com\/pohjanmaantehtaanmyymala.fi\/wp-content\/uploads\/2022\/12\/Kodinhelmi-matto-valkomustaraita_2.jpg?fit=960%2C960&ssl=1&resize=700%2C400 2x"},"classes":[]},{"id":22014,"url":"https:\/\/pohjanmaantehtaanmyymala.fi\/en\/tuote\/kodin-helmi-kaytavamatto-70x300-cm\/","url_meta":{"origin":21971,"position":1},"title":"Kodin Helmi k\u00e4yt\u00e4v\u00e4matto 70&#215;300 cm","author":"Sami Viitala","date":"December 12, 2022","format":false,"excerpt":"Valiste v\u00e4ri!","rel":"","context":"Similar post","block_context":{"text":"Similar post","link":""},"img":{"alt_text":"Kodin Helmi k\u00e4yt\u00e4v\u00e4matto musta","src":"https:\/\/i0.wp.com\/pohjanmaantehtaanmyymala.fi\/wp-content\/uploads\/2022\/12\/Kodinhelmi-matto-valkomustaraita_5.jpg?fit=960%2C960&ssl=1&resize=350%2C200","width":350,"height":200,"srcset":"https:\/\/i0.wp.com\/pohjanmaantehtaanmyymala.fi\/wp-content\/uploads\/2022\/12\/Kodinhelmi-matto-valkomustaraita_5.jpg?fit=960%2C960&ssl=1&resize=350%2C200 1x, https:\/\/i0.wp.com\/pohjanmaantehtaanmyymala.fi\/wp-content\/uploads\/2022\/12\/Kodinhelmi-matto-valkomustaraita_5.jpg?fit=960%2C960&ssl=1&resize=525%2C300 1.5x, https:\/\/i0.wp.com\/pohjanmaantehtaanmyymala.fi\/wp-content\/uploads\/2022\/12\/Kodinhelmi-matto-valkomustaraita_5.jpg?fit=960%2C960&ssl=1&resize=700%2C400 2x"},"classes":[]},{"id":22023,"url":"https:\/\/pohjanmaantehtaanmyymala.fi\/en\/tuote\/kodin-helmi-kaytavamatto-70x250-cm\/","url_meta":{"origin":21971,"position":2},"title":"Kodin Helmi k\u00e4yt\u00e4v\u00e4matto 70&#215;250 cm","author":"Sami Viitala","date":"December 12, 2022","format":false,"excerpt":"Valiste v\u00e4ri!","rel":"","context":"Similar post","block_context":{"text":"Similar post","link":""},"img":{"alt_text":"Kodin Helmi k\u00e4yt\u00e4v\u00e4matto beige","src":"https:\/\/i0.wp.com\/pohjanmaantehtaanmyymala.fi\/wp-content\/uploads\/2022\/12\/Kodinhelmi-matto-valkoharmaaraita_3.jpg?fit=960%2C960&ssl=1&resize=350%2C200","width":350,"height":200,"srcset":"https:\/\/i0.wp.com\/pohjanmaantehtaanmyymala.fi\/wp-content\/uploads\/2022\/12\/Kodinhelmi-matto-valkoharmaaraita_3.jpg?fit=960%2C960&ssl=1&resize=350%2C200 1x, https:\/\/i0.wp.com\/pohjanmaantehtaanmyymala.fi\/wp-content\/uploads\/2022\/12\/Kodinhelmi-matto-valkoharmaaraita_3.jpg?fit=960%2C960&ssl=1&resize=525%2C300 1.5x, https:\/\/i0.wp.com\/pohjanmaantehtaanmyymala.fi\/wp-content\/uploads\/2022\/12\/Kodinhelmi-matto-valkoharmaaraita_3.jpg?fit=960%2C960&ssl=1&resize=700%2C400 2x"},"classes":[]},{"id":21957,"url":"https:\/\/pohjanmaantehtaanmyymala.fi\/en\/tuote\/kodin-helmi-kaytavamatto-punainen\/","url_meta":{"origin":21971,"position":3},"title":"Kodin Helmi k\u00e4yt\u00e4v\u00e4matto 70&#215;100 cm","author":"Sami Viitala","date":"December 12, 2022","format":false,"excerpt":"Valiste v\u00e4ri!","rel":"","context":"Similar post","block_context":{"text":"Similar post","link":""},"img":{"alt_text":"Kodin helmi muovi\/puuvillamatto punainen","src":"https:\/\/i0.wp.com\/pohjanmaantehtaanmyymala.fi\/wp-content\/uploads\/2022\/12\/Kodinhelmi-matto-valkopunainenraita_2.jpg?fit=960%2C960&ssl=1&resize=350%2C200","width":350,"height":200,"srcset":"https:\/\/i0.wp.com\/pohjanmaantehtaanmyymala.fi\/wp-content\/uploads\/2022\/12\/Kodinhelmi-matto-valkopunainenraita_2.jpg?fit=960%2C960&ssl=1&resize=350%2C200 1x, https:\/\/i0.wp.com\/pohjanmaantehtaanmyymala.fi\/wp-content\/uploads\/2022\/12\/Kodinhelmi-matto-valkopunainenraita_2.jpg?fit=960%2C960&ssl=1&resize=525%2C300 1.5x, https:\/\/i0.wp.com\/pohjanmaantehtaanmyymala.fi\/wp-content\/uploads\/2022\/12\/Kodinhelmi-matto-valkopunainenraita_2.jpg?fit=960%2C960&ssl=1&resize=700%2C400 2x"},"classes":[]},{"id":21887,"url":"https:\/\/pohjanmaantehtaanmyymala.fi\/en\/tuote\/narma-kursi-kakspuolinen-puuvillamatto-160x230-cm\/","url_meta":{"origin":21971,"position":4},"title":"Narma Kursi kakspuolinen puuvillamatto 160&#215;230 cm","author":"Sami Viitala","date":"December 7, 2022","format":false,"excerpt":"Kaksipuolinen chenille-matto kodin oleskelutiloihin.","rel":"","context":"Similar post","block_context":{"text":"Similar post","link":""},"img":{"alt_text":"Harmaa Narma Kursi kakspuoleinen matto kulma taitettuna","src":"https:\/\/i0.wp.com\/pohjanmaantehtaanmyymala.fi\/wp-content\/uploads\/2022\/12\/Kursi-matto-harmaa-taitettuna-detalj-960.jpg?fit=960%2C960&ssl=1&resize=350%2C200","width":350,"height":200,"srcset":"https:\/\/i0.wp.com\/pohjanmaantehtaanmyymala.fi\/wp-content\/uploads\/2022\/12\/Kursi-matto-harmaa-taitettuna-detalj-960.jpg?fit=960%2C960&ssl=1&resize=350%2C200 1x, https:\/\/i0.wp.com\/pohjanmaantehtaanmyymala.fi\/wp-content\/uploads\/2022\/12\/Kursi-matto-harmaa-taitettuna-detalj-960.jpg?fit=960%2C960&ssl=1&resize=525%2C300 1.5x, https:\/\/i0.wp.com\/pohjanmaantehtaanmyymala.fi\/wp-content\/uploads\/2022\/12\/Kursi-matto-harmaa-taitettuna-detalj-960.jpg?fit=960%2C960&ssl=1&resize=700%2C400 2x"},"classes":[]},{"id":21880,"url":"https:\/\/pohjanmaantehtaanmyymala.fi\/en\/tuote\/narma-vao-kakspuolinen-puuvillamatto-80x250-cm\/","url_meta":{"origin":21971,"position":5},"title":"Narma Vao kakspuolinen puuvillamatto 80&#215;250 cm","author":"Sami Viitala","date":"December 7, 2022","format":false,"excerpt":"Kaksipuolinen chenille puuvillamatto kodin oleskelutiloihin.","rel":"","context":"Similar post","block_context":{"text":"Similar post","link":""},"img":{"alt_text":"Narma matto harmaa taitettuna l\u00e4helt\u00e4 kuvattuna","src":"https:\/\/i0.wp.com\/pohjanmaantehtaanmyymala.fi\/wp-content\/uploads\/2022\/12\/Vao-matto-detaij-harmaa-960.jpg?fit=960%2C960&ssl=1&resize=350%2C200","width":350,"height":200,"srcset":"https:\/\/i0.wp.com\/pohjanmaantehtaanmyymala.fi\/wp-content\/uploads\/2022\/12\/Vao-matto-detaij-harmaa-960.jpg?fit=960%2C960&ssl=1&resize=350%2C200 1x, https:\/\/i0.wp.com\/pohjanmaantehtaanmyymala.fi\/wp-content\/uploads\/2022\/12\/Vao-matto-detaij-harmaa-960.jpg?fit=960%2C960&ssl=1&resize=525%2C300 1.5x, https:\/\/i0.wp.com\/pohjanmaantehtaanmyymala.fi\/wp-content\/uploads\/2022\/12\/Vao-matto-detaij-harmaa-960.jpg?fit=960%2C960&ssl=1&resize=700%2C400 2x"},"classes":[]}],"_links":{"self":[{"href":"https:\/\/pohjanmaantehtaanmyymala.fi\/en\/wp-json\/wp\/v2\/product\/21971","targetHints":{"allow":["GET"]}}],"collection":[{"href":"https:\/\/pohjanmaantehtaanmyymala.fi\/en\/wp-json\/wp\/v2\/product"}],"about":[{"href":"https:\/\/pohjanmaantehtaanmyymala.fi\/en\/wp-json\/wp\/v2\/types\/product"}],"replies":[{"embeddable":true,"href":"https:\/\/pohjanmaantehtaanmyymala.fi\/en\/wp-json\/wp\/v2\/comments?post=21971"}],"wp:featuredmedia":[{"embeddable":true,"href":"https:\/\/pohjanmaantehtaanmyymala.fi\/en\/wp-json\/wp\/v2\/media\/21987"}],"wp:attachment":[{"href":"https:\/\/pohjanmaantehtaanmyymala.fi\/en\/wp-json\/wp\/v2\/media?parent=21971"}],"wp:term":[{"taxonomy":"product_brand","embeddable":true,"href":"https:\/\/pohjanmaantehtaanmyymala.fi\/en\/wp-json\/wp\/v2\/product_brand?post=21971"},{"taxonomy":"product_cat","embeddable":true,"href":"https:\/\/pohjanmaantehtaanmyymala.fi\/en\/wp-json\/wp\/v2\/product_cat?post=21971"},{"taxonomy":"product_tag","embeddable":true,"href":"https:\/\/pohjanmaantehtaanmyymala.fi\/en\/wp-json\/wp\/v2\/product_tag?post=21971"}],"curies":[{"name":"wp","href":"https:\/\/api.w.org\/{rel}","templated":true}]}}