{"id":21723,"date":"2022-11-22T17:55:39","date_gmt":"2022-11-22T15:55:39","guid":{"rendered":"https:\/\/pohjanmaantehtaanmyymala.fi\/?post_type=product&#038;p=21723"},"modified":"2025-12-03T14:29:50","modified_gmt":"2025-12-03T12:29:50","slug":"kuura-ruokaryhma-4-tuolilla-musta","status":"publish","type":"product","link":"https:\/\/pohjanmaantehtaanmyymala.fi\/en\/tuote\/kuura-ruokaryhma-4-tuolilla-musta\/","title":{"rendered":"Kuura ruokaryhm\u00e4 4 tuolilla musta"},"content":{"rendered":"<p><strong>Muutama ryhm\u00e4 j\u00e4ljell\u00e4!<\/strong><\/p>\n<p>Siro Kuura- ruokailuryhm\u00e4 sis\u00e4lt\u00e4\u00e4 p\u00f6yd\u00e4n 120*75 cm ja 4 kpl tuolia. Kuura ruokailuryhm\u00e4 on valmistettu koivusta ja MDF-levyst\u00e4, joka on maalattu mustaksi. Tuolien istuin on pehmustettu ja verhoiltu harmaalla kankaalla.<\/p>\n<p>P\u00f6yd\u00e4n mitat:\u00a0 120&#215;75 cm, korkeus 74 cm<br \/>\nTuolin mitat: korkeus 95 cm, leveys 43 cm, syvyys 49 cm.<br \/>\nToimitetaan tuolit valmiiksi koottuna, p\u00f6yd\u00e4ss\u00e4 ovat jalat irti.<\/p>\n","protected":false},"excerpt":{"rendered":"<p>Muutama ryhm\u00e4 j\u00e4ljell\u00e4! Siro Kuura- ruokailuryhm\u00e4 sis\u00e4lt\u00e4\u00e4 p\u00f6yd\u00e4n 120*75 cm ja 4 kpl tuolia. Kuura ruokailuryhm\u00e4 on valmistettu koivusta ja MDF-levyst\u00e4, joka on maalattu mustaksi. Tuolien istuin on pehmustettu ja verhoiltu harmaalla kankaalla. P\u00f6yd\u00e4n mitat:\u00a0 120&#215;75 cm, korkeus 74 cm Tuolin mitat: korkeus 95 cm, leveys 43 cm, syvyys 49 cm. Toimitetaan tuolit valmiiksi koottuna, [&hellip;]<\/p>\n","protected":false},"featured_media":21716,"comment_status":"closed","ping_status":"closed","template":"","meta":{"_acf_changed":false,"jetpack_post_was_ever_published":false,"jetpack_publicize_message":"","jetpack_publicize_feature_enabled":true,"jetpack_social_post_already_shared":true,"jetpack_social_options":{"image_generator_settings":{"template":"highway","default_image_id":0,"font":"","enabled":false},"version":2}},"product_brand":[],"product_cat":[194],"product_tag":[],"class_list":{"0":"post-21723","1":"product","2":"type-product","3":"status-publish","4":"has-post-thumbnail","6":"product_cat-ruokapoydat-ja-tuolit","7":"product_shipping_class-161","9":"first","10":"instock","11":"sale","12":"purchasable","13":"product-type-simple"},"acf":[],"jetpack_publicize_connections":[],"jetpack_sharing_enabled":true,"jetpack-related-posts":[{"id":22034,"url":"https:\/\/pohjanmaantehtaanmyymala.fi\/en\/tuote\/kuura-ruokaryhma-2-tuolilla-musta\/","url_meta":{"origin":21723,"position":0},"title":"Huurre-Kuura ruokaryhm\u00e4 2-tuolilla musta","author":"Sami Viitala","date":"December 13, 2022","format":false,"excerpt":"Siro Kuura- ruokailuryhm\u00e4 sis\u00e4lt\u00e4\u00e4 k\u00e4tev\u00e4n pienen neli\u00f6p\u00f6yd\u00e4n 68*68 cm ja 2 kpl tuolia. Kuura ruokailuryhm\u00e4 on valmistettu koivusta ja MDF-levyst\u00e4, joka on maalattu mustaksi. Tuolien istuin on pehmustettu ja verhoiltu harmaalla kankaalla. P\u00f6yd\u00e4n mitat:\u00a0 68x68 cm, korkeus 74 cm Tuolin mitat: korkeus 95 cm, leveys 43 cm, syvyys 49 cm.\u2026","rel":"","context":"Similar post","block_context":{"text":"Similar post","link":""},"img":{"alt_text":"Kuura ruokaryhm\u00e4 2-tuolilla musta tuoleissa harmaat pehmusteet","src":"https:\/\/i0.wp.com\/pohjanmaantehtaanmyymala.fi\/wp-content\/uploads\/2022\/12\/Kuura-ruokaryhma-2-tuolilla-musta.jpg?fit=960%2C960&ssl=1&resize=350%2C200","width":350,"height":200,"srcset":"https:\/\/i0.wp.com\/pohjanmaantehtaanmyymala.fi\/wp-content\/uploads\/2022\/12\/Kuura-ruokaryhma-2-tuolilla-musta.jpg?fit=960%2C960&ssl=1&resize=350%2C200 1x, https:\/\/i0.wp.com\/pohjanmaantehtaanmyymala.fi\/wp-content\/uploads\/2022\/12\/Kuura-ruokaryhma-2-tuolilla-musta.jpg?fit=960%2C960&ssl=1&resize=525%2C300 1.5x, https:\/\/i0.wp.com\/pohjanmaantehtaanmyymala.fi\/wp-content\/uploads\/2022\/12\/Kuura-ruokaryhma-2-tuolilla-musta.jpg?fit=960%2C960&ssl=1&resize=700%2C400 2x"},"classes":[]},{"id":21643,"url":"https:\/\/pohjanmaantehtaanmyymala.fi\/en\/tuote\/kuura-ruokaryhma-6-tuolilla-musta\/","url_meta":{"origin":21723,"position":1},"title":"KUURA ruokaryhm\u00e4 6 tuolilla musta","author":"Sami Viitala","date":"November 22, 2022","format":false,"excerpt":"Siro ja edullinen p\u00f6yt\u00e4ryhm\u00e4 6-lle hengelle.","rel":"","context":"Similar post","block_context":{"text":"Similar post","link":""},"img":{"alt_text":"Kuura ruokaryhm\u00e4 6-tuolilla musta, harmaat verhoillut istuimet","src":"https:\/\/i0.wp.com\/pohjanmaantehtaanmyymala.fi\/wp-content\/uploads\/2022\/11\/Kuura-ruokaryhma-musta.jpg?fit=960%2C960&ssl=1&resize=350%2C200","width":350,"height":200,"srcset":"https:\/\/i0.wp.com\/pohjanmaantehtaanmyymala.fi\/wp-content\/uploads\/2022\/11\/Kuura-ruokaryhma-musta.jpg?fit=960%2C960&ssl=1&resize=350%2C200 1x, https:\/\/i0.wp.com\/pohjanmaantehtaanmyymala.fi\/wp-content\/uploads\/2022\/11\/Kuura-ruokaryhma-musta.jpg?fit=960%2C960&ssl=1&resize=525%2C300 1.5x, https:\/\/i0.wp.com\/pohjanmaantehtaanmyymala.fi\/wp-content\/uploads\/2022\/11\/Kuura-ruokaryhma-musta.jpg?fit=960%2C960&ssl=1&resize=700%2C400 2x"},"classes":[]},{"id":21694,"url":"https:\/\/pohjanmaantehtaanmyymala.fi\/en\/tuote\/emmi-ruokaryhma-4-tuolilla-valkoinen-tammi\/","url_meta":{"origin":21723,"position":2},"title":"Emmi ruokaryhm\u00e4 4 tuolilla valkoinen\/tammi","author":"Sami Viitala","date":"November 22, 2022","format":false,"excerpt":"Perinteinen Emmi- ruokailuryhm\u00e4 sis\u00e4lt\u00e4\u00e4 Rustiikki p\u00f6yd\u00e4n 140*80 cm ja 4 kpl Emmi tuolia. Emmi ruokailuryhm\u00e4 on valmistettu koivusta ja tammesta. P\u00f6yd\u00e4n jalkaosat ja tuolien rungot on maalattu valkoiseksi. Rustiikki p\u00f6yd\u00e4ss\u00e4 on tammikansi, joka on nimens\u00e4 mukaisesti rustiikkinen, eli hieman jo vanhan ja k\u00e4ytetyn n\u00e4k\u00f6inen uutena. Emmi-tuolien istuimissa on my\u00f6s rustiikkinen\u2026","rel":"","context":"Similar post","block_context":{"text":"Similar post","link":""},"img":{"alt_text":"Emmi ruokaryhm\u00e4 140x80 cm 4-tuolilla valkoinen\/rustiikkitammi","src":"https:\/\/i0.wp.com\/pohjanmaantehtaanmyymala.fi\/wp-content\/uploads\/2022\/11\/Emmi-ruokaryhma-4tuolilla-valkoinen-tammi.jpg?fit=960%2C960&ssl=1&resize=350%2C200","width":350,"height":200,"srcset":"https:\/\/i0.wp.com\/pohjanmaantehtaanmyymala.fi\/wp-content\/uploads\/2022\/11\/Emmi-ruokaryhma-4tuolilla-valkoinen-tammi.jpg?fit=960%2C960&ssl=1&resize=350%2C200 1x, https:\/\/i0.wp.com\/pohjanmaantehtaanmyymala.fi\/wp-content\/uploads\/2022\/11\/Emmi-ruokaryhma-4tuolilla-valkoinen-tammi.jpg?fit=960%2C960&ssl=1&resize=525%2C300 1.5x, https:\/\/i0.wp.com\/pohjanmaantehtaanmyymala.fi\/wp-content\/uploads\/2022\/11\/Emmi-ruokaryhma-4tuolilla-valkoinen-tammi.jpg?fit=960%2C960&ssl=1&resize=700%2C400 2x"},"classes":[]},{"id":21699,"url":"https:\/\/pohjanmaantehtaanmyymala.fi\/en\/tuote\/emmi-ruokaryhma-4-tuolilla-musta-tammi\/","url_meta":{"origin":21723,"position":3},"title":"Emmi ruokaryhm\u00e4 4 tuolilla musta\/tammi","author":"Sami Viitala","date":"November 22, 2022","format":false,"excerpt":"Perinteinen Emmi- ruokailuryhm\u00e4 sis\u00e4lt\u00e4\u00e4 Rustiikki p\u00f6yd\u00e4n 140*80 cm ja 4 kpl Emmi tuolia. Emmi ruokailuryhm\u00e4 on valmistettu koivusta ja tammesta. P\u00f6yd\u00e4n jalkaosat ja tuolien rungot on maalattu mustaksi. Rustiikki p\u00f6yd\u00e4ss\u00e4 on tammikansi, joka on nimens\u00e4 mukaisesti rustiikkinen, eli hieman jo vanhan ja k\u00e4ytetyn n\u00e4k\u00f6inen uutena. Emmi-tuolien istuimissa on my\u00f6s rustiikkinen\u2026","rel":"","context":"Similar post","block_context":{"text":"Similar post","link":""},"img":{"alt_text":"Emmi ruokaryhm\u00e4 140x80 cm 4-tuolilla musta\/rustiikkitammi","src":"https:\/\/i0.wp.com\/pohjanmaantehtaanmyymala.fi\/wp-content\/uploads\/2022\/11\/Emmi-ruokaryhma-4tuolilla-musta-tammi.jpg?fit=960%2C960&ssl=1&resize=350%2C200","width":350,"height":200,"srcset":"https:\/\/i0.wp.com\/pohjanmaantehtaanmyymala.fi\/wp-content\/uploads\/2022\/11\/Emmi-ruokaryhma-4tuolilla-musta-tammi.jpg?fit=960%2C960&ssl=1&resize=350%2C200 1x, https:\/\/i0.wp.com\/pohjanmaantehtaanmyymala.fi\/wp-content\/uploads\/2022\/11\/Emmi-ruokaryhma-4tuolilla-musta-tammi.jpg?fit=960%2C960&ssl=1&resize=525%2C300 1.5x, https:\/\/i0.wp.com\/pohjanmaantehtaanmyymala.fi\/wp-content\/uploads\/2022\/11\/Emmi-ruokaryhma-4tuolilla-musta-tammi.jpg?fit=960%2C960&ssl=1&resize=700%2C400 2x"},"classes":[]},{"id":21704,"url":"https:\/\/pohjanmaantehtaanmyymala.fi\/en\/tuote\/emilia-ruokaryhma-4-tuolilla-musta-tammi\/","url_meta":{"origin":21723,"position":4},"title":"Emilia ruokaryhm\u00e4 4 tuolilla musta\/tammi","author":"Sami Viitala","date":"November 22, 2022","format":false,"excerpt":"Perinteinen Emilia- ruokailuryhm\u00e4 sis\u00e4lt\u00e4\u00e4 Rustiikki p\u00f6yd\u00e4n 140*80 cm ja 4 kpl Emilia tuolia. Ruokailuryhm\u00e4 on valmistettu koivusta ja tammesta. P\u00f6yd\u00e4n jalkaosat ja tuolien rungot on maalattu mustaksi. Rustiikki p\u00f6yd\u00e4ss\u00e4 on tammikansi, joka on nimens\u00e4 mukaisesti rustiikkinen, eli hieman jo vanhan ja k\u00e4ytetyn n\u00e4k\u00f6inen uutena. Emilia-tuolien istuimissa on my\u00f6s rustiikkinen tammikansi.\u2026","rel":"","context":"Similar post","block_context":{"text":"Similar post","link":""},"img":{"alt_text":"4 kpl Emilia tuoleja ja Rustiikki ruokap\u00f6yt\u00e4 140x80 cm musta\/rustiikki tammi","src":"https:\/\/i0.wp.com\/pohjanmaantehtaanmyymala.fi\/wp-content\/uploads\/2022\/11\/Emiliai-ruokaryhma-4tuolilla-musta-tammi.jpg?fit=960%2C960&ssl=1&resize=350%2C200","width":350,"height":200,"srcset":"https:\/\/i0.wp.com\/pohjanmaantehtaanmyymala.fi\/wp-content\/uploads\/2022\/11\/Emiliai-ruokaryhma-4tuolilla-musta-tammi.jpg?fit=960%2C960&ssl=1&resize=350%2C200 1x, https:\/\/i0.wp.com\/pohjanmaantehtaanmyymala.fi\/wp-content\/uploads\/2022\/11\/Emiliai-ruokaryhma-4tuolilla-musta-tammi.jpg?fit=960%2C960&ssl=1&resize=525%2C300 1.5x, https:\/\/i0.wp.com\/pohjanmaantehtaanmyymala.fi\/wp-content\/uploads\/2022\/11\/Emiliai-ruokaryhma-4tuolilla-musta-tammi.jpg?fit=960%2C960&ssl=1&resize=700%2C400 2x"},"classes":[]},{"id":21709,"url":"https:\/\/pohjanmaantehtaanmyymala.fi\/en\/tuote\/emilia-ruokaryhma-4-tuolilla-valkoinen-tammi\/","url_meta":{"origin":21723,"position":5},"title":"Emilia ruokaryhm\u00e4 4 tuolilla valkoinen\/tammi","author":"Sami Viitala","date":"November 22, 2022","format":false,"excerpt":"Perinteinen Emilia- ruokailuryhm\u00e4 sis\u00e4lt\u00e4\u00e4 Rustiikki p\u00f6yd\u00e4n 140*80 cm ja 4 kpl Emilia tuolia. Ruokailuryhm\u00e4 on valmistettu koivusta ja tammesta. P\u00f6yd\u00e4n jalkaosat ja tuolien rungot on maalattu valkoiseksi. Rustiikki p\u00f6yd\u00e4ss\u00e4 on tammikansi, joka on nimens\u00e4 mukaisesti rustiikkinen, eli hieman jo vanhan ja k\u00e4ytetyn n\u00e4k\u00f6inen uutena. Emilia-tuolien istuimissa on my\u00f6s rustiikkinen tammikansi.\u2026","rel":"","context":"Similar post","block_context":{"text":"Similar post","link":""},"img":{"alt_text":"4 kpl Emilia tuoleja ja Rustiikki ruokap\u00f6yt\u00e4 140x80 cm valkoinen\/rustiikki tammi","src":"https:\/\/i0.wp.com\/pohjanmaantehtaanmyymala.fi\/wp-content\/uploads\/2022\/11\/Emiliai-ruokaryhma-4tuolilla-valkoinen-tammi.jpg?fit=960%2C960&ssl=1&resize=350%2C200","width":350,"height":200,"srcset":"https:\/\/i0.wp.com\/pohjanmaantehtaanmyymala.fi\/wp-content\/uploads\/2022\/11\/Emiliai-ruokaryhma-4tuolilla-valkoinen-tammi.jpg?fit=960%2C960&ssl=1&resize=350%2C200 1x, https:\/\/i0.wp.com\/pohjanmaantehtaanmyymala.fi\/wp-content\/uploads\/2022\/11\/Emiliai-ruokaryhma-4tuolilla-valkoinen-tammi.jpg?fit=960%2C960&ssl=1&resize=525%2C300 1.5x, https:\/\/i0.wp.com\/pohjanmaantehtaanmyymala.fi\/wp-content\/uploads\/2022\/11\/Emiliai-ruokaryhma-4tuolilla-valkoinen-tammi.jpg?fit=960%2C960&ssl=1&resize=700%2C400 2x"},"classes":[]}],"_links":{"self":[{"href":"https:\/\/pohjanmaantehtaanmyymala.fi\/en\/wp-json\/wp\/v2\/product\/21723","targetHints":{"allow":["GET"]}}],"collection":[{"href":"https:\/\/pohjanmaantehtaanmyymala.fi\/en\/wp-json\/wp\/v2\/product"}],"about":[{"href":"https:\/\/pohjanmaantehtaanmyymala.fi\/en\/wp-json\/wp\/v2\/types\/product"}],"replies":[{"embeddable":true,"href":"https:\/\/pohjanmaantehtaanmyymala.fi\/en\/wp-json\/wp\/v2\/comments?post=21723"}],"wp:featuredmedia":[{"embeddable":true,"href":"https:\/\/pohjanmaantehtaanmyymala.fi\/en\/wp-json\/wp\/v2\/media\/21716"}],"wp:attachment":[{"href":"https:\/\/pohjanmaantehtaanmyymala.fi\/en\/wp-json\/wp\/v2\/media?parent=21723"}],"wp:term":[{"taxonomy":"product_brand","embeddable":true,"href":"https:\/\/pohjanmaantehtaanmyymala.fi\/en\/wp-json\/wp\/v2\/product_brand?post=21723"},{"taxonomy":"product_cat","embeddable":true,"href":"https:\/\/pohjanmaantehtaanmyymala.fi\/en\/wp-json\/wp\/v2\/product_cat?post=21723"},{"taxonomy":"product_tag","embeddable":true,"href":"https:\/\/pohjanmaantehtaanmyymala.fi\/en\/wp-json\/wp\/v2\/product_tag?post=21723"}],"curies":[{"name":"wp","href":"https:\/\/api.w.org\/{rel}","templated":true}]}}